{"id":2974,"date":"2025-04-07T21:56:34","date_gmt":"2025-04-07T13:56:34","guid":{"rendered":"https:\/\/led.amasly.com\/?page_id=2974"},"modified":"2026-01-18T14:27:47","modified_gmt":"2026-01-18T06:27:47","slug":"flood-lights-price-list","status":"publish","type":"page","link":"https:\/\/led.amasly.com\/it\/light-price\/flood-lights-price-list\/","title":{"rendered":"Listino prezzi delle luci di inondazione"},"content":{"rendered":"<div class=\"wp-block-uagb-container uagb-block-27bae773 alignfull uagb-is-root-container\"><div class=\"uagb-container-inner-blocks-wrap\"><\/div><\/div>\n\n\n\n<h1 class=\"wp-block-heading has-text-align-center\"><strong>Amasly <\/strong><strong>Alluvione<\/strong><strong>&nbsp;L<\/strong><strong>luci<\/strong><strong>&nbsp;Listino prezzi<\/strong><strong><\/strong><\/h1>\n\n\n\n<p><strong>Alluvione<\/strong><strong>&nbsp;<\/strong><strong>luci note anche come faretti LED, luci per proiettori LED<\/strong><strong><\/strong><\/p>\n\n\n\n<h2 class=\"wp-block-heading\"><strong>I motivi della differenza tra le luci di inondazione a LED <strong>prezzo<\/strong>:<\/strong><\/h2>\n\n\n\n<p>1. Marca e produttore: Le diverse marche di luci di inondazione a LED presentano differenze in termini di qualit\u00e0, tecnologia, materiali e altri aspetti, per cui il prezzo sar\u00e0 diverso. I marchi pi\u00f9 noti hanno solitamente una reputazione e una quota di mercato maggiori e il prezzo del prodotto \u00e8 relativamente alto.<\/p>\n\n\n\n<p>2. Modello e potenza: Le luci di inondazione a LED sono caratterizzate da diversi modelli e potenze, applicabili a diverse scene ed esigenze, con conseguenti differenze di prezzo. Ad esempio, alcune luci di inondazione ad alta potenza sono adatte per illuminare luoghi di grandi dimensioni e il loro prezzo \u00e8 relativamente alto.<\/p>\n\n\n\n<p>3. Prestazioni e tecnologia: Anche le prestazioni tecniche delle luci di inondazione a LED sono un fattore importante che influisce sul prezzo. Ad esempio, la luminosit\u00e0 della sorgente luminosa, la riproduzione dei colori, la durata di vita, le prestazioni di dissipazione del calore, ecc. Le prestazioni di alto livello sono solitamente accompagnate da un prezzo pi\u00f9 elevato.<\/p>\n\n\n\n<h2 class=\"wp-block-heading\"><strong>Altri fattori che influenzano il prezzo dei LED flood<\/strong><strong>&nbsp;<\/strong><strong>luci:<\/strong><strong><\/strong><\/h2>\n\n\n\n<p>1. Domanda e offerta di mercato: la domanda e l'offerta di luci LED influenzano anche il prezzo. Se la domanda \u00e8 superiore all'offerta, il prezzo pu\u00f2 aumentare; al contrario, pu\u00f2 diminuire.<\/p>\n\n\n\n<p>2. Quantit\u00e0 e canale di acquisto: Anche la quantit\u00e0 e il canale di acquisto delle luci di inondazione a LED avranno un impatto sul prezzo finale. In generale, l'acquisto di grandi quantit\u00e0 pu\u00f2 godere di alcuni sconti, mentre i diversi canali di vendita possono avere strategie di prezzo differenti.<\/p>\n\n\n\n<p>In breve, il prezzo delle luci di inondazione a LED varia in base a una serie di fattori. Se si ha la necessit\u00e0 di acquistare, si consiglia di scegliere la luce di inondazione a LED giusta in base alle proprie esigenze reali, al budget e alla situazione del mercato. Allo stesso tempo, oltre al fattore prezzo, al momento dell'acquisto \u00e8 necessario considerare anche la qualit\u00e0 del prodotto, le prestazioni, il servizio post-vendita e altri fattori.<\/p>\n\n\n\n<h2 class=\"wp-block-heading\"><strong>I luoghi di applicazione dell'alluvione<\/strong><strong>&nbsp;<\/strong><strong>Le luci includono principalmente:<\/strong><strong><\/strong><\/h2>\n\n\n\n<p>1. illuminazione dell'aspetto dell'edificio: le luci di inondazione possono mettere in risalto l'aspetto dell'edificio, enfatizzarne le diverse parti e renderlo pi\u00f9 accattivante.<\/p>\n\n\n\n<p>2. Illuminazione del paesaggio: le luci di inondazione sono adatte per l'illuminazione del paesaggio di piazze, parchi, parchi di divertimento, zoo, giardini, piscine, fontane e sale espositive.<\/p>\n\n\n\n<p>3. Illuminazione interna degli edifici: le luci flood non sono utilizzate solo per l'illuminazione esterna, ma sono adatte anche per l'illuminazione interna. Ad esempio, nelle sale espositive, nei musei e nei centri d'arte.<\/p>\n\n\n\n<p>4. Illuminazione del palcoscenico: le luci di profondit\u00e0 svolgono un ruolo importante sul palcoscenico.<\/p>\n\n\n\n<p>5. illuminazione dei palazzetti dello sport: le luci di inondazione svolgono un ruolo fondamentale nei palazzetti dello sport, come gli stadi di calcio, i campi da basket, i campi da tennis e gli stadi di atletica leggera.<\/p>\n\n\n\n<p>Il prezzo delle luci di inondazione a LED varia in base a fattori quali la marca, il modello, la potenza e le prestazioni. In generale, il prezzo varia da decine di dollari a centinaia di dollari. Il prezzo specifico deve essere determinato anche in base al numero di acquisti, ai canali di approvvigionamento, alla domanda e all'offerta del mercato e ad altri fattori.<\/p>\n\n\n\n<h2 class=\"wp-block-heading\"><strong>Amasly<\/strong><strong>&nbsp;<\/strong><strong>Introduzione<\/strong><strong><\/strong><\/h2>\n\n\n\n<p>Amasly \u00e8 un'azienda di illuminazione professionale, i cui prodotti si concentrano sull'illuminazione industriale e sull'illuminazione esterna. I prodotti principali sono le luci a prova di esplosione, l'apparecchio elettrico a prova di esplosione, le luci ad alta baia a led, le luci di inondazione a led, le luci stradali a led, le luci a prova di tre e le luci a led solari.<\/p>\n\n\n\n<p>I nostri prodotti sono stati esportati in 68 paesi in tutto il mondo, come l'Europa e gli Stati Uniti, e hanno ottenuto il riconoscimento dei principali fornitori di prodotti per l'illuminazione del mondo con i loro prodotti di alta qualit\u00e0.<\/p>\n\n\n\n<p>Amasly offre un'ampia gamma di diversi tipi di luci di inondazione, luci da stadio e a prezzi molto competitivi.<\/p>\n\n\n\n<h2 class=\"wp-block-heading\"><strong>Listino prezzi delle luci di inondazione Amasly LED<\/strong><strong><\/strong><\/h2>\n\n\n\n<div class=\"wp-block-uagb-image uagb-block-782176ad wp-block-uagb-image--layout-default wp-block-uagb-image--effect-static wp-block-uagb-image--align-none\"><figure class=\"wp-block-uagb-image__figure\"><img decoding=\"async\" srcset=\"https:\/\/led.amasly.com\/wp-content\/uploads\/2025\/04\/LED-Flood-Light.png ,https:\/\/led.amasly.com\/wp-content\/uploads\/2025\/04\/LED-Flood-Light.png 780w, https:\/\/led.amasly.com\/wp-content\/uploads\/2025\/04\/LED-Flood-Light.png 360w\" sizes=\"auto, (max-width: 480px) 150px\" src=\"https:\/\/led.amasly.com\/wp-content\/uploads\/2025\/04\/LED-Flood-Light.png\" alt=\"flood\u00a0lights price\" class=\"uag-image-2975\" width=\"850\" height=\"732\" title=\"Luce di inondazione a LED\" loading=\"lazy\" role=\"img\"\/><\/figure><\/div>\n\n\n\n<figure class=\"wp-block-table\"><table class=\"has-fixed-layout\"><tbody><tr><td>TG03-50<\/td><td>50W<\/td><td>$6.09<\/td><\/tr><tr><td>TG03-100<\/td><td>100W<\/td><td>$9.80<\/td><\/tr><tr><td>TG03-150<\/td><td>150w<\/td><td>$14.11<\/td><\/tr><tr><td>TG03-200<\/td><td>200W<\/td><td>$15.41<\/td><\/tr><tr><td>TG03-300<\/td><td>300W<\/td><td>$23.60<\/td><\/tr><\/tbody><\/table><\/figure>\n\n\n\n<div class=\"wp-block-uagb-image uagb-block-f2e6a796 wp-block-uagb-image--layout-default wp-block-uagb-image--effect-static wp-block-uagb-image--align-none\"><figure class=\"wp-block-uagb-image__figure\"><img decoding=\"async\" srcset=\"https:\/\/led.amasly.com\/wp-content\/uploads\/2025\/04\/Stadium-Light-1024x697.png ,https:\/\/led.amasly.com\/wp-content\/uploads\/2025\/04\/Stadium-Light.png 780w, https:\/\/led.amasly.com\/wp-content\/uploads\/2025\/04\/Stadium-Light.png 360w\" sizes=\"auto, (max-width: 480px) 150px\" src=\"https:\/\/led.amasly.com\/wp-content\/uploads\/2025\/04\/Stadium-Light-1024x697.png\" alt=\"\" class=\"uag-image-2976\" width=\"2329\" height=\"1586\" title=\"Luce dello stadio\" loading=\"lazy\" role=\"img\"><\/figure><\/div>\n\n\n\n<figure class=\"wp-block-table\"><table class=\"has-fixed-layout\"><tbody><tr><td>TG01-300<\/td><td>300<\/td><td>$39.00<\/td><\/tr><tr><td>TG01-400<\/td><td>400<\/td><td>$51.07<\/td><\/tr><tr><td>TG01-500<\/td><td>500<\/td><td>$66.49<\/td><\/tr><\/tbody><\/table><\/figure>\n\n\n\n<p class=\"has-text-align-center has-medium-font-size\"><strong>Contattare Amasly per ulteriori informazioni sui prodotti, sui prezzi e sulla scheda tecnica.                                                                                                             Email: sales01@amasly.com, Whatsapp\/wechat:0086-13732643699<\/strong><\/p>\n\n\n\n<h2 class=\"wp-block-heading\"><strong>Amasly Light FAQ<\/strong><\/h2>\n\n\n\n<p><strong>Q1.Can ho un ordine del campione per la luce principale?<\/strong><strong><\/strong><\/p>\n\n\n\n<p>R: S\u00ec, accogliamo con favore l'ordine di campioni per testare e controllare la qualit\u00e0. I campioni misti sono accettabili.<\/p>\n\n\n\n<p><strong>Q2.E i tempi di consegna?<\/strong><strong><\/strong><\/p>\n\n\n\n<p>R: Il campione ha bisogno di 3-5 giorni, la produzione di massa di 1-2 settimane.<\/p>\n\n\n\n<p><strong>Q3.Do you have any MOQ limit for led light order?<\/strong><strong><\/strong><\/p>\n\n\n\n<p>A: Il basso MOQ 1pc per il controllo del campione \u00e8 disponibile.<\/p>\n\n\n\n<p><strong>Q4. Come spedite la merce e quanto tempo ci vuole per arrivare?<\/strong><strong><\/strong><\/p>\n\n\n\n<p>R: Di solito spediamo tramite <a href=\"https:\/\/www.dhl.com\" rel=\"nofollow noopener\" target=\"_blank\">DHL<\/a>, UPS, FedEx o TNT. Il tempo di arrivo \u00e8 solitamente di 3-5 giorni. Linea aerea e spedizione via mare anche opzionale.<\/p>\n\n\n\n<p><strong>Q5. Come procedere per un ordine di luce a led?<\/strong><strong><\/strong><\/p>\n\n\n\n<p>A:<\/p>\n\n\n\n<p>Innanzitutto fateci conoscere le vostre esigenze o la vostra applicazione.<\/p>\n\n\n\n<p>In secondo luogo, facciamo preventivi in base alle vostre esigenze o ai nostri suggerimenti.<\/p>\n\n\n\n<p>In terzo luogo, il cliente conferma i campioni e versa un deposito per l'ordine formale.<\/p>\n\n\n\n<p>In quarto luogo, organizziamo la produzione.<\/p>\n\n\n\n<p><strong>Q6.\u00c8 possibile stampare il mio <\/strong><strong>LOGO<\/strong><strong>&nbsp;sul prodotto luce a led?<\/strong><strong><\/strong><\/p>\n\n\n\n<p>A: S\u00ec. Si prega di informarci formalmente prima della nostra produzione e di confermare il design in primo luogo sulla base del nostro campione.<\/p>\n\n\n\n<p><strong>Q7: Offrite una garanzia per i prodotti?<\/strong><strong><\/strong><\/p>\n\n\n\n<p>R: S\u00ec, offriamo una garanzia di 2-5 anni sui nostri prodotti.<\/p>\n\n\n\n<p><strong>D8: Come comportarsi con il difettoso?<\/strong><strong><\/strong><\/p>\n\n\n\n<p>A:<\/p>\n\n\n\n<p>In primo luogo, i nostri prodotti sono producono il sistema di controllo di qualit\u00e0 del dinstrict ed il tasso difettoso sar\u00e0 di meno che 0.2%<\/p>\n\n\n\n<p>In secondo luogo, durante il periodo di garanzia, forniremo parti di ricambio per sostituire il pezzo difettoso. Per gli ordini di grandi quantit\u00e0, forniremo in anticipo le parti vulnerabili, oppure potremo discutere soluzioni, tra cui il richiamo, in base alla situazione reale.<\/p>\n\n\n\n<p><strong>D9: Possiamo produrre lampade antideflagranti a bassa tensione con tensioni CA\/CC di 12V, 24V, 36V o 48V? <\/strong><\/p>\n\n\n\n<p>Amasly pu\u00f2 essere utilizzato come luce antideflagrante sia a bassa che ad alta tensione - AC\/DC 12V, 24V, 36V, 48V, AC 85-265V, AC 380V. <\/p>\n\n\n\n<p><strong>Q10: \u00c8 possibile aggiungere batterie di emergenza alle Explosion Poof Lights? <\/strong><\/p>\n\n\n\n<p>La lampada antideflagrante Amasly pu\u00f2 essere dotata di batterie di emergenza al litio. La durata dell'emergenza \u00e8 di 90 minuti, 120 minuti o 180 minuti. <\/p>\n\n\n\n<p><strong>Q11: La lampada antideflagrante Amasly pu\u00f2 essere personalizzata come prodotto OEM? <\/strong><\/p>\n\n\n\n<p>Le lampade antideflagranti Amasly possono essere personalizzate in base alle esigenze del cliente sia per le lampade che per i cartoni di imballaggio.<\/p>\n\n\n\n<div class=\"wp-block-uagb-container uagb-block-c7d898dd alignfull uagb-is-root-container\"><div class=\"uagb-container-inner-blocks-wrap\"><\/div><\/div>\n\n\n\n<h2 class=\"wp-block-heading\">Prodotti correlati<\/h2>\n\n\n\n<div class=\"wp-block-uagb-container uagb-block-66e4defc alignfull uagb-is-root-container\"><div class=\"uagb-container-inner-blocks-wrap\">\n<div class=\"wp-block-uagb-container uagb-block-a42945f9\">\n<div class=\"wp-block-uagb-image uagb-block-7296296b wp-block-uagb-image--layout-default wp-block-uagb-image--effect-static wp-block-uagb-image--align-none\"><figure class=\"wp-block-uagb-image__figure\"><a class=\"\" href=\"https:\/\/led.amasly.com\/it\/products\/\" target=\"\" rel=\"noopener\"><img decoding=\"async\" srcset=\"https:\/\/led.amasly.com\/wp-content\/uploads\/2024\/09\/Explosion-proof-high-bay-lights.png ,https:\/\/led.amasly.com\/wp-content\/uploads\/2024\/09\/Explosion-proof-high-bay-lights.png 780w, https:\/\/led.amasly.com\/wp-content\/uploads\/2024\/09\/Explosion-proof-high-bay-lights.png 360w\" sizes=\"auto, (max-width: 480px) 150px\" src=\"https:\/\/led.amasly.com\/wp-content\/uploads\/2024\/09\/Explosion-proof-high-bay-lights.png\" alt=\"\" class=\"uag-image-1495\" width=\"300\" height=\"300\" title=\"Luci a baia antideflagranti\" loading=\"lazy\" role=\"img\"><\/a><\/figure><\/div>\n<\/div>\n\n\n\n<div class=\"wp-block-uagb-container uagb-block-4d3efde5\">\n<div class=\"wp-block-uagb-image uagb-block-c9e90797 wp-block-uagb-image--layout-default wp-block-uagb-image--effect-static wp-block-uagb-image--align-none\"><figure class=\"wp-block-uagb-image__figure\"><a class=\"\" href=\"https:\/\/led.amasly.com\/it\/products\/\" target=\"\" rel=\"noopener\"><img decoding=\"async\" srcset=\"https:\/\/led.amasly.com\/wp-content\/uploads\/2024\/07\/LED-tri-proof-lights2.png ,https:\/\/led.amasly.com\/wp-content\/uploads\/2024\/07\/LED-tri-proof-lights2.png 780w, https:\/\/led.amasly.com\/wp-content\/uploads\/2024\/07\/LED-tri-proof-lights2.png 360w\" sizes=\"auto, (max-width: 480px) 150px\" src=\"https:\/\/led.amasly.com\/wp-content\/uploads\/2024\/07\/LED-tri-proof-lights2.png\" alt=\"\" class=\"uag-image-1132\" width=\"300\" height=\"300\" title=\"Luci a prova di LED2\" loading=\"lazy\" role=\"img\"><\/a><\/figure><\/div>\n<\/div>\n\n\n\n<div class=\"wp-block-uagb-container uagb-block-11c2578b\">\n<div class=\"wp-block-uagb-image uagb-block-6e8883aa wp-block-uagb-image--layout-default wp-block-uagb-image--effect-static wp-block-uagb-image--align-none\"><figure class=\"wp-block-uagb-image__figure\"><a class=\"\" href=\"https:\/\/led.amasly.com\/it\/products\/\" target=\"\" rel=\"noopener\"><img decoding=\"async\" srcset=\"https:\/\/led.amasly.com\/wp-content\/uploads\/2024\/09\/LED-Explosion-Proof-Gas-Station-Light.png ,https:\/\/led.amasly.com\/wp-content\/uploads\/2024\/09\/LED-Explosion-Proof-Gas-Station-Light.png 780w, https:\/\/led.amasly.com\/wp-content\/uploads\/2024\/09\/LED-Explosion-Proof-Gas-Station-Light.png 360w\" sizes=\"auto, (max-width: 480px) 150px\" src=\"https:\/\/led.amasly.com\/wp-content\/uploads\/2024\/09\/LED-Explosion-Proof-Gas-Station-Light.png\" alt=\"\" class=\"uag-image-1501\" width=\"300\" height=\"300\" title=\"Luce della stazione di servizio a prova di esplosione a LED\" loading=\"lazy\" role=\"img\"><\/a><\/figure><\/div>\n<\/div>\n<\/div><\/div>\n\n\n\n<div class=\"wp-block-uagb-container uagb-block-548945b5 alignfull uagb-is-root-container\"><div class=\"uagb-container-inner-blocks-wrap\">\n<div class=\"wp-block-uagb-container uagb-block-967755d5\">\n<h4 class=\"wp-block-heading has-text-align-center\"><a href=\"https:\/\/led.amasly.com\/it\/products\/\">Luci LED a prova di esplosione<\/a><\/h4>\n<\/div>\n\n\n\n<div class=\"wp-block-uagb-container uagb-block-9bc52fc2\">\n<h4 class=\"wp-block-heading has-text-align-center\"><a href=\"https:\/\/led.amasly.com\/it\/products\/\">Luci a LED a prova di tris<\/a><\/h4>\n<\/div>\n\n\n\n<div class=\"wp-block-uagb-container uagb-block-8ffa0a23\">\n<h4 class=\"wp-block-heading has-text-align-center\"><a href=\"https:\/\/led.amasly.com\/it\/products\/\">Luci per stazioni di servizio a prova di esplosione<\/a><\/h4>\n<\/div>\n<\/div><\/div>\n\n\n\n<div class=\"wp-block-uagb-container uagb-block-29499fe0 alignfull uagb-is-root-container\"><div class=\"uagb-container-inner-blocks-wrap\">\n<div class=\"wp-block-uagb-container uagb-block-777ee1c7\">\n<div class=\"wp-block-uagb-image uagb-block-2e9a1851 wp-block-uagb-image--layout-default wp-block-uagb-image--effect-static wp-block-uagb-image--align-none\"><figure class=\"wp-block-uagb-image__figure\"><a class=\"\" href=\"https:\/\/led.amasly.com\/it\/products\/\" target=\"\" rel=\"noopener\"><img decoding=\"async\" srcset=\"https:\/\/led.amasly.com\/wp-content\/uploads\/2024\/10\/50W-100W-150W-200W-300W-LED-Flood-Light.jpg ,https:\/\/led.amasly.com\/wp-content\/uploads\/2024\/10\/50W-100W-150W-200W-300W-LED-Flood-Light.jpg 780w, https:\/\/led.amasly.com\/wp-content\/uploads\/2024\/10\/50W-100W-150W-200W-300W-LED-Flood-Light.jpg 360w\" sizes=\"auto, (max-width: 480px) 150px\" src=\"https:\/\/led.amasly.com\/wp-content\/uploads\/2024\/10\/50W-100W-150W-200W-300W-LED-Flood-Light.jpg\" alt=\"\" class=\"uag-image-1526\" width=\"300\" height=\"300\" title=\"50W 100W 150W 200W 300W Luce di inondazione LED\" loading=\"lazy\" role=\"img\"><\/a><\/figure><\/div>\n<\/div>\n\n\n\n<div class=\"wp-block-uagb-container uagb-block-af8c8683\">\n<div class=\"wp-block-uagb-image uagb-block-67947854 wp-block-uagb-image--layout-default wp-block-uagb-image--effect-static wp-block-uagb-image--align-none\"><figure class=\"wp-block-uagb-image__figure\"><a class=\"\" href=\"https:\/\/led.amasly.com\/it\/products\/\" target=\"\" rel=\"noopener\"><img decoding=\"async\" srcset=\"https:\/\/led.amasly.com\/wp-content\/uploads\/2024\/07\/led-tri-proof-light.png ,https:\/\/led.amasly.com\/wp-content\/uploads\/2024\/07\/led-tri-proof-light.png 780w, https:\/\/led.amasly.com\/wp-content\/uploads\/2024\/07\/led-tri-proof-light.png 360w\" sizes=\"auto, (max-width: 480px) 150px\" src=\"https:\/\/led.amasly.com\/wp-content\/uploads\/2024\/07\/led-tri-proof-light.png\" alt=\"\" class=\"uag-image-1130\" width=\"300\" height=\"300\" title=\"luce a led tri-proof\" loading=\"lazy\" role=\"img\"><\/a><\/figure><\/div>\n<\/div>\n\n\n\n<div class=\"wp-block-uagb-container uagb-block-0fdfdd58\">\n<div class=\"wp-block-uagb-image uagb-block-1187d32d wp-block-uagb-image--layout-default wp-block-uagb-image--effect-static wp-block-uagb-image--align-none\"><figure class=\"wp-block-uagb-image__figure\"><a class=\"\" href=\"https:\/\/led.amasly.com\/it\/products\/\" target=\"\" rel=\"noopener\"><img decoding=\"async\" srcset=\"https:\/\/led.amasly.com\/wp-content\/uploads\/2024\/07\/LED-street-light.jpg ,https:\/\/led.amasly.com\/wp-content\/uploads\/2024\/07\/LED-street-light.jpg 780w, https:\/\/led.amasly.com\/wp-content\/uploads\/2024\/07\/LED-street-light.jpg 360w\" sizes=\"auto, (max-width: 480px) 150px\" src=\"https:\/\/led.amasly.com\/wp-content\/uploads\/2024\/07\/LED-street-light.jpg\" alt=\"\" class=\"uag-image-1145\" width=\"300\" height=\"300\" title=\"Illuminazione stradale a LED\" loading=\"lazy\" role=\"img\"><\/a><\/figure><\/div>\n<\/div>\n<\/div><\/div>\n\n\n\n<div class=\"wp-block-uagb-container uagb-block-6a60882c alignfull uagb-is-root-container\"><div class=\"uagb-container-inner-blocks-wrap\">\n<div class=\"wp-block-uagb-container uagb-block-f1e91a35\">\n<h4 class=\"wp-block-heading has-text-align-center\"><a href=\"https:\/\/led.amasly.com\/it\/products\/\">Luci LED Flood<\/a><\/h4>\n<\/div>\n\n\n\n<div class=\"wp-block-uagb-container uagb-block-165bfa58\">\n<h4 class=\"wp-block-heading has-text-align-center\"><a href=\"https:\/\/led.amasly.com\/it\/products\/\">Luci tubolari triprofessionali a LED<\/a><\/h4>\n<\/div>\n\n\n\n<div class=\"wp-block-uagb-container uagb-block-f6096e3b\">\n<h4 class=\"wp-block-heading has-text-align-center\"><a href=\"https:\/\/led.amasly.com\/it\/products\/\">Luci stradali a LED<\/a><\/h4>\n<\/div>\n<\/div><\/div>\n\n\n\n<div class=\"wp-block-uagb-container uagb-block-99c0e0a5 alignfull uagb-is-root-container\"><div class=\"uagb-container-inner-blocks-wrap\"><\/div><\/div>\n\n\n\n<p><\/p>","protected":false},"excerpt":{"rendered":"<p>Amasly Flood&nbsp;Lights&nbsp;Price List Flood&nbsp;lights also known as LED spotlights, LED projector lights Reasons for the difference of LED flood\u00a0lights price: 1. Brand and manufacturer: Different brands of LED flood lights&nbsp;have differences in quality, technology, materials and other aspects, so the price will be different. Well-known brands usually have a higher reputation and market share, and [&hellip;]<\/p>\n","protected":false},"author":1,"featured_media":0,"parent":2869,"menu_order":0,"comment_status":"closed","ping_status":"closed","template":"","meta":{"_uag_custom_page_level_css":"","site-sidebar-layout":"no-sidebar","site-content-layout":"","ast-site-content-layout":"default","site-content-style":"default","site-sidebar-style":"default","ast-global-header-display":"","ast-banner-title-visibility":"","ast-main-header-display":"","ast-hfb-above-header-display":"","ast-hfb-below-header-display":"","ast-hfb-mobile-header-display":"","site-post-title":"disabled","ast-breadcrumbs-content":"","ast-featured-img":"","footer-sml-layout":"","ast-disable-related-posts":"","theme-transparent-header-meta":"enabled","adv-header-id-meta":"","stick-header-meta":"","header-above-stick-meta":"","header-main-stick-meta":"","header-below-stick-meta":"","astra-migrate-meta-layouts":"set","ast-page-background-enabled":"default","ast-page-background-meta":{"desktop":{"background-color":"var(--ast-global-color-4)","background-image":"","background-repeat":"repeat","background-position":"center center","background-size":"auto","background-attachment":"scroll","background-type":"","background-media":"","overlay-type":"","overlay-color":"","overlay-opacity":"","overlay-gradient":""},"tablet":{"background-color":"","background-image":"","background-repeat":"repeat","background-position":"center center","background-size":"auto","background-attachment":"scroll","background-type":"","background-media":"","overlay-type":"","overlay-color":"","overlay-opacity":"","overlay-gradient":""},"mobile":{"background-color":"","background-image":"","background-repeat":"repeat","background-position":"center center","background-size":"auto","background-attachment":"scroll","background-type":"","background-media":"","overlay-type":"","overlay-color":"","overlay-opacity":"","overlay-gradient":""}},"ast-content-background-meta":{"desktop":{"background-color":"var(--ast-global-color-5)","background-image":"","background-repeat":"repeat","background-position":"center center","background-size":"auto","background-attachment":"scroll","background-type":"","background-media":"","overlay-type":"","overlay-color":"","overlay-opacity":"","overlay-gradient":""},"tablet":{"background-color":"var(--ast-global-color-5)","background-image":"","background-repeat":"repeat","background-position":"center center","background-size":"auto","background-attachment":"scroll","background-type":"","background-media":"","overlay-type":"","overlay-color":"","overlay-opacity":"","overlay-gradient":""},"mobile":{"background-color":"var(--ast-global-color-5)","background-image":"","background-repeat":"repeat","background-position":"center center","background-size":"auto","background-attachment":"scroll","background-type":"","background-media":"","overlay-type":"","overlay-color":"","overlay-opacity":"","overlay-gradient":""}},"footnotes":""},"class_list":["post-2974","page","type-page","status-publish","hentry"],"uagb_featured_image_src":{"full":false,"thumbnail":false,"medium":false,"medium_large":false,"large":false,"1536x1536":false,"2048x2048":false,"trp-custom-language-flag":false},"uagb_author_info":{"display_name":"Joe","author_link":"https:\/\/led.amasly.com\/it\/author\/jacklin\/"},"uagb_comment_info":0,"uagb_excerpt":"Amasly Flood&nbsp;Lights&nbsp;Price List Flood&nbsp;lights also known as LED spotlights, LED projector lights Reasons for the difference of LED flood\u00a0lights price: 1. Brand and manufacturer: Different brands of LED flood lights&nbsp;have differences in quality, technology, materials and other aspects, so the price will be different. Well-known brands usually have a higher reputation and market share, and&hellip;","_links":{"self":[{"href":"https:\/\/led.amasly.com\/it\/wp-json\/wp\/v2\/pages\/2974","targetHints":{"allow":["GET"]}}],"collection":[{"href":"https:\/\/led.amasly.com\/it\/wp-json\/wp\/v2\/pages"}],"about":[{"href":"https:\/\/led.amasly.com\/it\/wp-json\/wp\/v2\/types\/page"}],"author":[{"embeddable":true,"href":"https:\/\/led.amasly.com\/it\/wp-json\/wp\/v2\/users\/1"}],"replies":[{"embeddable":true,"href":"https:\/\/led.amasly.com\/it\/wp-json\/wp\/v2\/comments?post=2974"}],"version-history":[{"count":2,"href":"https:\/\/led.amasly.com\/it\/wp-json\/wp\/v2\/pages\/2974\/revisions"}],"predecessor-version":[{"id":4495,"href":"https:\/\/led.amasly.com\/it\/wp-json\/wp\/v2\/pages\/2974\/revisions\/4495"}],"up":[{"embeddable":true,"href":"https:\/\/led.amasly.com\/it\/wp-json\/wp\/v2\/pages\/2869"}],"wp:attachment":[{"href":"https:\/\/led.amasly.com\/it\/wp-json\/wp\/v2\/media?parent=2974"}],"curies":[{"name":"wp","href":"https:\/\/api.w.org\/{rel}","templated":true}]}}