{"id":2308,"date":"2025-03-07T19:54:43","date_gmt":"2025-03-07T11:54:43","guid":{"rendered":"https:\/\/led.amasly.com\/?page_id=2308"},"modified":"2026-01-22T13:38:28","modified_gmt":"2026-01-22T05:38:28","slug":"tunnel-intelligent-lighting-solution","status":"publish","type":"page","link":"https:\/\/led.amasly.com\/it\/solutions\/tunnel-intelligent-lighting-solution\/","title":{"rendered":"Soluzione di illuminazione intelligente per tunnel"},"content":{"rendered":"<div class=\"wp-block-uagb-container uagb-block-27bae773 alignfull uagb-is-root-container\"><div class=\"uagb-container-inner-blocks-wrap\"><\/div><\/div>\n\n\n\n<h1 class=\"wp-block-heading has-text-align-center\">Soluzione di illuminazione intelligente per tunnel<\/h1>\n\n\n\n<h2 class=\"wp-block-heading\">Soluzione di illuminazione intelligente per tunnel Presenta:<\/h2>\n\n\n\n<p>Nell'edilizia urbana moderna, le gallerie sono un importante canale di collegamento tra varie aree della citt\u00e0; la progettazione e il funzionamento del sistema di illuminazione non sono solo legati alla sicurezza del traffico, ma hanno anche un impatto diretto sull'uso efficace dell'energia e sulla protezione dell'ambiente. Con il progresso della scienza e della tecnologia e l'approfondimento del concetto di ecologia, le soluzioni di controllo per il risparmio energetico dell'illuminazione delle gallerie sono diventate oggetto di attenzione nel settore. In questo articolo analizzeremo la domanda di illuminazione delle gallerie, l'applicazione delle tecnologie di risparmio energetico, le strategie di controllo intelligenti e i loro effetti di implementazione, discutendo in modo approfondito il programma di controllo del risparmio energetico dell'illuminazione delle gallerie per una progettazione e una pratica complete.<\/p>\n\n\n\n<div class=\"wp-block-uagb-image uagb-block-3e64c453 wp-block-uagb-image--layout-default wp-block-uagb-image--effect-static wp-block-uagb-image--align-none\"><figure class=\"wp-block-uagb-image__figure\"><img decoding=\"async\" srcset=\"https:\/\/led.amasly.com\/wp-content\/uploads\/2025\/03\/tunnel-lighting1.png ,https:\/\/led.amasly.com\/wp-content\/uploads\/2025\/03\/tunnel-lighting1.png 780w, https:\/\/led.amasly.com\/wp-content\/uploads\/2025\/03\/tunnel-lighting1.png 360w\" sizes=\"auto, (max-width: 480px) 150px\" src=\"https:\/\/led.amasly.com\/wp-content\/uploads\/2025\/03\/tunnel-lighting1.png\" alt=\"Tunnel Intelligent Lighting Solution\" class=\"uag-image-2309\" width=\"760\" height=\"478\" title=\"Soluzione di illuminazione intelligente per tunnel\" loading=\"lazy\" role=\"img\"\/><\/figure><\/div>\n\n\n\n<h2 class=\"wp-block-heading\"><strong>Prima, la soluzione di illuminazione intelligente del tunnel<\/strong>: <strong>analisi della domanda di illuminazione delle gallerie<\/strong><\/h2>\n\n\n\n<p>La progettazione dell'illuminazione delle gallerie deve tenere pienamente conto della sicurezza del traffico veicolare e del comfort visivo del conducente. In generale, l'illuminazione delle gallerie pu\u00f2 essere suddivisa in quattro parti: la sezione d'ingresso, la sezione di transizione, la sezione centrale e la sezione di uscita, ognuna delle quali ha requisiti di illuminazione diversi. <\/p>\n\n\n\n<p>La sezione di ingresso richiede un'illuminazione ad alta luminosit\u00e0 per ridurre l'effetto \u201cbuco nero\u201d, la sezione di transizione deve ridurre gradualmente la luminosit\u00e0 per adattarsi ai cambiamenti della luce esterna, la sezione centrale mantiene una luminosit\u00e0 moderata per garantire la sicurezza di guida e la sezione di uscita deve evitare l'effetto \u201cbuco bianco\u201d della stimolazione improvvisa della visione del conducente. Inoltre, esiste una differenza significativa tra i requisiti di illuminazione notturna e diurna, che devono essere regolati in modo flessibile attraverso il sistema di controllo intelligente.<\/p>\n\n\n\n<h2 class=\"wp-block-heading\"><strong>Secondo, <strong>Soluzione di illuminazione intelligente per tunnel<\/strong>: l'applicazione della tecnologia di risparmio energetico<\/strong><\/h2>\n\n\n\n<h3 class=\"wp-block-heading\"><strong>1. Tecnologia di illuminazione a LED<\/strong><strong><\/strong><\/h3>\n\n\n\n<p>&nbsp;&nbsp;&nbsp;&nbsp;Il LED (Light Emitting Diode) \u00e8 una sorgente luminosa di nuova generazione che, grazie all'elevata efficienza, alla lunga durata, alla tutela dell'ambiente e al risparmio energetico, \u00e8 stata ampiamente utilizzata nell'illuminazione delle gallerie. Rispetto alle tradizionali lampade al sodio ad alta pressione e alle lampade ad alogenuri metallici, le lampade a LED hanno un'efficienza energetica pi\u00f9 elevata, un consumo energetico inferiore e una migliore qualit\u00e0 della luce, che pu\u00f2 migliorare efficacemente la qualit\u00e0 dell'illuminazione delle gallerie.<\/p>\n\n\n\n<h3 class=\"wp-block-heading\"><strong>2. Tecnologia di oscuramento intelligente<\/strong><strong><\/strong><\/h3>\n\n\n\n<p>&nbsp;&nbsp;&nbsp;&nbsp;La tecnologia di oscuramento intelligente, rilevando l'intensit\u00e0 della luce all'interno e all'esterno del tunnel, il flusso del traffico, la velocit\u00e0 e altre informazioni, regola automaticamente la luminosit\u00e0 dell'illuminazione di ogni area. In caso di traffico scarso o di ore notturne non di punta, la luminosit\u00e0 dell'illuminazione pu\u00f2 essere opportunamente ridotta per ottenere un risparmio energetico; in caso di traffico intenso o di condizioni meteorologiche avverse, la luminosit\u00e0 dell'illuminazione pu\u00f2 essere aumentata per garantire la sicurezza di guida.<\/p>\n\n\n\n<h3 class=\"wp-block-heading\"><strong>3. Sistemi fotovoltaici e di accumulo di energia<\/strong><strong><\/strong><\/h3>\n\n\n\n<p>&nbsp;&nbsp;&nbsp;&nbsp;Se le condizioni lo consentono, i pannelli fotovoltaici possono essere installati in cima o intorno al tunnel per convertire l'energia solare in elettricit\u00e0 e fornire energia verde per il sistema di illuminazione del tunnel. Allo stesso tempo, con il sistema di accumulo di energia, quando la luce \u00e8 insufficiente si pu\u00f2 rilasciare l'elettricit\u00e0 immagazzinata, per realizzare un uso efficace dell'energia e l'autosufficienza.<\/p>\n\n\n\n<p>L'armadio di controllo dell'illuminazione del tunnel adotta il sistema di regolazione intelligente, la progettazione del programma, la stabilit\u00e0 e la possibilit\u00e0 di realizzare il controllo su richiesta; il sistema \u00e8 costituito dall'armadio di controllo della regolazione dell'illuminazione, dall'azionamento intelligente, dalle lampade e dalle lanterne, dal software di sistema, dal trasduttore di deriva della luce, suddiviso in illuminazione potenziata, illuminazione di base, due tipi.<\/p>\n\n\n\n<h3 class=\"wp-block-heading\"><strong>Caratteristiche del prodotto.<\/strong><strong><\/strong><\/h3>\n\n\n\n<p>1, l'effetto di risparmio energetico \u00e8 notevole, il tasso di risparmio energetico di 20%, la durata di vita fino a 20 anni o pi\u00f9.<\/p>\n\n\n\n<p>2, il sensore a tunnel proposto, il controllo temporale per l'oscuramento, la raccolta dei consumi energetici, l'analisi dei consumi energetici<\/p>\n\n\n\n<p>3, I prodotti con funzione di bypass automatico, una volta che c'\u00e8 un ostacolo didattico, possono essere automaticamente bypassati all'alimentazione di rete.<\/p>\n\n\n\n<p>4, un alto grado di controllo intelligente: il prodotto ha una funzione di controllo del programma, l'utente pu\u00f2 impostare il proprio tempo per passare a diversi livelli di risparmio energetico, ma anche impostare il proprio tempo per accendere le luci.<\/p>\n\n\n\n<p>5, assenza di manutenzione a lungo termine: l'armadio della sezione di illuminazione utilizza una tecnologia avanzata, selezionando dispositivi di alta qualit\u00e0, l'implementazione di processi ottimizzati e test di qualit\u00e0 rigorosi, il prodotto pu\u00f2 essere in una variet\u00e0 di ambienti di griglia difficili e la complessit\u00e0 del prodotto.<\/p>\n\n\n\n<p>Una variet\u00e0 di ambienti di rete difficili e condizioni di carico complesse, un lavoro affidabile, continuo e stabile, per ottenere un'assenza di manutenzione a lungo termine.<\/p>\n\n\n\n<p>6, parametri di visualizzazione della schermata di controllo industriale, tra cui corrente e tensione, stato di guasto e altri parametri operativi.<\/p>\n\n\n\n<p>7. Funzioni di protezione: cortocircuito, sovracorrente, sottotensione, sovratensione, surriscaldamento.<\/p>\n\n\n\n<h2 class=\"wp-block-heading\"><strong>Terzo. <strong>Soluzione di illuminazione intelligente per tunnel<\/strong>: Strategia di controllo intelligente<\/strong><\/h2>\n\n\n\n<h3 class=\"wp-block-heading\"><strong>1. Controllo centralizzato e implementazione decentralizzata<\/strong><strong><\/strong><\/h3>\n\n\n\n<p>&nbsp;&nbsp;&nbsp;&nbsp;Il centro di controllo intelligente dell'illuminazione della galleria \u00e8 stato creato per raccogliere e analizzare i dati provenienti dai sensori a livello centrale e formulare la strategia di illuminazione ottimale. Allo stesso tempo, in ogni area della galleria sono presenti unit\u00e0 di esecuzione decentralizzate che regolano la luminosit\u00e0 dell'illuminazione in base alle istruzioni del centro di controllo, in modo da ottenere una risposta rapida e un controllo preciso.<\/p>\n\n\n\n<div class=\"wp-block-uagb-image uagb-block-49d9538e wp-block-uagb-image--layout-default wp-block-uagb-image--effect-static wp-block-uagb-image--align-none\"><figure class=\"wp-block-uagb-image__figure\"><a class=\"\" href=\"https:\/\/led.amasly.com\/it\/products\/\" target=\"\" rel=\"noopener\"><img decoding=\"async\" srcset=\"https:\/\/led.amasly.com\/wp-content\/uploads\/2025\/03\/tunnel-lighting2.png ,https:\/\/led.amasly.com\/wp-content\/uploads\/2025\/03\/tunnel-lighting2.png 780w, https:\/\/led.amasly.com\/wp-content\/uploads\/2025\/03\/tunnel-lighting2.png 360w\" sizes=\"auto, (max-width: 480px) 150px\" src=\"https:\/\/led.amasly.com\/wp-content\/uploads\/2025\/03\/tunnel-lighting2.png\" alt=\"\" class=\"uag-image-2310\" width=\"762\" height=\"489\" title=\"illuminazione del tunnel2\" loading=\"lazy\" role=\"img\"><\/a><\/figure><\/div>\n\n\n\n<h3 class=\"wp-block-heading\"><strong>2. Manutenzione predittiva<\/strong><strong><\/strong><\/h3>\n\n\n\n<p>&nbsp;&nbsp;&nbsp;&nbsp;Utilizzando la tecnologia di analisi dei big data, il monitoraggio in tempo reale e l'analisi predittiva dello stato di funzionamento del sistema di illuminazione della galleria, il rilevamento tempestivo di potenziali guasti e la manutenzione, riducono lo spreco di energia e i rischi per la sicurezza causati da guasti alle apparecchiature.<\/p>\n\n\n\n<h3 class=\"wp-block-heading\"><strong>3. Piano di illuminazione di emergenza<\/strong><strong><\/strong><\/h3>\n\n\n\n<p>&nbsp;&nbsp;&nbsp;&nbsp;Viene formulato un piano di illuminazione di emergenza completo per garantire che il sistema di illuminazione di emergenza possa essere attivato rapidamente in caso di emergenza (ad esempio, incendio, interruzione di corrente, ecc.), in modo da assicurare l'evacuazione sicura delle persone nella galleria.<\/p>\n\n\n\n<h2 class=\"wp-block-heading\"><strong>Quarto. <strong>Soluzione di illuminazione intelligente per tunnel<\/strong>: Effetto dell'implementazione e prospettive<\/strong><\/h2>\n\n\n\n<p>&nbsp;&nbsp;&nbsp;&nbsp;Grazie all'attuazione del programma di controllo del risparmio energetico dell'illuminazione delle gallerie, non solo \u00e8 possibile ridurre significativamente il consumo energetico dell'illuminazione delle gallerie, ridurre i costi operativi, ma anche migliorare la qualit\u00e0 dell'illuminazione delle gallerie e aumentare la sicurezza del traffico. Allo stesso tempo, il programma \u00e8 in linea con il concetto di sviluppo verde, che contribuisce a promuovere lo sviluppo sostenibile delle infrastrutture di trasporto urbano.<\/p>\n\n\n\n<p>&nbsp;&nbsp;&nbsp;&nbsp;Guardando al futuro, con i continui progressi dell'IoT, del cloud computing, dell'intelligenza artificiale e di altre tecnologie, il controllo del risparmio energetico dell'illuminazione dei tunnel sar\u00e0 sempre pi\u00f9 intelligente e raffinato. Ad esempio, attraverso algoritmi di deep learning per ottimizzare la strategia di illuminazione, per ottenere un'esperienza di illuminazione pi\u00f9 personalizzata; l'uso della tecnologia di comunicazione 5G per migliorare la velocit\u00e0 di trasmissione dei dati, per ottenere un monitoraggio remoto in tempo reale e una risposta rapida. L'applicazione di queste tecnologie promuover\u00e0 ulteriormente lo sviluppo della tecnologia di controllo del risparmio energetico dell'illuminazione delle gallerie, contribuendo in modo pi\u00f9 ecologico alla costruzione dei trasporti urbani.<\/p>\n\n\n\n<p>Standard: <a href=\"http:\/\/www.iec.com\" rel=\"nofollow noopener\" target=\"_blank\">IEC 60598<\/a><\/p>\n\n\n\n<div class=\"wp-block-uagb-container uagb-block-c7d898dd alignfull uagb-is-root-container\"><div class=\"uagb-container-inner-blocks-wrap\"><\/div><\/div>\n\n\n\n<h2 class=\"wp-block-heading\">Prodotti correlati<\/h2>\n\n\n\n<div class=\"wp-block-uagb-container uagb-block-66e4defc alignfull uagb-is-root-container\"><div class=\"uagb-container-inner-blocks-wrap\">\n<div class=\"wp-block-uagb-container uagb-block-a42945f9\">\n<div class=\"wp-block-uagb-image uagb-block-7296296b wp-block-uagb-image--layout-default wp-block-uagb-image--effect-static wp-block-uagb-image--align-none\"><figure class=\"wp-block-uagb-image__figure\"><a class=\"\" href=\"https:\/\/led.amasly.com\/it\/products\/\" target=\"\" rel=\"noopener\"><img decoding=\"async\" srcset=\"https:\/\/led.amasly.com\/wp-content\/uploads\/2024\/09\/Explosion-proof-high-bay-lights.png ,https:\/\/led.amasly.com\/wp-content\/uploads\/2024\/09\/Explosion-proof-high-bay-lights.png 780w, https:\/\/led.amasly.com\/wp-content\/uploads\/2024\/09\/Explosion-proof-high-bay-lights.png 360w\" sizes=\"auto, (max-width: 480px) 150px\" src=\"https:\/\/led.amasly.com\/wp-content\/uploads\/2024\/09\/Explosion-proof-high-bay-lights.png\" alt=\"\" class=\"uag-image-1495\" width=\"300\" height=\"300\" title=\"Luci a baia antideflagranti\" loading=\"lazy\" role=\"img\"><\/a><\/figure><\/div>\n<\/div>\n\n\n\n<div class=\"wp-block-uagb-container uagb-block-4d3efde5\">\n<div class=\"wp-block-uagb-image uagb-block-c9e90797 wp-block-uagb-image--layout-default wp-block-uagb-image--effect-static wp-block-uagb-image--align-none\"><figure class=\"wp-block-uagb-image__figure\"><a class=\"\" href=\"https:\/\/led.amasly.com\/it\/products\/\" target=\"\" rel=\"noopener\"><img decoding=\"async\" srcset=\"https:\/\/led.amasly.com\/wp-content\/uploads\/2024\/07\/LED-tri-proof-lights2.png ,https:\/\/led.amasly.com\/wp-content\/uploads\/2024\/07\/LED-tri-proof-lights2.png 780w, https:\/\/led.amasly.com\/wp-content\/uploads\/2024\/07\/LED-tri-proof-lights2.png 360w\" sizes=\"auto, (max-width: 480px) 150px\" src=\"https:\/\/led.amasly.com\/wp-content\/uploads\/2024\/07\/LED-tri-proof-lights2.png\" alt=\"\" class=\"uag-image-1132\" width=\"300\" height=\"300\" title=\"Luci a prova di LED2\" loading=\"lazy\" role=\"img\"><\/a><\/figure><\/div>\n<\/div>\n\n\n\n<div class=\"wp-block-uagb-container uagb-block-11c2578b\">\n<div class=\"wp-block-uagb-image uagb-block-6e8883aa wp-block-uagb-image--layout-default wp-block-uagb-image--effect-static wp-block-uagb-image--align-none\"><figure class=\"wp-block-uagb-image__figure\"><a class=\"\" href=\"https:\/\/led.amasly.com\/it\/products\/\" target=\"\" rel=\"noopener\"><img decoding=\"async\" srcset=\"https:\/\/led.amasly.com\/wp-content\/uploads\/2024\/09\/LED-Explosion-Proof-Gas-Station-Light.png ,https:\/\/led.amasly.com\/wp-content\/uploads\/2024\/09\/LED-Explosion-Proof-Gas-Station-Light.png 780w, https:\/\/led.amasly.com\/wp-content\/uploads\/2024\/09\/LED-Explosion-Proof-Gas-Station-Light.png 360w\" sizes=\"auto, (max-width: 480px) 150px\" src=\"https:\/\/led.amasly.com\/wp-content\/uploads\/2024\/09\/LED-Explosion-Proof-Gas-Station-Light.png\" alt=\"\" class=\"uag-image-1501\" width=\"300\" height=\"300\" title=\"Luce della stazione di servizio a prova di esplosione a LED\" loading=\"lazy\" role=\"img\"><\/a><\/figure><\/div>\n<\/div>\n<\/div><\/div>\n\n\n\n<div class=\"wp-block-uagb-container uagb-block-548945b5 alignfull uagb-is-root-container\"><div class=\"uagb-container-inner-blocks-wrap\">\n<div class=\"wp-block-uagb-container uagb-block-967755d5\">\n<h4 class=\"wp-block-heading has-text-align-center\"><a href=\"https:\/\/led.amasly.com\/it\/products\/\">Luci LED a prova di esplosione<\/a><\/h4>\n<\/div>\n\n\n\n<div class=\"wp-block-uagb-container uagb-block-9bc52fc2\">\n<h4 class=\"wp-block-heading has-text-align-center\"><a href=\"https:\/\/led.amasly.com\/it\/products\/\">Luci a LED a prova di tris<\/a><\/h4>\n<\/div>\n\n\n\n<div class=\"wp-block-uagb-container uagb-block-8ffa0a23\">\n<h4 class=\"wp-block-heading has-text-align-center\"><a href=\"https:\/\/led.amasly.com\/it\/products\/\">Luci per stazioni di servizio a prova di esplosione<\/a><\/h4>\n<\/div>\n<\/div><\/div>\n\n\n\n<div class=\"wp-block-uagb-container uagb-block-29499fe0 alignfull uagb-is-root-container\"><div class=\"uagb-container-inner-blocks-wrap\">\n<div class=\"wp-block-uagb-container uagb-block-777ee1c7\">\n<div class=\"wp-block-uagb-image uagb-block-2e9a1851 wp-block-uagb-image--layout-default wp-block-uagb-image--effect-static wp-block-uagb-image--align-none\"><figure class=\"wp-block-uagb-image__figure\"><a class=\"\" href=\"https:\/\/led.amasly.com\/it\/products\/\" target=\"\" rel=\"noopener\"><img decoding=\"async\" srcset=\"https:\/\/led.amasly.com\/wp-content\/uploads\/2024\/10\/50W-100W-150W-200W-300W-LED-Flood-Light.jpg ,https:\/\/led.amasly.com\/wp-content\/uploads\/2024\/10\/50W-100W-150W-200W-300W-LED-Flood-Light.jpg 780w, https:\/\/led.amasly.com\/wp-content\/uploads\/2024\/10\/50W-100W-150W-200W-300W-LED-Flood-Light.jpg 360w\" sizes=\"auto, (max-width: 480px) 150px\" src=\"https:\/\/led.amasly.com\/wp-content\/uploads\/2024\/10\/50W-100W-150W-200W-300W-LED-Flood-Light.jpg\" alt=\"\" class=\"uag-image-1526\" width=\"300\" height=\"300\" title=\"50W 100W 150W 200W 300W Luce di inondazione LED\" loading=\"lazy\" role=\"img\"><\/a><\/figure><\/div>\n<\/div>\n\n\n\n<div class=\"wp-block-uagb-container uagb-block-af8c8683\">\n<div class=\"wp-block-uagb-image uagb-block-67947854 wp-block-uagb-image--layout-default wp-block-uagb-image--effect-static wp-block-uagb-image--align-none\"><figure class=\"wp-block-uagb-image__figure\"><a class=\"\" href=\"https:\/\/led.amasly.com\/it\/products\/\" target=\"\" rel=\"noopener\"><img decoding=\"async\" srcset=\"https:\/\/led.amasly.com\/wp-content\/uploads\/2024\/07\/led-tri-proof-light.png ,https:\/\/led.amasly.com\/wp-content\/uploads\/2024\/07\/led-tri-proof-light.png 780w, https:\/\/led.amasly.com\/wp-content\/uploads\/2024\/07\/led-tri-proof-light.png 360w\" sizes=\"auto, (max-width: 480px) 150px\" src=\"https:\/\/led.amasly.com\/wp-content\/uploads\/2024\/07\/led-tri-proof-light.png\" alt=\"\" class=\"uag-image-1130\" width=\"300\" height=\"300\" title=\"luce a led tri-proof\" loading=\"lazy\" role=\"img\"><\/a><\/figure><\/div>\n<\/div>\n\n\n\n<div class=\"wp-block-uagb-container uagb-block-0fdfdd58\">\n<div class=\"wp-block-uagb-image uagb-block-1187d32d wp-block-uagb-image--layout-default wp-block-uagb-image--effect-static wp-block-uagb-image--align-none\"><figure class=\"wp-block-uagb-image__figure\"><a class=\"\" href=\"https:\/\/led.amasly.com\/it\/products\/\" target=\"\" rel=\"noopener\"><img decoding=\"async\" srcset=\"https:\/\/led.amasly.com\/wp-content\/uploads\/2024\/07\/LED-street-light.jpg ,https:\/\/led.amasly.com\/wp-content\/uploads\/2024\/07\/LED-street-light.jpg 780w, https:\/\/led.amasly.com\/wp-content\/uploads\/2024\/07\/LED-street-light.jpg 360w\" sizes=\"auto, (max-width: 480px) 150px\" src=\"https:\/\/led.amasly.com\/wp-content\/uploads\/2024\/07\/LED-street-light.jpg\" alt=\"\" class=\"uag-image-1145\" width=\"300\" height=\"300\" title=\"Illuminazione stradale a LED\" loading=\"lazy\" role=\"img\"><\/a><\/figure><\/div>\n<\/div>\n<\/div><\/div>\n\n\n\n<div class=\"wp-block-uagb-container uagb-block-6a60882c alignfull uagb-is-root-container\"><div class=\"uagb-container-inner-blocks-wrap\">\n<div class=\"wp-block-uagb-container uagb-block-f1e91a35\">\n<h4 class=\"wp-block-heading has-text-align-center\"><a href=\"https:\/\/led.amasly.com\/it\/products\/\">Luci LED Flood<\/a><\/h4>\n<\/div>\n\n\n\n<div class=\"wp-block-uagb-container uagb-block-165bfa58\">\n<h4 class=\"wp-block-heading has-text-align-center\"><a href=\"https:\/\/led.amasly.com\/it\/products\/\">Luci tubolari triprofessionali a LED<\/a><\/h4>\n<\/div>\n\n\n\n<div class=\"wp-block-uagb-container uagb-block-f6096e3b\">\n<h4 class=\"wp-block-heading has-text-align-center\"><a href=\"https:\/\/led.amasly.com\/it\/products\/\">Luci stradali a LED<\/a><\/h4>\n<\/div>\n<\/div><\/div>\n\n\n\n<div class=\"wp-block-uagb-container uagb-block-99c0e0a5 alignfull uagb-is-root-container\"><div class=\"uagb-container-inner-blocks-wrap\"><\/div><\/div>\n\n\n\n<p><\/p>","protected":false},"excerpt":{"rendered":"<p>Tunnel Intelligent Lighting Solution Tunnel Intelligent Lighting Solution Introduce: In modern urban construction, tunnels as an important channel connecting various areas of the city, the design and operation of its lighting system is not only related to traffic safety, but also has a direct impact on the effective use of energy and environmental protection. With [&hellip;]<\/p>\n","protected":false},"author":1,"featured_media":0,"parent":1808,"menu_order":0,"comment_status":"closed","ping_status":"closed","template":"","meta":{"_uag_custom_page_level_css":"","site-sidebar-layout":"no-sidebar","site-content-layout":"","ast-site-content-layout":"default","site-content-style":"default","site-sidebar-style":"default","ast-global-header-display":"","ast-banner-title-visibility":"","ast-main-header-display":"","ast-hfb-above-header-display":"","ast-hfb-below-header-display":"","ast-hfb-mobile-header-display":"","site-post-title":"disabled","ast-breadcrumbs-content":"","ast-featured-img":"","footer-sml-layout":"","ast-disable-related-posts":"","theme-transparent-header-meta":"enabled","adv-header-id-meta":"","stick-header-meta":"","header-above-stick-meta":"","header-main-stick-meta":"","header-below-stick-meta":"","astra-migrate-meta-layouts":"set","ast-page-background-enabled":"default","ast-page-background-meta":{"desktop":{"background-color":"var(--ast-global-color-4)","background-image":"","background-repeat":"repeat","background-position":"center center","background-size":"auto","background-attachment":"scroll","background-type":"","background-media":"","overlay-type":"","overlay-color":"","overlay-opacity":"","overlay-gradient":""},"tablet":{"background-color":"","background-image":"","background-repeat":"repeat","background-position":"center center","background-size":"auto","background-attachment":"scroll","background-type":"","background-media":"","overlay-type":"","overlay-color":"","overlay-opacity":"","overlay-gradient":""},"mobile":{"background-color":"","background-image":"","background-repeat":"repeat","background-position":"center center","background-size":"auto","background-attachment":"scroll","background-type":"","background-media":"","overlay-type":"","overlay-color":"","overlay-opacity":"","overlay-gradient":""}},"ast-content-background-meta":{"desktop":{"background-color":"var(--ast-global-color-5)","background-image":"","background-repeat":"repeat","background-position":"center center","background-size":"auto","background-attachment":"scroll","background-type":"","background-media":"","overlay-type":"","overlay-color":"","overlay-opacity":"","overlay-gradient":""},"tablet":{"background-color":"var(--ast-global-color-5)","background-image":"","background-repeat":"repeat","background-position":"center center","background-size":"auto","background-attachment":"scroll","background-type":"","background-media":"","overlay-type":"","overlay-color":"","overlay-opacity":"","overlay-gradient":""},"mobile":{"background-color":"var(--ast-global-color-5)","background-image":"","background-repeat":"repeat","background-position":"center center","background-size":"auto","background-attachment":"scroll","background-type":"","background-media":"","overlay-type":"","overlay-color":"","overlay-opacity":"","overlay-gradient":""}},"footnotes":""},"class_list":["post-2308","page","type-page","status-publish","hentry"],"uagb_featured_image_src":{"full":false,"thumbnail":false,"medium":false,"medium_large":false,"large":false,"1536x1536":false,"2048x2048":false,"trp-custom-language-flag":false},"uagb_author_info":{"display_name":"Joe","author_link":"https:\/\/led.amasly.com\/it\/author\/jacklin\/"},"uagb_comment_info":0,"uagb_excerpt":"Tunnel Intelligent Lighting Solution Tunnel Intelligent Lighting Solution Introduce: In modern urban construction, tunnels as an important channel connecting various areas of the city, the design and operation of its lighting system is not only related to traffic safety, but also has a direct impact on the effective use of energy and environmental protection. With&hellip;","_links":{"self":[{"href":"https:\/\/led.amasly.com\/it\/wp-json\/wp\/v2\/pages\/2308","targetHints":{"allow":["GET"]}}],"collection":[{"href":"https:\/\/led.amasly.com\/it\/wp-json\/wp\/v2\/pages"}],"about":[{"href":"https:\/\/led.amasly.com\/it\/wp-json\/wp\/v2\/types\/page"}],"author":[{"embeddable":true,"href":"https:\/\/led.amasly.com\/it\/wp-json\/wp\/v2\/users\/1"}],"replies":[{"embeddable":true,"href":"https:\/\/led.amasly.com\/it\/wp-json\/wp\/v2\/comments?post=2308"}],"version-history":[{"count":3,"href":"https:\/\/led.amasly.com\/it\/wp-json\/wp\/v2\/pages\/2308\/revisions"}],"predecessor-version":[{"id":4590,"href":"https:\/\/led.amasly.com\/it\/wp-json\/wp\/v2\/pages\/2308\/revisions\/4590"}],"up":[{"embeddable":true,"href":"https:\/\/led.amasly.com\/it\/wp-json\/wp\/v2\/pages\/1808"}],"wp:attachment":[{"href":"https:\/\/led.amasly.com\/it\/wp-json\/wp\/v2\/media?parent=2308"}],"curies":[{"name":"wp","href":"https:\/\/api.w.org\/{rel}","templated":true}]}}