{"id":2251,"date":"2025-03-05T22:08:19","date_gmt":"2025-03-05T14:08:19","guid":{"rendered":"https:\/\/led.amasly.com\/?page_id=2251"},"modified":"2026-01-22T13:15:51","modified_gmt":"2026-01-22T05:15:51","slug":"outdoor-emergency-lighting-solutions","status":"publish","type":"page","link":"https:\/\/led.amasly.com\/it\/solutions\/outdoor-emergency-lighting-solutions\/","title":{"rendered":"Soluzioni di illuminazione di emergenza per esterni"},"content":{"rendered":"<div class=\"wp-block-uagb-container uagb-block-27bae773 alignfull uagb-is-root-container\"><div class=\"uagb-container-inner-blocks-wrap\"><\/div><\/div>\n\n\n\n<h1 class=\"wp-block-heading has-text-align-center\">Emergenza all'aperto<strong> Soluzioni per l'illuminazione<\/strong><\/h1>\n\n\n\n<h2 class=\"wp-block-heading\"><strong>Soluzioni per l'illuminazione d'emergenza per esterni Introduciamo:<\/strong> <\/h2>\n\n\n\n<p>Le apparecchiature per l'illuminazione di emergenza, in quanto smaltimento di emergenza in un tipo di attrezzatura essenziale, la scena della progettazione del programma di illuminazione di emergenza, la formazione quotidiana delle competenze delle apparecchiature per l'illuminazione di emergenza, l'adattamento all'ambiente della ricerca e dello sviluppo delle apparecchiature per l'illuminazione di emergenza sono legati alle apparecchiature per l'illuminazione di emergenza nello smaltimento degli eventi di emergenza svolgono un ruolo.<\/p>\n\n\n\n<div class=\"wp-block-uagb-image uagb-block-c351aead wp-block-uagb-image--layout-default wp-block-uagb-image--effect-static wp-block-uagb-image--align-none\"><figure class=\"wp-block-uagb-image__figure\"><a class=\"\" href=\"https:\/\/led.amasly.com\/it\/products\/\" target=\"\" rel=\"noopener\"><img decoding=\"async\" srcset=\"https:\/\/led.amasly.com\/wp-content\/uploads\/2025\/03\/\u56fe\u72471-4.png 625w, https:\/\/led.amasly.com\/wp-content\/uploads\/2025\/03\/\u56fe\u72471-4-250x300.png 250w, https:\/\/led.amasly.com\/wp-content\/uploads\/2025\/03\/\u56fe\u72471-4-10x12.png 10w\" sizes=\"auto, (max-width: 480px) 150px\" src=\"https:\/\/led.amasly.com\/wp-content\/uploads\/2025\/03\/\u56fe\u72471-4.png\" alt=\"\" class=\"uag-image-2259\" width=\"625\" height=\"751\" title=\"\u56fe\u72471\" loading=\"lazy\" role=\"img\"><\/a><\/figure><\/div>\n\n\n\n<p>Il compito principale dopo il disastro \u00e8 quello di soccorrere rapidamente, massimizzare la sicurezza della vita, che non \u00e8 solo la responsabilit\u00e0 della squadra di soccorso, ma \u00e8 anche la missione affidata dalla comunit\u00e0. Soccorrere il pi\u00f9 presto possibile \u00e8 la prima priorit\u00e0, quindi \u00e8 inevitabile che il soccorso debba essere diurno, e di notte, se non c'\u00e8 un'illuminazione di emergenza efficiente come garanzia, \u00e8 destinato a influenzare l'efficienza del soccorso.<\/p>\n\n\n\n<p>A seguito di catastrofi naturali causate dalla paralisi dell'energia elettrica locale, il soccorso e il reinsediamento delle vittime allo stesso tempo, la necessit\u00e0 di ripristinare immediatamente i danni locali al sistema di alimentazione, l'illuminazione della scena deve essere ad alta luminosit\u00e0, l'area di irradiazione \u00e8 ampia, e in assenza di energia elettrica di utilit\u00e0 deve essere in grado di utilizzare la forma autoalimentata di lampade e lanterne per soddisfare la scena delle esigenze di riparazione.<\/p>\n\n\n\n<div class=\"wp-block-uagb-image uagb-block-ae571b06 wp-block-uagb-image--layout-default wp-block-uagb-image--effect-static wp-block-uagb-image--align-none\"><figure class=\"wp-block-uagb-image__figure\"><img decoding=\"async\" srcset=\"https:\/\/led.amasly.com\/wp-content\/uploads\/2025\/03\/\u56fe\u72472-2.png ,https:\/\/led.amasly.com\/wp-content\/uploads\/2025\/03\/\u56fe\u72472-2.png 780w, https:\/\/led.amasly.com\/wp-content\/uploads\/2025\/03\/\u56fe\u72472-2.png 360w\" sizes=\"auto, (max-width: 480px) 150px\" src=\"https:\/\/led.amasly.com\/wp-content\/uploads\/2025\/03\/\u56fe\u72472-2.png\" alt=\"Outdoor Emergency Lighting Solutions: \" class=\"uag-image-2260\" width=\"759\" height=\"525\" title=\"Soluzioni di illuminazione di emergenza per esterni: \" loading=\"lazy\" role=\"img\"\/><\/figure><\/div>\n\n\n\n<h2 class=\"wp-block-heading\"><strong>Soluzioni di illuminazione di emergenza per esterni<\/strong>: <strong>Caratteristiche dell'illuminazione per le esigenze di emergenza<\/strong><\/h2>\n\n\n\n<p>Le nostre soluzioni di illuminazione possono aggiungere valore come servizio accessorio nel vostro ambiente di risposta alle emergenze. Di seguito sono riportate alcune delle diverse esigenze di emergenza, come il soccorso sociale, il reinsediamento, il ripristino dell'energia elettrica e la conservazione del potere politico. Di seguito una descrizione dettagliata delle soluzioni e dei vantaggi delle nostre apparecchiature di illuminazione.<\/p>\n\n\n\n<h3 class=\"wp-block-heading\"><strong>Soluzioni di illuminazione di emergenza per esterni<\/strong>: <strong>Soccorso sociale<\/strong><\/h3>\n\n\n\n<p>Coraggio di affrontare le difficolt\u00e0 e i pericoli, coraggio di assumersi la responsabilit\u00e0. La luce \u00e8 indispensabile nel soccorso notturno, \u00e8 una missione sacra, quindi i requisiti di illuminazione del soccorso di emergenza delle nostre lampade e lanterne sono alta luminosit\u00e0, facile da trasportare, uso continuo di un lungo periodo per soddisfare le esigenze di diversi ambienti di soccorso.<\/p>\n\n\n\n<h3 class=\"wp-block-heading\"><strong>Soluzioni di illuminazione di emergenza per esterni<\/strong>: <strong>Reinsediamento delle vittime dei disastri<\/strong><\/h3>\n\n\n\n<p>Nel sito di soccorso, il sito di reinsediamento del disastro deve fornire un'area concentrata per le vittime per vivere, riposare e mangiare, che \u00e8 caratterizzata da un grande flusso di persone, la necessit\u00e0 di un ambiente tranquillo di notte, le lampade e le lanterne devono essere luminose e alimentate a batteria, in modo da ridurre i danni causati dal rumore.<\/p>\n\n\n\n<div class=\"wp-block-uagb-image uagb-block-a93357d5 wp-block-uagb-image--layout-default wp-block-uagb-image--effect-static wp-block-uagb-image--align-none\"><figure class=\"wp-block-uagb-image__figure\"><a class=\"\" href=\"https:\/\/led.amasly.com\/it\/products\/\" target=\"\" rel=\"noopener\"><img decoding=\"async\" srcset=\"https:\/\/led.amasly.com\/wp-content\/uploads\/2025\/03\/\u56fe\u72473-2.png ,https:\/\/led.amasly.com\/wp-content\/uploads\/2025\/03\/\u56fe\u72473-2.png 780w, https:\/\/led.amasly.com\/wp-content\/uploads\/2025\/03\/\u56fe\u72473-2.png 360w\" sizes=\"auto, (max-width: 480px) 150px\" src=\"https:\/\/led.amasly.com\/wp-content\/uploads\/2025\/03\/\u56fe\u72473-2.png\" alt=\"\" class=\"uag-image-2261\" width=\"760\" height=\"462\" title=\"\u56fe\u72473\" loading=\"lazy\" role=\"img\"><\/a><\/figure><\/div>\n\n\n\n<h3 class=\"wp-block-heading\"><strong>Soluzioni di illuminazione di emergenza per esterni<\/strong>: <strong>Ripristino dell'alimentazione elettrica<\/strong><\/h3>\n\n\n\n<p>A causa delle catastrofi naturali causate dalla paralisi dell'energia elettrica locale, il salvataggio e il reinsediamento delle vittime richiedono l'immediato ripristino dei danni locali al sistema elettrico; l'illuminazione del sito deve essere ad alta luminosit\u00e0, l'area di irradiazione e, in assenza di energia elettrica, deve essere in grado di utilizzare lampade e lanterne autoalimentate, per soddisfare le esigenze di riparazione di emergenza.<\/p>\n\n\n\n<h3 class=\"wp-block-heading\"><strong>Soluzioni di illuminazione di emergenza per esterni<\/strong>: <strong>Protezione dell'alimentazione per i grandi eventi<\/strong><\/h3>\n\n\n\n<p>L'alimentazione per i grandi eventi si riferisce a garantire che le riunioni importanti, i grandi eventi, l'alimentazione sicura e stabile, nella scena notturna, l'illuminazione deve svolgere un ruolo nell'antiterrorismo, la sicurezza, bisogno di alta luminosit\u00e0, area di irradiazione ampia, in modo da stabilizzare la sicurezza della scena.<\/p>\n\n\n\n<p>Standard: <a href=\"http:\/\/www.iec.com\" rel=\"nofollow noopener\" target=\"_blank\">IEC 60598<\/a><\/p>\n\n\n\n<div class=\"wp-block-uagb-container uagb-block-c7d898dd alignfull uagb-is-root-container\"><div class=\"uagb-container-inner-blocks-wrap\"><\/div><\/div>\n\n\n\n<h2 class=\"wp-block-heading\">Prodotti correlati<\/h2>\n\n\n\n<div class=\"wp-block-uagb-container uagb-block-66e4defc alignfull uagb-is-root-container\"><div class=\"uagb-container-inner-blocks-wrap\">\n<div class=\"wp-block-uagb-container uagb-block-a42945f9\">\n<div class=\"wp-block-uagb-image uagb-block-7296296b wp-block-uagb-image--layout-default wp-block-uagb-image--effect-static wp-block-uagb-image--align-none\"><figure class=\"wp-block-uagb-image__figure\"><a class=\"\" href=\"https:\/\/led.amasly.com\/it\/products\/\" target=\"\" rel=\"noopener\"><img decoding=\"async\" srcset=\"https:\/\/led.amasly.com\/wp-content\/uploads\/2024\/09\/Explosion-proof-high-bay-lights.png ,https:\/\/led.amasly.com\/wp-content\/uploads\/2024\/09\/Explosion-proof-high-bay-lights.png 780w, https:\/\/led.amasly.com\/wp-content\/uploads\/2024\/09\/Explosion-proof-high-bay-lights.png 360w\" sizes=\"auto, (max-width: 480px) 150px\" src=\"https:\/\/led.amasly.com\/wp-content\/uploads\/2024\/09\/Explosion-proof-high-bay-lights.png\" alt=\"\" class=\"uag-image-1495\" width=\"300\" height=\"300\" title=\"Luci a baia antideflagranti\" loading=\"lazy\" role=\"img\"><\/a><\/figure><\/div>\n<\/div>\n\n\n\n<div class=\"wp-block-uagb-container uagb-block-4d3efde5\">\n<div class=\"wp-block-uagb-image uagb-block-c9e90797 wp-block-uagb-image--layout-default wp-block-uagb-image--effect-static wp-block-uagb-image--align-none\"><figure class=\"wp-block-uagb-image__figure\"><a class=\"\" href=\"https:\/\/led.amasly.com\/it\/products\/\" target=\"\" rel=\"noopener\"><img decoding=\"async\" srcset=\"https:\/\/led.amasly.com\/wp-content\/uploads\/2024\/07\/LED-tri-proof-lights2.png ,https:\/\/led.amasly.com\/wp-content\/uploads\/2024\/07\/LED-tri-proof-lights2.png 780w, https:\/\/led.amasly.com\/wp-content\/uploads\/2024\/07\/LED-tri-proof-lights2.png 360w\" sizes=\"auto, (max-width: 480px) 150px\" src=\"https:\/\/led.amasly.com\/wp-content\/uploads\/2024\/07\/LED-tri-proof-lights2.png\" alt=\"\" class=\"uag-image-1132\" width=\"300\" height=\"300\" title=\"Luci a prova di LED2\" loading=\"lazy\" role=\"img\"><\/a><\/figure><\/div>\n<\/div>\n\n\n\n<div class=\"wp-block-uagb-container uagb-block-11c2578b\">\n<div class=\"wp-block-uagb-image uagb-block-6e8883aa wp-block-uagb-image--layout-default wp-block-uagb-image--effect-static wp-block-uagb-image--align-none\"><figure class=\"wp-block-uagb-image__figure\"><a class=\"\" href=\"https:\/\/led.amasly.com\/it\/products\/\" target=\"\" rel=\"noopener\"><img decoding=\"async\" srcset=\"https:\/\/led.amasly.com\/wp-content\/uploads\/2024\/09\/LED-Explosion-Proof-Gas-Station-Light.png ,https:\/\/led.amasly.com\/wp-content\/uploads\/2024\/09\/LED-Explosion-Proof-Gas-Station-Light.png 780w, https:\/\/led.amasly.com\/wp-content\/uploads\/2024\/09\/LED-Explosion-Proof-Gas-Station-Light.png 360w\" sizes=\"auto, (max-width: 480px) 150px\" src=\"https:\/\/led.amasly.com\/wp-content\/uploads\/2024\/09\/LED-Explosion-Proof-Gas-Station-Light.png\" alt=\"\" class=\"uag-image-1501\" width=\"300\" height=\"300\" title=\"Luce della stazione di servizio a prova di esplosione a LED\" loading=\"lazy\" role=\"img\"><\/a><\/figure><\/div>\n<\/div>\n<\/div><\/div>\n\n\n\n<div class=\"wp-block-uagb-container uagb-block-548945b5 alignfull uagb-is-root-container\"><div class=\"uagb-container-inner-blocks-wrap\">\n<div class=\"wp-block-uagb-container uagb-block-967755d5\">\n<h4 class=\"wp-block-heading has-text-align-center\"><a href=\"https:\/\/led.amasly.com\/it\/products\/\">Luci LED a prova di esplosione<\/a><\/h4>\n<\/div>\n\n\n\n<div class=\"wp-block-uagb-container uagb-block-9bc52fc2\">\n<h4 class=\"wp-block-heading has-text-align-center\"><a href=\"https:\/\/led.amasly.com\/it\/products\/\">Luci a LED a prova di tris<\/a><\/h4>\n<\/div>\n\n\n\n<div class=\"wp-block-uagb-container uagb-block-8ffa0a23\">\n<h4 class=\"wp-block-heading has-text-align-center\"><a href=\"https:\/\/led.amasly.com\/it\/products\/\">Luci per stazioni di servizio a prova di esplosione<\/a><\/h4>\n<\/div>\n<\/div><\/div>\n\n\n\n<div class=\"wp-block-uagb-container uagb-block-29499fe0 alignfull uagb-is-root-container\"><div class=\"uagb-container-inner-blocks-wrap\">\n<div class=\"wp-block-uagb-container uagb-block-777ee1c7\">\n<div class=\"wp-block-uagb-image uagb-block-2e9a1851 wp-block-uagb-image--layout-default wp-block-uagb-image--effect-static wp-block-uagb-image--align-none\"><figure class=\"wp-block-uagb-image__figure\"><a class=\"\" href=\"https:\/\/led.amasly.com\/it\/products\/\" target=\"\" rel=\"noopener\"><img decoding=\"async\" srcset=\"https:\/\/led.amasly.com\/wp-content\/uploads\/2024\/10\/50W-100W-150W-200W-300W-LED-Flood-Light.jpg ,https:\/\/led.amasly.com\/wp-content\/uploads\/2024\/10\/50W-100W-150W-200W-300W-LED-Flood-Light.jpg 780w, https:\/\/led.amasly.com\/wp-content\/uploads\/2024\/10\/50W-100W-150W-200W-300W-LED-Flood-Light.jpg 360w\" sizes=\"auto, (max-width: 480px) 150px\" src=\"https:\/\/led.amasly.com\/wp-content\/uploads\/2024\/10\/50W-100W-150W-200W-300W-LED-Flood-Light.jpg\" alt=\"\" class=\"uag-image-1526\" width=\"300\" height=\"300\" title=\"50W 100W 150W 200W 300W Luce di inondazione LED\" loading=\"lazy\" role=\"img\"><\/a><\/figure><\/div>\n<\/div>\n\n\n\n<div class=\"wp-block-uagb-container uagb-block-af8c8683\">\n<div class=\"wp-block-uagb-image uagb-block-67947854 wp-block-uagb-image--layout-default wp-block-uagb-image--effect-static wp-block-uagb-image--align-none\"><figure class=\"wp-block-uagb-image__figure\"><a class=\"\" href=\"https:\/\/led.amasly.com\/it\/products\/\" target=\"\" rel=\"noopener\"><img decoding=\"async\" srcset=\"https:\/\/led.amasly.com\/wp-content\/uploads\/2024\/07\/led-tri-proof-light.png ,https:\/\/led.amasly.com\/wp-content\/uploads\/2024\/07\/led-tri-proof-light.png 780w, https:\/\/led.amasly.com\/wp-content\/uploads\/2024\/07\/led-tri-proof-light.png 360w\" sizes=\"auto, (max-width: 480px) 150px\" src=\"https:\/\/led.amasly.com\/wp-content\/uploads\/2024\/07\/led-tri-proof-light.png\" alt=\"\" class=\"uag-image-1130\" width=\"300\" height=\"300\" title=\"luce a led tri-proof\" loading=\"lazy\" role=\"img\"><\/a><\/figure><\/div>\n<\/div>\n\n\n\n<div class=\"wp-block-uagb-container uagb-block-0fdfdd58\">\n<div class=\"wp-block-uagb-image uagb-block-1187d32d wp-block-uagb-image--layout-default wp-block-uagb-image--effect-static wp-block-uagb-image--align-none\"><figure class=\"wp-block-uagb-image__figure\"><a class=\"\" href=\"https:\/\/led.amasly.com\/it\/products\/\" target=\"\" rel=\"noopener\"><img decoding=\"async\" srcset=\"https:\/\/led.amasly.com\/wp-content\/uploads\/2024\/07\/LED-street-light.jpg ,https:\/\/led.amasly.com\/wp-content\/uploads\/2024\/07\/LED-street-light.jpg 780w, https:\/\/led.amasly.com\/wp-content\/uploads\/2024\/07\/LED-street-light.jpg 360w\" sizes=\"auto, (max-width: 480px) 150px\" src=\"https:\/\/led.amasly.com\/wp-content\/uploads\/2024\/07\/LED-street-light.jpg\" alt=\"\" class=\"uag-image-1145\" width=\"300\" height=\"300\" title=\"Illuminazione stradale a LED\" loading=\"lazy\" role=\"img\"><\/a><\/figure><\/div>\n<\/div>\n<\/div><\/div>\n\n\n\n<div class=\"wp-block-uagb-container uagb-block-6a60882c alignfull uagb-is-root-container\"><div class=\"uagb-container-inner-blocks-wrap\">\n<div class=\"wp-block-uagb-container uagb-block-f1e91a35\">\n<h4 class=\"wp-block-heading has-text-align-center\"><a href=\"https:\/\/led.amasly.com\/it\/products\/\">Luci LED Flood<\/a><\/h4>\n<\/div>\n\n\n\n<div class=\"wp-block-uagb-container uagb-block-165bfa58\">\n<h4 class=\"wp-block-heading has-text-align-center\"><a href=\"https:\/\/led.amasly.com\/it\/products\/\">Luci tubolari triprofessionali a LED<\/a><\/h4>\n<\/div>\n\n\n\n<div class=\"wp-block-uagb-container uagb-block-f6096e3b\">\n<h4 class=\"wp-block-heading has-text-align-center\"><a href=\"https:\/\/led.amasly.com\/it\/products\/\">Luci stradali a LED<\/a><\/h4>\n<\/div>\n<\/div><\/div>\n\n\n\n<div class=\"wp-block-uagb-container uagb-block-99c0e0a5 alignfull uagb-is-root-container\"><div class=\"uagb-container-inner-blocks-wrap\"><\/div><\/div>","protected":false},"excerpt":{"rendered":"<p>Outdoor Emergency Lighting Solutions Outdoor Emergency Lighting Solutions Introduce: Emergency lighting equipment as a power emergency disposal in an essential kind of equipment, the scene of emergency lighting program design, daily emergency lighting equipment skills training, adapt to the environment of emergency lighting equipment research and development are related to the emergency lighting equipment in [&hellip;]<\/p>\n","protected":false},"author":1,"featured_media":0,"parent":1808,"menu_order":0,"comment_status":"closed","ping_status":"closed","template":"","meta":{"_uag_custom_page_level_css":"","site-sidebar-layout":"no-sidebar","site-content-layout":"","ast-site-content-layout":"default","site-content-style":"default","site-sidebar-style":"default","ast-global-header-display":"","ast-banner-title-visibility":"","ast-main-header-display":"","ast-hfb-above-header-display":"","ast-hfb-below-header-display":"","ast-hfb-mobile-header-display":"","site-post-title":"disabled","ast-breadcrumbs-content":"","ast-featured-img":"","footer-sml-layout":"","ast-disable-related-posts":"","theme-transparent-header-meta":"enabled","adv-header-id-meta":"","stick-header-meta":"","header-above-stick-meta":"","header-main-stick-meta":"","header-below-stick-meta":"","astra-migrate-meta-layouts":"set","ast-page-background-enabled":"default","ast-page-background-meta":{"desktop":{"background-color":"var(--ast-global-color-4)","background-image":"","background-repeat":"repeat","background-position":"center center","background-size":"auto","background-attachment":"scroll","background-type":"","background-media":"","overlay-type":"","overlay-color":"","overlay-opacity":"","overlay-gradient":""},"tablet":{"background-color":"","background-image":"","background-repeat":"repeat","background-position":"center center","background-size":"auto","background-attachment":"scroll","background-type":"","background-media":"","overlay-type":"","overlay-color":"","overlay-opacity":"","overlay-gradient":""},"mobile":{"background-color":"","background-image":"","background-repeat":"repeat","background-position":"center center","background-size":"auto","background-attachment":"scroll","background-type":"","background-media":"","overlay-type":"","overlay-color":"","overlay-opacity":"","overlay-gradient":""}},"ast-content-background-meta":{"desktop":{"background-color":"var(--ast-global-color-5)","background-image":"","background-repeat":"repeat","background-position":"center center","background-size":"auto","background-attachment":"scroll","background-type":"","background-media":"","overlay-type":"","overlay-color":"","overlay-opacity":"","overlay-gradient":""},"tablet":{"background-color":"var(--ast-global-color-5)","background-image":"","background-repeat":"repeat","background-position":"center center","background-size":"auto","background-attachment":"scroll","background-type":"","background-media":"","overlay-type":"","overlay-color":"","overlay-opacity":"","overlay-gradient":""},"mobile":{"background-color":"var(--ast-global-color-5)","background-image":"","background-repeat":"repeat","background-position":"center center","background-size":"auto","background-attachment":"scroll","background-type":"","background-media":"","overlay-type":"","overlay-color":"","overlay-opacity":"","overlay-gradient":""}},"footnotes":""},"class_list":["post-2251","page","type-page","status-publish","hentry"],"uagb_featured_image_src":{"full":false,"thumbnail":false,"medium":false,"medium_large":false,"large":false,"1536x1536":false,"2048x2048":false,"trp-custom-language-flag":false},"uagb_author_info":{"display_name":"Joe","author_link":"https:\/\/led.amasly.com\/it\/author\/jacklin\/"},"uagb_comment_info":0,"uagb_excerpt":"Outdoor Emergency Lighting Solutions Outdoor Emergency Lighting Solutions Introduce: Emergency lighting equipment as a power emergency disposal in an essential kind of equipment, the scene of emergency lighting program design, daily emergency lighting equipment skills training, adapt to the environment of emergency lighting equipment research and development are related to the emergency lighting equipment in&hellip;","_links":{"self":[{"href":"https:\/\/led.amasly.com\/it\/wp-json\/wp\/v2\/pages\/2251","targetHints":{"allow":["GET"]}}],"collection":[{"href":"https:\/\/led.amasly.com\/it\/wp-json\/wp\/v2\/pages"}],"about":[{"href":"https:\/\/led.amasly.com\/it\/wp-json\/wp\/v2\/types\/page"}],"author":[{"embeddable":true,"href":"https:\/\/led.amasly.com\/it\/wp-json\/wp\/v2\/users\/1"}],"replies":[{"embeddable":true,"href":"https:\/\/led.amasly.com\/it\/wp-json\/wp\/v2\/comments?post=2251"}],"version-history":[{"count":2,"href":"https:\/\/led.amasly.com\/it\/wp-json\/wp\/v2\/pages\/2251\/revisions"}],"predecessor-version":[{"id":4580,"href":"https:\/\/led.amasly.com\/it\/wp-json\/wp\/v2\/pages\/2251\/revisions\/4580"}],"up":[{"embeddable":true,"href":"https:\/\/led.amasly.com\/it\/wp-json\/wp\/v2\/pages\/1808"}],"wp:attachment":[{"href":"https:\/\/led.amasly.com\/it\/wp-json\/wp\/v2\/media?parent=2251"}],"curies":[{"name":"wp","href":"https:\/\/api.w.org\/{rel}","templated":true}]}}