{"id":1872,"date":"2025-02-17T20:35:48","date_gmt":"2025-02-17T12:35:48","guid":{"rendered":"https:\/\/led.amasly.com\/?page_id=1872"},"modified":"2026-01-22T13:29:38","modified_gmt":"2026-01-22T05:29:38","slug":"spray-paint-booth-lighting-solution","status":"publish","type":"page","link":"https:\/\/led.amasly.com\/it\/solutions\/spray-paint-booth-lighting-solution\/","title":{"rendered":"Soluzione per l'illuminazione della cabina di verniciatura a spruzzo"},"content":{"rendered":"<div class=\"wp-block-uagb-container uagb-block-27bae773 alignfull uagb-is-root-container\"><div class=\"uagb-container-inner-blocks-wrap\"><\/div><\/div>\n\n\n\n<h1 class=\"wp-block-heading has-text-align-center\">Soluzione per l'illuminazione della cabina di verniciatura a spruzzo<\/h1>\n\n\n\n<h2 class=\"wp-block-heading\">Soluzione per l'illuminazione della cabina di verniciatura a spruzzo Introduzione:<\/h2>\n\n\n\n<p class=\"has-medium-font-size\">La cabina di verniciatura \u00e8 un luogo dedicato a processi come la verniciatura di automobili. L'illuminazione \u00e8 una delle condizioni importanti per garantire il regolare svolgimento del lavoro di verniciatura. Di seguito verranno presentati i requisiti standard per l'illuminazione della cabina di verniciatura, per garantire la sicurezza e l'efficienza dell'ambiente di lavoro. <\/p>\n\n\n\n<div class=\"wp-block-uagb-image uagb-block-5cafb6e3 wp-block-uagb-image--layout-default wp-block-uagb-image--effect-static wp-block-uagb-image--align-none\"><figure class=\"wp-block-uagb-image__figure\"><img decoding=\"async\" srcset=\"https:\/\/led.amasly.com\/wp-content\/uploads\/2025\/02\/ae1190ec525cf7c5f16750c1ae3fc57b_u34809169623780316508fm253fmtautoapp138fJPEG_w750h500.jpg ,https:\/\/led.amasly.com\/wp-content\/uploads\/2025\/02\/ae1190ec525cf7c5f16750c1ae3fc57b_u34809169623780316508fm253fmtautoapp138fJPEG_w750h500.jpg 780w, https:\/\/led.amasly.com\/wp-content\/uploads\/2025\/02\/ae1190ec525cf7c5f16750c1ae3fc57b_u34809169623780316508fm253fmtautoapp138fJPEG_w750h500.jpg 360w\" sizes=\"auto, (max-width: 480px) 150px\" src=\"https:\/\/led.amasly.com\/wp-content\/uploads\/2025\/02\/ae1190ec525cf7c5f16750c1ae3fc57b_u34809169623780316508fm253fmtautoapp138fJPEG_w750h500.jpg\" alt=\"Spray Paint Booth Lighting Solution \" class=\"uag-image-1873\" width=\"750\" height=\"500\" title=\"Soluzione per l&#039;illuminazione della cabina di verniciatura a spruzzo \" loading=\"lazy\" role=\"img\"\/><\/figure><\/div>\n\n\n\n<h3 class=\"wp-block-heading has-medium-font-size\">In primo luogo, soluzione per l'illuminazione della cabina di verniciatura a spruzzo: l'intensit\u00e0 dell'illuminazione della cabina di verniciatura deve essere conforme agli standard nazionali pertinenti. <\/h3>\n\n\n\n<p class=\"has-medium-font-size\">In generale, l'intensit\u00e0 dell'illuminazione della cabina di verniciatura deve essere compresa tra 500 e 1000 lux per garantire che il personale possa vedere chiaramente l'area di lavoro ed evitare errori di lavoro o incidenti causati da una luce insufficiente.<\/p>\n\n\n\n<h3 class=\"wp-block-heading has-medium-font-size\">In secondo luogo, soluzione per l'illuminazione della cabina di verniciatura a spruzzo: l'apparecchiatura di illuminazione della cabina di verniciatura deve avere determinate prestazioni antideflagranti. <\/h3>\n\n\n\n<p class=\"has-medium-font-size\">La vernice \u00e8 una sostanza chimica infiammabile. Quando la concentrazione di vernice nell'aria raggiunge un certo livello, si incendia ed esplode se esposta a temperature elevate o a fiamme libere. La cabina di verniciatura \u00e8 un luogo in cui la vernice \u00e8 sempre presente. Il rischio di incendio nell'officina della cabina di verniciatura \u00e8 legato al tipo di vernice utilizzata, al metodo di spruzzatura e alla quantit\u00e0 utilizzata, nonch\u00e9 alle condizioni della cabina stessa. In situazioni in cui si utilizzano vernici infiammabili e solventi organici, il rischio di esplosione e incendio \u00e8 maggiore. Gli incidenti di esplosione e incendio possono causare gravi perdite di vite umane e di beni e compromettere seriamente il normale processo produttivo. <\/p>\n\n\n\n<p class=\"has-medium-font-size\">Le lampade antideflagranti sono lampade che adottano varie misure specifiche per prevenire l'accensione di miscele esplosive circostanti, come ambienti con gas esplosivi, ambienti con polveri esplosive e gas. In altre parole, le lampade antideflagranti a LED non avranno la possibilit\u00e0 di combustione ed esplosione a contatto con gas esplosivi e potranno svolgere un ruolo antideflagrante. Allo stesso tempo, il livello di protezione delle apparecchiature di illuminazione deve soddisfare anche i requisiti dell'ambiente di lavoro della cabina di verniciatura, per evitare che le lampade vengano danneggiate da polvere, gas corrosivi, ecc.<\/p>\n\n\n\n<div class=\"wp-block-uagb-image uagb-block-70264c38 wp-block-uagb-image--layout-default wp-block-uagb-image--effect-static wp-block-uagb-image--align-none\"><figure class=\"wp-block-uagb-image__figure\"><img decoding=\"async\" srcset=\"https:\/\/led.amasly.com\/wp-content\/uploads\/2025\/02\/c2956f7d5b3578c1a7dd90ac99459aab_u1350078580711437809fm253fmtautoapp138fJPEG_w667h500.jpg ,https:\/\/led.amasly.com\/wp-content\/uploads\/2025\/02\/c2956f7d5b3578c1a7dd90ac99459aab_u1350078580711437809fm253fmtautoapp138fJPEG_w667h500.jpg 780w, https:\/\/led.amasly.com\/wp-content\/uploads\/2025\/02\/c2956f7d5b3578c1a7dd90ac99459aab_u1350078580711437809fm253fmtautoapp138fJPEG_w667h500.jpg 360w\" sizes=\"auto, (max-width: 480px) 150px\" src=\"https:\/\/led.amasly.com\/wp-content\/uploads\/2025\/02\/c2956f7d5b3578c1a7dd90ac99459aab_u1350078580711437809fm253fmtautoapp138fJPEG_w667h500.jpg\" alt=\"\" class=\"uag-image-1875\" width=\"500\" height=\"375\" title=\"c2956f7d5b3578c1a7dd90ac99459aab_u=1350078580,711437809&amp;fm=253&amp;fmt=auto&amp;app=138&amp;f=JPEG_w=667&amp;h=500\" loading=\"lazy\" role=\"img\"><\/figure><\/div>\n\n\n\n<p class=\"has-medium-font-size\">Inoltre, le apparecchiature di illuminazione della cabina di verniciatura devono avere una certa resistenza alla corrosione. Le sostanze chimiche e i solventi presenti nella cabina di verniciatura possono causare una certa corrosione delle apparecchiature di illuminazione. Pertanto, i materiali delle apparecchiature di illuminazione devono essere realizzati con materiali con una buona resistenza alla corrosione e sono necessarie ispezioni e manutenzioni regolari per garantirne il normale funzionamento e la durata. <\/p>\n\n\n\n<p class=\"has-medium-font-size\">Inoltre, anche l'impianto di illuminazione della cabina di verniciatura deve avere un certo livello di prestazioni a prova di polvere. Durante il processo di verniciatura a spruzzo, infatti, si produce una grande quantit\u00e0 di particelle fini. Se penetrano all'interno dell'apparecchiatura di illuminazione, non solo influiscono sull'effetto luminoso, ma possono anche causare guasti all'apparecchiatura. Pertanto, le apparecchiature di illuminazione devono essere dotate di efficaci misure antipolvere, come un design sigillato e filtri, per ridurre l'impatto delle particelle esterne sulle apparecchiature. <\/p>\n\n\n\n<h2 class=\"wp-block-heading has-large-font-size\">Soluzione per l'illuminazione della cabina di verniciatura a spruzzo: Requisiti per l'illuminazione di una cabina di verniciatura:<\/h2>\n\n\n\n<p class=\"has-medium-font-size\">1. Intensit\u00e0 di illuminazione adeguata: La cabina di verniciatura deve fornire un'intensit\u00e0 di illuminazione sufficiente a garantire che i lavoratori possano vedere con precisione l'area di lavoro e gli oggetti lavorati. In genere, l'intensit\u00e0 dell'illuminazione dovrebbe essere compresa tra 500 e 1000 lux. <\/p>\n\n\n\n<div class=\"wp-block-uagb-image uagb-block-5a9e8c5b wp-block-uagb-image--layout-default wp-block-uagb-image--effect-static wp-block-uagb-image--align-none\"><figure class=\"wp-block-uagb-image__figure\"><a class=\"\" href=\"https:\/\/led.amasly.com\/it\/\" target=\"\" rel=\"noopener\"><img decoding=\"async\" srcset=\"https:\/\/led.amasly.com\/wp-content\/uploads\/2025\/02\/ce5b1501b901acdd8f26292758e2967e_painter-5956474_1280-1024x683.jpg ,https:\/\/led.amasly.com\/wp-content\/uploads\/2025\/02\/ce5b1501b901acdd8f26292758e2967e_painter-5956474_1280.jpg 780w, https:\/\/led.amasly.com\/wp-content\/uploads\/2025\/02\/ce5b1501b901acdd8f26292758e2967e_painter-5956474_1280.jpg 360w\" sizes=\"auto, (max-width: 480px) 150px\" src=\"https:\/\/led.amasly.com\/wp-content\/uploads\/2025\/02\/ce5b1501b901acdd8f26292758e2967e_painter-5956474_1280-1024x683.jpg\" alt=\"\" class=\"uag-image-1876\" width=\"1280\" height=\"854\" title=\"ce5b1501b901acdd8f26292758e2967e_painter-5956474_1280\" loading=\"lazy\" role=\"img\"><\/a><\/figure><\/div>\n\n\n\n<p class=\"has-medium-font-size\">2. Distribuzione uniforme dell'illuminazione: Il processo di verniciatura richiede una distribuzione uniforme dell'illuminazione per evitare l'ostruzione visiva causata da ombre o riflessi. Pertanto, nella cabina di verniciatura devono essere installati pi\u00f9 apparecchi di illuminazione per garantire che l'intera area di lavoro sia illuminata in modo uniforme. <\/p>\n\n\n\n<p class=\"has-medium-font-size\">3. Buona resa cromatica: Il sistema di illuminazione della cabina di verniciatura deve avere una buona resa cromatica per garantire la visualizzazione accurata dei colori degli oggetti spruzzati. Scegliere apparecchiature e apparecchi di illuminazione adeguati per ridurre al minimo la distorsione dei colori. <\/p>\n\n\n\n<p class=\"has-medium-font-size\">4. Apparecchiature di illuminazione a prova di esplosione: L'apparecchiatura di illuminazione della cabina di verniciatura deve soddisfare i requisiti antideflagranti per evitare incidenti causati da incendi o esplosioni durante il processo di verniciatura a spruzzo. Utilizzare lampade antideflagranti e sistemi di illuminazione appositamente progettati per garantire la sicurezza dell'ambiente di lavoro. <\/p>\n\n\n\n<p class=\"has-medium-font-size\">5. Design antipolvere: Durante il processo di verniciatura, si produce una grande quantit\u00e0 di polvere volante e di particelle fini. Le apparecchiature di illuminazione della cabina di verniciatura devono avere un design a prova di polvere per evitare che la polvere penetri negli apparecchi di illuminazione, causando guasti alle lampade o compromettendo l'effetto luminoso. <\/p>\n\n\n\n<p class=\"has-medium-font-size\">6. Angolo di illuminazione regolabile: Durante il processo di verniciatura, gli operatori possono aver bisogno di regolare l'angolo di illuminazione per ottenere il miglior effetto visivo. Pertanto, le apparecchiature di illuminazione della cabina di verniciatura devono avere un angolo di illuminazione regolabile per soddisfare le diverse esigenze operative. <\/p>\n\n\n\n<div class=\"wp-block-uagb-image uagb-block-2134e63a wp-block-uagb-image--layout-default wp-block-uagb-image--effect-static wp-block-uagb-image--align-none\"><figure class=\"wp-block-uagb-image__figure\"><img decoding=\"async\" srcset=\"https:\/\/led.amasly.com\/wp-content\/uploads\/2025\/02\/88150ef17596ea36df23e5b819afb9e2_u42383924702067432178fm253fmtautoapp138fJPEG_w751h500.jpg ,https:\/\/led.amasly.com\/wp-content\/uploads\/2025\/02\/88150ef17596ea36df23e5b819afb9e2_u42383924702067432178fm253fmtautoapp138fJPEG_w751h500.jpg 780w, https:\/\/led.amasly.com\/wp-content\/uploads\/2025\/02\/88150ef17596ea36df23e5b819afb9e2_u42383924702067432178fm253fmtautoapp138fJPEG_w751h500.jpg 360w\" sizes=\"auto, (max-width: 480px) 150px\" src=\"https:\/\/led.amasly.com\/wp-content\/uploads\/2025\/02\/88150ef17596ea36df23e5b819afb9e2_u42383924702067432178fm253fmtautoapp138fJPEG_w751h500.jpg\" alt=\"\" class=\"uag-image-1877\" width=\"751\" height=\"500\" title=\"88150ef17596ea36df23e5b819afb9e2_u=4238392470,2067432178&amp;fm=253&amp;fmt=auto&amp;app=138&amp;f=JPEG_w=751&amp;h=500\" loading=\"lazy\" role=\"img\"><\/figure><\/div>\n\n\n\n<p class=\"has-medium-font-size\">In conclusione, esistono alcuni standard per l'illuminazione delle cabine di verniciatura. L'intensit\u00e0 della luce, le prestazioni antideflagranti, la resistenza alla corrosione e alla polvere sono fattori importanti da considerare nella progettazione dell'illuminazione delle cabine di verniciatura. Solo rispettando questi requisiti \u00e8 possibile garantire la sicurezza e l'efficienza del lavoro di verniciatura a spruzzo. Pertanto, nella progettazione dell'illuminazione e nella scelta delle attrezzature delle cabine di verniciatura, \u00e8 necessario operare in stretta conformit\u00e0 con gli standard pertinenti per garantire buone condizioni di lavoro e la sicurezza degli operatori.<\/p>\n\n\n\n<p>Standard: <a href=\"http:\/\/www.iec.com\" rel=\"nofollow noopener\" target=\"_blank\">IEC 60598 IEC60079<\/a><\/p>\n\n\n\n<div class=\"wp-block-uagb-container uagb-block-c7d898dd alignfull uagb-is-root-container\"><div class=\"uagb-container-inner-blocks-wrap\"><\/div><\/div>\n\n\n\n<h2 class=\"wp-block-heading\">Prodotti correlati<\/h2>\n\n\n\n<div class=\"wp-block-uagb-container uagb-block-66e4defc alignfull uagb-is-root-container\"><div class=\"uagb-container-inner-blocks-wrap\">\n<div class=\"wp-block-uagb-container uagb-block-a42945f9\">\n<div class=\"wp-block-uagb-image uagb-block-7296296b wp-block-uagb-image--layout-default wp-block-uagb-image--effect-static wp-block-uagb-image--align-none\"><figure class=\"wp-block-uagb-image__figure\"><a class=\"\" href=\"https:\/\/led.amasly.com\/it\/products\/\" target=\"\" rel=\"noopener\"><img decoding=\"async\" srcset=\"https:\/\/led.amasly.com\/wp-content\/uploads\/2024\/09\/Explosion-proof-high-bay-lights.png ,https:\/\/led.amasly.com\/wp-content\/uploads\/2024\/09\/Explosion-proof-high-bay-lights.png 780w, https:\/\/led.amasly.com\/wp-content\/uploads\/2024\/09\/Explosion-proof-high-bay-lights.png 360w\" sizes=\"auto, (max-width: 480px) 150px\" src=\"https:\/\/led.amasly.com\/wp-content\/uploads\/2024\/09\/Explosion-proof-high-bay-lights.png\" alt=\"\" class=\"uag-image-1495\" width=\"300\" height=\"300\" title=\"Luci a baia antideflagranti\" loading=\"lazy\" role=\"img\"><\/a><\/figure><\/div>\n<\/div>\n\n\n\n<div class=\"wp-block-uagb-container uagb-block-4d3efde5\">\n<div class=\"wp-block-uagb-image uagb-block-c9e90797 wp-block-uagb-image--layout-default wp-block-uagb-image--effect-static wp-block-uagb-image--align-none\"><figure class=\"wp-block-uagb-image__figure\"><a class=\"\" href=\"https:\/\/led.amasly.com\/it\/products\/\" target=\"\" rel=\"noopener\"><img decoding=\"async\" srcset=\"https:\/\/led.amasly.com\/wp-content\/uploads\/2024\/07\/LED-tri-proof-lights2.png ,https:\/\/led.amasly.com\/wp-content\/uploads\/2024\/07\/LED-tri-proof-lights2.png 780w, https:\/\/led.amasly.com\/wp-content\/uploads\/2024\/07\/LED-tri-proof-lights2.png 360w\" sizes=\"auto, (max-width: 480px) 150px\" src=\"https:\/\/led.amasly.com\/wp-content\/uploads\/2024\/07\/LED-tri-proof-lights2.png\" alt=\"\" class=\"uag-image-1132\" width=\"300\" height=\"300\" title=\"Luci a prova di LED2\" loading=\"lazy\" role=\"img\"><\/a><\/figure><\/div>\n<\/div>\n\n\n\n<div class=\"wp-block-uagb-container uagb-block-11c2578b\">\n<div class=\"wp-block-uagb-image uagb-block-6e8883aa wp-block-uagb-image--layout-default wp-block-uagb-image--effect-static wp-block-uagb-image--align-none\"><figure class=\"wp-block-uagb-image__figure\"><a class=\"\" href=\"https:\/\/led.amasly.com\/it\/products\/\" target=\"\" rel=\"noopener\"><img decoding=\"async\" srcset=\"https:\/\/led.amasly.com\/wp-content\/uploads\/2024\/09\/LED-Explosion-Proof-Gas-Station-Light.png ,https:\/\/led.amasly.com\/wp-content\/uploads\/2024\/09\/LED-Explosion-Proof-Gas-Station-Light.png 780w, https:\/\/led.amasly.com\/wp-content\/uploads\/2024\/09\/LED-Explosion-Proof-Gas-Station-Light.png 360w\" sizes=\"auto, (max-width: 480px) 150px\" src=\"https:\/\/led.amasly.com\/wp-content\/uploads\/2024\/09\/LED-Explosion-Proof-Gas-Station-Light.png\" alt=\"\" class=\"uag-image-1501\" width=\"300\" height=\"300\" title=\"Luce della stazione di servizio a prova di esplosione a LED\" loading=\"lazy\" role=\"img\"><\/a><\/figure><\/div>\n<\/div>\n<\/div><\/div>\n\n\n\n<div class=\"wp-block-uagb-container uagb-block-548945b5 alignfull uagb-is-root-container\"><div class=\"uagb-container-inner-blocks-wrap\">\n<div class=\"wp-block-uagb-container uagb-block-967755d5\">\n<h4 class=\"wp-block-heading has-text-align-center\"><a href=\"https:\/\/led.amasly.com\/it\/products\/\">Luci LED a prova di esplosione<\/a><\/h4>\n<\/div>\n\n\n\n<div class=\"wp-block-uagb-container uagb-block-9bc52fc2\">\n<h4 class=\"wp-block-heading has-text-align-center\"><a href=\"https:\/\/led.amasly.com\/it\/products\/\">Luci a LED a prova di tris<\/a><\/h4>\n<\/div>\n\n\n\n<div class=\"wp-block-uagb-container uagb-block-8ffa0a23\">\n<h4 class=\"wp-block-heading has-text-align-center\"><a href=\"https:\/\/led.amasly.com\/it\/products\/\">Luci per stazioni di servizio a prova di esplosione<\/a><\/h4>\n<\/div>\n<\/div><\/div>\n\n\n\n<div class=\"wp-block-uagb-container uagb-block-29499fe0 alignfull uagb-is-root-container\"><div class=\"uagb-container-inner-blocks-wrap\">\n<div class=\"wp-block-uagb-container uagb-block-777ee1c7\">\n<div class=\"wp-block-uagb-image uagb-block-2e9a1851 wp-block-uagb-image--layout-default wp-block-uagb-image--effect-static wp-block-uagb-image--align-none\"><figure class=\"wp-block-uagb-image__figure\"><a class=\"\" href=\"https:\/\/led.amasly.com\/it\/products\/\" target=\"\" rel=\"noopener\"><img decoding=\"async\" srcset=\"https:\/\/led.amasly.com\/wp-content\/uploads\/2024\/10\/50W-100W-150W-200W-300W-LED-Flood-Light.jpg ,https:\/\/led.amasly.com\/wp-content\/uploads\/2024\/10\/50W-100W-150W-200W-300W-LED-Flood-Light.jpg 780w, https:\/\/led.amasly.com\/wp-content\/uploads\/2024\/10\/50W-100W-150W-200W-300W-LED-Flood-Light.jpg 360w\" sizes=\"auto, (max-width: 480px) 150px\" src=\"https:\/\/led.amasly.com\/wp-content\/uploads\/2024\/10\/50W-100W-150W-200W-300W-LED-Flood-Light.jpg\" alt=\"\" class=\"uag-image-1526\" width=\"300\" height=\"300\" title=\"50W 100W 150W 200W 300W Luce di inondazione LED\" loading=\"lazy\" role=\"img\"><\/a><\/figure><\/div>\n<\/div>\n\n\n\n<div class=\"wp-block-uagb-container uagb-block-af8c8683\">\n<div class=\"wp-block-uagb-image uagb-block-67947854 wp-block-uagb-image--layout-default wp-block-uagb-image--effect-static wp-block-uagb-image--align-none\"><figure class=\"wp-block-uagb-image__figure\"><a class=\"\" href=\"https:\/\/led.amasly.com\/it\/products\/\" target=\"\" rel=\"noopener\"><img decoding=\"async\" srcset=\"https:\/\/led.amasly.com\/wp-content\/uploads\/2024\/07\/led-tri-proof-light.png ,https:\/\/led.amasly.com\/wp-content\/uploads\/2024\/07\/led-tri-proof-light.png 780w, https:\/\/led.amasly.com\/wp-content\/uploads\/2024\/07\/led-tri-proof-light.png 360w\" sizes=\"auto, (max-width: 480px) 150px\" src=\"https:\/\/led.amasly.com\/wp-content\/uploads\/2024\/07\/led-tri-proof-light.png\" alt=\"\" class=\"uag-image-1130\" width=\"300\" height=\"300\" title=\"luce a led tri-proof\" loading=\"lazy\" role=\"img\"><\/a><\/figure><\/div>\n<\/div>\n\n\n\n<div class=\"wp-block-uagb-container uagb-block-0fdfdd58\">\n<div class=\"wp-block-uagb-image uagb-block-1187d32d wp-block-uagb-image--layout-default wp-block-uagb-image--effect-static wp-block-uagb-image--align-none\"><figure class=\"wp-block-uagb-image__figure\"><a class=\"\" href=\"https:\/\/led.amasly.com\/it\/products\/\" target=\"\" rel=\"noopener\"><img decoding=\"async\" srcset=\"https:\/\/led.amasly.com\/wp-content\/uploads\/2024\/07\/LED-street-light.jpg ,https:\/\/led.amasly.com\/wp-content\/uploads\/2024\/07\/LED-street-light.jpg 780w, https:\/\/led.amasly.com\/wp-content\/uploads\/2024\/07\/LED-street-light.jpg 360w\" sizes=\"auto, (max-width: 480px) 150px\" src=\"https:\/\/led.amasly.com\/wp-content\/uploads\/2024\/07\/LED-street-light.jpg\" alt=\"\" class=\"uag-image-1145\" width=\"300\" height=\"300\" title=\"Illuminazione stradale a LED\" loading=\"lazy\" role=\"img\"><\/a><\/figure><\/div>\n<\/div>\n<\/div><\/div>\n\n\n\n<div class=\"wp-block-uagb-container uagb-block-6a60882c alignfull uagb-is-root-container\"><div class=\"uagb-container-inner-blocks-wrap\">\n<div class=\"wp-block-uagb-container uagb-block-f1e91a35\">\n<h4 class=\"wp-block-heading has-text-align-center\"><a href=\"https:\/\/led.amasly.com\/it\/products\/\">Luci LED Flood<\/a><\/h4>\n<\/div>\n\n\n\n<div class=\"wp-block-uagb-container uagb-block-165bfa58\">\n<h4 class=\"wp-block-heading has-text-align-center\"><a href=\"https:\/\/led.amasly.com\/it\/products\/\">Luci tubolari triprofessionali a LED<\/a><\/h4>\n<\/div>\n\n\n\n<div class=\"wp-block-uagb-container uagb-block-f6096e3b\">\n<h4 class=\"wp-block-heading has-text-align-center\"><a href=\"https:\/\/led.amasly.com\/it\/products\/\">Luci stradali a LED<\/a><\/h4>\n<\/div>\n<\/div><\/div>\n\n\n\n<p><\/p>","protected":false},"excerpt":{"rendered":"<p>Spray Paint Booth Lighting Solution Spray Paint Booth Lighting Solution Introduce: The spray booth is a dedicated place for processes such as car painting. Lighting is one of the important conditions to ensure the smooth progress of the painting work. The following will introduce the standard requirements for lighting in the spray booth to ensure [&hellip;]<\/p>\n","protected":false},"author":1,"featured_media":0,"parent":1808,"menu_order":0,"comment_status":"closed","ping_status":"closed","template":"","meta":{"_uag_custom_page_level_css":"","site-sidebar-layout":"no-sidebar","site-content-layout":"","ast-site-content-layout":"default","site-content-style":"default","site-sidebar-style":"default","ast-global-header-display":"","ast-banner-title-visibility":"","ast-main-header-display":"","ast-hfb-above-header-display":"","ast-hfb-below-header-display":"","ast-hfb-mobile-header-display":"","site-post-title":"disabled","ast-breadcrumbs-content":"","ast-featured-img":"","footer-sml-layout":"","ast-disable-related-posts":"","theme-transparent-header-meta":"enabled","adv-header-id-meta":"","stick-header-meta":"","header-above-stick-meta":"","header-main-stick-meta":"","header-below-stick-meta":"","astra-migrate-meta-layouts":"set","ast-page-background-enabled":"default","ast-page-background-meta":{"desktop":{"background-color":"var(--ast-global-color-4)","background-image":"","background-repeat":"repeat","background-position":"center center","background-size":"auto","background-attachment":"scroll","background-type":"","background-media":"","overlay-type":"","overlay-color":"","overlay-opacity":"","overlay-gradient":""},"tablet":{"background-color":"","background-image":"","background-repeat":"repeat","background-position":"center center","background-size":"auto","background-attachment":"scroll","background-type":"","background-media":"","overlay-type":"","overlay-color":"","overlay-opacity":"","overlay-gradient":""},"mobile":{"background-color":"","background-image":"","background-repeat":"repeat","background-position":"center center","background-size":"auto","background-attachment":"scroll","background-type":"","background-media":"","overlay-type":"","overlay-color":"","overlay-opacity":"","overlay-gradient":""}},"ast-content-background-meta":{"desktop":{"background-color":"var(--ast-global-color-5)","background-image":"","background-repeat":"repeat","background-position":"center center","background-size":"auto","background-attachment":"scroll","background-type":"","background-media":"","overlay-type":"","overlay-color":"","overlay-opacity":"","overlay-gradient":""},"tablet":{"background-color":"var(--ast-global-color-5)","background-image":"","background-repeat":"repeat","background-position":"center center","background-size":"auto","background-attachment":"scroll","background-type":"","background-media":"","overlay-type":"","overlay-color":"","overlay-opacity":"","overlay-gradient":""},"mobile":{"background-color":"var(--ast-global-color-5)","background-image":"","background-repeat":"repeat","background-position":"center center","background-size":"auto","background-attachment":"scroll","background-type":"","background-media":"","overlay-type":"","overlay-color":"","overlay-opacity":"","overlay-gradient":""}},"footnotes":""},"class_list":["post-1872","page","type-page","status-publish","hentry"],"uagb_featured_image_src":{"full":false,"thumbnail":false,"medium":false,"medium_large":false,"large":false,"1536x1536":false,"2048x2048":false,"trp-custom-language-flag":false},"uagb_author_info":{"display_name":"Joe","author_link":"https:\/\/led.amasly.com\/it\/author\/jacklin\/"},"uagb_comment_info":0,"uagb_excerpt":"Spray Paint Booth Lighting Solution Spray Paint Booth Lighting Solution Introduce: The spray booth is a dedicated place for processes such as car painting. Lighting is one of the important conditions to ensure the smooth progress of the painting work. The following will introduce the standard requirements for lighting in the spray booth to ensure&hellip;","_links":{"self":[{"href":"https:\/\/led.amasly.com\/it\/wp-json\/wp\/v2\/pages\/1872","targetHints":{"allow":["GET"]}}],"collection":[{"href":"https:\/\/led.amasly.com\/it\/wp-json\/wp\/v2\/pages"}],"about":[{"href":"https:\/\/led.amasly.com\/it\/wp-json\/wp\/v2\/types\/page"}],"author":[{"embeddable":true,"href":"https:\/\/led.amasly.com\/it\/wp-json\/wp\/v2\/users\/1"}],"replies":[{"embeddable":true,"href":"https:\/\/led.amasly.com\/it\/wp-json\/wp\/v2\/comments?post=1872"}],"version-history":[{"count":4,"href":"https:\/\/led.amasly.com\/it\/wp-json\/wp\/v2\/pages\/1872\/revisions"}],"predecessor-version":[{"id":4586,"href":"https:\/\/led.amasly.com\/it\/wp-json\/wp\/v2\/pages\/1872\/revisions\/4586"}],"up":[{"embeddable":true,"href":"https:\/\/led.amasly.com\/it\/wp-json\/wp\/v2\/pages\/1808"}],"wp:attachment":[{"href":"https:\/\/led.amasly.com\/it\/wp-json\/wp\/v2\/media?parent=1872"}],"curies":[{"name":"wp","href":"https:\/\/api.w.org\/{rel}","templated":true}]}}