{"id":1840,"date":"2025-02-16T08:44:30","date_gmt":"2025-02-16T00:44:30","guid":{"rendered":"https:\/\/led.amasly.com\/?page_id=1840"},"modified":"2026-01-22T11:41:25","modified_gmt":"2026-01-22T03:41:25","slug":"soluzione-per-lilluminazione-delle-stazioni-di-servizio","status":"publish","type":"page","link":"https:\/\/led.amasly.com\/it\/soluzioni\/soluzione-per-lilluminazione-delle-stazioni-di-servizio\/","title":{"rendered":"Soluzione per l'illuminazione delle stazioni di servizio"},"content":{"rendered":"<div class=\"wp-block-uagb-container uagb-block-27bae773 alignfull uagb-is-root-container\"><div class=\"uagb-container-inner-blocks-wrap\"><\/div><\/div>\n\n\n\n<h1 class=\"wp-block-heading has-text-align-center\">Soluzione per l'illuminazione delle stazioni di servizio<\/h1>\n\n\n\n<h2 class=\"wp-block-heading\">Soluzione per l'illuminazione delle stazioni di servizio Introduzione:<\/h2>\n\n\n\n<p class=\"has-medium-font-size\">Con il continuo adeguamento della struttura strategica dell'energia e i crescenti sforzi dell'energia pulita e a basse emissioni di carbonio e altri fattori, i giganti dell'energia tradizionale della China National Petroleum Corporation hanno accelerato la diffusione e l'adeguamento del sistema di approvvigionamento energetico non petrolifero e faranno affidamento sui propri vantaggi in termini di risorse per formare un sistema di approvvigionamento energetico diversificato che integri la benzina tradizionale, il diesel, il carburante per veicoli a base di alcol, il biodiesel e le pile di ricarica. Anche l'aspetto generale \u00e8 alla ricerca di un nuovo aggiornamento.<\/p>\n\n\n\n<div class=\"wp-block-uagb-image uagb-block-6d9ee0c1 wp-block-uagb-image--layout-default wp-block-uagb-image--effect-static wp-block-uagb-image--align-none\"><figure class=\"wp-block-uagb-image__figure\"><img decoding=\"async\" srcset=\"https:\/\/led.amasly.com\/wp-content\/uploads\/2025\/02\/China-National-Petroleum-Corporation.jpg ,https:\/\/led.amasly.com\/wp-content\/uploads\/2025\/02\/China-National-Petroleum-Corporation.jpg 780w, https:\/\/led.amasly.com\/wp-content\/uploads\/2025\/02\/China-National-Petroleum-Corporation.jpg 360w\" sizes=\"auto, (max-width: 480px) 150px\" src=\"https:\/\/led.amasly.com\/wp-content\/uploads\/2025\/02\/China-National-Petroleum-Corporation.jpg\" alt=\"Soluzione per l&#039;illuminazione delle stazioni di servizio\" class=\"uag-image-1843\" width=\"917\" height=\"530\" title=\"China National Petroleum Corporation\" loading=\"lazy\" role=\"img\"\/><\/figure><\/div>\n\n\n\n<p class=\"has-medium-font-size\">Attualmente, per\u00f2, molte stazioni di servizio hanno ancora molti problemi e la trasformazione della vecchia illuminazione \u00e8 diventata urgente: 1. L'atmosfera \u00e8 di \u201combra misteriosa\u201d e non c'\u00e8 alcun effetto di illuminazione, il che aumenta la difficolt\u00e0 del lavoro dei dipendenti; 2. Il logo \u00e8 diventato una decorazione, non \u00e8 chiaro e il riconoscimento del marchio non \u00e8 elevato; 3. L'illuminazione non \u00e8 divisa, il minimarket si confonde con l'area di rifornimento e l'orientamento del cliente \u00e8 scarso; 4. L'uso e l'installazione delle lampade non sono standardizzati e ci sono rischi per la sicurezza; 5. L'illuminazione non \u00e8 standardizzata e non c'\u00e8 rischio di sicurezza. L'illuminazione non \u00e8 divisa, il minimarket si confonde con l'area di rifornimento e l'orientamento del cliente \u00e8 scarso; 4. L'uso e l'installazione delle lampade non sono standardizzati e ci sono rischi per la sicurezza; 5. Non \u00e8 a risparmio energetico e non rispetta l'ambiente, \u00e8 sempre acceso di notte e manca un efficace controllo dei costi di illuminazione e mezzi di monitoraggio della sicurezza. 6. La marca utilizzata dalle lampade \u00e8 disordinata, la garanzia post-vendita non pu\u00f2 essere garantita e i costi di costruzione e manutenzione per la ristrutturazione sono elevati.<\/p>\n\n\n\n<div class=\"wp-block-uagb-image uagb-block-81e9d32c wp-block-uagb-image--layout-default wp-block-uagb-image--effect-static wp-block-uagb-image--align-none\"><figure class=\"wp-block-uagb-image__figure\"><img decoding=\"async\" srcset=\"https:\/\/led.amasly.com\/wp-content\/uploads\/2025\/02\/gas-station-1024x1024.png ,https:\/\/led.amasly.com\/wp-content\/uploads\/2025\/02\/gas-station.png 780w, https:\/\/led.amasly.com\/wp-content\/uploads\/2025\/02\/gas-station.png 360w\" sizes=\"auto, (max-width: 480px) 150px\" src=\"https:\/\/led.amasly.com\/wp-content\/uploads\/2025\/02\/gas-station-1024x1024.png\" alt=\"\" class=\"uag-image-1844\" width=\"1200\" height=\"1200\" title=\"stazione di servizio\" loading=\"lazy\" role=\"img\"><\/figure><\/div>\n\n\n\n<p class=\"has-medium-font-size\">In risposta ai problemi comuni di cui sopra, il sistema di illuminazione intelligente utilizza le caratteristiche di basso consumo energetico e alta illuminazione della sorgente luminosa a LED e, attraverso un controllo intelligente, riduce il consumo di energia secondaria delle stazioni di servizio, riduce i costi operativi, il risparmio energetico e la riduzione delle emissioni, la protezione dell'ambiente verde.<\/p>\n\n\n\n<p class=\"has-medium-font-size\">Un buon ambiente di illuminazione per le stazioni di servizio creer\u00e0 spunti psicologici positivi per i clienti, offrendo un'esperienza di consumo sicura e garantita. In questo progetto sono stati affrontati principalmente quattro aspetti del miglioramento dell'illuminazione.<\/p>\n\n\n\n<h3 class=\"wp-block-heading\">Applicazione della soluzione per l'illuminazione delle stazioni di servizio<\/h3>\n\n\n\n<div class=\"wp-block-uagb-image uagb-block-f354a516 wp-block-uagb-image--layout-default wp-block-uagb-image--effect-static wp-block-uagb-image--align-none\"><figure class=\"wp-block-uagb-image__figure\"><img decoding=\"async\" srcset=\"https:\/\/led.amasly.com\/wp-content\/uploads\/2025\/02\/11-1024x287.jpg ,https:\/\/led.amasly.com\/wp-content\/uploads\/2025\/02\/11.jpg 780w, https:\/\/led.amasly.com\/wp-content\/uploads\/2025\/02\/11.jpg 360w\" sizes=\"auto, (max-width: 480px) 150px\" src=\"https:\/\/led.amasly.com\/wp-content\/uploads\/2025\/02\/11-1024x287.jpg\" alt=\"\" class=\"uag-image-1847\" width=\"1216\" height=\"341\" title=\"11\" loading=\"lazy\" role=\"img\"><\/figure><\/div>\n\n\n\n<h3 class=\"wp-block-heading\">Soluzione per l'illuminazione delle stazioni di servizio Applicazione per l'illuminazione dei negozi di alimentari<\/h3>\n\n\n\n<div class=\"wp-block-uagb-image uagb-block-2a25457a wp-block-uagb-image--layout-default wp-block-uagb-image--effect-static wp-block-uagb-image--align-none\"><figure class=\"wp-block-uagb-image__figure\"><img decoding=\"async\" srcset=\"https:\/\/led.amasly.com\/wp-content\/uploads\/2025\/02\/22-1024x324.jpg ,https:\/\/led.amasly.com\/wp-content\/uploads\/2025\/02\/22.jpg 780w, https:\/\/led.amasly.com\/wp-content\/uploads\/2025\/02\/22.jpg 360w\" sizes=\"auto, (max-width: 480px) 150px\" src=\"https:\/\/led.amasly.com\/wp-content\/uploads\/2025\/02\/22-1024x324.jpg\" alt=\"\" class=\"uag-image-1848\" width=\"1112\" height=\"352\" title=\"22\" loading=\"lazy\" role=\"img\"><\/figure><\/div>\n\n\n\n<h3 class=\"wp-block-heading\">Soluzione per l'illuminazione delle stazioni di servizio applicazione dell'immagine dell'insegna<\/h3>\n\n\n\n<p>1. Vantaggi dell'apparecchiatura: <\/p>\n\n\n\n<p>Con una forte capacit\u00e0 di carico, un singolo controllore \u00e8 un nodo di controllo, in grado di sostenere un carico di 3200W; <\/p>\n\n\n\n<p>Modalit\u00e0 di comunicazione della rete 4G, stabilit\u00e0 del segnale, segnale del telefono cellulare in grado di soddisfare i requisiti di comunicazione; <\/p>\n\n\n\n<p>\u2462 La funzione di dimmerazione temporizzata e il sensore di complemento di luce lavorano insieme per risparmiare energia elettrica e ridurre il consumo energetico; <\/p>\n\n\n\n<p>2. Vantaggi del controllo: <\/p>\n\n\n\n<p>Controllo temporizzato (notte)+ Controllo a sensore (giorno) <\/p>\n\n\n\n<p>Diurno (07:00-18:00) Modalit\u00e0 sensore: <\/p>\n\n\n\n<p>Quando la luce esterna cambia, il sensore regola automaticamente la luminosit\u00e0 per garantire un'intensit\u00e0 luminosa costante; <\/p>\n\n\n\n<p>Sera (18:00-07:00 del giorno successivo) Modalit\u00e0 di temporizzazione: <\/p>\n\n\n\n<p>08:00-18:00, modalit\u00e0 di temporizzazione, luminosit\u00e0 mantenuta 100%, <\/p>\n\n\n\n<p>18:00-00:00, modalit\u00e0 di temporizzazione, luminosit\u00e0 mantenuta 50%, <\/p>\n\n\n\n<p>00:00-07:00, modalit\u00e0 di temporizzazione, luminosit\u00e0 mantenuta 30%;<\/p>\n\n\n\n<div class=\"wp-block-uagb-image uagb-block-b12c5bc5 wp-block-uagb-image--layout-default wp-block-uagb-image--effect-static wp-block-uagb-image--align-none\"><figure class=\"wp-block-uagb-image__figure\"><img decoding=\"async\" srcset=\"https:\/\/led.amasly.com\/wp-content\/uploads\/2025\/02\/3.png ,https:\/\/led.amasly.com\/wp-content\/uploads\/2025\/02\/3.png 780w, https:\/\/led.amasly.com\/wp-content\/uploads\/2025\/02\/3.png 360w\" sizes=\"auto, (max-width: 480px) 150px\" src=\"https:\/\/led.amasly.com\/wp-content\/uploads\/2025\/02\/3.png\" alt=\"\" class=\"uag-image-1845\" width=\"589\" height=\"276\" title=\"3\" loading=\"lazy\" role=\"img\"><\/figure><\/div>\n\n\n\n<div class=\"wp-block-uagb-image uagb-block-3747e0f9 wp-block-uagb-image--layout-default wp-block-uagb-image--effect-static wp-block-uagb-image--align-none\"><figure class=\"wp-block-uagb-image__figure\"><img decoding=\"async\" srcset=\"https:\/\/led.amasly.com\/wp-content\/uploads\/2025\/02\/4.png ,https:\/\/led.amasly.com\/wp-content\/uploads\/2025\/02\/4.png 780w, https:\/\/led.amasly.com\/wp-content\/uploads\/2025\/02\/4.png 360w\" sizes=\"auto, (max-width: 480px) 150px\" src=\"https:\/\/led.amasly.com\/wp-content\/uploads\/2025\/02\/4.png\" alt=\"\" class=\"uag-image-1846\" width=\"593\" height=\"286\" title=\"4\" loading=\"lazy\" role=\"img\"><\/figure><\/div>\n\n\n\n<h3 class=\"wp-block-heading\">Soluzione per l'illuminazione delle stazioni di servizio per l'illuminazione ausiliaria e l'illuminazione esterna<\/h3>\n\n\n\n<p class=\"has-medium-font-size\">L'uso della luce come mezzo per trasmettere informazioni \u00e8 l'importanza dell'illuminazione ausiliaria e dell'illuminazione esterna. Una maggiore visibilit\u00e0, la riduzione degli angoli bui, possono dare alle persone un senso di sicurezza. Le aree di parcheggio esterne devono essere illuminate solo di notte e la scelta di fonti luminose ad alta efficienza energetica pu\u00f2 ridurre notevolmente i costi energetici.<\/p>\n\n\n\n<div class=\"wp-block-uagb-image uagb-block-afde70e0 wp-block-uagb-image--layout-default wp-block-uagb-image--effect-static wp-block-uagb-image--align-none\"><figure class=\"wp-block-uagb-image__figure\"><img decoding=\"async\" srcset=\"https:\/\/led.amasly.com\/wp-content\/uploads\/2025\/02\/efd2b95be6925e709053e0370375b89b_v2-fe5c2510245f0812c166e9358e4e3c0d_1440w-1024x575.jpg ,https:\/\/led.amasly.com\/wp-content\/uploads\/2025\/02\/efd2b95be6925e709053e0370375b89b_v2-fe5c2510245f0812c166e9358e4e3c0d_1440w.jpg 780w, https:\/\/led.amasly.com\/wp-content\/uploads\/2025\/02\/efd2b95be6925e709053e0370375b89b_v2-fe5c2510245f0812c166e9358e4e3c0d_1440w.jpg 360w\" sizes=\"auto, (max-width: 480px) 150px\" src=\"https:\/\/led.amasly.com\/wp-content\/uploads\/2025\/02\/efd2b95be6925e709053e0370375b89b_v2-fe5c2510245f0812c166e9358e4e3c0d_1440w-1024x575.jpg\" alt=\"\" class=\"uag-image-1849\" width=\"1276\" height=\"717\" title=\"efd2b95be6925e709053e0370375b89b_v2-fe5c2510245f0812c166e9358e4e3c0d_1440w\" loading=\"lazy\" role=\"img\"><\/figure><\/div>\n\n\n\n<p class=\"has-medium-font-size\">Poich\u00e9 la stazione di servizio \u00e8 un luogo infiammabile ed esplosivo, il sistema di controllo intelligente imposta anche la funzione di allarme guasti, sceglie di utilizzare una serie di sensori, esegue calcoli in tempo reale sull'ambiente del sito, ottiene un valore preciso e imposta la valutazione del sensore. Quando i dati in tempo reale misurati dal sensore raggiungono un determinato valore, il sistema trasmette all'utente SMS, e-mail e altre forme di avviso tempestivo. Per consentire al gestore della stazione di servizio di individuare il guasto in tempo, per evitare perdite di propriet\u00e0 e persino di persone.<\/p>\n\n\n\n<p class=\"has-medium-font-size\">Sistema di controllo intelligente, in modo che l'illuminazione della stazione di servizio per raggiungere la scienza e la tecnologia, intelligente, mentre formando un effetto di illuminazione ricca, per fornire ai clienti la migliore esperienza di rifornimento, creare un'atmosfera pi\u00f9 shopping! Allo stesso tempo, non si tratta solo di stazioni di servizio, ma anche di \u201caggiungere centrali elettriche\u201d per la nuova tendenza del futuro.<\/p>\n\n\n\n<p>Standard: <a href=\"http:\/\/www.iec.com\" rel=\"nofollow noopener\" target=\"_blank\">IEC 60598 IEC60079<\/a><\/p>\n\n\n\n<div class=\"wp-block-uagb-container uagb-block-c7d898dd alignfull uagb-is-root-container\"><div class=\"uagb-container-inner-blocks-wrap\"><\/div><\/div>\n\n\n\n<h2 class=\"wp-block-heading\">Prodotti correlati<\/h2>\n\n\n\n<div class=\"wp-block-uagb-container uagb-block-66e4defc alignfull uagb-is-root-container\"><div class=\"uagb-container-inner-blocks-wrap\">\n<div class=\"wp-block-uagb-container uagb-block-a42945f9\">\n<div class=\"wp-block-uagb-image uagb-block-7296296b wp-block-uagb-image--layout-default wp-block-uagb-image--effect-static wp-block-uagb-image--align-none\"><figure class=\"wp-block-uagb-image__figure\"><a class=\"\" href=\"https:\/\/led.amasly.com\/it\/prodotti\/\" target=\"\" rel=\"noopener\"><img decoding=\"async\" srcset=\"https:\/\/led.amasly.com\/wp-content\/uploads\/2024\/09\/Explosion-proof-high-bay-lights.png ,https:\/\/led.amasly.com\/wp-content\/uploads\/2024\/09\/Explosion-proof-high-bay-lights.png 780w, https:\/\/led.amasly.com\/wp-content\/uploads\/2024\/09\/Explosion-proof-high-bay-lights.png 360w\" sizes=\"auto, (max-width: 480px) 150px\" src=\"https:\/\/led.amasly.com\/wp-content\/uploads\/2024\/09\/Explosion-proof-high-bay-lights.png\" alt=\"\" class=\"uag-image-1495\" width=\"300\" height=\"300\" title=\"Luci a baia antideflagranti\" loading=\"lazy\" role=\"img\"><\/a><\/figure><\/div>\n<\/div>\n\n\n\n<div class=\"wp-block-uagb-container uagb-block-4d3efde5\">\n<div class=\"wp-block-uagb-image uagb-block-c9e90797 wp-block-uagb-image--layout-default wp-block-uagb-image--effect-static wp-block-uagb-image--align-none\"><figure class=\"wp-block-uagb-image__figure\"><a class=\"\" href=\"https:\/\/led.amasly.com\/it\/prodotti\/\" target=\"\" rel=\"noopener\"><img decoding=\"async\" srcset=\"https:\/\/led.amasly.com\/wp-content\/uploads\/2024\/07\/LED-tri-proof-lights2.png ,https:\/\/led.amasly.com\/wp-content\/uploads\/2024\/07\/LED-tri-proof-lights2.png 780w, https:\/\/led.amasly.com\/wp-content\/uploads\/2024\/07\/LED-tri-proof-lights2.png 360w\" sizes=\"auto, (max-width: 480px) 150px\" src=\"https:\/\/led.amasly.com\/wp-content\/uploads\/2024\/07\/LED-tri-proof-lights2.png\" alt=\"\" class=\"uag-image-1132\" width=\"300\" height=\"300\" title=\"Luci a prova di LED2\" loading=\"lazy\" role=\"img\"><\/a><\/figure><\/div>\n<\/div>\n\n\n\n<div class=\"wp-block-uagb-container uagb-block-11c2578b\">\n<div class=\"wp-block-uagb-image uagb-block-6e8883aa wp-block-uagb-image--layout-default wp-block-uagb-image--effect-static wp-block-uagb-image--align-none\"><figure class=\"wp-block-uagb-image__figure\"><a class=\"\" href=\"https:\/\/led.amasly.com\/it\/prodotti\/\" target=\"\" rel=\"noopener\"><img decoding=\"async\" srcset=\"https:\/\/led.amasly.com\/wp-content\/uploads\/2024\/09\/LED-Explosion-Proof-Gas-Station-Light.png ,https:\/\/led.amasly.com\/wp-content\/uploads\/2024\/09\/LED-Explosion-Proof-Gas-Station-Light.png 780w, https:\/\/led.amasly.com\/wp-content\/uploads\/2024\/09\/LED-Explosion-Proof-Gas-Station-Light.png 360w\" sizes=\"auto, (max-width: 480px) 150px\" src=\"https:\/\/led.amasly.com\/wp-content\/uploads\/2024\/09\/LED-Explosion-Proof-Gas-Station-Light.png\" alt=\"\" class=\"uag-image-1501\" width=\"300\" height=\"300\" title=\"Luce della stazione di servizio a prova di esplosione a LED\" loading=\"lazy\" role=\"img\"><\/a><\/figure><\/div>\n<\/div>\n<\/div><\/div>\n\n\n\n<div class=\"wp-block-uagb-container uagb-block-548945b5 alignfull uagb-is-root-container\"><div class=\"uagb-container-inner-blocks-wrap\">\n<div class=\"wp-block-uagb-container uagb-block-967755d5\">\n<h4 class=\"wp-block-heading has-text-align-center\"><a href=\"https:\/\/led.amasly.com\/it\/prodotti\/\">Luci LED a prova di esplosione<\/a><\/h4>\n<\/div>\n\n\n\n<div class=\"wp-block-uagb-container uagb-block-9bc52fc2\">\n<h4 class=\"wp-block-heading has-text-align-center\"><a href=\"https:\/\/led.amasly.com\/it\/prodotti\/\">Luci a LED a prova di tris<\/a><\/h4>\n<\/div>\n\n\n\n<div class=\"wp-block-uagb-container uagb-block-8ffa0a23\">\n<h4 class=\"wp-block-heading has-text-align-center\"><a href=\"https:\/\/led.amasly.com\/it\/prodotti\/\">Luci per stazioni di servizio a prova di esplosione<\/a><\/h4>\n<\/div>\n<\/div><\/div>\n\n\n\n<div class=\"wp-block-uagb-container uagb-block-29499fe0 alignfull uagb-is-root-container\"><div class=\"uagb-container-inner-blocks-wrap\">\n<div class=\"wp-block-uagb-container uagb-block-777ee1c7\">\n<div class=\"wp-block-uagb-image uagb-block-2e9a1851 wp-block-uagb-image--layout-default wp-block-uagb-image--effect-static wp-block-uagb-image--align-none\"><figure class=\"wp-block-uagb-image__figure\"><a class=\"\" href=\"https:\/\/led.amasly.com\/it\/prodotti\/\" target=\"\" rel=\"noopener\"><img decoding=\"async\" srcset=\"https:\/\/led.amasly.com\/wp-content\/uploads\/2024\/10\/50W-100W-150W-200W-300W-LED-Flood-Light.jpg ,https:\/\/led.amasly.com\/wp-content\/uploads\/2024\/10\/50W-100W-150W-200W-300W-LED-Flood-Light.jpg 780w, https:\/\/led.amasly.com\/wp-content\/uploads\/2024\/10\/50W-100W-150W-200W-300W-LED-Flood-Light.jpg 360w\" sizes=\"auto, (max-width: 480px) 150px\" src=\"https:\/\/led.amasly.com\/wp-content\/uploads\/2024\/10\/50W-100W-150W-200W-300W-LED-Flood-Light.jpg\" alt=\"\" class=\"uag-image-1526\" width=\"300\" height=\"300\" title=\"50W 100W 150W 200W 300W Luce di inondazione LED\" loading=\"lazy\" role=\"img\"><\/a><\/figure><\/div>\n<\/div>\n\n\n\n<div class=\"wp-block-uagb-container uagb-block-af8c8683\">\n<div class=\"wp-block-uagb-image uagb-block-67947854 wp-block-uagb-image--layout-default wp-block-uagb-image--effect-static wp-block-uagb-image--align-none\"><figure class=\"wp-block-uagb-image__figure\"><a class=\"\" href=\"https:\/\/led.amasly.com\/it\/prodotti\/\" target=\"\" rel=\"noopener\"><img decoding=\"async\" srcset=\"https:\/\/led.amasly.com\/wp-content\/uploads\/2024\/07\/led-tri-proof-light.png ,https:\/\/led.amasly.com\/wp-content\/uploads\/2024\/07\/led-tri-proof-light.png 780w, https:\/\/led.amasly.com\/wp-content\/uploads\/2024\/07\/led-tri-proof-light.png 360w\" sizes=\"auto, (max-width: 480px) 150px\" src=\"https:\/\/led.amasly.com\/wp-content\/uploads\/2024\/07\/led-tri-proof-light.png\" alt=\"\" class=\"uag-image-1130\" width=\"300\" height=\"300\" title=\"luce a led tri-proof\" loading=\"lazy\" role=\"img\"><\/a><\/figure><\/div>\n<\/div>\n\n\n\n<div class=\"wp-block-uagb-container uagb-block-0fdfdd58\">\n<div class=\"wp-block-uagb-image uagb-block-1187d32d wp-block-uagb-image--layout-default wp-block-uagb-image--effect-static wp-block-uagb-image--align-none\"><figure class=\"wp-block-uagb-image__figure\"><a class=\"\" href=\"https:\/\/led.amasly.com\/it\/prodotti\/\" target=\"\" rel=\"noopener\"><img decoding=\"async\" srcset=\"https:\/\/led.amasly.com\/wp-content\/uploads\/2024\/07\/LED-street-light.jpg ,https:\/\/led.amasly.com\/wp-content\/uploads\/2024\/07\/LED-street-light.jpg 780w, https:\/\/led.amasly.com\/wp-content\/uploads\/2024\/07\/LED-street-light.jpg 360w\" sizes=\"auto, (max-width: 480px) 150px\" src=\"https:\/\/led.amasly.com\/wp-content\/uploads\/2024\/07\/LED-street-light.jpg\" alt=\"\" class=\"uag-image-1145\" width=\"300\" height=\"300\" title=\"Illuminazione stradale a LED\" loading=\"lazy\" role=\"img\"><\/a><\/figure><\/div>\n<\/div>\n<\/div><\/div>\n\n\n\n<div class=\"wp-block-uagb-container uagb-block-6a60882c alignfull uagb-is-root-container\"><div class=\"uagb-container-inner-blocks-wrap\">\n<div class=\"wp-block-uagb-container uagb-block-f1e91a35\">\n<h4 class=\"wp-block-heading has-text-align-center\"><a href=\"https:\/\/led.amasly.com\/it\/prodotti\/\">Luci LED Flood<\/a><\/h4>\n<\/div>\n\n\n\n<div class=\"wp-block-uagb-container uagb-block-165bfa58\">\n<h4 class=\"wp-block-heading has-text-align-center\"><a href=\"https:\/\/led.amasly.com\/it\/prodotti\/\">Luci tubolari triprofessionali a LED<\/a><\/h4>\n<\/div>\n\n\n\n<div class=\"wp-block-uagb-container uagb-block-f6096e3b\">\n<h4 class=\"wp-block-heading has-text-align-center\"><a href=\"https:\/\/led.amasly.com\/it\/prodotti\/\">Luci stradali a LED<\/a><\/h4>\n<\/div>\n<\/div><\/div>\n\n\n\n<p><\/p>","protected":false},"excerpt":{"rendered":"<p>Gas Station Lighting Solution Gas Station Lighting Solution Introduce: With the continuous adjustment of the strategic structure of energy and the increasing efforts of clean and low-carbon energy and other factors, China National Petroleum Corporation traditional energy giants have accelerated the deployment and adjustment of non-oil energy supply system, and will rely on their own [&hellip;]<\/p>\n","protected":false},"author":1,"featured_media":0,"parent":1808,"menu_order":0,"comment_status":"closed","ping_status":"closed","template":"","meta":{"_uag_custom_page_level_css":"","site-sidebar-layout":"no-sidebar","site-content-layout":"","ast-site-content-layout":"default","site-content-style":"default","site-sidebar-style":"default","ast-global-header-display":"","ast-banner-title-visibility":"","ast-main-header-display":"","ast-hfb-above-header-display":"","ast-hfb-below-header-display":"","ast-hfb-mobile-header-display":"","site-post-title":"disabled","ast-breadcrumbs-content":"","ast-featured-img":"","footer-sml-layout":"","ast-disable-related-posts":"","theme-transparent-header-meta":"enabled","adv-header-id-meta":"","stick-header-meta":"","header-above-stick-meta":"","header-main-stick-meta":"","header-below-stick-meta":"","astra-migrate-meta-layouts":"set","ast-page-background-enabled":"default","ast-page-background-meta":{"desktop":{"background-color":"var(--ast-global-color-4)","background-image":"","background-repeat":"repeat","background-position":"center center","background-size":"auto","background-attachment":"scroll","background-type":"","background-media":"","overlay-type":"","overlay-color":"","overlay-opacity":"","overlay-gradient":""},"tablet":{"background-color":"","background-image":"","background-repeat":"repeat","background-position":"center center","background-size":"auto","background-attachment":"scroll","background-type":"","background-media":"","overlay-type":"","overlay-color":"","overlay-opacity":"","overlay-gradient":""},"mobile":{"background-color":"","background-image":"","background-repeat":"repeat","background-position":"center center","background-size":"auto","background-attachment":"scroll","background-type":"","background-media":"","overlay-type":"","overlay-color":"","overlay-opacity":"","overlay-gradient":""}},"ast-content-background-meta":{"desktop":{"background-color":"var(--ast-global-color-5)","background-image":"","background-repeat":"repeat","background-position":"center center","background-size":"auto","background-attachment":"scroll","background-type":"","background-media":"","overlay-type":"","overlay-color":"","overlay-opacity":"","overlay-gradient":""},"tablet":{"background-color":"var(--ast-global-color-5)","background-image":"","background-repeat":"repeat","background-position":"center center","background-size":"auto","background-attachment":"scroll","background-type":"","background-media":"","overlay-type":"","overlay-color":"","overlay-opacity":"","overlay-gradient":""},"mobile":{"background-color":"var(--ast-global-color-5)","background-image":"","background-repeat":"repeat","background-position":"center center","background-size":"auto","background-attachment":"scroll","background-type":"","background-media":"","overlay-type":"","overlay-color":"","overlay-opacity":"","overlay-gradient":""}},"footnotes":""},"class_list":["post-1840","page","type-page","status-publish","hentry"],"uagb_featured_image_src":{"full":false,"thumbnail":false,"medium":false,"medium_large":false,"large":false,"1536x1536":false,"2048x2048":false,"trp-custom-language-flag":false},"uagb_author_info":{"display_name":"Joe","author_link":"https:\/\/led.amasly.com\/it\/author\/jacklin\/"},"uagb_comment_info":0,"uagb_excerpt":"Gas Station Lighting Solution Gas Station Lighting Solution Introduce: With the continuous adjustment of the strategic structure of energy and the increasing efforts of clean and low-carbon energy and other factors, China National Petroleum Corporation traditional energy giants have accelerated the deployment and adjustment of non-oil energy supply system, and will rely on their own&hellip;","_links":{"self":[{"href":"https:\/\/led.amasly.com\/it\/wp-json\/wp\/v2\/pages\/1840","targetHints":{"allow":["GET"]}}],"collection":[{"href":"https:\/\/led.amasly.com\/it\/wp-json\/wp\/v2\/pages"}],"about":[{"href":"https:\/\/led.amasly.com\/it\/wp-json\/wp\/v2\/types\/page"}],"author":[{"embeddable":true,"href":"https:\/\/led.amasly.com\/it\/wp-json\/wp\/v2\/users\/1"}],"replies":[{"embeddable":true,"href":"https:\/\/led.amasly.com\/it\/wp-json\/wp\/v2\/comments?post=1840"}],"version-history":[{"count":6,"href":"https:\/\/led.amasly.com\/it\/wp-json\/wp\/v2\/pages\/1840\/revisions"}],"predecessor-version":[{"id":4566,"href":"https:\/\/led.amasly.com\/it\/wp-json\/wp\/v2\/pages\/1840\/revisions\/4566"}],"up":[{"embeddable":true,"href":"https:\/\/led.amasly.com\/it\/wp-json\/wp\/v2\/pages\/1808"}],"wp:attachment":[{"href":"https:\/\/led.amasly.com\/it\/wp-json\/wp\/v2\/media?parent=1840"}],"curies":[{"name":"wp","href":"https:\/\/api.w.org\/{rel}","templated":true}]}}