{"id":4421,"date":"2026-01-15T20:32:07","date_gmt":"2026-01-15T12:32:07","guid":{"rendered":"https:\/\/led.amasly.com\/?page_id=4421"},"modified":"2026-01-24T20:27:42","modified_gmt":"2026-01-24T12:27:42","slug":"dont-underestimate-construction-site-street-lights-choose-right-use-right-and-speed-up-your-project","status":"publish","type":"page","link":"https:\/\/led.amasly.com\/hu_hu\/knowledge\/outdoor-light-knowledge\/dont-underestimate-construction-site-street-lights-choose-right-use-right-and-speed-up-your-project\/","title":{"rendered":"Ne becs\u00fclje al\u00e1 az \u00e9p\u00edtkez\u00e9sek utcai l\u00e1mp\u00e1it! V\u00e1lasszon helyesen, haszn\u00e1ljon helyesen, \u00e9s gyors\u00edtsa fel a projektet"},"content":{"rendered":"<div class=\"wp-block-uagb-container uagb-block-27bae773 alignfull uagb-is-root-container\"><div class=\"uagb-container-inner-blocks-wrap\"><\/div><\/div>\n\n\n\n<h1 class=\"wp-block-heading has-text-align-center\"><strong>Ne becs\u00fclje al\u00e1 az \u00e9p\u00edtkez\u00e9st <\/strong><strong>Oldal utca <\/strong><strong>F\u00e9ny<\/strong><strong>s<\/strong><strong>! V\u00e1lasszon helyesen, haszn\u00e1ljon helyesen, \u00e9s gyors\u00edtsa fel a projektet<\/strong><strong><\/strong><\/h1>\n\n\n\n<p>A k\u00fcl\u00f6nb\u00f6z\u0151 \u00e9p\u00edt\u00e9si projektekn\u00e9l - a v\u00e1rosi \u00fatfel\u00faj\u00edt\u00e1sokt\u00f3l a k\u00fclv\u00e1rosi gy\u00e1r\u00e9p\u00edt\u00e9sig - a vil\u00e1g\u00edt\u00e1s tov\u00e1bbra is kritikus t\u00e9nyez\u0151, amely befoly\u00e1solja a projekt el\u0151rehalad\u00e1s\u00e1t. A korl\u00e1tozott nappali munkaid\u0151 \u00e9s a szoros \u00fctemterv miatt az \u00e9jszakai \u00e9p\u00edtkez\u00e9s sz\u00e1mos projekt eset\u00e9ben rutinszer\u0171v\u00e9 v\u00e1lt. Az \u00e9p\u00edtkez\u00e9sek \u201ckulcsfontoss\u00e1g\u00fa vil\u00e1g\u00edt\u00f3berendez\u00e9sek\u00e9nt\u201d az utcai l\u00e1mp\u00e1k nemcsak a m\u0171veletekhez biztos\u00edtanak tiszta l\u00e1that\u00f3s\u00e1got, hanem az \u00e9p\u00edt\u00e9si biztons\u00e1got \u00e9s hat\u00e9konys\u00e1got is v\u00e9dik.<\/p>\n\n\n\n<figure class=\"wp-block-image aligncenter size-full\"><img decoding=\"async\" width=\"300\" height=\"300\" src=\"https:\/\/led.amasly.com\/wp-content\/uploads\/2026\/01\/LED-street-light.jpg\" alt=\"Street Lights\" class=\"wp-image-4422\" title=\"\" srcset=\"https:\/\/led.amasly.com\/wp-content\/uploads\/2026\/01\/LED-street-light.jpg 300w, https:\/\/led.amasly.com\/wp-content\/uploads\/2026\/01\/LED-street-light-150x150.jpg 150w, https:\/\/led.amasly.com\/wp-content\/uploads\/2026\/01\/LED-street-light-12x12.jpg 12w\" sizes=\"(max-width: 300px) 100vw, 300px\" \/><\/figure>\n\n\n\n<h2 class=\"wp-block-heading\"><strong>I. Az \u00e9p\u00edt\u00e9s gyakorlati \u00e9rt\u00e9ke <\/strong><strong>Oldal utca <\/strong><strong>F\u00e9ny<\/strong><strong>s<\/strong><strong>&nbsp;a helysz\u00edni k\u00f6rnyezetekben<\/strong><strong><\/strong><\/h2>\n\n\n\n<h3 class=\"wp-block-heading\"><strong>Alkalmazkod\u00f3k\u00e9pess\u00e9g a k\u00fcl\u00f6nb\u00f6z\u0151 \u00e9p\u00edt\u00e9si k\u00f6rnyezetekhez<\/strong><strong><\/strong><\/h3>\n\n\n\n<p>Ak\u00e1r f\u00f6ldalatti cs\u0151vezet\u00e9kek jav\u00edt\u00e1s\u00e1r\u00f3l van sz\u00f3 sz\u0171k sik\u00e1torokban, ak\u00e1r ac\u00e9lszerkezetek fel\u00e1ll\u00edt\u00e1s\u00e1r\u00f3l ny\u00edlt mez\u0151k\u00f6n, a speci\u00e1lis \u00e9p\u00edt\u0151ipari utcai l\u00e1mp\u00e1k a fej sz\u00f6g\u00e9nek \u00e9s szerel\u00e9si magass\u00e1g\u00e1nak be\u00e1ll\u00edt\u00e1s\u00e1val pontosan megvil\u00e1g\u00edthatj\u00e1k a kritikus munkater\u00fcleteket - p\u00e9ld\u00e1ul a betonvasak k\u00f6t\u00e9s\u00e9t vagy a berendez\u00e9sek \u00f6sszeszerel\u00e9s\u00e9t. A megfelel\u0151 megvil\u00e1g\u00edt\u00e1s minimaliz\u00e1lja a prec\u00edzi\u00f3s feladatok hib\u00e1it, cs\u00f6kkenti az ut\u00f3munka ar\u00e1ny\u00e1t, \u00e9s biztos\u00edtja az \u00e9p\u00edt\u00e9si min\u0151s\u00e9get.<\/p>\n\n\n\n<h3 class=\"wp-block-heading\"><strong>Nagy mobilit\u00e1s<\/strong><strong><\/strong><\/h3>\n\n\n\n<p>A legt\u00f6bb \u00e9p\u00edt\u00e9si utcai l\u00e1mpa kerekekkel vagy foganty\u00fakkal rendelkezik, \u00edgy nincs sz\u00fcks\u00e9g az el\u0151re bek\u00e1belezett telep\u00edt\u00e9sre. A munk\u00e1sok sz\u00fcks\u00e9g szerint rugalmasan \u00e1thelyezhetik \u0151ket olyan ter\u00fcletekre, mint p\u00e9ld\u00e1ul az \u00e1sat\u00e1si g\u00f6dr\u00f6k vagy az anyagsz\u00e1ll\u00edt\u00e1si \u00fatvonalak, alkalmazkodva a gyakran v\u00e1ltoz\u00f3 munkater\u00fcletekhez, \u00e9s megker\u00fclve a neh\u00e9zkes k\u00e1belez\u00e9si \u00e9s leszerel\u00e9si folyamatokat.<\/p>\n\n\n\n<h3 class=\"wp-block-heading\"><strong>Tart\u00f3ss\u00e1g \u00e9p\u00edt\u00e9si k\u00f6rnyezetekben<\/strong><strong><\/strong><\/h3>\n\n\n\n<p>A poros, rezg\u00e9sig\u00e9nyes helysz\u00ednekre tervezett l\u00e1mp\u00e1k robusztus m\u0171anyag h\u00e1zzal \u00e9s porszigetelt kialak\u00edt\u00e1ssal rendelkeznek, hogy ellen\u00e1lljanak a zord k\u00f6r\u00fclm\u00e9nyeknek. Hosszabb \u00fczemid\u0151t is k\u00edn\u00e1lnak, t\u00f6bb mint t\u00edz \u00f3r\u00e1n \u00e1t folyamatosan fenntartva az egyenletes f\u00e9nyer\u0151t, megel\u0151zve az akkumul\u00e1tor gyakori cser\u00e9j\u00e9b\u0151l vagy \u00fajrat\u00f6lt\u00e9sb\u0151l ered\u0151 \u00fctemez\u00e9si k\u00e9sedelmeket.<\/p>\n\n\n\n<h2 class=\"wp-block-heading\"><strong>II. Az \u00e9p\u00edt\u00e9ssel kapcsolatos f\u0151 szempontok <\/strong><strong>Oldal utca <\/strong><strong>F\u00e9ny<\/strong><strong>s<\/strong><strong><\/strong><\/h2>\n\n\n\n<h3 class=\"wp-block-heading\"><strong>A vesz\u00e9lyes z\u00f3n\u00e1k elker\u00fcl\u00e9se a telep\u00edt\u00e9s sor\u00e1n<\/strong><strong><\/strong><\/h3>\n\n\n\n<p>A telep\u00edt\u00e9s el\u0151tt tekintse meg a helysz\u00edn k\u00f6zm\u0171vekkel kapcsolatos t\u00e9rk\u00e9p\u00e9t, hogy a l\u00e1mp\u00e1kat a f\u00f6ldalatti k\u00e1belekt\u0151l, v\u00edzvezet\u00e9kekt\u0151l \u00e9s egy\u00e9b infrastrukt\u00far\u00e1t\u00f3l t\u00e1volabb helyezze el, hogy a telep\u00edt\u00e9s sor\u00e1n ne keletkezzenek k\u00e1rok. Emellett ker\u00fclje el a nagy g\u00e9pek, p\u00e9ld\u00e1ul daruk \u00e9s kotr\u00f3g\u00e9pek m\u0171k\u00f6d\u00e9si k\u00f6rzet\u00e9t, hogy elker\u00fclje a l\u00e1mp\u00e1kat k\u00e1ros\u00edt\u00f3 vagy balesetet okoz\u00f3 \u00fctk\u00f6z\u00e9seket.<\/p>\n\n\n\n<h3 class=\"wp-block-heading\"><strong>K\u00fclt\u00e9ri v\u00e9delmi int\u00e9zked\u00e9sek v\u00e9grehajt\u00e1sa<\/strong><strong><\/strong><\/h3>\n\n\n\n<p>K\u00fclt\u00e9ri telep\u00edt\u00e9s eset\u00e9n es\u0151 el\u0151tt ellen\u0151rizze a v\u00edzz\u00e1r\u00f3 t\u00f6m\u00edt\u00e9seket \u00e9s a vezet\u00e9kek \u00e9ps\u00e9g\u00e9t, hogy megel\u0151zze a nedvess\u00e9g okozta r\u00f6vidz\u00e1rlatokat. \u00c9jszakai munkabesz\u00fcntet\u00e9s ut\u00e1n t\u00e1rolja a hordozhat\u00f3 l\u00e1mp\u00e1kat es\u0151be\u00e1ll\u00f3 alatt, vagy helyezzen k\u00f6r\u00e9j\u00fck figyelmeztet\u0151 k\u00fapokat \u00e9s f\u00e9nyvisszaver\u0151 szalagot, hogy megakad\u00e1lyozza a szem\u00e9lyzet vagy a j\u00e1rm\u0171vek v\u00e9letlen \u00e9rintkez\u00e9s\u00e9t.<\/p>\n\n\n\n<h3 class=\"wp-block-heading\"><strong>A megfelel\u0151 f\u00e9nymodellek kiv\u00e1laszt\u00e1sa a k\u00f6vetelm\u00e9nyek alapj\u00e1n<\/strong><strong><\/strong><\/h3>\n\n\n\n<p>Ker\u00fclje a nagy f\u00e9nyer\u0151re val\u00f3 vak t\u00f6rekv\u00e9st. V\u00e1lasszon az \u00e9p\u00edt\u00e9si forgat\u00f3k\u00f6nyvek alapj\u00e1n: Az olyan r\u00e9szletes feladatokhoz, mint a falvak vakol\u00e1sa vagy a cs\u0151hegeszt\u00e9s, haszn\u00e1ljon l\u00e1gy f\u00e9ny\u0171 reflektorokat, hogy a vak\u00edt\u00e1s ne befoly\u00e1solja a m\u0171veleteket. A nagyszab\u00e1s\u00fa forgat\u00f3k\u00f6nyvek, p\u00e9ld\u00e1ul az \u00e1ltal\u00e1nos helysz\u00edni megvil\u00e1g\u00edt\u00e1s vagy a neh\u00e9zg\u00e9pekkel v\u00e9gzett m\u0171veletek eset\u00e9ben a nagy f\u00e9nyerej\u0171 reflektorok elengedhetetlenek a s\u00f6t\u00e9t foltok n\u00e9lk\u00fcli \u00e1tfog\u00f3 lefedetts\u00e9g biztos\u00edt\u00e1s\u00e1hoz.<\/p>\n\n\n\n<h2 class=\"wp-block-heading\"><strong>Utcai l\u00e1mp\u00e1k \u00d6sszefoglal\u00f3<\/strong><\/h2>\n\n\n\n<p>Az \u00e9p\u00edt\u0151ipari v\u00e1llalatok sz\u00e1m\u00e1ra a rendk\u00edv\u00fcl alkalmazkod\u00f3k\u00e9pes \u00e9s tart\u00f3s f\u00e9ny egyszerre szolg\u00e1l \u201cv\u00e9d\u0151pajzsk\u00e9nt\u201d a munkav\u00e1llal\u00f3k biztons\u00e1ga \u00e9rdek\u00e9ben \u00e9s \u201cer\u0151s\u00edt\u0151k\u00e9nt\u201d a projekt el\u0151rehalad\u00e1s\u00e1nak felgyors\u00edt\u00e1s\u00e1hoz. \u00c9p\u00edt\u0151ipari c\u00e9l\u00fa reflektoraink nagym\u00e9ret\u0171, z\u00e1rhat\u00f3 g\u00f6rg\u0151kkel rendelkeznek, \u00e9s \u00e1tesnek a 1,5 m\u00e9teres zuhan\u00e1steszteken, valamint IP65 por- \u00e9s v\u00edz\u00e1ll\u00f3s\u00e1gi tan\u00fas\u00edtv\u00e1nnyal rendelkeznek, \u00edgy alkalmasak a legk\u00fcl\u00f6nf\u00e9l\u00e9bb helysz\u00ednekre, bele\u00e9rtve a v\u00e1rosi utakat, a v\u00e1rosi cs\u0151vezet\u00e9keket \u00e9s a k\u00fclv\u00e1rosi gy\u00e1rakat. Ha \u00e9p\u00edt\u0151ipari vil\u00e1g\u00edt\u00e1si kih\u00edv\u00e1sokkal n\u00e9z szembe, fedezze fel megold\u00e1sainkat, hogy n\u00f6velje a biztons\u00e1got \u00e9s a hat\u00e9konys\u00e1got projektjei sor\u00e1n.<\/p>\n\n\n\n<p class=\"has-text-align-left\">Az Amasly Lighting, egy professzion\u00e1lis ipari vil\u00e1g\u00edt\u00e1si m\u00e1rk\u00e1j\u00fa v\u00e1llalat, amelynek hivatalos honlapjai a led.amasly.com \u00e9s az amasly.com, az ipari vil\u00e1g\u00edt\u00f3testek integr\u00e1lt K + F, gy\u00e1rt\u00e1s \u00e9s \u00e9rt\u00e9kes\u00edt\u00e9s\u00e9re szakosodott. A v\u00e1llalat a d\u00e9lkelet-\u00e1zsiai \u00e9s k\u00f6zel-keleti piacokra \u00f6sszpontos\u00edt, term\u00e9keit vil\u00e1gszerte t\u00f6bb mint 100 orsz\u00e1gba \u00e9s r\u00e9gi\u00f3ba \u00e9rt\u00e9kes\u00edti. Minden robban\u00e1sbiztos term\u00e9k megfelel az ATEX tan\u00fas\u00edt\u00e1si k\u00f6vetelm\u00e9nyeknek. Az alapvet\u0151 term\u00e9kcsal\u00e1dok k\u00f6z\u00e9 tartoznak: robban\u00e1sbiztos l\u00e1mp\u00e1k, robban\u00e1sbiztos elektromos berendez\u00e9sek, magasan elhelyezett l\u00e1mp\u00e1k, \u00e1rv\u00edzl\u00e1mp\u00e1k, utcai l\u00e1mp\u00e1k, napelemes l\u00e1mpatestek stb.<\/p>\n\n\n\n<p>Szabv\u00e1nyos: <a href=\"http:\/\/www.iec.com\" rel=\"nofollow noopener\" target=\"_blank\">IEC60598<\/a><\/p>\n\n\n\n<div class=\"wp-block-uagb-container uagb-block-c7d898dd alignfull uagb-is-root-container\"><div class=\"uagb-container-inner-blocks-wrap\"><\/div><\/div>\n\n\n\n<h2 class=\"wp-block-heading\">Kapcsol\u00f3d\u00f3 term\u00e9kek<\/h2>\n\n\n\n<div class=\"wp-block-uagb-container uagb-block-66e4defc alignfull uagb-is-root-container\"><div class=\"uagb-container-inner-blocks-wrap\">\n<div class=\"wp-block-uagb-container uagb-block-a42945f9\">\n<div class=\"wp-block-uagb-image uagb-block-7296296b wp-block-uagb-image--layout-default wp-block-uagb-image--effect-static wp-block-uagb-image--align-none\"><figure class=\"wp-block-uagb-image__figure\"><a class=\"\" href=\"https:\/\/led.amasly.com\/hu_hu\/products\/\" target=\"\" rel=\"noopener\"><img decoding=\"async\" srcset=\"https:\/\/led.amasly.com\/wp-content\/uploads\/2024\/09\/Explosion-proof-high-bay-lights.png ,https:\/\/led.amasly.com\/wp-content\/uploads\/2024\/09\/Explosion-proof-high-bay-lights.png 780w, https:\/\/led.amasly.com\/wp-content\/uploads\/2024\/09\/Explosion-proof-high-bay-lights.png 360w\" sizes=\"auto, (max-width: 480px) 150px\" src=\"https:\/\/led.amasly.com\/wp-content\/uploads\/2024\/09\/Explosion-proof-high-bay-lights.png\" alt=\"\" class=\"uag-image-1495\" width=\"300\" height=\"300\" title=\"Robban\u00e1sbiztos magas \u00f6b\u00f6l f\u00e9nyek\" loading=\"lazy\" role=\"img\"><\/a><\/figure><\/div>\n<\/div>\n\n\n\n<div class=\"wp-block-uagb-container uagb-block-4d3efde5\">\n<div class=\"wp-block-uagb-image uagb-block-c9e90797 wp-block-uagb-image--layout-default wp-block-uagb-image--effect-static wp-block-uagb-image--align-none\"><figure class=\"wp-block-uagb-image__figure\"><a class=\"\" href=\"https:\/\/led.amasly.com\/hu_hu\/products\/\" target=\"\" rel=\"noopener\"><img decoding=\"async\" srcset=\"https:\/\/led.amasly.com\/wp-content\/uploads\/2024\/07\/LED-tri-proof-lights2.png ,https:\/\/led.amasly.com\/wp-content\/uploads\/2024\/07\/LED-tri-proof-lights2.png 780w, https:\/\/led.amasly.com\/wp-content\/uploads\/2024\/07\/LED-tri-proof-lights2.png 360w\" sizes=\"auto, (max-width: 480px) 150px\" src=\"https:\/\/led.amasly.com\/wp-content\/uploads\/2024\/07\/LED-tri-proof-lights2.png\" alt=\"\" class=\"uag-image-1132\" width=\"300\" height=\"300\" title=\"LED-tri-proof-lights2\" loading=\"lazy\" role=\"img\"><\/a><\/figure><\/div>\n<\/div>\n\n\n\n<div class=\"wp-block-uagb-container uagb-block-11c2578b\">\n<div class=\"wp-block-uagb-image uagb-block-6e8883aa wp-block-uagb-image--layout-default wp-block-uagb-image--effect-static wp-block-uagb-image--align-none\"><figure class=\"wp-block-uagb-image__figure\"><a class=\"\" href=\"https:\/\/led.amasly.com\/hu_hu\/products\/\" target=\"\" rel=\"noopener\"><img decoding=\"async\" srcset=\"https:\/\/led.amasly.com\/wp-content\/uploads\/2024\/09\/LED-Explosion-Proof-Gas-Station-Light.png ,https:\/\/led.amasly.com\/wp-content\/uploads\/2024\/09\/LED-Explosion-Proof-Gas-Station-Light.png 780w, https:\/\/led.amasly.com\/wp-content\/uploads\/2024\/09\/LED-Explosion-Proof-Gas-Station-Light.png 360w\" sizes=\"auto, (max-width: 480px) 150px\" src=\"https:\/\/led.amasly.com\/wp-content\/uploads\/2024\/09\/LED-Explosion-Proof-Gas-Station-Light.png\" alt=\"\" class=\"uag-image-1501\" width=\"300\" height=\"300\" title=\"LED robban\u00e1sbiztos benzink\u00fat f\u00e9ny\" loading=\"lazy\" role=\"img\"><\/a><\/figure><\/div>\n<\/div>\n<\/div><\/div>\n\n\n\n<div class=\"wp-block-uagb-container uagb-block-548945b5 alignfull uagb-is-root-container\"><div class=\"uagb-container-inner-blocks-wrap\">\n<div class=\"wp-block-uagb-container uagb-block-967755d5\">\n<h4 class=\"wp-block-heading has-text-align-center\"><a href=\"https:\/\/led.amasly.com\/hu_hu\/products\/\">LED robban\u00e1sbiztos f\u00e9nyek<\/a><\/h4>\n<\/div>\n\n\n\n<div class=\"wp-block-uagb-container uagb-block-9bc52fc2\">\n<h4 class=\"wp-block-heading has-text-align-center\"><a href=\"https:\/\/led.amasly.com\/hu_hu\/products\/\">LED Tri-Proof f\u00e9nyek<\/a><\/h4>\n<\/div>\n\n\n\n<div class=\"wp-block-uagb-container uagb-block-8ffa0a23\">\n<h4 class=\"wp-block-heading has-text-align-center\"><a href=\"https:\/\/led.amasly.com\/hu_hu\/products\/\">Robban\u00e1sbiztos benzink\u00fat f\u00e9nyek<\/a><\/h4>\n<\/div>\n<\/div><\/div>\n\n\n\n<div class=\"wp-block-uagb-container uagb-block-29499fe0 alignfull uagb-is-root-container\"><div class=\"uagb-container-inner-blocks-wrap\">\n<div class=\"wp-block-uagb-container uagb-block-777ee1c7\">\n<div class=\"wp-block-uagb-image uagb-block-2e9a1851 wp-block-uagb-image--layout-default wp-block-uagb-image--effect-static wp-block-uagb-image--align-none\"><figure class=\"wp-block-uagb-image__figure\"><a class=\"\" href=\"https:\/\/led.amasly.com\/hu_hu\/products\/\" target=\"\" rel=\"noopener\"><img decoding=\"async\" srcset=\"https:\/\/led.amasly.com\/wp-content\/uploads\/2024\/10\/50W-100W-150W-200W-300W-LED-Flood-Light.jpg ,https:\/\/led.amasly.com\/wp-content\/uploads\/2024\/10\/50W-100W-150W-200W-300W-LED-Flood-Light.jpg 780w, https:\/\/led.amasly.com\/wp-content\/uploads\/2024\/10\/50W-100W-150W-200W-300W-LED-Flood-Light.jpg 360w\" sizes=\"auto, (max-width: 480px) 150px\" src=\"https:\/\/led.amasly.com\/wp-content\/uploads\/2024\/10\/50W-100W-150W-200W-300W-LED-Flood-Light.jpg\" alt=\"\" class=\"uag-image-1526\" width=\"300\" height=\"300\" title=\"50W 100W 150W 200W 300W LED-es \u00e1rv\u00edzf\u00e9ny\" loading=\"lazy\" role=\"img\"><\/a><\/figure><\/div>\n<\/div>\n\n\n\n<div class=\"wp-block-uagb-container uagb-block-af8c8683\">\n<div class=\"wp-block-uagb-image uagb-block-67947854 wp-block-uagb-image--layout-default wp-block-uagb-image--effect-static wp-block-uagb-image--align-none\"><figure class=\"wp-block-uagb-image__figure\"><a class=\"\" href=\"https:\/\/led.amasly.com\/hu_hu\/products\/\" target=\"\" rel=\"noopener\"><img decoding=\"async\" srcset=\"https:\/\/led.amasly.com\/wp-content\/uploads\/2024\/07\/led-tri-proof-light.png ,https:\/\/led.amasly.com\/wp-content\/uploads\/2024\/07\/led-tri-proof-light.png 780w, https:\/\/led.amasly.com\/wp-content\/uploads\/2024\/07\/led-tri-proof-light.png 360w\" sizes=\"auto, (max-width: 480px) 150px\" src=\"https:\/\/led.amasly.com\/wp-content\/uploads\/2024\/07\/led-tri-proof-light.png\" alt=\"\" class=\"uag-image-1130\" width=\"300\" height=\"300\" title=\"led-tri-proof-light\" loading=\"lazy\" role=\"img\"><\/a><\/figure><\/div>\n<\/div>\n\n\n\n<div class=\"wp-block-uagb-container uagb-block-0fdfdd58\">\n<div class=\"wp-block-uagb-image uagb-block-1187d32d wp-block-uagb-image--layout-default wp-block-uagb-image--effect-static wp-block-uagb-image--align-none\"><figure class=\"wp-block-uagb-image__figure\"><a class=\"\" href=\"https:\/\/led.amasly.com\/hu_hu\/products\/\" target=\"\" rel=\"noopener\"><img decoding=\"async\" srcset=\"https:\/\/led.amasly.com\/wp-content\/uploads\/2024\/07\/LED-street-light.jpg ,https:\/\/led.amasly.com\/wp-content\/uploads\/2024\/07\/LED-street-light.jpg 780w, https:\/\/led.amasly.com\/wp-content\/uploads\/2024\/07\/LED-street-light.jpg 360w\" sizes=\"auto, (max-width: 480px) 150px\" src=\"https:\/\/led.amasly.com\/wp-content\/uploads\/2024\/07\/LED-street-light.jpg\" alt=\"\" class=\"uag-image-1145\" width=\"300\" height=\"300\" title=\"LED-es utcai l\u00e1mp\u00e1k\" loading=\"lazy\" role=\"img\"><\/a><\/figure><\/div>\n<\/div>\n<\/div><\/div>\n\n\n\n<div class=\"wp-block-uagb-container uagb-block-6a60882c alignfull uagb-is-root-container\"><div class=\"uagb-container-inner-blocks-wrap\">\n<div class=\"wp-block-uagb-container uagb-block-f1e91a35\">\n<h4 class=\"wp-block-heading has-text-align-center\"><a href=\"https:\/\/led.amasly.com\/hu_hu\/products\/\">LED \u00e1rv\u00edzf\u00e9nyek<\/a><\/h4>\n<\/div>\n\n\n\n<div class=\"wp-block-uagb-container uagb-block-165bfa58\">\n<h4 class=\"wp-block-heading has-text-align-center\"><a href=\"https:\/\/led.amasly.com\/hu_hu\/products\/\">LED Tri-Proof cs\u0151f\u00e9nyek<\/a><\/h4>\n<\/div>\n\n\n\n<div class=\"wp-block-uagb-container uagb-block-f6096e3b\">\n<h4 class=\"wp-block-heading has-text-align-center\"><a href=\"https:\/\/led.amasly.com\/hu_hu\/products\/\">LED utcai l\u00e1mp\u00e1k<\/a><\/h4>\n<\/div>\n<\/div><\/div>\n\n\n\n<div class=\"wp-block-uagb-container uagb-block-99c0e0a5 alignfull uagb-is-root-container\"><div class=\"uagb-container-inner-blocks-wrap\"><\/div><\/div>\n\n\n\n<p><\/p>","protected":false},"excerpt":{"rendered":"<p>Don&#8217;t Underestimate Construction Site Street Lights! Choose Right, Use Right, and Speed Up Your Project In various construction projects\u2014from urban road renovations to suburban factory construction\u2014lighting remains a critical factor affecting project progress. Due to limited daytime working hours and tight schedules, nighttime construction has become routine for many projects. As the \u201ckey lighting equipment\u201d [&hellip;]<\/p>\n","protected":false},"author":1,"featured_media":0,"parent":4122,"menu_order":0,"comment_status":"closed","ping_status":"closed","template":"","meta":{"_uag_custom_page_level_css":"","site-sidebar-layout":"no-sidebar","site-content-layout":"","ast-site-content-layout":"default","site-content-style":"default","site-sidebar-style":"default","ast-global-header-display":"","ast-banner-title-visibility":"","ast-main-header-display":"","ast-hfb-above-header-display":"","ast-hfb-below-header-display":"","ast-hfb-mobile-header-display":"","site-post-title":"disabled","ast-breadcrumbs-content":"","ast-featured-img":"","footer-sml-layout":"","ast-disable-related-posts":"","theme-transparent-header-meta":"enabled","adv-header-id-meta":"","stick-header-meta":"","header-above-stick-meta":"","header-main-stick-meta":"","header-below-stick-meta":"","astra-migrate-meta-layouts":"set","ast-page-background-enabled":"default","ast-page-background-meta":{"desktop":{"background-color":"var(--ast-global-color-4)","background-image":"","background-repeat":"repeat","background-position":"center center","background-size":"auto","background-attachment":"scroll","background-type":"","background-media":"","overlay-type":"","overlay-color":"","overlay-opacity":"","overlay-gradient":""},"tablet":{"background-color":"","background-image":"","background-repeat":"repeat","background-position":"center center","background-size":"auto","background-attachment":"scroll","background-type":"","background-media":"","overlay-type":"","overlay-color":"","overlay-opacity":"","overlay-gradient":""},"mobile":{"background-color":"","background-image":"","background-repeat":"repeat","background-position":"center center","background-size":"auto","background-attachment":"scroll","background-type":"","background-media":"","overlay-type":"","overlay-color":"","overlay-opacity":"","overlay-gradient":""}},"ast-content-background-meta":{"desktop":{"background-color":"var(--ast-global-color-5)","background-image":"","background-repeat":"repeat","background-position":"center center","background-size":"auto","background-attachment":"scroll","background-type":"","background-media":"","overlay-type":"","overlay-color":"","overlay-opacity":"","overlay-gradient":""},"tablet":{"background-color":"var(--ast-global-color-5)","background-image":"","background-repeat":"repeat","background-position":"center center","background-size":"auto","background-attachment":"scroll","background-type":"","background-media":"","overlay-type":"","overlay-color":"","overlay-opacity":"","overlay-gradient":""},"mobile":{"background-color":"var(--ast-global-color-5)","background-image":"","background-repeat":"repeat","background-position":"center center","background-size":"auto","background-attachment":"scroll","background-type":"","background-media":"","overlay-type":"","overlay-color":"","overlay-opacity":"","overlay-gradient":""}},"footnotes":""},"class_list":["post-4421","page","type-page","status-publish","hentry"],"uagb_featured_image_src":{"full":false,"thumbnail":false,"medium":false,"medium_large":false,"large":false,"1536x1536":false,"2048x2048":false,"trp-custom-language-flag":false},"uagb_author_info":{"display_name":"Joe","author_link":"https:\/\/led.amasly.com\/hu_hu\/author\/jacklin\/"},"uagb_comment_info":0,"uagb_excerpt":"Don&#8217;t Underestimate Construction Site Street Lights! Choose Right, Use Right, and Speed Up Your Project In various construction projects\u2014from urban road renovations to suburban factory construction\u2014lighting remains a critical factor affecting project progress. Due to limited daytime working hours and tight schedules, nighttime construction has become routine for many projects. As the \u201ckey lighting equipment\u201d&hellip;","_links":{"self":[{"href":"https:\/\/led.amasly.com\/hu_hu\/wp-json\/wp\/v2\/pages\/4421","targetHints":{"allow":["GET"]}}],"collection":[{"href":"https:\/\/led.amasly.com\/hu_hu\/wp-json\/wp\/v2\/pages"}],"about":[{"href":"https:\/\/led.amasly.com\/hu_hu\/wp-json\/wp\/v2\/types\/page"}],"author":[{"embeddable":true,"href":"https:\/\/led.amasly.com\/hu_hu\/wp-json\/wp\/v2\/users\/1"}],"replies":[{"embeddable":true,"href":"https:\/\/led.amasly.com\/hu_hu\/wp-json\/wp\/v2\/comments?post=4421"}],"version-history":[{"count":2,"href":"https:\/\/led.amasly.com\/hu_hu\/wp-json\/wp\/v2\/pages\/4421\/revisions"}],"predecessor-version":[{"id":4705,"href":"https:\/\/led.amasly.com\/hu_hu\/wp-json\/wp\/v2\/pages\/4421\/revisions\/4705"}],"up":[{"embeddable":true,"href":"https:\/\/led.amasly.com\/hu_hu\/wp-json\/wp\/v2\/pages\/4122"}],"wp:attachment":[{"href":"https:\/\/led.amasly.com\/hu_hu\/wp-json\/wp\/v2\/media?parent=4421"}],"curies":[{"name":"wp","href":"https:\/\/api.w.org\/{rel}","templated":true}]}}