{"id":4115,"date":"2025-07-05T18:05:39","date_gmt":"2025-07-05T10:05:39","guid":{"rendered":"https:\/\/led.amasly.com\/?page_id=4115"},"modified":"2026-01-22T14:17:14","modified_gmt":"2026-01-22T06:17:14","slug":"60-wattos-vs-100-wattos-lampak-mi-a-kulonbseg-es-melyik-a-jobb","status":"publish","type":"page","link":"https:\/\/led.amasly.com\/hu_hu\/tudas\/vezetett-feny-tudas\/60-wattos-vs-100-wattos-lampak-mi-a-kulonbseg-es-melyik-a-jobb\/","title":{"rendered":"60 wattos vs. 100 wattos l\u00e1mp\u00e1k: mi a k\u00fcl\u00f6nbs\u00e9g \u00e9s melyik a jobb?"},"content":{"rendered":"<div class=\"wp-block-uagb-container uagb-block-27bae773 alignfull uagb-is-root-container\"><div class=\"uagb-container-inner-blocks-wrap\"><\/div><\/div>\n\n\n\n<h1 class=\"wp-block-heading has-text-align-center\"><strong>60<\/strong><strong>&nbsp;<\/strong><strong>watt vs. 100<\/strong><strong>&nbsp;<\/strong><strong>wattos l\u00e1mp\u00e1k: mi a k\u00fcl\u00f6nbs\u00e9g \u00e9s melyik a jobb?<\/strong><strong><\/strong><\/h1>\n\n\n\n<div class=\"wp-block-uagb-image uagb-block-da1360b5 wp-block-uagb-image--layout-default wp-block-uagb-image--effect-static wp-block-uagb-image--align-none\"><figure class=\"wp-block-uagb-image__figure\"><img decoding=\"async\" srcset=\"https:\/\/led.amasly.com\/wp-content\/uploads\/2025\/04\/UFO-high-bay-light.png ,https:\/\/led.amasly.com\/wp-content\/uploads\/2025\/04\/UFO-high-bay-light.png 780w, https:\/\/led.amasly.com\/wp-content\/uploads\/2025\/04\/UFO-high-bay-light.png 360w\" sizes=\"auto, (max-width: 480px) 150px\" src=\"https:\/\/led.amasly.com\/wp-content\/uploads\/2025\/04\/UFO-high-bay-light.png\" alt=\"High Bay f\u00e9ny \u00e1r, 100 Wattos l\u00e1mp\u00e1k\" class=\"uag-image-2947\" width=\"600\" height=\"348\" title=\"UFO magas \u00f6b\u00f6l f\u00e9ny\" loading=\"lazy\" role=\"img\"\/><\/figure><\/div>\n\n\n\n<p>Azt tervezi, hogy r\u00e9gi 60 wattos izz\u00f3it 100 wattos l\u00e1mp\u00e1kra cser\u00e9li? Ak\u00e1r azt tervezi, hogy r\u00e9gi HID-l\u00e1mp\u00e1it (p\u00e9ld\u00e1ul f\u00e9nycs\u00f6veket, halog\u00e9neket stb.) 100 wattos egyen\u00e9rt\u00e9k\u0171 LED-ekre cser\u00e9li, ak\u00e1r egyszer\u0171en csak nagyobb teljes\u00edtm\u00e9ny\u0171 izz\u00f3ra szeretne v\u00e1ltani, \u00e9rdemes elolvasnia ezt a cikket.<\/p>\n\n\n\n<p>Ebben a cikkben \u00f6sszehasonl\u00edtjuk a 60 wattos \u00e9s a 100 wattos l\u00e1mp\u00e1kat, hogy l\u00e1ssuk, melyik a jobb. Ezenk\u00edv\u00fcl elmondjuk, hogy megval\u00f3s\u00edthat\u00f3-e 100 wattos izz\u00f3t haszn\u00e1lni egy 60 wattos l\u00e1mpatestben. Olvasson tov\u00e1bb!<\/p>\n\n\n\n<figure class=\"wp-block-image aligncenter size-full\"><img decoding=\"async\" src=\"https:\/\/led.amasly.com\/wp-content\/uploads\/2025\/05\/high-bay-light.webp\" alt=\"\" class=\"wp-image-3954\" title=\"\"><\/figure>\n\n\n\n<h2 class=\"wp-block-heading\"><strong>60 vs. 100 wattos l\u00e1mp\u00e1k: mi a k\u00fcl\u00f6nbs\u00e9g \u00e9s melyik a jobb?<\/strong><\/h2>\n\n\n\n<h3 class=\"wp-block-heading\"><strong>m\u00e9retek<\/strong><strong><\/strong><\/h3>\n\n\n\n<p>Egy 60 wattos izz\u00f3 kisebb, mint egy 100 wattos izz\u00f3. A nagyobb teljes\u00edtm\u00e9ny\u0171 izz\u00f3k \u00e1ltal\u00e1ban nagyobbak, hogy a h\u0151t hat\u00e9konyabban elvezess\u00e9k. A mindennapi \u00e9let\u00fcnkben haszn\u00e1lt izz\u00f3k \u00e1ltal\u00e1ban egys\u00e9ges l\u00e1mpafejmodellel rendelkeznek, \u00edgy k\u00f6nnyen cser\u00e9lhet\u0151k.<\/p>\n\n\n\n<p>Ez\u00e9rt min\u00e9l er\u0151sebb az izz\u00f3, ann\u00e1l nagyobb a m\u00e9rete \u00e1ltal\u00e1ban. Term\u00e9szetesen m\u00e1s t\u00edpus\u00fa l\u00e1mp\u00e1k m\u00e9rete is testre szabhat\u00f3, hogy megfeleljen az adott alkalmaz\u00e1si k\u00f6vetelm\u00e9nyeknek vagy a v\u00e1s\u00e1rl\u00f3i preferenci\u00e1knak.<br><strong>&nbsp;F\u00e9nyer\u0151<\/strong><strong><\/strong><\/p>\n\n\n\n<p>Miel\u0151tt \u00f6sszehasonl\u00edtan\u00e1nk egy 60 \u00e9s egy 100 wattos izz\u00f3 f\u00e9nyerej\u00e9t, el\u0151sz\u00f6r is meg kell \u00e1llap\u00edtanunk, hogy a k\u00e9t izz\u00f3 azonos t\u00edpus\u00fa-e. Ha azonos t\u00edpus\u00fa izz\u00f3kr\u00f3l van sz\u00f3, akkor a 100 wattos izz\u00f3k biztosan f\u00e9nyesebbek lesznek, mint a 60 wattos izz\u00f3k.<\/p>\n\n\n\n<p>Ha nem azonos t\u00edpus\u00fa izz\u00f3kr\u00f3l van sz\u00f3, akkor nem mondhatjuk egyszer\u0171en, hogy min\u00e9l nagyobb a teljes\u00edtm\u00e9ny, ann\u00e1l f\u00e9nyesebb lesz. Ez az\u00e9rt van \u00edgy, mert ebben az esetben a f\u00e9nyer\u0151ss\u00e9get nem csak a teljes\u00edtm\u00e9ny alapj\u00e1n m\u00e9rhetj\u00fck, hanem a lumen\u00e9rt\u00e9k alapj\u00e1n, amely az izz\u00f3 emberi szem \u00e1ltal megfigyelt f\u00e9nyerej\u00e9t jelenti. A nagy teljes\u00edtm\u00e9ny\u0171, de nem hat\u00e9kony izz\u00f3k az elektromos energi\u00e1nak csak egy r\u00e9sz\u00e9t alak\u00edtj\u00e1k \u00e1t f\u00e9nyenergi\u00e1v\u00e1, ez\u00e9rt alacsony lumen\u00e9rt\u00e9ket fognak kibocs\u00e1tani.<\/p>\n\n\n\n<p>Teh\u00e1t egy 60 wattos izz\u00f3 f\u00e9nyesebb lehet, mint egy 100 wattos l\u00e1mpa a k\u00fcl\u00f6nb\u00f6z\u0151 t\u00edpus\u00fa izz\u00f3k eset\u00e9ben. P\u00e9ld\u00e1ul egy 60 wattos LED izz\u00f3 f\u00e9nyesebb, mint egy 100 wattos halog\u00e9n izz\u00f3, mivel a LED izz\u00f3k 2-3-szor hat\u00e9konyabbak a halog\u00e9n izz\u00f3kn\u00e1l.<\/p>\n\n\n\n<figure class=\"wp-block-image aligncenter size-full\"><img decoding=\"async\" width=\"300\" height=\"300\" src=\"https:\/\/led.amasly.com\/wp-content\/uploads\/2025\/05\/Explosion-proof-high-bay-lights.png\" alt=\"\" class=\"wp-image-3948\" title=\"\" srcset=\"https:\/\/led.amasly.com\/wp-content\/uploads\/2025\/05\/Explosion-proof-high-bay-lights.png 300w, https:\/\/led.amasly.com\/wp-content\/uploads\/2025\/05\/Explosion-proof-high-bay-lights-150x150.png 150w, https:\/\/led.amasly.com\/wp-content\/uploads\/2025\/05\/Explosion-proof-high-bay-lights-12x12.png 12w\" sizes=\"(max-width: 300px) 100vw, 300px\" \/><\/figure>\n\n\n\n<h3 class=\"wp-block-heading\"><strong>reziszt\u00edv<\/strong><strong><\/strong><\/h3>\n\n\n\n<p>A 60 wattos izz\u00f3 f\u00e9nye halv\u00e1nyabb, ami azt jelenti, hogy kevesebb \u00e1ram folyik \u00e1t az izz\u00f3n. \u00c1lland\u00f3 fesz\u00fclts\u00e9g mellett az \u00e1ram az ellen\u00e1ll\u00e1s n\u00f6veked\u00e9s\u00e9vel cs\u00f6kken. Ez\u00e9rt a 60 wattos izz\u00f3nak nagyobb az ellen\u00e1ll\u00e1sa. Az ellen\u00e1ll\u00e1sukat az R=V\u00b2\/P k\u00e9plet alapj\u00e1n is elemezhetj\u00fck. Azonos fesz\u00fclts\u00e9g mellett a 60 wattos izz\u00f3nak nagyobb az ellen\u00e1ll\u00e1sa, mint a 100 wattosnak, mert az ellen\u00e1ll\u00e1s a teljes\u00edtm\u00e9ny cs\u00f6kken\u00e9s\u00e9vel n\u0151.<\/p>\n\n\n\n<h3 class=\"wp-block-heading\"><strong>energiapazarl\u00e1s<\/strong><strong><\/strong><\/h3>\n\n\n\n<p>A nagyobb teljes\u00edtm\u00e9ny\u0171 izz\u00f3k egy adott id\u0151 alatt t\u00f6bb energi\u00e1t fogyasztanak. 60 wattos izz\u00f3 0,06 kWh energi\u00e1t fogyaszt \u00f3r\u00e1nk\u00e9nt, m\u00edg 100 wattos izz\u00f3 0,1 kWh energi\u00e1t fogyaszt \u00f3r\u00e1nk\u00e9nt.<\/p>\n\n\n\n<h3 class=\"wp-block-heading\"><strong>f\u0171t\u0151\u00e9rt\u00e9k<\/strong><strong><\/strong><\/h3>\n\n\n\n<p>Egy 100 wattos izz\u00f3 t\u00f6bb energi\u00e1t fogyaszt, mint egy 60 wattos izz\u00f3, ez\u00e9rt t\u00f6bb h\u0151t termel. Az izz\u00f3 kiv\u00e1laszt\u00e1sakor figyelembe kell vennie, hogy a teljes\u00edtm\u00e9nye elegend\u0151-e a sz\u00fcks\u00e9ges f\u00e9nyer\u0151h\u00f6z. Ne v\u00e1lasszon t\u00fal nagy teljes\u00edtm\u00e9ny\u0171 izz\u00f3kat, mivel ezek t\u00fal sok h\u0151t is termelnek.<\/p>\n\n\n\n<h2 class=\"wp-block-heading\"><strong>alkalmaz\u00e1si forgat\u00f3k\u00f6nyv<\/strong><strong><\/strong><\/h2>\n\n\n\n<p>A k\u00fcl\u00f6nb\u00f6z\u0151 t\u00edpus\u00fa \u00e9s teljes\u00edtm\u00e9ny\u0171 izz\u00f3knak k\u00fcl\u00f6nb\u00f6z\u0151 alkalmaz\u00e1si forgat\u00f3k\u00f6nyvei vannak. A 60 wattos \u00e9s 100 wattos izz\u00f3kr\u00f3l, f\u00e9nycs\u00f6vekr\u0151l \u00e9s LED-es l\u00e1mp\u00e1kr\u00f3l az al\u00e1bbiakban olvashat.<\/p>\n\n\n\n<p>LED-es l\u00e1mp\u00e1k: 100 wattos l\u00e1mp\u00e1k k\u00f6zvil\u00e1g\u00edt\u00e1shoz: 60 wattos k\u00fclt\u00e9ri ter\u00fcletekhez, p\u00e9ld\u00e1ul udvarokhoz; 100 wattos l\u00e1mp\u00e1k k\u00f6zvil\u00e1g\u00edt\u00e1shoz<br>\u00a0Izz\u00f3l\u00e1mpa: 60 watt kis helyis\u00e9gekbe, p\u00e9ld\u00e1ul h\u00e1l\u00f3szob\u00e1kba; 100 wattos l\u00e1mp\u00e1k nagy helyis\u00e9gekbe, p\u00e9ld\u00e1ul nappalikba.<br>\u00a0F\u00e9nycs\u00f6vek: 60 watt nagyobb belt\u00e9ri helyis\u00e9gekhez, p\u00e9ld\u00e1ul irodai el\u0151terekhez; 100 watt kereskedelmi vil\u00e1g\u00edt\u00e1shoz, p\u00e9ld\u00e1ul bev\u00e1s\u00e1rl\u00f3k\u00f6zpontokhoz.<\/p>\n\n\n\n<figure class=\"wp-block-image aligncenter size-full\"><img decoding=\"async\" width=\"675\" height=\"661\" src=\"https:\/\/led.amasly.com\/wp-content\/uploads\/2025\/07\/LED-bulbs.png\" alt=\"\" class=\"wp-image-4089\" title=\"\" srcset=\"https:\/\/led.amasly.com\/wp-content\/uploads\/2025\/07\/LED-bulbs.png 675w, https:\/\/led.amasly.com\/wp-content\/uploads\/2025\/07\/LED-bulbs-300x294.png 300w, https:\/\/led.amasly.com\/wp-content\/uploads\/2025\/07\/LED-bulbs-12x12.png 12w\" sizes=\"(max-width: 675px) 100vw, 675px\" \/><\/figure>\n\n\n\n<h2 class=\"wp-block-heading\"><strong>Cser\u00e9lje ki a 60 wattos izz\u00f3t egy ugyanolyan t\u00edpus\u00fa 100 wattos izz\u00f3ra:<\/strong><strong><\/strong><\/h2>\n\n\n\n<p>100 wattos izz\u00f3 haszn\u00e1lata 60 wattos l\u00e1mpatart\u00f3ban r\u00f6vidz\u00e1rlatot, t\u00f6r\u00e9st, ki\u00e9g\u00e9st vagy t\u00fczet okozhat. E meghib\u00e1sod\u00e1sok els\u0151dleges oka a h\u0151. 60 wattos izz\u00f3 h\u0151technikai kialak\u00edt\u00e1sa csak 60 wattos izz\u00f3 megfelel\u0151 m\u0171k\u00f6d\u00e9s\u00e9t biztos\u00edtja. Ha a teljes\u00edtm\u00e9ny 100 watt, a t\u00falzott \u00fczemi \u00e1ram a biztos\u00edt\u00e9k (ha van) ki\u00e9g\u00e9s\u00e9t \u00e9s a vezet\u00e9kek t\u00falmeleged\u00e9s\u00e9t okozhatja.<\/p>\n\n\n\n<p>Ezenk\u00edv\u00fcl, ha kicser\u00e9li az izz\u00f3t, elvesz\u00edti az izz\u00f3ra vonatkoz\u00f3 garanci\u00e1t is. Emellett egyes 100 wattos izz\u00f3k nagyobbak, mint a 60 wattos izz\u00f3k, \u00edgy el\u0151fordulhat, hogy az izz\u00f3 \u00e9s a l\u00e1mpatest nem illeszkedik egym\u00e1shoz. Ez\u00e9rt nem aj\u00e1nlott 100 wattos izz\u00f3t haszn\u00e1lni 60 wattos l\u00e1mpatestben.<\/p>\n\n\n\n<h2 class=\"wp-block-heading\"><strong>A megl\u00e9v\u0151 60 wattos izz\u00f3l\u00e1mp\u00e1k, f\u00e9nycs\u00f6vek, halog\u00e9nl\u00e1mp\u00e1k stb. lecser\u00e9l\u00e9se 100 wattos egyen\u00e9rt\u00e9k\u0171 LED-l\u00e1mp\u00e1kra:<\/strong><strong><\/strong><\/h2>\n\n\n\n<p>Ha egy 100 wattos izz\u00f3val\/fluoreszk\u00e1l\u00f3val\/halog\u00e9nnel egyen\u00e9rt\u00e9k\u0171 100 wattos LED-izz\u00f3t szeretne haszn\u00e1lni, az a LED-izz\u00f3k magas hat\u00e9konys\u00e1ga miatt j\u00f3val 60 watt alatt lesz. P\u00e9ld\u00e1ul egy 100 wattos izz\u00f3nak megfelel\u0151 LED-izz\u00f3 csak 10-15 wattos lehet. Ezut\u00e1n meg kell vizsg\u00e1lnia, hogy az izz\u00f3 specifik\u00e1ci\u00f3i kompatibilisek-e.<\/p>\n\n\n\n<p>Egyes LED-izz\u00f3k speci\u00e1lisan kialak\u00edtott l\u00e1mpatalppal rendelkeznek a h\u0151elvezet\u00e9s maximaliz\u00e1l\u00e1sa \u00e9rdek\u00e9ben. Ha a h\u0151elvezet\u00e9s rossz, az izz\u00f3 \u00e9lettartama ler\u00f6vid\u00fclhet. Ha ez nem zavarja, \u00e9s csak vil\u00e1gosabb f\u00e9nyt szeretne, akkor \u00e9rdemes megfontolni, hogy az eredeti 60 wattos izz\u00f3t 100 wattos egyen\u00e9rt\u00e9k\u0171 LED-izz\u00f3ra cser\u00e9lje.<\/p>\n\n\n\n<p>Ha m\u0171k\u00f6dik, ezek a 100 wattos egyen\u00e9rt\u00e9k\u0171 LED-izz\u00f3k nem okoznak nagy k\u00e1rt, mivel kevesebb h\u0151t termelnek, mint a hagyom\u00e1nyos izz\u00f3k.<\/p>\n\n\n\n<h2 class=\"wp-block-heading\"><strong>\u00d6sszefoglal\u00f3<\/strong><strong><\/strong><\/h2>\n\n\n\n<p class=\"has-text-align-left\">A 60 \u00e9s 100 wattos l\u00e1mp\u00e1k m\u00e9retben, f\u00e9nyer\u0151ben, ellen\u00e1ll\u00e1sban, energiafogyaszt\u00e1sban, h\u0151termel\u00e9sben \u00e9s alkalmaz\u00e1si forgat\u00f3k\u00f6nyvekben k\u00fcl\u00f6nb\u00f6znek egym\u00e1st\u00f3l. A megfelel\u0151 izz\u00f3t a t\u00e9nyleges ig\u00e9nyeinek megfelel\u0151en kell kiv\u00e1lasztania. A 60 wattos izz\u00f3 lecser\u00e9l\u00e9se ugyanolyan t\u00edpus\u00fa 100 wattos izz\u00f3ra nem aj\u00e1nlott a ki\u00e9g\u00e9s vesz\u00e9lye miatt. Megfelel\u0151 k\u00f6r\u00fclm\u00e9nyek k\u00f6z\u00f6tt az eredeti 60 wattos hagyom\u00e1nyos izz\u00f3t 100 wattos egyen\u00e9rt\u00e9k\u0171 LED-izz\u00f3ra cser\u00e9lheti.<\/p>\n\n\n\n<p>Szabv\u00e1nyos: <a href=\"http:\/\/www.iec.com\" rel=\"nofollow noopener\" target=\"_blank\">IEC 60598<\/a><\/p>\n\n\n\n<div class=\"wp-block-uagb-container uagb-block-c7d898dd alignfull uagb-is-root-container\"><div class=\"uagb-container-inner-blocks-wrap\"><\/div><\/div>\n\n\n\n<h2 class=\"wp-block-heading\">Kapcsol\u00f3d\u00f3 term\u00e9kek<\/h2>\n\n\n\n<div class=\"wp-block-uagb-container uagb-block-66e4defc alignfull uagb-is-root-container\"><div class=\"uagb-container-inner-blocks-wrap\">\n<div class=\"wp-block-uagb-container uagb-block-a42945f9\">\n<div class=\"wp-block-uagb-image uagb-block-7296296b wp-block-uagb-image--layout-default wp-block-uagb-image--effect-static wp-block-uagb-image--align-none\"><figure class=\"wp-block-uagb-image__figure\"><a class=\"\" href=\"https:\/\/led.amasly.com\/hu_hu\/termekek\/\" target=\"\" rel=\"noopener\"><img decoding=\"async\" srcset=\"https:\/\/led.amasly.com\/wp-content\/uploads\/2024\/09\/Explosion-proof-high-bay-lights.png ,https:\/\/led.amasly.com\/wp-content\/uploads\/2024\/09\/Explosion-proof-high-bay-lights.png 780w, https:\/\/led.amasly.com\/wp-content\/uploads\/2024\/09\/Explosion-proof-high-bay-lights.png 360w\" sizes=\"auto, (max-width: 480px) 150px\" src=\"https:\/\/led.amasly.com\/wp-content\/uploads\/2024\/09\/Explosion-proof-high-bay-lights.png\" alt=\"\" class=\"uag-image-1495\" width=\"300\" height=\"300\" title=\"Robban\u00e1sbiztos magas \u00f6b\u00f6l f\u00e9nyek\" loading=\"lazy\" role=\"img\"><\/a><\/figure><\/div>\n<\/div>\n\n\n\n<div class=\"wp-block-uagb-container uagb-block-4d3efde5\">\n<div class=\"wp-block-uagb-image uagb-block-c9e90797 wp-block-uagb-image--layout-default wp-block-uagb-image--effect-static wp-block-uagb-image--align-none\"><figure class=\"wp-block-uagb-image__figure\"><a class=\"\" href=\"https:\/\/led.amasly.com\/hu_hu\/termekek\/\" target=\"\" rel=\"noopener\"><img decoding=\"async\" srcset=\"https:\/\/led.amasly.com\/wp-content\/uploads\/2024\/07\/LED-tri-proof-lights2.png ,https:\/\/led.amasly.com\/wp-content\/uploads\/2024\/07\/LED-tri-proof-lights2.png 780w, https:\/\/led.amasly.com\/wp-content\/uploads\/2024\/07\/LED-tri-proof-lights2.png 360w\" sizes=\"auto, (max-width: 480px) 150px\" src=\"https:\/\/led.amasly.com\/wp-content\/uploads\/2024\/07\/LED-tri-proof-lights2.png\" alt=\"\" class=\"uag-image-1132\" width=\"300\" height=\"300\" title=\"LED-tri-proof-lights2\" loading=\"lazy\" role=\"img\"><\/a><\/figure><\/div>\n<\/div>\n\n\n\n<div class=\"wp-block-uagb-container uagb-block-11c2578b\">\n<div class=\"wp-block-uagb-image uagb-block-6e8883aa wp-block-uagb-image--layout-default wp-block-uagb-image--effect-static wp-block-uagb-image--align-none\"><figure class=\"wp-block-uagb-image__figure\"><a class=\"\" href=\"https:\/\/led.amasly.com\/hu_hu\/termekek\/\" target=\"\" rel=\"noopener\"><img decoding=\"async\" srcset=\"https:\/\/led.amasly.com\/wp-content\/uploads\/2024\/09\/LED-Explosion-Proof-Gas-Station-Light.png ,https:\/\/led.amasly.com\/wp-content\/uploads\/2024\/09\/LED-Explosion-Proof-Gas-Station-Light.png 780w, https:\/\/led.amasly.com\/wp-content\/uploads\/2024\/09\/LED-Explosion-Proof-Gas-Station-Light.png 360w\" sizes=\"auto, (max-width: 480px) 150px\" src=\"https:\/\/led.amasly.com\/wp-content\/uploads\/2024\/09\/LED-Explosion-Proof-Gas-Station-Light.png\" alt=\"\" class=\"uag-image-1501\" width=\"300\" height=\"300\" title=\"LED robban\u00e1sbiztos benzink\u00fat f\u00e9ny\" loading=\"lazy\" role=\"img\"><\/a><\/figure><\/div>\n<\/div>\n<\/div><\/div>\n\n\n\n<div class=\"wp-block-uagb-container uagb-block-548945b5 alignfull uagb-is-root-container\"><div class=\"uagb-container-inner-blocks-wrap\">\n<div class=\"wp-block-uagb-container uagb-block-967755d5\">\n<h4 class=\"wp-block-heading has-text-align-center\"><a href=\"https:\/\/led.amasly.com\/hu_hu\/termekek\/\">LED robban\u00e1sbiztos f\u00e9nyek<\/a><\/h4>\n<\/div>\n\n\n\n<div class=\"wp-block-uagb-container uagb-block-9bc52fc2\">\n<h4 class=\"wp-block-heading has-text-align-center\"><a href=\"https:\/\/led.amasly.com\/hu_hu\/termekek\/\">LED Tri-Proof f\u00e9nyek<\/a><\/h4>\n<\/div>\n\n\n\n<div class=\"wp-block-uagb-container uagb-block-8ffa0a23\">\n<h4 class=\"wp-block-heading has-text-align-center\"><a href=\"https:\/\/led.amasly.com\/hu_hu\/termekek\/\">Robban\u00e1sbiztos benzink\u00fat f\u00e9nyek<\/a><\/h4>\n<\/div>\n<\/div><\/div>\n\n\n\n<div class=\"wp-block-uagb-container uagb-block-29499fe0 alignfull uagb-is-root-container\"><div class=\"uagb-container-inner-blocks-wrap\">\n<div class=\"wp-block-uagb-container uagb-block-777ee1c7\">\n<div class=\"wp-block-uagb-image uagb-block-2e9a1851 wp-block-uagb-image--layout-default wp-block-uagb-image--effect-static wp-block-uagb-image--align-none\"><figure class=\"wp-block-uagb-image__figure\"><a class=\"\" href=\"https:\/\/led.amasly.com\/hu_hu\/termekek\/\" target=\"\" rel=\"noopener\"><img decoding=\"async\" srcset=\"https:\/\/led.amasly.com\/wp-content\/uploads\/2024\/10\/50W-100W-150W-200W-300W-LED-Flood-Light.jpg ,https:\/\/led.amasly.com\/wp-content\/uploads\/2024\/10\/50W-100W-150W-200W-300W-LED-Flood-Light.jpg 780w, https:\/\/led.amasly.com\/wp-content\/uploads\/2024\/10\/50W-100W-150W-200W-300W-LED-Flood-Light.jpg 360w\" sizes=\"auto, (max-width: 480px) 150px\" src=\"https:\/\/led.amasly.com\/wp-content\/uploads\/2024\/10\/50W-100W-150W-200W-300W-LED-Flood-Light.jpg\" alt=\"\" class=\"uag-image-1526\" width=\"300\" height=\"300\" title=\"50W 100W 150W 200W 300W LED-es \u00e1rv\u00edzf\u00e9ny\" loading=\"lazy\" role=\"img\"><\/a><\/figure><\/div>\n<\/div>\n\n\n\n<div class=\"wp-block-uagb-container uagb-block-af8c8683\">\n<div class=\"wp-block-uagb-image uagb-block-67947854 wp-block-uagb-image--layout-default wp-block-uagb-image--effect-static wp-block-uagb-image--align-none\"><figure class=\"wp-block-uagb-image__figure\"><a class=\"\" href=\"https:\/\/led.amasly.com\/hu_hu\/termekek\/\" target=\"\" rel=\"noopener\"><img decoding=\"async\" srcset=\"https:\/\/led.amasly.com\/wp-content\/uploads\/2024\/07\/led-tri-proof-light.png ,https:\/\/led.amasly.com\/wp-content\/uploads\/2024\/07\/led-tri-proof-light.png 780w, https:\/\/led.amasly.com\/wp-content\/uploads\/2024\/07\/led-tri-proof-light.png 360w\" sizes=\"auto, (max-width: 480px) 150px\" src=\"https:\/\/led.amasly.com\/wp-content\/uploads\/2024\/07\/led-tri-proof-light.png\" alt=\"\" class=\"uag-image-1130\" width=\"300\" height=\"300\" title=\"led-tri-proof-light\" loading=\"lazy\" role=\"img\"><\/a><\/figure><\/div>\n<\/div>\n\n\n\n<div class=\"wp-block-uagb-container uagb-block-0fdfdd58\">\n<div class=\"wp-block-uagb-image uagb-block-1187d32d wp-block-uagb-image--layout-default wp-block-uagb-image--effect-static wp-block-uagb-image--align-none\"><figure class=\"wp-block-uagb-image__figure\"><a class=\"\" href=\"https:\/\/led.amasly.com\/hu_hu\/termekek\/\" target=\"\" rel=\"noopener\"><img decoding=\"async\" srcset=\"https:\/\/led.amasly.com\/wp-content\/uploads\/2024\/07\/LED-street-light.jpg ,https:\/\/led.amasly.com\/wp-content\/uploads\/2024\/07\/LED-street-light.jpg 780w, https:\/\/led.amasly.com\/wp-content\/uploads\/2024\/07\/LED-street-light.jpg 360w\" sizes=\"auto, (max-width: 480px) 150px\" src=\"https:\/\/led.amasly.com\/wp-content\/uploads\/2024\/07\/LED-street-light.jpg\" alt=\"\" class=\"uag-image-1145\" width=\"300\" height=\"300\" title=\"LED-es utcai l\u00e1mp\u00e1k\" loading=\"lazy\" role=\"img\"><\/a><\/figure><\/div>\n<\/div>\n<\/div><\/div>\n\n\n\n<div class=\"wp-block-uagb-container uagb-block-6a60882c alignfull uagb-is-root-container\"><div class=\"uagb-container-inner-blocks-wrap\">\n<div class=\"wp-block-uagb-container uagb-block-f1e91a35\">\n<h4 class=\"wp-block-heading has-text-align-center\"><a href=\"https:\/\/led.amasly.com\/hu_hu\/termekek\/\">LED \u00e1rv\u00edzf\u00e9nyek<\/a><\/h4>\n<\/div>\n\n\n\n<div class=\"wp-block-uagb-container uagb-block-165bfa58\">\n<h4 class=\"wp-block-heading has-text-align-center\"><a href=\"https:\/\/led.amasly.com\/hu_hu\/termekek\/\">LED Tri-Proof cs\u0151f\u00e9nyek<\/a><\/h4>\n<\/div>\n\n\n\n<div class=\"wp-block-uagb-container uagb-block-f6096e3b\">\n<h4 class=\"wp-block-heading has-text-align-center\"><a href=\"https:\/\/led.amasly.com\/hu_hu\/termekek\/\">LED utcai l\u00e1mp\u00e1k<\/a><\/h4>\n<\/div>\n<\/div><\/div>\n\n\n\n<div class=\"wp-block-uagb-container uagb-block-99c0e0a5 alignfull uagb-is-root-container\"><div class=\"uagb-container-inner-blocks-wrap\"><\/div><\/div>\n\n\n\n<p><\/p>","protected":false},"excerpt":{"rendered":"<p>60&nbsp;watt vs. 100&nbsp;watt lamps: what&#8217;s the difference and which is better? Are you planning to replace your old 60-watt bulbs with 100 Watt Lamps? Whether you&#8217;re planning to replace your old HID lights (such as fluorescents, halogens, etc.) with 100-watt equivalent LEDs, or you simply want to switch to a higher wattage bulb, you should [&hellip;]<\/p>\n","protected":false},"author":1,"featured_media":0,"parent":2984,"menu_order":0,"comment_status":"closed","ping_status":"closed","template":"","meta":{"_uag_custom_page_level_css":"","site-sidebar-layout":"no-sidebar","site-content-layout":"","ast-site-content-layout":"default","site-content-style":"default","site-sidebar-style":"default","ast-global-header-display":"","ast-banner-title-visibility":"","ast-main-header-display":"","ast-hfb-above-header-display":"","ast-hfb-below-header-display":"","ast-hfb-mobile-header-display":"","site-post-title":"disabled","ast-breadcrumbs-content":"","ast-featured-img":"","footer-sml-layout":"","ast-disable-related-posts":"","theme-transparent-header-meta":"enabled","adv-header-id-meta":"","stick-header-meta":"","header-above-stick-meta":"","header-main-stick-meta":"","header-below-stick-meta":"","astra-migrate-meta-layouts":"set","ast-page-background-enabled":"default","ast-page-background-meta":{"desktop":{"background-color":"var(--ast-global-color-4)","background-image":"","background-repeat":"repeat","background-position":"center center","background-size":"auto","background-attachment":"scroll","background-type":"","background-media":"","overlay-type":"","overlay-color":"","overlay-opacity":"","overlay-gradient":""},"tablet":{"background-color":"","background-image":"","background-repeat":"repeat","background-position":"center center","background-size":"auto","background-attachment":"scroll","background-type":"","background-media":"","overlay-type":"","overlay-color":"","overlay-opacity":"","overlay-gradient":""},"mobile":{"background-color":"","background-image":"","background-repeat":"repeat","background-position":"center center","background-size":"auto","background-attachment":"scroll","background-type":"","background-media":"","overlay-type":"","overlay-color":"","overlay-opacity":"","overlay-gradient":""}},"ast-content-background-meta":{"desktop":{"background-color":"var(--ast-global-color-5)","background-image":"","background-repeat":"repeat","background-position":"center center","background-size":"auto","background-attachment":"scroll","background-type":"","background-media":"","overlay-type":"","overlay-color":"","overlay-opacity":"","overlay-gradient":""},"tablet":{"background-color":"var(--ast-global-color-5)","background-image":"","background-repeat":"repeat","background-position":"center center","background-size":"auto","background-attachment":"scroll","background-type":"","background-media":"","overlay-type":"","overlay-color":"","overlay-opacity":"","overlay-gradient":""},"mobile":{"background-color":"var(--ast-global-color-5)","background-image":"","background-repeat":"repeat","background-position":"center center","background-size":"auto","background-attachment":"scroll","background-type":"","background-media":"","overlay-type":"","overlay-color":"","overlay-opacity":"","overlay-gradient":""}},"footnotes":""},"class_list":["post-4115","page","type-page","status-publish","hentry"],"uagb_featured_image_src":{"full":false,"thumbnail":false,"medium":false,"medium_large":false,"large":false,"1536x1536":false,"2048x2048":false,"trp-custom-language-flag":false},"uagb_author_info":{"display_name":"Joe","author_link":"https:\/\/led.amasly.com\/hu_hu\/author\/jacklin\/"},"uagb_comment_info":0,"uagb_excerpt":"60&nbsp;watt vs. 100&nbsp;watt lamps: what&#8217;s the difference and which is better? Are you planning to replace your old 60-watt bulbs with 100 Watt Lamps? Whether you&#8217;re planning to replace your old HID lights (such as fluorescents, halogens, etc.) with 100-watt equivalent LEDs, or you simply want to switch to a higher wattage bulb, you should&hellip;","_links":{"self":[{"href":"https:\/\/led.amasly.com\/hu_hu\/wp-json\/wp\/v2\/pages\/4115","targetHints":{"allow":["GET"]}}],"collection":[{"href":"https:\/\/led.amasly.com\/hu_hu\/wp-json\/wp\/v2\/pages"}],"about":[{"href":"https:\/\/led.amasly.com\/hu_hu\/wp-json\/wp\/v2\/types\/page"}],"author":[{"embeddable":true,"href":"https:\/\/led.amasly.com\/hu_hu\/wp-json\/wp\/v2\/users\/1"}],"replies":[{"embeddable":true,"href":"https:\/\/led.amasly.com\/hu_hu\/wp-json\/wp\/v2\/comments?post=4115"}],"version-history":[{"count":2,"href":"https:\/\/led.amasly.com\/hu_hu\/wp-json\/wp\/v2\/pages\/4115\/revisions"}],"predecessor-version":[{"id":4603,"href":"https:\/\/led.amasly.com\/hu_hu\/wp-json\/wp\/v2\/pages\/4115\/revisions\/4603"}],"up":[{"embeddable":true,"href":"https:\/\/led.amasly.com\/hu_hu\/wp-json\/wp\/v2\/pages\/2984"}],"wp:attachment":[{"href":"https:\/\/led.amasly.com\/hu_hu\/wp-json\/wp\/v2\/media?parent=4115"}],"curies":[{"name":"wp","href":"https:\/\/api.w.org\/{rel}","templated":true}]}}