{"id":4007,"date":"2025-05-29T21:00:00","date_gmt":"2025-05-29T13:00:00","guid":{"rendered":"https:\/\/led.amasly.com\/?page_id=4007"},"modified":"2026-01-22T13:44:50","modified_gmt":"2026-01-22T05:44:50","slug":"underground-comprehensive-tube-corridor-led-explosion-proof-lighting-solutions","status":"publish","type":"page","link":"https:\/\/led.amasly.com\/hu_hu\/solutions\/underground-comprehensive-tube-corridor-led-explosion-proof-lighting-solutions\/","title":{"rendered":"F\u00f6ldalatti \u00e1tfog\u00f3 cs\u00f6ves folyos\u00f3 LED robban\u00e1sbiztos vil\u00e1g\u00edt\u00e1si megold\u00e1sok"},"content":{"rendered":"<div class=\"wp-block-uagb-container uagb-block-27bae773 alignfull uagb-is-root-container\"><div class=\"uagb-container-inner-blocks-wrap\"><\/div><\/div>\n\n\n\n<h1 class=\"wp-block-heading has-text-align-center\">F\u00f6ldalatti \u00e1tfog\u00f3 cs\u00f6ves folyos\u00f3 LED robban\u00e1sbiztos vil\u00e1g\u00edt\u00e1si megold\u00e1s<\/h1>\n\n\n\n<h2 class=\"wp-block-heading\"><strong>Robban\u00e1sbiztos vil\u00e1g\u00edt\u00e1si megold\u00e1s: F\u00f6ldalatti \u00e1tfog\u00f3 cs\u0151folyos\u00f3-vil\u00e1g\u00edt\u00e1s \u00e1llapota:<\/strong><\/h2>\n\n\n\n<figure class=\"wp-block-image aligncenter size-full\"><img decoding=\"async\" width=\"710\" height=\"710\" src=\"https:\/\/led.amasly.com\/wp-content\/uploads\/2025\/12\/Explosion-proof-linear-lights.jpg\" alt=\"explosion proof lighting solutions\" class=\"wp-image-4397\" title=\"\" srcset=\"https:\/\/led.amasly.com\/wp-content\/uploads\/2025\/12\/Explosion-proof-linear-lights.jpg 710w, https:\/\/led.amasly.com\/wp-content\/uploads\/2025\/12\/Explosion-proof-linear-lights-300x300.jpg 300w, https:\/\/led.amasly.com\/wp-content\/uploads\/2025\/12\/Explosion-proof-linear-lights-150x150.jpg 150w, https:\/\/led.amasly.com\/wp-content\/uploads\/2025\/12\/Explosion-proof-linear-lights-12x12.jpg 12w\" sizes=\"(max-width: 710px) 100vw, 710px\" \/><\/figure>\n\n\n\n<p>\u00a0\u00a0\u00a0\u00a0\u00a0\u00a0UnderF\u00f6ldalatti \u00e1tfog\u00f3 cs\u0151 folyos\u00f3, utal a k\u00fcl\u00f6nb\u00f6z\u0151 nyilv\u00e1nos jelleg\u0171 a cs\u0151vezet\u00e9k k\u00f6zpontos\u00edtott sz\u00e1ll\u00e1st egy, \u00e9s \u00fcres karbantart\u00e1si munk\u00e1k alkalmazottak s\u00e9ta alag\u00fat m\u00e9rn\u00f6ki \u00e9p\u00edt\u00e9si szerkezet.<\/p>\n\n\n\n<p><br> Ez a tervez\u00e9si koncepci\u00f3 nem csak a belt\u00e9ri f\u00f6ldter\u00fcletet takar\u00edtja meg, a cs\u0151vezet\u00e9k k\u00f6zpontos\u00edt\u00e1sa is k\u00f6nnyen kezelhet\u0151 \u00e9s karbantarthat\u00f3.<br> F\u00f6ldalatti \u00e1tfog\u00f3 cs\u0151folyos\u00f3 gazdas\u00e1gi fejl\u0151d\u00e9s, t\u00e1rsadalmi fejl\u0151d\u00e9s, \u00f6kol\u00f3giai el\u0151ny\u00f6k, f\u00f6ldalatti \u00e1tfog\u00f3 cs\u0151folyos\u00f3 LED robban\u00e1sbiztos l\u00e1mpavil\u00e1g\u00edt\u00e1s val\u00f3ban megfelel a f\u00f6ldalatti \u00e1tfog\u00f3 cs\u0151folyos\u00f3 f\u00e9nyig\u00e9nyeinek.<br> Lehet, hogy a szem\u00e9lyzet a f\u00f6ldalatti \u00e1tfog\u00f3 cs\u0151folyos\u00f3n manipul\u00e1lja a f\u00f6ldalatti cs\u0151folyos\u00f3 panor\u00e1mak\u00e9p\u00e9nek \u00e1tfog\u00f3 elemz\u00e9s\u00e9nek helyzet\u00e9t, ami el\u0151ny\u00f6s a karbantart\u00e1s \u00e9s az \u00fajj\u00e1\u00e9p\u00edt\u00e9s szempontj\u00e1b\u00f3l.<\/p>\n\n\n\n<p><br>A f\u00f6ldalatti \u00e1tfog\u00f3 cs\u0151folyos\u00f3 m\u00e9rn\u00f6ki \u00e9p\u00edt\u00e9se \u00e9s a talajm\u00e9rn\u00f6ki \u00e9p\u00edt\u00e9s nem ugyanaz. Figyelembe v\u00e9ve a k\u00f6rnyez\u0151 k\u00f6rnyezet objekt\u00edv t\u00e9nyez\u0151it szenvedett korl\u00e1toz\u00e1sok, a talaj nedves, nincs vil\u00e1g\u00edt\u00f3berendez\u00e9s nem m\u00e9rn\u00f6ki \u00e9p\u00edt\u00e9s, ideiglenes vil\u00e1g\u00edt\u00f3berendez\u00e9s is nagyon fontos.<br> \u00c9p\u00edt\u00e9si helysz\u00edn vil\u00e1g\u00edt\u00f3berendez\u00e9s f\u00e9nyer\u0151, m\u00e9rn\u00f6ki \u00e9p\u00edt\u00e9si biztons\u00e1g energiafogyaszt\u00e1s meg\u00e9rdemelten.<\/p>\n\n\n\n<h2 class=\"wp-block-heading\"><strong>Robban\u00e1sbiztos vil\u00e1g\u00edt\u00e1si megold\u00e1s: A hagyom\u00e1nyos \u00e9p\u00edtkez\u00e9si helysz\u00edn pro elektromos berendez\u00e9sek vil\u00e1g\u00edt\u00e1sa, mint p\u00e9ld\u00e1ul az izz\u00f3k, a led f\u00e9nycs\u00f6vek a k\u00f6vetkez\u0151 probl\u00e9m\u00e1kat rejtik magukban: A hagyom\u00e1nyos \u00e9p\u00edtkez\u00e9si helysz\u00edn pro elektromos berendez\u00e9sek vil\u00e1g\u00edt\u00e1sa, p\u00e9ld\u00e1ul izz\u00f3k, led f\u00e9nycs\u00f6vek:<\/strong>\u3000<\/h2>\n\n\n\n<p>1, az ideiglenes cs\u0151vezet\u00e9k burkolat\u00e1nak telep\u00edt\u00e9s\u00e9t az \u00e9p\u00edt\u0151munk\u00e1sok k\u00f6nnyen haszn\u00e1lhatj\u00e1k ideiglenes villamos energiak\u00e9nt az \u00e9p\u00edt\u00e9shez, ami potenci\u00e1lis biztons\u00e1gi kock\u00e1zatokat eredm\u00e9nyez.<\/p>\n\n\n\n<p>2, a telep\u00edt\u00e9s lehet led l\u00e1mp\u00e1k, izz\u00f3k \u00e9s egy\u00e9b vil\u00e1g\u00edt\u00f3berendez\u00e9sek \u00e9s cs\u0151vezet\u00e9kek, a vil\u00e1g\u00edt\u00f3berendez\u00e9sek telep\u00edt\u00e9s\u00e9ben a k\u00f6z\u00f6s munkaer\u0151k\u00f6lts\u00e9gek \u00e9s a margin\u00e1lis el\u0151ny\u00f6k t\u00fal magasak.<\/p>\n\n\n\n<p>3\u3001A vil\u00e1g\u00edt\u00f3berendez\u00e9seket emberi t\u00e9nyez\u0151k k\u00f6nnyen k\u00e1ros\u00edthatj\u00e1k, \u00e9s a sz\u00e1ll\u00edt\u00e1s, a s\u00e9r\u00fcl\u00e9s \u00e9s m\u00e1s t\u00e9nyez\u0151k haszn\u00e1lata ut\u00e1n neh\u00e9z \u00fajrafelhaszn\u00e1l\u00e1st v\u00e9gezni.<\/p>\n\n\n\n<p>4, a f\u00f6ldalatti \u00e1tfog\u00f3 cs\u0151folyos\u00f3n a relat\u00edv p\u00e1ratartalomban a hagyom\u00e1nyos vil\u00e1g\u00edt\u00f3berendez\u00e9sek k\u00f6nnyen rozsd\u00e1sodnak, r\u00f6vidz\u00e1rlatos meghib\u00e1sod\u00e1si probl\u00e9m\u00e1khoz vezetnek, ami az eg\u00e9sz utat a k\u00f6z\u00f6s meghib\u00e1sod\u00e1si probl\u00e9m\u00e1kon kereszt\u00fcl eredm\u00e9nyezi.<\/p>\n\n\n\n<p>5, A hossz\u00fa alag\u00fat-t\u00e1vols\u00e1gok a r\u00e9gi vagy alum\u00ednium-mag\u00fa k\u00e1belekkel kombin\u00e1lva t\u00falzott fesz\u00fclts\u00e9ges\u00e9st okoznak. Ez hom\u00e1lyos megvil\u00e1g\u00edt\u00e1st, a l\u00e1mpatestek id\u0151 el\u0151tti ki\u00e9g\u00e9s\u00e9t \u00e9s az \u00e9p\u00edt\u00e9s megszakad\u00e1s\u00e1t eredm\u00e9nyezi.<\/p>\n\n\n\n<p>&nbsp;&nbsp;&nbsp;&nbsp;&nbsp;&nbsp;&nbsp;&nbsp;Ez\u00e9rt k\u00fcl\u00f6n\u00f6sen fontos egy sor hat\u00e9kony, egyszer\u0171 \u00e9s vil\u00e1gos f\u00f6ldalatti \u00e1tfog\u00f3 cs\u0151vezet\u00e9k-folyos\u00f3 vil\u00e1g\u00edt\u00e1si program is.<\/p>\n\n\n\n<p>A LED szil\u00e1rd f\u00e9nyforr\u00e1s haszn\u00e1lata, nincs leolvad\u00e1s, elektromos szint\u0171 \u00f6reged\u00e9s \u00e9s egy\u00e9b probl\u00e9m\u00e1k, az \u00e1tlagos v\u00e1rhat\u00f3 \u00e9lettartam t\u00f6bb mint 50.000 \u00f3ra, a f\u00e9nyforr\u00e1s jelenlegi \u00e9lettartama hossz\u00fa \u00e9lettartama jav\u00edt\u00e1s \u00e9s karbantart\u00e1s n\u00e9lk\u00fcl.<\/p>\n\n\n\n<p>&nbsp;&nbsp;&nbsp;&nbsp;&nbsp;&nbsp;&nbsp;&nbsp;Ugyanaz a megvil\u00e1g\u00edt\u00e1s, mint a hagyom\u00e1nyos f\u00e9nyforr\u00e1s z\u00f6ld 50 ~ 70%, viszonylag kis teljes\u00edtm\u00e9ny\u0171, a hagyom\u00e1nyos nagy teljes\u00edtm\u00e9ny\u0171 l\u00e1mpatestek helyett, hogy megfeleljen a k\u00f6rnyezetv\u00e9delmi \u00e9s energiatakar\u00e9koss\u00e1gi el\u0151\u00edr\u00e1soknak, a vil\u00e1g\u00edt\u00f3testek sima \u00e9s tart\u00f3sak. <\/p>\n\n\n\n<p>       Adhat egy \u00e9sszer\u0171 vil\u00e1g\u00edt\u00e1si elrendez\u00e9st, sz\u00ednk\u00e9pet, vil\u00e1g\u00edt\u00e1si m\u00e9r\u00e9st, a k\u00fcl\u00f6nb\u00f6z\u0151 l\u00e1mp\u00e1k \u00e9s l\u00e1mp\u00e1k \u00e1tfog\u00f3bb v\u00e1laszt\u00e9k\u00e1t is.<\/p>\n\n\n\n<p>&nbsp;&nbsp;&nbsp;&nbsp;&nbsp;&nbsp;&nbsp;&nbsp;&nbsp;Ez\u00e9rt a f\u00f6ldalatti integr\u00e1lt folyos\u00f3 LED robban\u00e1sbiztos vil\u00e1g\u00edt\u00e1s sz\u00fclet\u00e9se, nagyon j\u00f3 kezel\u00e9s a f\u00f6ldalatti integr\u00e1lt folyos\u00f3 nedves \u00e9s hideg, korr\u00f3zi\u00f3 \u00e9s er\u0151s probl\u00e9m\u00e1k miatt, nagyon j\u00f3 vil\u00e1g\u00edt\u00e1s.<\/p>\n\n\n\n<p>Szabv\u00e1nyos: <a href=\"http:\/\/www.iec.com\" rel=\"nofollow noopener\" target=\"_blank\">IEC 60598 IEC60079<\/a><\/p>\n\n\n\n<h2 class=\"wp-block-heading\"><strong>Amasly Light GYIK<\/strong><\/h2>\n\n\n\n<p><strong>Q1.Can van egy minta rendel\u00e9s a ledes f\u00e9nyhez?<\/strong><strong><\/strong><\/p>\n\n\n\n<p>V: Igen, sz\u00edvesen fogadjuk a minta megrendel\u00e9s\u00e9t a min\u0151s\u00e9g tesztel\u00e9s\u00e9hez \u00e9s ellen\u0151rz\u00e9s\u00e9hez. A vegyes mint\u00e1k elfogadhat\u00f3ak.<\/p>\n\n\n\n<p><strong>Q2.Mi a helyzet az \u00e1tfut\u00e1si id\u0151vel?<\/strong><strong><\/strong><\/p>\n\n\n\n<p>V: A mint\u00e1nak 3-5 napra van sz\u00fcks\u00e9ge, a t\u00f6meggy\u00e1rt\u00e1si id\u0151 1-2 h\u00e9t.<\/p>\n\n\n\n<p><strong>Q3.Do van b\u00e1rmilyen MOQ hat\u00e1r\u00e9rt\u00e9k a ledes k\u00f6nny\u0171 megrendel\u00e9shez?<\/strong><strong><\/strong><\/p>\n\n\n\n<p>V: Alacsony MOQ 1db mintaellen\u0151rz\u00e9sre \u00e1ll rendelkez\u00e9sre.<\/p>\n\n\n\n<p><strong>Q4. Hogyan sz\u00e1ll\u00edtj\u00e1k az \u00e1rut, \u00e9s mennyi id\u0151 alatt \u00e9rkezik meg?<\/strong><strong><\/strong><\/p>\n\n\n\n<p>V: \u00c1ltal\u00e1ban a k\u00f6vetkez\u0151 c\u00edmre sz\u00e1ll\u00edtunk <a href=\"https:\/\/www.dhl.com\" rel=\"nofollow noopener\" target=\"_blank\">DHL<\/a>, UPS, FedEx vagy TNT. \u00c1ltal\u00e1ban 3-5 nap alatt \u00e9rkezik meg. L\u00e9gi vonal \u00e9s tengeri sz\u00e1ll\u00edt\u00e1s is v\u00e1laszthat\u00f3.<\/p>\n\n\n\n<p><strong>Q5. Hogyan kell elj\u00e1rni a ledes f\u00e9ny rendel\u00e9s\u00e9n\u00e9l?<\/strong><strong><\/strong><\/p>\n\n\n\n<p>A:<\/p>\n\n\n\n<p>El\u0151sz\u00f6r is t\u00e1j\u00e9koztasson minket az ig\u00e9nyeir\u0151l vagy alkalmaz\u00e1s\u00e1r\u00f3l.<\/p>\n\n\n\n<p>M\u00e1sodszor, az \u00d6n ig\u00e9nyei vagy javaslataink szerint adunk \u00e1raj\u00e1nlatot.<\/p>\n\n\n\n<p>Harmadszor, az \u00fcgyf\u00e9l meger\u0151s\u00edti a mint\u00e1kat \u00e9s let\u00e9tbe helyezi a hivatalos megrendel\u00e9st.<\/p>\n\n\n\n<p>Negyedszer, megszervezz\u00fck a termel\u00e9st.<\/p>\n\n\n\n<p><strong>Q6.Is rendben van, hogy kinyomtassa a <\/strong><strong>LOGO<\/strong><strong>&nbsp;a ledes f\u00e9ny term\u00e9kre ?<\/strong><strong><\/strong><\/p>\n\n\n\n<p>V: Igen.K\u00e9rj\u00fck, t\u00e1j\u00e9koztasson minket hivatalosan a gy\u00e1rt\u00e1s el\u0151tt, \u00e9s el\u0151sz\u00f6r a mint\u00e1nk alapj\u00e1n er\u0151s\u00edtse meg a tervez\u00e9st.<\/p>\n\n\n\n<p><strong>7. k\u00e9rd\u00e9s: K\u00edn\u00e1l garanci\u00e1t a term\u00e9kekre?<\/strong><strong><\/strong><\/p>\n\n\n\n<p>V: Igen, 2-5 \u00e9v garanci\u00e1t k\u00edn\u00e1lunk term\u00e9keinkre.<\/p>\n\n\n\n<p><strong>8. k\u00e9rd\u00e9s: Hogyan kezelj\u00fck a hib\u00e1sat?<\/strong><strong><\/strong><\/p>\n\n\n\n<p>A:<\/p>\n\n\n\n<p>El\u0151sz\u00f6r is, term\u00e9keink dinstrict min\u0151s\u00e9gellen\u0151rz\u00e9si rendszert \u00e1ll\u00edtanak el\u0151, \u00e9s a hib\u00e1s ar\u00e1ny kevesebb lesz, mint 0,2%<\/p>\n\n\n\n<p>M\u00e1sodszor, a garanci\u00e1lis id\u0151szak alatt alkatr\u00e9szeket biztos\u00edtunk a rossz alkatr\u00e9sz cser\u00e9j\u00e9hez.. T\u00f6meges megrendel\u00e9sek eset\u00e9n a s\u00e9r\u00fcl\u00e9keny alkatr\u00e9szeket el\u0151re biztos\u00edtjuk, vagy a t\u00e9nyleges helyzet alapj\u00e1n megbesz\u00e9lhetj\u00fck a megold\u00e1sokat, bele\u00e9rtve a visszah\u00edv\u00e1sokat is.<\/p>\n\n\n\n<p><strong>9. k\u00e9rd\u00e9s: K\u00e9sz\u00edthet\u00fcnk alacsony fesz\u00fclts\u00e9g\u0171 robban\u00e1sbiztos l\u00e1mp\u00e1kat 12V, 24V, 36V vagy 48V AC\/DC fesz\u00fclts\u00e9ggel? <\/strong><\/p>\n\n\n\n<p>Az Amasly haszn\u00e1lhat\u00f3 mind kisfesz\u00fclts\u00e9g\u0171, mind nagyfesz\u00fclts\u00e9g\u0171 robban\u00e1sbiztos vil\u00e1g\u00edt\u00e1sk\u00e9nt - AC\/DC 12V, 24V, 36V, 48V, AC 85-265V, AC 380V. <\/p>\n\n\n\n<p><strong>Q10: Hozz\u00e1adhat\u00f3ak-e a Robban\u00f3 Puff F\u00e9nyek v\u00e9szhelyzeti elemek? <\/strong><\/p>\n\n\n\n<p>Az Amasly robban\u00e1sbiztos l\u00e1mpa felszerelhet\u0151 v\u00e9szhelyzeti l\u00edtium akkumul\u00e1torokkal. A v\u00e9szhelyzeti id\u0151tartam 90 perc, 120 perc vagy 180 perc. <\/p>\n\n\n\n<p><strong>11. k\u00e9rd\u00e9s: Az Amasly robban\u00e1sbiztos l\u00e1mpa testre szabhat\u00f3 OEM term\u00e9kk\u00e9nt? <\/strong><\/p>\n\n\n\n<p>Az Amasly robban\u00e1sbiztos l\u00e1mp\u00e1k az \u00fcgyf\u00e9l ig\u00e9nyei szerint testre szabhat\u00f3k mind a l\u00e1mp\u00e1k, mind a csomagol\u00f3 kartondobozok eset\u00e9ben.<\/p>\n\n\n\n<div class=\"wp-block-uagb-container uagb-block-c7d898dd alignfull uagb-is-root-container\"><div class=\"uagb-container-inner-blocks-wrap\"><\/div><\/div>\n\n\n\n<h2 class=\"wp-block-heading\">Kapcsol\u00f3d\u00f3 term\u00e9kek<\/h2>\n\n\n\n<div class=\"wp-block-uagb-container uagb-block-66e4defc alignfull uagb-is-root-container\"><div class=\"uagb-container-inner-blocks-wrap\">\n<div class=\"wp-block-uagb-container uagb-block-a42945f9\">\n<div class=\"wp-block-uagb-image uagb-block-7296296b wp-block-uagb-image--layout-default wp-block-uagb-image--effect-static wp-block-uagb-image--align-none\"><figure class=\"wp-block-uagb-image__figure\"><a class=\"\" href=\"https:\/\/led.amasly.com\/hu_hu\/products\/\" target=\"\" rel=\"noopener\"><img decoding=\"async\" srcset=\"https:\/\/led.amasly.com\/wp-content\/uploads\/2024\/09\/Explosion-proof-high-bay-lights.png ,https:\/\/led.amasly.com\/wp-content\/uploads\/2024\/09\/Explosion-proof-high-bay-lights.png 780w, https:\/\/led.amasly.com\/wp-content\/uploads\/2024\/09\/Explosion-proof-high-bay-lights.png 360w\" sizes=\"auto, (max-width: 480px) 150px\" src=\"https:\/\/led.amasly.com\/wp-content\/uploads\/2024\/09\/Explosion-proof-high-bay-lights.png\" alt=\"\" class=\"uag-image-1495\" width=\"300\" height=\"300\" title=\"Robban\u00e1sbiztos magas \u00f6b\u00f6l f\u00e9nyek\" loading=\"lazy\" role=\"img\"><\/a><\/figure><\/div>\n<\/div>\n\n\n\n<div class=\"wp-block-uagb-container uagb-block-4d3efde5\">\n<div class=\"wp-block-uagb-image uagb-block-c9e90797 wp-block-uagb-image--layout-default wp-block-uagb-image--effect-static wp-block-uagb-image--align-none\"><figure class=\"wp-block-uagb-image__figure\"><a class=\"\" href=\"https:\/\/led.amasly.com\/hu_hu\/products\/\" target=\"\" rel=\"noopener\"><img decoding=\"async\" srcset=\"https:\/\/led.amasly.com\/wp-content\/uploads\/2024\/07\/LED-tri-proof-lights2.png ,https:\/\/led.amasly.com\/wp-content\/uploads\/2024\/07\/LED-tri-proof-lights2.png 780w, https:\/\/led.amasly.com\/wp-content\/uploads\/2024\/07\/LED-tri-proof-lights2.png 360w\" sizes=\"auto, (max-width: 480px) 150px\" src=\"https:\/\/led.amasly.com\/wp-content\/uploads\/2024\/07\/LED-tri-proof-lights2.png\" alt=\"\" class=\"uag-image-1132\" width=\"300\" height=\"300\" title=\"LED-tri-proof-lights2\" loading=\"lazy\" role=\"img\"><\/a><\/figure><\/div>\n<\/div>\n\n\n\n<div class=\"wp-block-uagb-container uagb-block-11c2578b\">\n<div class=\"wp-block-uagb-image uagb-block-6e8883aa wp-block-uagb-image--layout-default wp-block-uagb-image--effect-static wp-block-uagb-image--align-none\"><figure class=\"wp-block-uagb-image__figure\"><a class=\"\" href=\"https:\/\/led.amasly.com\/hu_hu\/products\/\" target=\"\" rel=\"noopener\"><img decoding=\"async\" srcset=\"https:\/\/led.amasly.com\/wp-content\/uploads\/2024\/09\/LED-Explosion-Proof-Gas-Station-Light.png ,https:\/\/led.amasly.com\/wp-content\/uploads\/2024\/09\/LED-Explosion-Proof-Gas-Station-Light.png 780w, https:\/\/led.amasly.com\/wp-content\/uploads\/2024\/09\/LED-Explosion-Proof-Gas-Station-Light.png 360w\" sizes=\"auto, (max-width: 480px) 150px\" src=\"https:\/\/led.amasly.com\/wp-content\/uploads\/2024\/09\/LED-Explosion-Proof-Gas-Station-Light.png\" alt=\"\" class=\"uag-image-1501\" width=\"300\" height=\"300\" title=\"LED robban\u00e1sbiztos benzink\u00fat f\u00e9ny\" loading=\"lazy\" role=\"img\"><\/a><\/figure><\/div>\n<\/div>\n<\/div><\/div>\n\n\n\n<div class=\"wp-block-uagb-container uagb-block-548945b5 alignfull uagb-is-root-container\"><div class=\"uagb-container-inner-blocks-wrap\">\n<div class=\"wp-block-uagb-container uagb-block-967755d5\">\n<h4 class=\"wp-block-heading has-text-align-center\"><a href=\"https:\/\/led.amasly.com\/hu_hu\/products\/\">LED robban\u00e1sbiztos f\u00e9nyek<\/a><\/h4>\n<\/div>\n\n\n\n<div class=\"wp-block-uagb-container uagb-block-9bc52fc2\">\n<h4 class=\"wp-block-heading has-text-align-center\"><a href=\"https:\/\/led.amasly.com\/hu_hu\/products\/\">LED Tri-Proof f\u00e9nyek<\/a><\/h4>\n<\/div>\n\n\n\n<div class=\"wp-block-uagb-container uagb-block-8ffa0a23\">\n<h4 class=\"wp-block-heading has-text-align-center\"><a href=\"https:\/\/led.amasly.com\/hu_hu\/products\/\">Robban\u00e1sbiztos benzink\u00fat f\u00e9nyek<\/a><\/h4>\n<\/div>\n<\/div><\/div>\n\n\n\n<div class=\"wp-block-uagb-container uagb-block-29499fe0 alignfull uagb-is-root-container\"><div class=\"uagb-container-inner-blocks-wrap\">\n<div class=\"wp-block-uagb-container uagb-block-777ee1c7\">\n<div class=\"wp-block-uagb-image uagb-block-2e9a1851 wp-block-uagb-image--layout-default wp-block-uagb-image--effect-static wp-block-uagb-image--align-none\"><figure class=\"wp-block-uagb-image__figure\"><a class=\"\" href=\"https:\/\/led.amasly.com\/hu_hu\/products\/\" target=\"\" rel=\"noopener\"><img decoding=\"async\" srcset=\"https:\/\/led.amasly.com\/wp-content\/uploads\/2024\/10\/50W-100W-150W-200W-300W-LED-Flood-Light.jpg ,https:\/\/led.amasly.com\/wp-content\/uploads\/2024\/10\/50W-100W-150W-200W-300W-LED-Flood-Light.jpg 780w, https:\/\/led.amasly.com\/wp-content\/uploads\/2024\/10\/50W-100W-150W-200W-300W-LED-Flood-Light.jpg 360w\" sizes=\"auto, (max-width: 480px) 150px\" src=\"https:\/\/led.amasly.com\/wp-content\/uploads\/2024\/10\/50W-100W-150W-200W-300W-LED-Flood-Light.jpg\" alt=\"\" class=\"uag-image-1526\" width=\"300\" height=\"300\" title=\"50W 100W 150W 200W 300W LED-es \u00e1rv\u00edzf\u00e9ny\" loading=\"lazy\" role=\"img\"><\/a><\/figure><\/div>\n<\/div>\n\n\n\n<div class=\"wp-block-uagb-container uagb-block-af8c8683\">\n<div class=\"wp-block-uagb-image uagb-block-67947854 wp-block-uagb-image--layout-default wp-block-uagb-image--effect-static wp-block-uagb-image--align-none\"><figure class=\"wp-block-uagb-image__figure\"><a class=\"\" href=\"https:\/\/led.amasly.com\/hu_hu\/products\/\" target=\"\" rel=\"noopener\"><img decoding=\"async\" srcset=\"https:\/\/led.amasly.com\/wp-content\/uploads\/2024\/07\/led-tri-proof-light.png ,https:\/\/led.amasly.com\/wp-content\/uploads\/2024\/07\/led-tri-proof-light.png 780w, https:\/\/led.amasly.com\/wp-content\/uploads\/2024\/07\/led-tri-proof-light.png 360w\" sizes=\"auto, (max-width: 480px) 150px\" src=\"https:\/\/led.amasly.com\/wp-content\/uploads\/2024\/07\/led-tri-proof-light.png\" alt=\"\" class=\"uag-image-1130\" width=\"300\" height=\"300\" title=\"led-tri-proof-light\" loading=\"lazy\" role=\"img\"><\/a><\/figure><\/div>\n<\/div>\n\n\n\n<div class=\"wp-block-uagb-container uagb-block-0fdfdd58\">\n<div class=\"wp-block-uagb-image uagb-block-1187d32d wp-block-uagb-image--layout-default wp-block-uagb-image--effect-static wp-block-uagb-image--align-none\"><figure class=\"wp-block-uagb-image__figure\"><a class=\"\" href=\"https:\/\/led.amasly.com\/hu_hu\/products\/\" target=\"\" rel=\"noopener\"><img decoding=\"async\" srcset=\"https:\/\/led.amasly.com\/wp-content\/uploads\/2024\/07\/LED-street-light.jpg ,https:\/\/led.amasly.com\/wp-content\/uploads\/2024\/07\/LED-street-light.jpg 780w, https:\/\/led.amasly.com\/wp-content\/uploads\/2024\/07\/LED-street-light.jpg 360w\" sizes=\"auto, (max-width: 480px) 150px\" src=\"https:\/\/led.amasly.com\/wp-content\/uploads\/2024\/07\/LED-street-light.jpg\" alt=\"\" class=\"uag-image-1145\" width=\"300\" height=\"300\" title=\"LED-es utcai l\u00e1mp\u00e1k\" loading=\"lazy\" role=\"img\"><\/a><\/figure><\/div>\n<\/div>\n<\/div><\/div>\n\n\n\n<div class=\"wp-block-uagb-container uagb-block-6a60882c alignfull uagb-is-root-container\"><div class=\"uagb-container-inner-blocks-wrap\">\n<div class=\"wp-block-uagb-container uagb-block-f1e91a35\">\n<h4 class=\"wp-block-heading has-text-align-center\"><a href=\"https:\/\/led.amasly.com\/hu_hu\/products\/\">LED \u00e1rv\u00edzf\u00e9nyek<\/a><\/h4>\n<\/div>\n\n\n\n<div class=\"wp-block-uagb-container uagb-block-165bfa58\">\n<h4 class=\"wp-block-heading has-text-align-center\"><a href=\"https:\/\/led.amasly.com\/hu_hu\/products\/\">LED Tri-Proof cs\u0151f\u00e9nyek<\/a><\/h4>\n<\/div>\n\n\n\n<div class=\"wp-block-uagb-container uagb-block-f6096e3b\">\n<h4 class=\"wp-block-heading has-text-align-center\"><a href=\"https:\/\/led.amasly.com\/hu_hu\/products\/\">LED utcai l\u00e1mp\u00e1k<\/a><\/h4>\n<\/div>\n<\/div><\/div>\n\n\n\n<div class=\"wp-block-uagb-container uagb-block-99c0e0a5 alignfull uagb-is-root-container\"><div class=\"uagb-container-inner-blocks-wrap\"><\/div><\/div>\n\n\n\n<p><\/p>","protected":false},"excerpt":{"rendered":"<p>Underground comprehensive tube corridor LED explosion proof lighting solution Explosion proof lighting solution: Underground comprehensive tube corridor lighting status: \u00a0\u00a0\u00a0\u00a0\u00a0\u00a0UnderUnderground comprehensive pipe corridor, refers to a variety of public nature of the pipeline centralized accommodation in one, and empty for maintenance work employees walking tunnel engineering construction structure. This design concept not only saves ground [&hellip;]<\/p>\n","protected":false},"author":1,"featured_media":0,"parent":1808,"menu_order":0,"comment_status":"closed","ping_status":"closed","template":"","meta":{"_uag_custom_page_level_css":"","site-sidebar-layout":"no-sidebar","site-content-layout":"","ast-site-content-layout":"default","site-content-style":"default","site-sidebar-style":"default","ast-global-header-display":"","ast-banner-title-visibility":"","ast-main-header-display":"","ast-hfb-above-header-display":"","ast-hfb-below-header-display":"","ast-hfb-mobile-header-display":"","site-post-title":"disabled","ast-breadcrumbs-content":"","ast-featured-img":"","footer-sml-layout":"","ast-disable-related-posts":"","theme-transparent-header-meta":"enabled","adv-header-id-meta":"","stick-header-meta":"","header-above-stick-meta":"","header-main-stick-meta":"","header-below-stick-meta":"","astra-migrate-meta-layouts":"set","ast-page-background-enabled":"default","ast-page-background-meta":{"desktop":{"background-color":"var(--ast-global-color-4)","background-image":"","background-repeat":"repeat","background-position":"center center","background-size":"auto","background-attachment":"scroll","background-type":"","background-media":"","overlay-type":"","overlay-color":"","overlay-opacity":"","overlay-gradient":""},"tablet":{"background-color":"","background-image":"","background-repeat":"repeat","background-position":"center center","background-size":"auto","background-attachment":"scroll","background-type":"","background-media":"","overlay-type":"","overlay-color":"","overlay-opacity":"","overlay-gradient":""},"mobile":{"background-color":"","background-image":"","background-repeat":"repeat","background-position":"center center","background-size":"auto","background-attachment":"scroll","background-type":"","background-media":"","overlay-type":"","overlay-color":"","overlay-opacity":"","overlay-gradient":""}},"ast-content-background-meta":{"desktop":{"background-color":"var(--ast-global-color-5)","background-image":"","background-repeat":"repeat","background-position":"center center","background-size":"auto","background-attachment":"scroll","background-type":"","background-media":"","overlay-type":"","overlay-color":"","overlay-opacity":"","overlay-gradient":""},"tablet":{"background-color":"var(--ast-global-color-5)","background-image":"","background-repeat":"repeat","background-position":"center center","background-size":"auto","background-attachment":"scroll","background-type":"","background-media":"","overlay-type":"","overlay-color":"","overlay-opacity":"","overlay-gradient":""},"mobile":{"background-color":"var(--ast-global-color-5)","background-image":"","background-repeat":"repeat","background-position":"center center","background-size":"auto","background-attachment":"scroll","background-type":"","background-media":"","overlay-type":"","overlay-color":"","overlay-opacity":"","overlay-gradient":""}},"footnotes":""},"class_list":["post-4007","page","type-page","status-publish","hentry"],"uagb_featured_image_src":{"full":false,"thumbnail":false,"medium":false,"medium_large":false,"large":false,"1536x1536":false,"2048x2048":false,"trp-custom-language-flag":false},"uagb_author_info":{"display_name":"Joe","author_link":"https:\/\/led.amasly.com\/hu_hu\/author\/jacklin\/"},"uagb_comment_info":0,"uagb_excerpt":"Underground comprehensive tube corridor LED explosion proof lighting solution Explosion proof lighting solution: Underground comprehensive tube corridor lighting status: \u00a0\u00a0\u00a0\u00a0\u00a0\u00a0UnderUnderground comprehensive pipe corridor, refers to a variety of public nature of the pipeline centralized accommodation in one, and empty for maintenance work employees walking tunnel engineering construction structure. This design concept not only saves ground&hellip;","_links":{"self":[{"href":"https:\/\/led.amasly.com\/hu_hu\/wp-json\/wp\/v2\/pages\/4007","targetHints":{"allow":["GET"]}}],"collection":[{"href":"https:\/\/led.amasly.com\/hu_hu\/wp-json\/wp\/v2\/pages"}],"about":[{"href":"https:\/\/led.amasly.com\/hu_hu\/wp-json\/wp\/v2\/types\/page"}],"author":[{"embeddable":true,"href":"https:\/\/led.amasly.com\/hu_hu\/wp-json\/wp\/v2\/users\/1"}],"replies":[{"embeddable":true,"href":"https:\/\/led.amasly.com\/hu_hu\/wp-json\/wp\/v2\/comments?post=4007"}],"version-history":[{"count":2,"href":"https:\/\/led.amasly.com\/hu_hu\/wp-json\/wp\/v2\/pages\/4007\/revisions"}],"predecessor-version":[{"id":4592,"href":"https:\/\/led.amasly.com\/hu_hu\/wp-json\/wp\/v2\/pages\/4007\/revisions\/4592"}],"up":[{"embeddable":true,"href":"https:\/\/led.amasly.com\/hu_hu\/wp-json\/wp\/v2\/pages\/1808"}],"wp:attachment":[{"href":"https:\/\/led.amasly.com\/hu_hu\/wp-json\/wp\/v2\/media?parent=4007"}],"curies":[{"name":"wp","href":"https:\/\/api.w.org\/{rel}","templated":true}]}}