{"id":4002,"date":"2025-05-28T22:02:21","date_gmt":"2025-05-28T14:02:21","guid":{"rendered":"https:\/\/led.amasly.com\/?page_id=4002"},"modified":"2026-01-18T13:35:45","modified_gmt":"2026-01-18T05:35:45","slug":"explosion-proof-fluorescent-lights-price","status":"publish","type":"page","link":"https:\/\/led.amasly.com\/hu_hu\/light-price\/explosion-proof-fluorescent-lights-price\/","title":{"rendered":"Robban\u00e1sbiztos f\u00e9nycs\u00f6vek \u00c1r"},"content":{"rendered":"<div class=\"wp-block-uagb-container uagb-block-27bae773 alignfull uagb-is-root-container\"><div class=\"uagb-container-inner-blocks-wrap\"><\/div><\/div>\n\n\n\n<h1 class=\"wp-block-heading has-text-align-center\"><strong>Robban\u00e1sbiztos f\u00e9nycs\u00f6vek \u00c1r<\/strong><\/h1>\n\n\n\n<h2 class=\"wp-block-heading\">Amasly robban\u00e1sbiztos f\u00e9nycs\u00f6vek Jellemz\u0151k<\/h2>\n\n\n\n<p>Polikarbon\u00e1t \u00f6tv\u00f6z\u00f6tt anyagb\u00f3l k\u00e9sz\u00fclt fr\u00f6ccs\u00f6nt\u00e9ses h\u00e9j, er\u0151s \u00fct\u00e9s\u00e1ll\u00f3s\u00e1g, magas h\u0151m\u00e9rs\u00e9kleti ellen\u00e1ll\u00e1s, hideg\u00e1ll\u00f3s\u00e1g, er\u0151s korr\u00f3zi\u00f3v\u00e9delem \u00e9s egy\u00e9b jellemz\u0151k;<\/p>\n\n\n\n<p><br>Polikarbon\u00e1t anyag\u00fa fr\u00f6ccs\u00f6nt\u00e9ses l\u00e1mpaerny\u0151, magas f\u00e9ny\u00e1tereszt\u0151 k\u00e9pess\u00e9g\u0171, \u00e9s ellen\u00e1ll az er\u0151s \u00fct\u00e9snek, a szalaggal bord\u00e1zott kialak\u00edt\u00e1snak, hat\u00e9konyan megakad\u00e1lyozhatja a k\u00e1pr\u00e1z\u00e1st.<br>A f\u00e9nyeloszt\u00f3 rendszer professzion\u00e1lis optikai szoftvertervez\u00e9se, a sug\u00e1reloszt\u00e1s \u00e9sszer\u0171, egyenletes megvil\u00e1g\u00edt\u00e1s, visszaver\u0151d\u00e9si hat\u00e9konys\u00e1g, magas kihaszn\u00e1lts\u00e1gi hat\u00e9konys\u00e1g.<\/p>\n\n\n\n<p><br>Nemzetk\u00f6zi m\u00e1rk\u00e1k konfigur\u00e1ci\u00f3ja, mint p\u00e9ld\u00e1ul a Corey LED f\u00e9nyforr\u00e1s, \u00e9sszer\u0171 elrendez\u00e9s, egyir\u00e1ny\u00fa f\u00e9ny, egyenletes \u00e9s l\u00e1gy f\u00e9ny, magas f\u00e9nyhasznos\u00edt\u00e1s, <\/p>\n\n\n\n<p>f\u00e9nyhasznos\u00edt\u00e1s &gt; 140lm \/ W, magas sz\u00ednvisszaad\u00e1s, Ra&gt; 80, hossz\u00fa \u00e9lettartam, legal\u00e1bb 100 000 \u00f3ra, f\u00e9nyforr\u00e1s.<\/p>\n\n\n\n<p><br>Legal\u00e1bb 100000 \u00f3ra, a f\u00e9nyforr\u00e1s haszn\u00e1lata ut\u00e1n 5 \u00e9vvel a f\u00e9ny\u00e1ram nem kevesebb, mint 70% a kezdeti \u00e9rt\u00e9k 70%;<\/p>\n\n\n\n<p><br>Vezet\u0151 t\u00e1pegys\u00e9g sz\u00e9les fesz\u00fclts\u00e9g bemenettel, \u00e1lland\u00f3 kimeneti teljes\u00edtm\u00e9ny, \u00e1lland\u00f3 \u00e1ram, ny\u00edlt \u00e1ramk\u00f6r, r\u00f6vidz\u00e1rlat \u00e9s egy\u00e9b v\u00e9delmi funkci\u00f3k, a Maoshuo m\u00e1rka vezet\u0151 t\u00e1pegys\u00e9g\u00e9nek vezet\u00e9se.<\/p>\n\n\n\n<p><br>A felhaszn\u00e1l\u00f3 ig\u00e9nyei szerint felszerelhet\u0151 v\u00e9szhelyzeti eszk\u00f6z\u00f6kkel, amikor az \u00e1ramell\u00e1t\u00e1s \u00e1ramkimarad\u00e1sa eset\u00e9n a l\u00e1mp\u00e1k \u00e9s l\u00e1mp\u00e1k automatikusan \u00e1tkapcsolnak a v\u00e9szvil\u00e1g\u00edt\u00e1si \u00e1llapotba.<\/p>\n\n\n\n<p><br>Term\u00e9kkombin\u00e1ci\u00f3 a szoros, megb\u00edzhat\u00f3 kapcsolat\u00fa alkatr\u00e9szekb\u0151l, j\u00f3 \u00fct\u00e9s\u00e1ll\u00f3s\u00e1ggal, hogy a term\u00e9k megb\u00edzhat\u00f3an m\u0171k\u00f6dj\u00f6n nagyfrekvenci\u00e1s rezg\u00e9s eset\u00e9n.<\/p>\n\n\n\n<p><br>Speci\u00e1lis robban\u00e1sbiztos LED f\u00e9nycs\u00f6vek konfigur\u00e1ci\u00f3ja, nagy hat\u00e9konys\u00e1g, energiatakar\u00e9koss\u00e1g, k\u00f6rnyezetv\u00e9delem, hossz\u00fa \u00e9lettartam.<\/p>\n\n\n\n<p><br>A f\u00e9nycs\u0151test \u00e9s az \u00e1tl\u00e1tsz\u00f3 burkolat t\u00f6bbpontos csatol\u00e1si m\u00f3dot alkalmaz, amely biztos\u00edtja a burkolat egyenletes z\u00e1r\u00e1si erej\u00e9t, a megb\u00edzhat\u00f3 t\u00f6m\u00edt\u00e9st \u00e9s a k\u00f6nny\u0171 karbantart\u00e1st.<\/p>\n\n\n\n<p><br>H\u00e9j j\u00f3l megtervezett l\u00e9gz\u0151berendez\u00e9ssel, amely kiegyenl\u00edti a bels\u0151 \u00e9s k\u00fcls\u0151 nyom\u00e1sk\u00fcl\u00f6nbs\u00e9get, teljesen kik\u00fcsz\u00f6b\u00f6lve a kondenz\u00e1ci\u00f3s jelens\u00e9get.<\/p>\n\n\n\n<p><br>Speci\u00e1lis t\u00f6m\u00edt\u0151szalag-t\u00f6m\u00edt\u00e9s, \u00f6reged\u00e9s\u00e1ll\u00f3s\u00e1g, j\u00f3l megtervezett \u00edvelt t\u00f6m\u00edt\u0151szerkezet, magas v\u00e9delmi szint.<\/p>\n\n\n\n<p>Rejtett csukl\u00f3szerkezet, egyenletesebb er\u0151, k\u00e9nyelmes nyit\u00e1s, k\u00f6nny\u0171 karbantart\u00e1s<\/p>\n\n\n\n<h2 class=\"wp-block-heading\">Amasly robban\u00e1sbiztos f\u00e9nycs\u00f6vek Alkalmaz\u00e1si ter\u00fclet<\/h2>\n\n\n\n<p>Sz\u00e9les k\u00f6rben haszn\u00e1lj\u00e1k a k\u0151olajb\u00e1ny\u00e1szatban, az olajfinom\u00edt\u00e1sban, a vegyiparban, a hadiiparban \u00e9s m\u00e1s vesz\u00e9lyes k\u00f6rnyezetben a munka \u00e9s a helysz\u00edn megvil\u00e1g\u00edt\u00e1s\u00e1ra.<br>Sz\u00e9les k\u00f6rben haszn\u00e1lj\u00e1k a k\u0151olajb\u00e1ny\u00e1szatban, az olajfinom\u00edt\u00e1sban, a vegyiparban, a hadiiparban \u00e9s m\u00e1s vesz\u00e9lyes k\u00f6rnyezetben a munka \u00e9s a helysz\u00edn megvil\u00e1g\u00edt\u00e1s\u00e1ra.<br>Alkalmas energiatakar\u00e9kos fel\u00faj\u00edt\u00e1si projektekhez \u00e9s olyan helyekre, ahol a karbantart\u00e1s \u00e9s a csere neh\u00e9zkes.<br>Alkalmas olyan helyekre, ahol magas v\u00e9delmi k\u00f6vetelm\u00e9nyek, p\u00e1ratartalom \u00e9s mar\u00f3 g\u00e1zok vannak.<br>Alkalmas olyan helyekre, ahol magas v\u00e9delmi k\u00f6vetelm\u00e9nyek, p\u00e1ratartalom \u00e9s mar\u00f3 g\u00e1zok vannak.<br>Alkalmas az 1. \u00e9s 2. z\u00f3na robban\u00e1svesz\u00e9lyes g\u00e1zzal \u00e9rintkez\u0151 k\u00f6rnyezetekben; \u00e9s<br>Alkalmas a 21. \u00e9s 22. z\u00f3na \u00e9ghet\u0151 poros k\u00f6rnyezet\u00e9ben.<br>Alkalmas \u2161A, IIB, IIC robban\u00e1svesz\u00e9lyes g\u00e1zok k\u00f6rnyezet\u00e9ben.<br>Alkalmas T1-T6 h\u0151m\u00e9rs\u00e9kletcsoporthoz.<\/p>\n\n\n\n<h2 class=\"wp-block-heading\">Amasly Bevezet\u00e9s<\/h2>\n\n\n\n<p>Amasly, mint K\u00edna robban\u00e1sbiztos vil\u00e1g\u00edt\u00e1si sz\u00e1ll\u00edt\u00f3ja, a robban\u00e1sbiztos vil\u00e1g\u00edt\u00e1si term\u00e9kek k\u00f6z\u00e9 tartoznak: kerek robban\u00e1sbiztos f\u00e9nyek (robban\u00e1sbiztos High Bay Lights), n\u00e9gyzet alak\u00fa robban\u00e1sbiztos f\u00e9nyek (robban\u00e1sbiztos \u00e1rv\u00edzf\u00e9nyek), line\u00e1ris robban\u00e1sbiztos f\u00e9nyek, robban\u00e1sbiztos cs\u0151f\u00e9nyek, robban\u00e1sbiztos jelz\u0151f\u00e9nyek, robban\u00e1sbiztos v\u00e9szvil\u00e1g\u00edt\u00e1s, minden robban\u00e1sbiztos f\u00e9ny\u00fcnk ATEX j\u00f3v\u00e1hagyott \u00e9s nagyon versenyk\u00e9pes \u00e1ron k\u00edn\u00e1lt.<\/p>\n\n\n\n<p>Az Amasly Lighting egy vezet\u0151 professzion\u00e1lis vil\u00e1g\u00edt\u00e1stechnikai v\u00e1llalat, amely a terek kreativit\u00e1ssal, innov\u00e1ci\u00f3val \u00e9s fenntarthat\u00f3s\u00e1ggal t\u00f6rt\u00e9n\u0151 megvil\u00e1g\u00edt\u00e1s\u00e1val foglalkozik. A min\u0151s\u00e9gre, a hat\u00e9konys\u00e1gra \u00e9s a vev\u0151i el\u00e9gedetts\u00e9gre \u00f6sszpontos\u00edtva a legmodernebb vil\u00e1g\u00edt\u00e1si megold\u00e1sok \u00e1tfog\u00f3 v\u00e1laszt\u00e9k\u00e1t k\u00edn\u00e1ljuk, melyeket \u00fcgyfeleink v\u00e1ltozatos ig\u00e9nyeihez igaz\u00edtunk.<\/p>\n\n\n\n<p>Term\u00e9keinket a vil\u00e1g 68 orsz\u00e1g\u00e1ba, p\u00e9ld\u00e1ul Eur\u00f3p\u00e1ba \u00e9s az Egyes\u00fclt \u00c1llamokba export\u00e1lt\u00e1k, \u00e9s kiv\u00e1l\u00f3 min\u0151s\u00e9g\u0171 term\u00e9keinkkel elnyert\u00e9k a vil\u00e1g vezet\u0151 vil\u00e1g\u00edt\u00e1stechnikai term\u00e9ksz\u00e1ll\u00edt\u00f3inak elismer\u00e9s\u00e9t.<\/p>\n\n\n\n<h2 class=\"wp-block-heading\">Amasly robban\u00e1sbiztos f\u00e9nycs\u00f6vek Tan\u00fas\u00edtv\u00e1ny<\/h2>\n\n\n\n<p>Am\u00fagy minden robban\u00e1sbiztos f\u00e9ny <a href=\"http:\/\/www.iecex-certs.com\/\" rel=\"nofollow noopener\" target=\"_blank\">ATEX<\/a> j\u00f3v\u00e1hagyott \u00e9s nagyon versenyk\u00e9pes robban\u00e1sbiztos f\u00e9nycs\u00f6vek \u00e1r\u00e1n k\u00edn\u00e1lj\u00e1k.<\/p>\n\n\n\n<h2 class=\"wp-block-heading\">Amasly robban\u00e1sbiztos f\u00e9nycs\u00f6vek \u00c1r<\/h2>\n\n\n\n<div class=\"wp-block-uagb-image uagb-block-b5e91b46 wp-block-uagb-image--layout-default wp-block-uagb-image--effect-static wp-block-uagb-image--align-none\"><figure class=\"wp-block-uagb-image__figure\"><img decoding=\"async\" srcset=\"https:\/\/led.amasly.com\/wp-content\/uploads\/2024\/07\/Explosion-proof-linear-fluorescence-lights.png ,https:\/\/led.amasly.com\/wp-content\/uploads\/2024\/07\/Explosion-proof-linear-fluorescence-lights.png 780w, https:\/\/led.amasly.com\/wp-content\/uploads\/2024\/07\/Explosion-proof-linear-fluorescence-lights.png 360w\" sizes=\"auto, (max-width: 480px) 150px\" src=\"https:\/\/led.amasly.com\/wp-content\/uploads\/2024\/07\/Explosion-proof-linear-fluorescence-lights.png\" alt=\"Explosion proof fluorescence lamps, Explosion Proof fluorescent Lights Price\" class=\"uag-image-1122\" width=\"617\" height=\"453\" title=\"Robban\u00e1sbiztos fluoreszcens l\u00e1mp\u00e1k\" loading=\"lazy\" role=\"img\"\/><\/figure><\/div>\n\n\n\n<figure class=\"wp-block-table\"><table class=\"has-fixed-layout\"><tbody><tr><td>BAY<\/td><td>2*18W<\/td><td>$32.43<\/td><\/tr><\/tbody><\/table><\/figure>\n\n\n\n<h2 class=\"wp-block-heading\"><strong>Amasly Light GYIK<\/strong><\/h2>\n\n\n\n<p><strong>Q1.Can van egy minta rendel\u00e9s a ledes f\u00e9nyhez?<\/strong><strong><\/strong><\/p>\n\n\n\n<p>V: Igen, sz\u00edvesen fogadjuk a minta megrendel\u00e9s\u00e9t a min\u0151s\u00e9g tesztel\u00e9s\u00e9hez \u00e9s ellen\u0151rz\u00e9s\u00e9hez. A vegyes mint\u00e1k elfogadhat\u00f3ak.<\/p>\n\n\n\n<p><strong>Q2.Mi a helyzet az \u00e1tfut\u00e1si id\u0151vel?<\/strong><strong><\/strong><\/p>\n\n\n\n<p>V: A mint\u00e1nak 3-5 napra van sz\u00fcks\u00e9ge, a t\u00f6meggy\u00e1rt\u00e1si id\u0151 1-2 h\u00e9t.<\/p>\n\n\n\n<p><strong>Q3.Do van b\u00e1rmilyen MOQ hat\u00e1r\u00e9rt\u00e9k a ledes k\u00f6nny\u0171 megrendel\u00e9shez?<\/strong><strong><\/strong><\/p>\n\n\n\n<p>V: Alacsony MOQ 1db mintaellen\u0151rz\u00e9sre \u00e1ll rendelkez\u00e9sre.<\/p>\n\n\n\n<p><strong>Q4. Hogyan sz\u00e1ll\u00edtj\u00e1k az \u00e1rut, \u00e9s mennyi id\u0151 alatt \u00e9rkezik meg?<\/strong><strong><\/strong><\/p>\n\n\n\n<p>V: \u00c1ltal\u00e1ban a k\u00f6vetkez\u0151 c\u00edmre sz\u00e1ll\u00edtunk <a href=\"https:\/\/www.dhl.com\" rel=\"nofollow noopener\" target=\"_blank\">DHL<\/a>, UPS, FedEx vagy TNT. \u00c1ltal\u00e1ban 3-5 nap alatt \u00e9rkezik meg. L\u00e9gi vonal \u00e9s tengeri sz\u00e1ll\u00edt\u00e1s is v\u00e1laszthat\u00f3.<\/p>\n\n\n\n<p><strong>Q5. Hogyan kell elj\u00e1rni a ledes f\u00e9ny rendel\u00e9s\u00e9n\u00e9l?<\/strong><strong><\/strong><\/p>\n\n\n\n<p>A:<\/p>\n\n\n\n<p>El\u0151sz\u00f6r is t\u00e1j\u00e9koztasson minket az ig\u00e9nyeir\u0151l vagy alkalmaz\u00e1s\u00e1r\u00f3l.<\/p>\n\n\n\n<p>M\u00e1sodszor, az \u00d6n ig\u00e9nyei vagy javaslataink szerint adunk \u00e1raj\u00e1nlatot.<\/p>\n\n\n\n<p>Harmadszor, az \u00fcgyf\u00e9l meger\u0151s\u00edti a mint\u00e1kat \u00e9s let\u00e9tbe helyezi a hivatalos megrendel\u00e9st.<\/p>\n\n\n\n<p>Negyedszer, megszervezz\u00fck a termel\u00e9st.<\/p>\n\n\n\n<p><strong>Q6.Is rendben van, hogy kinyomtassa a <\/strong><strong>LOGO<\/strong><strong>&nbsp;a ledes f\u00e9ny term\u00e9kre ?<\/strong><strong><\/strong><\/p>\n\n\n\n<p>V: Igen.K\u00e9rj\u00fck, t\u00e1j\u00e9koztasson minket hivatalosan a gy\u00e1rt\u00e1s el\u0151tt, \u00e9s el\u0151sz\u00f6r a mint\u00e1nk alapj\u00e1n er\u0151s\u00edtse meg a tervez\u00e9st.<\/p>\n\n\n\n<p><strong>7. k\u00e9rd\u00e9s: K\u00edn\u00e1l garanci\u00e1t a term\u00e9kekre?<\/strong><strong><\/strong><\/p>\n\n\n\n<p>V: Igen, 2-5 \u00e9v garanci\u00e1t k\u00edn\u00e1lunk term\u00e9keinkre.<\/p>\n\n\n\n<p><strong>8. k\u00e9rd\u00e9s: Hogyan kezelj\u00fck a hib\u00e1sat?<\/strong><strong><\/strong><\/p>\n\n\n\n<p>A:<\/p>\n\n\n\n<p>El\u0151sz\u00f6r is, term\u00e9keink dinstrict min\u0151s\u00e9gellen\u0151rz\u00e9si rendszert \u00e1ll\u00edtanak el\u0151, \u00e9s a hib\u00e1s ar\u00e1ny kevesebb lesz, mint 0,2%<\/p>\n\n\n\n<p>M\u00e1sodszor, a garanci\u00e1lis id\u0151szak alatt alkatr\u00e9szeket biztos\u00edtunk a rossz alkatr\u00e9sz cser\u00e9j\u00e9hez.. T\u00f6meges megrendel\u00e9sek eset\u00e9n a s\u00e9r\u00fcl\u00e9keny alkatr\u00e9szeket el\u0151re biztos\u00edtjuk, vagy a t\u00e9nyleges helyzet alapj\u00e1n megbesz\u00e9lhetj\u00fck a megold\u00e1sokat, bele\u00e9rtve a visszah\u00edv\u00e1sokat is.<\/p>\n\n\n\n<p><strong>9. k\u00e9rd\u00e9s: K\u00e9sz\u00edthet\u00fcnk alacsony fesz\u00fclts\u00e9g\u0171 robban\u00e1sbiztos l\u00e1mp\u00e1kat 12V, 24V, 36V vagy 48V AC\/DC fesz\u00fclts\u00e9ggel? <\/strong><\/p>\n\n\n\n<p>Az Amasly haszn\u00e1lhat\u00f3 mind kisfesz\u00fclts\u00e9g\u0171, mind nagyfesz\u00fclts\u00e9g\u0171 robban\u00e1sbiztos vil\u00e1g\u00edt\u00e1sk\u00e9nt - AC\/DC 12V, 24V, 36V, 48V, AC 85-265V, AC 380V. <\/p>\n\n\n\n<p><strong>Q10: Hozz\u00e1adhat\u00f3ak-e a Robban\u00f3 Puff F\u00e9nyek v\u00e9szhelyzeti elemek? <\/strong><\/p>\n\n\n\n<p>Az Amasly robban\u00e1sbiztos l\u00e1mpa felszerelhet\u0151 v\u00e9szhelyzeti l\u00edtium akkumul\u00e1torokkal. A v\u00e9szhelyzeti id\u0151tartam 90 perc, 120 perc vagy 180 perc. <\/p>\n\n\n\n<p><strong>11. k\u00e9rd\u00e9s: Az Amasly robban\u00e1sbiztos l\u00e1mpa testre szabhat\u00f3 OEM term\u00e9kk\u00e9nt? <\/strong><\/p>\n\n\n\n<p>Az Amasly robban\u00e1sbiztos l\u00e1mp\u00e1k az \u00fcgyf\u00e9l ig\u00e9nyei szerint testre szabhat\u00f3k mind a l\u00e1mp\u00e1k, mind a csomagol\u00f3 kartondobozok eset\u00e9ben.<\/p>\n\n\n\n<div class=\"wp-block-uagb-container uagb-block-c7d898dd alignfull uagb-is-root-container\"><div class=\"uagb-container-inner-blocks-wrap\"><\/div><\/div>\n\n\n\n<h2 class=\"wp-block-heading\">Kapcsol\u00f3d\u00f3 term\u00e9kek<\/h2>\n\n\n\n<div class=\"wp-block-uagb-container uagb-block-66e4defc alignfull uagb-is-root-container\"><div class=\"uagb-container-inner-blocks-wrap\">\n<div class=\"wp-block-uagb-container uagb-block-a42945f9\">\n<div class=\"wp-block-uagb-image uagb-block-7296296b wp-block-uagb-image--layout-default wp-block-uagb-image--effect-static wp-block-uagb-image--align-none\"><figure class=\"wp-block-uagb-image__figure\"><a class=\"\" href=\"https:\/\/led.amasly.com\/hu_hu\/products\/\" target=\"\" rel=\"noopener\"><img decoding=\"async\" srcset=\"https:\/\/led.amasly.com\/wp-content\/uploads\/2024\/09\/Explosion-proof-high-bay-lights.png ,https:\/\/led.amasly.com\/wp-content\/uploads\/2024\/09\/Explosion-proof-high-bay-lights.png 780w, https:\/\/led.amasly.com\/wp-content\/uploads\/2024\/09\/Explosion-proof-high-bay-lights.png 360w\" sizes=\"auto, (max-width: 480px) 150px\" src=\"https:\/\/led.amasly.com\/wp-content\/uploads\/2024\/09\/Explosion-proof-high-bay-lights.png\" alt=\"\" class=\"uag-image-1495\" width=\"300\" height=\"300\" title=\"Robban\u00e1sbiztos magas \u00f6b\u00f6l f\u00e9nyek\" loading=\"lazy\" role=\"img\"><\/a><\/figure><\/div>\n<\/div>\n\n\n\n<div class=\"wp-block-uagb-container uagb-block-4d3efde5\">\n<div class=\"wp-block-uagb-image uagb-block-c9e90797 wp-block-uagb-image--layout-default wp-block-uagb-image--effect-static wp-block-uagb-image--align-none\"><figure class=\"wp-block-uagb-image__figure\"><a class=\"\" href=\"https:\/\/led.amasly.com\/hu_hu\/products\/\" target=\"\" rel=\"noopener\"><img decoding=\"async\" srcset=\"https:\/\/led.amasly.com\/wp-content\/uploads\/2024\/07\/LED-tri-proof-lights2.png ,https:\/\/led.amasly.com\/wp-content\/uploads\/2024\/07\/LED-tri-proof-lights2.png 780w, https:\/\/led.amasly.com\/wp-content\/uploads\/2024\/07\/LED-tri-proof-lights2.png 360w\" sizes=\"auto, (max-width: 480px) 150px\" src=\"https:\/\/led.amasly.com\/wp-content\/uploads\/2024\/07\/LED-tri-proof-lights2.png\" alt=\"\" class=\"uag-image-1132\" width=\"300\" height=\"300\" title=\"LED-tri-proof-lights2\" loading=\"lazy\" role=\"img\"><\/a><\/figure><\/div>\n<\/div>\n\n\n\n<div class=\"wp-block-uagb-container uagb-block-11c2578b\">\n<div class=\"wp-block-uagb-image uagb-block-6e8883aa wp-block-uagb-image--layout-default wp-block-uagb-image--effect-static wp-block-uagb-image--align-none\"><figure class=\"wp-block-uagb-image__figure\"><a class=\"\" href=\"https:\/\/led.amasly.com\/hu_hu\/products\/\" target=\"\" rel=\"noopener\"><img decoding=\"async\" srcset=\"https:\/\/led.amasly.com\/wp-content\/uploads\/2024\/09\/LED-Explosion-Proof-Gas-Station-Light.png ,https:\/\/led.amasly.com\/wp-content\/uploads\/2024\/09\/LED-Explosion-Proof-Gas-Station-Light.png 780w, https:\/\/led.amasly.com\/wp-content\/uploads\/2024\/09\/LED-Explosion-Proof-Gas-Station-Light.png 360w\" sizes=\"auto, (max-width: 480px) 150px\" src=\"https:\/\/led.amasly.com\/wp-content\/uploads\/2024\/09\/LED-Explosion-Proof-Gas-Station-Light.png\" alt=\"\" class=\"uag-image-1501\" width=\"300\" height=\"300\" title=\"LED robban\u00e1sbiztos benzink\u00fat f\u00e9ny\" loading=\"lazy\" role=\"img\"><\/a><\/figure><\/div>\n<\/div>\n<\/div><\/div>\n\n\n\n<div class=\"wp-block-uagb-container uagb-block-548945b5 alignfull uagb-is-root-container\"><div class=\"uagb-container-inner-blocks-wrap\">\n<div class=\"wp-block-uagb-container uagb-block-967755d5\">\n<h4 class=\"wp-block-heading has-text-align-center\"><a href=\"https:\/\/led.amasly.com\/hu_hu\/products\/\">LED robban\u00e1sbiztos f\u00e9nyek<\/a><\/h4>\n<\/div>\n\n\n\n<div class=\"wp-block-uagb-container uagb-block-9bc52fc2\">\n<h4 class=\"wp-block-heading has-text-align-center\"><a href=\"https:\/\/led.amasly.com\/hu_hu\/products\/\">LED Tri-Proof f\u00e9nyek<\/a><\/h4>\n<\/div>\n\n\n\n<div class=\"wp-block-uagb-container uagb-block-8ffa0a23\">\n<h4 class=\"wp-block-heading has-text-align-center\"><a href=\"https:\/\/led.amasly.com\/hu_hu\/products\/\">Robban\u00e1sbiztos benzink\u00fat f\u00e9nyek<\/a><\/h4>\n<\/div>\n<\/div><\/div>\n\n\n\n<div class=\"wp-block-uagb-container uagb-block-29499fe0 alignfull uagb-is-root-container\"><div class=\"uagb-container-inner-blocks-wrap\">\n<div class=\"wp-block-uagb-container uagb-block-777ee1c7\">\n<div class=\"wp-block-uagb-image uagb-block-2e9a1851 wp-block-uagb-image--layout-default wp-block-uagb-image--effect-static wp-block-uagb-image--align-none\"><figure class=\"wp-block-uagb-image__figure\"><a class=\"\" href=\"https:\/\/led.amasly.com\/hu_hu\/products\/\" target=\"\" rel=\"noopener\"><img decoding=\"async\" srcset=\"https:\/\/led.amasly.com\/wp-content\/uploads\/2024\/10\/50W-100W-150W-200W-300W-LED-Flood-Light.jpg ,https:\/\/led.amasly.com\/wp-content\/uploads\/2024\/10\/50W-100W-150W-200W-300W-LED-Flood-Light.jpg 780w, https:\/\/led.amasly.com\/wp-content\/uploads\/2024\/10\/50W-100W-150W-200W-300W-LED-Flood-Light.jpg 360w\" sizes=\"auto, (max-width: 480px) 150px\" src=\"https:\/\/led.amasly.com\/wp-content\/uploads\/2024\/10\/50W-100W-150W-200W-300W-LED-Flood-Light.jpg\" alt=\"\" class=\"uag-image-1526\" width=\"300\" height=\"300\" title=\"50W 100W 150W 200W 300W LED-es \u00e1rv\u00edzf\u00e9ny\" loading=\"lazy\" role=\"img\"><\/a><\/figure><\/div>\n<\/div>\n\n\n\n<div class=\"wp-block-uagb-container uagb-block-af8c8683\">\n<div class=\"wp-block-uagb-image uagb-block-67947854 wp-block-uagb-image--layout-default wp-block-uagb-image--effect-static wp-block-uagb-image--align-none\"><figure class=\"wp-block-uagb-image__figure\"><a class=\"\" href=\"https:\/\/led.amasly.com\/hu_hu\/products\/\" target=\"\" rel=\"noopener\"><img decoding=\"async\" srcset=\"https:\/\/led.amasly.com\/wp-content\/uploads\/2024\/07\/led-tri-proof-light.png ,https:\/\/led.amasly.com\/wp-content\/uploads\/2024\/07\/led-tri-proof-light.png 780w, https:\/\/led.amasly.com\/wp-content\/uploads\/2024\/07\/led-tri-proof-light.png 360w\" sizes=\"auto, (max-width: 480px) 150px\" src=\"https:\/\/led.amasly.com\/wp-content\/uploads\/2024\/07\/led-tri-proof-light.png\" alt=\"\" class=\"uag-image-1130\" width=\"300\" height=\"300\" title=\"led-tri-proof-light\" loading=\"lazy\" role=\"img\"><\/a><\/figure><\/div>\n<\/div>\n\n\n\n<div class=\"wp-block-uagb-container uagb-block-0fdfdd58\">\n<div class=\"wp-block-uagb-image uagb-block-1187d32d wp-block-uagb-image--layout-default wp-block-uagb-image--effect-static wp-block-uagb-image--align-none\"><figure class=\"wp-block-uagb-image__figure\"><a class=\"\" href=\"https:\/\/led.amasly.com\/hu_hu\/products\/\" target=\"\" rel=\"noopener\"><img decoding=\"async\" srcset=\"https:\/\/led.amasly.com\/wp-content\/uploads\/2024\/07\/LED-street-light.jpg ,https:\/\/led.amasly.com\/wp-content\/uploads\/2024\/07\/LED-street-light.jpg 780w, https:\/\/led.amasly.com\/wp-content\/uploads\/2024\/07\/LED-street-light.jpg 360w\" sizes=\"auto, (max-width: 480px) 150px\" src=\"https:\/\/led.amasly.com\/wp-content\/uploads\/2024\/07\/LED-street-light.jpg\" alt=\"\" class=\"uag-image-1145\" width=\"300\" height=\"300\" title=\"LED-es utcai l\u00e1mp\u00e1k\" loading=\"lazy\" role=\"img\"><\/a><\/figure><\/div>\n<\/div>\n<\/div><\/div>\n\n\n\n<div class=\"wp-block-uagb-container uagb-block-6a60882c alignfull uagb-is-root-container\"><div class=\"uagb-container-inner-blocks-wrap\">\n<div class=\"wp-block-uagb-container uagb-block-f1e91a35\">\n<h4 class=\"wp-block-heading has-text-align-center\"><a href=\"https:\/\/led.amasly.com\/hu_hu\/products\/\">LED \u00e1rv\u00edzf\u00e9nyek<\/a><\/h4>\n<\/div>\n\n\n\n<div class=\"wp-block-uagb-container uagb-block-165bfa58\">\n<h4 class=\"wp-block-heading has-text-align-center\"><a href=\"https:\/\/led.amasly.com\/hu_hu\/products\/\">LED Tri-Proof cs\u0151f\u00e9nyek<\/a><\/h4>\n<\/div>\n\n\n\n<div class=\"wp-block-uagb-container uagb-block-f6096e3b\">\n<h4 class=\"wp-block-heading has-text-align-center\"><a href=\"https:\/\/led.amasly.com\/hu_hu\/products\/\">LED utcai l\u00e1mp\u00e1k<\/a><\/h4>\n<\/div>\n<\/div><\/div>\n\n\n\n<div class=\"wp-block-uagb-container uagb-block-99c0e0a5 alignfull uagb-is-root-container\"><div class=\"uagb-container-inner-blocks-wrap\"><\/div><\/div>\n\n\n\n<p><\/p>","protected":false},"excerpt":{"rendered":"<p>Explosion Proof fluorescent Lights Price Amasly Explosion Proof fluorescent Lights Features Polycarbonate alloy material injection molding shell, strong impact resistance, high temperature resistance, cold resistance, strong anti-corrosion and other characteristics; Polycarbonate material injection molding lampshade, high light transmittance, and can withstand strong impact, strip-ribbed design, can effectively prevent glare.Professional optical software design of the light [&hellip;]<\/p>\n","protected":false},"author":1,"featured_media":0,"parent":2869,"menu_order":0,"comment_status":"closed","ping_status":"closed","template":"","meta":{"_uag_custom_page_level_css":"","site-sidebar-layout":"no-sidebar","site-content-layout":"","ast-site-content-layout":"default","site-content-style":"default","site-sidebar-style":"default","ast-global-header-display":"","ast-banner-title-visibility":"","ast-main-header-display":"","ast-hfb-above-header-display":"","ast-hfb-below-header-display":"","ast-hfb-mobile-header-display":"","site-post-title":"disabled","ast-breadcrumbs-content":"","ast-featured-img":"","footer-sml-layout":"","ast-disable-related-posts":"","theme-transparent-header-meta":"enabled","adv-header-id-meta":"","stick-header-meta":"","header-above-stick-meta":"","header-main-stick-meta":"","header-below-stick-meta":"","astra-migrate-meta-layouts":"set","ast-page-background-enabled":"default","ast-page-background-meta":{"desktop":{"background-color":"var(--ast-global-color-4)","background-image":"","background-repeat":"repeat","background-position":"center center","background-size":"auto","background-attachment":"scroll","background-type":"","background-media":"","overlay-type":"","overlay-color":"","overlay-opacity":"","overlay-gradient":""},"tablet":{"background-color":"","background-image":"","background-repeat":"repeat","background-position":"center center","background-size":"auto","background-attachment":"scroll","background-type":"","background-media":"","overlay-type":"","overlay-color":"","overlay-opacity":"","overlay-gradient":""},"mobile":{"background-color":"","background-image":"","background-repeat":"repeat","background-position":"center center","background-size":"auto","background-attachment":"scroll","background-type":"","background-media":"","overlay-type":"","overlay-color":"","overlay-opacity":"","overlay-gradient":""}},"ast-content-background-meta":{"desktop":{"background-color":"var(--ast-global-color-5)","background-image":"","background-repeat":"repeat","background-position":"center center","background-size":"auto","background-attachment":"scroll","background-type":"","background-media":"","overlay-type":"","overlay-color":"","overlay-opacity":"","overlay-gradient":""},"tablet":{"background-color":"var(--ast-global-color-5)","background-image":"","background-repeat":"repeat","background-position":"center center","background-size":"auto","background-attachment":"scroll","background-type":"","background-media":"","overlay-type":"","overlay-color":"","overlay-opacity":"","overlay-gradient":""},"mobile":{"background-color":"var(--ast-global-color-5)","background-image":"","background-repeat":"repeat","background-position":"center center","background-size":"auto","background-attachment":"scroll","background-type":"","background-media":"","overlay-type":"","overlay-color":"","overlay-opacity":"","overlay-gradient":""}},"footnotes":""},"class_list":["post-4002","page","type-page","status-publish","hentry"],"uagb_featured_image_src":{"full":false,"thumbnail":false,"medium":false,"medium_large":false,"large":false,"1536x1536":false,"2048x2048":false,"trp-custom-language-flag":false},"uagb_author_info":{"display_name":"Joe","author_link":"https:\/\/led.amasly.com\/hu_hu\/author\/jacklin\/"},"uagb_comment_info":0,"uagb_excerpt":"Explosion Proof fluorescent Lights Price Amasly Explosion Proof fluorescent Lights Features Polycarbonate alloy material injection molding shell, strong impact resistance, high temperature resistance, cold resistance, strong anti-corrosion and other characteristics; Polycarbonate material injection molding lampshade, high light transmittance, and can withstand strong impact, strip-ribbed design, can effectively prevent glare.Professional optical software design of the light&hellip;","_links":{"self":[{"href":"https:\/\/led.amasly.com\/hu_hu\/wp-json\/wp\/v2\/pages\/4002","targetHints":{"allow":["GET"]}}],"collection":[{"href":"https:\/\/led.amasly.com\/hu_hu\/wp-json\/wp\/v2\/pages"}],"about":[{"href":"https:\/\/led.amasly.com\/hu_hu\/wp-json\/wp\/v2\/types\/page"}],"author":[{"embeddable":true,"href":"https:\/\/led.amasly.com\/hu_hu\/wp-json\/wp\/v2\/users\/1"}],"replies":[{"embeddable":true,"href":"https:\/\/led.amasly.com\/hu_hu\/wp-json\/wp\/v2\/comments?post=4002"}],"version-history":[{"count":2,"href":"https:\/\/led.amasly.com\/hu_hu\/wp-json\/wp\/v2\/pages\/4002\/revisions"}],"predecessor-version":[{"id":4485,"href":"https:\/\/led.amasly.com\/hu_hu\/wp-json\/wp\/v2\/pages\/4002\/revisions\/4485"}],"up":[{"embeddable":true,"href":"https:\/\/led.amasly.com\/hu_hu\/wp-json\/wp\/v2\/pages\/2869"}],"wp:attachment":[{"href":"https:\/\/led.amasly.com\/hu_hu\/wp-json\/wp\/v2\/media?parent=4002"}],"curies":[{"name":"wp","href":"https:\/\/api.w.org\/{rel}","templated":true}]}}