{"id":4001,"date":"2025-05-28T22:22:23","date_gmt":"2025-05-28T14:22:23","guid":{"rendered":"https:\/\/led.amasly.com\/?page_id=4001"},"modified":"2026-01-18T14:21:05","modified_gmt":"2026-01-18T06:21:05","slug":"explosion-proof-torch-lights-price","status":"publish","type":"page","link":"https:\/\/led.amasly.com\/hu_hu\/light-price\/explosion-proof-torch-lights-price\/","title":{"rendered":"Robban\u00e1sbiztos f\u00e1klya f\u00e9nyek \u00c1r"},"content":{"rendered":"<div class=\"wp-block-uagb-container uagb-block-27bae773 alignfull uagb-is-root-container\"><div class=\"uagb-container-inner-blocks-wrap\"><\/div><\/div>\n\n\n\n<h1 class=\"wp-block-heading has-text-align-center\"><strong>Amasly<\/strong> <strong>Robban\u00e1sbiztos f\u00e1klya<\/strong> <strong>f\u00e9nyek \u00c1r<\/strong><\/h1>\n\n\n\n<h2 class=\"wp-block-heading\"><strong>Amasly robban\u00e1sbiztos zsebl\u00e1mp\u00e1k<strong> <\/strong><\/strong><\/h2>\n\n\n\n<h3 class=\"wp-block-heading\"><strong>Robban\u00e1sbiztos l\u00e1mpatest<\/strong> <strong>\u00e1rbefoly\u00e1sol\u00f3 t\u00e9nyez\u0151k:<\/strong><\/h3>\n\n\n\n<p>A robban\u00e1sbiztos l\u00e1mp\u00e1k a magasabb tervez\u00e9si \u00e9s gy\u00e1rt\u00e1si k\u00f6lts\u00e9gek miatt \u00e1ltal\u00e1ban dr\u00e1g\u00e1bbak, mint a hagyom\u00e1nyos l\u00e1mp\u00e1k. Azonban azok sz\u00e1m\u00e1ra, akiknek gy\u00fal\u00e9kony \u00e9s robban\u00e1svesz\u00e9lyes k\u00f6rnyezetben kell dolgozniuk, a robban\u00e1sbiztos l\u00e1mp\u00e1k haszn\u00e1lata jelent\u0151sen cs\u00f6kkentheti a t\u0171z vagy robban\u00e1s kock\u00e1zat\u00e1t.<\/p>\n\n\n\n<p>A robban\u00e1sbiztos f\u00e9ny \u00e1r\u00e1t sz\u00e1mos t\u00e9nyez\u0151 befoly\u00e1solja, els\u0151sorban az anyag, a technol\u00f3gia, a konfigur\u00e1ci\u00f3 \u00e9s a param\u00e9terek, a min\u0151s\u00e9gtan\u00fas\u00edt\u00e1s, a piaci k\u00edn\u00e1lat \u00e9s a kereslet, a m\u00e1rka \u00e9s a sz\u00e1rmaz\u00e1s, valamint a testreszab\u00e1si ig\u00e9nyek.<\/p>\n\n\n\n<h2 class=\"wp-block-heading\"><strong>Amasly robban\u00e1sbiztos zsebl\u00e1mp\u00e1k jellemz\u0151i<\/strong><\/h2>\n\n\n\n<p>Biztons\u00e1gos \u00e9s megb\u00edzhat\u00f3: a term\u00e9k robban\u00e1sbiztos teljes\u00edtm\u00e9ny\u0171, k\u00fcl\u00f6nb\u00f6z\u0151 gy\u00fal\u00e9kony \u00e9s robban\u00e1svesz\u00e9lyes helyeken is m\u0171k\u00f6dhet.<\/p>\n\n\n\n<p><br>Energiahat\u00e9kony: LED f\u00e9nyforr\u00e1s, nagy f\u00e9nyhat\u00e9konys\u00e1g, magas sz\u00ednvisszaad\u00e1s.<\/p>\n\n\n\n<p><br>Gazdas\u00e1g \u00e9s k\u00f6rnyezetv\u00e9delem: A nagy energi\u00e1j\u00fa, nem mem\u00f3ria akkumul\u00e1torok, nagy kapacit\u00e1s\u00fa, hossz\u00fa \u00e9lettartam\u00fa, b\u00e1rmikor felt\u00f6lthet\u0151, a felhaszn\u00e1l\u00e1si ciklus, az alacsony \u00f6nkis\u00fcl\u00e9si ar\u00e1ny, az alacsony \u00f6nkis\u00fcl\u00e9si ar\u00e1ny, \u00e9s b\u00e1rmikor haszn\u00e1lhat\u00f3. Alacsony \u00f6nkis\u00fcl\u00e9si ar\u00e1ny, gazdas\u00e1gos \u00e9s k\u00f6rnyezetv\u00e9delem.<\/p>\n\n\n\n<p><br>Intelligens vez\u00e9rl\u00e9s: impulzusos f\u00e9nyer\u0151szab\u00e1lyoz\u00f3 technol\u00f3gia, az er\u0151s f\u00e9ny \u00e9s a munkaf\u00e9ny tetsz\u00e9s szerint \u00e1talak\u00edthat\u00f3; intelligens t\u00f6lt\u0151 t\u00falt\u00f6lt\u00e9s \u00e9s r\u00f6vidz\u00e1rlat elleni v\u00e9delemmel.<\/p>\n\n\n\n<p><br>Az intelligens t\u00f6lt\u0151 fel van szerelve t\u00falt\u00f6lt\u00e9s, r\u00f6vidz\u00e1rlat elleni v\u00e9delemmel \u00e9s t\u00f6lt\u00e9skijelz\u0151vel, amely meghosszabb\u00edthatja a l\u00e1mpa \u00e9lettartam\u00e1t.<br>Az intelligens t\u00f6lt\u0151 t\u00falt\u00f6lt\u00e9s- \u00e9s r\u00f6vidz\u00e1rlat-v\u00e9delemmel \u00e9s t\u00f6lt\u00e9skijelz\u0151vel van felszerelve, ami meghosszabb\u00edthatja a l\u00e1mp\u00e1k \u00e9lettartam\u00e1t.<\/p>\n\n\n\n<p><br>V\u00edz\u00e1ll\u00f3 \u00e9s csepp\u00e1ll\u00f3: a h\u00e9j \u00f6tv\u00f6z\u00f6tt anyagb\u00f3l k\u00e9sz\u00fclt, hogy a term\u00e9k ellen\u00e1lljon az \u00fctk\u00f6z\u00e9snek \u00e9s az \u00fctk\u00f6z\u00e9snek; t\u00f6bbsz\u00f6r\u00f6s<br>v\u00edz\u00e1ll\u00f3 szerkezet.<\/p>\n\n\n\n<p><br>Teljes\u00edtm\u00e9nykijelz\u0151: n\u00e9gyszegmenses teljes\u00edtm\u00e9nykijelz\u0151 a l\u00e1mpa v\u00e9g\u00e9n, b\u00e1rmikor megismerheti a l\u00e1mpa teljes\u00edtm\u00e9ny\u00e1llapot\u00e1t; egy m\u00e1sik azimut\u00e1lis f\u00e9ny funkci\u00f3, \u00e1ramkimarad\u00e1s eset\u00e9n a l\u00e1mpa hossz\u00fa ideig haszn\u00e1lhat\u00f3.<\/p>\n\n\n\n<p><br>A t\u00e1j\u00e9koz\u00f3d\u00e1si f\u00e9ny funkci\u00f3 mellett nyitott \u00e1llapotban a t\u00e1j\u00e9koz\u00f3d\u00e1si f\u00e9ny mindig vil\u00e1g\u00edt, \u00e9s a f\u00e9ny kikapcsol\u00e1sa ut\u00e1n a t\u00e1j\u00e9koz\u00f3d\u00e1si f\u00e9ny egyidej\u0171leg kikapcsol.<\/p>\n\n\n\n<p><br>A t\u00e1j\u00e9koz\u00f3d\u00e1si f\u00e9ny mindig vil\u00e1g\u00edt, amikor a l\u00e1mpa be van kapcsolva, az ir\u00e1nyjelz\u0151 f\u00e9ny pedig nem vil\u00e1g\u00edt, amikor a l\u00e1mpa ki van kapcsolva.<\/p>\n\n\n\n<p><br>Ellen\u00e1ll az er\u0151s interferenci\u00e1nak: a tudom\u00e1nyos modul meghajt\u00f3\u00e1ramk\u00f6r haszn\u00e1lata, rezg\u00e9scsillap\u00edt\u00e1s, elektrom\u00e1gneses interferencia elleni k\u00e9pess\u00e9g.<\/p>\n\n\n\n<p><br>H\u0151szigetel\u00e9s: A l\u00e1mpa stabilit\u00e1s\u00e1nak jav\u00edt\u00e1sa \u00e9rdek\u00e9ben a LED-es sug\u00e1rz\u00f3 \u00e9s az akkumul\u00e1tor hat\u00e9konyan elszigetelt.<\/p>\n\n\n\n<p><br>K\u00f6nny\u0171 \u00e9s tart\u00f3s: a l\u00e1mp\u00e1k \u00e9s l\u00e1mp\u00e1k kis m\u00e9ret\u0171ek, k\u00f6nny\u0171ek, kompakt szerkezet\u0171ek, k\u00f6nny\u0171ek \u00e9s sz\u00e9pek; k\u00e9zben tarthat\u00f3, ferde, l\u00f3g\u00f3 \u00e9s m\u00e1sfajta hordoz\u00e1s.<\/p>\n\n\n\n<p><br>K\u00e9zzel, ferd\u00e9n, l\u00f3gva stb. hordozhat\u00f3, hogy megfeleljen a k\u00fcl\u00f6nb\u00f6z\u0151 munkak\u00f6vetelm\u00e9nyeknek.<\/p>\n\n\n\n<h2 class=\"wp-block-heading\">Amasly Bevezet\u00e9s<\/h2>\n\n\n\n<p>Amasly, mint K\u00edna robban\u00e1sbiztos vil\u00e1g\u00edt\u00e1si sz\u00e1ll\u00edt\u00f3ja, a robban\u00e1sbiztos vil\u00e1g\u00edt\u00e1si term\u00e9kek k\u00f6z\u00e9 tartoznak: kerek robban\u00e1sbiztos f\u00e9nyek (robban\u00e1sbiztos High Bay Lights), n\u00e9gyzet alak\u00fa robban\u00e1sbiztos f\u00e9nyek (robban\u00e1sbiztos \u00e1rv\u00edzf\u00e9nyek), line\u00e1ris robban\u00e1sbiztos f\u00e9nyek, robban\u00e1sbiztos cs\u0151f\u00e9nyek, robban\u00e1sbiztos jelz\u0151f\u00e9nyek, robban\u00e1sbiztos v\u00e9szvil\u00e1g\u00edt\u00e1s, minden robban\u00e1sbiztos f\u00e9ny\u00fcnk ATEX j\u00f3v\u00e1hagyott \u00e9s nagyon versenyk\u00e9pes \u00e1ron k\u00edn\u00e1lt.<\/p>\n\n\n\n<p>Az Amasly Lighting egy vezet\u0151 professzion\u00e1lis vil\u00e1g\u00edt\u00e1stechnikai v\u00e1llalat, amely a terek kreativit\u00e1ssal, innov\u00e1ci\u00f3val \u00e9s fenntarthat\u00f3s\u00e1ggal t\u00f6rt\u00e9n\u0151 megvil\u00e1g\u00edt\u00e1s\u00e1val foglalkozik. A min\u0151s\u00e9gre, a hat\u00e9konys\u00e1gra \u00e9s a vev\u0151i el\u00e9gedetts\u00e9gre \u00f6sszpontos\u00edtva a legmodernebb vil\u00e1g\u00edt\u00e1si megold\u00e1sok \u00e1tfog\u00f3 v\u00e1laszt\u00e9k\u00e1t k\u00edn\u00e1ljuk, melyeket \u00fcgyfeleink v\u00e1ltozatos ig\u00e9nyeihez igaz\u00edtunk.<\/p>\n\n\n\n<p>Term\u00e9keinket a vil\u00e1g 68 orsz\u00e1g\u00e1ba, p\u00e9ld\u00e1ul Eur\u00f3p\u00e1ba \u00e9s az Egyes\u00fclt \u00c1llamokba export\u00e1lt\u00e1k, \u00e9s kiv\u00e1l\u00f3 min\u0151s\u00e9g\u0171 term\u00e9keinkkel elnyert\u00e9k a vil\u00e1g vezet\u0151 vil\u00e1g\u00edt\u00e1stechnikai term\u00e9ksz\u00e1ll\u00edt\u00f3inak elismer\u00e9s\u00e9t.<\/p>\n\n\n\n<h2 class=\"wp-block-heading\"><strong>Amasly robban\u00e1sbiztos f\u00e1klya<\/strong> <strong>f\u00e9nyek<\/strong> <strong>\u00e1r<\/strong><\/h2>\n\n\n\n<div class=\"wp-block-uagb-image uagb-block-b5e91b46 wp-block-uagb-image--layout-default wp-block-uagb-image--effect-static wp-block-uagb-image--align-none\"><figure class=\"wp-block-uagb-image__figure\"><img decoding=\"async\" srcset=\"https:\/\/led.amasly.com\/wp-content\/uploads\/2024\/12\/explosion-proof-flashlights-explosion-proof-mobile-work-lights.jpg ,https:\/\/led.amasly.com\/wp-content\/uploads\/2024\/12\/explosion-proof-flashlights-explosion-proof-mobile-work-lights.jpg 780w, https:\/\/led.amasly.com\/wp-content\/uploads\/2024\/12\/explosion-proof-flashlights-explosion-proof-mobile-work-lights.jpg 360w\" sizes=\"auto, (max-width: 480px) 150px\" src=\"https:\/\/led.amasly.com\/wp-content\/uploads\/2024\/12\/explosion-proof-flashlights-explosion-proof-mobile-work-lights.jpg\" alt=\"Explosion proof torch lights Price\" class=\"uag-image-1584\" width=\"617\" height=\"453\" title=\"robban\u00e1sbiztos zsebl\u00e1mp\u00e1k robban\u00e1sbiztos mobil munkal\u00e1mp\u00e1k\" loading=\"lazy\" role=\"img\"\/><\/figure><\/div>\n\n\n\n<figure class=\"wp-block-table\"><table class=\"has-fixed-layout\"><tbody><tr><td>7626<\/td><td>3W<\/td><td>$16.25<\/td><\/tr><tr><td>7210<\/td><td>3W<\/td><td>$28.67<\/td><\/tr><tr><td>7102<\/td><td>9W<\/td><td>$37.27<\/td><\/tr><tr><td>6106<\/td><td>30W<\/td><td>$183.83<\/td><\/tr><\/tbody><\/table><\/figure>\n\n\n\n<h2 class=\"wp-block-heading\"><strong>Amasly Light GYIK<\/strong><\/h2>\n\n\n\n<p><strong>Q1.Can van egy minta rendel\u00e9s a ledes f\u00e9nyhez?<\/strong><strong><\/strong><\/p>\n\n\n\n<p>V: Igen, sz\u00edvesen fogadjuk a minta megrendel\u00e9s\u00e9t a min\u0151s\u00e9g tesztel\u00e9s\u00e9hez \u00e9s ellen\u0151rz\u00e9s\u00e9hez. A vegyes mint\u00e1k elfogadhat\u00f3ak.<\/p>\n\n\n\n<p><strong>Q2.Mi a helyzet az \u00e1tfut\u00e1si id\u0151vel?<\/strong><strong><\/strong><\/p>\n\n\n\n<p>V: A mint\u00e1nak 3-5 napra van sz\u00fcks\u00e9ge, a t\u00f6meggy\u00e1rt\u00e1si id\u0151 1-2 h\u00e9t.<\/p>\n\n\n\n<p><strong>Q3.Do van b\u00e1rmilyen MOQ hat\u00e1r\u00e9rt\u00e9k a ledes k\u00f6nny\u0171 megrendel\u00e9shez?<\/strong><strong><\/strong><\/p>\n\n\n\n<p>V: Alacsony MOQ 1db mintaellen\u0151rz\u00e9sre \u00e1ll rendelkez\u00e9sre.<\/p>\n\n\n\n<p><strong>Q4. Hogyan sz\u00e1ll\u00edtj\u00e1k az \u00e1rut, \u00e9s mennyi id\u0151 alatt \u00e9rkezik meg?<\/strong><strong><\/strong><\/p>\n\n\n\n<p>V: \u00c1ltal\u00e1ban a k\u00f6vetkez\u0151 c\u00edmre sz\u00e1ll\u00edtunk <a href=\"https:\/\/www.dhl.com\" rel=\"nofollow noopener\" target=\"_blank\">DHL<\/a>, UPS, FedEx vagy TNT. \u00c1ltal\u00e1ban 3-5 nap alatt \u00e9rkezik meg. L\u00e9gi vonal \u00e9s tengeri sz\u00e1ll\u00edt\u00e1s is v\u00e1laszthat\u00f3.<\/p>\n\n\n\n<p><strong>Q5. Hogyan kell elj\u00e1rni a ledes f\u00e9ny rendel\u00e9s\u00e9n\u00e9l?<\/strong><strong><\/strong><\/p>\n\n\n\n<p>A:<\/p>\n\n\n\n<p>El\u0151sz\u00f6r is t\u00e1j\u00e9koztasson minket az ig\u00e9nyeir\u0151l vagy alkalmaz\u00e1s\u00e1r\u00f3l.<\/p>\n\n\n\n<p>M\u00e1sodszor, az \u00d6n ig\u00e9nyei vagy javaslataink szerint adunk \u00e1raj\u00e1nlatot.<\/p>\n\n\n\n<p>Harmadszor, az \u00fcgyf\u00e9l meger\u0151s\u00edti a mint\u00e1kat \u00e9s let\u00e9tbe helyezi a hivatalos megrendel\u00e9st.<\/p>\n\n\n\n<p>Negyedszer, megszervezz\u00fck a termel\u00e9st.<\/p>\n\n\n\n<p><strong>Q6.Is rendben van, hogy kinyomtassa a <\/strong><strong>LOGO<\/strong><strong>&nbsp;a ledes f\u00e9ny term\u00e9kre ?<\/strong><strong><\/strong><\/p>\n\n\n\n<p>V: Igen.K\u00e9rj\u00fck, t\u00e1j\u00e9koztasson minket hivatalosan a gy\u00e1rt\u00e1s el\u0151tt, \u00e9s el\u0151sz\u00f6r a mint\u00e1nk alapj\u00e1n er\u0151s\u00edtse meg a tervez\u00e9st.<\/p>\n\n\n\n<p><strong>7. k\u00e9rd\u00e9s: K\u00edn\u00e1l garanci\u00e1t a term\u00e9kekre?<\/strong><strong><\/strong><\/p>\n\n\n\n<p>V: Igen, 2-5 \u00e9v garanci\u00e1t k\u00edn\u00e1lunk term\u00e9keinkre.<\/p>\n\n\n\n<p><strong>8. k\u00e9rd\u00e9s: Hogyan kezelj\u00fck a hib\u00e1sat?<\/strong><strong><\/strong><\/p>\n\n\n\n<p>A:<\/p>\n\n\n\n<p>El\u0151sz\u00f6r is, term\u00e9keink dinstrict min\u0151s\u00e9gellen\u0151rz\u00e9si rendszert \u00e1ll\u00edtanak el\u0151, \u00e9s a hib\u00e1s ar\u00e1ny kevesebb lesz, mint 0,2%<\/p>\n\n\n\n<p>M\u00e1sodszor, a garanci\u00e1lis id\u0151szak alatt alkatr\u00e9szeket biztos\u00edtunk a rossz alkatr\u00e9sz cser\u00e9j\u00e9hez.. T\u00f6meges megrendel\u00e9sek eset\u00e9n a s\u00e9r\u00fcl\u00e9keny alkatr\u00e9szeket el\u0151re biztos\u00edtjuk, vagy a t\u00e9nyleges helyzet alapj\u00e1n megbesz\u00e9lhetj\u00fck a megold\u00e1sokat, bele\u00e9rtve a visszah\u00edv\u00e1sokat is.<\/p>\n\n\n\n<p><strong>9. k\u00e9rd\u00e9s: K\u00e9sz\u00edthet\u00fcnk alacsony fesz\u00fclts\u00e9g\u0171 robban\u00e1sbiztos l\u00e1mp\u00e1kat 12V, 24V, 36V vagy 48V AC\/DC fesz\u00fclts\u00e9ggel? <\/strong><\/p>\n\n\n\n<p>Az Amasly haszn\u00e1lhat\u00f3 mind kisfesz\u00fclts\u00e9g\u0171, mind nagyfesz\u00fclts\u00e9g\u0171 robban\u00e1sbiztos vil\u00e1g\u00edt\u00e1sk\u00e9nt - AC\/DC 12V, 24V, 36V, 48V, AC 85-265V, AC 380V. <\/p>\n\n\n\n<p><strong>Q10: Hozz\u00e1adhat\u00f3ak-e a Robban\u00f3 Puff F\u00e9nyek v\u00e9szhelyzeti elemek? <\/strong><\/p>\n\n\n\n<p>Az Amasly robban\u00e1sbiztos l\u00e1mpa felszerelhet\u0151 v\u00e9szhelyzeti l\u00edtium akkumul\u00e1torokkal. A v\u00e9szhelyzeti id\u0151tartam 90 perc, 120 perc vagy 180 perc. <\/p>\n\n\n\n<p><strong>11. k\u00e9rd\u00e9s: Az Amasly robban\u00e1sbiztos l\u00e1mpa testre szabhat\u00f3 OEM term\u00e9kk\u00e9nt? <\/strong><\/p>\n\n\n\n<p>Az Amasly robban\u00e1sbiztos l\u00e1mp\u00e1k az \u00fcgyf\u00e9l ig\u00e9nyei szerint testre szabhat\u00f3k mind a l\u00e1mp\u00e1k, mind a csomagol\u00f3 kartondobozok eset\u00e9ben.<\/p>\n\n\n\n<div class=\"wp-block-uagb-container uagb-block-c7d898dd alignfull uagb-is-root-container\"><div class=\"uagb-container-inner-blocks-wrap\"><\/div><\/div>\n\n\n\n<h2 class=\"wp-block-heading\">Kapcsol\u00f3d\u00f3 term\u00e9kek<\/h2>\n\n\n\n<div class=\"wp-block-uagb-container uagb-block-66e4defc alignfull uagb-is-root-container\"><div class=\"uagb-container-inner-blocks-wrap\">\n<div class=\"wp-block-uagb-container uagb-block-a42945f9\">\n<div class=\"wp-block-uagb-image uagb-block-7296296b wp-block-uagb-image--layout-default wp-block-uagb-image--effect-static wp-block-uagb-image--align-none\"><figure class=\"wp-block-uagb-image__figure\"><a class=\"\" href=\"https:\/\/led.amasly.com\/hu_hu\/products\/\" target=\"\" rel=\"noopener\"><img decoding=\"async\" srcset=\"https:\/\/led.amasly.com\/wp-content\/uploads\/2024\/09\/Explosion-proof-high-bay-lights.png ,https:\/\/led.amasly.com\/wp-content\/uploads\/2024\/09\/Explosion-proof-high-bay-lights.png 780w, https:\/\/led.amasly.com\/wp-content\/uploads\/2024\/09\/Explosion-proof-high-bay-lights.png 360w\" sizes=\"auto, (max-width: 480px) 150px\" src=\"https:\/\/led.amasly.com\/wp-content\/uploads\/2024\/09\/Explosion-proof-high-bay-lights.png\" alt=\"\" class=\"uag-image-1495\" width=\"300\" height=\"300\" title=\"Robban\u00e1sbiztos magas \u00f6b\u00f6l f\u00e9nyek\" loading=\"lazy\" role=\"img\"><\/a><\/figure><\/div>\n<\/div>\n\n\n\n<div class=\"wp-block-uagb-container uagb-block-4d3efde5\">\n<div class=\"wp-block-uagb-image uagb-block-c9e90797 wp-block-uagb-image--layout-default wp-block-uagb-image--effect-static wp-block-uagb-image--align-none\"><figure class=\"wp-block-uagb-image__figure\"><a class=\"\" href=\"https:\/\/led.amasly.com\/hu_hu\/products\/\" target=\"\" rel=\"noopener\"><img decoding=\"async\" srcset=\"https:\/\/led.amasly.com\/wp-content\/uploads\/2024\/07\/LED-tri-proof-lights2.png ,https:\/\/led.amasly.com\/wp-content\/uploads\/2024\/07\/LED-tri-proof-lights2.png 780w, https:\/\/led.amasly.com\/wp-content\/uploads\/2024\/07\/LED-tri-proof-lights2.png 360w\" sizes=\"auto, (max-width: 480px) 150px\" src=\"https:\/\/led.amasly.com\/wp-content\/uploads\/2024\/07\/LED-tri-proof-lights2.png\" alt=\"\" class=\"uag-image-1132\" width=\"300\" height=\"300\" title=\"LED-tri-proof-lights2\" loading=\"lazy\" role=\"img\"><\/a><\/figure><\/div>\n<\/div>\n\n\n\n<div class=\"wp-block-uagb-container uagb-block-11c2578b\">\n<div class=\"wp-block-uagb-image uagb-block-6e8883aa wp-block-uagb-image--layout-default wp-block-uagb-image--effect-static wp-block-uagb-image--align-none\"><figure class=\"wp-block-uagb-image__figure\"><a class=\"\" href=\"https:\/\/led.amasly.com\/hu_hu\/products\/\" target=\"\" rel=\"noopener\"><img decoding=\"async\" srcset=\"https:\/\/led.amasly.com\/wp-content\/uploads\/2024\/09\/LED-Explosion-Proof-Gas-Station-Light.png ,https:\/\/led.amasly.com\/wp-content\/uploads\/2024\/09\/LED-Explosion-Proof-Gas-Station-Light.png 780w, https:\/\/led.amasly.com\/wp-content\/uploads\/2024\/09\/LED-Explosion-Proof-Gas-Station-Light.png 360w\" sizes=\"auto, (max-width: 480px) 150px\" src=\"https:\/\/led.amasly.com\/wp-content\/uploads\/2024\/09\/LED-Explosion-Proof-Gas-Station-Light.png\" alt=\"\" class=\"uag-image-1501\" width=\"300\" height=\"300\" title=\"LED robban\u00e1sbiztos benzink\u00fat f\u00e9ny\" loading=\"lazy\" role=\"img\"><\/a><\/figure><\/div>\n<\/div>\n<\/div><\/div>\n\n\n\n<div class=\"wp-block-uagb-container uagb-block-548945b5 alignfull uagb-is-root-container\"><div class=\"uagb-container-inner-blocks-wrap\">\n<div class=\"wp-block-uagb-container uagb-block-967755d5\">\n<h4 class=\"wp-block-heading has-text-align-center\"><a href=\"https:\/\/led.amasly.com\/hu_hu\/products\/\">LED robban\u00e1sbiztos f\u00e9nyek<\/a><\/h4>\n<\/div>\n\n\n\n<div class=\"wp-block-uagb-container uagb-block-9bc52fc2\">\n<h4 class=\"wp-block-heading has-text-align-center\"><a href=\"https:\/\/led.amasly.com\/hu_hu\/products\/\">LED Tri-Proof f\u00e9nyek<\/a><\/h4>\n<\/div>\n\n\n\n<div class=\"wp-block-uagb-container uagb-block-8ffa0a23\">\n<h4 class=\"wp-block-heading has-text-align-center\"><a href=\"https:\/\/led.amasly.com\/hu_hu\/products\/\">Robban\u00e1sbiztos benzink\u00fat f\u00e9nyek<\/a><\/h4>\n<\/div>\n<\/div><\/div>\n\n\n\n<div class=\"wp-block-uagb-container uagb-block-29499fe0 alignfull uagb-is-root-container\"><div class=\"uagb-container-inner-blocks-wrap\">\n<div class=\"wp-block-uagb-container uagb-block-777ee1c7\">\n<div class=\"wp-block-uagb-image uagb-block-2e9a1851 wp-block-uagb-image--layout-default wp-block-uagb-image--effect-static wp-block-uagb-image--align-none\"><figure class=\"wp-block-uagb-image__figure\"><a class=\"\" href=\"https:\/\/led.amasly.com\/hu_hu\/products\/\" target=\"\" rel=\"noopener\"><img decoding=\"async\" srcset=\"https:\/\/led.amasly.com\/wp-content\/uploads\/2024\/10\/50W-100W-150W-200W-300W-LED-Flood-Light.jpg ,https:\/\/led.amasly.com\/wp-content\/uploads\/2024\/10\/50W-100W-150W-200W-300W-LED-Flood-Light.jpg 780w, https:\/\/led.amasly.com\/wp-content\/uploads\/2024\/10\/50W-100W-150W-200W-300W-LED-Flood-Light.jpg 360w\" sizes=\"auto, (max-width: 480px) 150px\" src=\"https:\/\/led.amasly.com\/wp-content\/uploads\/2024\/10\/50W-100W-150W-200W-300W-LED-Flood-Light.jpg\" alt=\"\" class=\"uag-image-1526\" width=\"300\" height=\"300\" title=\"50W 100W 150W 200W 300W LED-es \u00e1rv\u00edzf\u00e9ny\" loading=\"lazy\" role=\"img\"><\/a><\/figure><\/div>\n<\/div>\n\n\n\n<div class=\"wp-block-uagb-container uagb-block-af8c8683\">\n<div class=\"wp-block-uagb-image uagb-block-67947854 wp-block-uagb-image--layout-default wp-block-uagb-image--effect-static wp-block-uagb-image--align-none\"><figure class=\"wp-block-uagb-image__figure\"><a class=\"\" href=\"https:\/\/led.amasly.com\/hu_hu\/products\/\" target=\"\" rel=\"noopener\"><img decoding=\"async\" srcset=\"https:\/\/led.amasly.com\/wp-content\/uploads\/2024\/07\/led-tri-proof-light.png ,https:\/\/led.amasly.com\/wp-content\/uploads\/2024\/07\/led-tri-proof-light.png 780w, https:\/\/led.amasly.com\/wp-content\/uploads\/2024\/07\/led-tri-proof-light.png 360w\" sizes=\"auto, (max-width: 480px) 150px\" src=\"https:\/\/led.amasly.com\/wp-content\/uploads\/2024\/07\/led-tri-proof-light.png\" alt=\"\" class=\"uag-image-1130\" width=\"300\" height=\"300\" title=\"led-tri-proof-light\" loading=\"lazy\" role=\"img\"><\/a><\/figure><\/div>\n<\/div>\n\n\n\n<div class=\"wp-block-uagb-container uagb-block-0fdfdd58\">\n<div class=\"wp-block-uagb-image uagb-block-1187d32d wp-block-uagb-image--layout-default wp-block-uagb-image--effect-static wp-block-uagb-image--align-none\"><figure class=\"wp-block-uagb-image__figure\"><a class=\"\" href=\"https:\/\/led.amasly.com\/hu_hu\/products\/\" target=\"\" rel=\"noopener\"><img decoding=\"async\" srcset=\"https:\/\/led.amasly.com\/wp-content\/uploads\/2024\/07\/LED-street-light.jpg ,https:\/\/led.amasly.com\/wp-content\/uploads\/2024\/07\/LED-street-light.jpg 780w, https:\/\/led.amasly.com\/wp-content\/uploads\/2024\/07\/LED-street-light.jpg 360w\" sizes=\"auto, (max-width: 480px) 150px\" src=\"https:\/\/led.amasly.com\/wp-content\/uploads\/2024\/07\/LED-street-light.jpg\" alt=\"\" class=\"uag-image-1145\" width=\"300\" height=\"300\" title=\"LED-es utcai l\u00e1mp\u00e1k\" loading=\"lazy\" role=\"img\"><\/a><\/figure><\/div>\n<\/div>\n<\/div><\/div>\n\n\n\n<div class=\"wp-block-uagb-container uagb-block-6a60882c alignfull uagb-is-root-container\"><div class=\"uagb-container-inner-blocks-wrap\">\n<div class=\"wp-block-uagb-container uagb-block-f1e91a35\">\n<h4 class=\"wp-block-heading has-text-align-center\"><a href=\"https:\/\/led.amasly.com\/hu_hu\/products\/\">LED \u00e1rv\u00edzf\u00e9nyek<\/a><\/h4>\n<\/div>\n\n\n\n<div class=\"wp-block-uagb-container uagb-block-165bfa58\">\n<h4 class=\"wp-block-heading has-text-align-center\"><a href=\"https:\/\/led.amasly.com\/hu_hu\/products\/\">LED Tri-Proof cs\u0151f\u00e9nyek<\/a><\/h4>\n<\/div>\n\n\n\n<div class=\"wp-block-uagb-container uagb-block-f6096e3b\">\n<h4 class=\"wp-block-heading has-text-align-center\"><a href=\"https:\/\/led.amasly.com\/hu_hu\/products\/\">LED utcai l\u00e1mp\u00e1k<\/a><\/h4>\n<\/div>\n<\/div><\/div>\n\n\n\n<div class=\"wp-block-uagb-container uagb-block-99c0e0a5 alignfull uagb-is-root-container\"><div class=\"uagb-container-inner-blocks-wrap\"><\/div><\/div>\n\n\n\n<p><\/p>","protected":false},"excerpt":{"rendered":"<p>Amasly Explosion proof torch lights Price Amasly explosion proof&nbsp;flashlights Explosion proof&nbsp;light&nbsp;fitting price influencing factors: explosion proof&nbsp;lights are usually more expensive than regular lights due to their higher design and production costs. However, for those who need to work in flammable and explosive environments, the use of explosion proof&nbsp;lights can greatly reduce the risk of fire [&hellip;]<\/p>\n","protected":false},"author":1,"featured_media":0,"parent":2869,"menu_order":0,"comment_status":"closed","ping_status":"closed","template":"","meta":{"_uag_custom_page_level_css":"","site-sidebar-layout":"no-sidebar","site-content-layout":"","ast-site-content-layout":"default","site-content-style":"default","site-sidebar-style":"default","ast-global-header-display":"","ast-banner-title-visibility":"","ast-main-header-display":"","ast-hfb-above-header-display":"","ast-hfb-below-header-display":"","ast-hfb-mobile-header-display":"","site-post-title":"disabled","ast-breadcrumbs-content":"","ast-featured-img":"","footer-sml-layout":"","ast-disable-related-posts":"","theme-transparent-header-meta":"enabled","adv-header-id-meta":"","stick-header-meta":"","header-above-stick-meta":"","header-main-stick-meta":"","header-below-stick-meta":"","astra-migrate-meta-layouts":"set","ast-page-background-enabled":"default","ast-page-background-meta":{"desktop":{"background-color":"var(--ast-global-color-4)","background-image":"","background-repeat":"repeat","background-position":"center center","background-size":"auto","background-attachment":"scroll","background-type":"","background-media":"","overlay-type":"","overlay-color":"","overlay-opacity":"","overlay-gradient":""},"tablet":{"background-color":"","background-image":"","background-repeat":"repeat","background-position":"center center","background-size":"auto","background-attachment":"scroll","background-type":"","background-media":"","overlay-type":"","overlay-color":"","overlay-opacity":"","overlay-gradient":""},"mobile":{"background-color":"","background-image":"","background-repeat":"repeat","background-position":"center center","background-size":"auto","background-attachment":"scroll","background-type":"","background-media":"","overlay-type":"","overlay-color":"","overlay-opacity":"","overlay-gradient":""}},"ast-content-background-meta":{"desktop":{"background-color":"var(--ast-global-color-5)","background-image":"","background-repeat":"repeat","background-position":"center center","background-size":"auto","background-attachment":"scroll","background-type":"","background-media":"","overlay-type":"","overlay-color":"","overlay-opacity":"","overlay-gradient":""},"tablet":{"background-color":"var(--ast-global-color-5)","background-image":"","background-repeat":"repeat","background-position":"center center","background-size":"auto","background-attachment":"scroll","background-type":"","background-media":"","overlay-type":"","overlay-color":"","overlay-opacity":"","overlay-gradient":""},"mobile":{"background-color":"var(--ast-global-color-5)","background-image":"","background-repeat":"repeat","background-position":"center center","background-size":"auto","background-attachment":"scroll","background-type":"","background-media":"","overlay-type":"","overlay-color":"","overlay-opacity":"","overlay-gradient":""}},"footnotes":""},"class_list":["post-4001","page","type-page","status-publish","hentry"],"uagb_featured_image_src":{"full":false,"thumbnail":false,"medium":false,"medium_large":false,"large":false,"1536x1536":false,"2048x2048":false,"trp-custom-language-flag":false},"uagb_author_info":{"display_name":"Joe","author_link":"https:\/\/led.amasly.com\/hu_hu\/author\/jacklin\/"},"uagb_comment_info":0,"uagb_excerpt":"Amasly Explosion proof torch lights Price Amasly explosion proof&nbsp;flashlights Explosion proof&nbsp;light&nbsp;fitting price influencing factors: explosion proof&nbsp;lights are usually more expensive than regular lights due to their higher design and production costs. However, for those who need to work in flammable and explosive environments, the use of explosion proof&nbsp;lights can greatly reduce the risk of fire&hellip;","_links":{"self":[{"href":"https:\/\/led.amasly.com\/hu_hu\/wp-json\/wp\/v2\/pages\/4001","targetHints":{"allow":["GET"]}}],"collection":[{"href":"https:\/\/led.amasly.com\/hu_hu\/wp-json\/wp\/v2\/pages"}],"about":[{"href":"https:\/\/led.amasly.com\/hu_hu\/wp-json\/wp\/v2\/types\/page"}],"author":[{"embeddable":true,"href":"https:\/\/led.amasly.com\/hu_hu\/wp-json\/wp\/v2\/users\/1"}],"replies":[{"embeddable":true,"href":"https:\/\/led.amasly.com\/hu_hu\/wp-json\/wp\/v2\/comments?post=4001"}],"version-history":[{"count":2,"href":"https:\/\/led.amasly.com\/hu_hu\/wp-json\/wp\/v2\/pages\/4001\/revisions"}],"predecessor-version":[{"id":4493,"href":"https:\/\/led.amasly.com\/hu_hu\/wp-json\/wp\/v2\/pages\/4001\/revisions\/4493"}],"up":[{"embeddable":true,"href":"https:\/\/led.amasly.com\/hu_hu\/wp-json\/wp\/v2\/pages\/2869"}],"wp:attachment":[{"href":"https:\/\/led.amasly.com\/hu_hu\/wp-json\/wp\/v2\/media?parent=4001"}],"curies":[{"name":"wp","href":"https:\/\/api.w.org\/{rel}","templated":true}]}}