{"id":3231,"date":"2025-05-09T22:26:03","date_gmt":"2025-05-09T14:26:03","guid":{"rendered":"https:\/\/led.amasly.com\/?page_id=3231"},"modified":"2025-05-09T22:26:09","modified_gmt":"2025-05-09T14:26:09","slug":"hogyan-elozhetik-meg-a-vegyi-uzemek-a-robbanasokat-5-kritikus-intezkedes-vegrehajtasa","status":"publish","type":"page","link":"https:\/\/led.amasly.com\/hu_hu\/tudas\/robbanasbiztos-termekek-ismerete\/hogyan-elozhetik-meg-a-vegyi-uzemek-a-robbanasokat-5-kritikus-intezkedes-vegrehajtasa\/","title":{"rendered":"Hogyan el\u0151zhetik meg a vegyi \u00fczemek a robban\u00e1sokat? 5 kritikus int\u00e9zked\u00e9st kell v\u00e9grehajtani!"},"content":{"rendered":"<div class=\"wp-block-uagb-container uagb-block-27bae773 alignfull uagb-is-root-container\"><div class=\"uagb-container-inner-blocks-wrap\"><\/div><\/div>\n\n\n\n<h1 class=\"wp-block-heading has-text-align-center\"><strong>Hogyan el\u0151zhetik meg a vegyi \u00fczemek a robban\u00e1sokat? 5 kritikus int\u00e9zked\u00e9st kell v\u00e9grehajtani!<\/strong><\/h1>\n\n\n\n<div class=\"wp-block-uagb-image uagb-block-da1360b5 wp-block-uagb-image--layout-default wp-block-uagb-image--effect-static wp-block-uagb-image--align-none\"><figure class=\"wp-block-uagb-image__figure\"><a class=\"\" href=\"https:\/\/led.amasly.com\/hu_hu\/\" target=\"\" rel=\"noopener\"><img decoding=\"async\" srcset=\"https:\/\/led.amasly.com\/wp-content\/uploads\/2025\/05\/Explosion-proof-of-chemical-plants.jpg ,https:\/\/led.amasly.com\/wp-content\/uploads\/2025\/05\/Explosion-proof-of-chemical-plants.jpg 780w, https:\/\/led.amasly.com\/wp-content\/uploads\/2025\/05\/Explosion-proof-of-chemical-plants.jpg 360w\" sizes=\"auto, (max-width: 480px) 150px\" src=\"https:\/\/led.amasly.com\/wp-content\/uploads\/2025\/05\/Explosion-proof-of-chemical-plants.jpg\" alt=\"\" class=\"uag-image-3232\" width=\"1004\" height=\"308\" title=\"Vegyi \u00fczemek robban\u00e1sbiztoss\u00e1ga\" loading=\"lazy\" role=\"img\"><\/a><\/figure><\/div>\n\n\n\n<p>Az elm\u00falt \u00e9vekben a vegyi \u00fczemekben bek\u00f6vetkezett gyakori robban\u00e1sok aggodalmat keltettek a k\u00f6zv\u00e9lem\u00e9nyben: Mi\u00e9rt jelentenek ezek a l\u00e9tes\u00edtm\u00e9nyek ilyen tart\u00f3s vesz\u00e9lyt a k\u00f6zbiztons\u00e1gra? Hogyan lehet megel\u0151zni a robban\u00e1sokat a gy\u00f6ker\u00fckn\u00e9l fogva? Az al\u00e1bbiakban \u00f6t alapvet\u0151 strat\u00e9gi\u00e1t mutatunk be a vegyipari v\u00e1llalatok sz\u00e1m\u00e1ra a robban\u00e1si kock\u00e1zatok cs\u00f6kkent\u00e9s\u00e9re.<\/p>\n\n\n\n<hr class=\"wp-block-separator has-alpha-channel-opacity\"\/>\n\n\n\n<h2 class=\"wp-block-heading\"><strong>1. Vegyi \u00fczemek robban\u00e1sbiztoss\u00e1ga<\/strong>: <strong>Ellen\u0151rizze \u00e9s sz\u00fcntesse meg a gy\u00fajt\u00f3forr\u00e1sokat<\/strong><\/h2>\n\n\n\n<h4 class=\"wp-block-heading\"><strong>(1) Ny\u00edlt l\u00e1ngok<\/strong><\/h4>\n\n\n\n<p>Az ipari k\u00f6rnyezetben a ny\u00edlt l\u00e1ngok k\u00f6z\u00e9 els\u0151sorban a f\u0171t\u00e9si, karbantart\u00e1si \u00e9s egy\u00e9b \u00fczemi t\u0171zforr\u00e1sok tartoznak.<\/p>\n\n\n\n<ul class=\"wp-block-list\">\n<li>Ny\u00edlt l\u00e1ng helyett haszn\u00e1ljon g\u0151zt vagy m\u00e1s h\u0151\u00e1tviv\u0151 k\u00f6zeget \u00e9ghet\u0151 anyagok meleg\u00edt\u00e9s\u00e9hez. Ha a ny\u00edlt l\u00e1ng elker\u00fclhetetlen, gondoskodjon arr\u00f3l, hogy a berendez\u00e9s szorosan le legyen z\u00e1rva, \u00e9s az \u00e9g\u00e9st\u00e9r el legyen szigetelve a feldolgoz\u00f3egys\u00e9gekt\u0151l.<\/li>\n\n\n\n<li>Minimaliz\u00e1lja a hegeszt\u00e9st t\u0171z- vagy robban\u00e1svesz\u00e9lyes ter\u00fcleteken. Tartson biztons\u00e1gos t\u00e1vols\u00e1got a hegeszt\u00e9si helyek \u00e9s a gy\u00fal\u00e9kony berendez\u00e9sek k\u00f6z\u00f6tt. Gy\u00fal\u00e9kony anyagokat tartalmaz\u00f3 berendez\u00e9seken vagy cs\u0151vezet\u00e9keken v\u00e9gzett forr\u00f3 munk\u00e1k (pl. hegeszt\u00e9s) eset\u00e9n szigor\u00faan tartsa be az olyan protokollokat, mint az elk\u00fcl\u00f6n\u00edt\u00e9s, az \u00f6bl\u00edt\u00e9s, a tiszt\u00edt\u00e1s \u00e9s a g\u00e1zvizsg\u00e1lat.<\/li>\n\n\n\n<li>A k\u00e9m\u00e9nyekb\u0151l vagy j\u00e1rm\u0171kipufog\u00f3kb\u00f3l sz\u00e1rmaz\u00f3 szikr\u00e1k megel\u0151z\u00e9se a megfelel\u0151 \u00e9g\u00e9s, a megfelel\u0151 k\u00e9m\u00e9nymagass\u00e1g \u00e9s a kipufog\u00f3cs\u00f6vekre szerelt szikrasz\u0171r\u0151k biztos\u00edt\u00e1s\u00e1val.<\/li>\n<\/ul>\n\n\n\n<h4 class=\"wp-block-heading\"><strong>(2) S\u00farl\u00f3d\u00e1s \u00e9s \u00fctk\u00f6z\u00e9s<\/strong><\/h4>\n\n\n\n<p>A g\u00e9pek s\u00farl\u00f3d\u00e1s\u00e1b\u00f3l, a f\u00e9mek \u00fctk\u00f6z\u00e9s\u00e9b\u0151l vagy a betonba \u00fctk\u00f6z\u0151 szersz\u00e1mokb\u00f3l sz\u00e1rmaz\u00f3 szikr\u00e1k meggy\u00fajthatj\u00e1k a gy\u00fal\u00e9kony anyagokat. Az enyh\u00edt\u0151 int\u00e9zked\u00e9sek k\u00f6z\u00e9 tartoznak:<\/p>\n\n\n\n<ul class=\"wp-block-list\">\n<li>Rendszeresen kenje a csap\u00e1gyakat a s\u00farl\u00f3d\u00e1s cs\u00f6kkent\u00e9se \u00e9s az \u00e9ghet\u0151 maradv\u00e1nyok elt\u00e1vol\u00edt\u00e1sa \u00e9rdek\u00e9ben.<\/li>\n\n\n\n<li>Haszn\u00e1ljon szikramentes anyagokat (pl. r\u00e9z\u00f6tv\u00f6zeteket) a vesz\u00e9lyes ter\u00fcleteken forg\u00f3 alkatr\u00e9szekhez. Telep\u00edtsen m\u00e1gneses szepar\u00e1torokat a nyersanyagokb\u00f3l sz\u00e1rmaz\u00f3 f\u00e9mt\u00f6rmel\u00e9k elt\u00e1vol\u00edt\u00e1s\u00e1ra.<\/li>\n\n\n\n<li>\u00d3vatosan b\u00e1njon a g\u00e1zpalackokkal vagy a gy\u00fal\u00e9kony folyad\u00e9kokkal teli tart\u00e1lyokkal. Tiltsa meg a sz\u00f6ges l\u00e1bbeliket a nagy kock\u00e1zat\u00fa z\u00f3n\u00e1kban, \u00e9s haszn\u00e1ljon szikra\u00e1ll\u00f3 padl\u00f3burkolatot.<\/li>\n<\/ul>\n\n\n\n<div class=\"wp-block-uagb-image uagb-block-104b9dbc wp-block-uagb-image--layout-default wp-block-uagb-image--effect-static wp-block-uagb-image--align-none\"><figure class=\"wp-block-uagb-image__figure\"><img decoding=\"async\" srcset=\"https:\/\/led.amasly.com\/wp-content\/uploads\/2025\/05\/Chemical-plant-1024x1024.jpg ,https:\/\/led.amasly.com\/wp-content\/uploads\/2025\/05\/Chemical-plant.jpg 780w, https:\/\/led.amasly.com\/wp-content\/uploads\/2025\/05\/Chemical-plant.jpg 360w\" sizes=\"auto, (max-width: 480px) 150px\" src=\"https:\/\/led.amasly.com\/wp-content\/uploads\/2025\/05\/Chemical-plant-1024x1024.jpg\" alt=\"\" class=\"uag-image-3233\" width=\"1080\" height=\"1080\" title=\"Vegyi \u00fczem\" loading=\"lazy\" role=\"img\"><\/figure><\/div>\n\n\n\n<h4 class=\"wp-block-heading\"><strong>(3) Elektromos szikr\u00e1k<\/strong><\/h4>\n\n\n\n<p>Az elektromos szikr\u00e1k a robban\u00e1sok egyik f\u0151 okoz\u00f3i. A vesz\u00e9lyes ter\u00fcleteken robban\u00e1sbiztos, lez\u00e1rt vagy elszigetelt elektromos rendszereket kell alkalmazni a kock\u00e1zati oszt\u00e1lyoz\u00e1s \u00e9s az anyagtulajdons\u00e1gok alapj\u00e1n.<\/p>\n\n\n\n<p>A robban\u00e1sbiztos elektromos berendez\u00e9sek kiv\u00e1laszt\u00e1s\u00e1t \u00e9s egy\u00e9b szempontokat a k\u00f6vetkez\u0151k szerint kell elv\u00e9gezni <a href=\"http:\/\/www.iecex-certs.com\/\" rel=\"nofollow noopener\" target=\"_blank\">vonatkoz\u00f3 EN60079 szabv\u00e1nyok.<\/a><\/p>\n\n\n\n<h4 class=\"wp-block-heading\"><strong>(4) Egy\u00e9b gy\u00fajt\u00f3forr\u00e1sok<\/strong><\/h4>\n\n\n\n<p>Az elektrosztatikus kis\u00fcl\u00e9s, a vill\u00e1mcsap\u00e1s, valamint a gy\u00fal\u00e9kony anyagok \u00e9s a forr\u00f3 fel\u00fcletek k\u00f6z\u00f6tti \u00e9rintkez\u00e9s kezel\u00e9se. Szigetelje a magas h\u0151m\u00e9rs\u00e9klet\u0171 berendez\u00e9seket \u00e9s cs\u0151vezet\u00e9keket.<\/p>\n\n\n\n<hr class=\"wp-block-separator has-alpha-channel-opacity\"\/>\n\n\n\n<h3 class=\"wp-block-heading\"><strong>2. A vesz\u00e9lyes anyagok biztons\u00e1gos kezel\u00e9se<\/strong><\/h3>\n\n\n\n<ul class=\"wp-block-list\">\n<li>Ahol lehets\u00e9ges, a rendk\u00edv\u00fcl vesz\u00e9lyes anyagokat biztons\u00e1gosabb alternat\u00edv\u00e1kkal helyettes\u00edtse.<\/li>\n\n\n\n<li>\u00d6ngyullad\u00f3 anyagok (pl. olajok, v\u00edzzel reag\u00e1l\u00f3 vegyi anyagok) izol\u00e1l\u00e1sa vagy stabiliz\u00e1l\u00e1sa. Ker\u00fclje az inkompatibilis anyagok kevered\u00e9s\u00e9t (pl. oxid\u00e1l\u00f3szerek \u00e9s gy\u00fal\u00e9kony anyagok).<\/li>\n\n\n\n<li>Az instabil anyagokat stabiliz\u00e1torokkal (pl. k\u00e9nsav a hidrog\u00e9n-cianidhoz, hidrokinon az akrilnitrilhez) kell t\u00e1rolni.<\/li>\n\n\n\n<li>A peroxidk\u00e9pz\u0151d\u00e9s megel\u0151z\u00e9se \u00e9rdek\u00e9ben haszn\u00e1ljon s\u00f6t\u00e9t \u00fcveg- vagy f\u00e9mtart\u00e1lyokat a f\u00e9ny\u00e9rz\u00e9keny folyad\u00e9kokhoz (pl. \u00e9terek).<\/li>\n\n\n\n<li>Vegye figyelembe a folyad\u00e9kok ki\u00f6ml\u00e9s\u00e9nek kock\u00e1zat\u00e1t az elszigetel\u0151 rendszerek tervez\u00e9s\u00e9vel.<\/li>\n<\/ul>\n\n\n\n<hr class=\"wp-block-separator has-alpha-channel-opacity\"\/>\n\n\n\n<h3 class=\"wp-block-heading\"><strong>3. Vegyi \u00fczemek robban\u00e1sbiztoss\u00e1ga<\/strong>: <strong>Folyamatparam\u00e9terek biztons\u00e1gi ellen\u0151rz\u00e9se<\/strong><\/h3>\n\n\n\n<h4 class=\"wp-block-heading\"><strong>(1) H\u0151m\u00e9rs\u00e9klet-szab\u00e1lyoz\u00e1s<\/strong><\/h4>\n\n\n\n<p>Tartsa fenn az optim\u00e1lis reakci\u00f3h\u0151m\u00e9rs\u00e9kletet az elszabadult reakci\u00f3k vagy a boml\u00e1s megel\u0151z\u00e9se \u00e9rdek\u00e9ben.<\/p>\n\n\n\n<h4 class=\"wp-block-heading\"><strong>(2) Nyom\u00e1sszab\u00e1lyoz\u00e1s<\/strong><\/h4>\n\n\n\n<p>Figyelje a nyom\u00e1singadoz\u00e1sokat, \u00e9s szereljen fel megb\u00edzhat\u00f3 biztons\u00e1gi berendez\u00e9seket (pl. t\u00falnyom\u00e1scs\u00f6kkent\u0151 szelepeket). El\u0151zze meg a g\u00e1zok keresztszennyez\u0151d\u00e9s\u00e9t a rendszerek k\u00f6z\u00f6tt.<\/p>\n\n\n\n<h4 class=\"wp-block-heading\"><strong>(3) Anyagbet\u00e1pl\u00e1l\u00e1s<\/strong><\/h4>\n\n\n\n<ul class=\"wp-block-list\">\n<li>Szab\u00e1lyozza az adagol\u00e1si sebess\u00e9get a termikus elszabadul\u00e1s elker\u00fcl\u00e9se \u00e9rdek\u00e9ben.<\/li>\n\n\n\n<li>Szigor\u00faan ellen\u0151rizze a reakt\u00e1nsok ar\u00e1ny\u00e1t \u00e9s az adagol\u00e1si sorrendet (pl. hidrog\u00e9n a kl\u00f3r el\u0151tt a HCl szint\u00e9zisben). A hib\u00e1k elker\u00fcl\u00e9se \u00e9rdek\u00e9ben alkalmazzon reteszelt szelepeket.<\/li>\n\n\n\n<li>A vesz\u00e9lyes mell\u00e9khat\u00e1sok elker\u00fcl\u00e9se \u00e9rdek\u00e9ben biztos\u00edtsa a nyersanyag tisztas\u00e1g\u00e1t.<\/li>\n<\/ul>\n\n\n\n<h4 class=\"wp-block-heading\"><strong>(4) Sziv\u00e1rg\u00e1smegel\u0151z\u00e9s<\/strong><\/h4>\n\n\n\n<p>A bels\u0151\/k\u00fcls\u0151 sziv\u00e1rg\u00e1sok kezel\u00e9se szelepkarbantart\u00e1ssal, kett\u0151s szeleprendszerekkel \u00e9s egy\u00e9rtelm\u0171 c\u00edmk\u00e9z\u00e9ssel. El\u0151zze meg a t\u00falt\u00f6lt\u00e9st \u00e9s a hib\u00e1s m\u0171k\u00f6d\u00e9st.<\/p>\n\n\n\n<h4 class=\"wp-block-heading\"><strong>(5) V\u00e9szle\u00e1ll\u00edt\u00e1si protokollok<\/strong><\/h4>\n\n\n\n<p>K\u00e9pezze ki a szem\u00e9lyzetet az \u00e1ram- \u00e9s k\u00f6zm\u0171kimarad\u00e1sok kezel\u00e9s\u00e9re. V\u00e9gezzenek gyakorlatokat \u00e9s k\u00e9sz\u00edtsenek v\u00e9szhelyzeti terveket.<\/p>\n\n\n\n<hr class=\"wp-block-separator has-alpha-channel-opacity\"\/>\n\n\n\n<h3 class=\"wp-block-heading\"><strong>4. A rendszer t\u00f6m\u00edt\u00e9se \u00e9s inertiz\u00e1l\u00e1sa<\/strong><\/h3>\n\n\n\n<h4 class=\"wp-block-heading\"><strong>(1) T\u00f6m\u00edt\u00e9s<\/strong><\/h4>\n\n\n\n<p>Minim\u00e1lisra cs\u00f6kkentheti a sziv\u00e1rg\u00e1sokat a karim\u00e1k \u00e9s varrat n\u00e9lk\u00fcli cs\u00f6vek feletti hegesztett k\u00f6t\u00e9sek alkalmaz\u00e1s\u00e1val. V\u00e1kuumrendszerek eset\u00e9n a leveg\u0151 bejut\u00e1s\u00e1t inert g\u00e1zzal t\u00f6rt\u00e9n\u0151 tiszt\u00edt\u00e1ssal akad\u00e1lyozza meg.<\/p>\n\n\n\n<h4 class=\"wp-block-heading\"><strong>(2) Inertiz\u00e1l\u00e1s<\/strong><\/h4>\n\n\n\n<p>Az oxig\u00e9nt inert g\u00e1zokkal (pl. nitrog\u00e9nnel) helyettes\u00edtse az \u00e9g\u00e9s elfojt\u00e1sa \u00e9rdek\u00e9ben. Ellen\u0151rizze a g\u00e1z\u00e1raml\u00e1st, a nyom\u00e1st \u00e9s az oxig\u00e9nszintet.<\/p>\n\n\n\n<hr class=\"wp-block-separator has-alpha-channel-opacity\"\/>\n\n\n\n<h3 class=\"wp-block-heading\"><strong>5. Szell\u0151ztet\u00e9s<\/strong><\/h3>\n\n\n\n<ul class=\"wp-block-list\">\n<li>Ker\u00fclje a gy\u00fal\u00e9kony g\u00e1zokat tartalmaz\u00f3 leveg\u0151 keringtet\u00e9s\u00e9t. K\u00fcl\u00f6n\u00edtse el a kipufog\u00f3- \u00e9s a besz\u00edv\u00f3rendszert.<\/li>\n\n\n\n<li>Haszn\u00e1ljon szikra\u00e1ll\u00f3 ventil\u00e1torokat \u00e9s csatorn\u00e1kat. Ker\u00fclje a szell\u0151z\u0151cs\u00f6vek t\u0171zfalakon kereszt\u00fcli vezet\u00e9s\u00e9t.<\/li>\n<\/ul>\n\n\n\n<hr class=\"wp-block-separator has-alpha-channel-opacity\"\/>\n\n\n\n<p class=\"has-text-align-left\">Ezen int\u00e9zked\u00e9sek szigor\u00fa v\u00e9grehajt\u00e1s\u00e1val - a gy\u00fajt\u00f3forr\u00e1sok ellen\u0151rz\u00e9s\u00e9vel, a vesz\u00e9lyes anyagok kezel\u00e9s\u00e9vel, a folyamatparam\u00e9terek optimaliz\u00e1l\u00e1s\u00e1val, a rendszer integrit\u00e1s\u00e1nak biztos\u00edt\u00e1s\u00e1val \u00e9s a megfelel\u0151 szell\u0151z\u00e9s fenntart\u00e1s\u00e1val - a vegyi \u00fczemek jelent\u0151sen cs\u00f6kkenthetik a robban\u00e1svesz\u00e9lyt, \u00e9s v\u00e9dhetik a munkav\u00e1llal\u00f3kat \u00e9s a k\u00f6z\u00f6ss\u00e9geket.<\/p>\n\n\n\n<div class=\"wp-block-uagb-container uagb-block-c7d898dd alignfull uagb-is-root-container\"><div class=\"uagb-container-inner-blocks-wrap\"><\/div><\/div>\n\n\n\n<h2 class=\"wp-block-heading\">Kapcsol\u00f3d\u00f3 term\u00e9kek<\/h2>\n\n\n\n<div class=\"wp-block-uagb-container uagb-block-66e4defc alignfull uagb-is-root-container\"><div class=\"uagb-container-inner-blocks-wrap\">\n<div class=\"wp-block-uagb-container uagb-block-a42945f9\">\n<div class=\"wp-block-uagb-image uagb-block-7296296b wp-block-uagb-image--layout-default wp-block-uagb-image--effect-static wp-block-uagb-image--align-none\"><figure class=\"wp-block-uagb-image__figure\"><a class=\"\" href=\"https:\/\/led.amasly.com\/hu_hu\/termekek\/\" target=\"\" rel=\"noopener\"><img decoding=\"async\" srcset=\"https:\/\/led.amasly.com\/wp-content\/uploads\/2024\/09\/Explosion-proof-high-bay-lights.png ,https:\/\/led.amasly.com\/wp-content\/uploads\/2024\/09\/Explosion-proof-high-bay-lights.png 780w, https:\/\/led.amasly.com\/wp-content\/uploads\/2024\/09\/Explosion-proof-high-bay-lights.png 360w\" sizes=\"auto, (max-width: 480px) 150px\" src=\"https:\/\/led.amasly.com\/wp-content\/uploads\/2024\/09\/Explosion-proof-high-bay-lights.png\" alt=\"\" class=\"uag-image-1495\" width=\"300\" height=\"300\" title=\"Robban\u00e1sbiztos magas \u00f6b\u00f6l f\u00e9nyek\" loading=\"lazy\" role=\"img\"><\/a><\/figure><\/div>\n<\/div>\n\n\n\n<div class=\"wp-block-uagb-container uagb-block-4d3efde5\">\n<div class=\"wp-block-uagb-image uagb-block-c9e90797 wp-block-uagb-image--layout-default wp-block-uagb-image--effect-static wp-block-uagb-image--align-none\"><figure class=\"wp-block-uagb-image__figure\"><a class=\"\" href=\"https:\/\/led.amasly.com\/hu_hu\/termekek\/\" target=\"\" rel=\"noopener\"><img decoding=\"async\" srcset=\"https:\/\/led.amasly.com\/wp-content\/uploads\/2024\/07\/LED-tri-proof-lights2.png ,https:\/\/led.amasly.com\/wp-content\/uploads\/2024\/07\/LED-tri-proof-lights2.png 780w, https:\/\/led.amasly.com\/wp-content\/uploads\/2024\/07\/LED-tri-proof-lights2.png 360w\" sizes=\"auto, (max-width: 480px) 150px\" src=\"https:\/\/led.amasly.com\/wp-content\/uploads\/2024\/07\/LED-tri-proof-lights2.png\" alt=\"\" class=\"uag-image-1132\" width=\"300\" height=\"300\" title=\"LED-tri-proof-lights2\" loading=\"lazy\" role=\"img\"><\/a><\/figure><\/div>\n<\/div>\n\n\n\n<div class=\"wp-block-uagb-container uagb-block-11c2578b\">\n<div class=\"wp-block-uagb-image uagb-block-6e8883aa wp-block-uagb-image--layout-default wp-block-uagb-image--effect-static wp-block-uagb-image--align-none\"><figure class=\"wp-block-uagb-image__figure\"><a class=\"\" href=\"https:\/\/led.amasly.com\/hu_hu\/termekek\/\" target=\"\" rel=\"noopener\"><img decoding=\"async\" srcset=\"https:\/\/led.amasly.com\/wp-content\/uploads\/2024\/09\/LED-Explosion-Proof-Gas-Station-Light.png ,https:\/\/led.amasly.com\/wp-content\/uploads\/2024\/09\/LED-Explosion-Proof-Gas-Station-Light.png 780w, https:\/\/led.amasly.com\/wp-content\/uploads\/2024\/09\/LED-Explosion-Proof-Gas-Station-Light.png 360w\" sizes=\"auto, (max-width: 480px) 150px\" src=\"https:\/\/led.amasly.com\/wp-content\/uploads\/2024\/09\/LED-Explosion-Proof-Gas-Station-Light.png\" alt=\"\" class=\"uag-image-1501\" width=\"300\" height=\"300\" title=\"LED robban\u00e1sbiztos benzink\u00fat f\u00e9ny\" loading=\"lazy\" role=\"img\"><\/a><\/figure><\/div>\n<\/div>\n<\/div><\/div>\n\n\n\n<div class=\"wp-block-uagb-container uagb-block-548945b5 alignfull uagb-is-root-container\"><div class=\"uagb-container-inner-blocks-wrap\">\n<div class=\"wp-block-uagb-container uagb-block-967755d5\">\n<h4 class=\"wp-block-heading has-text-align-center\"><a href=\"https:\/\/led.amasly.com\/hu_hu\/termekek\/\">LED robban\u00e1sbiztos f\u00e9nyek<\/a><\/h4>\n<\/div>\n\n\n\n<div class=\"wp-block-uagb-container uagb-block-9bc52fc2\">\n<h4 class=\"wp-block-heading has-text-align-center\"><a href=\"https:\/\/led.amasly.com\/hu_hu\/termekek\/\">LED Tri-Proof f\u00e9nyek<\/a><\/h4>\n<\/div>\n\n\n\n<div class=\"wp-block-uagb-container uagb-block-8ffa0a23\">\n<h4 class=\"wp-block-heading has-text-align-center\"><a href=\"https:\/\/led.amasly.com\/hu_hu\/termekek\/\">Robban\u00e1sbiztos benzink\u00fat f\u00e9nyek<\/a><\/h4>\n<\/div>\n<\/div><\/div>\n\n\n\n<div class=\"wp-block-uagb-container uagb-block-29499fe0 alignfull uagb-is-root-container\"><div class=\"uagb-container-inner-blocks-wrap\">\n<div class=\"wp-block-uagb-container uagb-block-777ee1c7\">\n<div class=\"wp-block-uagb-image uagb-block-2e9a1851 wp-block-uagb-image--layout-default wp-block-uagb-image--effect-static wp-block-uagb-image--align-none\"><figure class=\"wp-block-uagb-image__figure\"><a class=\"\" href=\"https:\/\/led.amasly.com\/hu_hu\/termekek\/\" target=\"\" rel=\"noopener\"><img decoding=\"async\" srcset=\"https:\/\/led.amasly.com\/wp-content\/uploads\/2024\/10\/50W-100W-150W-200W-300W-LED-Flood-Light.jpg ,https:\/\/led.amasly.com\/wp-content\/uploads\/2024\/10\/50W-100W-150W-200W-300W-LED-Flood-Light.jpg 780w, https:\/\/led.amasly.com\/wp-content\/uploads\/2024\/10\/50W-100W-150W-200W-300W-LED-Flood-Light.jpg 360w\" sizes=\"auto, (max-width: 480px) 150px\" src=\"https:\/\/led.amasly.com\/wp-content\/uploads\/2024\/10\/50W-100W-150W-200W-300W-LED-Flood-Light.jpg\" alt=\"\" class=\"uag-image-1526\" width=\"300\" height=\"300\" title=\"50W 100W 150W 200W 300W LED-es \u00e1rv\u00edzf\u00e9ny\" loading=\"lazy\" role=\"img\"><\/a><\/figure><\/div>\n<\/div>\n\n\n\n<div class=\"wp-block-uagb-container uagb-block-af8c8683\">\n<div class=\"wp-block-uagb-image uagb-block-67947854 wp-block-uagb-image--layout-default wp-block-uagb-image--effect-static wp-block-uagb-image--align-none\"><figure class=\"wp-block-uagb-image__figure\"><a class=\"\" href=\"https:\/\/led.amasly.com\/hu_hu\/termekek\/\" target=\"\" rel=\"noopener\"><img decoding=\"async\" srcset=\"https:\/\/led.amasly.com\/wp-content\/uploads\/2024\/07\/led-tri-proof-light.png ,https:\/\/led.amasly.com\/wp-content\/uploads\/2024\/07\/led-tri-proof-light.png 780w, https:\/\/led.amasly.com\/wp-content\/uploads\/2024\/07\/led-tri-proof-light.png 360w\" sizes=\"auto, (max-width: 480px) 150px\" src=\"https:\/\/led.amasly.com\/wp-content\/uploads\/2024\/07\/led-tri-proof-light.png\" alt=\"\" class=\"uag-image-1130\" width=\"300\" height=\"300\" title=\"led-tri-proof-light\" loading=\"lazy\" role=\"img\"><\/a><\/figure><\/div>\n<\/div>\n\n\n\n<div class=\"wp-block-uagb-container uagb-block-0fdfdd58\">\n<div class=\"wp-block-uagb-image uagb-block-1187d32d wp-block-uagb-image--layout-default wp-block-uagb-image--effect-static wp-block-uagb-image--align-none\"><figure class=\"wp-block-uagb-image__figure\"><a class=\"\" href=\"https:\/\/led.amasly.com\/hu_hu\/termekek\/\" target=\"\" rel=\"noopener\"><img decoding=\"async\" srcset=\"https:\/\/led.amasly.com\/wp-content\/uploads\/2024\/07\/LED-street-light.jpg ,https:\/\/led.amasly.com\/wp-content\/uploads\/2024\/07\/LED-street-light.jpg 780w, https:\/\/led.amasly.com\/wp-content\/uploads\/2024\/07\/LED-street-light.jpg 360w\" sizes=\"auto, (max-width: 480px) 150px\" src=\"https:\/\/led.amasly.com\/wp-content\/uploads\/2024\/07\/LED-street-light.jpg\" alt=\"\" class=\"uag-image-1145\" width=\"300\" height=\"300\" title=\"LED-es utcai l\u00e1mp\u00e1k\" loading=\"lazy\" role=\"img\"><\/a><\/figure><\/div>\n<\/div>\n<\/div><\/div>\n\n\n\n<div class=\"wp-block-uagb-container uagb-block-6a60882c alignfull uagb-is-root-container\"><div class=\"uagb-container-inner-blocks-wrap\">\n<div class=\"wp-block-uagb-container uagb-block-f1e91a35\">\n<h4 class=\"wp-block-heading has-text-align-center\"><a href=\"https:\/\/led.amasly.com\/hu_hu\/termekek\/\">LED \u00e1rv\u00edzf\u00e9nyek<\/a><\/h4>\n<\/div>\n\n\n\n<div class=\"wp-block-uagb-container uagb-block-165bfa58\">\n<h4 class=\"wp-block-heading has-text-align-center\"><a href=\"https:\/\/led.amasly.com\/hu_hu\/termekek\/\">LED Tri-Proof cs\u0151f\u00e9nyek<\/a><\/h4>\n<\/div>\n\n\n\n<div class=\"wp-block-uagb-container uagb-block-f6096e3b\">\n<h4 class=\"wp-block-heading has-text-align-center\"><a href=\"https:\/\/led.amasly.com\/hu_hu\/termekek\/\">LED utcai l\u00e1mp\u00e1k<\/a><\/h4>\n<\/div>\n<\/div><\/div>\n\n\n\n<div class=\"wp-block-uagb-container uagb-block-99c0e0a5 alignfull uagb-is-root-container\"><div class=\"uagb-container-inner-blocks-wrap\"><\/div><\/div>\n\n\n\n<p><\/p>","protected":false},"excerpt":{"rendered":"<p>How Chemical Plants Can Prevent Explosions? 5 Critical Measures to Implement! In recent years, frequent explosions at chemical plants have raised public concerns: Why do these facilities pose such a persistent threat to public safety? How can explosions be prevented at their root? Below are five essential strategies for chemical enterprises to mitigate explosion risks. [&hellip;]<\/p>\n","protected":false},"author":1,"featured_media":0,"parent":2374,"menu_order":0,"comment_status":"closed","ping_status":"closed","template":"","meta":{"_uag_custom_page_level_css":"","site-sidebar-layout":"no-sidebar","site-content-layout":"","ast-site-content-layout":"default","site-content-style":"default","site-sidebar-style":"default","ast-global-header-display":"","ast-banner-title-visibility":"","ast-main-header-display":"","ast-hfb-above-header-display":"","ast-hfb-below-header-display":"","ast-hfb-mobile-header-display":"","site-post-title":"disabled","ast-breadcrumbs-content":"","ast-featured-img":"","footer-sml-layout":"","ast-disable-related-posts":"","theme-transparent-header-meta":"enabled","adv-header-id-meta":"","stick-header-meta":"","header-above-stick-meta":"","header-main-stick-meta":"","header-below-stick-meta":"","astra-migrate-meta-layouts":"set","ast-page-background-enabled":"default","ast-page-background-meta":{"desktop":{"background-color":"var(--ast-global-color-4)","background-image":"","background-repeat":"repeat","background-position":"center center","background-size":"auto","background-attachment":"scroll","background-type":"","background-media":"","overlay-type":"","overlay-color":"","overlay-opacity":"","overlay-gradient":""},"tablet":{"background-color":"","background-image":"","background-repeat":"repeat","background-position":"center center","background-size":"auto","background-attachment":"scroll","background-type":"","background-media":"","overlay-type":"","overlay-color":"","overlay-opacity":"","overlay-gradient":""},"mobile":{"background-color":"","background-image":"","background-repeat":"repeat","background-position":"center center","background-size":"auto","background-attachment":"scroll","background-type":"","background-media":"","overlay-type":"","overlay-color":"","overlay-opacity":"","overlay-gradient":""}},"ast-content-background-meta":{"desktop":{"background-color":"var(--ast-global-color-5)","background-image":"","background-repeat":"repeat","background-position":"center center","background-size":"auto","background-attachment":"scroll","background-type":"","background-media":"","overlay-type":"","overlay-color":"","overlay-opacity":"","overlay-gradient":""},"tablet":{"background-color":"var(--ast-global-color-5)","background-image":"","background-repeat":"repeat","background-position":"center center","background-size":"auto","background-attachment":"scroll","background-type":"","background-media":"","overlay-type":"","overlay-color":"","overlay-opacity":"","overlay-gradient":""},"mobile":{"background-color":"var(--ast-global-color-5)","background-image":"","background-repeat":"repeat","background-position":"center center","background-size":"auto","background-attachment":"scroll","background-type":"","background-media":"","overlay-type":"","overlay-color":"","overlay-opacity":"","overlay-gradient":""}},"footnotes":""},"class_list":["post-3231","page","type-page","status-publish","hentry"],"uagb_featured_image_src":{"full":false,"thumbnail":false,"medium":false,"medium_large":false,"large":false,"1536x1536":false,"2048x2048":false,"trp-custom-language-flag":false},"uagb_author_info":{"display_name":"Joe","author_link":"https:\/\/led.amasly.com\/hu_hu\/author\/jacklin\/"},"uagb_comment_info":0,"uagb_excerpt":"How Chemical Plants Can Prevent Explosions? 5 Critical Measures to Implement! In recent years, frequent explosions at chemical plants have raised public concerns: Why do these facilities pose such a persistent threat to public safety? How can explosions be prevented at their root? Below are five essential strategies for chemical enterprises to mitigate explosion risks.&hellip;","_links":{"self":[{"href":"https:\/\/led.amasly.com\/hu_hu\/wp-json\/wp\/v2\/pages\/3231","targetHints":{"allow":["GET"]}}],"collection":[{"href":"https:\/\/led.amasly.com\/hu_hu\/wp-json\/wp\/v2\/pages"}],"about":[{"href":"https:\/\/led.amasly.com\/hu_hu\/wp-json\/wp\/v2\/types\/page"}],"author":[{"embeddable":true,"href":"https:\/\/led.amasly.com\/hu_hu\/wp-json\/wp\/v2\/users\/1"}],"replies":[{"embeddable":true,"href":"https:\/\/led.amasly.com\/hu_hu\/wp-json\/wp\/v2\/comments?post=3231"}],"version-history":[{"count":1,"href":"https:\/\/led.amasly.com\/hu_hu\/wp-json\/wp\/v2\/pages\/3231\/revisions"}],"predecessor-version":[{"id":3234,"href":"https:\/\/led.amasly.com\/hu_hu\/wp-json\/wp\/v2\/pages\/3231\/revisions\/3234"}],"up":[{"embeddable":true,"href":"https:\/\/led.amasly.com\/hu_hu\/wp-json\/wp\/v2\/pages\/2374"}],"wp:attachment":[{"href":"https:\/\/led.amasly.com\/hu_hu\/wp-json\/wp\/v2\/media?parent=3231"}],"curies":[{"name":"wp","href":"https:\/\/api.w.org\/{rel}","templated":true}]}}