{"id":3177,"date":"2025-04-24T23:20:05","date_gmt":"2025-04-24T15:20:05","guid":{"rendered":"https:\/\/led.amasly.com\/?page_id=3177"},"modified":"2025-04-24T23:20:13","modified_gmt":"2025-04-24T15:20:13","slug":"explosion-proof-spray-booth-systems-industry-trends-technical-solutions-safety-compliance","status":"publish","type":"page","link":"https:\/\/led.amasly.com\/hu_hu\/knowledge\/explosion-proof-products-knowledge\/explosion-proof-spray-booth-systems-industry-trends-technical-solutions-safety-compliance\/","title":{"rendered":"Robban\u00e1sbiztos permetez\u0151f\u00fclke-rendszerek: Megfelel\u0151s\u00e9g: Ipari trendek, m\u0171szaki megold\u00e1sok \u00e9s biztons\u00e1gi megfelel\u00e9s"},"content":{"rendered":"<div class=\"wp-block-uagb-container uagb-block-27bae773 alignfull uagb-is-root-container\"><div class=\"uagb-container-inner-blocks-wrap\"><\/div><\/div>\n\n\n\n<h1 class=\"wp-block-heading has-text-align-center\"><strong>Robban\u00e1sbiztos permetez\u0151f\u00fclke-rendszerek: Megfelel\u0151s\u00e9g: Ipari trendek, m\u0171szaki megold\u00e1sok \u00e9s biztons\u00e1gi megfelel\u00e9s<\/strong><\/h1>\n\n\n\n<div class=\"wp-block-uagb-image uagb-block-da1360b5 wp-block-uagb-image--layout-default wp-block-uagb-image--effect-static wp-block-uagb-image--align-none\"><figure class=\"wp-block-uagb-image__figure\"><a class=\"\" href=\"https:\/\/led.amasly.com\/hu_hu\/products\/\" target=\"\" rel=\"noopener\"><img decoding=\"async\" srcset=\"https:\/\/led.amasly.com\/wp-content\/uploads\/2025\/01\/LED-explosion-proof-flood-lights.png ,https:\/\/led.amasly.com\/wp-content\/uploads\/2025\/01\/LED-explosion-proof-flood-lights.png 780w, https:\/\/led.amasly.com\/wp-content\/uploads\/2025\/01\/LED-explosion-proof-flood-lights.png 360w\" sizes=\"auto, (max-width: 480px) 150px\" src=\"https:\/\/led.amasly.com\/wp-content\/uploads\/2025\/01\/LED-explosion-proof-flood-lights.png\" alt=\"\" class=\"uag-image-1675\" width=\"1004\" height=\"308\" title=\"LED robban\u00e1sbiztos reflektorok\" loading=\"lazy\" role=\"img\"><\/a><\/figure><\/div>\n\n\n\n<h2 class=\"wp-block-heading\"><strong>1. Ipar\u00e1gi betekint\u00e9s \u00e9s szab\u00e1lyoz\u00e1si \u00f6szt\u00f6nz\u0151k<\/strong><\/h2>\n\n\n\n<p>A k\u00ednai g\u00e1zriaszt\u00f3 piac 2024-ben el\u00e9ri a 12 milli\u00e1rd jent ($1,68B), az ipari kereslet 18%-nyi r\u00e9sz\u00e9t a permetez\u0151f\u00fclk\u00e9k teszik ki. A 2025 ut\u00e1ni fel\u00fclvizsg\u00e1latok a&nbsp;<em>G\u00e1ztechnikai szab\u00e1lyzat<\/em>&nbsp;30% szigor\u00fabb biztons\u00e1gi el\u0151\u00edr\u00e1sokat fog el\u0151\u00edrni a II. oszt\u00e1ly\u00fa robban\u00e1svesz\u00e9lyes z\u00f3n\u00e1kra, p\u00e9ld\u00e1ul a sz\u00f3r\u00f3kabinokra, ami a piac 20% \u00e9ves n\u00f6veked\u00e9s\u00e9t fogja el\u0151seg\u00edteni.<\/p>\n\n\n\n<h2 class=\"wp-block-heading\"><strong>2. Mag permetez\u0151 f\u00fclke<\/strong> <strong>Robban\u00e1sbiztos megold\u00e1sok<\/strong><\/h2>\n\n\n\n<h4 class=\"wp-block-heading\"><strong>Kulcsfontoss\u00e1g\u00fa berendez\u00e9sek<\/strong><\/h4>\n\n\n\n<ul class=\"wp-block-list\">\n<li><strong>\u00c9rz\u00e9kel\u0151k<\/strong>: <a href=\"http:\/\/www.iecex-certs.com\/\" rel=\"nofollow noopener\" target=\"_blank\">Exd\u2161CT6 min\u0151s\u00edt\u00e9s\u0171<\/a> katalitikus \u00e9g\u00e9s\u00e9rz\u00e9kel\u0151k (0-100% LEL, \u226415s v\u00e1laszid\u0151, &lt;1% t\u00e9ves riaszt\u00e1s)<\/li>\n\n\n\n<li><strong>Vez\u00e9rl\u0151k<\/strong>: 4-rel\u00e9 kimenet ventil\u00e1tor\/szelep integr\u00e1ci\u00f3hoz (GB 50493-2009 szabv\u00e1nynak megfelel\u0151)<\/li>\n\n\n\n<li><strong>Hordozhat\u00f3 szkennerek<\/strong>: Hanwei R10 infrav\u00f6r\u00f6s g\u00e1zk\u00e9palkot\u00e1ssal (20m-es t\u00e1v\u00e9rz\u00e9kel\u00e9s)<\/li>\n<\/ul>\n\n\n\n<h4 class=\"wp-block-heading\"><strong>Telep\u00edt\u00e9si szabv\u00e1nyok<\/strong><\/h4>\n\n\n\n<ul class=\"wp-block-list\">\n<li><strong>Elrendez\u00e9s<\/strong>: 1 \u00e9rz\u00e9kel\u0151 30 m\u00b2-enk\u00e9nt, 0,6-0,8 m-re a talaj f\u00f6l\u00e9 szerelve.<\/li>\n\n\n\n<li><strong>K\u00e1belez\u00e9s<\/strong>: MI k\u00e1belek 1. z\u00f3n\u00e1hoz, l\u00e1ng\u00e1ll\u00f3 CR gumi (GB\/T 18380)<\/li>\n\n\n\n<li><strong>Tan\u00fas\u00edt\u00e1s<\/strong>: ATEX\/IECEx tan\u00fas\u00edtv\u00e1nnyal rendelkez\u0151 vez\u00e9rl\u0151dobozok rug\u00f3s al\u00e1t\u00e9tekkel<\/li>\n<\/ul>\n\n\n\n<h2 class=\"wp-block-heading\"><strong>3. Piaci trendek \u00e9s innov\u00e1ci\u00f3k<\/strong><\/h2>\n\n\n\n<ul class=\"wp-block-list\">\n<li><strong>Versenyk\u00f6rnyezet<\/strong>: A vezet\u0151 j\u00e1t\u00e9kosok (Hanwei, ErGong) 35% piaci r\u00e9szesed\u00e9ssel rendelkeznek, \u00e9s 8,5%-t fektetnek be a t\u00e1rgyak internete\/napelemes rendszerek kutat\u00e1s-fejleszt\u00e9s\u00e9be.<\/li>\n\n\n\n<li><strong>Technikai \u00e1tt\u00f6r\u00e9sek<\/strong>:\n<ul class=\"wp-block-list\">\n<li>Az AI + 5G cs\u00f6kkenti a reakci\u00f3t 30 m\u00e1sodpercre, a t\u00e9ves riaszt\u00e1sokat 0,5%-re cs\u00f6kkenti<\/li>\n\n\n\n<li>A TDLAS el\u00e9rte a ppb-szint\u0171 met\u00e1n kimutat\u00e1s\u00e1t<\/li>\n\n\n\n<li>A napenergi\u00e1val m\u0171k\u00f6d\u0151 eszk\u00f6z\u00f6k 60%-vel cs\u00f6kkentik az energiafelhaszn\u00e1l\u00e1st<\/li>\n<\/ul>\n<\/li>\n<\/ul>\n\n\n\n<h2 class=\"wp-block-heading\"><strong>4. ROI \u00e9s kock\u00e1zatcs\u00f6kkent\u00e9s<\/strong><\/h2>\n\n\n\n<ul class=\"wp-block-list\">\n<li><strong>K\u00f6lts\u00e9gek<\/strong>: 28 000 jen ($3 920) egy 100 m\u00b2-es f\u00fclk\u00e9re, 92% balesetcs\u00f6kkent\u00e9s, 37% alacsonyabb biztos\u00edt\u00e1si d\u00edj.<\/li>\n\n\n\n<li><strong>Baleseti k\u00f6lts\u00e9gek<\/strong>: A benzolrobban\u00e1sok \u00e1tlagosan 5 milli\u00f3 jen 2,3 jen (700)<em>k<\/em>)<em>baleset<\/em>;<em>g\u00e1zsziv\u00e1rg\u00e1sok okozta<\/em>\u00a52.3<em>B<\/em>(322 milli\u00f3) vesztes\u00e9g 2024-ben<\/li>\n<\/ul>\n\n\n\n<h2 class=\"wp-block-heading\"><strong>5. Megfelel\u00e9s alapjai<\/strong><\/h2>\n\n\n\n<p class=\"has-text-align-left\"><strong>B\u00fcntet\u00e9sek<\/strong>: Zhejiang aut\u00f3alkatr\u00e9sz-gy\u00e1r 2024-ben 830 ezer jen ($116k) b\u00edrs\u00e1ggal s\u00fajtott\u00e1k a szab\u00e1lyok be nem tart\u00e1sa miatt<\/p>\n\n\n\n<p><strong>Szabv\u00e1nyok<\/strong>: AQ3009-2007 robban\u00e1sbiztos kivitel + GB3836.1 elektromos biztons\u00e1g<\/p>\n\n\n\n<p><strong>Ellen\u0151rz\u00e9sek<\/strong>: Havi pecs\u00e9tellen\u0151rz\u00e9s, negyed\u00e9ves \u00e9rz\u00e9kel\u0151-kalibr\u00e1l\u00e1s, \u00e9ves harmadik f\u00e9l \u00e1ltal v\u00e9gzett auditok.<\/p>\n\n\n\n<div class=\"wp-block-uagb-container uagb-block-c7d898dd alignfull uagb-is-root-container\"><div class=\"uagb-container-inner-blocks-wrap\"><\/div><\/div>\n\n\n\n<h2 class=\"wp-block-heading\">Kapcsol\u00f3d\u00f3 term\u00e9kek<\/h2>\n\n\n\n<div class=\"wp-block-uagb-container uagb-block-66e4defc alignfull uagb-is-root-container\"><div class=\"uagb-container-inner-blocks-wrap\">\n<div class=\"wp-block-uagb-container uagb-block-a42945f9\">\n<div class=\"wp-block-uagb-image uagb-block-7296296b wp-block-uagb-image--layout-default wp-block-uagb-image--effect-static wp-block-uagb-image--align-none\"><figure class=\"wp-block-uagb-image__figure\"><a class=\"\" href=\"https:\/\/led.amasly.com\/hu_hu\/products\/\" target=\"\" rel=\"noopener\"><img decoding=\"async\" srcset=\"https:\/\/led.amasly.com\/wp-content\/uploads\/2024\/09\/Explosion-proof-high-bay-lights.png ,https:\/\/led.amasly.com\/wp-content\/uploads\/2024\/09\/Explosion-proof-high-bay-lights.png 780w, https:\/\/led.amasly.com\/wp-content\/uploads\/2024\/09\/Explosion-proof-high-bay-lights.png 360w\" sizes=\"auto, (max-width: 480px) 150px\" src=\"https:\/\/led.amasly.com\/wp-content\/uploads\/2024\/09\/Explosion-proof-high-bay-lights.png\" alt=\"\" class=\"uag-image-1495\" width=\"300\" height=\"300\" title=\"Robban\u00e1sbiztos magas \u00f6b\u00f6l f\u00e9nyek\" loading=\"lazy\" role=\"img\"><\/a><\/figure><\/div>\n<\/div>\n\n\n\n<div class=\"wp-block-uagb-container uagb-block-4d3efde5\">\n<div class=\"wp-block-uagb-image uagb-block-c9e90797 wp-block-uagb-image--layout-default wp-block-uagb-image--effect-static wp-block-uagb-image--align-none\"><figure class=\"wp-block-uagb-image__figure\"><a class=\"\" href=\"https:\/\/led.amasly.com\/hu_hu\/products\/\" target=\"\" rel=\"noopener\"><img decoding=\"async\" srcset=\"https:\/\/led.amasly.com\/wp-content\/uploads\/2024\/07\/LED-tri-proof-lights2.png ,https:\/\/led.amasly.com\/wp-content\/uploads\/2024\/07\/LED-tri-proof-lights2.png 780w, https:\/\/led.amasly.com\/wp-content\/uploads\/2024\/07\/LED-tri-proof-lights2.png 360w\" sizes=\"auto, (max-width: 480px) 150px\" src=\"https:\/\/led.amasly.com\/wp-content\/uploads\/2024\/07\/LED-tri-proof-lights2.png\" alt=\"\" class=\"uag-image-1132\" width=\"300\" height=\"300\" title=\"LED-tri-proof-lights2\" loading=\"lazy\" role=\"img\"><\/a><\/figure><\/div>\n<\/div>\n\n\n\n<div class=\"wp-block-uagb-container uagb-block-11c2578b\">\n<div class=\"wp-block-uagb-image uagb-block-6e8883aa wp-block-uagb-image--layout-default wp-block-uagb-image--effect-static wp-block-uagb-image--align-none\"><figure class=\"wp-block-uagb-image__figure\"><a class=\"\" href=\"https:\/\/led.amasly.com\/hu_hu\/products\/\" target=\"\" rel=\"noopener\"><img decoding=\"async\" srcset=\"https:\/\/led.amasly.com\/wp-content\/uploads\/2024\/09\/LED-Explosion-Proof-Gas-Station-Light.png ,https:\/\/led.amasly.com\/wp-content\/uploads\/2024\/09\/LED-Explosion-Proof-Gas-Station-Light.png 780w, https:\/\/led.amasly.com\/wp-content\/uploads\/2024\/09\/LED-Explosion-Proof-Gas-Station-Light.png 360w\" sizes=\"auto, (max-width: 480px) 150px\" src=\"https:\/\/led.amasly.com\/wp-content\/uploads\/2024\/09\/LED-Explosion-Proof-Gas-Station-Light.png\" alt=\"\" class=\"uag-image-1501\" width=\"300\" height=\"300\" title=\"LED robban\u00e1sbiztos benzink\u00fat f\u00e9ny\" loading=\"lazy\" role=\"img\"><\/a><\/figure><\/div>\n<\/div>\n<\/div><\/div>\n\n\n\n<div class=\"wp-block-uagb-container uagb-block-548945b5 alignfull uagb-is-root-container\"><div class=\"uagb-container-inner-blocks-wrap\">\n<div class=\"wp-block-uagb-container uagb-block-967755d5\">\n<h4 class=\"wp-block-heading has-text-align-center\"><a href=\"https:\/\/led.amasly.com\/hu_hu\/products\/\">LED robban\u00e1sbiztos f\u00e9nyek<\/a><\/h4>\n<\/div>\n\n\n\n<div class=\"wp-block-uagb-container uagb-block-9bc52fc2\">\n<h4 class=\"wp-block-heading has-text-align-center\"><a href=\"https:\/\/led.amasly.com\/hu_hu\/products\/\">LED Tri-Proof f\u00e9nyek<\/a><\/h4>\n<\/div>\n\n\n\n<div class=\"wp-block-uagb-container uagb-block-8ffa0a23\">\n<h4 class=\"wp-block-heading has-text-align-center\"><a href=\"https:\/\/led.amasly.com\/hu_hu\/products\/\">Robban\u00e1sbiztos benzink\u00fat f\u00e9nyek<\/a><\/h4>\n<\/div>\n<\/div><\/div>\n\n\n\n<div class=\"wp-block-uagb-container uagb-block-29499fe0 alignfull uagb-is-root-container\"><div class=\"uagb-container-inner-blocks-wrap\">\n<div class=\"wp-block-uagb-container uagb-block-777ee1c7\">\n<div class=\"wp-block-uagb-image uagb-block-2e9a1851 wp-block-uagb-image--layout-default wp-block-uagb-image--effect-static wp-block-uagb-image--align-none\"><figure class=\"wp-block-uagb-image__figure\"><a class=\"\" href=\"https:\/\/led.amasly.com\/hu_hu\/products\/\" target=\"\" rel=\"noopener\"><img decoding=\"async\" srcset=\"https:\/\/led.amasly.com\/wp-content\/uploads\/2024\/10\/50W-100W-150W-200W-300W-LED-Flood-Light.jpg ,https:\/\/led.amasly.com\/wp-content\/uploads\/2024\/10\/50W-100W-150W-200W-300W-LED-Flood-Light.jpg 780w, https:\/\/led.amasly.com\/wp-content\/uploads\/2024\/10\/50W-100W-150W-200W-300W-LED-Flood-Light.jpg 360w\" sizes=\"auto, (max-width: 480px) 150px\" src=\"https:\/\/led.amasly.com\/wp-content\/uploads\/2024\/10\/50W-100W-150W-200W-300W-LED-Flood-Light.jpg\" alt=\"\" class=\"uag-image-1526\" width=\"300\" height=\"300\" title=\"50W 100W 150W 200W 300W LED-es \u00e1rv\u00edzf\u00e9ny\" loading=\"lazy\" role=\"img\"><\/a><\/figure><\/div>\n<\/div>\n\n\n\n<div class=\"wp-block-uagb-container uagb-block-af8c8683\">\n<div class=\"wp-block-uagb-image uagb-block-67947854 wp-block-uagb-image--layout-default wp-block-uagb-image--effect-static wp-block-uagb-image--align-none\"><figure class=\"wp-block-uagb-image__figure\"><a class=\"\" href=\"https:\/\/led.amasly.com\/hu_hu\/products\/\" target=\"\" rel=\"noopener\"><img decoding=\"async\" srcset=\"https:\/\/led.amasly.com\/wp-content\/uploads\/2024\/07\/led-tri-proof-light.png ,https:\/\/led.amasly.com\/wp-content\/uploads\/2024\/07\/led-tri-proof-light.png 780w, https:\/\/led.amasly.com\/wp-content\/uploads\/2024\/07\/led-tri-proof-light.png 360w\" sizes=\"auto, (max-width: 480px) 150px\" src=\"https:\/\/led.amasly.com\/wp-content\/uploads\/2024\/07\/led-tri-proof-light.png\" alt=\"\" class=\"uag-image-1130\" width=\"300\" height=\"300\" title=\"led-tri-proof-light\" loading=\"lazy\" role=\"img\"><\/a><\/figure><\/div>\n<\/div>\n\n\n\n<div class=\"wp-block-uagb-container uagb-block-0fdfdd58\">\n<div class=\"wp-block-uagb-image uagb-block-1187d32d wp-block-uagb-image--layout-default wp-block-uagb-image--effect-static wp-block-uagb-image--align-none\"><figure class=\"wp-block-uagb-image__figure\"><a class=\"\" href=\"https:\/\/led.amasly.com\/hu_hu\/products\/\" target=\"\" rel=\"noopener\"><img decoding=\"async\" srcset=\"https:\/\/led.amasly.com\/wp-content\/uploads\/2024\/07\/LED-street-light.jpg ,https:\/\/led.amasly.com\/wp-content\/uploads\/2024\/07\/LED-street-light.jpg 780w, https:\/\/led.amasly.com\/wp-content\/uploads\/2024\/07\/LED-street-light.jpg 360w\" sizes=\"auto, (max-width: 480px) 150px\" src=\"https:\/\/led.amasly.com\/wp-content\/uploads\/2024\/07\/LED-street-light.jpg\" alt=\"\" class=\"uag-image-1145\" width=\"300\" height=\"300\" title=\"LED-es utcai l\u00e1mp\u00e1k\" loading=\"lazy\" role=\"img\"><\/a><\/figure><\/div>\n<\/div>\n<\/div><\/div>\n\n\n\n<div class=\"wp-block-uagb-container uagb-block-6a60882c alignfull uagb-is-root-container\"><div class=\"uagb-container-inner-blocks-wrap\">\n<div class=\"wp-block-uagb-container uagb-block-f1e91a35\">\n<h4 class=\"wp-block-heading has-text-align-center\"><a href=\"https:\/\/led.amasly.com\/hu_hu\/products\/\">LED \u00e1rv\u00edzf\u00e9nyek<\/a><\/h4>\n<\/div>\n\n\n\n<div class=\"wp-block-uagb-container uagb-block-165bfa58\">\n<h4 class=\"wp-block-heading has-text-align-center\"><a href=\"https:\/\/led.amasly.com\/hu_hu\/products\/\">LED Tri-Proof cs\u0151f\u00e9nyek<\/a><\/h4>\n<\/div>\n\n\n\n<div class=\"wp-block-uagb-container uagb-block-f6096e3b\">\n<h4 class=\"wp-block-heading has-text-align-center\"><a href=\"https:\/\/led.amasly.com\/hu_hu\/products\/\">LED utcai l\u00e1mp\u00e1k<\/a><\/h4>\n<\/div>\n<\/div><\/div>\n\n\n\n<div class=\"wp-block-uagb-container uagb-block-99c0e0a5 alignfull uagb-is-root-container\"><div class=\"uagb-container-inner-blocks-wrap\"><\/div><\/div>\n\n\n\n<p><\/p>","protected":false},"excerpt":{"rendered":"<p>Explosion-Proof Spray Booth Systems: Industry Trends, Technical Solutions &amp; Safety Compliance 1. Industry Insights &amp; Regulatory Drivers The Chinese gas alarm market reached \u00a512 billion ($1.68B) in 2024, with spray booths accounting for 18% of industrial demand. Post-2025 revisions to the&nbsp;Gas Engineering Code&nbsp;will mandate 30% stricter safety standards for Class II explosion-prone zones like spray [&hellip;]<\/p>\n","protected":false},"author":1,"featured_media":0,"parent":2374,"menu_order":0,"comment_status":"closed","ping_status":"closed","template":"","meta":{"_uag_custom_page_level_css":"","site-sidebar-layout":"no-sidebar","site-content-layout":"","ast-site-content-layout":"default","site-content-style":"default","site-sidebar-style":"default","ast-global-header-display":"","ast-banner-title-visibility":"","ast-main-header-display":"","ast-hfb-above-header-display":"","ast-hfb-below-header-display":"","ast-hfb-mobile-header-display":"","site-post-title":"disabled","ast-breadcrumbs-content":"","ast-featured-img":"","footer-sml-layout":"","ast-disable-related-posts":"","theme-transparent-header-meta":"enabled","adv-header-id-meta":"","stick-header-meta":"","header-above-stick-meta":"","header-main-stick-meta":"","header-below-stick-meta":"","astra-migrate-meta-layouts":"set","ast-page-background-enabled":"default","ast-page-background-meta":{"desktop":{"background-color":"var(--ast-global-color-4)","background-image":"","background-repeat":"repeat","background-position":"center center","background-size":"auto","background-attachment":"scroll","background-type":"","background-media":"","overlay-type":"","overlay-color":"","overlay-opacity":"","overlay-gradient":""},"tablet":{"background-color":"","background-image":"","background-repeat":"repeat","background-position":"center center","background-size":"auto","background-attachment":"scroll","background-type":"","background-media":"","overlay-type":"","overlay-color":"","overlay-opacity":"","overlay-gradient":""},"mobile":{"background-color":"","background-image":"","background-repeat":"repeat","background-position":"center center","background-size":"auto","background-attachment":"scroll","background-type":"","background-media":"","overlay-type":"","overlay-color":"","overlay-opacity":"","overlay-gradient":""}},"ast-content-background-meta":{"desktop":{"background-color":"var(--ast-global-color-5)","background-image":"","background-repeat":"repeat","background-position":"center center","background-size":"auto","background-attachment":"scroll","background-type":"","background-media":"","overlay-type":"","overlay-color":"","overlay-opacity":"","overlay-gradient":""},"tablet":{"background-color":"var(--ast-global-color-5)","background-image":"","background-repeat":"repeat","background-position":"center center","background-size":"auto","background-attachment":"scroll","background-type":"","background-media":"","overlay-type":"","overlay-color":"","overlay-opacity":"","overlay-gradient":""},"mobile":{"background-color":"var(--ast-global-color-5)","background-image":"","background-repeat":"repeat","background-position":"center center","background-size":"auto","background-attachment":"scroll","background-type":"","background-media":"","overlay-type":"","overlay-color":"","overlay-opacity":"","overlay-gradient":""}},"footnotes":""},"class_list":["post-3177","page","type-page","status-publish","hentry"],"uagb_featured_image_src":{"full":false,"thumbnail":false,"medium":false,"medium_large":false,"large":false,"1536x1536":false,"2048x2048":false,"trp-custom-language-flag":false},"uagb_author_info":{"display_name":"Joe","author_link":"https:\/\/led.amasly.com\/hu_hu\/author\/jacklin\/"},"uagb_comment_info":0,"uagb_excerpt":"Explosion-Proof Spray Booth Systems: Industry Trends, Technical Solutions &amp; Safety Compliance 1. Industry Insights &amp; Regulatory Drivers The Chinese gas alarm market reached \u00a512 billion ($1.68B) in 2024, with spray booths accounting for 18% of industrial demand. Post-2025 revisions to the&nbsp;Gas Engineering Code&nbsp;will mandate 30% stricter safety standards for Class II explosion-prone zones like spray&hellip;","_links":{"self":[{"href":"https:\/\/led.amasly.com\/hu_hu\/wp-json\/wp\/v2\/pages\/3177","targetHints":{"allow":["GET"]}}],"collection":[{"href":"https:\/\/led.amasly.com\/hu_hu\/wp-json\/wp\/v2\/pages"}],"about":[{"href":"https:\/\/led.amasly.com\/hu_hu\/wp-json\/wp\/v2\/types\/page"}],"author":[{"embeddable":true,"href":"https:\/\/led.amasly.com\/hu_hu\/wp-json\/wp\/v2\/users\/1"}],"replies":[{"embeddable":true,"href":"https:\/\/led.amasly.com\/hu_hu\/wp-json\/wp\/v2\/comments?post=3177"}],"version-history":[{"count":1,"href":"https:\/\/led.amasly.com\/hu_hu\/wp-json\/wp\/v2\/pages\/3177\/revisions"}],"predecessor-version":[{"id":3178,"href":"https:\/\/led.amasly.com\/hu_hu\/wp-json\/wp\/v2\/pages\/3177\/revisions\/3178"}],"up":[{"embeddable":true,"href":"https:\/\/led.amasly.com\/hu_hu\/wp-json\/wp\/v2\/pages\/2374"}],"wp:attachment":[{"href":"https:\/\/led.amasly.com\/hu_hu\/wp-json\/wp\/v2\/media?parent=3177"}],"curies":[{"name":"wp","href":"https:\/\/api.w.org\/{rel}","templated":true}]}}