{"id":3174,"date":"2025-04-23T20:53:47","date_gmt":"2025-04-23T12:53:47","guid":{"rendered":"https:\/\/led.amasly.com\/?page_id=3174"},"modified":"2025-04-23T20:53:52","modified_gmt":"2025-04-23T12:53:52","slug":"explosion-proof-electrical-lighting-systems-for-coating-lines-safety-technologies","status":"publish","type":"page","link":"https:\/\/led.amasly.com\/hu_hu\/knowledge\/explosion-proof-products-knowledge\/explosion-proof-electrical-lighting-systems-for-coating-lines-safety-technologies\/","title":{"rendered":"Robban\u00e1sbiztos elektromos vil\u00e1g\u00edt\u00e1si rendszerek bevon\u00f3vonalakhoz: Biztons\u00e1gi technol\u00f3gi\u00e1k"},"content":{"rendered":"<div class=\"wp-block-uagb-container uagb-block-27bae773 alignfull uagb-is-root-container\"><div class=\"uagb-container-inner-blocks-wrap\"><\/div><\/div>\n\n\n\n<h1 class=\"wp-block-heading has-text-align-center\">Robban\u00e1sbiztos elektromos vil\u00e1g\u00edt\u00e1si rendszerek tervez\u00e9se \u00e9s kivitelez\u00e9se <\/h1>\n\n\n\n<div class=\"wp-block-uagb-image uagb-block-da1360b5 wp-block-uagb-image--layout-default wp-block-uagb-image--effect-static wp-block-uagb-image--align-none\"><figure class=\"wp-block-uagb-image__figure\"><a class=\"\" href=\"https:\/\/led.amasly.com\/hu_hu\/products\/\" target=\"\" rel=\"noopener\"><img decoding=\"async\" srcset=\"https:\/\/led.amasly.com\/wp-content\/uploads\/2025\/01\/LED-explosion-proof-flood-lights.png ,https:\/\/led.amasly.com\/wp-content\/uploads\/2025\/01\/LED-explosion-proof-flood-lights.png 780w, https:\/\/led.amasly.com\/wp-content\/uploads\/2025\/01\/LED-explosion-proof-flood-lights.png 360w\" sizes=\"auto, (max-width: 480px) 150px\" src=\"https:\/\/led.amasly.com\/wp-content\/uploads\/2025\/01\/LED-explosion-proof-flood-lights.png\" alt=\"\" class=\"uag-image-1675\" width=\"1004\" height=\"308\" title=\"LED robban\u00e1sbiztos reflektorok\" loading=\"lazy\" role=\"img\"><\/a><\/figure><\/div>\n\n\n\n<h2 class=\"wp-block-heading\"><strong>Elektromos vil\u00e1g\u00edt\u00e1s + robban\u00e1sbiztos tervez\u00e9si szabv\u00e1nyok<\/strong><\/h2>\n\n\n\n<p><strong>Kulcsfontoss\u00e1g\u00fa m\u00e9r\u0151sz\u00e1mok:<\/strong><\/p>\n\n\n\n<ul class=\"wp-block-list\">\n<li>Robban\u00e1sbiztos szerelv\u00e9ny min\u0151s\u00edt\u00e9s: IP65+<\/li>\n\n\n\n<li>Megvil\u00e1g\u00edtotts\u00e1g: \u2265300 lux (munkater\u00fcletek), \u2265150 lux (folyos\u00f3k)<\/li>\n\n\n\n<li>V\u00e9szvil\u00e1g\u00edt\u00e1s id\u0151tartama: \u226590 perc<\/li>\n<\/ul>\n\n\n\n<figure class=\"wp-block-table\"><table class=\"has-fixed-layout\"><thead><tr><th>Berendez\u00e9s t\u00edpusa<\/th><th>Robban\u00e1sbiztos besorol\u00e1s<\/th><th>Ellen\u0151rz\u00e9si gyakoris\u00e1g<\/th><\/tr><\/thead><tbody><tr><td>F\u0151 m\u0171helyf\u00e9nyek<\/td><td><a href=\"http:\/\/www.iecex-certs.com\/\" rel=\"nofollow noopener\" target=\"_blank\">Ex d IIB T4<\/a><\/td><td>Negyed\u00e9vente<\/td><\/tr><tr><td>Kever\u0151terem vil\u00e1g\u00edt\u00e1s<\/td><td>Ex de IIB T6<\/td><td>Havi vizu\u00e1lis ellen\u0151rz\u00e9s<\/td><\/tr><tr><td>V\u00e9szvil\u00e1g\u00edt\u00e1s<\/td><td>IP68 + rezg\u00e9s\u00e1ll\u00f3<\/td><td>F\u00e9l\u00e9vente v\u00e9gzett tesztel\u00e9s<\/td><\/tr><\/tbody><\/table><\/figure>\n\n\n\n<p><strong>V\u00e9grehajt\u00e1si ir\u00e1nymutat\u00e1sok:<\/strong><\/p>\n\n\n\n<ol start=\"1\" class=\"wp-block-list\">\n<li>LED robban\u00e1sbiztos l\u00e1mpatestek haszn\u00e1lata (\u2264100W, 4000-5000K sz\u00ednh\u0151m\u00e9rs\u00e9klet)<\/li>\n\n\n\n<li>F\u00fcggetlen sziv\u00e1rg\u00e1sv\u00e9d\u0151k telep\u00edt\u00e9se (kiold\u00e1si \u00e1ram \u226430mA)<\/li>\n\n\n\n<li>F\u00f6ldel\u00e9si ellen\u00e1ll\u00e1s \u22644\u03a9 minden l\u00e1mpatestn\u00e9l<\/li>\n<\/ol>\n\n\n\n<h2 class=\"wp-block-heading\"><strong>Elektromos vil\u00e1g\u00edt\u00e1s + intelligens vez\u00e9rl\u0151rendszerek<\/strong><\/h2>\n\n\n\n<p><strong>Integr\u00e1lt megold\u00e1sok:<\/strong><\/p>\n\n\n\n<ol start=\"1\" class=\"wp-block-list\">\n<li>F\u00e9ny\u00e9rz\u00e9kel\u0151s automatikus s\u00f6t\u00e9t\u00edt\u00e9s (30-100% f\u00e9nyer\u0151-be\u00e1ll\u00edt\u00e1s)<\/li>\n\n\n\n<li>VOC-ind\u00edt\u00e1s\u00fa stroboszk\u00f3pos figyelmeztet\u00e9s (aktiv\u00e1l\u00e1s 25% LEL-n\u00e9l)<\/li>\n\n\n\n<li>Val\u00f3s idej\u0171 fel\u00fcgyelet:\n<ul class=\"wp-block-list\">\n<li>H\u0151m\u00e9rs\u00e9kleti riaszt\u00e1sok (k\u00fcsz\u00f6b\u00e9rt\u00e9k \u226460\u00b0C\/140\u00b0F)<\/li>\n\n\n\n<li>\u00c1ramk\u00f6ri terhel\u00e9s ellen\u0151rz\u00e9se (biztons\u00e1gi hat\u00e1r\u00e9rt\u00e9k \u226480%)<\/li>\n<\/ul>\n<\/li>\n<\/ol>\n\n\n\n<p><strong>V\u00e9szhelyzeti protokollok:<\/strong><\/p>\n\n\n\n<ul class=\"wp-block-list\">\n<li>Intelligens kij\u00e1rati jelz\u00e9sek \u22655 cd\/m\u00b2 f\u00e9nys\u0171r\u0171s\u00e9ggel<\/li>\n\n\n\n<li>Robban\u00e1sbiztos jelz\u0151f\u00e9nyes riaszt\u00e1s (\u226585 dB)<\/li>\n\n\n\n<li>V\u00e9szvil\u00e1g\u00edt\u00e1s aktiv\u00e1l\u00e1si ideje \u22640,5s<\/li>\n<\/ul>\n\n\n\n<h2 class=\"wp-block-heading\"><strong>Telep\u00edt\u00e9si specifik\u00e1ci\u00f3k<\/strong><\/h2>\n\n\n\n<p><strong>Biztons\u00e1gi k\u00f6vetelm\u00e9nyek:<\/strong><\/p>\n\n\n\n<ol start=\"1\" class=\"wp-block-list\">\n<li>Szerel\u00e9si magass\u00e1g: 2,5-3,5 m (8,2-11,5 l\u00e1b) a padl\u00f3 felett<\/li>\n\n\n\n<li>R\u00e9z robban\u00e1sbiztos csatlakoz\u00f3dobozok (IP54+)<\/li>\n\n\n\n<li>Horganyzott ac\u00e9lcs\u00f6vek (hajl\u00edt\u00e1si sug\u00e1r \u22656\u00d7 \u00e1tm\u00e9r\u0151)<\/li>\n<\/ol>\n\n\n\n<p><strong>Kritikus megfelel\u00e9s:<\/strong><\/p>\n\n\n\n<ul class=\"wp-block-list\">\n<li>300 mm t\u00e1vols\u00e1g a vil\u00e1g\u00edt\u00e1si\/\u00e1ramell\u00e1t\u00e1si k\u00e1belek k\u00f6z\u00f6tt<\/li>\n\n\n\n<li>Csatlakoz\u00f3 nyomat\u00e9k: \u22640,8 N-m 2,5 mm\u00b2-es vezet\u00e9kekhez<\/li>\n\n\n\n<li>Felf\u00fcggeszt\u00e9si biztons\u00e1gi t\u00e9nyez\u0151 \u22655\u00d7 r\u00f6gz\u00edt\u0151elem s\u00falya<\/li>\n<\/ul>\n\n\n\n<h2 class=\"wp-block-heading\"><strong>Elektromos vil\u00e1g\u00edt\u00e1s + karbantart\u00e1s menedzsment<\/strong><\/h2>\n\n\n\n<p><strong>Megel\u0151z\u0151 strat\u00e9gi\u00e1k:<\/strong><\/p>\n\n\n\n<ol start=\"1\" class=\"wp-block-list\">\n<li>F\u00e9nyer\u0151ss\u00e9g-t\u00e9rk\u00e9pez\u00e9s (10m\/33ft-enk\u00e9nt vizsg\u00e1lati pontok)<\/li>\n\n\n\n<li>H\u00e1romszint\u0171 karbantart\u00e1si rendszer:\n<ul class=\"wp-block-list\">\n<li>Napi takar\u00edt\u00e1s\/ellen\u0151rz\u00e9s<\/li>\n\n\n\n<li>Havi funkcion\u00e1lis tesztek<\/li>\n\n\n\n<li>\u00c9ves robban\u00e1sbiztos tan\u00fas\u00edtv\u00e1ny<\/li>\n<\/ul>\n<\/li>\n<\/ol>\n\n\n\n<p><strong>Hibajelz\u00e9s:<\/strong><\/p>\n\n\n\n<ol start=\"1\" class=\"wp-block-list\">\n<li>Azonnal aktiv\u00e1lja a tartal\u00e9k vil\u00e1g\u00edt\u00e1st<\/li>\n\n\n\n<li>24V-os robban\u00e1sbiztos hibaelh\u00e1r\u00edt\u00f3 l\u00e1mp\u00e1k haszn\u00e1lata<\/li>\n\n\n\n<li>Jav\u00edt\u00e1s ut\u00e1ni ATEX \u00fajratan\u00fas\u00edt\u00e1s<\/li>\n<\/ol>\n\n\n\n<h2 class=\"wp-block-heading\"><strong>Elektromos vil\u00e1g\u00edt\u00e1s + Technikai innov\u00e1ci\u00f3k<\/strong><\/h2>\n\n\n\n<p><strong>IoT-integr\u00e1ci\u00f3:<\/strong><\/p>\n\n\n\n<ol start=\"1\" class=\"wp-block-list\">\n<li>Felh\u0151alap\u00fa intelligens vil\u00e1g\u00edt\u00e1si platformok:\n<ul class=\"wp-block-list\">\n<li>Energiafigyel\u00e9s (\u00b12% pontoss\u00e1g)<\/li>\n\n\n\n<li>El\u0151rejelz\u0151 karbantart\u00e1s (3000 \u00f3r\u00e1s adatmodellek)<\/li>\n<\/ul>\n<\/li>\n\n\n\n<li>Gy\u00fajt\u00f3szikramentes vezet\u00e9k n\u00e9lk\u00fcli vez\u00e9rl\u00e9s (50m+ hat\u00f3t\u00e1vols\u00e1g)<\/li>\n<\/ol>\n\n\n\n<p><strong>Fejlett megold\u00e1sok:<\/strong><\/p>\n\n\n\n<p class=\"has-text-align-left\">L\u00e9zervez\u00e9rl\u00e9s\u0171 v\u00e9szhelyzeti rendszerek (100m+ l\u00e1that\u00f3s\u00e1g)<\/p>\n\n\n\n<p>\u00d6ntiszt\u00edt\u00f3 optikai bevonatok (15% \u00e1tl\u00e1tsz\u00f3s\u00e1gn\u00f6vel\u00e9s)<\/p>\n\n\n\n<p>Graf\u00e9n h\u0151modulok (8-10\u00b0C h\u0151m\u00e9rs\u00e9klet-cs\u00f6kkent\u00e9s)<\/p>\n\n\n\n<div class=\"wp-block-uagb-container uagb-block-c7d898dd alignfull uagb-is-root-container\"><div class=\"uagb-container-inner-blocks-wrap\"><\/div><\/div>\n\n\n\n<h2 class=\"wp-block-heading\">Kapcsol\u00f3d\u00f3 term\u00e9kek<\/h2>\n\n\n\n<div class=\"wp-block-uagb-container uagb-block-66e4defc alignfull uagb-is-root-container\"><div class=\"uagb-container-inner-blocks-wrap\">\n<div class=\"wp-block-uagb-container uagb-block-a42945f9\">\n<div class=\"wp-block-uagb-image uagb-block-7296296b wp-block-uagb-image--layout-default wp-block-uagb-image--effect-static wp-block-uagb-image--align-none\"><figure class=\"wp-block-uagb-image__figure\"><a class=\"\" href=\"https:\/\/led.amasly.com\/hu_hu\/products\/\" target=\"\" rel=\"noopener\"><img decoding=\"async\" srcset=\"https:\/\/led.amasly.com\/wp-content\/uploads\/2024\/09\/Explosion-proof-high-bay-lights.png ,https:\/\/led.amasly.com\/wp-content\/uploads\/2024\/09\/Explosion-proof-high-bay-lights.png 780w, https:\/\/led.amasly.com\/wp-content\/uploads\/2024\/09\/Explosion-proof-high-bay-lights.png 360w\" sizes=\"auto, (max-width: 480px) 150px\" src=\"https:\/\/led.amasly.com\/wp-content\/uploads\/2024\/09\/Explosion-proof-high-bay-lights.png\" alt=\"\" class=\"uag-image-1495\" width=\"300\" height=\"300\" title=\"Robban\u00e1sbiztos magas \u00f6b\u00f6l f\u00e9nyek\" loading=\"lazy\" role=\"img\"><\/a><\/figure><\/div>\n<\/div>\n\n\n\n<div class=\"wp-block-uagb-container uagb-block-4d3efde5\">\n<div class=\"wp-block-uagb-image uagb-block-c9e90797 wp-block-uagb-image--layout-default wp-block-uagb-image--effect-static wp-block-uagb-image--align-none\"><figure class=\"wp-block-uagb-image__figure\"><a class=\"\" href=\"https:\/\/led.amasly.com\/hu_hu\/products\/\" target=\"\" rel=\"noopener\"><img decoding=\"async\" srcset=\"https:\/\/led.amasly.com\/wp-content\/uploads\/2024\/07\/LED-tri-proof-lights2.png ,https:\/\/led.amasly.com\/wp-content\/uploads\/2024\/07\/LED-tri-proof-lights2.png 780w, https:\/\/led.amasly.com\/wp-content\/uploads\/2024\/07\/LED-tri-proof-lights2.png 360w\" sizes=\"auto, (max-width: 480px) 150px\" src=\"https:\/\/led.amasly.com\/wp-content\/uploads\/2024\/07\/LED-tri-proof-lights2.png\" alt=\"\" class=\"uag-image-1132\" width=\"300\" height=\"300\" title=\"LED-tri-proof-lights2\" loading=\"lazy\" role=\"img\"><\/a><\/figure><\/div>\n<\/div>\n\n\n\n<div class=\"wp-block-uagb-container uagb-block-11c2578b\">\n<div class=\"wp-block-uagb-image uagb-block-6e8883aa wp-block-uagb-image--layout-default wp-block-uagb-image--effect-static wp-block-uagb-image--align-none\"><figure class=\"wp-block-uagb-image__figure\"><a class=\"\" href=\"https:\/\/led.amasly.com\/hu_hu\/products\/\" target=\"\" rel=\"noopener\"><img decoding=\"async\" srcset=\"https:\/\/led.amasly.com\/wp-content\/uploads\/2024\/09\/LED-Explosion-Proof-Gas-Station-Light.png ,https:\/\/led.amasly.com\/wp-content\/uploads\/2024\/09\/LED-Explosion-Proof-Gas-Station-Light.png 780w, https:\/\/led.amasly.com\/wp-content\/uploads\/2024\/09\/LED-Explosion-Proof-Gas-Station-Light.png 360w\" sizes=\"auto, (max-width: 480px) 150px\" src=\"https:\/\/led.amasly.com\/wp-content\/uploads\/2024\/09\/LED-Explosion-Proof-Gas-Station-Light.png\" alt=\"\" class=\"uag-image-1501\" width=\"300\" height=\"300\" title=\"LED robban\u00e1sbiztos benzink\u00fat f\u00e9ny\" loading=\"lazy\" role=\"img\"><\/a><\/figure><\/div>\n<\/div>\n<\/div><\/div>\n\n\n\n<div class=\"wp-block-uagb-container uagb-block-548945b5 alignfull uagb-is-root-container\"><div class=\"uagb-container-inner-blocks-wrap\">\n<div class=\"wp-block-uagb-container uagb-block-967755d5\">\n<h4 class=\"wp-block-heading has-text-align-center\"><a href=\"https:\/\/led.amasly.com\/hu_hu\/products\/\">LED robban\u00e1sbiztos f\u00e9nyek<\/a><\/h4>\n<\/div>\n\n\n\n<div class=\"wp-block-uagb-container uagb-block-9bc52fc2\">\n<h4 class=\"wp-block-heading has-text-align-center\"><a href=\"https:\/\/led.amasly.com\/hu_hu\/products\/\">LED Tri-Proof f\u00e9nyek<\/a><\/h4>\n<\/div>\n\n\n\n<div class=\"wp-block-uagb-container uagb-block-8ffa0a23\">\n<h4 class=\"wp-block-heading has-text-align-center\"><a href=\"https:\/\/led.amasly.com\/hu_hu\/products\/\">Robban\u00e1sbiztos benzink\u00fat f\u00e9nyek<\/a><\/h4>\n<\/div>\n<\/div><\/div>\n\n\n\n<div class=\"wp-block-uagb-container uagb-block-29499fe0 alignfull uagb-is-root-container\"><div class=\"uagb-container-inner-blocks-wrap\">\n<div class=\"wp-block-uagb-container uagb-block-777ee1c7\">\n<div class=\"wp-block-uagb-image uagb-block-2e9a1851 wp-block-uagb-image--layout-default wp-block-uagb-image--effect-static wp-block-uagb-image--align-none\"><figure class=\"wp-block-uagb-image__figure\"><a class=\"\" href=\"https:\/\/led.amasly.com\/hu_hu\/products\/\" target=\"\" rel=\"noopener\"><img decoding=\"async\" srcset=\"https:\/\/led.amasly.com\/wp-content\/uploads\/2024\/10\/50W-100W-150W-200W-300W-LED-Flood-Light.jpg ,https:\/\/led.amasly.com\/wp-content\/uploads\/2024\/10\/50W-100W-150W-200W-300W-LED-Flood-Light.jpg 780w, https:\/\/led.amasly.com\/wp-content\/uploads\/2024\/10\/50W-100W-150W-200W-300W-LED-Flood-Light.jpg 360w\" sizes=\"auto, (max-width: 480px) 150px\" src=\"https:\/\/led.amasly.com\/wp-content\/uploads\/2024\/10\/50W-100W-150W-200W-300W-LED-Flood-Light.jpg\" alt=\"\" class=\"uag-image-1526\" width=\"300\" height=\"300\" title=\"50W 100W 150W 200W 300W LED-es \u00e1rv\u00edzf\u00e9ny\" loading=\"lazy\" role=\"img\"><\/a><\/figure><\/div>\n<\/div>\n\n\n\n<div class=\"wp-block-uagb-container uagb-block-af8c8683\">\n<div class=\"wp-block-uagb-image uagb-block-67947854 wp-block-uagb-image--layout-default wp-block-uagb-image--effect-static wp-block-uagb-image--align-none\"><figure class=\"wp-block-uagb-image__figure\"><a class=\"\" href=\"https:\/\/led.amasly.com\/hu_hu\/products\/\" target=\"\" rel=\"noopener\"><img decoding=\"async\" srcset=\"https:\/\/led.amasly.com\/wp-content\/uploads\/2024\/07\/led-tri-proof-light.png ,https:\/\/led.amasly.com\/wp-content\/uploads\/2024\/07\/led-tri-proof-light.png 780w, https:\/\/led.amasly.com\/wp-content\/uploads\/2024\/07\/led-tri-proof-light.png 360w\" sizes=\"auto, (max-width: 480px) 150px\" src=\"https:\/\/led.amasly.com\/wp-content\/uploads\/2024\/07\/led-tri-proof-light.png\" alt=\"\" class=\"uag-image-1130\" width=\"300\" height=\"300\" title=\"led-tri-proof-light\" loading=\"lazy\" role=\"img\"><\/a><\/figure><\/div>\n<\/div>\n\n\n\n<div class=\"wp-block-uagb-container uagb-block-0fdfdd58\">\n<div class=\"wp-block-uagb-image uagb-block-1187d32d wp-block-uagb-image--layout-default wp-block-uagb-image--effect-static wp-block-uagb-image--align-none\"><figure class=\"wp-block-uagb-image__figure\"><a class=\"\" href=\"https:\/\/led.amasly.com\/hu_hu\/products\/\" target=\"\" rel=\"noopener\"><img decoding=\"async\" srcset=\"https:\/\/led.amasly.com\/wp-content\/uploads\/2024\/07\/LED-street-light.jpg ,https:\/\/led.amasly.com\/wp-content\/uploads\/2024\/07\/LED-street-light.jpg 780w, https:\/\/led.amasly.com\/wp-content\/uploads\/2024\/07\/LED-street-light.jpg 360w\" sizes=\"auto, (max-width: 480px) 150px\" src=\"https:\/\/led.amasly.com\/wp-content\/uploads\/2024\/07\/LED-street-light.jpg\" alt=\"\" class=\"uag-image-1145\" width=\"300\" height=\"300\" title=\"LED-es utcai l\u00e1mp\u00e1k\" loading=\"lazy\" role=\"img\"><\/a><\/figure><\/div>\n<\/div>\n<\/div><\/div>\n\n\n\n<div class=\"wp-block-uagb-container uagb-block-6a60882c alignfull uagb-is-root-container\"><div class=\"uagb-container-inner-blocks-wrap\">\n<div class=\"wp-block-uagb-container uagb-block-f1e91a35\">\n<h4 class=\"wp-block-heading has-text-align-center\"><a href=\"https:\/\/led.amasly.com\/hu_hu\/products\/\">LED \u00e1rv\u00edzf\u00e9nyek<\/a><\/h4>\n<\/div>\n\n\n\n<div class=\"wp-block-uagb-container uagb-block-165bfa58\">\n<h4 class=\"wp-block-heading has-text-align-center\"><a href=\"https:\/\/led.amasly.com\/hu_hu\/products\/\">LED Tri-Proof cs\u0151f\u00e9nyek<\/a><\/h4>\n<\/div>\n\n\n\n<div class=\"wp-block-uagb-container uagb-block-f6096e3b\">\n<h4 class=\"wp-block-heading has-text-align-center\"><a href=\"https:\/\/led.amasly.com\/hu_hu\/products\/\">LED utcai l\u00e1mp\u00e1k<\/a><\/h4>\n<\/div>\n<\/div><\/div>\n\n\n\n<div class=\"wp-block-uagb-container uagb-block-99c0e0a5 alignfull uagb-is-root-container\"><div class=\"uagb-container-inner-blocks-wrap\"><\/div><\/div>\n\n\n\n<p><\/p>","protected":false},"excerpt":{"rendered":"<p>Design and Implementation of Explosion-Proof Electrical Lighting Systems Electrical Lighting + Explosion-Proof Design Standards Key Metrics: Equipment Type Explosion-Proof Rating Inspection Frequency Main Workshop Lights Ex d IIB T4 Quarterly Mixing Room Lighting Ex de IIB T6 Monthly Visual Check Emergency Lighting IP68 + Vibration-proof Biannual Testing Implementation Guidelines: Electrical Lighting + Smart Control Systems [&hellip;]<\/p>\n","protected":false},"author":1,"featured_media":0,"parent":2374,"menu_order":0,"comment_status":"closed","ping_status":"closed","template":"","meta":{"_uag_custom_page_level_css":"","site-sidebar-layout":"no-sidebar","site-content-layout":"","ast-site-content-layout":"default","site-content-style":"default","site-sidebar-style":"default","ast-global-header-display":"","ast-banner-title-visibility":"","ast-main-header-display":"","ast-hfb-above-header-display":"","ast-hfb-below-header-display":"","ast-hfb-mobile-header-display":"","site-post-title":"disabled","ast-breadcrumbs-content":"","ast-featured-img":"","footer-sml-layout":"","ast-disable-related-posts":"","theme-transparent-header-meta":"enabled","adv-header-id-meta":"","stick-header-meta":"","header-above-stick-meta":"","header-main-stick-meta":"","header-below-stick-meta":"","astra-migrate-meta-layouts":"set","ast-page-background-enabled":"default","ast-page-background-meta":{"desktop":{"background-color":"var(--ast-global-color-4)","background-image":"","background-repeat":"repeat","background-position":"center center","background-size":"auto","background-attachment":"scroll","background-type":"","background-media":"","overlay-type":"","overlay-color":"","overlay-opacity":"","overlay-gradient":""},"tablet":{"background-color":"","background-image":"","background-repeat":"repeat","background-position":"center center","background-size":"auto","background-attachment":"scroll","background-type":"","background-media":"","overlay-type":"","overlay-color":"","overlay-opacity":"","overlay-gradient":""},"mobile":{"background-color":"","background-image":"","background-repeat":"repeat","background-position":"center center","background-size":"auto","background-attachment":"scroll","background-type":"","background-media":"","overlay-type":"","overlay-color":"","overlay-opacity":"","overlay-gradient":""}},"ast-content-background-meta":{"desktop":{"background-color":"var(--ast-global-color-5)","background-image":"","background-repeat":"repeat","background-position":"center center","background-size":"auto","background-attachment":"scroll","background-type":"","background-media":"","overlay-type":"","overlay-color":"","overlay-opacity":"","overlay-gradient":""},"tablet":{"background-color":"var(--ast-global-color-5)","background-image":"","background-repeat":"repeat","background-position":"center center","background-size":"auto","background-attachment":"scroll","background-type":"","background-media":"","overlay-type":"","overlay-color":"","overlay-opacity":"","overlay-gradient":""},"mobile":{"background-color":"var(--ast-global-color-5)","background-image":"","background-repeat":"repeat","background-position":"center center","background-size":"auto","background-attachment":"scroll","background-type":"","background-media":"","overlay-type":"","overlay-color":"","overlay-opacity":"","overlay-gradient":""}},"footnotes":""},"class_list":["post-3174","page","type-page","status-publish","hentry"],"uagb_featured_image_src":{"full":false,"thumbnail":false,"medium":false,"medium_large":false,"large":false,"1536x1536":false,"2048x2048":false,"trp-custom-language-flag":false},"uagb_author_info":{"display_name":"Joe","author_link":"https:\/\/led.amasly.com\/hu_hu\/author\/jacklin\/"},"uagb_comment_info":0,"uagb_excerpt":"Design and Implementation of Explosion-Proof Electrical Lighting Systems Electrical Lighting + Explosion-Proof Design Standards Key Metrics: Equipment Type Explosion-Proof Rating Inspection Frequency Main Workshop Lights Ex d IIB T4 Quarterly Mixing Room Lighting Ex de IIB T6 Monthly Visual Check Emergency Lighting IP68 + Vibration-proof Biannual Testing Implementation Guidelines: Electrical Lighting + Smart Control Systems&hellip;","_links":{"self":[{"href":"https:\/\/led.amasly.com\/hu_hu\/wp-json\/wp\/v2\/pages\/3174","targetHints":{"allow":["GET"]}}],"collection":[{"href":"https:\/\/led.amasly.com\/hu_hu\/wp-json\/wp\/v2\/pages"}],"about":[{"href":"https:\/\/led.amasly.com\/hu_hu\/wp-json\/wp\/v2\/types\/page"}],"author":[{"embeddable":true,"href":"https:\/\/led.amasly.com\/hu_hu\/wp-json\/wp\/v2\/users\/1"}],"replies":[{"embeddable":true,"href":"https:\/\/led.amasly.com\/hu_hu\/wp-json\/wp\/v2\/comments?post=3174"}],"version-history":[{"count":1,"href":"https:\/\/led.amasly.com\/hu_hu\/wp-json\/wp\/v2\/pages\/3174\/revisions"}],"predecessor-version":[{"id":3176,"href":"https:\/\/led.amasly.com\/hu_hu\/wp-json\/wp\/v2\/pages\/3174\/revisions\/3176"}],"up":[{"embeddable":true,"href":"https:\/\/led.amasly.com\/hu_hu\/wp-json\/wp\/v2\/pages\/2374"}],"wp:attachment":[{"href":"https:\/\/led.amasly.com\/hu_hu\/wp-json\/wp\/v2\/media?parent=3174"}],"curies":[{"name":"wp","href":"https:\/\/api.w.org\/{rel}","templated":true}]}}