{"id":3161,"date":"2025-04-22T20:50:17","date_gmt":"2025-04-22T12:50:17","guid":{"rendered":"https:\/\/led.amasly.com\/?page_id=3161"},"modified":"2025-04-22T20:50:28","modified_gmt":"2025-04-22T12:50:28","slug":"industrial-paint-booth-explosion-proof-lamp-lighting-requirements","status":"publish","type":"page","link":"https:\/\/led.amasly.com\/hu_hu\/knowledge\/explosion-proof-products-knowledge\/industrial-paint-booth-explosion-proof-lamp-lighting-requirements\/","title":{"rendered":"Ipari fest\u0151f\u00fclke robban\u00e1sbiztos l\u00e1mpavil\u00e1g\u00edt\u00e1si k\u00f6vetelm\u00e9nyek"},"content":{"rendered":"<div class=\"wp-block-uagb-container uagb-block-27bae773 alignfull uagb-is-root-container\"><div class=\"uagb-container-inner-blocks-wrap\"><\/div><\/div>\n\n\n\n<h2 class=\"wp-block-heading has-text-align-center\"><strong>Ipari fest\u0151f\u00fclke robban\u00e1sbiztos l\u00e1mpavil\u00e1g\u00edt\u00e1si k\u00f6vetelm\u00e9nyek<\/strong><\/h2>\n\n\n\n<div class=\"wp-block-uagb-image uagb-block-da1360b5 wp-block-uagb-image--layout-default wp-block-uagb-image--effect-static wp-block-uagb-image--align-none\"><figure class=\"wp-block-uagb-image__figure\"><a class=\"\" href=\"https:\/\/led.amasly.com\/hu_hu\/products\/\" target=\"\" rel=\"noopener\"><img decoding=\"async\" srcset=\"https:\/\/led.amasly.com\/wp-content\/uploads\/2025\/01\/LED-explosion-proof-flood-lights.png ,https:\/\/led.amasly.com\/wp-content\/uploads\/2025\/01\/LED-explosion-proof-flood-lights.png 780w, https:\/\/led.amasly.com\/wp-content\/uploads\/2025\/01\/LED-explosion-proof-flood-lights.png 360w\" sizes=\"auto, (max-width: 480px) 150px\" src=\"https:\/\/led.amasly.com\/wp-content\/uploads\/2025\/01\/LED-explosion-proof-flood-lights.png\" alt=\"\" class=\"uag-image-1675\" width=\"1004\" height=\"308\" title=\"LED robban\u00e1sbiztos reflektorok\" loading=\"lazy\" role=\"img\"><\/a><\/figure><\/div>\n\n\n\n<h2 class=\"wp-block-heading\"><strong>R\u00f6vid bevezet\u00e9s<\/strong><strong><\/strong><\/h2>\n\n\n\n<p>Az ipari permetez\u0151f\u00fclke egy kifejezetten permetez\u00e9si m\u0171veletekhez tervezett \u00e9p\u00fcletszerkezet, amely biztons\u00e1gos \u00e9s hat\u00e9kony munkak\u00f6rnyezetet biztos\u00edt, \u00e9s v\u00e9di a munkav\u00e1llal\u00f3k eg\u00e9szs\u00e9g\u00e9t \u00e9s biztons\u00e1g\u00e1t. Ezt az \u00e9p\u00fclett\u00edpust sz\u00e1mos ter\u00fcleten sz\u00e9les k\u00f6rben haszn\u00e1lj\u00e1k.<\/p>\n\n\n\n<p>El\u0151sz\u00f6r is, az ipari fest\u0151kabinokat \u00e1ltal\u00e1ban az aut\u00f3iparban haszn\u00e1lj\u00e1k. Az aut\u00f3ipari gy\u00e1rt\u00f3soron a karossz\u00e9ri\u00e1t rendszeresen festeni kell a megjelen\u00e9s \u00e9s a funkcionalit\u00e1s meg\u0151rz\u00e9se \u00e9rdek\u00e9ben. Emellett az aut\u00f3jav\u00edt\u00f3 m\u0171helyeknek is ipari fest\u0151kabinokat kell haszn\u00e1lniuk a j\u00e1rm\u0171 fel\u00fclet\u00e9nek karcol\u00e1sainak vagy s\u00e9r\u00fclt r\u00e9szeinek jav\u00edt\u00e1s\u00e1hoz.<\/p>\n\n\n\n<p>M\u00e1sodszor, az ipari fest\u0151kabinokat sz\u00e9les k\u00f6rben haszn\u00e1lj\u00e1k az \u00e9p\u00edt\u0151iparban is. Az \u00e9p\u00edt\u0151iparnak k\u00fcl\u00f6nf\u00e9le fest\u00e9keket kell haszn\u00e1lnia a h\u00e1z fel\u00fclet\u00e9nek kezel\u00e9s\u00e9re v\u00edzszigetel\u00e9s, t\u0171zv\u00e9delem \u00e9s egy\u00e9b c\u00e9lokra.<\/p>\n\n\n\n<p>Ebben az esetben az ipari fest\u00e9ksz\u00f3r\u00f3 f\u00fclk\u00e9k k\u00e9nyelmes \u00e9s hat\u00e9kony \u00e9p\u00edt\u00e9si k\u00f6rnyezetet biztos\u00edthatnak, valamint cs\u00f6kkenthetik a zajszennyez\u00e9st \u00e9s az \u00e9p\u00edtkez\u00e9s k\u00f6rnyezeti hat\u00e1s\u00e1t.<\/p>\n\n\n\n<p>Ezenk\u00edv\u00fcl az ipari sz\u00f3r\u00f3f\u00fclk\u00e9k sz\u00e1mos m\u00e1s ter\u00fcleten is haszn\u00e1lhat\u00f3k, p\u00e9ld\u00e1ul a b\u00fatorgy\u00e1rt\u00e1sban, az elektronikai term\u00e9kek \u00f6sszeszerel\u00e9s\u00e9ben \u00e9s \u00edgy tov\u00e1bb. Ezeken a ter\u00fcleteken k\u00fcl\u00f6nb\u00f6z\u0151 t\u00edpus\u00fa bevonatok \u00e9s fel\u00fcletkezel\u0151 anyagok haszn\u00e1lat\u00e1ra van sz\u00fcks\u00e9g, az ipari sz\u00f3r\u00f3kabinok pedig megfelelnek ezeknek az ig\u00e9nyeknek, \u00e9s biztons\u00e1gos \u00e9s ellen\u0151rz\u00f6tt termel\u00e9si k\u00f6rnyezetet biztos\u00edtanak.<\/p>\n\n\n\n<h2 class=\"wp-block-heading\"><strong>K\u00f6vetelm\u00e9nyek a <\/strong><strong>robban\u00e1sbiztos<\/strong><strong>&nbsp;vil\u00e1g\u00edt\u00e1si rendszerek ipari fest\u0151kabinokban<\/strong><strong><\/strong><\/h2>\n\n\n\n<p>Az ipari fest\u00e9ksz\u00f3r\u00f3 f\u00fclk\u00e9k k\u00fcl\u00f6nleges munkak\u00f6r\u00fclm\u00e9nyei k\u00f6z\u00f6tt a professzion\u00e1lis robban\u00e1sbiztos vil\u00e1g\u00edt\u00e1si rendszereknek meg kell felelni\u00fck a k\u00f6vetkez\u0151 alapvet\u0151 indexk\u00f6vetelm\u00e9nyeknek:<\/p>\n\n\n\n<h3 class=\"wp-block-heading\"><strong>1. Nagy pontoss\u00e1g\u00fa megvil\u00e1g\u00edt\u00e1si garanciarendszer<\/strong><strong><\/strong><\/h3>\n\n\n\n<p>Ipari fest\u00e9ksz\u00f3r\u00f3 m\u0171veletek a vil\u00e1g\u00edt\u00e1s f\u00e9nyerej\u00e9nek szigor\u00fa k\u00f6vetelm\u00e9nyei messze t\u00falmutatnak a hagyom\u00e1nyos vegyi m\u0171helyen, aj\u00e1nlott a 750LX szabv\u00e1nyos megvil\u00e1g\u00edt\u00e1si megold\u00e1sok haszn\u00e1lata (a harmadik f\u00e9l \u00e1ltal v\u00e9gzett tesztel\u00e9s \u00e9s tan\u00fas\u00edt\u00e1s r\u00e9v\u00e9n).<\/p>\n\n\n\n<p>A kifejezetten porral\/\u00e9ghet\u0151 g\u00e1zokkal kevert k\u00f6rnyezetre tervezett LED robban\u00e1sbiztos l\u00e1mp\u00e1kat professzion\u00e1lis optikai reflexi\u00f3s rendszerrel kell konfigur\u00e1lni, hogy a munkafel\u00fcletet ne fedj\u00e9k \u00e1rny\u00e9kok, hogy megfeleljenek az aut\u00f3gy\u00e1rt\u00e1s, a haj\u00f3fest\u00e9s \u00e9s m\u00e1s prec\u00edzi\u00f3s permetez\u00e9si folyamatok vil\u00e1g\u00edt\u00e1si ig\u00e9nyeinek.<\/p>\n\n\n\n<h3 class=\"wp-block-heading\"><strong>2.IIC <\/strong><strong>robban\u00e1sbiztos<\/strong><strong>&nbsp;tan\u00fas\u00edt\u00e1si rendszer<\/strong><strong><\/strong><\/h3>\n\n\n\n<p>- K\u00f6telez\u0151 EX robban\u00e1sbiztos tan\u00fas\u00edtv\u00e1ny megszerz\u00e9se<\/p>\n\n\n\n<p>- Megfelel a GB3836\/EN\/IEC nemzetk\u00f6zi robban\u00e1sbiztos szabv\u00e1nynak.<\/p>\n\n\n\n<p>- Kett\u0151s v\u00e9delem: g\u00e1zrobban\u00e1sbiztos + porrobban\u00e1sbiztos tan\u00fas\u00edt\u00e1s (21\/22 z\u00f3n\u00e1s robban\u00e1sbiztos jel\u00f6l\u00e9s)<\/p>\n\n\n\n<p>- Teljesen f\u00e9m robban\u00e1sbiztos h\u00e9jszerkezet (\u00f6nt\u00f6tt alum\u00ednium\/304 rozsdamentes ac\u00e9l anyag)<\/p>\n\n\n\n<h3 class=\"wp-block-heading\"><strong>3. Emberi t\u00e9nyez\u0151k m\u00e9rn\u00f6ki optikai tervez\u00e9s<\/strong><strong><\/strong><\/h3>\n\n\n\n<p>- K\u00e1pr\u00e1z\u00e1sg\u00e1tl\u00f3 technol\u00f3gia: prizmatikus diff\u00fazi\u00f3s \u00fcveg haszn\u00e1lata (f\u00e9ny\u00e1tereszt\u00e9si ar\u00e1ny \u2265 92%)<\/p>\n\n\n\n<p>- Nincs stroboszk\u00f3pos \u00e1lland\u00f3 \u00e1ram meghajt\u00f3 technol\u00f3gia (ingadoz\u00e1si m\u00e9lys\u00e9g &lt;3%)<\/p>\n\n\n\n<p>- 120\u00b0 tudom\u00e1nyos f\u00e9nyeloszl\u00e1si sz\u00f6g<\/p>\n\n\n\n<h3 class=\"wp-block-heading\"><strong>4. Teljes spektrum\u00fa sz\u00ednvisszaad\u00e1si technol\u00f3gia szabv\u00e1ny<\/strong><strong><\/strong><\/h3>\n\n\n\n<p>- Sz\u00ednh\u0151m\u00e9rs\u00e9klet 5500-6500K term\u00e9szetes feh\u00e9r f\u00e9ny (CRI&gt;90)<\/p>\n\n\n\n<p>- Spektr\u00e1lis hull\u00e1mhossz\u00fas\u00e1g\u00fa napf\u00e9nyg\u00f6rbe (380-780nm teljes s\u00e1v)<\/p>\n\n\n\n<p>- Sz\u00ednk\u00fcl\u00f6nbs\u00e9g-szab\u00e1lyoz\u00e1s \u0394E\uff1c2.0<\/p>\n\n\n\n<p>Aj\u00e1nlatos ATEX tan\u00fas\u00edtv\u00e1nnyal rendelkez\u0151 robban\u00e1sbiztos vil\u00e1g\u00edt\u00f3berendez\u00e9sek besz\u00e1ll\u00edt\u00f3it v\u00e1lasztani, hogy a l\u00e1mp\u00e1k \u00e9s l\u00e1mp\u00e1k IP66 v\u00e9delmi szinttel \u00e9s G13 korr\u00f3zi\u00f3g\u00e1tl\u00f3 bevonattal rendelkezzenek.<\/p>\n\n\n\n<p>Az Amasly professzion\u00e1lis robban\u00e1sbiztos m\u00e9rn\u00f6ki vil\u00e1g\u00edt\u00e1si megold\u00e1soknak tartalmazniuk kell a megvil\u00e1g\u00edt\u00e1si szimul\u00e1ci\u00f3s jelent\u00e9st, a robban\u00e1sbiztos ter\u00fclet lehat\u00e1rol\u00e1si t\u00e9rk\u00e9p\u00e9t \u00e9s a karbantart\u00e1si ciklusra vonatkoz\u00f3 aj\u00e1nl\u00e1sokat, k\u00fcl\u00f6n\u00f6sen az aut\u00f3ipari 4S t\u00e1rol\u00f3 fest\u00e9ksz\u00f3r\u00f3 f\u00fclk\u00e9k, a vas\u00fati fest\u0151m\u0171hely \u00e9s m\u00e1s zord k\u00f6rnyezetek sz\u00e1m\u00e1ra.<\/p>\n\n\n\n<h2 class=\"wp-block-heading\"><strong>Telep\u00edt\u00e9s \u00e9s karbantart\u00e1s <strong>Ipari fest\u0151f\u00fclke<\/strong><\/strong> <strong>robban\u00e1sbiztos vil\u00e1g\u00edt\u00e1s<\/strong><\/h2>\n\n\n\n<h3 class=\"wp-block-heading\"><strong>Telep\u00edt\u00e9s<\/strong><strong><\/strong><\/h3>\n\n\n\n<p>T\u00e1mogatja a falra, mennyezetre, g\u00e9mre, be\u00e1gyazott \u00e9s egy\u00e9b form\u00e1kat. P\u00e9ld\u00e1ul:<\/p>\n\n\n\n<p>BAT sorozat\u00fa l\u00e1mp\u00e1k \u00e9s l\u00e1mp\u00e1k: \u00e1ll\u00edthat\u00f3 sz\u00f6g\u0171 konzol (0\u00b0-45\u00b0), k\u00fcl\u00f6nb\u00f6z\u0151 fest\u0151\u00e1ll\u00e1sokhoz igaz\u00edtva.<\/p>\n\n\n\n<p>BAD85 sorozat: ac\u00e9lcs\u0151 vagy k\u00e1beles k\u00e1belez\u00e9s, alkalmazhat\u00f3 magass\u00e1g 2-10 m\u00e9ter.<\/p>\n\n\n\n<h3 class=\"wp-block-heading\"><strong>Karbantart\u00e1si tervez\u00e9s<\/strong><strong><\/strong><\/h3>\n\n\n\n<p>Gyorsan nyithat\u00f3 szerkezet (pl. rug\u00f3s kapcsok), a f\u00e9nyforr\u00e1s cser\u00e9j\u00e9hez nincs sz\u00fcks\u00e9g szersz\u00e1mra.<\/p>\n\n\n\n<p>Modul\u00e1ris t\u00e1pegys\u00e9g meghajt\u00f3, t\u00e1mogatja a hib\u00e1s egys\u00e9gek f\u00fcggetlen cser\u00e9j\u00e9t, cs\u00f6kkenti az \u00e1ll\u00e1sid\u0151t<\/p>\n\n\n\n<h2 class=\"wp-block-heading\"><strong>Amasly <\/strong><strong>robban\u00e1sbiztos<\/strong><strong>&nbsp;l\u00e1mp\u00e1k<\/strong><strong><\/strong><\/h2>\n\n\n\n<p>Az Amasly a robban\u00e1sbiztos l\u00e1mp\u00e1k \u00e9s l\u00e1mpatestek professzion\u00e1lis besz\u00e1ll\u00edt\u00f3ja, amely kiv\u00e1l\u00f3 min\u0151s\u00e9g\u0171 robban\u00e1sbiztos l\u00e1mp\u00e1kat \u00e9s ipari l\u00e1mpatesteket biztos\u00edt, az \u00f6sszes l\u00e1mpa \u00e9s l\u00e1mpatest nemzetk\u00f6zi szint\u0171 <a href=\"http:\/\/www.iecex-certs.com\/\" rel=\"nofollow noopener\" target=\"_blank\">ATEX tan\u00fas\u00edtv\u00e1nnyal<\/a>, amelyet a vil\u00e1g t\u00f6bb mint 68 orsz\u00e1g\u00e1ba \u00e9s r\u00e9gi\u00f3j\u00e1ba export\u00e1ltak. Sz\u00e9les k\u00f6rben elnyerte az \u00fcgyfelek dics\u00e9ret\u00e9t, az \u00fcgyfelek \u00e1ltal szeretett.<\/p>\n\n\n\n<p>Az Amasly kerek robban\u00e1sbiztos l\u00e1mp\u00e1kat (robban\u00e1sbiztos magas \u00f6bl\u00f6s l\u00e1mp\u00e1k), n\u00e9gyzet alak\u00fa robban\u00e1sbiztos l\u00e1mp\u00e1kat (robban\u00e1sbiztos reflektorok), robban\u00e1sbiztos v\u00e9szvil\u00e1g\u00edt\u00e1st \u00e9s line\u00e1ris robban\u00e1sbiztos l\u00e1mp\u00e1kat k\u00edn\u00e1l. Proof v\u00e9szvil\u00e1g\u00edt\u00e1s \u00e9s line\u00e1ris robban\u00e1sbiztos l\u00e1mp\u00e1k (Explosion Proof line\u00e1ris l\u00e1mp\u00e1k) fest\u00e9ksz\u00f3r\u00f3 f\u00fclk\u00e9khez,<\/p>\n\n\n\n<h2 class=\"wp-block-heading\"><strong>C<\/strong><strong>onkl\u00fazi\u00f3<\/strong><strong><\/strong><\/h2>\n\n\n\n<p class=\"has-text-align-left\">Az ipari permetez\u0151f\u00fclke robban\u00e1sbiztos l\u00e1mp\u00e1knak priorit\u00e1st kell adniuk az IIC oszt\u00e1ly\u00fa robban\u00e1sbiztos tan\u00fas\u00edt\u00e1snak, a magas sz\u00ednvisszaad\u00e1snak \u00e9s megvil\u00e1g\u00edt\u00e1snak, a tart\u00f3s anyagoknak \u00e9s a k\u00f6nny\u0171 karbantart\u00e1si kialak\u00edt\u00e1snak. A t\u00e9nyleges t\u00edpus kiv\u00e1laszt\u00e1sakor aj\u00e1nlott kombin\u00e1lni a fest\u00e9ksz\u00f3r\u00f3 f\u00fclke ter\u00fclet\u00e9t, a m\u0171k\u00f6d\u00e9si pontoss\u00e1got \u00e9s a k\u00f6lts\u00e9gvet\u00e9st, v\u00e1lassza a t\u00f6bbsz\u00f6r\u00f6s tan\u00fas\u00edt\u00e1son \u00e1tesett LED-es \u00e1raszt\u00f3l\u00e1mp\u00e1kat vagy projektorl\u00e1mp\u00e1kat, \u00e9s hivatkozzon a harmadik f\u00e9l vizsg\u00e1lati jelent\u00e9s\u00e9re a teljes\u00edtm\u00e9nyparam\u00e9terek ellen\u0151rz\u00e9s\u00e9hez.<\/p>\n\n\n\n<div class=\"wp-block-uagb-container uagb-block-c7d898dd alignfull uagb-is-root-container\"><div class=\"uagb-container-inner-blocks-wrap\"><\/div><\/div>\n\n\n\n<h2 class=\"wp-block-heading\">Kapcsol\u00f3d\u00f3 term\u00e9kek<\/h2>\n\n\n\n<div class=\"wp-block-uagb-container uagb-block-66e4defc alignfull uagb-is-root-container\"><div class=\"uagb-container-inner-blocks-wrap\">\n<div class=\"wp-block-uagb-container uagb-block-a42945f9\">\n<div class=\"wp-block-uagb-image uagb-block-7296296b wp-block-uagb-image--layout-default wp-block-uagb-image--effect-static wp-block-uagb-image--align-none\"><figure class=\"wp-block-uagb-image__figure\"><a class=\"\" href=\"https:\/\/led.amasly.com\/hu_hu\/products\/\" target=\"\" rel=\"noopener\"><img decoding=\"async\" srcset=\"https:\/\/led.amasly.com\/wp-content\/uploads\/2024\/09\/Explosion-proof-high-bay-lights.png ,https:\/\/led.amasly.com\/wp-content\/uploads\/2024\/09\/Explosion-proof-high-bay-lights.png 780w, https:\/\/led.amasly.com\/wp-content\/uploads\/2024\/09\/Explosion-proof-high-bay-lights.png 360w\" sizes=\"auto, (max-width: 480px) 150px\" src=\"https:\/\/led.amasly.com\/wp-content\/uploads\/2024\/09\/Explosion-proof-high-bay-lights.png\" alt=\"\" class=\"uag-image-1495\" width=\"300\" height=\"300\" title=\"Robban\u00e1sbiztos magas \u00f6b\u00f6l f\u00e9nyek\" loading=\"lazy\" role=\"img\"><\/a><\/figure><\/div>\n<\/div>\n\n\n\n<div class=\"wp-block-uagb-container uagb-block-4d3efde5\">\n<div class=\"wp-block-uagb-image uagb-block-c9e90797 wp-block-uagb-image--layout-default wp-block-uagb-image--effect-static wp-block-uagb-image--align-none\"><figure class=\"wp-block-uagb-image__figure\"><a class=\"\" href=\"https:\/\/led.amasly.com\/hu_hu\/products\/\" target=\"\" rel=\"noopener\"><img decoding=\"async\" srcset=\"https:\/\/led.amasly.com\/wp-content\/uploads\/2024\/07\/LED-tri-proof-lights2.png ,https:\/\/led.amasly.com\/wp-content\/uploads\/2024\/07\/LED-tri-proof-lights2.png 780w, https:\/\/led.amasly.com\/wp-content\/uploads\/2024\/07\/LED-tri-proof-lights2.png 360w\" sizes=\"auto, (max-width: 480px) 150px\" src=\"https:\/\/led.amasly.com\/wp-content\/uploads\/2024\/07\/LED-tri-proof-lights2.png\" alt=\"\" class=\"uag-image-1132\" width=\"300\" height=\"300\" title=\"LED-tri-proof-lights2\" loading=\"lazy\" role=\"img\"><\/a><\/figure><\/div>\n<\/div>\n\n\n\n<div class=\"wp-block-uagb-container uagb-block-11c2578b\">\n<div class=\"wp-block-uagb-image uagb-block-6e8883aa wp-block-uagb-image--layout-default wp-block-uagb-image--effect-static wp-block-uagb-image--align-none\"><figure class=\"wp-block-uagb-image__figure\"><a class=\"\" href=\"https:\/\/led.amasly.com\/hu_hu\/products\/\" target=\"\" rel=\"noopener\"><img decoding=\"async\" srcset=\"https:\/\/led.amasly.com\/wp-content\/uploads\/2024\/09\/LED-Explosion-Proof-Gas-Station-Light.png ,https:\/\/led.amasly.com\/wp-content\/uploads\/2024\/09\/LED-Explosion-Proof-Gas-Station-Light.png 780w, https:\/\/led.amasly.com\/wp-content\/uploads\/2024\/09\/LED-Explosion-Proof-Gas-Station-Light.png 360w\" sizes=\"auto, (max-width: 480px) 150px\" src=\"https:\/\/led.amasly.com\/wp-content\/uploads\/2024\/09\/LED-Explosion-Proof-Gas-Station-Light.png\" alt=\"\" class=\"uag-image-1501\" width=\"300\" height=\"300\" title=\"LED robban\u00e1sbiztos benzink\u00fat f\u00e9ny\" loading=\"lazy\" role=\"img\"><\/a><\/figure><\/div>\n<\/div>\n<\/div><\/div>\n\n\n\n<div class=\"wp-block-uagb-container uagb-block-548945b5 alignfull uagb-is-root-container\"><div class=\"uagb-container-inner-blocks-wrap\">\n<div class=\"wp-block-uagb-container uagb-block-967755d5\">\n<h4 class=\"wp-block-heading has-text-align-center\"><a href=\"https:\/\/led.amasly.com\/hu_hu\/products\/\">LED robban\u00e1sbiztos f\u00e9nyek<\/a><\/h4>\n<\/div>\n\n\n\n<div class=\"wp-block-uagb-container uagb-block-9bc52fc2\">\n<h4 class=\"wp-block-heading has-text-align-center\"><a href=\"https:\/\/led.amasly.com\/hu_hu\/products\/\">LED Tri-Proof f\u00e9nyek<\/a><\/h4>\n<\/div>\n\n\n\n<div class=\"wp-block-uagb-container uagb-block-8ffa0a23\">\n<h4 class=\"wp-block-heading has-text-align-center\"><a href=\"https:\/\/led.amasly.com\/hu_hu\/products\/\">Robban\u00e1sbiztos benzink\u00fat f\u00e9nyek<\/a><\/h4>\n<\/div>\n<\/div><\/div>\n\n\n\n<div class=\"wp-block-uagb-container uagb-block-29499fe0 alignfull uagb-is-root-container\"><div class=\"uagb-container-inner-blocks-wrap\">\n<div class=\"wp-block-uagb-container uagb-block-777ee1c7\">\n<div class=\"wp-block-uagb-image uagb-block-2e9a1851 wp-block-uagb-image--layout-default wp-block-uagb-image--effect-static wp-block-uagb-image--align-none\"><figure class=\"wp-block-uagb-image__figure\"><a class=\"\" href=\"https:\/\/led.amasly.com\/hu_hu\/products\/\" target=\"\" rel=\"noopener\"><img decoding=\"async\" srcset=\"https:\/\/led.amasly.com\/wp-content\/uploads\/2024\/10\/50W-100W-150W-200W-300W-LED-Flood-Light.jpg ,https:\/\/led.amasly.com\/wp-content\/uploads\/2024\/10\/50W-100W-150W-200W-300W-LED-Flood-Light.jpg 780w, https:\/\/led.amasly.com\/wp-content\/uploads\/2024\/10\/50W-100W-150W-200W-300W-LED-Flood-Light.jpg 360w\" sizes=\"auto, (max-width: 480px) 150px\" src=\"https:\/\/led.amasly.com\/wp-content\/uploads\/2024\/10\/50W-100W-150W-200W-300W-LED-Flood-Light.jpg\" alt=\"\" class=\"uag-image-1526\" width=\"300\" height=\"300\" title=\"50W 100W 150W 200W 300W LED-es \u00e1rv\u00edzf\u00e9ny\" loading=\"lazy\" role=\"img\"><\/a><\/figure><\/div>\n<\/div>\n\n\n\n<div class=\"wp-block-uagb-container uagb-block-af8c8683\">\n<div class=\"wp-block-uagb-image uagb-block-67947854 wp-block-uagb-image--layout-default wp-block-uagb-image--effect-static wp-block-uagb-image--align-none\"><figure class=\"wp-block-uagb-image__figure\"><a class=\"\" href=\"https:\/\/led.amasly.com\/hu_hu\/products\/\" target=\"\" rel=\"noopener\"><img decoding=\"async\" srcset=\"https:\/\/led.amasly.com\/wp-content\/uploads\/2024\/07\/led-tri-proof-light.png ,https:\/\/led.amasly.com\/wp-content\/uploads\/2024\/07\/led-tri-proof-light.png 780w, https:\/\/led.amasly.com\/wp-content\/uploads\/2024\/07\/led-tri-proof-light.png 360w\" sizes=\"auto, (max-width: 480px) 150px\" src=\"https:\/\/led.amasly.com\/wp-content\/uploads\/2024\/07\/led-tri-proof-light.png\" alt=\"\" class=\"uag-image-1130\" width=\"300\" height=\"300\" title=\"led-tri-proof-light\" loading=\"lazy\" role=\"img\"><\/a><\/figure><\/div>\n<\/div>\n\n\n\n<div class=\"wp-block-uagb-container uagb-block-0fdfdd58\">\n<div class=\"wp-block-uagb-image uagb-block-1187d32d wp-block-uagb-image--layout-default wp-block-uagb-image--effect-static wp-block-uagb-image--align-none\"><figure class=\"wp-block-uagb-image__figure\"><a class=\"\" href=\"https:\/\/led.amasly.com\/hu_hu\/products\/\" target=\"\" rel=\"noopener\"><img decoding=\"async\" srcset=\"https:\/\/led.amasly.com\/wp-content\/uploads\/2024\/07\/LED-street-light.jpg ,https:\/\/led.amasly.com\/wp-content\/uploads\/2024\/07\/LED-street-light.jpg 780w, https:\/\/led.amasly.com\/wp-content\/uploads\/2024\/07\/LED-street-light.jpg 360w\" sizes=\"auto, (max-width: 480px) 150px\" src=\"https:\/\/led.amasly.com\/wp-content\/uploads\/2024\/07\/LED-street-light.jpg\" alt=\"\" class=\"uag-image-1145\" width=\"300\" height=\"300\" title=\"LED-es utcai l\u00e1mp\u00e1k\" loading=\"lazy\" role=\"img\"><\/a><\/figure><\/div>\n<\/div>\n<\/div><\/div>\n\n\n\n<div class=\"wp-block-uagb-container uagb-block-6a60882c alignfull uagb-is-root-container\"><div class=\"uagb-container-inner-blocks-wrap\">\n<div class=\"wp-block-uagb-container uagb-block-f1e91a35\">\n<h4 class=\"wp-block-heading has-text-align-center\"><a href=\"https:\/\/led.amasly.com\/hu_hu\/products\/\">LED \u00e1rv\u00edzf\u00e9nyek<\/a><\/h4>\n<\/div>\n\n\n\n<div class=\"wp-block-uagb-container uagb-block-165bfa58\">\n<h4 class=\"wp-block-heading has-text-align-center\"><a href=\"https:\/\/led.amasly.com\/hu_hu\/products\/\">LED Tri-Proof cs\u0151f\u00e9nyek<\/a><\/h4>\n<\/div>\n\n\n\n<div class=\"wp-block-uagb-container uagb-block-f6096e3b\">\n<h4 class=\"wp-block-heading has-text-align-center\"><a href=\"https:\/\/led.amasly.com\/hu_hu\/products\/\">LED utcai l\u00e1mp\u00e1k<\/a><\/h4>\n<\/div>\n<\/div><\/div>\n\n\n\n<div class=\"wp-block-uagb-container uagb-block-99c0e0a5 alignfull uagb-is-root-container\"><div class=\"uagb-container-inner-blocks-wrap\"><\/div><\/div>\n\n\n\n<p><\/p>","protected":false},"excerpt":{"rendered":"<p>Industrial paint booth explosion\u00a0proof lamp lighting requirements Brief introduction An industrial spray booth is a building structure designed specifically for spraying operations, which provides a safe and efficient working environment and protects the health and safety of workers. This type of building is widely used in several fields. First, industrial paint booths are commonly used [&hellip;]<\/p>\n","protected":false},"author":1,"featured_media":0,"parent":2374,"menu_order":0,"comment_status":"closed","ping_status":"closed","template":"","meta":{"_uag_custom_page_level_css":"","site-sidebar-layout":"no-sidebar","site-content-layout":"","ast-site-content-layout":"default","site-content-style":"default","site-sidebar-style":"default","ast-global-header-display":"","ast-banner-title-visibility":"","ast-main-header-display":"","ast-hfb-above-header-display":"","ast-hfb-below-header-display":"","ast-hfb-mobile-header-display":"","site-post-title":"disabled","ast-breadcrumbs-content":"","ast-featured-img":"","footer-sml-layout":"","ast-disable-related-posts":"","theme-transparent-header-meta":"enabled","adv-header-id-meta":"","stick-header-meta":"","header-above-stick-meta":"","header-main-stick-meta":"","header-below-stick-meta":"","astra-migrate-meta-layouts":"set","ast-page-background-enabled":"default","ast-page-background-meta":{"desktop":{"background-color":"var(--ast-global-color-4)","background-image":"","background-repeat":"repeat","background-position":"center center","background-size":"auto","background-attachment":"scroll","background-type":"","background-media":"","overlay-type":"","overlay-color":"","overlay-opacity":"","overlay-gradient":""},"tablet":{"background-color":"","background-image":"","background-repeat":"repeat","background-position":"center center","background-size":"auto","background-attachment":"scroll","background-type":"","background-media":"","overlay-type":"","overlay-color":"","overlay-opacity":"","overlay-gradient":""},"mobile":{"background-color":"","background-image":"","background-repeat":"repeat","background-position":"center center","background-size":"auto","background-attachment":"scroll","background-type":"","background-media":"","overlay-type":"","overlay-color":"","overlay-opacity":"","overlay-gradient":""}},"ast-content-background-meta":{"desktop":{"background-color":"var(--ast-global-color-5)","background-image":"","background-repeat":"repeat","background-position":"center center","background-size":"auto","background-attachment":"scroll","background-type":"","background-media":"","overlay-type":"","overlay-color":"","overlay-opacity":"","overlay-gradient":""},"tablet":{"background-color":"var(--ast-global-color-5)","background-image":"","background-repeat":"repeat","background-position":"center center","background-size":"auto","background-attachment":"scroll","background-type":"","background-media":"","overlay-type":"","overlay-color":"","overlay-opacity":"","overlay-gradient":""},"mobile":{"background-color":"var(--ast-global-color-5)","background-image":"","background-repeat":"repeat","background-position":"center center","background-size":"auto","background-attachment":"scroll","background-type":"","background-media":"","overlay-type":"","overlay-color":"","overlay-opacity":"","overlay-gradient":""}},"footnotes":""},"class_list":["post-3161","page","type-page","status-publish","hentry"],"uagb_featured_image_src":{"full":false,"thumbnail":false,"medium":false,"medium_large":false,"large":false,"1536x1536":false,"2048x2048":false,"trp-custom-language-flag":false},"uagb_author_info":{"display_name":"Joe","author_link":"https:\/\/led.amasly.com\/hu_hu\/author\/jacklin\/"},"uagb_comment_info":0,"uagb_excerpt":"Industrial paint booth explosion\u00a0proof lamp lighting requirements Brief introduction An industrial spray booth is a building structure designed specifically for spraying operations, which provides a safe and efficient working environment and protects the health and safety of workers. This type of building is widely used in several fields. First, industrial paint booths are commonly used&hellip;","_links":{"self":[{"href":"https:\/\/led.amasly.com\/hu_hu\/wp-json\/wp\/v2\/pages\/3161","targetHints":{"allow":["GET"]}}],"collection":[{"href":"https:\/\/led.amasly.com\/hu_hu\/wp-json\/wp\/v2\/pages"}],"about":[{"href":"https:\/\/led.amasly.com\/hu_hu\/wp-json\/wp\/v2\/types\/page"}],"author":[{"embeddable":true,"href":"https:\/\/led.amasly.com\/hu_hu\/wp-json\/wp\/v2\/users\/1"}],"replies":[{"embeddable":true,"href":"https:\/\/led.amasly.com\/hu_hu\/wp-json\/wp\/v2\/comments?post=3161"}],"version-history":[{"count":1,"href":"https:\/\/led.amasly.com\/hu_hu\/wp-json\/wp\/v2\/pages\/3161\/revisions"}],"predecessor-version":[{"id":3165,"href":"https:\/\/led.amasly.com\/hu_hu\/wp-json\/wp\/v2\/pages\/3161\/revisions\/3165"}],"up":[{"embeddable":true,"href":"https:\/\/led.amasly.com\/hu_hu\/wp-json\/wp\/v2\/pages\/2374"}],"wp:attachment":[{"href":"https:\/\/led.amasly.com\/hu_hu\/wp-json\/wp\/v2\/media?parent=3161"}],"curies":[{"name":"wp","href":"https:\/\/api.w.org\/{rel}","templated":true}]}}