{"id":3059,"date":"2025-04-13T20:28:58","date_gmt":"2025-04-13T12:28:58","guid":{"rendered":"https:\/\/led.amasly.com\/?page_id=3059"},"modified":"2025-04-13T20:29:04","modified_gmt":"2025-04-13T12:29:04","slug":"flame-proof-lighting-myths-debunked-why-explosion-proof-isnt-always-safer","status":"publish","type":"page","link":"https:\/\/led.amasly.com\/hu_hu\/knowledge\/explosion-proof-products-knowledge\/flame-proof-lighting-myths-debunked-why-explosion-proof-isnt-always-safer\/","title":{"rendered":"L\u00e1ng\u00e1ll\u00f3 vil\u00e1g\u00edt\u00e1si m\u00edtoszok megc\u00e1folva: Mi\u00e9rt nem mindig biztons\u00e1gosabb a \u201crobban\u00e1sbiztos\u201d"},"content":{"rendered":"<div class=\"wp-block-uagb-container uagb-block-27bae773 alignfull uagb-is-root-container\"><div class=\"uagb-container-inner-blocks-wrap\"><\/div><\/div>\n\n\n\n<h2 class=\"wp-block-heading has-text-align-center\"><strong>L\u00e1ng\u00e1ll\u00f3 vil\u00e1g\u00edt\u00e1si m\u00edtoszok megc\u00e1folva: Mi\u00e9rt nem mindig biztons\u00e1gosabb a \u201crobban\u00e1sbiztos\u201d<\/strong><strong><\/strong><\/h2>\n\n\n\n<div class=\"wp-block-uagb-image uagb-block-da1360b5 wp-block-uagb-image--layout-default wp-block-uagb-image--effect-static wp-block-uagb-image--align-none\"><figure class=\"wp-block-uagb-image__figure\"><a class=\"\" href=\"https:\/\/led.amasly.com\/hu_hu\/\" target=\"\" rel=\"noopener\"><img decoding=\"async\" srcset=\"https:\/\/led.amasly.com\/wp-content\/uploads\/2025\/01\/LED-explosion-proof-flood-lights.png ,https:\/\/led.amasly.com\/wp-content\/uploads\/2025\/01\/LED-explosion-proof-flood-lights.png 780w, https:\/\/led.amasly.com\/wp-content\/uploads\/2025\/01\/LED-explosion-proof-flood-lights.png 360w\" sizes=\"auto, (max-width: 480px) 150px\" src=\"https:\/\/led.amasly.com\/wp-content\/uploads\/2025\/01\/LED-explosion-proof-flood-lights.png\" alt=\"\" class=\"uag-image-1675\" width=\"1004\" height=\"308\" title=\"LED robban\u00e1sbiztos reflektorok\" loading=\"lazy\" role=\"img\"><\/a><\/figure><\/div>\n\n\n\n<h2 class=\"wp-block-heading\"><strong>A vesz\u00e9lyes ter\u00fcletek megvil\u00e1g\u00edt\u00e1s\u00e1val kapcsolatos gyakori t\u00e9vhitek leleplez\u00e9se<\/strong><strong><\/strong><\/h2>\n\n\n\n<h3 class=\"wp-block-heading\"><strong>Bevezet\u00e9s: Az egyen\u00e9rt\u00e9k\u0171s\u00e9g vesz\u00e9lyes feltev\u00e9se<\/strong><strong><\/strong><\/h3>\n\n\n\n<p>A \u201cl\u00e1ng\u00e1ll\u00f3\u201d \u00e9s a \u201crobban\u00e1sbiztos\u201d kifejez\u00e9seket gyakran \u00f6sszekeverik az ipari vil\u00e1g\u00edt\u00e1sban, ami k\u00f6lts\u00e9ges \u00e9s potenci\u00e1lisan katasztrof\u00e1lis f\u00e9lre\u00e9rt\u00e9sekhez vezet.<\/p>\n\n\n\n<p>B\u00e1r mindk\u00e9t tan\u00fas\u00edtv\u00e1ny c\u00e9lja a vesz\u00e9lyes k\u00f6rnyezetben jelentkez\u0151 kock\u00e1zatok cs\u00f6kkent\u00e9se, az anyagtudom\u00e1nyban, a region\u00e1lis szabv\u00e1nyokban \u00e9s az alkalmaz\u00e1sspecifikus k\u00f6vetelm\u00e9nyekben gy\u00f6kerez\u0151 technikai k\u00fcl\u00f6nbs\u00e9gek gondos vizsg\u00e1latot ig\u00e9nyelnek.<\/p>\n\n\n\n<p>Ez a cikk \u00f6t elterjedt m\u00edtoszt rombol le, \u00e9s val\u00f3s esettanulm\u00e1nyok \u00e9s glob\u00e1lis tan\u00fas\u00edt\u00e1si adatok seg\u00edts\u00e9g\u00e9vel tiszt\u00e1zza, hogy a \u201crobban\u00e1sbiztoss\u00e1g\u201d \u00f6nmag\u00e1ban mi\u00e9rt nem garant\u00e1lja a biztons\u00e1got minden esetben.<\/p>\n\n\n\n<h3 class=\"wp-block-heading\"><strong>1. 1. m\u00edtosz: \u201cA l\u00e1ng\u00e1ll\u00f3 \u00e9s a robban\u00e1sbiztos felcser\u00e9lhet\u0151\u201d<\/strong><strong><\/strong><\/h3>\n\n\n\n<p><strong>A val\u00f3s\u00e1g<\/strong>:<\/p>\n\n\n\n<p><strong>Robban\u00e1sbiztos (Ex d)<\/strong>: A bels\u0151 robban\u00e1sok megf\u00e9kez\u00e9s\u00e9re \u00f6sszpontos\u00edt robusztus burkolatokkal (pl. \u00f6nt\u00f6tt alum\u00ednium vagy rozsdamentes ac\u00e9l), amelyek a maxim\u00e1lis robban\u00f3er\u0151 \u2265 1,5-szeres\u00e9nek megfelel\u0151 nyom\u00e1snak ellen\u00e1llnak.<\/p>\n\n\n\n<p><strong>L\u00e1ng\u00e1ll\u00f3 (FLP)<\/strong>: Priorit\u00e1sk\u00e9nt a k\u00fcls\u0151 l\u00e1ngterjed\u00e9s megakad\u00e1lyoz\u00e1sa a l\u00e1ngz\u00e1r\u00f3k \u00e9s h\u0151\u00e1ll\u00f3 anyagok (pl. 800\u00b0C-on 30 m\u00e1sodpercig tesztelt ker\u00e1miabevonatok) seg\u00edts\u00e9g\u00e9vel.<\/p>\n\n\n\n<p><strong>Esettanulm\u00e1ny<\/strong>:<br>Egy 2024-es texasi finom\u00edt\u00f3i t\u0171z keletkezett, amikor a robban\u00e1sbiztos LED-h\u00e1zak (UL 1203 tan\u00fas\u00edtv\u00e1nnyal) nem tudtak ellen\u00e1llni a k\u00f6zeli hidrog\u00e9n-szulfid-sziv\u00e1rg\u00e1sb\u00f3l sz\u00e1rmaz\u00f3 k\u00fcls\u0151 l\u00e1ngoknak. Az esem\u00e9nyt k\u00f6vet\u0151 elemz\u00e9s kimutatta, hogy az ATEX 1 z\u00f3na szabv\u00e1nyok \u00e1ltal el\u0151\u00edrt l\u00e1ng\u00e1ll\u00f3 lencse bevonatok hi\u00e1nyoztak.<\/p>\n\n\n\n<h3 class=\"wp-block-heading\"><strong>2. 2. m\u00edtosz: \u201cEgy tan\u00fas\u00edt\u00e1s minden r\u00e9gi\u00f3nak megfelel\u201d<\/strong><strong><\/strong><\/h3>\n\n\n\n<p><strong>Region\u00e1lis szabv\u00e1nyok lebont\u00e1sa<\/strong>:<\/p>\n\n\n\n<p><strong>\u00c9szak-Amerika (<a href=\"http:\/\/www.ul.com\" rel=\"nofollow noopener\" target=\"_blank\">NEC\/UL<\/a>)<\/strong>: A robban\u00e1sbiztos vil\u00e1g\u00edt\u00e1s (UL 844) domin\u00e1l, de nincs kifejezett l\u00e1ng\u00e1ll\u00f3s\u00e1gi krit\u00e9rium a 22-es z\u00f3na poros k\u00f6rnyezet\u00e9re.<\/p>\n\n\n\n<p><strong>Eur\u00f3pa (ATEX)<\/strong>: Kett\u0151s megfelel\u00e9st \u00edr el\u0151 (EN 60079-1 a robban\u00e1sokhoz + EN 60332-1-2 a l\u00e1ng\u00e1ll\u00f3s\u00e1ghoz) az 1\/21-es z\u00f3na ter\u00fcletein.<\/p>\n\n\n\n<p><strong>Glob\u00e1lis piacok<\/strong>: Az IECEx tan\u00fas\u00edtv\u00e1nyok k\u00f6lts\u00e9ghat\u00e9konys\u00e1gi okokb\u00f3l gyakran kihagyj\u00e1k a l\u00e1ngterjed\u00e9si vizsg\u00e1latokat, ami a hibrid g\u00e1z- \u00e9s por\u00fczem\u0171 l\u00e9tes\u00edtm\u00e9nyekben a megfelel\u00e9s hi\u00e1ny\u00e1t kock\u00e1ztatja.<\/p>\n\n\n\n<p><strong>P\u00e9lda<\/strong>:<br>A GUANMN robban\u00e1sbiztos reflektorai, b\u00e1r UL-tan\u00fas\u00edtv\u00e1nnyal rendelkeznek, az eur\u00f3pai LNG-termin\u00e1lok ATEX-szabv\u00e1nyainak val\u00f3 megfelel\u00e9s \u00e9rdek\u00e9ben kieg\u00e9sz\u00edt\u0151 ker\u00e1mia l\u00e1ngp\u00e1ly\u00e1kat ig\u00e9nyelnek.<\/p>\n\n\n\n<h3 class=\"wp-block-heading\"><strong>3. 3. m\u00edtosz: \u201cAz anyagv\u00e1laszt\u00e1s nem befoly\u00e1solja a l\u00e1ng\u00e1ll\u00f3s\u00e1got\u201d<\/strong><strong><\/strong><\/h3>\n\n\n\n<p><strong>Kritikus anyagi k\u00fcl\u00f6nbs\u00e9gek<\/strong>:<\/p>\n\n\n\n<p><strong>\u00d6nt\u00f6tt alum\u00ednium<\/strong>: Ide\u00e1lis a nyom\u00e1shat\u00e1rol\u00e1shoz, de hajlamos megolvadni hosszabb l\u00e1nghat\u00e1s alatt (pl. 400\u00b0C-os tart\u00f3s h\u0151 hat\u00e1s\u00e1ra az UL 1203 h\u00e1zak deform\u00e1l\u00f3dnak).<\/p>\n\n\n\n<p><strong>Ker\u00e1mia bevonat\u00fa polikarbon\u00e1t<\/strong>: Blokkolja az UV-sug\u00e1rz\u00e1st \u00e9s 30 m\u00e1sodpercen bel\u00fcl \u00f6nkioltja a l\u00e1ngokat (IEC 60079-0 szerint), \u00edgy n\u00e9lk\u00fcl\u00f6zhetetlen az etanolg\u0151z\u00f6ket tartalmaz\u00f3 vegyi \u00fczemekben.<\/p>\n\n\n\n<p><strong>Innov\u00e1ci\u00f3s szakad\u00e9k<\/strong>:<br>Sok gy\u00e1rt\u00f3 a k\u00f6lts\u00e9gek cs\u00f6kkent\u00e9se \u00e9rdek\u00e9ben a robban\u00e1sg\u00e1tl\u00e1st helyezi el\u0151t\u00e9rbe a l\u00e1ng\u00e1ll\u00f3s\u00e1ggal szemben, figyelmen k\u00edv\u00fcl hagyva a mindk\u00e9t tulajdons\u00e1got 40% \u00e1ltal jav\u00edt\u00f3 nanoker\u00e1mia bevonatokat.<\/p>\n\n\n\n<h3 class=\"wp-block-heading\"><strong>4. 4. m\u00edtosz: \u201cA karbantart\u00e1si protokollok mindk\u00e9t rendszer eset\u00e9ben azonosak\u201d<\/strong><strong><\/strong><\/h3>\n\n\n\n<p><strong>Karbantart\u00e1si elt\u00e9r\u00e9s<\/strong>:<\/p>\n\n\n\n<p><strong>Robban\u00e1sbiztos<\/strong>: A nyom\u00e1ssziv\u00e1rg\u00e1s elker\u00fcl\u00e9se \u00e9rdek\u00e9ben \u00e9vente ellen\u0151rizni kell a burkolat csavarjainak nyomat\u00e9k\u00e1t (\u00b110% t\u0171r\u00e9shat\u00e1r az ISA 60079-17 szerint).<\/p>\n\n\n\n<p><strong>L\u00e1ng\u00e1ll\u00f3<\/strong>: Negyed\u00e9vente infrav\u00f6r\u00f6s termogr\u00e1fi\u00e1s vizsg\u00e1latokat ig\u00e9nyel a l\u00e1ngmentes\u00edtett r\u00e9tegek delamin\u00e1ci\u00f3j\u00e1nak kimutat\u00e1s\u00e1ra.<\/p>\n\n\n\n<p><strong>Hiba p\u00e9lda<\/strong>:<br>Egy ausztr\u00e1liai sz\u00e9nb\u00e1ny\u00e1ban met\u00e1ngyullad\u00e1s k\u00f6vetkezett be a robban\u00e1sbiztos szerelv\u00e9nyeken l\u00e9v\u0151 l\u00e1ng\u00e1ll\u00f3 bevonatok nem ellen\u0151rz\u00f6tt degrad\u00e1ci\u00f3ja miatt, ami s\u00e9rtette az IECEx 60079-17 ellen\u0151rz\u00e9si id\u0151k\u00f6z\u00f6ket.<\/p>\n\n\n\n<h3 class=\"wp-block-heading\"><strong>5. 5. m\u00edtosz: \u201cA robban\u00e1sbiztoss\u00e1g elegend\u0151 az olyan \u00fajonnan felmer\u00fcl\u0151 kock\u00e1zatokhoz, mint az akkumul\u00e1tort\u00e1rol\u00e1s\u201d<\/strong><strong><\/strong><\/h3>\n\n\n\n<p><strong>L\u00edtium-ion vesz\u00e9lyek<\/strong>:<\/p>\n\n\n\n<p><strong>Termikus elszabadul\u00e1s<\/strong>: Az akkumul\u00e1tort\u00fczeket tartalmaz\u00f3 robban\u00e1sbiztos burkolatok gyakran nem k\u00e9pesek megakad\u00e1lyozni a k\u00fcls\u0151 l\u00e1ngok terjed\u00e9s\u00e9t, amint azt egy 2024-es ESS-t\u0171zn\u00e9l l\u00e1ttuk, ahol a h\u0151m\u00e9rs\u00e9klet meghaladta az 1000\u00b0C-ot.<\/p>\n\n\n\n<p><strong>Megold\u00e1s<\/strong>: Az Ex d h\u00e1zakat l\u00e1ng\u00e1ll\u00f3 szinterezett bronz sz\u0171r\u0151kkel integr\u00e1l\u00f3 hibrid kivitelek 70% cs\u00f6kkenti a t\u0171z terjed\u00e9s\u00e9nek kock\u00e1zat\u00e1t.<\/p>\n\n\n\n<h3 class=\"wp-block-heading\"><strong>J\u00f6v\u0151beli trendek: A biztons\u00e1gi szakad\u00e9k \u00e1thidal\u00e1sa<\/strong><strong><\/strong><\/h3>\n\n\n\n<p><strong>Intelligens \u00e9rz\u00e9kel\u0151k<\/strong>: Az IoT-k\u00e9pes l\u00e1ng\u00e9rz\u00e9kel\u0151k robban\u00e1sbiztos LED-ekkel p\u00e1ros\u00edtva &lt;0,5 m\u00e1sodpercre cs\u00f6kkentik a reakci\u00f3id\u0151t a petrolk\u00e9miai z\u00f3n\u00e1kban.<\/p>\n\n\n\n<p class=\"has-text-align-left\"><strong>Fenntarthat\u00f3 anyagok<\/strong>: A bioalap\u00fa \u00e9g\u00e9sg\u00e1tl\u00f3k (pl. lignin adal\u00e9kanyagok) a m\u00e9rgez\u0151 halog\u00e9neket helyettes\u00edtik, \u00e9s megfelelnek az EU REACH-el\u0151\u00edr\u00e1sainak.<\/p>\n\n\n\n<div class=\"wp-block-uagb-container uagb-block-c7d898dd alignfull uagb-is-root-container\"><div class=\"uagb-container-inner-blocks-wrap\"><\/div><\/div>\n\n\n\n<h2 class=\"wp-block-heading\">Kapcsol\u00f3d\u00f3 term\u00e9kek<\/h2>\n\n\n\n<div class=\"wp-block-uagb-container uagb-block-66e4defc alignfull uagb-is-root-container\"><div class=\"uagb-container-inner-blocks-wrap\">\n<div class=\"wp-block-uagb-container uagb-block-a42945f9\">\n<div class=\"wp-block-uagb-image uagb-block-7296296b wp-block-uagb-image--layout-default wp-block-uagb-image--effect-static wp-block-uagb-image--align-none\"><figure class=\"wp-block-uagb-image__figure\"><a class=\"\" href=\"https:\/\/led.amasly.com\/hu_hu\/products\/\" target=\"\" rel=\"noopener\"><img decoding=\"async\" srcset=\"https:\/\/led.amasly.com\/wp-content\/uploads\/2024\/09\/Explosion-proof-high-bay-lights.png ,https:\/\/led.amasly.com\/wp-content\/uploads\/2024\/09\/Explosion-proof-high-bay-lights.png 780w, https:\/\/led.amasly.com\/wp-content\/uploads\/2024\/09\/Explosion-proof-high-bay-lights.png 360w\" sizes=\"auto, (max-width: 480px) 150px\" src=\"https:\/\/led.amasly.com\/wp-content\/uploads\/2024\/09\/Explosion-proof-high-bay-lights.png\" alt=\"\" class=\"uag-image-1495\" width=\"300\" height=\"300\" title=\"Robban\u00e1sbiztos magas \u00f6b\u00f6l f\u00e9nyek\" loading=\"lazy\" role=\"img\"><\/a><\/figure><\/div>\n<\/div>\n\n\n\n<div class=\"wp-block-uagb-container uagb-block-4d3efde5\">\n<div class=\"wp-block-uagb-image uagb-block-c9e90797 wp-block-uagb-image--layout-default wp-block-uagb-image--effect-static wp-block-uagb-image--align-none\"><figure class=\"wp-block-uagb-image__figure\"><a class=\"\" href=\"https:\/\/led.amasly.com\/hu_hu\/products\/\" target=\"\" rel=\"noopener\"><img decoding=\"async\" srcset=\"https:\/\/led.amasly.com\/wp-content\/uploads\/2024\/07\/LED-tri-proof-lights2.png ,https:\/\/led.amasly.com\/wp-content\/uploads\/2024\/07\/LED-tri-proof-lights2.png 780w, https:\/\/led.amasly.com\/wp-content\/uploads\/2024\/07\/LED-tri-proof-lights2.png 360w\" sizes=\"auto, (max-width: 480px) 150px\" src=\"https:\/\/led.amasly.com\/wp-content\/uploads\/2024\/07\/LED-tri-proof-lights2.png\" alt=\"\" class=\"uag-image-1132\" width=\"300\" height=\"300\" title=\"LED-tri-proof-lights2\" loading=\"lazy\" role=\"img\"><\/a><\/figure><\/div>\n<\/div>\n\n\n\n<div class=\"wp-block-uagb-container uagb-block-11c2578b\">\n<div class=\"wp-block-uagb-image uagb-block-6e8883aa wp-block-uagb-image--layout-default wp-block-uagb-image--effect-static wp-block-uagb-image--align-none\"><figure class=\"wp-block-uagb-image__figure\"><a class=\"\" href=\"https:\/\/led.amasly.com\/hu_hu\/products\/\" target=\"\" rel=\"noopener\"><img decoding=\"async\" srcset=\"https:\/\/led.amasly.com\/wp-content\/uploads\/2024\/09\/LED-Explosion-Proof-Gas-Station-Light.png ,https:\/\/led.amasly.com\/wp-content\/uploads\/2024\/09\/LED-Explosion-Proof-Gas-Station-Light.png 780w, https:\/\/led.amasly.com\/wp-content\/uploads\/2024\/09\/LED-Explosion-Proof-Gas-Station-Light.png 360w\" sizes=\"auto, (max-width: 480px) 150px\" src=\"https:\/\/led.amasly.com\/wp-content\/uploads\/2024\/09\/LED-Explosion-Proof-Gas-Station-Light.png\" alt=\"\" class=\"uag-image-1501\" width=\"300\" height=\"300\" title=\"LED robban\u00e1sbiztos benzink\u00fat f\u00e9ny\" loading=\"lazy\" role=\"img\"><\/a><\/figure><\/div>\n<\/div>\n<\/div><\/div>\n\n\n\n<div class=\"wp-block-uagb-container uagb-block-548945b5 alignfull uagb-is-root-container\"><div class=\"uagb-container-inner-blocks-wrap\">\n<div class=\"wp-block-uagb-container uagb-block-967755d5\">\n<h4 class=\"wp-block-heading has-text-align-center\"><a href=\"https:\/\/led.amasly.com\/hu_hu\/products\/\">LED robban\u00e1sbiztos f\u00e9nyek<\/a><\/h4>\n<\/div>\n\n\n\n<div class=\"wp-block-uagb-container uagb-block-9bc52fc2\">\n<h4 class=\"wp-block-heading has-text-align-center\"><a href=\"https:\/\/led.amasly.com\/hu_hu\/products\/\">LED Tri-Proof f\u00e9nyek<\/a><\/h4>\n<\/div>\n\n\n\n<div class=\"wp-block-uagb-container uagb-block-8ffa0a23\">\n<h4 class=\"wp-block-heading has-text-align-center\"><a href=\"https:\/\/led.amasly.com\/hu_hu\/products\/\">Robban\u00e1sbiztos benzink\u00fat f\u00e9nyek<\/a><\/h4>\n<\/div>\n<\/div><\/div>\n\n\n\n<div class=\"wp-block-uagb-container uagb-block-29499fe0 alignfull uagb-is-root-container\"><div class=\"uagb-container-inner-blocks-wrap\">\n<div class=\"wp-block-uagb-container uagb-block-777ee1c7\">\n<div class=\"wp-block-uagb-image uagb-block-2e9a1851 wp-block-uagb-image--layout-default wp-block-uagb-image--effect-static wp-block-uagb-image--align-none\"><figure class=\"wp-block-uagb-image__figure\"><a class=\"\" href=\"https:\/\/led.amasly.com\/hu_hu\/products\/\" target=\"\" rel=\"noopener\"><img decoding=\"async\" srcset=\"https:\/\/led.amasly.com\/wp-content\/uploads\/2024\/10\/50W-100W-150W-200W-300W-LED-Flood-Light.jpg ,https:\/\/led.amasly.com\/wp-content\/uploads\/2024\/10\/50W-100W-150W-200W-300W-LED-Flood-Light.jpg 780w, https:\/\/led.amasly.com\/wp-content\/uploads\/2024\/10\/50W-100W-150W-200W-300W-LED-Flood-Light.jpg 360w\" sizes=\"auto, (max-width: 480px) 150px\" src=\"https:\/\/led.amasly.com\/wp-content\/uploads\/2024\/10\/50W-100W-150W-200W-300W-LED-Flood-Light.jpg\" alt=\"\" class=\"uag-image-1526\" width=\"300\" height=\"300\" title=\"50W 100W 150W 200W 300W LED-es \u00e1rv\u00edzf\u00e9ny\" loading=\"lazy\" role=\"img\"><\/a><\/figure><\/div>\n<\/div>\n\n\n\n<div class=\"wp-block-uagb-container uagb-block-af8c8683\">\n<div class=\"wp-block-uagb-image uagb-block-67947854 wp-block-uagb-image--layout-default wp-block-uagb-image--effect-static wp-block-uagb-image--align-none\"><figure class=\"wp-block-uagb-image__figure\"><a class=\"\" href=\"https:\/\/led.amasly.com\/hu_hu\/products\/\" target=\"\" rel=\"noopener\"><img decoding=\"async\" srcset=\"https:\/\/led.amasly.com\/wp-content\/uploads\/2024\/07\/led-tri-proof-light.png ,https:\/\/led.amasly.com\/wp-content\/uploads\/2024\/07\/led-tri-proof-light.png 780w, https:\/\/led.amasly.com\/wp-content\/uploads\/2024\/07\/led-tri-proof-light.png 360w\" sizes=\"auto, (max-width: 480px) 150px\" src=\"https:\/\/led.amasly.com\/wp-content\/uploads\/2024\/07\/led-tri-proof-light.png\" alt=\"\" class=\"uag-image-1130\" width=\"300\" height=\"300\" title=\"led-tri-proof-light\" loading=\"lazy\" role=\"img\"><\/a><\/figure><\/div>\n<\/div>\n\n\n\n<div class=\"wp-block-uagb-container uagb-block-0fdfdd58\">\n<div class=\"wp-block-uagb-image uagb-block-1187d32d wp-block-uagb-image--layout-default wp-block-uagb-image--effect-static wp-block-uagb-image--align-none\"><figure class=\"wp-block-uagb-image__figure\"><a class=\"\" href=\"https:\/\/led.amasly.com\/hu_hu\/products\/\" target=\"\" rel=\"noopener\"><img decoding=\"async\" srcset=\"https:\/\/led.amasly.com\/wp-content\/uploads\/2024\/07\/LED-street-light.jpg ,https:\/\/led.amasly.com\/wp-content\/uploads\/2024\/07\/LED-street-light.jpg 780w, https:\/\/led.amasly.com\/wp-content\/uploads\/2024\/07\/LED-street-light.jpg 360w\" sizes=\"auto, (max-width: 480px) 150px\" src=\"https:\/\/led.amasly.com\/wp-content\/uploads\/2024\/07\/LED-street-light.jpg\" alt=\"\" class=\"uag-image-1145\" width=\"300\" height=\"300\" title=\"LED-es utcai l\u00e1mp\u00e1k\" loading=\"lazy\" role=\"img\"><\/a><\/figure><\/div>\n<\/div>\n<\/div><\/div>\n\n\n\n<div class=\"wp-block-uagb-container uagb-block-6a60882c alignfull uagb-is-root-container\"><div class=\"uagb-container-inner-blocks-wrap\">\n<div class=\"wp-block-uagb-container uagb-block-f1e91a35\">\n<h4 class=\"wp-block-heading has-text-align-center\"><a href=\"https:\/\/led.amasly.com\/hu_hu\/products\/\">LED \u00e1rv\u00edzf\u00e9nyek<\/a><\/h4>\n<\/div>\n\n\n\n<div class=\"wp-block-uagb-container uagb-block-165bfa58\">\n<h4 class=\"wp-block-heading has-text-align-center\"><a href=\"https:\/\/led.amasly.com\/hu_hu\/products\/\">LED Tri-Proof cs\u0151f\u00e9nyek<\/a><\/h4>\n<\/div>\n\n\n\n<div class=\"wp-block-uagb-container uagb-block-f6096e3b\">\n<h4 class=\"wp-block-heading has-text-align-center\"><a href=\"https:\/\/led.amasly.com\/hu_hu\/products\/\">LED utcai l\u00e1mp\u00e1k<\/a><\/h4>\n<\/div>\n<\/div><\/div>\n\n\n\n<div class=\"wp-block-uagb-container uagb-block-99c0e0a5 alignfull uagb-is-root-container\"><div class=\"uagb-container-inner-blocks-wrap\"><\/div><\/div>\n\n\n\n<p><\/p>","protected":false},"excerpt":{"rendered":"<p>Flame Proof Lighting Myths Debunked: Why &#8220;Explosion Proof&#8221; Isn&#8217;t Always Safer Unmasking Common Misconceptions in Hazardous Area Illumination Introduction: The Dangerous Assumption of Equivalence The terms &#8220;flame proof&#8221; and &#8220;explosion proof&#8221; are frequently conflated in industrial lighting, leading to costly and potentially catastrophic misunderstandings. While both certifications aim to mitigate risks in hazardous environments, their [&hellip;]<\/p>\n","protected":false},"author":1,"featured_media":0,"parent":2374,"menu_order":0,"comment_status":"closed","ping_status":"closed","template":"","meta":{"_uag_custom_page_level_css":"","site-sidebar-layout":"no-sidebar","site-content-layout":"","ast-site-content-layout":"default","site-content-style":"default","site-sidebar-style":"default","ast-global-header-display":"","ast-banner-title-visibility":"","ast-main-header-display":"","ast-hfb-above-header-display":"","ast-hfb-below-header-display":"","ast-hfb-mobile-header-display":"","site-post-title":"disabled","ast-breadcrumbs-content":"","ast-featured-img":"","footer-sml-layout":"","ast-disable-related-posts":"","theme-transparent-header-meta":"enabled","adv-header-id-meta":"","stick-header-meta":"","header-above-stick-meta":"","header-main-stick-meta":"","header-below-stick-meta":"","astra-migrate-meta-layouts":"set","ast-page-background-enabled":"default","ast-page-background-meta":{"desktop":{"background-color":"var(--ast-global-color-4)","background-image":"","background-repeat":"repeat","background-position":"center center","background-size":"auto","background-attachment":"scroll","background-type":"","background-media":"","overlay-type":"","overlay-color":"","overlay-opacity":"","overlay-gradient":""},"tablet":{"background-color":"","background-image":"","background-repeat":"repeat","background-position":"center center","background-size":"auto","background-attachment":"scroll","background-type":"","background-media":"","overlay-type":"","overlay-color":"","overlay-opacity":"","overlay-gradient":""},"mobile":{"background-color":"","background-image":"","background-repeat":"repeat","background-position":"center center","background-size":"auto","background-attachment":"scroll","background-type":"","background-media":"","overlay-type":"","overlay-color":"","overlay-opacity":"","overlay-gradient":""}},"ast-content-background-meta":{"desktop":{"background-color":"var(--ast-global-color-5)","background-image":"","background-repeat":"repeat","background-position":"center center","background-size":"auto","background-attachment":"scroll","background-type":"","background-media":"","overlay-type":"","overlay-color":"","overlay-opacity":"","overlay-gradient":""},"tablet":{"background-color":"var(--ast-global-color-5)","background-image":"","background-repeat":"repeat","background-position":"center center","background-size":"auto","background-attachment":"scroll","background-type":"","background-media":"","overlay-type":"","overlay-color":"","overlay-opacity":"","overlay-gradient":""},"mobile":{"background-color":"var(--ast-global-color-5)","background-image":"","background-repeat":"repeat","background-position":"center center","background-size":"auto","background-attachment":"scroll","background-type":"","background-media":"","overlay-type":"","overlay-color":"","overlay-opacity":"","overlay-gradient":""}},"footnotes":""},"class_list":["post-3059","page","type-page","status-publish","hentry"],"uagb_featured_image_src":{"full":false,"thumbnail":false,"medium":false,"medium_large":false,"large":false,"1536x1536":false,"2048x2048":false,"trp-custom-language-flag":false},"uagb_author_info":{"display_name":"Joe","author_link":"https:\/\/led.amasly.com\/hu_hu\/author\/jacklin\/"},"uagb_comment_info":0,"uagb_excerpt":"Flame Proof Lighting Myths Debunked: Why &#8220;Explosion Proof&#8221; Isn&#8217;t Always Safer Unmasking Common Misconceptions in Hazardous Area Illumination Introduction: The Dangerous Assumption of Equivalence The terms &#8220;flame proof&#8221; and &#8220;explosion proof&#8221; are frequently conflated in industrial lighting, leading to costly and potentially catastrophic misunderstandings. While both certifications aim to mitigate risks in hazardous environments, their&hellip;","_links":{"self":[{"href":"https:\/\/led.amasly.com\/hu_hu\/wp-json\/wp\/v2\/pages\/3059","targetHints":{"allow":["GET"]}}],"collection":[{"href":"https:\/\/led.amasly.com\/hu_hu\/wp-json\/wp\/v2\/pages"}],"about":[{"href":"https:\/\/led.amasly.com\/hu_hu\/wp-json\/wp\/v2\/types\/page"}],"author":[{"embeddable":true,"href":"https:\/\/led.amasly.com\/hu_hu\/wp-json\/wp\/v2\/users\/1"}],"replies":[{"embeddable":true,"href":"https:\/\/led.amasly.com\/hu_hu\/wp-json\/wp\/v2\/comments?post=3059"}],"version-history":[{"count":1,"href":"https:\/\/led.amasly.com\/hu_hu\/wp-json\/wp\/v2\/pages\/3059\/revisions"}],"predecessor-version":[{"id":3068,"href":"https:\/\/led.amasly.com\/hu_hu\/wp-json\/wp\/v2\/pages\/3059\/revisions\/3068"}],"up":[{"embeddable":true,"href":"https:\/\/led.amasly.com\/hu_hu\/wp-json\/wp\/v2\/pages\/2374"}],"wp:attachment":[{"href":"https:\/\/led.amasly.com\/hu_hu\/wp-json\/wp\/v2\/media?parent=3059"}],"curies":[{"name":"wp","href":"https:\/\/api.w.org\/{rel}","templated":true}]}}