{"id":3037,"date":"2025-04-11T20:23:27","date_gmt":"2025-04-11T12:23:27","guid":{"rendered":"https:\/\/led.amasly.com\/?page_id=3037"},"modified":"2025-04-11T20:23:35","modified_gmt":"2025-04-11T12:23:35","slug":"why-should-lights-be-explosion-proof-critical-safety-and-compliance-insights","status":"publish","type":"page","link":"https:\/\/led.amasly.com\/hu_hu\/knowledge\/explosion-proof-products-knowledge\/why-should-lights-be-explosion-proof-critical-safety-and-compliance-insights\/","title":{"rendered":"Mi\u00e9rt kell a l\u00e1mp\u00e1knak robban\u00e1sbiztosnak lenni\u00fck? Kritikus biztons\u00e1gi \u00e9s megfelel\u0151s\u00e9gi megl\u00e1t\u00e1sok"},"content":{"rendered":"<div class=\"wp-block-uagb-container uagb-block-27bae773 alignfull uagb-is-root-container\"><div class=\"uagb-container-inner-blocks-wrap\"><\/div><\/div>\n\n\n\n<h2 class=\"wp-block-heading has-text-align-left\"><strong>Mi\u00e9rt kell a f\u00e9nyeknek <\/strong><strong>Robban\u00e1sbiztos<\/strong><strong>? Kritikus biztons\u00e1gi \u00e9s megfelel\u0151s\u00e9gi betekint\u00e9s<\/strong><strong><\/strong><\/h2>\n\n\n\n<div class=\"wp-block-uagb-image uagb-block-da1360b5 wp-block-uagb-image--layout-default wp-block-uagb-image--effect-static wp-block-uagb-image--align-none\"><figure class=\"wp-block-uagb-image__figure\"><a class=\"\" href=\"https:\/\/led.amasly.com\/hu_hu\/products\/\" target=\"\" rel=\"noopener\"><img decoding=\"async\" srcset=\"https:\/\/led.amasly.com\/wp-content\/uploads\/2025\/01\/LED-explosion-proof-flood-lights.png ,https:\/\/led.amasly.com\/wp-content\/uploads\/2025\/01\/LED-explosion-proof-flood-lights.png 780w, https:\/\/led.amasly.com\/wp-content\/uploads\/2025\/01\/LED-explosion-proof-flood-lights.png 360w\" sizes=\"auto, (max-width: 480px) 150px\" src=\"https:\/\/led.amasly.com\/wp-content\/uploads\/2025\/01\/LED-explosion-proof-flood-lights.png\" alt=\"\" class=\"uag-image-1675\" width=\"1004\" height=\"308\" title=\"LED robban\u00e1sbiztos reflektorok\" loading=\"lazy\" role=\"img\"><\/a><\/figure><\/div>\n\n\n\n<p>A robban\u00e1sbiztos vil\u00e1g\u00edt\u00e1s nem luxus - olyan k\u00f6rnyezetben, ahol gy\u00fal\u00e9kony g\u00e1zok, g\u0151z\u00f6k vagy por vesz\u00e9lyezteti a biztons\u00e1got, sz\u00fcks\u00e9g van r\u00e1. A hagyom\u00e1nyos vil\u00e1g\u00edt\u00e1si rendszerek gy\u00fajt\u00f3forr\u00e1ss\u00e1 v\u00e1lhatnak, ami katasztrof\u00e1lis t\u00fczekhez vagy robban\u00e1sokhoz vezethet. Ez a cikk a robban\u00e1sbiztos vil\u00e1g\u00edt\u00e1s alkalmaz\u00e1s\u00e1nak nem vitathat\u00f3 okait vizsg\u00e1lja, a kock\u00e1zatcs\u00f6kkent\u00e9sre, a jogszab\u00e1lyi megfelel\u00e9sre \u00e9s az \u00fczemi rugalmass\u00e1gra \u00f6sszpontos\u00edtva a nagy vesz\u00e9lyt jelent\u0151 ipar\u00e1gakban.<\/p>\n\n\n\n<p>Mi\u00e9rt kell a l\u00e1mp\u00e1knak robban\u00e1sbiztosnak lenni\u00fck?<\/p>\n\n\n\n<h3 class=\"wp-block-heading\"><strong>1. A gyullad\u00e1s megel\u0151z\u00e9se vesz\u00e9lyes k\u00f6rnyezetben<\/strong><strong><\/strong><\/h3>\n\n\n\n<p>Az olyan ipar\u00e1gakban, mint az olaj- \u00e9s g\u00e1zipar, a vegyipar \u00e9s a b\u00e1ny\u00e1szat, az ill\u00e9kony anyagok minden\u00fctt jelen vannak. Egyetlen szikra egy hagyom\u00e1nyos l\u00e1mpatestb\u0151l robban\u00e1st v\u00e1lthat ki. A robban\u00e1sbiztos l\u00e1mp\u00e1kat a k\u00f6vetkez\u0151kkel tervezt\u00e9k:<\/p>\n\n\n\n<p><strong>Lez\u00e1rt burkolatok<\/strong>: Az olyan robusztus anyagok, mint az \u00f6nt\u00f6tt alum\u00ednium \u00e9s az edzett \u00fcveg elszigetelik a bels\u0151 alkatr\u00e9szeket, megakad\u00e1lyozva a szikr\u00e1k vagy a h\u0151 kiszabadul\u00e1s\u00e1t.<\/p>\n\n\n\n<p><strong>H\u0151gazd\u00e1lkod\u00e1s<\/strong>: A h\u0171t\u0151bord\u00e1k \u00e9s az alacsony fesz\u00fclts\u00e9g\u0171 LED-rendszerek minimaliz\u00e1lj\u00e1k a fel\u00fcleti h\u0151m\u00e9rs\u00e9kletet, cs\u00f6kkentve a gyullad\u00e1s kock\u00e1zat\u00e1t m\u00e9g a met\u00e1nban gazdag z\u00f3n\u00e1kban is.<\/p>\n\n\n\n<p><strong>Nyom\u00e1skorl\u00e1toz\u00e1s<\/strong>: A prec\u00edzen kialak\u00edtott l\u00e1ngj\u00e1rati r\u00e9sek \u00e9s nyom\u00e1scs\u00f6kkent\u0151 csatorn\u00e1k biztons\u00e1gosan elvezetik a bels\u0151 robban\u00e1sokat an\u00e9lk\u00fcl, hogy a l\u00e1mpatest megrepedne.<\/p>\n\n\n\n<p>Az olajfinom\u00edt\u00f3kban p\u00e9ld\u00e1ul a hidrog\u00e9n-szulfidg\u00e1z ak\u00e1r 260 \u00b0C-os h\u0151m\u00e9rs\u00e9kleten is meggyulladhat. A robban\u00e1sbiztos LED-ek e k\u00fcsz\u00f6b\u00e9rt\u00e9k alatt m\u0171k\u00f6dnek, ami n\u00e9lk\u00fcl\u00f6zhetetlenn\u00e9 teszi \u0151ket.<\/p>\n\n\n\n<h3 class=\"wp-block-heading\"><strong>2. Jogi \u00e9s szab\u00e1lyoz\u00e1si mand\u00e1tumok<\/strong><strong><\/strong><\/h3>\n\n\n\n<p>A munkahelyi katasztr\u00f3f\u00e1k megel\u0151z\u00e9se \u00e9rdek\u00e9ben a korm\u00e1nyok \u00e9s az ipar\u00e1gi test\u00fcletek szigor\u00fa el\u0151\u00edr\u00e1sokat l\u00e9ptetnek \u00e9letbe. A szab\u00e1lyok be nem tart\u00e1sa b\u00edrs\u00e1gokat, le\u00e1ll\u00edt\u00e1st vagy b\u00fcntet\u0151jogi felel\u0151ss\u00e9gre von\u00e1st eredm\u00e9nyezhet:<\/p>\n\n\n\n<p><strong><a href=\"http:\/\/www.iecex-certs.com\/\" rel=\"nofollow noopener\" target=\"_blank\">ATEX\/IECEx<\/a><\/strong>: Az EU-ban \u00e9s vil\u00e1gszerte az 1. z\u00f3na (g\u00e1z) \u00e9s a 21. z\u00f3na (por) k\u00f6rnyezet\u00e9ben sz\u00fcks\u00e9ges.<\/p>\n\n\n\n<p><strong>OSHA 1910.307 (EGYES\u00dcLT \u00c1LLAMOK)<\/strong>: K\u00f6telezi a robban\u00e1sbiztos szerelv\u00e9nyeket a vesz\u00e9lyesnek min\u0151s\u00edtett ter\u00fcleteken, \u00e9s a b\u00fcntet\u00e9s meghaladja az $15,000-et szab\u00e1lys\u00e9rt\u00e9senk\u00e9nt.<\/p>\n\n\n\n<p><strong>MSHA (b\u00e1ny\u00e1szat)<\/strong>: \u00dct\u00e9s\u00e1ll\u00f3, szikramentes vil\u00e1g\u00edt\u00e1st \u00edr el\u0151 a sz\u00e9nb\u00e1ny\u00e1kban a met\u00e1nrobban\u00e1sok megel\u0151z\u00e9se \u00e9rdek\u00e9ben.<\/p>\n\n\n\n<p>A l\u00e9tes\u00edtm\u00e9nyeknek \u00e1t kell esni\u00fck a DSEAR (Egyes\u00fclt Kir\u00e1lys\u00e1g) vagy az NFPA 70E (Egyes\u00fclt \u00c1llamok) szerinti auditokon a vesz\u00e9lyz\u00f3n\u00e1k oszt\u00e1lyoz\u00e1sa \u00e9s a vil\u00e1g\u00edt\u00e1s megfelel\u0151s\u00e9g\u00e9nek igazol\u00e1sa \u00e9rdek\u00e9ben.<\/p>\n\n\n\n<h3 class=\"wp-block-heading\"><strong>3. A megfelel\u00e9s elmulaszt\u00e1s\u00e1nak p\u00e9nz\u00fcgyi \u00e9s m\u0171k\u00f6d\u00e9si kock\u00e1zatai<\/strong><strong><\/strong><\/h3>\n\n\n\n<p>A robban\u00e1sbiztos vil\u00e1g\u00edt\u00e1si k\u00f6vetelm\u00e9nyek figyelmen k\u00edv\u00fcl hagy\u00e1sa s\u00falyos k\u00f6vetkezm\u00e9nyekkel j\u00e1r:<\/p>\n\n\n\n<p><strong>Biztos\u00edt\u00e1si elutas\u00edt\u00e1sok<\/strong>: A biztos\u00edt\u00f3k gyakran elutas\u00edtj\u00e1k a nem hiteles\u00edtett berendez\u00e9sek \u00e1ltal okozott robban\u00e1sok k\u00e1rig\u00e9ny\u00e9t, \u00edgy a v\u00e1llalkoz\u00e1soknak hatalmas vesztes\u00e9geket kell elviselni\u00fck.<\/p>\n\n\n\n<p><strong>Le\u00e1ll\u00e1si k\u00f6lts\u00e9gek<\/strong>: Egyetlen incidens hetekre le\u00e1ll\u00edthatja a m\u0171k\u00f6d\u00e9st. P\u00e9ld\u00e1ul egy vegyi \u00fczemben a hib\u00e1s vil\u00e1g\u00edt\u00e1s miatt bek\u00f6vetkez\u0151 robban\u00e1s milli\u00f3kba ker\u00fclhet a jav\u00edt\u00e1sok \u00e9s a termel\u00e9kenys\u00e9g kies\u00e9se miatt.<\/p>\n\n\n\n<p><strong>Reput\u00e1ci\u00f3s k\u00e1r<\/strong>: A biztons\u00e1gi hib\u00e1k al\u00e1\u00e1ss\u00e1k az \u00e9rdekelt felek bizalm\u00e1t \u00e9s elriasztj\u00e1k az \u00fcgyfeleket, k\u00fcl\u00f6n\u00f6sen az olyan ipar\u00e1gakban, mint a gy\u00f3gyszeripar vagy az energiaipar, ahol a megfelel\u0151s\u00e9g az egyik \u00e9rt\u00e9kes\u00edt\u00e9si szempont.<\/p>\n\n\n\n<h3 class=\"wp-block-heading\"><strong>4. Ipar\u00e1g-specifikus alkalmaz\u00e1sok, amelyek megk\u00f6vetelik <\/strong><strong>Robban\u00e1sbiztos<\/strong><strong>&nbsp;Vil\u00e1g\u00edt\u00e1s<\/strong><strong><\/strong><\/h3>\n\n\n\n<h4 class=\"wp-block-heading\"><strong>Olaj \u00e9s g\u00e1z<\/strong><strong><\/strong><\/h4>\n\n\n\n<p>A tengeri platformok \u00e9s finom\u00edt\u00f3k met\u00e1nt \u00e9s hidrog\u00e9n-szulfidot kezelnek. A szerelv\u00e9nyeknek ellen kell \u00e1llniuk a korroz\u00edv s\u00f3s v\u00edznek, \u00e9s el kell \u00e9rni\u00fck az Exd IICT6 tan\u00fas\u00edtv\u00e1nyt.<\/p>\n\n\n\n<h4 class=\"wp-block-heading\"><strong>Szennyv\u00edzkezel\u00e9s<\/strong><strong><\/strong><\/h4>\n\n\n\n<p>A szennyv\u00edztart\u00e1lyokban felhalmoz\u00f3d\u00f3 met\u00e1nhoz IP68-as besorol\u00e1s\u00fa, v\u00edz\u00e1ll\u00f3 l\u00e1mp\u00e1kra van sz\u00fcks\u00e9g a g\u00e1z besziv\u00e1rg\u00e1s\u00e1nak \u00e9s az elektromos hib\u00e1k megel\u0151z\u00e9se \u00e9rdek\u00e9ben.<\/p>\n\n\n\n<h4 class=\"wp-block-heading\"><strong>Gy\u00f3gyszerek<\/strong><strong><\/strong><\/h4>\n\n\n\n<p>A por\u00edtott API-k (akt\u00edv gy\u00f3gyszerhat\u00f3anyagok) \u00e9ghet\u0151 por\u00e1hoz por\u00e1ll\u00f3 (IP65+) szerelv\u00e9nyekre van sz\u00fcks\u00e9g a 22-es z\u00f3n\u00e1j\u00fa ter\u00fcleteken.<\/p>\n\n\n\n<h4 class=\"wp-block-heading\"><strong>B\u00e1ny\u00e1szat<\/strong><strong><\/strong><\/h4>\n\n\n\n<p>A sz\u00e9npor \u00e9s a met\u00e1n miatt IK10-es besorol\u00e1s\u00fa, \u00fct\u00e9s\u00e1ll\u00f3, MSHA j\u00f3v\u00e1hagy\u00e1ssal rendelkez\u0151 l\u00e1mp\u00e1kra van sz\u00fcks\u00e9g, hogy t\u00fal\u00e9lj\u00e9k a tet\u0151 leoml\u00e1s\u00e1t \u00e9s a rezg\u00e9seket.<\/p>\n\n\n\n<h3 class=\"wp-block-heading\"><strong>5. A hossz\u00fa t\u00e1v\u00fa el\u0151ny\u00f6k <\/strong><strong>Robban\u00e1sbiztos<\/strong><strong>&nbsp;Vil\u00e1g\u00edt\u00e1s<\/strong><strong><\/strong><\/h3>\n\n\n\n<p><strong>Meghosszabb\u00edtott \u00e9lettartam<\/strong>: A kiv\u00e1l\u00f3 min\u0151s\u00e9g\u0171 LED-ek \u00e9lettartama t\u00f6bb mint 50 000 \u00f3ra, ami cs\u00f6kkenti a cserek\u00f6lts\u00e9geket a nehezen hozz\u00e1f\u00e9rhet\u0151 helyeken, p\u00e9ld\u00e1ul a tengeri f\u00far\u00f3tornyokon.<\/p>\n\n\n\n<p><strong>Energiahat\u00e9konys\u00e1g<\/strong>: A LED-ek ak\u00e1r 80%-tal kevesebb energi\u00e1t fogyasztanak, mint a hagyom\u00e1nyos vil\u00e1g\u00edt\u00e1s, cs\u00f6kkentve ezzel a m\u0171k\u00f6d\u00e9si k\u00f6lts\u00e9geket az energiaig\u00e9nyes ipar\u00e1gakban.<\/p>\n\n\n\n<p class=\"has-text-align-left\"><strong>Intelligens integr\u00e1ci\u00f3<\/strong>: Az IoT-k\u00e9pes robban\u00e1sbiztos rendszerek figyelik a g\u00e1zsziv\u00e1rg\u00e1st vagy a t\u00f6m\u00edt\u00e9s integrit\u00e1s\u00e1t, lehet\u0151v\u00e9 t\u00e9ve a megel\u0151z\u0151 karbantart\u00e1st \u00e9s cs\u00f6kkentve a nem tervezett \u00e1ll\u00e1sid\u0151t.<\/p>\n\n\n\n<div class=\"wp-block-uagb-container uagb-block-c7d898dd alignfull uagb-is-root-container\"><div class=\"uagb-container-inner-blocks-wrap\"><\/div><\/div>\n\n\n\n<h2 class=\"wp-block-heading\">Kapcsol\u00f3d\u00f3 term\u00e9kek<\/h2>\n\n\n\n<div class=\"wp-block-uagb-container uagb-block-66e4defc alignfull uagb-is-root-container\"><div class=\"uagb-container-inner-blocks-wrap\">\n<div class=\"wp-block-uagb-container uagb-block-a42945f9\">\n<div class=\"wp-block-uagb-image uagb-block-7296296b wp-block-uagb-image--layout-default wp-block-uagb-image--effect-static wp-block-uagb-image--align-none\"><figure class=\"wp-block-uagb-image__figure\"><a class=\"\" href=\"https:\/\/led.amasly.com\/hu_hu\/products\/\" target=\"\" rel=\"noopener\"><img decoding=\"async\" srcset=\"https:\/\/led.amasly.com\/wp-content\/uploads\/2024\/09\/Explosion-proof-high-bay-lights.png ,https:\/\/led.amasly.com\/wp-content\/uploads\/2024\/09\/Explosion-proof-high-bay-lights.png 780w, https:\/\/led.amasly.com\/wp-content\/uploads\/2024\/09\/Explosion-proof-high-bay-lights.png 360w\" sizes=\"auto, (max-width: 480px) 150px\" src=\"https:\/\/led.amasly.com\/wp-content\/uploads\/2024\/09\/Explosion-proof-high-bay-lights.png\" alt=\"\" class=\"uag-image-1495\" width=\"300\" height=\"300\" title=\"Robban\u00e1sbiztos magas \u00f6b\u00f6l f\u00e9nyek\" loading=\"lazy\" role=\"img\"><\/a><\/figure><\/div>\n<\/div>\n\n\n\n<div class=\"wp-block-uagb-container uagb-block-4d3efde5\">\n<div class=\"wp-block-uagb-image uagb-block-c9e90797 wp-block-uagb-image--layout-default wp-block-uagb-image--effect-static wp-block-uagb-image--align-none\"><figure class=\"wp-block-uagb-image__figure\"><a class=\"\" href=\"https:\/\/led.amasly.com\/hu_hu\/products\/\" target=\"\" rel=\"noopener\"><img decoding=\"async\" srcset=\"https:\/\/led.amasly.com\/wp-content\/uploads\/2024\/07\/LED-tri-proof-lights2.png ,https:\/\/led.amasly.com\/wp-content\/uploads\/2024\/07\/LED-tri-proof-lights2.png 780w, https:\/\/led.amasly.com\/wp-content\/uploads\/2024\/07\/LED-tri-proof-lights2.png 360w\" sizes=\"auto, (max-width: 480px) 150px\" src=\"https:\/\/led.amasly.com\/wp-content\/uploads\/2024\/07\/LED-tri-proof-lights2.png\" alt=\"\" class=\"uag-image-1132\" width=\"300\" height=\"300\" title=\"LED-tri-proof-lights2\" loading=\"lazy\" role=\"img\"><\/a><\/figure><\/div>\n<\/div>\n\n\n\n<div class=\"wp-block-uagb-container uagb-block-11c2578b\">\n<div class=\"wp-block-uagb-image uagb-block-6e8883aa wp-block-uagb-image--layout-default wp-block-uagb-image--effect-static wp-block-uagb-image--align-none\"><figure class=\"wp-block-uagb-image__figure\"><a class=\"\" href=\"https:\/\/led.amasly.com\/hu_hu\/products\/\" target=\"\" rel=\"noopener\"><img decoding=\"async\" srcset=\"https:\/\/led.amasly.com\/wp-content\/uploads\/2024\/09\/LED-Explosion-Proof-Gas-Station-Light.png ,https:\/\/led.amasly.com\/wp-content\/uploads\/2024\/09\/LED-Explosion-Proof-Gas-Station-Light.png 780w, https:\/\/led.amasly.com\/wp-content\/uploads\/2024\/09\/LED-Explosion-Proof-Gas-Station-Light.png 360w\" sizes=\"auto, (max-width: 480px) 150px\" src=\"https:\/\/led.amasly.com\/wp-content\/uploads\/2024\/09\/LED-Explosion-Proof-Gas-Station-Light.png\" alt=\"\" class=\"uag-image-1501\" width=\"300\" height=\"300\" title=\"LED robban\u00e1sbiztos benzink\u00fat f\u00e9ny\" loading=\"lazy\" role=\"img\"><\/a><\/figure><\/div>\n<\/div>\n<\/div><\/div>\n\n\n\n<div class=\"wp-block-uagb-container uagb-block-548945b5 alignfull uagb-is-root-container\"><div class=\"uagb-container-inner-blocks-wrap\">\n<div class=\"wp-block-uagb-container uagb-block-967755d5\">\n<h4 class=\"wp-block-heading has-text-align-center\"><a href=\"https:\/\/led.amasly.com\/hu_hu\/products\/\">LED robban\u00e1sbiztos f\u00e9nyek<\/a><\/h4>\n<\/div>\n\n\n\n<div class=\"wp-block-uagb-container uagb-block-9bc52fc2\">\n<h4 class=\"wp-block-heading has-text-align-center\"><a href=\"https:\/\/led.amasly.com\/hu_hu\/products\/\">LED Tri-Proof f\u00e9nyek<\/a><\/h4>\n<\/div>\n\n\n\n<div class=\"wp-block-uagb-container uagb-block-8ffa0a23\">\n<h4 class=\"wp-block-heading has-text-align-center\"><a href=\"https:\/\/led.amasly.com\/hu_hu\/products\/\">Robban\u00e1sbiztos benzink\u00fat f\u00e9nyek<\/a><\/h4>\n<\/div>\n<\/div><\/div>\n\n\n\n<div class=\"wp-block-uagb-container uagb-block-29499fe0 alignfull uagb-is-root-container\"><div class=\"uagb-container-inner-blocks-wrap\">\n<div class=\"wp-block-uagb-container uagb-block-777ee1c7\">\n<div class=\"wp-block-uagb-image uagb-block-2e9a1851 wp-block-uagb-image--layout-default wp-block-uagb-image--effect-static wp-block-uagb-image--align-none\"><figure class=\"wp-block-uagb-image__figure\"><a class=\"\" href=\"https:\/\/led.amasly.com\/hu_hu\/products\/\" target=\"\" rel=\"noopener\"><img decoding=\"async\" srcset=\"https:\/\/led.amasly.com\/wp-content\/uploads\/2024\/10\/50W-100W-150W-200W-300W-LED-Flood-Light.jpg ,https:\/\/led.amasly.com\/wp-content\/uploads\/2024\/10\/50W-100W-150W-200W-300W-LED-Flood-Light.jpg 780w, https:\/\/led.amasly.com\/wp-content\/uploads\/2024\/10\/50W-100W-150W-200W-300W-LED-Flood-Light.jpg 360w\" sizes=\"auto, (max-width: 480px) 150px\" src=\"https:\/\/led.amasly.com\/wp-content\/uploads\/2024\/10\/50W-100W-150W-200W-300W-LED-Flood-Light.jpg\" alt=\"\" class=\"uag-image-1526\" width=\"300\" height=\"300\" title=\"50W 100W 150W 200W 300W LED-es \u00e1rv\u00edzf\u00e9ny\" loading=\"lazy\" role=\"img\"><\/a><\/figure><\/div>\n<\/div>\n\n\n\n<div class=\"wp-block-uagb-container uagb-block-af8c8683\">\n<div class=\"wp-block-uagb-image uagb-block-67947854 wp-block-uagb-image--layout-default wp-block-uagb-image--effect-static wp-block-uagb-image--align-none\"><figure class=\"wp-block-uagb-image__figure\"><a class=\"\" href=\"https:\/\/led.amasly.com\/hu_hu\/products\/\" target=\"\" rel=\"noopener\"><img decoding=\"async\" srcset=\"https:\/\/led.amasly.com\/wp-content\/uploads\/2024\/07\/led-tri-proof-light.png ,https:\/\/led.amasly.com\/wp-content\/uploads\/2024\/07\/led-tri-proof-light.png 780w, https:\/\/led.amasly.com\/wp-content\/uploads\/2024\/07\/led-tri-proof-light.png 360w\" sizes=\"auto, (max-width: 480px) 150px\" src=\"https:\/\/led.amasly.com\/wp-content\/uploads\/2024\/07\/led-tri-proof-light.png\" alt=\"\" class=\"uag-image-1130\" width=\"300\" height=\"300\" title=\"led-tri-proof-light\" loading=\"lazy\" role=\"img\"><\/a><\/figure><\/div>\n<\/div>\n\n\n\n<div class=\"wp-block-uagb-container uagb-block-0fdfdd58\">\n<div class=\"wp-block-uagb-image uagb-block-1187d32d wp-block-uagb-image--layout-default wp-block-uagb-image--effect-static wp-block-uagb-image--align-none\"><figure class=\"wp-block-uagb-image__figure\"><a class=\"\" href=\"https:\/\/led.amasly.com\/hu_hu\/products\/\" target=\"\" rel=\"noopener\"><img decoding=\"async\" srcset=\"https:\/\/led.amasly.com\/wp-content\/uploads\/2024\/07\/LED-street-light.jpg ,https:\/\/led.amasly.com\/wp-content\/uploads\/2024\/07\/LED-street-light.jpg 780w, https:\/\/led.amasly.com\/wp-content\/uploads\/2024\/07\/LED-street-light.jpg 360w\" sizes=\"auto, (max-width: 480px) 150px\" src=\"https:\/\/led.amasly.com\/wp-content\/uploads\/2024\/07\/LED-street-light.jpg\" alt=\"\" class=\"uag-image-1145\" width=\"300\" height=\"300\" title=\"LED-es utcai l\u00e1mp\u00e1k\" loading=\"lazy\" role=\"img\"><\/a><\/figure><\/div>\n<\/div>\n<\/div><\/div>\n\n\n\n<div class=\"wp-block-uagb-container uagb-block-6a60882c alignfull uagb-is-root-container\"><div class=\"uagb-container-inner-blocks-wrap\">\n<div class=\"wp-block-uagb-container uagb-block-f1e91a35\">\n<h4 class=\"wp-block-heading has-text-align-center\"><a href=\"https:\/\/led.amasly.com\/hu_hu\/products\/\">LED \u00e1rv\u00edzf\u00e9nyek<\/a><\/h4>\n<\/div>\n\n\n\n<div class=\"wp-block-uagb-container uagb-block-165bfa58\">\n<h4 class=\"wp-block-heading has-text-align-center\"><a href=\"https:\/\/led.amasly.com\/hu_hu\/products\/\">LED Tri-Proof cs\u0151f\u00e9nyek<\/a><\/h4>\n<\/div>\n\n\n\n<div class=\"wp-block-uagb-container uagb-block-f6096e3b\">\n<h4 class=\"wp-block-heading has-text-align-center\"><a href=\"https:\/\/led.amasly.com\/hu_hu\/products\/\">LED utcai l\u00e1mp\u00e1k<\/a><\/h4>\n<\/div>\n<\/div><\/div>\n\n\n\n<div class=\"wp-block-uagb-container uagb-block-99c0e0a5 alignfull uagb-is-root-container\"><div class=\"uagb-container-inner-blocks-wrap\"><\/div><\/div>\n\n\n\n<p><\/p>","protected":false},"excerpt":{"rendered":"<p>Why Should Lights Be Explosion Proof? Critical Safety and Compliance Insights Explosion Proof&nbsp;lighting is not a luxury\u2014it\u2019s a necessity in environments where flammable gases, vapors, or dust threaten safety. Standard lighting systems can become ignition sources, leading to catastrophic fires or explosions. This article explores the non-negotiable reasons for deploying Explosion Proof&nbsp;lights, focusing on risk [&hellip;]<\/p>\n","protected":false},"author":1,"featured_media":0,"parent":2374,"menu_order":0,"comment_status":"closed","ping_status":"closed","template":"","meta":{"_uag_custom_page_level_css":"","site-sidebar-layout":"no-sidebar","site-content-layout":"","ast-site-content-layout":"default","site-content-style":"default","site-sidebar-style":"default","ast-global-header-display":"","ast-banner-title-visibility":"","ast-main-header-display":"","ast-hfb-above-header-display":"","ast-hfb-below-header-display":"","ast-hfb-mobile-header-display":"","site-post-title":"disabled","ast-breadcrumbs-content":"","ast-featured-img":"","footer-sml-layout":"","ast-disable-related-posts":"","theme-transparent-header-meta":"enabled","adv-header-id-meta":"","stick-header-meta":"","header-above-stick-meta":"","header-main-stick-meta":"","header-below-stick-meta":"","astra-migrate-meta-layouts":"set","ast-page-background-enabled":"default","ast-page-background-meta":{"desktop":{"background-color":"var(--ast-global-color-4)","background-image":"","background-repeat":"repeat","background-position":"center center","background-size":"auto","background-attachment":"scroll","background-type":"","background-media":"","overlay-type":"","overlay-color":"","overlay-opacity":"","overlay-gradient":""},"tablet":{"background-color":"","background-image":"","background-repeat":"repeat","background-position":"center center","background-size":"auto","background-attachment":"scroll","background-type":"","background-media":"","overlay-type":"","overlay-color":"","overlay-opacity":"","overlay-gradient":""},"mobile":{"background-color":"","background-image":"","background-repeat":"repeat","background-position":"center center","background-size":"auto","background-attachment":"scroll","background-type":"","background-media":"","overlay-type":"","overlay-color":"","overlay-opacity":"","overlay-gradient":""}},"ast-content-background-meta":{"desktop":{"background-color":"var(--ast-global-color-5)","background-image":"","background-repeat":"repeat","background-position":"center center","background-size":"auto","background-attachment":"scroll","background-type":"","background-media":"","overlay-type":"","overlay-color":"","overlay-opacity":"","overlay-gradient":""},"tablet":{"background-color":"var(--ast-global-color-5)","background-image":"","background-repeat":"repeat","background-position":"center center","background-size":"auto","background-attachment":"scroll","background-type":"","background-media":"","overlay-type":"","overlay-color":"","overlay-opacity":"","overlay-gradient":""},"mobile":{"background-color":"var(--ast-global-color-5)","background-image":"","background-repeat":"repeat","background-position":"center center","background-size":"auto","background-attachment":"scroll","background-type":"","background-media":"","overlay-type":"","overlay-color":"","overlay-opacity":"","overlay-gradient":""}},"footnotes":""},"class_list":["post-3037","page","type-page","status-publish","hentry"],"uagb_featured_image_src":{"full":false,"thumbnail":false,"medium":false,"medium_large":false,"large":false,"1536x1536":false,"2048x2048":false,"trp-custom-language-flag":false},"uagb_author_info":{"display_name":"Joe","author_link":"https:\/\/led.amasly.com\/hu_hu\/author\/jacklin\/"},"uagb_comment_info":0,"uagb_excerpt":"Why Should Lights Be Explosion Proof? Critical Safety and Compliance Insights Explosion Proof&nbsp;lighting is not a luxury\u2014it\u2019s a necessity in environments where flammable gases, vapors, or dust threaten safety. Standard lighting systems can become ignition sources, leading to catastrophic fires or explosions. This article explores the non-negotiable reasons for deploying Explosion Proof&nbsp;lights, focusing on risk&hellip;","_links":{"self":[{"href":"https:\/\/led.amasly.com\/hu_hu\/wp-json\/wp\/v2\/pages\/3037","targetHints":{"allow":["GET"]}}],"collection":[{"href":"https:\/\/led.amasly.com\/hu_hu\/wp-json\/wp\/v2\/pages"}],"about":[{"href":"https:\/\/led.amasly.com\/hu_hu\/wp-json\/wp\/v2\/types\/page"}],"author":[{"embeddable":true,"href":"https:\/\/led.amasly.com\/hu_hu\/wp-json\/wp\/v2\/users\/1"}],"replies":[{"embeddable":true,"href":"https:\/\/led.amasly.com\/hu_hu\/wp-json\/wp\/v2\/comments?post=3037"}],"version-history":[{"count":1,"href":"https:\/\/led.amasly.com\/hu_hu\/wp-json\/wp\/v2\/pages\/3037\/revisions"}],"predecessor-version":[{"id":3046,"href":"https:\/\/led.amasly.com\/hu_hu\/wp-json\/wp\/v2\/pages\/3037\/revisions\/3046"}],"up":[{"embeddable":true,"href":"https:\/\/led.amasly.com\/hu_hu\/wp-json\/wp\/v2\/pages\/2374"}],"wp:attachment":[{"href":"https:\/\/led.amasly.com\/hu_hu\/wp-json\/wp\/v2\/media?parent=3037"}],"curies":[{"name":"wp","href":"https:\/\/api.w.org\/{rel}","templated":true}]}}