{"id":3035,"date":"2025-04-11T15:43:16","date_gmt":"2025-04-11T07:43:16","guid":{"rendered":"https:\/\/led.amasly.com\/?page_id=3035"},"modified":"2025-04-11T15:43:27","modified_gmt":"2025-04-11T07:43:27","slug":"how-to-design-and-manufacture-explosion-proof-lighting-systems-for-hazardous-environmentspe-and-installation-introduce","status":"publish","type":"page","link":"https:\/\/led.amasly.com\/hu_hu\/knowledge\/explosion-proof-products-knowledge\/how-to-design-and-manufacture-explosion-proof-lighting-systems-for-hazardous-environmentspe-and-installation-introduce\/","title":{"rendered":"Hogyan tervezz\u00fcnk \u00e9s gy\u00e1rtjunk robban\u00e1sbiztos vil\u00e1g\u00edt\u00e1si rendszereket vesz\u00e9lyes k\u00f6rnyezetbepe \u00e9s a telep\u00edt\u00e9s bevezet\u00e9se"},"content":{"rendered":"<div class=\"wp-block-uagb-container uagb-block-27bae773 alignfull uagb-is-root-container\"><div class=\"uagb-container-inner-blocks-wrap\"><\/div><\/div>\n\n\n\n<h2 class=\"wp-block-heading has-text-align-left\"><strong>Hogyan tervezz\u00fcnk \u00e9s gy\u00e1rtsunk <\/strong><strong>Robban\u00e1sbiztos<\/strong><strong>&nbsp;Vesz\u00e9lyes k\u00f6rnyezetek vil\u00e1g\u00edt\u00e1si rendszerei<\/strong><strong><\/strong><\/h2>\n\n\n\n<div class=\"wp-block-uagb-image uagb-block-da1360b5 wp-block-uagb-image--layout-default wp-block-uagb-image--effect-static wp-block-uagb-image--align-none\"><figure class=\"wp-block-uagb-image__figure\"><a class=\"\" href=\"https:\/\/led.amasly.com\/hu_hu\/products\/explosion-proof-lights\/\" target=\"\" rel=\"noopener\"><img decoding=\"async\" srcset=\"https:\/\/led.amasly.com\/wp-content\/uploads\/2025\/01\/LED-explosion-proof-flood-lights.png ,https:\/\/led.amasly.com\/wp-content\/uploads\/2025\/01\/LED-explosion-proof-flood-lights.png 780w, https:\/\/led.amasly.com\/wp-content\/uploads\/2025\/01\/LED-explosion-proof-flood-lights.png 360w\" sizes=\"auto, (max-width: 480px) 150px\" src=\"https:\/\/led.amasly.com\/wp-content\/uploads\/2025\/01\/LED-explosion-proof-flood-lights.png\" alt=\"\" class=\"uag-image-1675\" width=\"1004\" height=\"308\" title=\"LED robban\u00e1sbiztos reflektorok\" loading=\"lazy\" role=\"img\"><\/a><\/figure><\/div>\n\n\n\n<p>Az olyan ipar\u00e1gakban, mint az olaj- \u00e9s g\u00e1zipar, a vegyipari feldolgoz\u00e1s \u00e9s a b\u00e1ny\u00e1szat, a robban\u00e1sbiztos vil\u00e1g\u00edt\u00e1s nem csup\u00e1n szab\u00e1lyoz\u00e1si k\u00f6vetelm\u00e9ny - hanem \u00e9letment\u0151. Ezek a speci\u00e1lis l\u00e1mpatestek megakad\u00e1lyozz\u00e1k a gy\u00fal\u00e9kony g\u00e1zok, g\u0151z\u00f6k vagy porok meggyullad\u00e1s\u00e1t, \u00edgy biztos\u00edtva a biztons\u00e1got ill\u00e9kony k\u00f6r\u00fclm\u00e9nyek k\u00f6z\u00f6tt. Ez az \u00fatmutat\u00f3 felt\u00e1rja a megb\u00edzhat\u00f3 robban\u00e1sbiztos vil\u00e1g\u00edt\u00e1si rendszerek tervez\u00e9s\u00e9nek kritikus l\u00e9p\u00e9seit, mik\u00f6zben a teljes\u00edtm\u00e9ny \u00e9s a megfelel\u0151s\u00e9g szempontj\u00e1b\u00f3l a legjobb gyakorlatokat integr\u00e1lja.<\/p>\n\n\n\n<h3 class=\"wp-block-heading\"><strong>1. Az alapvet\u0151 \u00f6sszetev\u0151i <\/strong><strong>Robban\u00e1sbiztos<\/strong><strong>&nbsp;Vil\u00e1g\u00edt\u00e1s<\/strong><strong><\/strong><\/h3>\n\n\n\n<h4 class=\"wp-block-heading\"><strong>Anyagv\u00e1laszt\u00e1s a tart\u00f3ss\u00e1g \u00e9s biztons\u00e1g \u00e9rdek\u00e9ben<\/strong><strong><\/strong><\/h4>\n\n\n\n<p>A robban\u00e1sbiztos szerelv\u00e9nyek olyan robusztus anyagokat ig\u00e9nyelnek, amelyek ellen\u00e1llnak a sz\u00e9ls\u0151s\u00e9ges k\u00f6r\u00fclm\u00e9nyeknek. Az alum\u00ednium\u00f6tv\u00f6zeteket k\u00f6nny\u0171, m\u00e9gis tart\u00f3s tulajdons\u00e1gaik, korr\u00f3zi\u00f3\u00e1ll\u00f3s\u00e1guk \u00e9s kiv\u00e1l\u00f3 h\u0151elvezet\u00e9s\u00fck miatt sz\u00e9les k\u00f6rben haszn\u00e1lj\u00e1k h\u00e1zakhoz12. A lencseburkolatok eset\u00e9ben az edzett \u00fcveg vagy polikarbon\u00e1t t\u00f6r\u00e9s\u00e1ll\u00f3 tisztas\u00e1got biztos\u00edt, mik\u00f6zben a bels\u0151 szikr\u00e1k elszigetel\u00e9se \u00e9rdek\u00e9ben z\u00e1rt k\u00f6rnyezetet tart fenn.<\/p>\n\n\n\n<p>A t\u00f6m\u00edt\u0151 mechanizmusok, p\u00e9ld\u00e1ul a menetes k\u00f6t\u00e9sek \u00e9s a t\u00f6m\u00edt\u0151t\u00f6m\u00edt\u00e9sek megakad\u00e1lyozz\u00e1k, hogy vesz\u00e9lyes anyagok jussanak a szerelv\u00e9nybe. Ezeknek az alkatr\u00e9szeknek meg kell felelni\u00fck az IP66 vagy ann\u00e1l magasabb besorol\u00e1snak, hogy por- \u00e9s v\u00edz\u00e1ll\u00f3 teljes\u00edtm\u00e9nyt biztos\u00edtsanak.<\/p>\n\n\n\n<h4 class=\"wp-block-heading\"><strong>Fejlett LED technol\u00f3gia integr\u00e1ci\u00f3<\/strong><strong><\/strong><\/h4>\n\n\n\n<p>A LED-ek alacsony h\u0151kibocs\u00e1t\u00e1suk, energiahat\u00e9konys\u00e1guk \u00e9s hossz\u00fa \u00e9lettartamuk miatt domin\u00e1lnak a robban\u00e1sbiztos vil\u00e1g\u00edt\u00e1sban. A hagyom\u00e1nyos halog\u00e9n- vagy f\u00e9mhalog\u00e9nl\u00e1mp\u00e1kt\u00f3l elt\u00e9r\u0151en a LED-ek cs\u00f6kkentik a g\u00e1zokban gazdag k\u00f6rnyezetben jelentkez\u0151 termikus kock\u00e1zatokat, \u00e9s hat\u00e9konyan m\u0171k\u00f6dnek biztons\u00e1gos egyenfesz\u00fclts\u00e9gen (pl. 35 V), minimaliz\u00e1lva a szikrakock\u00e1zatot. A kiv\u00e1l\u00f3 min\u0151s\u00e9g\u0171 LED-ek \u00e1lland\u00f3 \u00e1ram\u00fa meghajt\u00f3kkal p\u00e1ros\u00edtva stabil teljes\u00edtm\u00e9nyt biztos\u00edtanak m\u00e9g ingadoz\u00f3 \u00e1ramell\u00e1t\u00e1si k\u00f6r\u00fclm\u00e9nyek k\u00f6z\u00f6tt is.<\/p>\n\n\n\n<h3 class=\"wp-block-heading\"><strong>2. A robban\u00e1s elleni v\u00e9delem tervez\u00e9se<\/strong><strong><\/strong><\/h3>\n\n\n\n<h4 class=\"wp-block-heading\"><strong>Vesz\u00e9ly-specifikus tervez\u00e9si elvek<\/strong><strong><\/strong><\/h4>\n\n\n\n<p>A robban\u00e1sbiztos l\u00e1mpatestek \u00fagy vannak kialak\u00edtva, hogy a bels\u0151 gy\u00fajt\u00e1st elszigetelj\u00e9k, \u00e9s megakad\u00e1lyozz\u00e1k, hogy az k\u00fcls\u0151 vesz\u00e9lyeket id\u00e9zzen el\u0151. A legfontosabb tervez\u00e9si strat\u00e9gi\u00e1k a k\u00f6vetkez\u0151k:<\/p>\n\n\n\n<p><strong>L\u00e1ngj\u00e1rat r\u00e9sek<\/strong>: Prec\u00edzi\u00f3s megmunk\u00e1l\u00e1s\u00fa varratok, amelyek a ki\u00e1raml\u00f3 g\u00e1zokat a gyullad\u00e1si h\u0151m\u00e9rs\u00e9klet al\u00e1 h\u0171tik.<\/p>\n\n\n\n<p><strong>Nyom\u00e1scs\u00f6kkent\u0151 csatorn\u00e1k<\/strong>: A bels\u0151 robban\u00e1sok biztons\u00e1gos eloszlat\u00e1sa a szerkezeti integrit\u00e1s vesz\u00e9lyeztet\u00e9se n\u00e9lk\u00fcl.<\/p>\n\n\n\n<p><strong>H\u0151gazd\u00e1lkod\u00e1s<\/strong>: A h\u0171t\u0151bord\u00e1k \u00e9s a szell\u0151ztetett h\u00e1zak megakad\u00e1lyozz\u00e1k a t\u00falmeleged\u00e9st, ami kritikus t\u00e9nyez\u0151 a LED-ek \u00e9lettartam\u00e1ban<\/p>\n\n\n\n<h4 class=\"wp-block-heading\"><strong>Tan\u00fas\u00edt\u00e1s \u00e9s megfelel\u00e9s<\/strong><strong><\/strong><\/h4>\n\n\n\n<p>A l\u00e1mpatesteknek meg kell felelni\u00fck a szigor\u00fa nemzetk\u00f6zi szabv\u00e1nyoknak, mint p\u00e9ld\u00e1ul:<\/p>\n\n\n\n<p><strong>ATEX (EU)<\/strong>: Robban\u00e1svesz\u00e9lyes l\u00e9gk\u00f6rben haszn\u00e1lt berendez\u00e9sekhez (2014\/34\/EU ir\u00e1nyelv).<\/p>\n\n\n\n<p><strong><a href=\"http:\/\/www.iecex-certs.com\/\" rel=\"nofollow noopener\" target=\"_blank\">IECEx<\/a><\/strong>: Glob\u00e1lis tan\u00fas\u00edt\u00e1s robban\u00e1svesz\u00e9lyes k\u00f6rnyezetekre.<\/p>\n\n\n\n<p><strong>NEC\/CEC (\u00c9szak-Amerika)<\/strong>: I. oszt\u00e1ly (g\u00e1zok) \u00e9s II. oszt\u00e1ly (por) megfelel\u0151s\u00e9ge.<\/p>\n\n\n\n<p>A harmadik f\u00e9l \u00e1ltal v\u00e9gzett tesztek igazolj\u00e1k a szimul\u00e1lt vesz\u00e9lyek, k\u00f6zt\u00fck a robban\u00e1svesz\u00e9lyes kever\u00e9keknek \u00e9s sz\u00e9ls\u0151s\u00e9ges h\u0151m\u00e9rs\u00e9kleteknek val\u00f3 kitetts\u00e9g tart\u00f3ss\u00e1g\u00e1t.<\/p>\n\n\n\n<h3 class=\"wp-block-heading\"><strong>3. A gy\u00e1rt\u00e1si folyamat \u00e1ttekint\u00e9se<\/strong><strong><\/strong><\/h3>\n\n\n\n<h4 class=\"wp-block-heading\"><strong>1. l\u00e9p\u00e9s: Protot\u00edpusok \u00e9s szimul\u00e1ci\u00f3<\/strong><strong><\/strong><\/h4>\n\n\n\n<p>A digit\u00e1lis modellez\u0151 eszk\u00f6z\u00f6k szimul\u00e1lj\u00e1k a termikus dinamik\u00e1t \u00e9s a nyom\u00e1s\u00e1ll\u00f3s\u00e1got. A v\u00e9geselem-elemz\u00e9s (FEA) azonos\u00edtja a h\u00e1ztervek fesz\u00fclts\u00e9gpontjait, biztos\u00edtva a szerkezeti rugalmass\u00e1got.<\/p>\n\n\n\n<h4 class=\"wp-block-heading\"><strong>2. l\u00e9p\u00e9s: Prec\u00edzi\u00f3s \u00f6sszeszerel\u00e9s<\/strong><strong><\/strong><\/h4>\n\n\n\n<p>Az alkatr\u00e9szeket ellen\u0151rz\u00f6tt k\u00f6rnyezetben szerelik \u00f6ssze a szennyez\u0151d\u00e9sek elker\u00fcl\u00e9se \u00e9rdek\u00e9ben. A kritikus l\u00e9p\u00e9sek a k\u00f6vetkez\u0151k:<\/p>\n\n\n\n<p>T\u00f6m\u00edt\u00e9sek \u00e9s menetes k\u00f6t\u00e9sek t\u00f6m\u00edt\u00e9se korr\u00f3zi\u00f3g\u00e1tl\u00f3 vegy\u00fcletekkel.<\/p>\n\n\n\n<p>LED-modulok integr\u00e1l\u00e1sa hamis\u00edt\u00e1sbiztos vezet\u00e9kekkel \u00e9s t\u00falfesz\u00fclts\u00e9g-v\u00e9d\u0151kkel.<\/p>\n\n\n\n<h4 class=\"wp-block-heading\"><strong>3. l\u00e9p\u00e9s: Szigor\u00fa tesztel\u00e9s<\/strong><strong><\/strong><\/h4>\n\n\n\n<p><strong>Robban\u00e1sv\u00e9delmi vizsg\u00e1latok<\/strong>: Bels\u0151 gy\u00fajtogat\u00e1ssal ellen\u0151rizze a l\u00e1mpatesteket, hogy ellen\u0151rizze a szigetel\u00e9st.<\/p>\n\n\n\n<p><strong>K\u00f6rnyezeti stressztesztek<\/strong>: \u00c9rt\u00e9kelje a teljes\u00edtm\u00e9nyt sz\u00e9ls\u0151s\u00e9ges h\u0151m\u00e9rs\u00e9klet, p\u00e1ratartalom \u00e9s rezg\u00e9s eset\u00e9n.<\/p>\n\n\n\n<p><strong>Fotometriai elemz\u00e9s<\/strong>: Egyenletes megvil\u00e1g\u00edt\u00e1s biztos\u00edt\u00e1sa k\u00e1pr\u00e1z\u00e1s \u00e9s s\u00f6t\u00e9t z\u00f3n\u00e1k n\u00e9lk\u00fcl.<\/p>\n\n\n\n<h3 class=\"wp-block-heading\"><strong>4. Telep\u00edt\u00e9si \u00e9s karbantart\u00e1si legjobb gyakorlatok<\/strong><strong><\/strong><\/h3>\n\n\n\n<h4 class=\"wp-block-heading\"><strong>Z\u00f3naspecifikus telep\u00edt\u00e9s<\/strong><strong><\/strong><\/h4>\n\n\n\n<p>A berendez\u00e9si t\u00e1rgyakat a vesz\u00e9lyz\u00f3n\u00e1khoz kell igaz\u00edtani (pl. 1. z\u00f3na id\u0151szakos g\u00e1zjelens\u00e9gek eset\u00e9n, 21. z\u00f3na \u00e9ghet\u0151 por eset\u00e9n). P\u00e9ld\u00e1ul a benzinkutakhoz IP67-es besorol\u00e1s\u00fa, antisztatikus bevonattal ell\u00e1tott l\u00e1mpatestek sz\u00fcks\u00e9gesek a g\u0151zgyullad\u00e1s megakad\u00e1lyoz\u00e1sa \u00e9rdek\u00e9ben.<\/p>\n\n\n\n<h4 class=\"wp-block-heading\"><strong>Hossz\u00fa \u00e9lettartam optimaliz\u00e1l\u00e1s<\/strong><strong><\/strong><\/h4>\n\n\n\n<p>Haszn\u00e1ljon impulzussz\u00e9less\u00e9g-modul\u00e1ci\u00f3s (PWM) meghajt\u00f3kat a LED h\u0151terhel\u00e9s\u00e9nek cs\u00f6kkent\u00e9se \u00e9rdek\u00e9ben.<\/p>\n\n\n\n<p class=\"has-text-align-left\">Tervezze be a rutinellen\u0151rz\u00e9seket a t\u00f6m\u00edt\u00e9s \u00e9ps\u00e9g\u00e9re \u00e9s a lencse tisztas\u00e1g\u00e1ra vonatkoz\u00f3an.<\/p>\n\n\n\n<div class=\"wp-block-uagb-container uagb-block-c7d898dd alignfull uagb-is-root-container\"><div class=\"uagb-container-inner-blocks-wrap\"><\/div><\/div>\n\n\n\n<h2 class=\"wp-block-heading\">Kapcsol\u00f3d\u00f3 term\u00e9kek<\/h2>\n\n\n\n<div class=\"wp-block-uagb-container uagb-block-66e4defc alignfull uagb-is-root-container\"><div class=\"uagb-container-inner-blocks-wrap\">\n<div class=\"wp-block-uagb-container uagb-block-a42945f9\">\n<div class=\"wp-block-uagb-image uagb-block-7296296b wp-block-uagb-image--layout-default wp-block-uagb-image--effect-static wp-block-uagb-image--align-none\"><figure class=\"wp-block-uagb-image__figure\"><a class=\"\" href=\"https:\/\/led.amasly.com\/hu_hu\/products\/\" target=\"\" rel=\"noopener\"><img decoding=\"async\" srcset=\"https:\/\/led.amasly.com\/wp-content\/uploads\/2024\/09\/Explosion-proof-high-bay-lights.png ,https:\/\/led.amasly.com\/wp-content\/uploads\/2024\/09\/Explosion-proof-high-bay-lights.png 780w, https:\/\/led.amasly.com\/wp-content\/uploads\/2024\/09\/Explosion-proof-high-bay-lights.png 360w\" sizes=\"auto, (max-width: 480px) 150px\" src=\"https:\/\/led.amasly.com\/wp-content\/uploads\/2024\/09\/Explosion-proof-high-bay-lights.png\" alt=\"\" class=\"uag-image-1495\" width=\"300\" height=\"300\" title=\"Robban\u00e1sbiztos magas \u00f6b\u00f6l f\u00e9nyek\" loading=\"lazy\" role=\"img\"><\/a><\/figure><\/div>\n<\/div>\n\n\n\n<div class=\"wp-block-uagb-container uagb-block-4d3efde5\">\n<div class=\"wp-block-uagb-image uagb-block-c9e90797 wp-block-uagb-image--layout-default wp-block-uagb-image--effect-static wp-block-uagb-image--align-none\"><figure class=\"wp-block-uagb-image__figure\"><a class=\"\" href=\"https:\/\/led.amasly.com\/hu_hu\/products\/\" target=\"\" rel=\"noopener\"><img decoding=\"async\" srcset=\"https:\/\/led.amasly.com\/wp-content\/uploads\/2024\/07\/LED-tri-proof-lights2.png ,https:\/\/led.amasly.com\/wp-content\/uploads\/2024\/07\/LED-tri-proof-lights2.png 780w, https:\/\/led.amasly.com\/wp-content\/uploads\/2024\/07\/LED-tri-proof-lights2.png 360w\" sizes=\"auto, (max-width: 480px) 150px\" src=\"https:\/\/led.amasly.com\/wp-content\/uploads\/2024\/07\/LED-tri-proof-lights2.png\" alt=\"\" class=\"uag-image-1132\" width=\"300\" height=\"300\" title=\"LED-tri-proof-lights2\" loading=\"lazy\" role=\"img\"><\/a><\/figure><\/div>\n<\/div>\n\n\n\n<div class=\"wp-block-uagb-container uagb-block-11c2578b\">\n<div class=\"wp-block-uagb-image uagb-block-6e8883aa wp-block-uagb-image--layout-default wp-block-uagb-image--effect-static wp-block-uagb-image--align-none\"><figure class=\"wp-block-uagb-image__figure\"><a class=\"\" href=\"https:\/\/led.amasly.com\/hu_hu\/products\/\" target=\"\" rel=\"noopener\"><img decoding=\"async\" srcset=\"https:\/\/led.amasly.com\/wp-content\/uploads\/2024\/09\/LED-Explosion-Proof-Gas-Station-Light.png ,https:\/\/led.amasly.com\/wp-content\/uploads\/2024\/09\/LED-Explosion-Proof-Gas-Station-Light.png 780w, https:\/\/led.amasly.com\/wp-content\/uploads\/2024\/09\/LED-Explosion-Proof-Gas-Station-Light.png 360w\" sizes=\"auto, (max-width: 480px) 150px\" src=\"https:\/\/led.amasly.com\/wp-content\/uploads\/2024\/09\/LED-Explosion-Proof-Gas-Station-Light.png\" alt=\"\" class=\"uag-image-1501\" width=\"300\" height=\"300\" title=\"LED robban\u00e1sbiztos benzink\u00fat f\u00e9ny\" loading=\"lazy\" role=\"img\"><\/a><\/figure><\/div>\n<\/div>\n<\/div><\/div>\n\n\n\n<div class=\"wp-block-uagb-container uagb-block-548945b5 alignfull uagb-is-root-container\"><div class=\"uagb-container-inner-blocks-wrap\">\n<div class=\"wp-block-uagb-container uagb-block-967755d5\">\n<h4 class=\"wp-block-heading has-text-align-center\"><a href=\"https:\/\/led.amasly.com\/hu_hu\/products\/\">LED robban\u00e1sbiztos f\u00e9nyek<\/a><\/h4>\n<\/div>\n\n\n\n<div class=\"wp-block-uagb-container uagb-block-9bc52fc2\">\n<h4 class=\"wp-block-heading has-text-align-center\"><a href=\"https:\/\/led.amasly.com\/hu_hu\/products\/\">LED Tri-Proof f\u00e9nyek<\/a><\/h4>\n<\/div>\n\n\n\n<div class=\"wp-block-uagb-container uagb-block-8ffa0a23\">\n<h4 class=\"wp-block-heading has-text-align-center\"><a href=\"https:\/\/led.amasly.com\/hu_hu\/products\/\">Robban\u00e1sbiztos benzink\u00fat f\u00e9nyek<\/a><\/h4>\n<\/div>\n<\/div><\/div>\n\n\n\n<div class=\"wp-block-uagb-container uagb-block-29499fe0 alignfull uagb-is-root-container\"><div class=\"uagb-container-inner-blocks-wrap\">\n<div class=\"wp-block-uagb-container uagb-block-777ee1c7\">\n<div class=\"wp-block-uagb-image uagb-block-2e9a1851 wp-block-uagb-image--layout-default wp-block-uagb-image--effect-static wp-block-uagb-image--align-none\"><figure class=\"wp-block-uagb-image__figure\"><a class=\"\" href=\"https:\/\/led.amasly.com\/hu_hu\/products\/\" target=\"\" rel=\"noopener\"><img decoding=\"async\" srcset=\"https:\/\/led.amasly.com\/wp-content\/uploads\/2024\/10\/50W-100W-150W-200W-300W-LED-Flood-Light.jpg ,https:\/\/led.amasly.com\/wp-content\/uploads\/2024\/10\/50W-100W-150W-200W-300W-LED-Flood-Light.jpg 780w, https:\/\/led.amasly.com\/wp-content\/uploads\/2024\/10\/50W-100W-150W-200W-300W-LED-Flood-Light.jpg 360w\" sizes=\"auto, (max-width: 480px) 150px\" src=\"https:\/\/led.amasly.com\/wp-content\/uploads\/2024\/10\/50W-100W-150W-200W-300W-LED-Flood-Light.jpg\" alt=\"\" class=\"uag-image-1526\" width=\"300\" height=\"300\" title=\"50W 100W 150W 200W 300W LED-es \u00e1rv\u00edzf\u00e9ny\" loading=\"lazy\" role=\"img\"><\/a><\/figure><\/div>\n<\/div>\n\n\n\n<div class=\"wp-block-uagb-container uagb-block-af8c8683\">\n<div class=\"wp-block-uagb-image uagb-block-67947854 wp-block-uagb-image--layout-default wp-block-uagb-image--effect-static wp-block-uagb-image--align-none\"><figure class=\"wp-block-uagb-image__figure\"><a class=\"\" href=\"https:\/\/led.amasly.com\/hu_hu\/products\/\" target=\"\" rel=\"noopener\"><img decoding=\"async\" srcset=\"https:\/\/led.amasly.com\/wp-content\/uploads\/2024\/07\/led-tri-proof-light.png ,https:\/\/led.amasly.com\/wp-content\/uploads\/2024\/07\/led-tri-proof-light.png 780w, https:\/\/led.amasly.com\/wp-content\/uploads\/2024\/07\/led-tri-proof-light.png 360w\" sizes=\"auto, (max-width: 480px) 150px\" src=\"https:\/\/led.amasly.com\/wp-content\/uploads\/2024\/07\/led-tri-proof-light.png\" alt=\"\" class=\"uag-image-1130\" width=\"300\" height=\"300\" title=\"led-tri-proof-light\" loading=\"lazy\" role=\"img\"><\/a><\/figure><\/div>\n<\/div>\n\n\n\n<div class=\"wp-block-uagb-container uagb-block-0fdfdd58\">\n<div class=\"wp-block-uagb-image uagb-block-1187d32d wp-block-uagb-image--layout-default wp-block-uagb-image--effect-static wp-block-uagb-image--align-none\"><figure class=\"wp-block-uagb-image__figure\"><a class=\"\" href=\"https:\/\/led.amasly.com\/hu_hu\/products\/\" target=\"\" rel=\"noopener\"><img decoding=\"async\" srcset=\"https:\/\/led.amasly.com\/wp-content\/uploads\/2024\/07\/LED-street-light.jpg ,https:\/\/led.amasly.com\/wp-content\/uploads\/2024\/07\/LED-street-light.jpg 780w, https:\/\/led.amasly.com\/wp-content\/uploads\/2024\/07\/LED-street-light.jpg 360w\" sizes=\"auto, (max-width: 480px) 150px\" src=\"https:\/\/led.amasly.com\/wp-content\/uploads\/2024\/07\/LED-street-light.jpg\" alt=\"\" class=\"uag-image-1145\" width=\"300\" height=\"300\" title=\"LED-es utcai l\u00e1mp\u00e1k\" loading=\"lazy\" role=\"img\"><\/a><\/figure><\/div>\n<\/div>\n<\/div><\/div>\n\n\n\n<div class=\"wp-block-uagb-container uagb-block-6a60882c alignfull uagb-is-root-container\"><div class=\"uagb-container-inner-blocks-wrap\">\n<div class=\"wp-block-uagb-container uagb-block-f1e91a35\">\n<h4 class=\"wp-block-heading has-text-align-center\"><a href=\"https:\/\/led.amasly.com\/hu_hu\/products\/\">LED \u00e1rv\u00edzf\u00e9nyek<\/a><\/h4>\n<\/div>\n\n\n\n<div class=\"wp-block-uagb-container uagb-block-165bfa58\">\n<h4 class=\"wp-block-heading has-text-align-center\"><a href=\"https:\/\/led.amasly.com\/hu_hu\/products\/\">LED Tri-Proof cs\u0151f\u00e9nyek<\/a><\/h4>\n<\/div>\n\n\n\n<div class=\"wp-block-uagb-container uagb-block-f6096e3b\">\n<h4 class=\"wp-block-heading has-text-align-center\"><a href=\"https:\/\/led.amasly.com\/hu_hu\/products\/\">LED utcai l\u00e1mp\u00e1k<\/a><\/h4>\n<\/div>\n<\/div><\/div>\n\n\n\n<div class=\"wp-block-uagb-container uagb-block-99c0e0a5 alignfull uagb-is-root-container\"><div class=\"uagb-container-inner-blocks-wrap\"><\/div><\/div>\n\n\n\n<p><\/p>","protected":false},"excerpt":{"rendered":"<p>How to Design and Manufacture Explosion Proof&nbsp;Lighting Systems for Hazardous Environments In industries like oil and gas, chemical processing, and mining, Explosion Proof&nbsp;lighting is not just a regulatory requirement\u2014it\u2019s a lifeline. These specialized fixtures prevent ignition of flammable gases, vapors, or dust, ensuring safety in volatile conditions. This guide explores the critical steps to engineer [&hellip;]<\/p>\n","protected":false},"author":1,"featured_media":0,"parent":2374,"menu_order":0,"comment_status":"closed","ping_status":"closed","template":"","meta":{"_uag_custom_page_level_css":"","site-sidebar-layout":"no-sidebar","site-content-layout":"","ast-site-content-layout":"default","site-content-style":"default","site-sidebar-style":"default","ast-global-header-display":"","ast-banner-title-visibility":"","ast-main-header-display":"","ast-hfb-above-header-display":"","ast-hfb-below-header-display":"","ast-hfb-mobile-header-display":"","site-post-title":"disabled","ast-breadcrumbs-content":"","ast-featured-img":"","footer-sml-layout":"","ast-disable-related-posts":"","theme-transparent-header-meta":"enabled","adv-header-id-meta":"","stick-header-meta":"","header-above-stick-meta":"","header-main-stick-meta":"","header-below-stick-meta":"","astra-migrate-meta-layouts":"set","ast-page-background-enabled":"default","ast-page-background-meta":{"desktop":{"background-color":"var(--ast-global-color-4)","background-image":"","background-repeat":"repeat","background-position":"center center","background-size":"auto","background-attachment":"scroll","background-type":"","background-media":"","overlay-type":"","overlay-color":"","overlay-opacity":"","overlay-gradient":""},"tablet":{"background-color":"","background-image":"","background-repeat":"repeat","background-position":"center center","background-size":"auto","background-attachment":"scroll","background-type":"","background-media":"","overlay-type":"","overlay-color":"","overlay-opacity":"","overlay-gradient":""},"mobile":{"background-color":"","background-image":"","background-repeat":"repeat","background-position":"center center","background-size":"auto","background-attachment":"scroll","background-type":"","background-media":"","overlay-type":"","overlay-color":"","overlay-opacity":"","overlay-gradient":""}},"ast-content-background-meta":{"desktop":{"background-color":"var(--ast-global-color-5)","background-image":"","background-repeat":"repeat","background-position":"center center","background-size":"auto","background-attachment":"scroll","background-type":"","background-media":"","overlay-type":"","overlay-color":"","overlay-opacity":"","overlay-gradient":""},"tablet":{"background-color":"var(--ast-global-color-5)","background-image":"","background-repeat":"repeat","background-position":"center center","background-size":"auto","background-attachment":"scroll","background-type":"","background-media":"","overlay-type":"","overlay-color":"","overlay-opacity":"","overlay-gradient":""},"mobile":{"background-color":"var(--ast-global-color-5)","background-image":"","background-repeat":"repeat","background-position":"center center","background-size":"auto","background-attachment":"scroll","background-type":"","background-media":"","overlay-type":"","overlay-color":"","overlay-opacity":"","overlay-gradient":""}},"footnotes":""},"class_list":["post-3035","page","type-page","status-publish","hentry"],"uagb_featured_image_src":{"full":false,"thumbnail":false,"medium":false,"medium_large":false,"large":false,"1536x1536":false,"2048x2048":false,"trp-custom-language-flag":false},"uagb_author_info":{"display_name":"Joe","author_link":"https:\/\/led.amasly.com\/hu_hu\/author\/jacklin\/"},"uagb_comment_info":0,"uagb_excerpt":"How to Design and Manufacture Explosion Proof&nbsp;Lighting Systems for Hazardous Environments In industries like oil and gas, chemical processing, and mining, Explosion Proof&nbsp;lighting is not just a regulatory requirement\u2014it\u2019s a lifeline. These specialized fixtures prevent ignition of flammable gases, vapors, or dust, ensuring safety in volatile conditions. This guide explores the critical steps to engineer&hellip;","_links":{"self":[{"href":"https:\/\/led.amasly.com\/hu_hu\/wp-json\/wp\/v2\/pages\/3035","targetHints":{"allow":["GET"]}}],"collection":[{"href":"https:\/\/led.amasly.com\/hu_hu\/wp-json\/wp\/v2\/pages"}],"about":[{"href":"https:\/\/led.amasly.com\/hu_hu\/wp-json\/wp\/v2\/types\/page"}],"author":[{"embeddable":true,"href":"https:\/\/led.amasly.com\/hu_hu\/wp-json\/wp\/v2\/users\/1"}],"replies":[{"embeddable":true,"href":"https:\/\/led.amasly.com\/hu_hu\/wp-json\/wp\/v2\/comments?post=3035"}],"version-history":[{"count":1,"href":"https:\/\/led.amasly.com\/hu_hu\/wp-json\/wp\/v2\/pages\/3035\/revisions"}],"predecessor-version":[{"id":3041,"href":"https:\/\/led.amasly.com\/hu_hu\/wp-json\/wp\/v2\/pages\/3035\/revisions\/3041"}],"up":[{"embeddable":true,"href":"https:\/\/led.amasly.com\/hu_hu\/wp-json\/wp\/v2\/pages\/2374"}],"wp:attachment":[{"href":"https:\/\/led.amasly.com\/hu_hu\/wp-json\/wp\/v2\/media?parent=3035"}],"curies":[{"name":"wp","href":"https:\/\/api.w.org\/{rel}","templated":true}]}}