{"id":3033,"date":"2025-04-11T15:27:34","date_gmt":"2025-04-11T07:27:34","guid":{"rendered":"https:\/\/led.amasly.com\/?page_id=3033"},"modified":"2025-04-11T15:27:40","modified_gmt":"2025-04-11T07:27:40","slug":"what-makes-a-light-explosion-proof-key-components-certifications-and-design-principles","status":"publish","type":"page","link":"https:\/\/led.amasly.com\/hu_hu\/knowledge\/explosion-proof-products-knowledge\/what-makes-a-light-explosion-proof-key-components-certifications-and-design-principles\/","title":{"rendered":"Mit\u0151l robban\u00e1sbiztos egy l\u00e1mpa? F\u0151bb \u00f6sszetev\u0151k, tan\u00fas\u00edtv\u00e1nyok \u00e9s tervez\u00e9si elvek"},"content":{"rendered":"<div class=\"wp-block-uagb-container uagb-block-27bae773 alignfull uagb-is-root-container\"><div class=\"uagb-container-inner-blocks-wrap\"><\/div><\/div>\n\n\n\n<h2 class=\"wp-block-heading has-text-align-left\"><strong>Mi teszi a f\u00e9nyt <\/strong><strong>Robban\u00e1sbiztos<\/strong><strong>? F\u0151bb \u00f6sszetev\u0151k, tan\u00fas\u00edtv\u00e1nyok \u00e9s tervez\u00e9si elvek<\/strong><strong><\/strong><\/h2>\n\n\n\n<div class=\"wp-block-uagb-image uagb-block-da1360b5 wp-block-uagb-image--layout-default wp-block-uagb-image--effect-static wp-block-uagb-image--align-none\"><figure class=\"wp-block-uagb-image__figure\"><a class=\"\" href=\"https:\/\/led.amasly.com\/hu_hu\/products\/\" target=\"\" rel=\"noopener\"><img decoding=\"async\" srcset=\"https:\/\/led.amasly.com\/wp-content\/uploads\/2025\/01\/LED-explosion-proof-flood-lights.png ,https:\/\/led.amasly.com\/wp-content\/uploads\/2025\/01\/LED-explosion-proof-flood-lights.png 780w, https:\/\/led.amasly.com\/wp-content\/uploads\/2025\/01\/LED-explosion-proof-flood-lights.png 360w\" sizes=\"auto, (max-width: 480px) 150px\" src=\"https:\/\/led.amasly.com\/wp-content\/uploads\/2025\/01\/LED-explosion-proof-flood-lights.png\" alt=\"\" class=\"uag-image-1675\" width=\"1004\" height=\"308\" title=\"LED robban\u00e1sbiztos reflektorok\" loading=\"lazy\" role=\"img\"><\/a><\/figure><\/div>\n\n\n\n<p>Mit\u0151l robban\u00e1sbiztos egy l\u00e1mpa? A robban\u00e1sbiztos vil\u00e1g\u00edt\u00e1st \u00fagy tervezt\u00e9k, hogy biztons\u00e1gosan m\u0171k\u00f6dj\u00f6n olyan k\u00f6rnyezetben, ahol a gy\u00fal\u00e9kony g\u00e1zok, g\u0151z\u00f6k vagy por gyullad\u00e1svesz\u00e9lyt jelentenek. A hagyom\u00e1nyos l\u00e1mpatestekkel ellent\u00e9tben ezek a l\u00e1mp\u00e1k speci\u00e1lis anyagokkal, szerkezeti biztos\u00edt\u00e9kokkal \u00e9s szigor\u00fa tan\u00fas\u00edtv\u00e1nyokkal k\u00e9sz\u00fclnek a szikr\u00e1k megf\u00e9kez\u00e9s\u00e9re, a h\u0151 kezel\u00e9s\u00e9re \u00e9s a katasztrof\u00e1lis meghib\u00e1sod\u00e1sok megel\u0151z\u00e9s\u00e9re. Az al\u00e1bbiakban a robban\u00e1sbiztos vil\u00e1g\u00edt\u00e1st meghat\u00e1roz\u00f3 kritikus t\u00e9nyez\u0151ket ismertetj\u00fck.<\/p>\n\n\n\n<h2 class=\"wp-block-heading\"><strong>1. Robusztus anyagok \u00e9s t\u00f6m\u00edtett szerkezet<\/strong><strong><\/strong><\/h2>\n\n\n\n<h3 class=\"wp-block-heading\"><strong>Tart\u00f3s burkolati anyagok<\/strong><strong><\/strong><\/h3>\n\n\n\n<p>A robban\u00e1sbiztos l\u00e1mp\u00e1khoz szikramentes, korr\u00f3zi\u00f3\u00e1ll\u00f3 anyagokb\u00f3l k\u00e9sz\u00fclt h\u00e1zakra van sz\u00fcks\u00e9g. Az \u00f6nt\u00f6tt alum\u00ednium k\u00f6nny\u0171, m\u00e9gis robusztus tulajdons\u00e1gai, h\u0151elvezet\u00e9si hat\u00e9konys\u00e1ga \u00e9s a vegyi anyagokkal szembeni ellen\u00e1ll\u00f3 k\u00e9pess\u00e9ge miatt gyakori v\u00e1laszt\u00e1s3. A tov\u00e1bbi v\u00e9delem \u00e9rdek\u00e9ben antisztatikus bevonatokat alkalmaznak, hogy megakad\u00e1lyozz\u00e1k az elektrosztatikus kis\u00fcl\u00e9st g\u00e1zokban gazdag k\u00f6rnyezetben, p\u00e9ld\u00e1ul olajfinom\u00edt\u00f3kban vagy vegyi \u00fczemekben.<\/p>\n\n\n\n<h3 class=\"wp-block-heading\"><strong>\u00dct\u00e9s\u00e1ll\u00f3 lencse technol\u00f3gia<\/strong><strong><\/strong><\/h3>\n\n\n\n<p>A robban\u00e1sbiztos l\u00e1mpatestek eset\u00e9ben k\u00f6telez\u0151 az edzett \u00fcveg vagy polikarbon\u00e1t lencse. Ezek az anyagok ellen\u00e1llnak az \u00fct\u00e9sek vagy bels\u0151 robban\u00e1sok okozta t\u00f6r\u00e9snek, mik\u00f6zben meg\u0151rzik az optikai tisztas\u00e1got. P\u00e9ld\u00e1ul a vesz\u00e9lyes ter\u00fcleteken haszn\u00e1lt vil\u00e1g\u00edt\u00f3testekben az edzett \u00fcveglencs\u00e9k ellen\u00e1llnak a h\u0151hat\u00e1soknak \u00e9s a korroz\u00edv anyagoknak, \u00edgy hossz\u00fa t\u00e1v\u00fa megb\u00edzhat\u00f3s\u00e1got biztos\u00edtanak.<\/p>\n\n\n\n<h3 class=\"wp-block-heading\"><strong>Hermetikus t\u00f6m\u00edt\u0151 mechanizmusok<\/strong><strong><\/strong><\/h3>\n\n\n\n<p>A bels\u0151 alkatr\u00e9szek k\u00fcls\u0151 vesz\u00e9lyekt\u0151l val\u00f3 elszigetel\u00e9se \u00e9rdek\u00e9ben a robban\u00e1sbiztos l\u00e1mp\u00e1k menetes k\u00f6t\u00e9seket, t\u00f6m\u00edt\u0151t\u00f6m\u00edt\u00e9seket \u00e9s epoxi t\u00f6m\u00edt\u00e9s\u0171 vezet\u00e9keket haszn\u00e1lnak. Ezek a jellemz\u0151k IP66 vagy IP68 min\u0151s\u00edt\u00e9st \u00e9rnek el, \u00edgy a l\u00e1mpatestek por- \u00e9s v\u00edz\u00e1ll\u00f3ak, ami kritikus az olyan k\u00f6rnyezetekben, mint a szennyv\u00edztiszt\u00edt\u00f3 telepek vagy a tengeri olajf\u00far\u00f3 platformok.<\/p>\n\n\n\n<h2 class=\"wp-block-heading\"><strong>2. Fejlett gy\u00fajt\u00e1smegel\u0151z\u0151 m\u00e9rn\u00f6ki munka<\/strong><strong><\/strong><\/h2>\n\n\n\n<h3 class=\"wp-block-heading\"><strong>H\u0151kezel\u0151 rendszerek<\/strong><strong><\/strong><\/h3>\n\n\n\n<p>A h\u0151 az els\u0151dleges gy\u00fajt\u00f3forr\u00e1s a vesz\u00e9lyes z\u00f3n\u00e1kban. A robban\u00e1sbiztos LED-es l\u00e1mp\u00e1k h\u0151elnyel\u0151kkel \u00e9s szell\u0151ztetett h\u00e1zakkal rendelkeznek a h\u0151 hat\u00e9kony elvezet\u00e9se \u00e9rdek\u00e9ben. P\u00e9ld\u00e1ul az alum\u00ednium\u00f6tv\u00f6zetekkel szabadalmaztatott konstrukci\u00f3k biztos\u00edtj\u00e1k a LED-ek h\u0151m\u00e9rs\u00e9klet\u00e9nek stabilit\u00e1s\u00e1t, ami 50 000+ \u00f3r\u00e1ra n\u00f6veli az \u00e9lettartamot, mik\u00f6zben minimaliz\u00e1lja a termikus kock\u00e1zatokat.<\/p>\n\n\n\n<h3 class=\"wp-block-heading\"><strong>Nyom\u00e1s \u00e9s szikraelszigetel\u00e9s<\/strong><strong><\/strong><\/h3>\n\n\n\n<p>A l\u00e1mpatesteket \u00fagy tervezt\u00e9k, hogy ellen\u00e1lljanak a bels\u0151 robban\u00e1soknak an\u00e9lk\u00fcl, hogy a l\u00e1ngok ki tudn\u00e1nak szabadulni. A legfontosabb strat\u00e9gi\u00e1k a k\u00f6vetkez\u0151k:<\/p>\n\n\n\n<p>L\u00e1ngj\u00e1rat r\u00e9sek: Prec\u00edzi\u00f3s megmunk\u00e1l\u00e1s\u00fa varratok, amelyek a kil\u00e9p\u0151 g\u00e1zokat a gy\u00fajt\u00e1si k\u00fcsz\u00f6b\u00e9rt\u00e9kek al\u00e1 h\u0171tik.<\/p>\n\n\n\n<p>Nyom\u00e1scs\u00f6kkent\u0151 csatorn\u00e1k: A robban\u00e1si er\u0151k biztons\u00e1gos \u00e1tir\u00e1ny\u00edt\u00e1sa a szerkezeti integrit\u00e1s meg\u0151rz\u00e9se mellett.<\/p>\n\n\n\n<p>Szikramentes vezet\u00e9kez\u00e9s: A kisfesz\u00fclts\u00e9g\u0171 egyen\u00e1ram\u00fa rendszerek (pl. 24 V) cs\u00f6kkentik az \u00edvek kock\u00e1zat\u00e1t, m\u00edg a t\u00falfesz\u00fclts\u00e9g-v\u00e9d\u0151k v\u00e9delmet ny\u00fajtanak az elektromos t\u00falfesz\u00fclts\u00e9gek ellen.<\/p>\n\n\n\n<h2 class=\"wp-block-heading\"><strong>3. Megfelel\u00e9s a glob\u00e1lis biztons\u00e1gi szabv\u00e1nyoknak<\/strong><strong><\/strong><\/h2>\n\n\n\n<h3 class=\"wp-block-heading\"><strong>K\u00f6telez\u0151 tan\u00fas\u00edtv\u00e1nyok<\/strong><strong><\/strong><\/h3>\n\n\n\n<p>A robban\u00e1sbiztos vil\u00e1g\u00edt\u00e1snak meg kell felelnie a r\u00e9gi\u00f3-specifikus tan\u00fas\u00edtv\u00e1nyoknak ahhoz, hogy a vesz\u00e9lyes z\u00f3n\u00e1kban jogszer\u0171en m\u0171k\u00f6dhessen:<\/p>\n\n\n\n<p><a href=\"http:\/\/www.iecex-certs.com\/\" rel=\"nofollow noopener\" target=\"_blank\">ATEX\/IECEx<\/a>: Az EU-ban \u00e9s vil\u00e1gszerte k\u00f6telez\u0151 a g\u00e1z (1. z\u00f3na) \u00e9s por (21. z\u00f3na) k\u00f6rnyezetben.<\/p>\n\n\n\n<p><a href=\"http:\/\/www.ul.com\" rel=\"nofollow noopener\" target=\"_blank\">UL 844<\/a>: \u00c9szak-Amerik\u00e1ban k\u00f6telez\u0151 az I. oszt\u00e1ly\u00fa (gy\u00fal\u00e9kony g\u00e1zok) \u00e9s a II. oszt\u00e1ly\u00fa (\u00e9ghet\u0151 por) ter\u00fcleteken.<\/p>\n\n\n\n<p>IK10 besorol\u00e1s: B\u00e1ny\u00e1szati vagy neh\u00e9zipari k\u00f6rnyezetben kritikus fontoss\u00e1g\u00fa mechanikai behat\u00e1sokkal szembeni ellen\u00e1ll\u00e1st biztos\u00edt.<\/p>\n\n\n\n<h3 class=\"wp-block-heading\"><strong>Teljes\u00edtm\u00e9nytesztel\u00e9si protokollok<\/strong><strong><\/strong><\/h3>\n\n\n\n<p>A harmadik f\u00e9l laborat\u00f3riumai extr\u00e9m k\u00f6r\u00fclm\u00e9nyeket szimul\u00e1lnak, p\u00e9ld\u00e1ul met\u00e1n-leveg\u0151 kever\u00e9keknek vagy robban\u00e1svesz\u00e9lyes porfelh\u0151knek teszik ki a berendez\u00e9si t\u00e1rgyakat. A tesztek a vibr\u00e1ci\u00f3, a p\u00e1ratartalom \u00e9s a sz\u00e9ls\u0151s\u00e9ges h\u0151m\u00e9rs\u00e9kleti viszonyok (-40 \u00b0C \u00e9s 60 \u00b0C k\u00f6z\u00f6tt) alatti tart\u00f3ss\u00e1got igazolj\u00e1k.<\/p>\n\n\n\n<h2 class=\"wp-block-heading\"><strong>4. Alkalmaz\u00e1sspecifikus tervez\u00e9si adapt\u00e1ci\u00f3k<\/strong><strong><\/strong><\/h2>\n\n\n\n<h3 class=\"wp-block-heading\"><strong>Az ipar\u00e1gi kock\u00e1zatokra szabottan<\/strong><strong><\/strong><\/h3>\n\n\n\n<p>Olaj \u00e9s g\u00e1z: Exd IICT6 min\u0151s\u00edt\u00e9ssel \u00e9s korr\u00f3zi\u00f3\u00e1ll\u00f3 bevonattal rendelkez\u0151 szerelv\u00e9nyek hidrog\u00e9n-szulfidban gazdag k\u00f6rnyezethez3.<\/p>\n\n\n\n<p>Gy\u00f3gyszerek: Por\u00e1ll\u00f3 kialak\u00edt\u00e1s (IP65+) az API por meggyullad\u00e1s\u00e1nak megakad\u00e1lyoz\u00e1s\u00e1ra a 22-es z\u00f3n\u00e1j\u00fa ter\u00fcleteken5.<\/p>\n\n\n\n<p>B\u00e1ny\u00e1szat: MSHA-megfelel\u0151s\u00e9ggel rendelkez\u0151 \u00fct\u00e9s\u00e1ll\u00f3 h\u00e1zak a f\u00f6ld alatti met\u00e1n- \u00e9s sz\u00e9nporvesz\u00e9lyekhez3.<\/p>\n\n\n\n<h3 class=\"wp-block-heading\"><strong>Intelligens vil\u00e1g\u00edt\u00e1s integr\u00e1ci\u00f3<\/strong><strong><\/strong><\/h3>\n\n\n\n<p class=\"has-text-align-left\">A modern robban\u00e1sbiztos rendszerek IoT-k\u00e9pes \u00e9rz\u00e9kel\u0151ket tartalmaznak a h\u0151m\u00e9rs\u00e9klet, a g\u00e1zsziv\u00e1rg\u00e1s vagy a t\u00f6m\u00edt\u00e9s integrit\u00e1s\u00e1nak val\u00f3s idej\u0171 nyomon k\u00f6vet\u00e9s\u00e9re. Ez a proakt\u00edv karbantart\u00e1s cs\u00f6kkenti az \u00e1ll\u00e1sid\u0151t \u00e9s n\u00f6veli a biztons\u00e1got a t\u00e1voli l\u00e9tes\u00edtm\u00e9nyekben.<\/p>\n\n\n\n<div class=\"wp-block-uagb-container uagb-block-c7d898dd alignfull uagb-is-root-container\"><div class=\"uagb-container-inner-blocks-wrap\"><\/div><\/div>\n\n\n\n<h2 class=\"wp-block-heading\">Kapcsol\u00f3d\u00f3 term\u00e9kek<\/h2>\n\n\n\n<div class=\"wp-block-uagb-container uagb-block-66e4defc alignfull uagb-is-root-container\"><div class=\"uagb-container-inner-blocks-wrap\">\n<div class=\"wp-block-uagb-container uagb-block-a42945f9\">\n<div class=\"wp-block-uagb-image uagb-block-7296296b wp-block-uagb-image--layout-default wp-block-uagb-image--effect-static wp-block-uagb-image--align-none\"><figure class=\"wp-block-uagb-image__figure\"><a class=\"\" href=\"https:\/\/led.amasly.com\/hu_hu\/products\/\" target=\"\" rel=\"noopener\"><img decoding=\"async\" srcset=\"https:\/\/led.amasly.com\/wp-content\/uploads\/2024\/09\/Explosion-proof-high-bay-lights.png ,https:\/\/led.amasly.com\/wp-content\/uploads\/2024\/09\/Explosion-proof-high-bay-lights.png 780w, https:\/\/led.amasly.com\/wp-content\/uploads\/2024\/09\/Explosion-proof-high-bay-lights.png 360w\" sizes=\"auto, (max-width: 480px) 150px\" src=\"https:\/\/led.amasly.com\/wp-content\/uploads\/2024\/09\/Explosion-proof-high-bay-lights.png\" alt=\"\" class=\"uag-image-1495\" width=\"300\" height=\"300\" title=\"Robban\u00e1sbiztos magas \u00f6b\u00f6l f\u00e9nyek\" loading=\"lazy\" role=\"img\"><\/a><\/figure><\/div>\n<\/div>\n\n\n\n<div class=\"wp-block-uagb-container uagb-block-4d3efde5\">\n<div class=\"wp-block-uagb-image uagb-block-c9e90797 wp-block-uagb-image--layout-default wp-block-uagb-image--effect-static wp-block-uagb-image--align-none\"><figure class=\"wp-block-uagb-image__figure\"><a class=\"\" href=\"https:\/\/led.amasly.com\/hu_hu\/products\/\" target=\"\" rel=\"noopener\"><img decoding=\"async\" srcset=\"https:\/\/led.amasly.com\/wp-content\/uploads\/2024\/07\/LED-tri-proof-lights2.png ,https:\/\/led.amasly.com\/wp-content\/uploads\/2024\/07\/LED-tri-proof-lights2.png 780w, https:\/\/led.amasly.com\/wp-content\/uploads\/2024\/07\/LED-tri-proof-lights2.png 360w\" sizes=\"auto, (max-width: 480px) 150px\" src=\"https:\/\/led.amasly.com\/wp-content\/uploads\/2024\/07\/LED-tri-proof-lights2.png\" alt=\"\" class=\"uag-image-1132\" width=\"300\" height=\"300\" title=\"LED-tri-proof-lights2\" loading=\"lazy\" role=\"img\"><\/a><\/figure><\/div>\n<\/div>\n\n\n\n<div class=\"wp-block-uagb-container uagb-block-11c2578b\">\n<div class=\"wp-block-uagb-image uagb-block-6e8883aa wp-block-uagb-image--layout-default wp-block-uagb-image--effect-static wp-block-uagb-image--align-none\"><figure class=\"wp-block-uagb-image__figure\"><a class=\"\" href=\"https:\/\/led.amasly.com\/hu_hu\/products\/\" target=\"\" rel=\"noopener\"><img decoding=\"async\" srcset=\"https:\/\/led.amasly.com\/wp-content\/uploads\/2024\/09\/LED-Explosion-Proof-Gas-Station-Light.png ,https:\/\/led.amasly.com\/wp-content\/uploads\/2024\/09\/LED-Explosion-Proof-Gas-Station-Light.png 780w, https:\/\/led.amasly.com\/wp-content\/uploads\/2024\/09\/LED-Explosion-Proof-Gas-Station-Light.png 360w\" sizes=\"auto, (max-width: 480px) 150px\" src=\"https:\/\/led.amasly.com\/wp-content\/uploads\/2024\/09\/LED-Explosion-Proof-Gas-Station-Light.png\" alt=\"\" class=\"uag-image-1501\" width=\"300\" height=\"300\" title=\"LED robban\u00e1sbiztos benzink\u00fat f\u00e9ny\" loading=\"lazy\" role=\"img\"><\/a><\/figure><\/div>\n<\/div>\n<\/div><\/div>\n\n\n\n<div class=\"wp-block-uagb-container uagb-block-548945b5 alignfull uagb-is-root-container\"><div class=\"uagb-container-inner-blocks-wrap\">\n<div class=\"wp-block-uagb-container uagb-block-967755d5\">\n<h4 class=\"wp-block-heading has-text-align-center\"><a href=\"https:\/\/led.amasly.com\/hu_hu\/products\/\">LED robban\u00e1sbiztos f\u00e9nyek<\/a><\/h4>\n<\/div>\n\n\n\n<div class=\"wp-block-uagb-container uagb-block-9bc52fc2\">\n<h4 class=\"wp-block-heading has-text-align-center\"><a href=\"https:\/\/led.amasly.com\/hu_hu\/products\/\">LED Tri-Proof f\u00e9nyek<\/a><\/h4>\n<\/div>\n\n\n\n<div class=\"wp-block-uagb-container uagb-block-8ffa0a23\">\n<h4 class=\"wp-block-heading has-text-align-center\"><a href=\"https:\/\/led.amasly.com\/hu_hu\/products\/\">Robban\u00e1sbiztos benzink\u00fat f\u00e9nyek<\/a><\/h4>\n<\/div>\n<\/div><\/div>\n\n\n\n<div class=\"wp-block-uagb-container uagb-block-29499fe0 alignfull uagb-is-root-container\"><div class=\"uagb-container-inner-blocks-wrap\">\n<div class=\"wp-block-uagb-container uagb-block-777ee1c7\">\n<div class=\"wp-block-uagb-image uagb-block-2e9a1851 wp-block-uagb-image--layout-default wp-block-uagb-image--effect-static wp-block-uagb-image--align-none\"><figure class=\"wp-block-uagb-image__figure\"><a class=\"\" href=\"https:\/\/led.amasly.com\/hu_hu\/products\/\" target=\"\" rel=\"noopener\"><img decoding=\"async\" srcset=\"https:\/\/led.amasly.com\/wp-content\/uploads\/2024\/10\/50W-100W-150W-200W-300W-LED-Flood-Light.jpg ,https:\/\/led.amasly.com\/wp-content\/uploads\/2024\/10\/50W-100W-150W-200W-300W-LED-Flood-Light.jpg 780w, https:\/\/led.amasly.com\/wp-content\/uploads\/2024\/10\/50W-100W-150W-200W-300W-LED-Flood-Light.jpg 360w\" sizes=\"auto, (max-width: 480px) 150px\" src=\"https:\/\/led.amasly.com\/wp-content\/uploads\/2024\/10\/50W-100W-150W-200W-300W-LED-Flood-Light.jpg\" alt=\"\" class=\"uag-image-1526\" width=\"300\" height=\"300\" title=\"50W 100W 150W 200W 300W LED-es \u00e1rv\u00edzf\u00e9ny\" loading=\"lazy\" role=\"img\"><\/a><\/figure><\/div>\n<\/div>\n\n\n\n<div class=\"wp-block-uagb-container uagb-block-af8c8683\">\n<div class=\"wp-block-uagb-image uagb-block-67947854 wp-block-uagb-image--layout-default wp-block-uagb-image--effect-static wp-block-uagb-image--align-none\"><figure class=\"wp-block-uagb-image__figure\"><a class=\"\" href=\"https:\/\/led.amasly.com\/hu_hu\/products\/\" target=\"\" rel=\"noopener\"><img decoding=\"async\" srcset=\"https:\/\/led.amasly.com\/wp-content\/uploads\/2024\/07\/led-tri-proof-light.png ,https:\/\/led.amasly.com\/wp-content\/uploads\/2024\/07\/led-tri-proof-light.png 780w, https:\/\/led.amasly.com\/wp-content\/uploads\/2024\/07\/led-tri-proof-light.png 360w\" sizes=\"auto, (max-width: 480px) 150px\" src=\"https:\/\/led.amasly.com\/wp-content\/uploads\/2024\/07\/led-tri-proof-light.png\" alt=\"\" class=\"uag-image-1130\" width=\"300\" height=\"300\" title=\"led-tri-proof-light\" loading=\"lazy\" role=\"img\"><\/a><\/figure><\/div>\n<\/div>\n\n\n\n<div class=\"wp-block-uagb-container uagb-block-0fdfdd58\">\n<div class=\"wp-block-uagb-image uagb-block-1187d32d wp-block-uagb-image--layout-default wp-block-uagb-image--effect-static wp-block-uagb-image--align-none\"><figure class=\"wp-block-uagb-image__figure\"><a class=\"\" href=\"https:\/\/led.amasly.com\/hu_hu\/products\/\" target=\"\" rel=\"noopener\"><img decoding=\"async\" srcset=\"https:\/\/led.amasly.com\/wp-content\/uploads\/2024\/07\/LED-street-light.jpg ,https:\/\/led.amasly.com\/wp-content\/uploads\/2024\/07\/LED-street-light.jpg 780w, https:\/\/led.amasly.com\/wp-content\/uploads\/2024\/07\/LED-street-light.jpg 360w\" sizes=\"auto, (max-width: 480px) 150px\" src=\"https:\/\/led.amasly.com\/wp-content\/uploads\/2024\/07\/LED-street-light.jpg\" alt=\"\" class=\"uag-image-1145\" width=\"300\" height=\"300\" title=\"LED-es utcai l\u00e1mp\u00e1k\" loading=\"lazy\" role=\"img\"><\/a><\/figure><\/div>\n<\/div>\n<\/div><\/div>\n\n\n\n<div class=\"wp-block-uagb-container uagb-block-6a60882c alignfull uagb-is-root-container\"><div class=\"uagb-container-inner-blocks-wrap\">\n<div class=\"wp-block-uagb-container uagb-block-f1e91a35\">\n<h4 class=\"wp-block-heading has-text-align-center\"><a href=\"https:\/\/led.amasly.com\/hu_hu\/products\/\">LED \u00e1rv\u00edzf\u00e9nyek<\/a><\/h4>\n<\/div>\n\n\n\n<div class=\"wp-block-uagb-container uagb-block-165bfa58\">\n<h4 class=\"wp-block-heading has-text-align-center\"><a href=\"https:\/\/led.amasly.com\/hu_hu\/products\/\">LED Tri-Proof cs\u0151f\u00e9nyek<\/a><\/h4>\n<\/div>\n\n\n\n<div class=\"wp-block-uagb-container uagb-block-f6096e3b\">\n<h4 class=\"wp-block-heading has-text-align-center\"><a href=\"https:\/\/led.amasly.com\/hu_hu\/products\/\">LED utcai l\u00e1mp\u00e1k<\/a><\/h4>\n<\/div>\n<\/div><\/div>\n\n\n\n<div class=\"wp-block-uagb-container uagb-block-99c0e0a5 alignfull uagb-is-root-container\"><div class=\"uagb-container-inner-blocks-wrap\"><\/div><\/div>\n\n\n\n<p><\/p>","protected":false},"excerpt":{"rendered":"<p>What Makes a Light Explosion Proof? Key Components, Certifications, and Design Principles What Makes a Light Explosion Proof? Explosion Proof\u00a0lighting is engineered to operate safely in environments where flammable gases, vapors, or dust pose ignition risks. Unlike standard fixtures, these lights are built with specialized materials, structural safeguards, and rigorous certifications to contain sparks, manage [&hellip;]<\/p>\n","protected":false},"author":1,"featured_media":0,"parent":2374,"menu_order":0,"comment_status":"closed","ping_status":"closed","template":"","meta":{"_uag_custom_page_level_css":"","site-sidebar-layout":"no-sidebar","site-content-layout":"","ast-site-content-layout":"default","site-content-style":"default","site-sidebar-style":"default","ast-global-header-display":"","ast-banner-title-visibility":"","ast-main-header-display":"","ast-hfb-above-header-display":"","ast-hfb-below-header-display":"","ast-hfb-mobile-header-display":"","site-post-title":"disabled","ast-breadcrumbs-content":"","ast-featured-img":"","footer-sml-layout":"","ast-disable-related-posts":"","theme-transparent-header-meta":"enabled","adv-header-id-meta":"","stick-header-meta":"","header-above-stick-meta":"","header-main-stick-meta":"","header-below-stick-meta":"","astra-migrate-meta-layouts":"set","ast-page-background-enabled":"default","ast-page-background-meta":{"desktop":{"background-color":"var(--ast-global-color-4)","background-image":"","background-repeat":"repeat","background-position":"center center","background-size":"auto","background-attachment":"scroll","background-type":"","background-media":"","overlay-type":"","overlay-color":"","overlay-opacity":"","overlay-gradient":""},"tablet":{"background-color":"","background-image":"","background-repeat":"repeat","background-position":"center center","background-size":"auto","background-attachment":"scroll","background-type":"","background-media":"","overlay-type":"","overlay-color":"","overlay-opacity":"","overlay-gradient":""},"mobile":{"background-color":"","background-image":"","background-repeat":"repeat","background-position":"center center","background-size":"auto","background-attachment":"scroll","background-type":"","background-media":"","overlay-type":"","overlay-color":"","overlay-opacity":"","overlay-gradient":""}},"ast-content-background-meta":{"desktop":{"background-color":"var(--ast-global-color-5)","background-image":"","background-repeat":"repeat","background-position":"center center","background-size":"auto","background-attachment":"scroll","background-type":"","background-media":"","overlay-type":"","overlay-color":"","overlay-opacity":"","overlay-gradient":""},"tablet":{"background-color":"var(--ast-global-color-5)","background-image":"","background-repeat":"repeat","background-position":"center center","background-size":"auto","background-attachment":"scroll","background-type":"","background-media":"","overlay-type":"","overlay-color":"","overlay-opacity":"","overlay-gradient":""},"mobile":{"background-color":"var(--ast-global-color-5)","background-image":"","background-repeat":"repeat","background-position":"center center","background-size":"auto","background-attachment":"scroll","background-type":"","background-media":"","overlay-type":"","overlay-color":"","overlay-opacity":"","overlay-gradient":""}},"footnotes":""},"class_list":["post-3033","page","type-page","status-publish","hentry"],"uagb_featured_image_src":{"full":false,"thumbnail":false,"medium":false,"medium_large":false,"large":false,"1536x1536":false,"2048x2048":false,"trp-custom-language-flag":false},"uagb_author_info":{"display_name":"Joe","author_link":"https:\/\/led.amasly.com\/hu_hu\/author\/jacklin\/"},"uagb_comment_info":0,"uagb_excerpt":"What Makes a Light Explosion Proof? Key Components, Certifications, and Design Principles What Makes a Light Explosion Proof? Explosion Proof\u00a0lighting is engineered to operate safely in environments where flammable gases, vapors, or dust pose ignition risks. Unlike standard fixtures, these lights are built with specialized materials, structural safeguards, and rigorous certifications to contain sparks, manage&hellip;","_links":{"self":[{"href":"https:\/\/led.amasly.com\/hu_hu\/wp-json\/wp\/v2\/pages\/3033","targetHints":{"allow":["GET"]}}],"collection":[{"href":"https:\/\/led.amasly.com\/hu_hu\/wp-json\/wp\/v2\/pages"}],"about":[{"href":"https:\/\/led.amasly.com\/hu_hu\/wp-json\/wp\/v2\/types\/page"}],"author":[{"embeddable":true,"href":"https:\/\/led.amasly.com\/hu_hu\/wp-json\/wp\/v2\/users\/1"}],"replies":[{"embeddable":true,"href":"https:\/\/led.amasly.com\/hu_hu\/wp-json\/wp\/v2\/comments?post=3033"}],"version-history":[{"count":1,"href":"https:\/\/led.amasly.com\/hu_hu\/wp-json\/wp\/v2\/pages\/3033\/revisions"}],"predecessor-version":[{"id":3038,"href":"https:\/\/led.amasly.com\/hu_hu\/wp-json\/wp\/v2\/pages\/3033\/revisions\/3038"}],"up":[{"embeddable":true,"href":"https:\/\/led.amasly.com\/hu_hu\/wp-json\/wp\/v2\/pages\/2374"}],"wp:attachment":[{"href":"https:\/\/led.amasly.com\/hu_hu\/wp-json\/wp\/v2\/media?parent=3033"}],"curies":[{"name":"wp","href":"https:\/\/api.w.org\/{rel}","templated":true}]}}