{"id":3016,"date":"2025-04-09T21:00:56","date_gmt":"2025-04-09T13:00:56","guid":{"rendered":"https:\/\/led.amasly.com\/?page_id=3016"},"modified":"2025-04-09T21:01:02","modified_gmt":"2025-04-09T13:01:02","slug":"where-is-explosion-proof-lighting-required","status":"publish","type":"page","link":"https:\/\/led.amasly.com\/hu_hu\/knowledge\/explosion-proof-products-knowledge\/where-is-explosion-proof-lighting-required\/","title":{"rendered":"Hol van sz\u00fcks\u00e9g robban\u00e1sbiztos vil\u00e1g\u00edt\u00e1sra?"},"content":{"rendered":"<div class=\"wp-block-uagb-container uagb-block-27bae773 alignfull uagb-is-root-container\"><div class=\"uagb-container-inner-blocks-wrap\"><\/div><\/div>\n\n\n\n<h2 class=\"wp-block-heading has-text-align-center\"><strong>Hol van sz\u00fcks\u00e9g robban\u00e1sbiztos vil\u00e1g\u00edt\u00e1sra?<\/strong><strong><\/strong><\/h2>\n\n\n\n<div class=\"wp-block-uagb-image uagb-block-da1360b5 wp-block-uagb-image--layout-default wp-block-uagb-image--effect-static wp-block-uagb-image--align-none\"><figure class=\"wp-block-uagb-image__figure\"><img decoding=\"async\" srcset=\"https:\/\/led.amasly.com\/wp-content\/uploads\/2025\/01\/LED-explosion-proof-flood-lights.png ,https:\/\/led.amasly.com\/wp-content\/uploads\/2025\/01\/LED-explosion-proof-flood-lights.png 780w, https:\/\/led.amasly.com\/wp-content\/uploads\/2025\/01\/LED-explosion-proof-flood-lights.png 360w\" sizes=\"auto, (max-width: 480px) 150px\" src=\"https:\/\/led.amasly.com\/wp-content\/uploads\/2025\/01\/LED-explosion-proof-flood-lights.png\" alt=\"\" class=\"uag-image-1675\" width=\"1004\" height=\"308\" title=\"LED robban\u00e1sbiztos reflektorok\" loading=\"lazy\" role=\"img\"><\/figure><\/div>\n\n\n\n<p>A robban\u00e1sbiztos l\u00e1mp\u00e1kat \u00e9s a robban\u00e1sbiztos v\u00e9szvil\u00e1g\u00edt\u00e1si l\u00e1mp\u00e1kat els\u0151sorban gy\u00fal\u00e9kony \u00e9s robban\u00e1svesz\u00e9lyes k\u00f6rnyezetben haszn\u00e1lj\u00e1k, hogy biztos\u00edts\u00e1k a vil\u00e1g\u00edt\u00f3berendez\u00e9sek biztons\u00e1g\u00e1t speci\u00e1lis k\u00f6rnyezetben. Sz\u00e9les k\u00f6rben haszn\u00e1lj\u00e1k \u0151ket a k\u00f6vetkez\u0151 k\u00f6rnyezetekben:<\/p>\n\n\n\n<h2 class=\"wp-block-heading\"><strong>1. petrolk\u00e9miai ipar:<\/strong><strong><\/strong><\/h2>\n\n\n\n<p>Benzinkutak, olaj- \u00e9s g\u00e1zmez\u0151k, olajfinom\u00edt\u00f3k, vegyipari \u00fczemek stb.<\/p>\n\n\n\n<p>A robban\u00e1sbiztos l\u00e1mp\u00e1k biztos\u00edthatj\u00e1k, hogy ne keletkezzenek szikr\u00e1k vagy t\u00falmeleged\u00e9s olyan k\u00f6rnyezetben, ahol olaj- vagy g\u00e1zsziv\u00e1rg\u00e1s vagy m\u00e1s gy\u00fal\u00e9kony g\u00e1zok vannak jelen, \u00edgy cs\u00f6kkentve a t\u0171z vagy robban\u00e1s kock\u00e1zat\u00e1t.<\/p>\n\n\n\n<h2 class=\"wp-block-heading\"><strong>2. B\u00e1ny\u00e1szat:<\/strong><strong><\/strong><\/h2>\n\n\n\n<p>Sz\u00e9nb\u00e1ny\u00e1k, f\u00e9mb\u00e1ny\u00e1k stb.<\/p>\n\n\n\n<p>A sz\u00e9nb\u00e1ny\u00e1k \u00e9s m\u00e1s helyek hajlamosak a gy\u00fal\u00e9kony g\u00e1zok \u00e9s por felhalmoz\u00f3d\u00e1s\u00e1ra, a robban\u00e1sbiztos l\u00e1mp\u00e1k \u00e9s v\u00e9szvil\u00e1g\u00edt\u00e1sok haszn\u00e1lata hat\u00e9konyan elker\u00fclheti az elektromos berendez\u00e9sek szikr\u00e1i \u00e1ltal okozott baleseteket.<\/p>\n\n\n\n<h2 class=\"wp-block-heading\"><strong>3. haj\u00f3k \u00e9s kik\u00f6t\u0151k:<\/strong><strong><\/strong><\/h2>\n\n\n\n<p>Tart\u00e1lyhaj\u00f3k, vegyianyag-sz\u00e1ll\u00edt\u00f3 haj\u00f3k stb.<\/p>\n\n\n\n<p>A haj\u00f3k \u00e9s a kik\u00f6t\u0151k gyakran tartalmaznak gy\u00fal\u00e9kony \u00e9s robban\u00e1svesz\u00e9lyes anyagokat a m\u0171k\u00f6d\u00e9si ter\u00fcleten, ez\u00e9rt robban\u00e1sbiztos vil\u00e1g\u00edt\u00f3berendez\u00e9seket kell haszn\u00e1lni.<\/p>\n\n\n\n<h2 class=\"wp-block-heading\"><strong>4. Villamosenergia- \u00e9s energiaipar:<\/strong><strong><\/strong><\/h2>\n\n\n\n<p>Er\u0151m\u0171vek, al\u00e1llom\u00e1sok, er\u0151m\u0171vi berendez\u00e9sek karbantart\u00f3 m\u0171helye. A magas h\u0151m\u00e9rs\u00e9klet, a gy\u00fal\u00e9kony g\u00e1zok \u00e9s vegyi anyagok jelenl\u00e9te miatt a robban\u00e1sbiztos l\u00e1mp\u00e1k alapvet\u0151 fontoss\u00e1g\u00fa berendez\u00e9sekk\u00e9 v\u00e1lnak.<\/p>\n\n\n\n<h2 class=\"wp-block-heading\"><strong>5. gy\u00f3gyszeripar:<\/strong><strong><\/strong><\/h2>\n\n\n\n<p>Gy\u00f3gyszergy\u00e1rak \u00e9s laborat\u00f3riumok, stb..<\/p>\n\n\n\n<p>Bizonyos vegyi anyagok \u00e9s g\u00e1zok gy\u00fal\u00e9konyak, a robban\u00e1sbiztos l\u00e1mp\u00e1k biztos\u00edthatj\u00e1k a munkak\u00f6rnyezet biztons\u00e1g\u00e1t.<\/p>\n\n\n\n<h2 class=\"wp-block-heading\"><strong>6. Vesz\u00e9lyes vegyi anyagok t\u00e1rol\u00e1sa \u00e9s sz\u00e1ll\u00edt\u00e1sa:<\/strong><strong><\/strong><\/h2>\n\n\n\n<p>Vegyi anyag rakt\u00e1rak, vesz\u00e9lyes anyagok eloszt\u00f3 k\u00f6zpontjai stb.<\/p>\n\n\n\n<p>Ezeken a helyeken gyakran t\u00e1rolnak ill\u00e9kony vegyi anyagokat vagy m\u00e9rgez\u0151 g\u00e1zokat, ez\u00e9rt a robban\u00e1sbiztos berendez\u00e9sek haszn\u00e1lata kritikus fontoss\u00e1g\u00fa.<\/p>\n\n\n\n<h2 class=\"wp-block-heading\"><strong>7. \u00e9lelmiszer-feldolgoz\u00f3 \u00fczemek:<\/strong><strong><\/strong><\/h2>\n\n\n\n<p>K\u00fcl\u00f6n\u00f6sen a gy\u00fal\u00e9kony zs\u00edrokat \u00e9s olajokat tartalmaz\u00f3 \u00e9lelmiszer-feldolgoz\u00e1s.<\/p>\n\n\n\n<p>A robban\u00e1sbiztos l\u00e1mp\u00e1kkal elker\u00fclhet\u0151k a vil\u00e1g\u00edt\u00f3berendez\u00e9sek \u00e1ltal okozott balesetek.<\/p>\n\n\n\n<h2 class=\"wp-block-heading\"><strong>8. katonai \u00e9s \u0171rkutat\u00e1s:<\/strong><strong><\/strong><\/h2>\n\n\n\n<p>Ezeken a helysz\u00edneken gyakran el\u0151fordulnak gy\u00fal\u00e9kony \u00e9s nagy kock\u00e1zat\u00fa anyagok \u00e9s g\u00e1zok, a robban\u00e1sbiztos l\u00e1mp\u00e1k biztos\u00edthatj\u00e1k a vil\u00e1g\u00edt\u00f3berendez\u00e9sek biztons\u00e1g\u00e1t.<\/p>\n\n\n\n<h2 class=\"wp-block-heading\"><strong>9. V\u00e1rosi f\u00f6ldalatti l\u00e9tes\u00edtm\u00e9nyek:<\/strong><strong><\/strong><\/h2>\n\n\n\n<p>Metr\u00f3, f\u00f6ldalatti bev\u00e1s\u00e1rl\u00f3k\u00f6zpontok, f\u00f6ldalatti parkol\u00f3k \u00e9s \u00edgy tov\u00e1bb.<\/p>\n\n\n\n<p>Z\u00e1rt k\u00f6rnyezetben a robban\u00e1sbiztos l\u00e1mp\u00e1k hat\u00e9konyan megakad\u00e1lyozhatj\u00e1k a t\u0171zbaleseteket.<\/p>\n\n\n\n<p class=\"has-text-align-left\">Ezekben a speci\u00e1lis k\u00f6rnyezetekben a robban\u00e1sbiztos l\u00e1mp\u00e1k \u00e9s robban\u00e1sbiztos v\u00e9szvil\u00e1g\u00edt\u00e1sok szigor\u00fa tervez\u00e9si szabv\u00e1nyokkal vannak felszerelve, bele\u00e9rtve a robban\u00e1sbiztos h\u00e1zakat, a t\u0171zv\u00e9delmi, v\u00edzszigetel\u00e9st \u00e9s egy\u00e9b jellemz\u0151ket, amelyek biztos\u00edtj\u00e1k, hogy a berendez\u00e9s nem okoz robban\u00e1st vagy t\u00fczet rendellenes k\u00f6r\u00fclm\u00e9nyek k\u00f6z\u00f6tt.<\/p>\n\n\n\n<div class=\"wp-block-uagb-container uagb-block-c7d898dd alignfull uagb-is-root-container\"><div class=\"uagb-container-inner-blocks-wrap\"><\/div><\/div>\n\n\n\n<h2 class=\"wp-block-heading\">Kapcsol\u00f3d\u00f3 term\u00e9kek<\/h2>\n\n\n\n<div class=\"wp-block-uagb-container uagb-block-66e4defc alignfull uagb-is-root-container\"><div class=\"uagb-container-inner-blocks-wrap\">\n<div class=\"wp-block-uagb-container uagb-block-a42945f9\">\n<div class=\"wp-block-uagb-image uagb-block-7296296b wp-block-uagb-image--layout-default wp-block-uagb-image--effect-static wp-block-uagb-image--align-none\"><figure class=\"wp-block-uagb-image__figure\"><a class=\"\" href=\"https:\/\/led.amasly.com\/hu_hu\/products\/\" target=\"\" rel=\"noopener\"><img decoding=\"async\" srcset=\"https:\/\/led.amasly.com\/wp-content\/uploads\/2024\/09\/Explosion-proof-high-bay-lights.png ,https:\/\/led.amasly.com\/wp-content\/uploads\/2024\/09\/Explosion-proof-high-bay-lights.png 780w, https:\/\/led.amasly.com\/wp-content\/uploads\/2024\/09\/Explosion-proof-high-bay-lights.png 360w\" sizes=\"auto, (max-width: 480px) 150px\" src=\"https:\/\/led.amasly.com\/wp-content\/uploads\/2024\/09\/Explosion-proof-high-bay-lights.png\" alt=\"\" class=\"uag-image-1495\" width=\"300\" height=\"300\" title=\"Robban\u00e1sbiztos magas \u00f6b\u00f6l f\u00e9nyek\" loading=\"lazy\" role=\"img\"><\/a><\/figure><\/div>\n<\/div>\n\n\n\n<div class=\"wp-block-uagb-container uagb-block-4d3efde5\">\n<div class=\"wp-block-uagb-image uagb-block-c9e90797 wp-block-uagb-image--layout-default wp-block-uagb-image--effect-static wp-block-uagb-image--align-none\"><figure class=\"wp-block-uagb-image__figure\"><a class=\"\" href=\"https:\/\/led.amasly.com\/hu_hu\/products\/\" target=\"\" rel=\"noopener\"><img decoding=\"async\" srcset=\"https:\/\/led.amasly.com\/wp-content\/uploads\/2024\/07\/LED-tri-proof-lights2.png ,https:\/\/led.amasly.com\/wp-content\/uploads\/2024\/07\/LED-tri-proof-lights2.png 780w, https:\/\/led.amasly.com\/wp-content\/uploads\/2024\/07\/LED-tri-proof-lights2.png 360w\" sizes=\"auto, (max-width: 480px) 150px\" src=\"https:\/\/led.amasly.com\/wp-content\/uploads\/2024\/07\/LED-tri-proof-lights2.png\" alt=\"\" class=\"uag-image-1132\" width=\"300\" height=\"300\" title=\"LED-tri-proof-lights2\" loading=\"lazy\" role=\"img\"><\/a><\/figure><\/div>\n<\/div>\n\n\n\n<div class=\"wp-block-uagb-container uagb-block-11c2578b\">\n<div class=\"wp-block-uagb-image uagb-block-6e8883aa wp-block-uagb-image--layout-default wp-block-uagb-image--effect-static wp-block-uagb-image--align-none\"><figure class=\"wp-block-uagb-image__figure\"><a class=\"\" href=\"https:\/\/led.amasly.com\/hu_hu\/products\/\" target=\"\" rel=\"noopener\"><img decoding=\"async\" srcset=\"https:\/\/led.amasly.com\/wp-content\/uploads\/2024\/09\/LED-Explosion-Proof-Gas-Station-Light.png ,https:\/\/led.amasly.com\/wp-content\/uploads\/2024\/09\/LED-Explosion-Proof-Gas-Station-Light.png 780w, https:\/\/led.amasly.com\/wp-content\/uploads\/2024\/09\/LED-Explosion-Proof-Gas-Station-Light.png 360w\" sizes=\"auto, (max-width: 480px) 150px\" src=\"https:\/\/led.amasly.com\/wp-content\/uploads\/2024\/09\/LED-Explosion-Proof-Gas-Station-Light.png\" alt=\"\" class=\"uag-image-1501\" width=\"300\" height=\"300\" title=\"LED robban\u00e1sbiztos benzink\u00fat f\u00e9ny\" loading=\"lazy\" role=\"img\"><\/a><\/figure><\/div>\n<\/div>\n<\/div><\/div>\n\n\n\n<div class=\"wp-block-uagb-container uagb-block-548945b5 alignfull uagb-is-root-container\"><div class=\"uagb-container-inner-blocks-wrap\">\n<div class=\"wp-block-uagb-container uagb-block-967755d5\">\n<h4 class=\"wp-block-heading has-text-align-center\"><a href=\"https:\/\/led.amasly.com\/hu_hu\/products\/\">LED robban\u00e1sbiztos f\u00e9nyek<\/a><\/h4>\n<\/div>\n\n\n\n<div class=\"wp-block-uagb-container uagb-block-9bc52fc2\">\n<h4 class=\"wp-block-heading has-text-align-center\"><a href=\"https:\/\/led.amasly.com\/hu_hu\/products\/\">LED Tri-Proof f\u00e9nyek<\/a><\/h4>\n<\/div>\n\n\n\n<div class=\"wp-block-uagb-container uagb-block-8ffa0a23\">\n<h4 class=\"wp-block-heading has-text-align-center\"><a href=\"https:\/\/led.amasly.com\/hu_hu\/products\/\">Robban\u00e1sbiztos benzink\u00fat f\u00e9nyek<\/a><\/h4>\n<\/div>\n<\/div><\/div>\n\n\n\n<div class=\"wp-block-uagb-container uagb-block-29499fe0 alignfull uagb-is-root-container\"><div class=\"uagb-container-inner-blocks-wrap\">\n<div class=\"wp-block-uagb-container uagb-block-777ee1c7\">\n<div class=\"wp-block-uagb-image uagb-block-2e9a1851 wp-block-uagb-image--layout-default wp-block-uagb-image--effect-static wp-block-uagb-image--align-none\"><figure class=\"wp-block-uagb-image__figure\"><a class=\"\" href=\"https:\/\/led.amasly.com\/hu_hu\/products\/\" target=\"\" rel=\"noopener\"><img decoding=\"async\" srcset=\"https:\/\/led.amasly.com\/wp-content\/uploads\/2024\/10\/50W-100W-150W-200W-300W-LED-Flood-Light.jpg ,https:\/\/led.amasly.com\/wp-content\/uploads\/2024\/10\/50W-100W-150W-200W-300W-LED-Flood-Light.jpg 780w, https:\/\/led.amasly.com\/wp-content\/uploads\/2024\/10\/50W-100W-150W-200W-300W-LED-Flood-Light.jpg 360w\" sizes=\"auto, (max-width: 480px) 150px\" src=\"https:\/\/led.amasly.com\/wp-content\/uploads\/2024\/10\/50W-100W-150W-200W-300W-LED-Flood-Light.jpg\" alt=\"\" class=\"uag-image-1526\" width=\"300\" height=\"300\" title=\"50W 100W 150W 200W 300W LED-es \u00e1rv\u00edzf\u00e9ny\" loading=\"lazy\" role=\"img\"><\/a><\/figure><\/div>\n<\/div>\n\n\n\n<div class=\"wp-block-uagb-container uagb-block-af8c8683\">\n<div class=\"wp-block-uagb-image uagb-block-67947854 wp-block-uagb-image--layout-default wp-block-uagb-image--effect-static wp-block-uagb-image--align-none\"><figure class=\"wp-block-uagb-image__figure\"><a class=\"\" href=\"https:\/\/led.amasly.com\/hu_hu\/products\/\" target=\"\" rel=\"noopener\"><img decoding=\"async\" srcset=\"https:\/\/led.amasly.com\/wp-content\/uploads\/2024\/07\/led-tri-proof-light.png ,https:\/\/led.amasly.com\/wp-content\/uploads\/2024\/07\/led-tri-proof-light.png 780w, https:\/\/led.amasly.com\/wp-content\/uploads\/2024\/07\/led-tri-proof-light.png 360w\" sizes=\"auto, (max-width: 480px) 150px\" src=\"https:\/\/led.amasly.com\/wp-content\/uploads\/2024\/07\/led-tri-proof-light.png\" alt=\"\" class=\"uag-image-1130\" width=\"300\" height=\"300\" title=\"led-tri-proof-light\" loading=\"lazy\" role=\"img\"><\/a><\/figure><\/div>\n<\/div>\n\n\n\n<div class=\"wp-block-uagb-container uagb-block-0fdfdd58\">\n<div class=\"wp-block-uagb-image uagb-block-1187d32d wp-block-uagb-image--layout-default wp-block-uagb-image--effect-static wp-block-uagb-image--align-none\"><figure class=\"wp-block-uagb-image__figure\"><a class=\"\" href=\"https:\/\/led.amasly.com\/hu_hu\/products\/\" target=\"\" rel=\"noopener\"><img decoding=\"async\" srcset=\"https:\/\/led.amasly.com\/wp-content\/uploads\/2024\/07\/LED-street-light.jpg ,https:\/\/led.amasly.com\/wp-content\/uploads\/2024\/07\/LED-street-light.jpg 780w, https:\/\/led.amasly.com\/wp-content\/uploads\/2024\/07\/LED-street-light.jpg 360w\" sizes=\"auto, (max-width: 480px) 150px\" src=\"https:\/\/led.amasly.com\/wp-content\/uploads\/2024\/07\/LED-street-light.jpg\" alt=\"\" class=\"uag-image-1145\" width=\"300\" height=\"300\" title=\"LED-es utcai l\u00e1mp\u00e1k\" loading=\"lazy\" role=\"img\"><\/a><\/figure><\/div>\n<\/div>\n<\/div><\/div>\n\n\n\n<div class=\"wp-block-uagb-container uagb-block-6a60882c alignfull uagb-is-root-container\"><div class=\"uagb-container-inner-blocks-wrap\">\n<div class=\"wp-block-uagb-container uagb-block-f1e91a35\">\n<h4 class=\"wp-block-heading has-text-align-center\"><a href=\"https:\/\/led.amasly.com\/hu_hu\/products\/\">LED \u00e1rv\u00edzf\u00e9nyek<\/a><\/h4>\n<\/div>\n\n\n\n<div class=\"wp-block-uagb-container uagb-block-165bfa58\">\n<h4 class=\"wp-block-heading has-text-align-center\"><a href=\"https:\/\/led.amasly.com\/hu_hu\/products\/\">LED Tri-Proof cs\u0151f\u00e9nyek<\/a><\/h4>\n<\/div>\n\n\n\n<div class=\"wp-block-uagb-container uagb-block-f6096e3b\">\n<h4 class=\"wp-block-heading has-text-align-center\"><a href=\"https:\/\/led.amasly.com\/hu_hu\/products\/\">LED utcai l\u00e1mp\u00e1k<\/a><\/h4>\n<\/div>\n<\/div><\/div>\n\n\n\n<div class=\"wp-block-uagb-container uagb-block-99c0e0a5 alignfull uagb-is-root-container\"><div class=\"uagb-container-inner-blocks-wrap\"><\/div><\/div>\n\n\n\n<p><\/p>","protected":false},"excerpt":{"rendered":"<p>Where is explosion proof lighting required? Explosion proof lamps and explosion proof emergency lamps are mainly used in flammable and explosive environments to ensure the safety of lighting equipment in special environments. They are widely used in the following environments: 1. petrochemical industry: Gas stations, oil and gas fields, oil refineries, chemical production plants and [&hellip;]<\/p>\n","protected":false},"author":1,"featured_media":0,"parent":2374,"menu_order":0,"comment_status":"closed","ping_status":"closed","template":"","meta":{"_uag_custom_page_level_css":"","site-sidebar-layout":"no-sidebar","site-content-layout":"","ast-site-content-layout":"default","site-content-style":"default","site-sidebar-style":"default","ast-global-header-display":"","ast-banner-title-visibility":"","ast-main-header-display":"","ast-hfb-above-header-display":"","ast-hfb-below-header-display":"","ast-hfb-mobile-header-display":"","site-post-title":"disabled","ast-breadcrumbs-content":"","ast-featured-img":"","footer-sml-layout":"","ast-disable-related-posts":"","theme-transparent-header-meta":"enabled","adv-header-id-meta":"","stick-header-meta":"","header-above-stick-meta":"","header-main-stick-meta":"","header-below-stick-meta":"","astra-migrate-meta-layouts":"set","ast-page-background-enabled":"default","ast-page-background-meta":{"desktop":{"background-color":"var(--ast-global-color-4)","background-image":"","background-repeat":"repeat","background-position":"center center","background-size":"auto","background-attachment":"scroll","background-type":"","background-media":"","overlay-type":"","overlay-color":"","overlay-opacity":"","overlay-gradient":""},"tablet":{"background-color":"","background-image":"","background-repeat":"repeat","background-position":"center center","background-size":"auto","background-attachment":"scroll","background-type":"","background-media":"","overlay-type":"","overlay-color":"","overlay-opacity":"","overlay-gradient":""},"mobile":{"background-color":"","background-image":"","background-repeat":"repeat","background-position":"center center","background-size":"auto","background-attachment":"scroll","background-type":"","background-media":"","overlay-type":"","overlay-color":"","overlay-opacity":"","overlay-gradient":""}},"ast-content-background-meta":{"desktop":{"background-color":"var(--ast-global-color-5)","background-image":"","background-repeat":"repeat","background-position":"center center","background-size":"auto","background-attachment":"scroll","background-type":"","background-media":"","overlay-type":"","overlay-color":"","overlay-opacity":"","overlay-gradient":""},"tablet":{"background-color":"var(--ast-global-color-5)","background-image":"","background-repeat":"repeat","background-position":"center center","background-size":"auto","background-attachment":"scroll","background-type":"","background-media":"","overlay-type":"","overlay-color":"","overlay-opacity":"","overlay-gradient":""},"mobile":{"background-color":"var(--ast-global-color-5)","background-image":"","background-repeat":"repeat","background-position":"center center","background-size":"auto","background-attachment":"scroll","background-type":"","background-media":"","overlay-type":"","overlay-color":"","overlay-opacity":"","overlay-gradient":""}},"footnotes":""},"class_list":["post-3016","page","type-page","status-publish","hentry"],"uagb_featured_image_src":{"full":false,"thumbnail":false,"medium":false,"medium_large":false,"large":false,"1536x1536":false,"2048x2048":false,"trp-custom-language-flag":false},"uagb_author_info":{"display_name":"Joe","author_link":"https:\/\/led.amasly.com\/hu_hu\/author\/jacklin\/"},"uagb_comment_info":0,"uagb_excerpt":"Where is explosion proof lighting required? Explosion proof lamps and explosion proof emergency lamps are mainly used in flammable and explosive environments to ensure the safety of lighting equipment in special environments. They are widely used in the following environments: 1. petrochemical industry: Gas stations, oil and gas fields, oil refineries, chemical production plants and&hellip;","_links":{"self":[{"href":"https:\/\/led.amasly.com\/hu_hu\/wp-json\/wp\/v2\/pages\/3016","targetHints":{"allow":["GET"]}}],"collection":[{"href":"https:\/\/led.amasly.com\/hu_hu\/wp-json\/wp\/v2\/pages"}],"about":[{"href":"https:\/\/led.amasly.com\/hu_hu\/wp-json\/wp\/v2\/types\/page"}],"author":[{"embeddable":true,"href":"https:\/\/led.amasly.com\/hu_hu\/wp-json\/wp\/v2\/users\/1"}],"replies":[{"embeddable":true,"href":"https:\/\/led.amasly.com\/hu_hu\/wp-json\/wp\/v2\/comments?post=3016"}],"version-history":[{"count":1,"href":"https:\/\/led.amasly.com\/hu_hu\/wp-json\/wp\/v2\/pages\/3016\/revisions"}],"predecessor-version":[{"id":3017,"href":"https:\/\/led.amasly.com\/hu_hu\/wp-json\/wp\/v2\/pages\/3016\/revisions\/3017"}],"up":[{"embeddable":true,"href":"https:\/\/led.amasly.com\/hu_hu\/wp-json\/wp\/v2\/pages\/2374"}],"wp:attachment":[{"href":"https:\/\/led.amasly.com\/hu_hu\/wp-json\/wp\/v2\/media?parent=3016"}],"curies":[{"name":"wp","href":"https:\/\/api.w.org\/{rel}","templated":true}]}}