{"id":3015,"date":"2025-04-09T21:06:00","date_gmt":"2025-04-09T13:06:00","guid":{"rendered":"https:\/\/led.amasly.com\/?page_id=3015"},"modified":"2025-04-09T21:06:05","modified_gmt":"2025-04-09T13:06:05","slug":"what-is-the-standard-for-explosion-proof","status":"publish","type":"page","link":"https:\/\/led.amasly.com\/hu_hu\/knowledge\/explosion-proof-products-knowledge\/what-is-the-standard-for-explosion-proof\/","title":{"rendered":"Mi a robban\u00e1sbiztoss\u00e1g szabv\u00e1nya?"},"content":{"rendered":"<div class=\"wp-block-uagb-container uagb-block-27bae773 alignfull uagb-is-root-container\"><div class=\"uagb-container-inner-blocks-wrap\"><\/div><\/div>\n\n\n\n<h2 class=\"wp-block-heading has-text-align-center\"><strong>Mi a szabv\u00e1ny a <\/strong><strong>robban\u00e1sbiztos<\/strong><strong>?<\/strong><strong><\/strong><\/h2>\n\n\n\n<div class=\"wp-block-uagb-image uagb-block-da1360b5 wp-block-uagb-image--layout-default wp-block-uagb-image--effect-static wp-block-uagb-image--align-none\"><figure class=\"wp-block-uagb-image__figure\"><a class=\"\" href=\"https:\/\/led.amasly.com\/hu_hu\/\" target=\"\" rel=\"noopener\"><img decoding=\"async\" srcset=\"https:\/\/led.amasly.com\/wp-content\/uploads\/2025\/01\/LED-explosion-proof-flood-lights.png ,https:\/\/led.amasly.com\/wp-content\/uploads\/2025\/01\/LED-explosion-proof-flood-lights.png 780w, https:\/\/led.amasly.com\/wp-content\/uploads\/2025\/01\/LED-explosion-proof-flood-lights.png 360w\" sizes=\"auto, (max-width: 480px) 150px\" src=\"https:\/\/led.amasly.com\/wp-content\/uploads\/2025\/01\/LED-explosion-proof-flood-lights.png\" alt=\"\" class=\"uag-image-1675\" width=\"1004\" height=\"308\" title=\"LED robban\u00e1sbiztos reflektorok\" loading=\"lazy\" role=\"img\"><\/a><\/figure><\/div>\n\n\n\n<p>A nemzetk\u00f6zi robban\u00e1sbiztos szabv\u00e1nyok biztos\u00edtj\u00e1k, hogy a vesz\u00e9lyes k\u00f6rnyezetben, p\u00e9ld\u00e1ul gy\u00fal\u00e9kony g\u00e1zok, porok vagy g\u0151z\u00f6k jelenl\u00e9t\u00e9ben haszn\u00e1lt berendez\u00e9sek ne okozzanak robban\u00e1st. Ezeket a szabv\u00e1nyokat vil\u00e1gszerte elismerik, a k\u00fcl\u00f6nb\u00f6z\u0151 r\u00e9gi\u00f3knak saj\u00e1t rendszereik vannak, de ugyanaz a f\u0151 c\u00e9ljuk, hogy m\u0171szaki eszk\u00f6z\u00f6kkel cs\u00f6kkents\u00e9k a robban\u00e1svesz\u00e9lyt.<\/p>\n\n\n\n<p>A vil\u00e1g\u00edt\u00f3testek glob\u00e1lis robban\u00e1sbiztos tan\u00fas\u00edt\u00e1s\u00e1ra vonatkoz\u00f3 konkr\u00e9t k\u00f6vetelm\u00e9nyek \u00e9s szabv\u00e1nyok r\u00e9gi\u00f3nk\u00e9nt \u00e9s orsz\u00e1gonk\u00e9nt elt\u00e9r\u0151ek lehetnek.Mi a robban\u00e1sbiztos vil\u00e1g\u00edt\u00e1s szabv\u00e1nya?<\/p>\n\n\n\n<p>Az al\u00e1bbiakban \u00e1ttekintj\u00fck a robban\u00e1sbiztos tan\u00fas\u00edt\u00e1s n\u00e9h\u00e1ny \u00e1ltal\u00e1nos glob\u00e1lis k\u00f6vetelm\u00e9ny\u00e9t \u00e9s szabv\u00e1ny\u00e1t:<\/p>\n\n\n\n<h2 class=\"wp-block-heading\"><strong>EU ATEX:<\/strong><strong><\/strong><\/h2>\n\n\n\n<p>Az ATEX a robban\u00e1sbiztos berendez\u00e9sekre vonatkoz\u00f3 eur\u00f3pai ir\u00e1nyelvek \u00f6sszess\u00e9ge. Neve a francia \u201cAppareils destin\u00e9s \u00e0 \u00eatre utilis\u00e9s en ATmosph\u00e8res EXplosibles\u201d, azaz \u201crobban\u00e1svesz\u00e9lyes l\u00e9gk\u00f6rben haszn\u00e1latos berendez\u00e9sek\u201d kifejez\u00e9sb\u0151l sz\u00e1rmazik. Az ATEX k\u00e9t f\u0151 ir\u00e1nyelvb\u0151l \u00e1ll:<\/p>\n\n\n\n<p>ATEX 95 (ATEX 100a) - 2014\/34\/EU ir\u00e1nyelv: robban\u00e1svesz\u00e9lyes l\u00e9gk\u00f6rben val\u00f3 haszn\u00e1latra sz\u00e1nt berendez\u00e9sekre \u00e9s v\u00e9delmi rendszerekre vonatkozik. Az ir\u00e1nyelv meghat\u00e1rozza azokat az alapvet\u0151 eg\u00e9szs\u00e9g\u00fcgyi \u00e9s biztons\u00e1gi k\u00f6vetelm\u00e9nyeket, amelyeket a berendez\u00e9sek gy\u00e1rt\u00f3inak teljes\u00edteni\u00fck kell, \u00e9s amelyek a tervez\u00e9sre, gy\u00e1rt\u00e1sra \u00e9s tesztel\u00e9sre vonatkoznak.<\/p>\n\n\n\n<p>ATEX 137 - 1999\/92\/EK ir\u00e1nyelv: robban\u00e1svesz\u00e9lyes l\u00e9gk\u00f6rben l\u00e9v\u0151 munkahelyekre vonatkozik. Az ir\u00e1nyelv meghat\u00e1rozza azokat az int\u00e9zked\u00e9seket, amelyeket a munk\u00e1ltat\u00f3knak meg kell tenni\u00fck munkav\u00e1llal\u00f3ik biztons\u00e1g\u00e1nak \u00e9s eg\u00e9szs\u00e9g\u00e9nek biztos\u00edt\u00e1sa \u00e9rdek\u00e9ben, bele\u00e9rtve a kock\u00e1zat\u00e9rt\u00e9kel\u00e9st, a ter\u00fcletek oszt\u00e1lyoz\u00e1s\u00e1t \u00e9s a megfelel\u0151 biztons\u00e1gi oktat\u00e1st.<\/p>\n\n\n\n<p>ATEX tan\u00fas\u00edt\u00e1s (EU): ATEX (Atmosph\u00e8res Explosibles) az Eur\u00f3pai Uni\u00f3 tan\u00fas\u00edt\u00e1si k\u00f6vetelm\u00e9nye a potenci\u00e1lisan robban\u00e1svesz\u00e9lyes g\u00e1zok, g\u0151z\u00f6k vagy por k\u00f6rnyezet\u00e9ben haszn\u00e1lt berendez\u00e9sekre. F\u0151 szabv\u00e1nyai k\u00f6z\u00e9 tartozik az EN 60079-0 \u00e9s az EN 60079-1.<\/p>\n\n\n\n<p>Az ATEX-tan\u00fas\u00edt\u00e1s az EU-tag\u00e1llamokra vonatkozik, \u00e9s a berendez\u00e9seknek meg kell felelni\u00fck ezeknek az ir\u00e1nyelveknek ahhoz, hogy az EU piac\u00e1n \u00e9rt\u00e9kes\u00edteni \u00e9s haszn\u00e1lni lehessen \u0151ket.<\/p>\n\n\n\n<h2 class=\"wp-block-heading\"><strong><a href=\"http:\/\/www.ul.com\" rel=\"nofollow noopener\" target=\"_blank\">UL \u00c9szak-Amerika<\/a><\/strong><\/h2>\n\n\n\n<p>\u00c9szak-Amerik\u00e1ban (pl. az Egyes\u00fclt \u00c1llamokban \u00e9s Kanad\u00e1ban) a robban\u00f3anyagokat h\u00e1rom f\u0151 kateg\u00f3ri\u00e1ba sorolj\u00e1k, nevezetesen az I. oszt\u00e1lyba (robban\u00e9kony g\u00e1zok), a II. oszt\u00e1lyba (robban\u00e9kony porok) \u00e9s a III. oszt\u00e1lyba (robban\u00e9kony sz\u00e1lak). Az egyes kateg\u00f3ri\u00e1k k\u00fcl\u00f6nb\u00f6z\u0151 csoportokra is fel vannak osztva, p\u00e9ld\u00e1ul az I. oszt\u00e1ly A csoportra (acetil\u00e9n), B csoportra (hidrog\u00e9n) \u00e9s \u00edgy tov\u00e1bb.<\/p>\n\n\n\n<p>Az \u00e9szak-amerikai rendszer a robban\u00e1svesz\u00e9lyes helyek k\u00e9t szintj\u00e9re oszlik, nevezetesen az 1. \u00e9s a 2. k\u00f6rzetre. 1 (1. k\u00f6rzet), hogy norm\u00e1l \u00fczemi k\u00f6r\u00fclm\u00e9nyek k\u00f6z\u00f6tt mindig vagy n\u00e9ha el\u0151fordulhatnak robban\u00e1svesz\u00e9lyes g\u00e1zok, porok \u00e9s robban\u00f3anyagok; 2 (2. k\u00f6rzet), hogy norm\u00e1l \u00fczemi k\u00f6r\u00fclm\u00e9nyek k\u00f6z\u00f6tt ezek az anyagok val\u00f3sz\u00edn\u0171leg nem fordulnak el\u0151.<\/p>\n\n\n\n<p>UL tan\u00fas\u00edt\u00e1s (USA): Az UL (Underwriters Laboratories) egy amerikai tan\u00fas\u00edt\u00f3 szervezet, amely \u00e9rt\u00e9keli \u00e9s tan\u00fas\u00edtja a l\u00e1mp\u00e1k \u00e9s l\u00e1mpatestek robban\u00e1sbiztos teljes\u00edtm\u00e9ny\u00e9t. Az UL 844 a robban\u00e1sbiztos l\u00e1mp\u00e1k \u00e9s l\u00e1mpatestek \u00e1ltal\u00e1nosan haszn\u00e1lt szabv\u00e1nya.<\/p>\n\n\n\n<p>CSA tan\u00fas\u00edt\u00e1s (Kanada): CSA (Canadian Standards Association) a kanadai tan\u00fas\u00edt\u00f3 szervezet, a l\u00e1mp\u00e1k \u00e9s l\u00e1mp\u00e1k robban\u00e1sbiztos teljes\u00edtm\u00e9ny\u00e9nek \u00e9rt\u00e9kel\u00e9s\u00e9re \u00e9s tan\u00fas\u00edt\u00e1s\u00e1ra a CSA C22.2 No. 137 a robban\u00e1sbiztos l\u00e1mp\u00e1k \u00e9s l\u00e1mp\u00e1k \u00e1ltal\u00e1nosan haszn\u00e1lt szabv\u00e1nyok.<\/p>\n\n\n\n<h2 class=\"wp-block-heading\"><strong>K\u00edna GB<\/strong><strong><\/strong><\/h2>\n\n\n\n<p>K\u00edna f\u0151k\u00e9nt az Elektrotechnikai Bizotts\u00e1g (IEC) feloszt\u00e1si m\u00f3dszer\u00e9t alkalmazza, amely a robban\u00f3anyagokat h\u00e1rom kateg\u00f3ri\u00e1ba sorolja: b\u00e1ny\u00e1szati met\u00e1n (I. oszt\u00e1ly), robban\u00e1svesz\u00e9lyes g\u00e1zkever\u00e9kek (II. oszt\u00e1ly), valamint robban\u00e1svesz\u00e9lyes porok \u00e9s sz\u00e1lak (III. oszt\u00e1ly). Az egyes oszt\u00e1lyok az egyes kateg\u00f3ri\u00e1kon bel\u00fcl tov\u00e1bbi aloszt\u00e1lyokra oszlanak, pl. a II. oszt\u00e1ly B oszt\u00e1lyra (etil\u00e9n stb.) \u00e9s A oszt\u00e1lyra (prop\u00e1n stb.) oszlik.<\/p>\n\n\n\n<p>GB szabv\u00e1ny (K\u00edna): GB 3836.1 \u00e9s GB 3836.2: A K\u00ednai Nemzeti Szabv\u00e1ny\u00fcgyi Bizotts\u00e1g egy sor nemzeti szabv\u00e1nyt adott ki a robban\u00e1sbiztos vil\u00e1g\u00edt\u00e1sr\u00f3l. K\u00edn\u00e1t h\u00e1rom robban\u00e1svesz\u00e9lyes ter\u00fcletre osztj\u00e1k, nevezetesen 0. z\u00f3n\u00e1ra (0. z\u00f3na), 1. z\u00f3n\u00e1ra (1. z\u00f3na\/ 21. z\u00f3na), 2. z\u00f3n\u00e1ra (2. z\u00f3na\/ 22. z\u00f3na). Ezek a z\u00f3n\u00e1k a robban\u00e1svesz\u00e9lyes g\u00e1zok, g\u0151z\u00f6k vagy porok jelenl\u00e9t\u00e9nek val\u00f3sz\u00edn\u0171s\u00e9g\u00e9n alapulnak norm\u00e1l \u00fczemi k\u00f6r\u00fclm\u00e9nyek k\u00f6z\u00f6tt.<\/p>\n\n\n\n<h2 class=\"wp-block-heading\"><strong>F\u00c1K r\u00e9gi\u00f3<\/strong><strong><\/strong><\/h2>\n\n\n\n<p>CU-TR tan\u00fas\u00edt\u00e1s a F\u00c1K r\u00e9gi\u00f3 sz\u00e1m\u00e1ra (pl. Oroszorsz\u00e1g, Feh\u00e9roroszorsz\u00e1g stb.)<\/p>\n\n\n\n<p>Bevezet\u00e9s: A CU-TR tan\u00fas\u00edt\u00e1s a V\u00e1muni\u00f3 (Oroszorsz\u00e1got, Feh\u00e9roroszorsz\u00e1got, Kazahszt\u00e1nt, \u00d6rm\u00e9nyorsz\u00e1got \u00e9s Kirgiziszt\u00e1nt is mag\u00e1ban foglal\u00f3) m\u0171szaki el\u0151\u00edr\u00e1sainak tan\u00fas\u00edt\u00e1sa.<\/p>\n\n\n\n<p>Jellemz\u0151k: A tan\u00fas\u00edt\u00e1si elj\u00e1r\u00e1s az IEC-hez hasonl\u00f3 szabv\u00e1nyokon alapul.<\/p>\n\n\n\n<p>Alkalmaz\u00e1si ter\u00fclet: A v\u00e1muni\u00f3s piacra bel\u00e9pni k\u00edv\u00e1n\u00f3 robban\u00e1sv\u00e9delmi term\u00e9kek gy\u00e1rt\u00f3i sz\u00e1m\u00e1ra.<\/p>\n\n\n\n<h2 class=\"wp-block-heading\"><strong><a href=\"http:\/\/www.iecex-certs.com\/\" rel=\"nofollow noopener\" target=\"_blank\">IECEx<\/a><\/strong><\/h2>\n\n\n\n<p>Az IECEx a Nemzetk\u00f6zi Elektrotechnikai Bizotts\u00e1g (IEC) kidolgozta a robban\u00e1sbiztos berendez\u00e9sek nemzetk\u00f6zi tan\u00fas\u00edt\u00e1si rendszer\u00e9t, teljes neve \u201cIEC System for Certification to Standards Relating to Equipment for Use in Explosive Atmospheres\u201d. A rendszer c\u00e9lja, hogy vil\u00e1gszerte egys\u00e9ges tan\u00fas\u00edt\u00e1si programot biztos\u00edtson a robban\u00e1svesz\u00e9lyes k\u00f6rnyezetben haszn\u00e1lt berendez\u00e9sek \u00e9s szolg\u00e1ltat\u00e1sok biztons\u00e1g\u00e1nak biztos\u00edt\u00e1s\u00e1ra.<\/p>\n\n\n\n<p>IECEx tan\u00fas\u00edt\u00e1s (nemzetk\u00f6zi): Az IECEx (Nemzetk\u00f6zi Elektrotechnikai Bizotts\u00e1g robban\u00e1svesz\u00e9lyes l\u00e9gk\u00f6rben haszn\u00e1latos berendez\u00e9sekre vonatkoz\u00f3 szabv\u00e1nyok tan\u00fas\u00edt\u00e1si rendszere) a robban\u00e1svesz\u00e9lyes g\u00e1z- \u00e9s pork\u00f6rnyezetben haszn\u00e1latos berendez\u00e9sek nemzetk\u00f6zi tan\u00fas\u00edt\u00e1si rendszere. Az \u00e1ltal\u00e1nosan haszn\u00e1lt szabv\u00e1nyok k\u00f6z\u00e9 tartozik az IEC 60079-0 \u00e9s az IEC 60079-1.<\/p>\n\n\n\n<p>Az IECEx tan\u00fas\u00edt\u00e1s vil\u00e1gszerte elismert, \u00e9s nemcsak az Eur\u00f3pai Uni\u00f3ban alkalmazhat\u00f3, hanem sz\u00e9les k\u00f6rben haszn\u00e1lj\u00e1k m\u00e1s orsz\u00e1gokban \u00e9s r\u00e9gi\u00f3kban is, p\u00e9ld\u00e1ul Ausztr\u00e1li\u00e1ban, K\u00edn\u00e1ban \u00e9s a K\u00f6zel-Keleten.<\/p>\n\n\n\n<h2 class=\"wp-block-heading\"><strong>Robban\u00e1sv\u00e9delmi tan\u00fas\u00edt\u00e1s m\u00e1s orsz\u00e1gokban \u00e9s r\u00e9gi\u00f3kban<\/strong><strong><\/strong><\/h2>\n\n\n\n<p>Jap\u00e1n: TIIS (Japan Industrial Safety Technology Association) a jap\u00e1n Eg\u00e9szs\u00e9g\u00fcgyi, Munka\u00fcgyi \u00e9s J\u00f3l\u00e9ti Miniszt\u00e9rium \u00e1ltal kijel\u00f6lt robban\u00e1sbiztos elektromos berendez\u00e9sek tan\u00fas\u00edt\u00f3 szervei sz\u00e1m\u00e1ra.<\/p>\n\n\n\n<p>Korea: A koreai KC-tan\u00fas\u00edtv\u00e1nyt a koreai piacon kell alkalmazni, azok a gy\u00e1rt\u00f3k, akik m\u00e1r rendelkeznek IECEx-tan\u00fas\u00edtv\u00e1nnyal, a tan\u00fas\u00edtv\u00e1nnyal, a vizsg\u00e1lati jelent\u00e9ssel \u00e9s a m\u0171szaki dokumentumokkal, hogy k\u00e9relmezhess\u00e9k a koreai KC-tan\u00fas\u00edtv\u00e1nyt.<\/p>\n\n\n\n<p>EGYES\u00dcLT ARAB EM\u00cdRS\u00c9GEK: Az ECASEx az ESMA, az Em\u00edrs\u00e9gek Szabv\u00e1ny\u00fcgyi \u00e9s M\u00e9r\u00e9s\u00fcgyi Hat\u00f3s\u00e1ga \u00e1ltal a robban\u00e1svesz\u00e9lyes l\u00e9gk\u00f6rben haszn\u00e1lt elektromos berendez\u00e9sek k\u00f6telez\u0151 tan\u00fas\u00edt\u00e1sa.<\/p>\n\n\n\n<p>Braz\u00edlia: Az INMETRO v\u00e9djegy a braz\u00edliai Nemzeti Ellen\u0151rz\u00e9si Szervezet (INMETRO) hat\u00e1sk\u00f6r\u00e9be tartoz\u00f3 k\u00f6telez\u0151 tan\u00fas\u00edt\u00e1s.<\/p>\n\n\n\n<p class=\"has-text-align-center\">Ausztr\u00e1lia \u00e9s \u00daj-Z\u00e9land: IECEx tan\u00fas\u00edtv\u00e1nyokat k\u00f6zvetlen\u00fcl elismerik.<\/p>\n\n\n\n<div class=\"wp-block-uagb-container uagb-block-c7d898dd alignfull uagb-is-root-container\"><div class=\"uagb-container-inner-blocks-wrap\"><\/div><\/div>\n\n\n\n<h2 class=\"wp-block-heading\">Kapcsol\u00f3d\u00f3 term\u00e9kek<\/h2>\n\n\n\n<div class=\"wp-block-uagb-container uagb-block-66e4defc alignfull uagb-is-root-container\"><div class=\"uagb-container-inner-blocks-wrap\">\n<div class=\"wp-block-uagb-container uagb-block-a42945f9\">\n<div class=\"wp-block-uagb-image uagb-block-7296296b wp-block-uagb-image--layout-default wp-block-uagb-image--effect-static wp-block-uagb-image--align-none\"><figure class=\"wp-block-uagb-image__figure\"><a class=\"\" href=\"https:\/\/led.amasly.com\/hu_hu\/products\/\" target=\"\" rel=\"noopener\"><img decoding=\"async\" srcset=\"https:\/\/led.amasly.com\/wp-content\/uploads\/2024\/09\/Explosion-proof-high-bay-lights.png ,https:\/\/led.amasly.com\/wp-content\/uploads\/2024\/09\/Explosion-proof-high-bay-lights.png 780w, https:\/\/led.amasly.com\/wp-content\/uploads\/2024\/09\/Explosion-proof-high-bay-lights.png 360w\" sizes=\"auto, (max-width: 480px) 150px\" src=\"https:\/\/led.amasly.com\/wp-content\/uploads\/2024\/09\/Explosion-proof-high-bay-lights.png\" alt=\"\" class=\"uag-image-1495\" width=\"300\" height=\"300\" title=\"Robban\u00e1sbiztos magas \u00f6b\u00f6l f\u00e9nyek\" loading=\"lazy\" role=\"img\"><\/a><\/figure><\/div>\n<\/div>\n\n\n\n<div class=\"wp-block-uagb-container uagb-block-4d3efde5\">\n<div class=\"wp-block-uagb-image uagb-block-c9e90797 wp-block-uagb-image--layout-default wp-block-uagb-image--effect-static wp-block-uagb-image--align-none\"><figure class=\"wp-block-uagb-image__figure\"><a class=\"\" href=\"https:\/\/led.amasly.com\/hu_hu\/products\/\" target=\"\" rel=\"noopener\"><img decoding=\"async\" srcset=\"https:\/\/led.amasly.com\/wp-content\/uploads\/2024\/07\/LED-tri-proof-lights2.png ,https:\/\/led.amasly.com\/wp-content\/uploads\/2024\/07\/LED-tri-proof-lights2.png 780w, https:\/\/led.amasly.com\/wp-content\/uploads\/2024\/07\/LED-tri-proof-lights2.png 360w\" sizes=\"auto, (max-width: 480px) 150px\" src=\"https:\/\/led.amasly.com\/wp-content\/uploads\/2024\/07\/LED-tri-proof-lights2.png\" alt=\"\" class=\"uag-image-1132\" width=\"300\" height=\"300\" title=\"LED-tri-proof-lights2\" loading=\"lazy\" role=\"img\"><\/a><\/figure><\/div>\n<\/div>\n\n\n\n<div class=\"wp-block-uagb-container uagb-block-11c2578b\">\n<div class=\"wp-block-uagb-image uagb-block-6e8883aa wp-block-uagb-image--layout-default wp-block-uagb-image--effect-static wp-block-uagb-image--align-none\"><figure class=\"wp-block-uagb-image__figure\"><a class=\"\" href=\"https:\/\/led.amasly.com\/hu_hu\/products\/\" target=\"\" rel=\"noopener\"><img decoding=\"async\" srcset=\"https:\/\/led.amasly.com\/wp-content\/uploads\/2024\/09\/LED-Explosion-Proof-Gas-Station-Light.png ,https:\/\/led.amasly.com\/wp-content\/uploads\/2024\/09\/LED-Explosion-Proof-Gas-Station-Light.png 780w, https:\/\/led.amasly.com\/wp-content\/uploads\/2024\/09\/LED-Explosion-Proof-Gas-Station-Light.png 360w\" sizes=\"auto, (max-width: 480px) 150px\" src=\"https:\/\/led.amasly.com\/wp-content\/uploads\/2024\/09\/LED-Explosion-Proof-Gas-Station-Light.png\" alt=\"\" class=\"uag-image-1501\" width=\"300\" height=\"300\" title=\"LED robban\u00e1sbiztos benzink\u00fat f\u00e9ny\" loading=\"lazy\" role=\"img\"><\/a><\/figure><\/div>\n<\/div>\n<\/div><\/div>\n\n\n\n<div class=\"wp-block-uagb-container uagb-block-548945b5 alignfull uagb-is-root-container\"><div class=\"uagb-container-inner-blocks-wrap\">\n<div class=\"wp-block-uagb-container uagb-block-967755d5\">\n<h4 class=\"wp-block-heading has-text-align-center\"><a href=\"https:\/\/led.amasly.com\/hu_hu\/products\/\">LED robban\u00e1sbiztos f\u00e9nyek<\/a><\/h4>\n<\/div>\n\n\n\n<div class=\"wp-block-uagb-container uagb-block-9bc52fc2\">\n<h4 class=\"wp-block-heading has-text-align-center\"><a href=\"https:\/\/led.amasly.com\/hu_hu\/products\/\">LED Tri-Proof f\u00e9nyek<\/a><\/h4>\n<\/div>\n\n\n\n<div class=\"wp-block-uagb-container uagb-block-8ffa0a23\">\n<h4 class=\"wp-block-heading has-text-align-center\"><a href=\"https:\/\/led.amasly.com\/hu_hu\/products\/\">Robban\u00e1sbiztos benzink\u00fat f\u00e9nyek<\/a><\/h4>\n<\/div>\n<\/div><\/div>\n\n\n\n<div class=\"wp-block-uagb-container uagb-block-29499fe0 alignfull uagb-is-root-container\"><div class=\"uagb-container-inner-blocks-wrap\">\n<div class=\"wp-block-uagb-container uagb-block-777ee1c7\">\n<div class=\"wp-block-uagb-image uagb-block-2e9a1851 wp-block-uagb-image--layout-default wp-block-uagb-image--effect-static wp-block-uagb-image--align-none\"><figure class=\"wp-block-uagb-image__figure\"><a class=\"\" href=\"https:\/\/led.amasly.com\/hu_hu\/products\/\" target=\"\" rel=\"noopener\"><img decoding=\"async\" srcset=\"https:\/\/led.amasly.com\/wp-content\/uploads\/2024\/10\/50W-100W-150W-200W-300W-LED-Flood-Light.jpg ,https:\/\/led.amasly.com\/wp-content\/uploads\/2024\/10\/50W-100W-150W-200W-300W-LED-Flood-Light.jpg 780w, https:\/\/led.amasly.com\/wp-content\/uploads\/2024\/10\/50W-100W-150W-200W-300W-LED-Flood-Light.jpg 360w\" sizes=\"auto, (max-width: 480px) 150px\" src=\"https:\/\/led.amasly.com\/wp-content\/uploads\/2024\/10\/50W-100W-150W-200W-300W-LED-Flood-Light.jpg\" alt=\"\" class=\"uag-image-1526\" width=\"300\" height=\"300\" title=\"50W 100W 150W 200W 300W LED-es \u00e1rv\u00edzf\u00e9ny\" loading=\"lazy\" role=\"img\"><\/a><\/figure><\/div>\n<\/div>\n\n\n\n<div class=\"wp-block-uagb-container uagb-block-af8c8683\">\n<div class=\"wp-block-uagb-image uagb-block-67947854 wp-block-uagb-image--layout-default wp-block-uagb-image--effect-static wp-block-uagb-image--align-none\"><figure class=\"wp-block-uagb-image__figure\"><a class=\"\" href=\"https:\/\/led.amasly.com\/hu_hu\/products\/\" target=\"\" rel=\"noopener\"><img decoding=\"async\" srcset=\"https:\/\/led.amasly.com\/wp-content\/uploads\/2024\/07\/led-tri-proof-light.png ,https:\/\/led.amasly.com\/wp-content\/uploads\/2024\/07\/led-tri-proof-light.png 780w, https:\/\/led.amasly.com\/wp-content\/uploads\/2024\/07\/led-tri-proof-light.png 360w\" sizes=\"auto, (max-width: 480px) 150px\" src=\"https:\/\/led.amasly.com\/wp-content\/uploads\/2024\/07\/led-tri-proof-light.png\" alt=\"\" class=\"uag-image-1130\" width=\"300\" height=\"300\" title=\"led-tri-proof-light\" loading=\"lazy\" role=\"img\"><\/a><\/figure><\/div>\n<\/div>\n\n\n\n<div class=\"wp-block-uagb-container uagb-block-0fdfdd58\">\n<div class=\"wp-block-uagb-image uagb-block-1187d32d wp-block-uagb-image--layout-default wp-block-uagb-image--effect-static wp-block-uagb-image--align-none\"><figure class=\"wp-block-uagb-image__figure\"><a class=\"\" href=\"https:\/\/led.amasly.com\/hu_hu\/products\/\" target=\"\" rel=\"noopener\"><img decoding=\"async\" srcset=\"https:\/\/led.amasly.com\/wp-content\/uploads\/2024\/07\/LED-street-light.jpg ,https:\/\/led.amasly.com\/wp-content\/uploads\/2024\/07\/LED-street-light.jpg 780w, https:\/\/led.amasly.com\/wp-content\/uploads\/2024\/07\/LED-street-light.jpg 360w\" sizes=\"auto, (max-width: 480px) 150px\" src=\"https:\/\/led.amasly.com\/wp-content\/uploads\/2024\/07\/LED-street-light.jpg\" alt=\"\" class=\"uag-image-1145\" width=\"300\" height=\"300\" title=\"LED-es utcai l\u00e1mp\u00e1k\" loading=\"lazy\" role=\"img\"><\/a><\/figure><\/div>\n<\/div>\n<\/div><\/div>\n\n\n\n<div class=\"wp-block-uagb-container uagb-block-6a60882c alignfull uagb-is-root-container\"><div class=\"uagb-container-inner-blocks-wrap\">\n<div class=\"wp-block-uagb-container uagb-block-f1e91a35\">\n<h4 class=\"wp-block-heading has-text-align-center\"><a href=\"https:\/\/led.amasly.com\/hu_hu\/products\/\">LED \u00e1rv\u00edzf\u00e9nyek<\/a><\/h4>\n<\/div>\n\n\n\n<div class=\"wp-block-uagb-container uagb-block-165bfa58\">\n<h4 class=\"wp-block-heading has-text-align-center\"><a href=\"https:\/\/led.amasly.com\/hu_hu\/products\/\">LED Tri-Proof cs\u0151f\u00e9nyek<\/a><\/h4>\n<\/div>\n\n\n\n<div class=\"wp-block-uagb-container uagb-block-f6096e3b\">\n<h4 class=\"wp-block-heading has-text-align-center\"><a href=\"https:\/\/led.amasly.com\/hu_hu\/products\/\">LED utcai l\u00e1mp\u00e1k<\/a><\/h4>\n<\/div>\n<\/div><\/div>\n\n\n\n<div class=\"wp-block-uagb-container uagb-block-99c0e0a5 alignfull uagb-is-root-container\"><div class=\"uagb-container-inner-blocks-wrap\"><\/div><\/div>\n\n\n\n<p><\/p>","protected":false},"excerpt":{"rendered":"<p>What is the standard for explosion proof? International explosion proof&nbsp;standards are used to ensure that equipment used in hazardous environments, such as those where flammable gases, dusts or vapors are present, will not cause an explosion. These standards are recognized globally, with different regions having their own systems, but with the same core objective of [&hellip;]<\/p>\n","protected":false},"author":1,"featured_media":0,"parent":2374,"menu_order":0,"comment_status":"closed","ping_status":"closed","template":"","meta":{"_uag_custom_page_level_css":"","site-sidebar-layout":"no-sidebar","site-content-layout":"","ast-site-content-layout":"default","site-content-style":"default","site-sidebar-style":"default","ast-global-header-display":"","ast-banner-title-visibility":"","ast-main-header-display":"","ast-hfb-above-header-display":"","ast-hfb-below-header-display":"","ast-hfb-mobile-header-display":"","site-post-title":"disabled","ast-breadcrumbs-content":"","ast-featured-img":"","footer-sml-layout":"","ast-disable-related-posts":"","theme-transparent-header-meta":"enabled","adv-header-id-meta":"","stick-header-meta":"","header-above-stick-meta":"","header-main-stick-meta":"","header-below-stick-meta":"","astra-migrate-meta-layouts":"set","ast-page-background-enabled":"default","ast-page-background-meta":{"desktop":{"background-color":"var(--ast-global-color-4)","background-image":"","background-repeat":"repeat","background-position":"center center","background-size":"auto","background-attachment":"scroll","background-type":"","background-media":"","overlay-type":"","overlay-color":"","overlay-opacity":"","overlay-gradient":""},"tablet":{"background-color":"","background-image":"","background-repeat":"repeat","background-position":"center center","background-size":"auto","background-attachment":"scroll","background-type":"","background-media":"","overlay-type":"","overlay-color":"","overlay-opacity":"","overlay-gradient":""},"mobile":{"background-color":"","background-image":"","background-repeat":"repeat","background-position":"center center","background-size":"auto","background-attachment":"scroll","background-type":"","background-media":"","overlay-type":"","overlay-color":"","overlay-opacity":"","overlay-gradient":""}},"ast-content-background-meta":{"desktop":{"background-color":"var(--ast-global-color-5)","background-image":"","background-repeat":"repeat","background-position":"center center","background-size":"auto","background-attachment":"scroll","background-type":"","background-media":"","overlay-type":"","overlay-color":"","overlay-opacity":"","overlay-gradient":""},"tablet":{"background-color":"var(--ast-global-color-5)","background-image":"","background-repeat":"repeat","background-position":"center center","background-size":"auto","background-attachment":"scroll","background-type":"","background-media":"","overlay-type":"","overlay-color":"","overlay-opacity":"","overlay-gradient":""},"mobile":{"background-color":"var(--ast-global-color-5)","background-image":"","background-repeat":"repeat","background-position":"center center","background-size":"auto","background-attachment":"scroll","background-type":"","background-media":"","overlay-type":"","overlay-color":"","overlay-opacity":"","overlay-gradient":""}},"footnotes":""},"class_list":["post-3015","page","type-page","status-publish","hentry"],"uagb_featured_image_src":{"full":false,"thumbnail":false,"medium":false,"medium_large":false,"large":false,"1536x1536":false,"2048x2048":false,"trp-custom-language-flag":false},"uagb_author_info":{"display_name":"Joe","author_link":"https:\/\/led.amasly.com\/hu_hu\/author\/jacklin\/"},"uagb_comment_info":0,"uagb_excerpt":"What is the standard for explosion proof? International explosion proof&nbsp;standards are used to ensure that equipment used in hazardous environments, such as those where flammable gases, dusts or vapors are present, will not cause an explosion. These standards are recognized globally, with different regions having their own systems, but with the same core objective of&hellip;","_links":{"self":[{"href":"https:\/\/led.amasly.com\/hu_hu\/wp-json\/wp\/v2\/pages\/3015","targetHints":{"allow":["GET"]}}],"collection":[{"href":"https:\/\/led.amasly.com\/hu_hu\/wp-json\/wp\/v2\/pages"}],"about":[{"href":"https:\/\/led.amasly.com\/hu_hu\/wp-json\/wp\/v2\/types\/page"}],"author":[{"embeddable":true,"href":"https:\/\/led.amasly.com\/hu_hu\/wp-json\/wp\/v2\/users\/1"}],"replies":[{"embeddable":true,"href":"https:\/\/led.amasly.com\/hu_hu\/wp-json\/wp\/v2\/comments?post=3015"}],"version-history":[{"count":1,"href":"https:\/\/led.amasly.com\/hu_hu\/wp-json\/wp\/v2\/pages\/3015\/revisions"}],"predecessor-version":[{"id":3018,"href":"https:\/\/led.amasly.com\/hu_hu\/wp-json\/wp\/v2\/pages\/3015\/revisions\/3018"}],"up":[{"embeddable":true,"href":"https:\/\/led.amasly.com\/hu_hu\/wp-json\/wp\/v2\/pages\/2374"}],"wp:attachment":[{"href":"https:\/\/led.amasly.com\/hu_hu\/wp-json\/wp\/v2\/media?parent=3015"}],"curies":[{"name":"wp","href":"https:\/\/api.w.org\/{rel}","templated":true}]}}