{"id":3013,"date":"2025-04-09T21:24:55","date_gmt":"2025-04-09T13:24:55","guid":{"rendered":"https:\/\/led.amasly.com\/?page_id=3013"},"modified":"2025-04-09T21:24:59","modified_gmt":"2025-04-09T13:24:59","slug":"what-is-an-explosion-proof-flashlight","status":"publish","type":"page","link":"https:\/\/led.amasly.com\/hu_hu\/knowledge\/explosion-proof-products-knowledge\/what-is-an-explosion-proof-flashlight\/","title":{"rendered":"Mi az a robban\u00e1sbiztos zsebl\u00e1mpa?"},"content":{"rendered":"<div class=\"wp-block-uagb-container uagb-block-27bae773 alignfull uagb-is-root-container\"><div class=\"uagb-container-inner-blocks-wrap\"><\/div><\/div>\n\n\n\n<h2 class=\"wp-block-heading has-text-align-center\"><strong>Mi az a robban\u00e1sbiztos zsebl\u00e1mpa?<\/strong><strong><\/strong><\/h2>\n\n\n\n<div class=\"wp-block-uagb-image uagb-block-da1360b5 wp-block-uagb-image--layout-default wp-block-uagb-image--effect-static wp-block-uagb-image--align-none\"><figure class=\"wp-block-uagb-image__figure\"><a class=\"\" href=\"https:\/\/led.amasly.com\/hu_hu\/products\/\" target=\"\" rel=\"noopener\"><img decoding=\"async\" srcset=\"https:\/\/led.amasly.com\/wp-content\/uploads\/2025\/03\/explosion-proof-flashlights-explosion-proof-mobile-work-lights.jpg ,https:\/\/led.amasly.com\/wp-content\/uploads\/2025\/03\/explosion-proof-flashlights-explosion-proof-mobile-work-lights.jpg 780w, https:\/\/led.amasly.com\/wp-content\/uploads\/2025\/03\/explosion-proof-flashlights-explosion-proof-mobile-work-lights.jpg 360w\" sizes=\"auto, (max-width: 480px) 150px\" src=\"https:\/\/led.amasly.com\/wp-content\/uploads\/2025\/03\/explosion-proof-flashlights-explosion-proof-mobile-work-lights.jpg\" alt=\"\" class=\"uag-image-2770\" width=\"1004\" height=\"308\" title=\"robban\u00e1sbiztos zsebl\u00e1mp\u00e1k robban\u00e1sbiztos mobil munkal\u00e1mp\u00e1k\" loading=\"lazy\" role=\"img\"><\/a><\/figure><\/div>\n\n\n\n<p>A robban\u00e1sbiztos zsebl\u00e1mpa egyfajta vil\u00e1g\u00edt\u00f3eszk\u00f6z, amelyet gy\u00fal\u00e9kony \u00e9s robban\u00e1svesz\u00e9lyes helyekre terveztek, els\u0151sorban t\u0171zolt\u00e1sban, villamos energi\u00e1ban, ipari \u00e9s b\u00e1ny\u00e1szati v\u00e1llalkoz\u00e1sokban \u00e9s m\u00e1s gy\u00fal\u00e9kony \u00e9s robban\u00e1svesz\u00e9lyes helyeken haszn\u00e1lj\u00e1k a mobil vil\u00e1g\u00edt\u00e1s biztos\u00edt\u00e1s\u00e1ra. T\u0171zolt\u00e1shoz, villamos energi\u00e1hoz, ipari \u00e9s b\u00e1ny\u00e1szati v\u00e1llalkoz\u00e1sokhoz \u00e9s m\u00e1s gy\u00fal\u00e9kony \u00e9s robban\u00e1svesz\u00e9lyes helyekhez haszn\u00e1lj\u00e1k, hogy mobil vil\u00e1g\u00edt\u00f3eszk\u00f6z\u00f6ket biztos\u00edtsanak.<\/p>\n\n\n\n<h2 class=\"wp-block-heading\"><strong>Robban\u00e1sbiztos<\/strong><strong>&nbsp;zsebl\u00e1mpa oszt\u00e1lyoz\u00e1s:<\/strong><strong><\/strong><\/h2>\n\n\n\n<p>A robban\u00e1sbiztos zsebl\u00e1mpa els\u0151sorban robban\u00e1sbiztos \u00e9s gy\u00fajt\u00f3szikramentes k\u00e9t robban\u00e1sbiztos form\u00e1ra oszlik, amelyek k\u00f6z\u00fcl a gy\u00fajt\u00f3szikramentes robban\u00e1sbiztos zsebl\u00e1mpa t\u00f6bb mint 90%-t tesz ki a piacon.<\/p>\n\n\n\n<p>Robban\u00e1sbiztos zsebl\u00e1mpa a z\u00e1rt kialak\u00edt\u00e1s \u00e9s a vastagabb h\u00e9j anyag\u00e1n kereszt\u00fcl, hogy biztos\u00edtsa a k\u00fcls\u0151 k\u00f6rnyezett\u0151l val\u00f3 teljes elszigetel\u00e9st, a kapcsol\u00f3 \u00e1ltal\u00e1ban m\u00e1gneses kapcsol\u00f3 vagy forg\u00f3kapcsol\u00f3, hogy megfeleljen az egy darabb\u00f3l \u00e1ll\u00f3 robban\u00e1sbiztos szerkezet ig\u00e9nyeinek.<\/p>\n\n\n\n<p>Gy\u00fajt\u00f3szikramentes robban\u00e1sbiztos zsebl\u00e1mpa els\u0151sorban a vezet\u00e9k \u00e9s az akkumul\u00e1tor tervez\u00e9s\u00e9n kereszt\u00fcl a biztons\u00e1gi szint el\u00e9r\u00e9se \u00e9rdek\u00e9ben, a h\u00e9j els\u0151sorban alapvet\u0151 v\u00e9delmi szerepet j\u00e1tszik.<\/p>\n\n\n\n<p>Ezenk\u00edv\u00fcl a gy\u00fajt\u00f3szikramentes robban\u00e1sbiztos zsebl\u00e1mpa rendelkezik visszafordul\u00e1s elleni v\u00e9delemmel, t\u00falt\u00f6lt\u00e9s elleni v\u00e9delemmel, t\u00falterhel\u00e9s elleni v\u00e9delemmel, r\u00f6vidz\u00e1rlat elleni v\u00e9delemmel \u00e9s akkumul\u00e1tor r\u00f6vidz\u00e1rlat elleni kett\u0151s v\u00e9delemmel \u00e9s egy\u00e9b elektromos funkci\u00f3kkal, \u00edgy a term\u00e9k biztons\u00e1gos \u00e9s funkci\u00f3gazdag.<\/p>\n\n\n\n<h2 class=\"wp-block-heading\"><strong>A k\u00fcl\u00f6nbs\u00e9g a <\/strong><strong>Robban\u00e1sbiztos<\/strong><strong>&nbsp;zsebl\u00e1mpa \u00e9s a k\u00f6z\u00f6ns\u00e9ges zsebl\u00e1mpa f\u0151leg a k\u00f6vetkez\u0151 szempontokban t\u00fckr\u00f6z\u0151dik:<\/strong><strong><\/strong><\/h2>\n\n\n\n<h3 class=\"wp-block-heading\"><strong>1. biztons\u00e1gi teljes\u00edtm\u00e9ny<\/strong><strong><\/strong><\/h3>\n\n\n\n<p>A robban\u00e1sbiztos zsebl\u00e1mpa tervez\u00e9se a gy\u00fal\u00e9kony \u00e9s robban\u00e1svesz\u00e9lyes k\u00f6rnyezetben val\u00f3 haszn\u00e1lat biztons\u00e1g\u00e1ra, bels\u0151 szerkezet\u00e9re \u00e9s anyagv\u00e1laszt\u00e1s\u00e1ra \u00f6sszpontos\u00edt, hogy megakad\u00e1lyozza a szikr\u00e1k, \u00edvek vagy magas h\u0151m\u00e9rs\u00e9klet\u0171 fel\u00fcletek kialakul\u00e1s\u00e1t, a k\u00f6rnyezetben l\u00e9v\u0151 robban\u00e9kony g\u00e1zok, g\u0151z\u00f6k vagy por \u00e1ltal okozott robban\u00e1sok elker\u00fcl\u00e9se \u00e9rdek\u00e9ben.<\/p>\n\n\n\n<p>A k\u00f6z\u00f6ns\u00e9ges zsebl\u00e1mp\u00e1k \u00e1ltal\u00e1ban nem rendelkeznek ezekkel a robban\u00e1sbiztos tulajdons\u00e1gokkal.<\/p>\n\n\n\n<h3 class=\"wp-block-heading\"><strong>2. Anyag \u00e9s szerkezet<\/strong><strong><\/strong><\/h3>\n\n\n\n<p>A robban\u00e1sbiztos zsebl\u00e1mp\u00e1k \u00e1ltal\u00e1ban robban\u00e1sbiztos, t\u0171z\u00e1ll\u00f3, korr\u00f3zi\u00f3\u00e1ll\u00f3, magas \u00e9s alacsony h\u0151m\u00e9rs\u00e9kletnek ellen\u00e1ll\u00f3 speci\u00e1lis \u00f6tv\u00f6zetb\u0151l k\u00e9sz\u00fclnek, hogy fokozz\u00e1k az id\u0151j\u00e1r\u00e1s\u00e1ll\u00f3s\u00e1got \u00e9s a tart\u00f3ss\u00e1got a zord k\u00f6rnyezetben.<\/p>\n\n\n\n<p>A szok\u00e1sos zsebl\u00e1mp\u00e1k k\u00fcl\u00f6nb\u00f6z\u0151 anyagokb\u00f3l k\u00e9sz\u00fclnek, \u00e9s nem rendelkeznek robban\u00e1sbiztos jellemz\u0151kkel.<\/p>\n\n\n\n<h3 class=\"wp-block-heading\"><strong>3. Akkumul\u00e1tor \u00e9s \u00e1ramk\u00f6r<\/strong><strong><\/strong><\/h3>\n\n\n\n<p>A robban\u00e1sbiztos zsebl\u00e1mp\u00e1kban haszn\u00e1lt elemeket \u00e9s \u00e1ramk\u00f6r\u00f6ket speci\u00e1lisan \u00fagy tervezt\u00e9k \u00e9s dolgozt\u00e1k fel, hogy sz\u00e9ls\u0151s\u00e9ges k\u00f6r\u00fclm\u00e9nyek k\u00f6z\u00f6tt megakad\u00e1lyozz\u00e1k az olyan vesz\u00e9lyes helyzeteket, mint a r\u00f6vidz\u00e1rlat, az \u00e9g\u00e9s vagy a robban\u00e1s. Ugyanakkor t\u00fal\u00e1ram-, t\u00falfesz\u00fclts\u00e9g- \u00e9s t\u00falh\u0151m\u00e9rs\u00e9klet-v\u00e9delmi int\u00e9zked\u00e9sekkel is fel vannak szerelve, hogy biztos\u00edts\u00e1k az akkumul\u00e1tor \u00e9s az \u00e1ramk\u00f6r biztons\u00e1gos m\u0171k\u00f6d\u00e9s\u00e9t.<\/p>\n\n\n\n<p>A k\u00f6z\u00f6ns\u00e9ges zsebl\u00e1mp\u00e1k elemei \u00e9s \u00e1ramk\u00f6rei viszonylag egyszer\u0171ek, \u00e9s nem rendelkeznek ilyen speci\u00e1lis biztons\u00e1gi kialak\u00edt\u00e1sokkal.<\/p>\n\n\n\n<h3 class=\"wp-block-heading\"><strong>4. V\u00edz\u00e1ll\u00f3 \u00e9s por\u00e1ll\u00f3<\/strong><strong><\/strong><\/h3>\n\n\n\n<p>A robban\u00e1sbiztos zsebl\u00e1mp\u00e1k \u00e1ltal\u00e1ban magasabb v\u00edz- \u00e9s por\u00e1ll\u00f3 min\u0151s\u00edt\u00e9ssel rendelkeznek, \u00e9s ig\u00e9nyesebb k\u00f6rnyezetben is haszn\u00e1lhat\u00f3k, p\u00e9ld\u00e1ul IP67 vagy IP68 min\u0151s\u00edt\u00e9ssel, v\u00edz alatti vagy poros k\u00f6rnyezetben is haszn\u00e1lhat\u00f3k a norm\u00e1l m\u0171k\u00f6d\u00e9s fenntart\u00e1sa \u00e9rdek\u00e9ben.<\/p>\n\n\n\n<p>A k\u00f6z\u00f6ns\u00e9ges zsebl\u00e1mp\u00e1knak nincsenek egy\u00e9rtelm\u0171 k\u00f6vetelm\u00e9nyei, \u00e9s a legt\u00f6bbj\u00fcknek nincsenek v\u00edz- \u00e9s por\u00e1ll\u00f3 k\u00f6vetelm\u00e9nyei.<\/p>\n\n\n\n<h3 class=\"wp-block-heading\"><strong>5. Tan\u00fas\u00edt\u00e1si szabv\u00e1nyok<\/strong><strong><\/strong><\/h3>\n\n\n\n<p>A robban\u00e1sbiztos zsebl\u00e1mp\u00e1knak speci\u00e1lis robban\u00e1sbiztos tan\u00fas\u00edt\u00e1son kell \u00e1tesni\u00fck, mint p\u00e9ld\u00e1ul a k\u00ednai Ex tan\u00fas\u00edt\u00e1s vagy a nemzetk\u00f6zi ATEX, <a href=\"http:\/\/www.iecex-certs.com\/\" rel=\"nofollow noopener\" target=\"_blank\">IECEx tan\u00fas\u00edt\u00e1s<\/a>, stb., annak biztos\u00edt\u00e1sa \u00e9rdek\u00e9ben, hogy a meghat\u00e1rozott vesz\u00e9lyes k\u00f6rnyezetben biztons\u00e1gosan haszn\u00e1lhat\u00f3ak legyenek.<\/p>\n\n\n\n<p>A k\u00f6z\u00f6ns\u00e9ges zsebl\u00e1mp\u00e1khoz nem sz\u00fcks\u00e9gesek ezek a k\u00fcl\u00f6nleges tan\u00fas\u00edtv\u00e1nyok.<\/p>\n\n\n\n<h3 class=\"wp-block-heading\"><strong>6. Haszn\u00e1lati k\u00f6rnyezet<\/strong><strong><\/strong><\/h3>\n\n\n\n<p>A robban\u00e1sbiztos zsebl\u00e1mp\u00e1kat els\u0151sorban gy\u00fal\u00e9kony \u00e9s robban\u00e1svesz\u00e9lyes k\u00f6rnyezetben haszn\u00e1lj\u00e1k, p\u00e9ld\u00e1ul petrolk\u00e9miai, olajrakt\u00e1rakban, sz\u00e9nb\u00e1ny\u00e1kban \u00e9s m\u00e1s helyeken. Ezekben a k\u00f6rnyezetekben a k\u00f6z\u00f6ns\u00e9ges zsebl\u00e1mp\u00e1k haszn\u00e1lata biztons\u00e1gi baleseteket okozhat, m\u00edg a robban\u00e1sbiztos zsebl\u00e1mp\u00e1k hat\u00e9konyan cs\u00f6kkenthetik ezt a kock\u00e1zatot.<\/p>\n\n\n\n<p>A k\u00f6z\u00f6ns\u00e9ges zsebl\u00e1mp\u00e1k viszont \u00e1ltal\u00e1nos \u00e9let- \u00e9s munkak\u00f6rnyezetben, p\u00e9ld\u00e1ul otthonokban, irod\u00e1kban, szabadt\u00e9ri tev\u00e9kenys\u00e9gekben stb. haszn\u00e1lhat\u00f3ak.<\/p>\n\n\n\n<p>\u00d6sszefoglalva, a robban\u00e1sbiztos zsebl\u00e1mp\u00e1kat speci\u00e1lis \u00e9s nagy kock\u00e1zat\u00fa k\u00f6rnyezetekre tervezt\u00e9k, er\u0151sebb biztons\u00e1gi \u00e9s v\u00e9delmi funkci\u00f3kkal, m\u00edg a szok\u00e1sos zsebl\u00e1mp\u00e1k ink\u00e1bb az \u00e1ltal\u00e1nos megvil\u00e1g\u00edt\u00e1sra \u00e9s a k\u00e9nyelmes hordoz\u00e1sra \u00e9s egy\u00e9b funkci\u00f3kra \u00f6sszpontos\u00edtanak.<\/p>\n\n\n\n<p>A zsebl\u00e1mpa kiv\u00e1laszt\u00e1sakor a biztons\u00e1g \u00e9s a teljes\u00edtm\u00e9ny biztos\u00edt\u00e1sa \u00e9rdek\u00e9ben a megfelel\u0151 t\u00edpust kell kiv\u00e1lasztania az adott haszn\u00e1lati k\u00f6rnyezetnek \u00e9s az ig\u00e9nyeknek megfelel\u0151en.<\/p>\n\n\n\n<p>Az Amasly robban\u00e1sbiztos zsebl\u00e1mpa nemcsak v\u00edz\u00e1ll\u00f3 \u00e9s \u00fct\u00e9s\u00e1ll\u00f3, hanem nagy kem\u00e9nys\u00e9g\u0171 \u00f6tv\u00f6zetb\u0151l k\u00e9sz\u00fclt h\u00e9jat is haszn\u00e1l, \u00e9s csepp\u00e1ll\u00f3 kialak\u00edt\u00e1ssal rendelkezik. Ez lehet\u0151v\u00e9 teszi, hogy a zordabb k\u00f6rnyezeti k\u00f6r\u00fclm\u00e9nyek k\u00f6z\u00f6tt is stabilan m\u0171k\u00f6dj\u00f6n.<\/p>\n\n\n\n<p class=\"has-text-align-left\">A LED-es f\u00e9nyforr\u00e1s k\u00f6zponti eleme nemcsak energiatakar\u00e9kos, hossz\u00fa \u00e9lettartam\u00fa, hanem kiv\u00e1l\u00f3 f\u00e9nyer\u0151vel is rendelkezik. A robban\u00e1sbiztos zsebl\u00e1mpa hord\u00f3j\u00e1n vagy n\u00e9vt\u00e1bl\u00e1j\u00e1n l\u00e1that\u00f3 a felt\u0171n\u0151 robban\u00e1sbiztos jel, mint p\u00e9ld\u00e1ul <a href=\"http:\/\/www.iecex-certs.com\/\" rel=\"nofollow noopener\" target=\"_blank\">ExdIIBT4 Gb<\/a>, amely a term\u00e9k robban\u00e1sbiztos teljes\u00edtm\u00e9ny\u00e9t jelzi. Ha hidrog\u00e9n, acetil\u00e9n, sz\u00e9ndiszulfid \u00e9s egy\u00e9b speci\u00e1lis k\u00f6rnyezetben haszn\u00e1lj\u00e1k, a biztons\u00e1g \u00e9rdek\u00e9ben magasabb szint\u0171 robban\u00e1sbiztos jel\u00f6l\u00e9st kell v\u00e1lasztani, p\u00e9ld\u00e1ul ExdIICT6-ot.<\/p>\n\n\n\n<div class=\"wp-block-uagb-container uagb-block-c7d898dd alignfull uagb-is-root-container\"><div class=\"uagb-container-inner-blocks-wrap\"><\/div><\/div>\n\n\n\n<h2 class=\"wp-block-heading\">Kapcsol\u00f3d\u00f3 term\u00e9kek<\/h2>\n\n\n\n<div class=\"wp-block-uagb-container uagb-block-66e4defc alignfull uagb-is-root-container\"><div class=\"uagb-container-inner-blocks-wrap\">\n<div class=\"wp-block-uagb-container uagb-block-a42945f9\">\n<div class=\"wp-block-uagb-image uagb-block-7296296b wp-block-uagb-image--layout-default wp-block-uagb-image--effect-static wp-block-uagb-image--align-none\"><figure class=\"wp-block-uagb-image__figure\"><a class=\"\" href=\"https:\/\/led.amasly.com\/hu_hu\/products\/\" target=\"\" rel=\"noopener\"><img decoding=\"async\" srcset=\"https:\/\/led.amasly.com\/wp-content\/uploads\/2024\/09\/Explosion-proof-high-bay-lights.png ,https:\/\/led.amasly.com\/wp-content\/uploads\/2024\/09\/Explosion-proof-high-bay-lights.png 780w, https:\/\/led.amasly.com\/wp-content\/uploads\/2024\/09\/Explosion-proof-high-bay-lights.png 360w\" sizes=\"auto, (max-width: 480px) 150px\" src=\"https:\/\/led.amasly.com\/wp-content\/uploads\/2024\/09\/Explosion-proof-high-bay-lights.png\" alt=\"\" class=\"uag-image-1495\" width=\"300\" height=\"300\" title=\"Robban\u00e1sbiztos magas \u00f6b\u00f6l f\u00e9nyek\" loading=\"lazy\" role=\"img\"><\/a><\/figure><\/div>\n<\/div>\n\n\n\n<div class=\"wp-block-uagb-container uagb-block-4d3efde5\">\n<div class=\"wp-block-uagb-image uagb-block-c9e90797 wp-block-uagb-image--layout-default wp-block-uagb-image--effect-static wp-block-uagb-image--align-none\"><figure class=\"wp-block-uagb-image__figure\"><a class=\"\" href=\"https:\/\/led.amasly.com\/hu_hu\/products\/\" target=\"\" rel=\"noopener\"><img decoding=\"async\" srcset=\"https:\/\/led.amasly.com\/wp-content\/uploads\/2024\/07\/LED-tri-proof-lights2.png ,https:\/\/led.amasly.com\/wp-content\/uploads\/2024\/07\/LED-tri-proof-lights2.png 780w, https:\/\/led.amasly.com\/wp-content\/uploads\/2024\/07\/LED-tri-proof-lights2.png 360w\" sizes=\"auto, (max-width: 480px) 150px\" src=\"https:\/\/led.amasly.com\/wp-content\/uploads\/2024\/07\/LED-tri-proof-lights2.png\" alt=\"\" class=\"uag-image-1132\" width=\"300\" height=\"300\" title=\"LED-tri-proof-lights2\" loading=\"lazy\" role=\"img\"><\/a><\/figure><\/div>\n<\/div>\n\n\n\n<div class=\"wp-block-uagb-container uagb-block-11c2578b\">\n<div class=\"wp-block-uagb-image uagb-block-6e8883aa wp-block-uagb-image--layout-default wp-block-uagb-image--effect-static wp-block-uagb-image--align-none\"><figure class=\"wp-block-uagb-image__figure\"><a class=\"\" href=\"https:\/\/led.amasly.com\/hu_hu\/products\/\" target=\"\" rel=\"noopener\"><img decoding=\"async\" srcset=\"https:\/\/led.amasly.com\/wp-content\/uploads\/2024\/09\/LED-Explosion-Proof-Gas-Station-Light.png ,https:\/\/led.amasly.com\/wp-content\/uploads\/2024\/09\/LED-Explosion-Proof-Gas-Station-Light.png 780w, https:\/\/led.amasly.com\/wp-content\/uploads\/2024\/09\/LED-Explosion-Proof-Gas-Station-Light.png 360w\" sizes=\"auto, (max-width: 480px) 150px\" src=\"https:\/\/led.amasly.com\/wp-content\/uploads\/2024\/09\/LED-Explosion-Proof-Gas-Station-Light.png\" alt=\"\" class=\"uag-image-1501\" width=\"300\" height=\"300\" title=\"LED robban\u00e1sbiztos benzink\u00fat f\u00e9ny\" loading=\"lazy\" role=\"img\"><\/a><\/figure><\/div>\n<\/div>\n<\/div><\/div>\n\n\n\n<div class=\"wp-block-uagb-container uagb-block-548945b5 alignfull uagb-is-root-container\"><div class=\"uagb-container-inner-blocks-wrap\">\n<div class=\"wp-block-uagb-container uagb-block-967755d5\">\n<h4 class=\"wp-block-heading has-text-align-center\"><a href=\"https:\/\/led.amasly.com\/hu_hu\/products\/\">LED robban\u00e1sbiztos f\u00e9nyek<\/a><\/h4>\n<\/div>\n\n\n\n<div class=\"wp-block-uagb-container uagb-block-9bc52fc2\">\n<h4 class=\"wp-block-heading has-text-align-center\"><a href=\"https:\/\/led.amasly.com\/hu_hu\/products\/\">LED Tri-Proof f\u00e9nyek<\/a><\/h4>\n<\/div>\n\n\n\n<div class=\"wp-block-uagb-container uagb-block-8ffa0a23\">\n<h4 class=\"wp-block-heading has-text-align-center\"><a href=\"https:\/\/led.amasly.com\/hu_hu\/products\/\">Robban\u00e1sbiztos benzink\u00fat f\u00e9nyek<\/a><\/h4>\n<\/div>\n<\/div><\/div>\n\n\n\n<div class=\"wp-block-uagb-container uagb-block-29499fe0 alignfull uagb-is-root-container\"><div class=\"uagb-container-inner-blocks-wrap\">\n<div class=\"wp-block-uagb-container uagb-block-777ee1c7\">\n<div class=\"wp-block-uagb-image uagb-block-2e9a1851 wp-block-uagb-image--layout-default wp-block-uagb-image--effect-static wp-block-uagb-image--align-none\"><figure class=\"wp-block-uagb-image__figure\"><a class=\"\" href=\"https:\/\/led.amasly.com\/hu_hu\/products\/\" target=\"\" rel=\"noopener\"><img decoding=\"async\" srcset=\"https:\/\/led.amasly.com\/wp-content\/uploads\/2024\/10\/50W-100W-150W-200W-300W-LED-Flood-Light.jpg ,https:\/\/led.amasly.com\/wp-content\/uploads\/2024\/10\/50W-100W-150W-200W-300W-LED-Flood-Light.jpg 780w, https:\/\/led.amasly.com\/wp-content\/uploads\/2024\/10\/50W-100W-150W-200W-300W-LED-Flood-Light.jpg 360w\" sizes=\"auto, (max-width: 480px) 150px\" src=\"https:\/\/led.amasly.com\/wp-content\/uploads\/2024\/10\/50W-100W-150W-200W-300W-LED-Flood-Light.jpg\" alt=\"\" class=\"uag-image-1526\" width=\"300\" height=\"300\" title=\"50W 100W 150W 200W 300W LED-es \u00e1rv\u00edzf\u00e9ny\" loading=\"lazy\" role=\"img\"><\/a><\/figure><\/div>\n<\/div>\n\n\n\n<div class=\"wp-block-uagb-container uagb-block-af8c8683\">\n<div class=\"wp-block-uagb-image uagb-block-67947854 wp-block-uagb-image--layout-default wp-block-uagb-image--effect-static wp-block-uagb-image--align-none\"><figure class=\"wp-block-uagb-image__figure\"><a class=\"\" href=\"https:\/\/led.amasly.com\/hu_hu\/products\/\" target=\"\" rel=\"noopener\"><img decoding=\"async\" srcset=\"https:\/\/led.amasly.com\/wp-content\/uploads\/2024\/07\/led-tri-proof-light.png ,https:\/\/led.amasly.com\/wp-content\/uploads\/2024\/07\/led-tri-proof-light.png 780w, https:\/\/led.amasly.com\/wp-content\/uploads\/2024\/07\/led-tri-proof-light.png 360w\" sizes=\"auto, (max-width: 480px) 150px\" src=\"https:\/\/led.amasly.com\/wp-content\/uploads\/2024\/07\/led-tri-proof-light.png\" alt=\"\" class=\"uag-image-1130\" width=\"300\" height=\"300\" title=\"led-tri-proof-light\" loading=\"lazy\" role=\"img\"><\/a><\/figure><\/div>\n<\/div>\n\n\n\n<div class=\"wp-block-uagb-container uagb-block-0fdfdd58\">\n<div class=\"wp-block-uagb-image uagb-block-1187d32d wp-block-uagb-image--layout-default wp-block-uagb-image--effect-static wp-block-uagb-image--align-none\"><figure class=\"wp-block-uagb-image__figure\"><a class=\"\" href=\"https:\/\/led.amasly.com\/hu_hu\/products\/\" target=\"\" rel=\"noopener\"><img decoding=\"async\" srcset=\"https:\/\/led.amasly.com\/wp-content\/uploads\/2024\/07\/LED-street-light.jpg ,https:\/\/led.amasly.com\/wp-content\/uploads\/2024\/07\/LED-street-light.jpg 780w, https:\/\/led.amasly.com\/wp-content\/uploads\/2024\/07\/LED-street-light.jpg 360w\" sizes=\"auto, (max-width: 480px) 150px\" src=\"https:\/\/led.amasly.com\/wp-content\/uploads\/2024\/07\/LED-street-light.jpg\" alt=\"\" class=\"uag-image-1145\" width=\"300\" height=\"300\" title=\"LED-es utcai l\u00e1mp\u00e1k\" loading=\"lazy\" role=\"img\"><\/a><\/figure><\/div>\n<\/div>\n<\/div><\/div>\n\n\n\n<div class=\"wp-block-uagb-container uagb-block-6a60882c alignfull uagb-is-root-container\"><div class=\"uagb-container-inner-blocks-wrap\">\n<div class=\"wp-block-uagb-container uagb-block-f1e91a35\">\n<h4 class=\"wp-block-heading has-text-align-center\"><a href=\"https:\/\/led.amasly.com\/hu_hu\/products\/\">LED \u00e1rv\u00edzf\u00e9nyek<\/a><\/h4>\n<\/div>\n\n\n\n<div class=\"wp-block-uagb-container uagb-block-165bfa58\">\n<h4 class=\"wp-block-heading has-text-align-center\"><a href=\"https:\/\/led.amasly.com\/hu_hu\/products\/\">LED Tri-Proof cs\u0151f\u00e9nyek<\/a><\/h4>\n<\/div>\n\n\n\n<div class=\"wp-block-uagb-container uagb-block-f6096e3b\">\n<h4 class=\"wp-block-heading has-text-align-center\"><a href=\"https:\/\/led.amasly.com\/hu_hu\/products\/\">LED utcai l\u00e1mp\u00e1k<\/a><\/h4>\n<\/div>\n<\/div><\/div>\n\n\n\n<div class=\"wp-block-uagb-container uagb-block-99c0e0a5 alignfull uagb-is-root-container\"><div class=\"uagb-container-inner-blocks-wrap\"><\/div><\/div>\n\n\n\n<p><\/p>","protected":false},"excerpt":{"rendered":"<p>What is an explosion proof flashlight? Explosion proof flashlight is a kind of lighting tool designed for flammable and explosive places, mainly used in fire fighting, electric power, industrial and mining enterprises and other flammable and explosive places to provide mobile lighting. It is used for firefighting, electric power, industrial and mining enterprises and other [&hellip;]<\/p>\n","protected":false},"author":1,"featured_media":0,"parent":2374,"menu_order":0,"comment_status":"closed","ping_status":"closed","template":"","meta":{"_uag_custom_page_level_css":"","site-sidebar-layout":"no-sidebar","site-content-layout":"","ast-site-content-layout":"default","site-content-style":"default","site-sidebar-style":"default","ast-global-header-display":"","ast-banner-title-visibility":"","ast-main-header-display":"","ast-hfb-above-header-display":"","ast-hfb-below-header-display":"","ast-hfb-mobile-header-display":"","site-post-title":"disabled","ast-breadcrumbs-content":"","ast-featured-img":"","footer-sml-layout":"","ast-disable-related-posts":"","theme-transparent-header-meta":"enabled","adv-header-id-meta":"","stick-header-meta":"","header-above-stick-meta":"","header-main-stick-meta":"","header-below-stick-meta":"","astra-migrate-meta-layouts":"set","ast-page-background-enabled":"default","ast-page-background-meta":{"desktop":{"background-color":"var(--ast-global-color-4)","background-image":"","background-repeat":"repeat","background-position":"center center","background-size":"auto","background-attachment":"scroll","background-type":"","background-media":"","overlay-type":"","overlay-color":"","overlay-opacity":"","overlay-gradient":""},"tablet":{"background-color":"","background-image":"","background-repeat":"repeat","background-position":"center center","background-size":"auto","background-attachment":"scroll","background-type":"","background-media":"","overlay-type":"","overlay-color":"","overlay-opacity":"","overlay-gradient":""},"mobile":{"background-color":"","background-image":"","background-repeat":"repeat","background-position":"center center","background-size":"auto","background-attachment":"scroll","background-type":"","background-media":"","overlay-type":"","overlay-color":"","overlay-opacity":"","overlay-gradient":""}},"ast-content-background-meta":{"desktop":{"background-color":"var(--ast-global-color-5)","background-image":"","background-repeat":"repeat","background-position":"center center","background-size":"auto","background-attachment":"scroll","background-type":"","background-media":"","overlay-type":"","overlay-color":"","overlay-opacity":"","overlay-gradient":""},"tablet":{"background-color":"var(--ast-global-color-5)","background-image":"","background-repeat":"repeat","background-position":"center center","background-size":"auto","background-attachment":"scroll","background-type":"","background-media":"","overlay-type":"","overlay-color":"","overlay-opacity":"","overlay-gradient":""},"mobile":{"background-color":"var(--ast-global-color-5)","background-image":"","background-repeat":"repeat","background-position":"center center","background-size":"auto","background-attachment":"scroll","background-type":"","background-media":"","overlay-type":"","overlay-color":"","overlay-opacity":"","overlay-gradient":""}},"footnotes":""},"class_list":["post-3013","page","type-page","status-publish","hentry"],"uagb_featured_image_src":{"full":false,"thumbnail":false,"medium":false,"medium_large":false,"large":false,"1536x1536":false,"2048x2048":false,"trp-custom-language-flag":false},"uagb_author_info":{"display_name":"Joe","author_link":"https:\/\/led.amasly.com\/hu_hu\/author\/jacklin\/"},"uagb_comment_info":0,"uagb_excerpt":"What is an explosion proof flashlight? Explosion proof flashlight is a kind of lighting tool designed for flammable and explosive places, mainly used in fire fighting, electric power, industrial and mining enterprises and other flammable and explosive places to provide mobile lighting. It is used for firefighting, electric power, industrial and mining enterprises and other&hellip;","_links":{"self":[{"href":"https:\/\/led.amasly.com\/hu_hu\/wp-json\/wp\/v2\/pages\/3013","targetHints":{"allow":["GET"]}}],"collection":[{"href":"https:\/\/led.amasly.com\/hu_hu\/wp-json\/wp\/v2\/pages"}],"about":[{"href":"https:\/\/led.amasly.com\/hu_hu\/wp-json\/wp\/v2\/types\/page"}],"author":[{"embeddable":true,"href":"https:\/\/led.amasly.com\/hu_hu\/wp-json\/wp\/v2\/users\/1"}],"replies":[{"embeddable":true,"href":"https:\/\/led.amasly.com\/hu_hu\/wp-json\/wp\/v2\/comments?post=3013"}],"version-history":[{"count":1,"href":"https:\/\/led.amasly.com\/hu_hu\/wp-json\/wp\/v2\/pages\/3013\/revisions"}],"predecessor-version":[{"id":3020,"href":"https:\/\/led.amasly.com\/hu_hu\/wp-json\/wp\/v2\/pages\/3013\/revisions\/3020"}],"up":[{"embeddable":true,"href":"https:\/\/led.amasly.com\/hu_hu\/wp-json\/wp\/v2\/pages\/2374"}],"wp:attachment":[{"href":"https:\/\/led.amasly.com\/hu_hu\/wp-json\/wp\/v2\/media?parent=3013"}],"curies":[{"name":"wp","href":"https:\/\/api.w.org\/{rel}","templated":true}]}}