{"id":2985,"date":"2025-04-08T21:37:08","date_gmt":"2025-04-08T13:37:08","guid":{"rendered":"https:\/\/led.amasly.com\/?page_id=2985"},"modified":"2025-04-08T21:38:04","modified_gmt":"2025-04-08T13:38:04","slug":"hany-oran-at-maradhatnak-a-ledes-lampak-%ef%bc%9f","status":"publish","type":"page","link":"https:\/\/led.amasly.com\/hu_hu\/tudas\/robbanasbiztos-termekek-ismerete\/hany-oran-at-maradhatnak-a-ledes-lampak-%ef%bc%9f\/","title":{"rendered":"H\u00e1ny \u00f3r\u00e1n \u00e1t maradhatnak a LED-es l\u00e1mp\u00e1k bekapcsolva\uff1f"},"content":{"rendered":"<div class=\"wp-block-uagb-container uagb-block-27bae773 alignfull uagb-is-root-container\"><div class=\"uagb-container-inner-blocks-wrap\"><\/div><\/div>\n\n\n\n<h2 class=\"wp-block-heading has-text-align-left\"><strong>H\u00e1ny \u00f3r\u00e1n \u00e1t tudnak vil\u00e1g\u00edtani a LED-es l\u00e1mp\u00e1k?<\/strong><strong><\/strong><\/h2>\n\n\n\n<div class=\"wp-block-uagb-image uagb-block-da1360b5 wp-block-uagb-image--layout-default wp-block-uagb-image--effect-static wp-block-uagb-image--align-none\"><figure class=\"wp-block-uagb-image__figure\"><a class=\"\" href=\"https:\/\/led.amasly.com\/hu_hu\/termekek\/\" target=\"\" rel=\"noopener\"><img decoding=\"async\" srcset=\"https:\/\/led.amasly.com\/wp-content\/uploads\/2025\/04\/UFO-high-bay-light.png ,https:\/\/led.amasly.com\/wp-content\/uploads\/2025\/04\/UFO-high-bay-light.png 780w, https:\/\/led.amasly.com\/wp-content\/uploads\/2025\/04\/UFO-high-bay-light.png 360w\" sizes=\"auto, (max-width: 480px) 150px\" src=\"https:\/\/led.amasly.com\/wp-content\/uploads\/2025\/04\/UFO-high-bay-light.png\" alt=\"\" class=\"uag-image-2947\" width=\"1004\" height=\"308\" title=\"UFO magas \u00f6b\u00f6l f\u00e9ny\" loading=\"lazy\" role=\"img\"><\/a><\/figure><\/div>\n\n\n\n<h2 class=\"wp-block-heading\"><strong>LED l\u00e1mp\u00e1k folyamatos \u00e9lettartama felfedezni <\/strong><\/h2>\n\n\n\n<p>Az otthoni dekor\u00e1ci\u00f3ban a k\u00f6z\u00f6s LED-l\u00e1mp\u00e1k \u00e9s l\u00e1mp\u00e1k eset\u00e9ben gyakran agg\u00f3dunk amiatt, hogy mennyi ideig vil\u00e1g\u00edthatnak tov\u00e1bb. \u00c1ltal\u00e1noss\u00e1gban elmondhat\u00f3, hogy a piacon kaphat\u00f3 h\u00e1ztart\u00e1si LED-l\u00e1mp\u00e1k \u00e1tlagos \u00e9lettartama t\u00f6bb mint 10 000 \u00f3ra.<\/p>\n\n\n\n<p>Felt\u00e9telezve, hogy napi 8 \u00f3r\u00e1t haszn\u00e1ljuk, ezek a l\u00e1mp\u00e1k elm\u00e9letileg legal\u00e1bb 3 \u00e9vig vil\u00e1g\u00edthatnak. De itt meg kell jegyezni, hogy az eml\u00edtett \u00e9lettartam, els\u0151sorban a LED-es l\u00e1mpagy\u00f6ngy\u00f6kre vonatkozik, lehet norm\u00e1l f\u00e9nykibocs\u00e1t\u00e1si id\u0151.<\/p>\n\n\n\n<p>A legt\u00f6bb LED-vil\u00e1g\u00edt\u00e1si m\u00e1rka 3 \u00e9v garanci\u00e1t k\u00edn\u00e1l a fogyaszt\u00f3knak. Ha a l\u00e1mp\u00e1k norm\u00e1l haszn\u00e1lat mellett nem vil\u00e1g\u00edtanak, a fogyaszt\u00f3k \u00e1ltal\u00e1ban ingyenes csereszolg\u00e1ltat\u00e1st vehetnek ig\u00e9nybe. Ez is arr\u00f3l tan\u00faskodik, hogy ezek a l\u00e1mpatestek legal\u00e1bb 3 \u00e9vn\u00e9l hosszabb ideig stabilak.<\/p>\n\n\n\n<p>Egyes l\u00e1mpam\u00e1rk\u00e1k ak\u00e1r 10 \u00e9v garanci\u00e1lis szolg\u00e1ltat\u00e1st is k\u00edn\u00e1lnak, azzal az \u00e9rt\u00e9kes\u00edt\u00e9si \u00e9rvvel, hogy extra hossz\u00fa \u00e9lettartam\u00faak.<\/p>\n\n\n\n<h3 class=\"wp-block-heading\">Folyamatos f\u00e9nyek hat\u00e1sa:<\/h3>\n\n\n\n<p>Ami a f\u00e9ny folyamatos bekapcsol\u00e1s\u00e1nak hat\u00e1s\u00e1t illeti, tudnunk kell, hogy az otthoni LED-l\u00e1mp\u00e1kat hossz\u00fa t\u00e1v\u00fa haszn\u00e1latra tervezt\u00e9k. Ez\u00e9rt, am\u00edg nem mindig ki van kapcsolva, a folyamatos f\u00e9ny a l\u00e1mp\u00e1k \u00e9s l\u00e1mp\u00e1k \u00e1ltal\u00e1nos \u00e9lettartam\u00e1ra kev\u00e9s hat\u00e1ssal van.<\/p>\n\n\n\n<p>De ha a f\u00e9nyt hossz\u00fa ideig nem kapcsolja ki, akkor a h\u0151elvezet\u00e9si probl\u00e9ma megjelenik. A rossz h\u0151elvezet\u00e9s a l\u00e1mpagy\u00f6ngy\u00f6k gyorsabb \u00f6reged\u00e9s\u00e9hez vezet, ami hossz\u00fa ideig befoly\u00e1solja a l\u00e1mp\u00e1k \u00e9s l\u00e1mp\u00e1k f\u00e9nyerej\u00e9t.<\/p>\n\n\n\n<p>Gyakran tapasztaljuk, hogy egyes LED-l\u00e1mp\u00e1k \u00e9s l\u00e1mp\u00e1k egy id\u0151 ut\u00e1n a f\u00e9nyer\u0151 nyilv\u00e1nval\u00f3an gyeng\u00fcl, amit a f\u00e9nyroml\u00e1s jelens\u00e9g\u00e9nek neveznek. Otthoni haszn\u00e1latra nemcsak f\u00e9nyes f\u00e9nyeket k\u00e9r\u00fcnk, hanem rem\u00e9lj\u00fck, hogy a f\u00e9ny min\u0151s\u00e9ge stabil marad.<\/p>\n\n\n\n<p>Ez\u00e9rt a l\u00e1mp\u00e1k \u00e9s l\u00e1mp\u00e1k h\u0151elvezet\u00e9s\u00e9nek kialak\u00edt\u00e1sa \u00e9s a meghajt\u00f3 min\u0151s\u00e9ge d\u00f6nt\u0151 fontoss\u00e1g\u00fa, \u00e9s k\u00f6zvetlen\u00fcl befoly\u00e1solja a f\u00e9nyroml\u00e1s s\u00falyoss\u00e1g\u00e1t.<\/p>\n\n\n\n<figure class=\"wp-block-image alignwide size-full\"><img decoding=\"async\" width=\"720\" height=\"399\" src=\"https:\/\/led.amasly.com\/wp-content\/uploads\/2025\/04\/How-many-hours-can-LED-lights-stay-on.png\" alt=\"\" class=\"wp-image-2987\" title=\"\" srcset=\"https:\/\/led.amasly.com\/wp-content\/uploads\/2025\/04\/How-many-hours-can-LED-lights-stay-on.png 720w, https:\/\/led.amasly.com\/wp-content\/uploads\/2025\/04\/How-many-hours-can-LED-lights-stay-on-300x166.png 300w\" sizes=\"(max-width: 720px) 100vw, 720px\" \/><\/figure>\n\n\n\n<p>A LED-l\u00e1mp\u00e1k \u00e9s l\u00e1mp\u00e1k kiv\u00e1laszt\u00e1sakor figyeln\u00fcnk kell a f\u00e9nyroml\u00e1si indexre \u00e9s a h\u0151elvezet\u00e9si hat\u00e1sra. A j\u00f3 min\u0151s\u00e9g\u0171 kivitelez\u00e9s\u0171 l\u00e1mp\u00e1k m\u00e9g sok \u00e9v haszn\u00e1lat ut\u00e1n is j\u00f3 f\u00e9nyer\u0151ss\u00e9g\u0171ek maradhatnak; m\u00edg a rossz min\u0151s\u00e9g\u0171 l\u00e1mp\u00e1k \u00e9s l\u00e1mp\u00e1k n\u00e9h\u00e1ny \u00e9v alatt nyilv\u00e1nval\u00f3 f\u00e9nyroml\u00e1st mutathatnak.<\/p>\n\n\n\n<p class=\"has-text-align-left\">Ez\u00e9rt a LED-l\u00e1mp\u00e1k megv\u00e1s\u00e1rl\u00e1sakor nyitott szemmel kell j\u00e1rnunk, \u00e9s gondosan \u00f6ssze kell hasonl\u00edtanunk a k\u00fcl\u00f6nb\u00f6z\u0151 term\u00e9kek teljes\u00edtm\u00e9nymutat\u00f3it, hogy a legjobb min\u0151s\u00e9g\u0171 \u00e9s hossz\u00fa \u00e9lettartam\u00fa min\u0151s\u00e9gi l\u00e1mp\u00e1kat \u00e9s l\u00e1mp\u00e1kat v\u00e1lasszuk.<\/p>\n\n\n\n<div class=\"wp-block-uagb-container uagb-block-c7d898dd alignfull uagb-is-root-container\"><div class=\"uagb-container-inner-blocks-wrap\"><\/div><\/div>\n\n\n\n<h2 class=\"wp-block-heading\">Kapcsol\u00f3d\u00f3 term\u00e9kek<\/h2>\n\n\n\n<div class=\"wp-block-uagb-container uagb-block-66e4defc alignfull uagb-is-root-container\"><div class=\"uagb-container-inner-blocks-wrap\">\n<div class=\"wp-block-uagb-container uagb-block-a42945f9\">\n<div class=\"wp-block-uagb-image uagb-block-7296296b wp-block-uagb-image--layout-default wp-block-uagb-image--effect-static wp-block-uagb-image--align-none\"><figure class=\"wp-block-uagb-image__figure\"><a class=\"\" href=\"https:\/\/led.amasly.com\/hu_hu\/termekek\/\" target=\"\" rel=\"noopener\"><img decoding=\"async\" srcset=\"https:\/\/led.amasly.com\/wp-content\/uploads\/2024\/09\/Explosion-proof-high-bay-lights.png ,https:\/\/led.amasly.com\/wp-content\/uploads\/2024\/09\/Explosion-proof-high-bay-lights.png 780w, https:\/\/led.amasly.com\/wp-content\/uploads\/2024\/09\/Explosion-proof-high-bay-lights.png 360w\" sizes=\"auto, (max-width: 480px) 150px\" src=\"https:\/\/led.amasly.com\/wp-content\/uploads\/2024\/09\/Explosion-proof-high-bay-lights.png\" alt=\"\" class=\"uag-image-1495\" width=\"300\" height=\"300\" title=\"Robban\u00e1sbiztos magas \u00f6b\u00f6l f\u00e9nyek\" loading=\"lazy\" role=\"img\"><\/a><\/figure><\/div>\n<\/div>\n\n\n\n<div class=\"wp-block-uagb-container uagb-block-4d3efde5\">\n<div class=\"wp-block-uagb-image uagb-block-c9e90797 wp-block-uagb-image--layout-default wp-block-uagb-image--effect-static wp-block-uagb-image--align-none\"><figure class=\"wp-block-uagb-image__figure\"><a class=\"\" href=\"https:\/\/led.amasly.com\/hu_hu\/termekek\/\" target=\"\" rel=\"noopener\"><img decoding=\"async\" srcset=\"https:\/\/led.amasly.com\/wp-content\/uploads\/2024\/07\/LED-tri-proof-lights2.png ,https:\/\/led.amasly.com\/wp-content\/uploads\/2024\/07\/LED-tri-proof-lights2.png 780w, https:\/\/led.amasly.com\/wp-content\/uploads\/2024\/07\/LED-tri-proof-lights2.png 360w\" sizes=\"auto, (max-width: 480px) 150px\" src=\"https:\/\/led.amasly.com\/wp-content\/uploads\/2024\/07\/LED-tri-proof-lights2.png\" alt=\"\" class=\"uag-image-1132\" width=\"300\" height=\"300\" title=\"LED-tri-proof-lights2\" loading=\"lazy\" role=\"img\"><\/a><\/figure><\/div>\n<\/div>\n\n\n\n<div class=\"wp-block-uagb-container uagb-block-11c2578b\">\n<div class=\"wp-block-uagb-image uagb-block-6e8883aa wp-block-uagb-image--layout-default wp-block-uagb-image--effect-static wp-block-uagb-image--align-none\"><figure class=\"wp-block-uagb-image__figure\"><a class=\"\" href=\"https:\/\/led.amasly.com\/hu_hu\/termekek\/\" target=\"\" rel=\"noopener\"><img decoding=\"async\" srcset=\"https:\/\/led.amasly.com\/wp-content\/uploads\/2024\/09\/LED-Explosion-Proof-Gas-Station-Light.png ,https:\/\/led.amasly.com\/wp-content\/uploads\/2024\/09\/LED-Explosion-Proof-Gas-Station-Light.png 780w, https:\/\/led.amasly.com\/wp-content\/uploads\/2024\/09\/LED-Explosion-Proof-Gas-Station-Light.png 360w\" sizes=\"auto, (max-width: 480px) 150px\" src=\"https:\/\/led.amasly.com\/wp-content\/uploads\/2024\/09\/LED-Explosion-Proof-Gas-Station-Light.png\" alt=\"\" class=\"uag-image-1501\" width=\"300\" height=\"300\" title=\"LED robban\u00e1sbiztos benzink\u00fat f\u00e9ny\" loading=\"lazy\" role=\"img\"><\/a><\/figure><\/div>\n<\/div>\n<\/div><\/div>\n\n\n\n<div class=\"wp-block-uagb-container uagb-block-548945b5 alignfull uagb-is-root-container\"><div class=\"uagb-container-inner-blocks-wrap\">\n<div class=\"wp-block-uagb-container uagb-block-967755d5\">\n<h4 class=\"wp-block-heading has-text-align-center\"><a href=\"https:\/\/led.amasly.com\/hu_hu\/termekek\/\">LED robban\u00e1sbiztos f\u00e9nyek<\/a><\/h4>\n<\/div>\n\n\n\n<div class=\"wp-block-uagb-container uagb-block-9bc52fc2\">\n<h4 class=\"wp-block-heading has-text-align-center\"><a href=\"https:\/\/led.amasly.com\/hu_hu\/termekek\/\">LED Tri-Proof f\u00e9nyek<\/a><\/h4>\n<\/div>\n\n\n\n<div class=\"wp-block-uagb-container uagb-block-8ffa0a23\">\n<h4 class=\"wp-block-heading has-text-align-center\"><a href=\"https:\/\/led.amasly.com\/hu_hu\/termekek\/\">Robban\u00e1sbiztos benzink\u00fat f\u00e9nyek<\/a><\/h4>\n<\/div>\n<\/div><\/div>\n\n\n\n<div class=\"wp-block-uagb-container uagb-block-29499fe0 alignfull uagb-is-root-container\"><div class=\"uagb-container-inner-blocks-wrap\">\n<div class=\"wp-block-uagb-container uagb-block-777ee1c7\">\n<div class=\"wp-block-uagb-image uagb-block-2e9a1851 wp-block-uagb-image--layout-default wp-block-uagb-image--effect-static wp-block-uagb-image--align-none\"><figure class=\"wp-block-uagb-image__figure\"><a class=\"\" href=\"https:\/\/led.amasly.com\/hu_hu\/termekek\/\" target=\"\" rel=\"noopener\"><img decoding=\"async\" srcset=\"https:\/\/led.amasly.com\/wp-content\/uploads\/2024\/10\/50W-100W-150W-200W-300W-LED-Flood-Light.jpg ,https:\/\/led.amasly.com\/wp-content\/uploads\/2024\/10\/50W-100W-150W-200W-300W-LED-Flood-Light.jpg 780w, https:\/\/led.amasly.com\/wp-content\/uploads\/2024\/10\/50W-100W-150W-200W-300W-LED-Flood-Light.jpg 360w\" sizes=\"auto, (max-width: 480px) 150px\" src=\"https:\/\/led.amasly.com\/wp-content\/uploads\/2024\/10\/50W-100W-150W-200W-300W-LED-Flood-Light.jpg\" alt=\"\" class=\"uag-image-1526\" width=\"300\" height=\"300\" title=\"50W 100W 150W 200W 300W LED-es \u00e1rv\u00edzf\u00e9ny\" loading=\"lazy\" role=\"img\"><\/a><\/figure><\/div>\n<\/div>\n\n\n\n<div class=\"wp-block-uagb-container uagb-block-af8c8683\">\n<div class=\"wp-block-uagb-image uagb-block-67947854 wp-block-uagb-image--layout-default wp-block-uagb-image--effect-static wp-block-uagb-image--align-none\"><figure class=\"wp-block-uagb-image__figure\"><a class=\"\" href=\"https:\/\/led.amasly.com\/hu_hu\/termekek\/\" target=\"\" rel=\"noopener\"><img decoding=\"async\" srcset=\"https:\/\/led.amasly.com\/wp-content\/uploads\/2024\/07\/led-tri-proof-light.png ,https:\/\/led.amasly.com\/wp-content\/uploads\/2024\/07\/led-tri-proof-light.png 780w, https:\/\/led.amasly.com\/wp-content\/uploads\/2024\/07\/led-tri-proof-light.png 360w\" sizes=\"auto, (max-width: 480px) 150px\" src=\"https:\/\/led.amasly.com\/wp-content\/uploads\/2024\/07\/led-tri-proof-light.png\" alt=\"\" class=\"uag-image-1130\" width=\"300\" height=\"300\" title=\"led-tri-proof-light\" loading=\"lazy\" role=\"img\"><\/a><\/figure><\/div>\n<\/div>\n\n\n\n<div class=\"wp-block-uagb-container uagb-block-0fdfdd58\">\n<div class=\"wp-block-uagb-image uagb-block-1187d32d wp-block-uagb-image--layout-default wp-block-uagb-image--effect-static wp-block-uagb-image--align-none\"><figure class=\"wp-block-uagb-image__figure\"><a class=\"\" href=\"https:\/\/led.amasly.com\/hu_hu\/termekek\/\" target=\"\" rel=\"noopener\"><img decoding=\"async\" srcset=\"https:\/\/led.amasly.com\/wp-content\/uploads\/2024\/07\/LED-street-light.jpg ,https:\/\/led.amasly.com\/wp-content\/uploads\/2024\/07\/LED-street-light.jpg 780w, https:\/\/led.amasly.com\/wp-content\/uploads\/2024\/07\/LED-street-light.jpg 360w\" sizes=\"auto, (max-width: 480px) 150px\" src=\"https:\/\/led.amasly.com\/wp-content\/uploads\/2024\/07\/LED-street-light.jpg\" alt=\"\" class=\"uag-image-1145\" width=\"300\" height=\"300\" title=\"LED-es utcai l\u00e1mp\u00e1k\" loading=\"lazy\" role=\"img\"><\/a><\/figure><\/div>\n<\/div>\n<\/div><\/div>\n\n\n\n<div class=\"wp-block-uagb-container uagb-block-6a60882c alignfull uagb-is-root-container\"><div class=\"uagb-container-inner-blocks-wrap\">\n<div class=\"wp-block-uagb-container uagb-block-f1e91a35\">\n<h4 class=\"wp-block-heading has-text-align-center\"><a href=\"https:\/\/led.amasly.com\/hu_hu\/termekek\/\">LED \u00e1rv\u00edzf\u00e9nyek<\/a><\/h4>\n<\/div>\n\n\n\n<div class=\"wp-block-uagb-container uagb-block-165bfa58\">\n<h4 class=\"wp-block-heading has-text-align-center\"><a href=\"https:\/\/led.amasly.com\/hu_hu\/termekek\/\">LED Tri-Proof cs\u0151f\u00e9nyek<\/a><\/h4>\n<\/div>\n\n\n\n<div class=\"wp-block-uagb-container uagb-block-f6096e3b\">\n<h4 class=\"wp-block-heading has-text-align-center\"><a href=\"https:\/\/led.amasly.com\/hu_hu\/termekek\/\">LED utcai l\u00e1mp\u00e1k<\/a><\/h4>\n<\/div>\n<\/div><\/div>\n\n\n\n<div class=\"wp-block-uagb-container uagb-block-99c0e0a5 alignfull uagb-is-root-container\"><div class=\"uagb-container-inner-blocks-wrap\"><\/div><\/div>\n\n\n\n<p><\/p>","protected":false},"excerpt":{"rendered":"<p>How many hours can LED lights stay on? LED lamps continuous service life to explore For home decoration in the common LED lamps and lanterns, we are often concerned about how long they can continue to light up. Generally speaking, the average lifespan of household LED lamps on the market is more than 10,000 hours. [&hellip;]<\/p>\n","protected":false},"author":1,"featured_media":0,"parent":2374,"menu_order":0,"comment_status":"closed","ping_status":"closed","template":"","meta":{"_uag_custom_page_level_css":"","site-sidebar-layout":"no-sidebar","site-content-layout":"","ast-site-content-layout":"default","site-content-style":"default","site-sidebar-style":"default","ast-global-header-display":"","ast-banner-title-visibility":"","ast-main-header-display":"","ast-hfb-above-header-display":"","ast-hfb-below-header-display":"","ast-hfb-mobile-header-display":"","site-post-title":"disabled","ast-breadcrumbs-content":"","ast-featured-img":"","footer-sml-layout":"","ast-disable-related-posts":"","theme-transparent-header-meta":"enabled","adv-header-id-meta":"","stick-header-meta":"","header-above-stick-meta":"","header-main-stick-meta":"","header-below-stick-meta":"","astra-migrate-meta-layouts":"set","ast-page-background-enabled":"default","ast-page-background-meta":{"desktop":{"background-color":"var(--ast-global-color-4)","background-image":"","background-repeat":"repeat","background-position":"center center","background-size":"auto","background-attachment":"scroll","background-type":"","background-media":"","overlay-type":"","overlay-color":"","overlay-opacity":"","overlay-gradient":""},"tablet":{"background-color":"","background-image":"","background-repeat":"repeat","background-position":"center center","background-size":"auto","background-attachment":"scroll","background-type":"","background-media":"","overlay-type":"","overlay-color":"","overlay-opacity":"","overlay-gradient":""},"mobile":{"background-color":"","background-image":"","background-repeat":"repeat","background-position":"center center","background-size":"auto","background-attachment":"scroll","background-type":"","background-media":"","overlay-type":"","overlay-color":"","overlay-opacity":"","overlay-gradient":""}},"ast-content-background-meta":{"desktop":{"background-color":"var(--ast-global-color-5)","background-image":"","background-repeat":"repeat","background-position":"center center","background-size":"auto","background-attachment":"scroll","background-type":"","background-media":"","overlay-type":"","overlay-color":"","overlay-opacity":"","overlay-gradient":""},"tablet":{"background-color":"var(--ast-global-color-5)","background-image":"","background-repeat":"repeat","background-position":"center center","background-size":"auto","background-attachment":"scroll","background-type":"","background-media":"","overlay-type":"","overlay-color":"","overlay-opacity":"","overlay-gradient":""},"mobile":{"background-color":"var(--ast-global-color-5)","background-image":"","background-repeat":"repeat","background-position":"center center","background-size":"auto","background-attachment":"scroll","background-type":"","background-media":"","overlay-type":"","overlay-color":"","overlay-opacity":"","overlay-gradient":""}},"footnotes":""},"class_list":["post-2985","page","type-page","status-publish","hentry"],"uagb_featured_image_src":{"full":false,"thumbnail":false,"medium":false,"medium_large":false,"large":false,"1536x1536":false,"2048x2048":false,"trp-custom-language-flag":false},"uagb_author_info":{"display_name":"Joe","author_link":"https:\/\/led.amasly.com\/hu_hu\/author\/jacklin\/"},"uagb_comment_info":0,"uagb_excerpt":"How many hours can LED lights stay on? LED lamps continuous service life to explore For home decoration in the common LED lamps and lanterns, we are often concerned about how long they can continue to light up. Generally speaking, the average lifespan of household LED lamps on the market is more than 10,000 hours.&hellip;","_links":{"self":[{"href":"https:\/\/led.amasly.com\/hu_hu\/wp-json\/wp\/v2\/pages\/2985","targetHints":{"allow":["GET"]}}],"collection":[{"href":"https:\/\/led.amasly.com\/hu_hu\/wp-json\/wp\/v2\/pages"}],"about":[{"href":"https:\/\/led.amasly.com\/hu_hu\/wp-json\/wp\/v2\/types\/page"}],"author":[{"embeddable":true,"href":"https:\/\/led.amasly.com\/hu_hu\/wp-json\/wp\/v2\/users\/1"}],"replies":[{"embeddable":true,"href":"https:\/\/led.amasly.com\/hu_hu\/wp-json\/wp\/v2\/comments?post=2985"}],"version-history":[{"count":2,"href":"https:\/\/led.amasly.com\/hu_hu\/wp-json\/wp\/v2\/pages\/2985\/revisions"}],"predecessor-version":[{"id":2989,"href":"https:\/\/led.amasly.com\/hu_hu\/wp-json\/wp\/v2\/pages\/2985\/revisions\/2989"}],"up":[{"embeddable":true,"href":"https:\/\/led.amasly.com\/hu_hu\/wp-json\/wp\/v2\/pages\/2374"}],"wp:attachment":[{"href":"https:\/\/led.amasly.com\/hu_hu\/wp-json\/wp\/v2\/media?parent=2985"}],"curies":[{"name":"wp","href":"https:\/\/api.w.org\/{rel}","templated":true}]}}