{"id":2984,"date":"2025-04-08T22:58:28","date_gmt":"2025-04-08T14:58:28","guid":{"rendered":"https:\/\/led.amasly.com\/?page_id=2984"},"modified":"2026-01-27T22:46:45","modified_gmt":"2026-01-27T14:46:45","slug":"vezetett-feny-tudas","status":"publish","type":"page","link":"https:\/\/led.amasly.com\/hu_hu\/tudas\/vezetett-feny-tudas\/","title":{"rendered":"LED f\u00e9ny tud\u00e1s"},"content":{"rendered":"<div class=\"wp-block-columns is-layout-flex wp-container-core-columns-is-layout-28f84493 wp-block-columns-is-layout-flex\">\n<div class=\"wp-block-column is-layout-flow wp-block-column-is-layout-flow\"><\/div>\n\n\n\n<div class=\"wp-block-column is-layout-flow wp-block-column-is-layout-flow\"><\/div>\n<\/div>\n\n\n\n<div class=\"wp-block-columns is-layout-flex wp-container-core-columns-is-layout-28f84493 wp-block-columns-is-layout-flex\">\n<div class=\"wp-block-column is-layout-flow wp-block-column-is-layout-flow\" style=\"flex-basis:100%\">\n<p class=\"has-medium-font-size\">A LED-f\u00e9ny egy elektrolumineszcens f\u00e9lvezet\u0151 anyag chip, amely ez\u00fcst ragaszt\u00f3val vagy feh\u00e9r ragaszt\u00f3val szil\u00e1rdul meg a konzolhoz, majd ez\u00fcst vagy arany huzallal csatlakozik a chiphez \u00e9s az \u00e1ramk\u00f6ri laphoz, epoxigyant\u00e1val lez\u00e1rva a bels\u0151 maghuzal v\u00e9delme \u00e9rdek\u00e9ben, \u00e9s v\u00e9g\u00fcl a h\u00e9jat telep\u00edti, \u00edgy a LED-f\u00e9ny j\u00f3 szeizmikus teljes\u00edtm\u00e9nyt ny\u00fajt.<br><\/p>\n\n\n\n<p class=\"has-medium-font-size\">A LED (Light Emitting Diode, f\u00e9nykibocs\u00e1t\u00f3 di\u00f3da) egy szil\u00e1rd f\u00e9lvezet\u0151 eszk\u00f6z, amely k\u00e9pes az elektromos energi\u00e1t l\u00e1that\u00f3 f\u00e9nny\u00e9 alak\u00edtani, amely k\u00f6zvetlen\u00fcl k\u00e9pes az elektromoss\u00e1got f\u00e9nny\u00e9 alak\u00edtani. A LED sz\u00edve egy f\u00e9lvezet\u0151 chip, a chip egyik v\u00e9ge egy konzolhoz van r\u00f6gz\u00edtve, egyik v\u00e9ge negat\u00edv elektr\u00f3da, a m\u00e1sik v\u00e9ge pedig a t\u00e1pegys\u00e9g pozit\u00edv elektr\u00f3d\u00e1j\u00e1hoz van csatlakoztatva, \u00edgy az eg\u00e9sz chipet epoxigyanta burkolja.<br><\/p>\n\n\n\n<p class=\"has-medium-font-size\">A LED-es vil\u00e1g\u00edt\u00f3testek k\u00e9t r\u00e9szre oszthat\u00f3k: belt\u00e9ri vil\u00e1g\u00edt\u00e1s \u00e9s k\u00fclt\u00e9ri vil\u00e1g\u00edt\u00e1s. A piacon elterjedt LED-es vil\u00e1g\u00edt\u00f3testek f\u0151k\u00e9nt a k\u00f6vetkez\u0151 term\u00e9kt\u00edpusokat foglalj\u00e1k magukban: LED nagy teljes\u00edtm\u00e9ny\u0171 modul utcai l\u00e1mpa, LED spot l\u00e1mpa, LED l\u00e1mpa cs\u00e9sze, LED l\u00e1mpatart\u00f3, LED l\u00e1mpatart\u00f3, LED l\u00e1mpa szalag, LED l\u00e1mpa cs\u0151, LED l\u00e1mpa, LED l\u00e1mpa szalag, LED l\u00e1mpa string, LED izz\u00f3, LED l\u00e1mpa gy\u00f6ngy, LED kan\u00f3c, LED chip, LED downlight, LED gyertya f\u00e9ny, LED csillag f\u00e9ny, LE D indukci\u00f3s l\u00e1mp\u00e1k, kis teljes\u00edtm\u00e9ny\u0171 LED l\u00e1mp\u00e1k, nagy teljes\u00edtm\u00e9ny\u0171 LED l\u00e1mp\u00e1k, nagy teljes\u00edtm\u00e9ny\u0171 LED energiatakar\u00e9kos l\u00e1mp\u00e1k, LED meteor zuhany l\u00e1mp\u00e1k, LED l\u00e9gvitamin tiszt\u00edt\u00f3 l\u00e1mp\u00e1k, LED hangvez\u00e9rl\u00e9s\u0171 l\u00e1mp\u00e1k, LED lapos l\u00e1mp\u00e1k, LED \u00e9rint\u00e9ses l\u00e1mp\u00e1k, LED f\u00e9lvezet\u0151 vil\u00e1g\u00edt\u00e1s, LED nagy teljes\u00edtm\u00e9ny\u0171 \u00e9gi l\u00e1mp\u00e1k, LED robban\u00e1sbiztos l\u00e1mp\u00e1k, LED cs\u0151k\u00e9perny\u0151, LED robban\u00e1sbiztos korr\u00f3zi\u00f3- \u00e9s por\u00e1ll\u00f3 l\u00e1mp\u00e1k, LED szil\u00e1rd \u00e1llapot\u00fa karbantart\u00e1smentes robban\u00e1sbiztos l\u00e1mpa, LED f\u00e9nycs\u0151 lencse, LED robban\u00e1sbiztos reflektor, LED nagy teljes\u00edtm\u00e9ny\u0171 l\u00e1mpa, LED f\u00e9nycs\u0151, LED TV, LED h\u00e1tt\u00e9rvil\u00e1g\u00edt\u00e1s, LED aut\u00f3l\u00e1mpa, LED t\u00f6lt\u0151f\u00e9ny, LED er\u0151s zsebl\u00e1mpa, LED reflektor, LED b\u00e1tors\u00e1g l\u00e1mpa, LED kukorica l\u00e1mpa, LED eltemetett f\u00e9ny, LED szekr\u00e9nyvil\u00e1g\u00edt\u00e1s, LED sz\u00ednpadi f\u00e9ny, LED keresked\u0151 mezei l\u00e1mpa, LED eszterga l\u00e1mpa, LED fogas l\u00e1mpa, LED b\u00e1nyakocsi l\u00e1mpa, LED robban\u00e1sbiztos lapos l\u00e1mpa, LED alag\u00fat l\u00e1mpa, egy\u00e9b LED oszt\u00e1lyoz\u00f3 term\u00e9kek.<\/p>\n<\/div>\n<\/div>\n\n\n\n<h1 class=\"wp-block-heading\">LED f\u00e9ny tud\u00e1s<\/h1>\n\n\n\n<ul class=\"wp-block-list\">\n<li class=\"has-large-font-size\"><strong><a href=\"https:\/\/led.amasly.com\/hu_hu\/robbanasbiztos-termekek-ismerete\/hany-oran-at-maradhatnak-a-ledes-lampak-%ef%bc%9f\/\">H\u00e1ny \u00f3r\u00e1n \u00e1t tudnak vil\u00e1g\u00edtani a LED-es l\u00e1mp\u00e1k?<\/a><\/strong><\/li>\n<\/ul>\n\n\n\n<ul class=\"wp-block-list\">\n<li class=\"has-large-font-size\"><strong><a href=\"https:\/\/led.amasly.com\/hu_hu\/robbanasbiztos-termekek-ismerete\/rendben-van-hogy-aludni-mellett-led-fenyek\/\">Nem baj, ha LED-es l\u00e1mp\u00e1k mellett alszom?<\/a><\/strong><\/li>\n<\/ul>\n\n\n\n<ul class=\"wp-block-list\">\n<li class=\"has-large-font-size\"><strong><a href=\"https:\/\/led.amasly.com\/hu_hu\/robbanasbiztos-termekek-ismerete\/rendben-van-e-a-mindennapi-led-feny-hasznalata\/\">Haszn\u00e1lhatok LED-es f\u00e9nyt mindennap?<\/a><\/strong><\/li>\n<\/ul>\n\n\n\n<ul class=\"wp-block-list\">\n<li class=\"has-large-font-size\"><strong><a href=\"https:\/\/led.amasly.com\/hu_hu\/robbanasbiztos-termekek-ismerete\/do-led-lights-have-any-effect-on-human-health\/\">Van-e b\u00e1rmilyen hat\u00e1sa a LED-f\u00e9nyeknek az emberi eg\u00e9szs\u00e9gre\uff1f<\/a><\/strong><\/li>\n\n\n\n<li class=\"has-large-font-size\"><strong><a href=\"https:\/\/led.amasly.com\/hu_hu\/vezetett-feny-tudas\/mi-a-teljesitmenytenyezo-led-vilagitas-teljesitmenytenyezo-kulcsfontossagu-informaciok\/\">Mi az a teljes\u00edtm\u00e9nyt\u00e9nyez\u0151? LED vil\u00e1g\u00edt\u00e1s teljes\u00edtm\u00e9nyt\u00e9nyez\u0151 kulcsfontoss\u00e1g\u00fa inform\u00e1ci\u00f3k<\/a><\/strong><\/li>\n\n\n\n<li class=\"has-large-font-size\"><strong><a href=\"https:\/\/led.amasly.com\/hu_hu\/vezetett-feny-tudas\/mennyibe-kerulnek-az-utcai-lampak-az-utcai-lampak-arat-befolyasolo-tenyezok\/\">Mennyibe ker\u00fclnek az utcai l\u00e1mp\u00e1k? Az utcai vil\u00e1g\u00edt\u00e1s \u00e1r\u00e1t befoly\u00e1sol\u00f3 t\u00e9nyez\u0151k<\/a><\/strong><\/li>\n<\/ul>\n\n\n\n<ul class=\"wp-block-list\">\n<li class=\"has-large-font-size\"><strong><a href=\"https:\/\/led.amasly.com\/hu_hu\/robbanasbiztos-termekek-ismerete\/biztonsagos-e-hagyni-hogy-a-led-lampak-egesz-ejjel-egjenek\/\">Biztons\u00e1gos eg\u00e9sz \u00e9jjel \u00e9gve hagyni a LED-l\u00e1mp\u00e1kat?<\/a><\/strong><\/li>\n<\/ul>\n\n\n\n<ul class=\"wp-block-list\">\n<li class=\"has-large-font-size\"><strong><a href=\"https:\/\/led.amasly.com\/hu_hu\/vezetett-feny-tudas\/mik-a-kozos-minosegi-problemak-a-led-utcai-lampak\/\">Melyek a LED-es k\u00f6zvil\u00e1g\u00edt\u00e1s gyakori min\u0151s\u00e9gi probl\u00e9m\u00e1i?<\/a><\/strong><\/li>\n\n\n\n<li class=\"has-large-font-size\"><strong><a href=\"https:\/\/led.amasly.com\/hu_hu\/vezetett-feny-tudas\/a-vilagitas-kritikus-szerepe-az-egeszsegugyi-szervezetekben\/\">A vil\u00e1g\u00edt\u00e1s kritikus szerepe az eg\u00e9szs\u00e9g\u00fcgyi szervezetekben<\/a><\/strong><\/li>\n\n\n\n<li class=\"has-large-font-size\"><strong><a href=\"https:\/\/led.amasly.com\/hu_hu\/vezetett-feny-tudas\/melyik-szinu-led-feny-a-legjobb-az-alvashoz\/\">Melyik sz\u00edn\u0171 LED f\u00e9ny a legjobb alv\u00e1shoz?<\/a><\/strong><\/li>\n<\/ul>\n\n\n\n<ul class=\"wp-block-list\">\n<li class=\"has-large-font-size\"><strong><a href=\"https:\/\/led.amasly.com\/hu_hu\/vezetett-feny-tudas\/led-lampak-nem-vilagitanak-kozos-okok-es-megoldasok\/\">A LED l\u00e1mp\u00e1k nem vil\u00e1g\u00edtanak? Gyakori okok \u00e9s megold\u00e1sok<\/a><\/strong><\/li>\n<\/ul>\n\n\n\n<ul class=\"wp-block-list\">\n<li class=\"has-large-font-size\"><strong><a href=\"https:\/\/led.amasly.com\/hu_hu\/vezetett-feny-tudas\/mi-a-kulonbseg-a-tompithato-es-a-nem-tompithato-led-lampak-kozott\/\">Mi a k\u00fcl\u00f6nbs\u00e9g a tomp\u00edthat\u00f3 \u00e9s a nem tomp\u00edthat\u00f3 LED-es l\u00e1mp\u00e1k k\u00f6z\u00f6tt?<\/a><\/strong><\/li>\n\n\n\n<li class=\"has-large-font-size\"><strong><a href=\"https:\/\/led.amasly.com\/hu_hu\/vezetett-feny-tudas\/mennyi-ideig-tart-a-led-fenyek-elettartama\/\">Mennyi ideig tartanak a LED-es l\u00e1mp\u00e1k \u00e9lettartama?<\/a><\/strong><\/li>\n\n\n\n<li class=\"has-large-font-size\"><strong><a href=\"https:\/\/led.amasly.com\/hu_hu\/vezetett-feny-tudas\/a-led-lampak-teljesitmenye-es-kovetelmenyei\/\">A LED-l\u00e1mp\u00e1k teljes\u00edtm\u00e9nye \u00e9s k\u00f6vetelm\u00e9nyei<\/a><\/strong><\/li>\n<\/ul>\n\n\n\n<ul class=\"wp-block-list\">\n<li class=\"has-large-font-size\"><strong><a href=\"https:\/\/led.amasly.com\/hu_hu\/vezetett-feny-tudas\/60-wattos-vs-100-wattos-lampak-mi-a-kulonbseg-es-melyik-a-jobb\/\">60 wattos vs. 100 wattos l\u00e1mp\u00e1k: mi a k\u00fcl\u00f6nbs\u00e9g \u00e9s melyik a jobb?<\/a><\/strong><\/li>\n\n\n\n<li class=\"has-large-font-size\"><strong><a href=\"https:\/\/led.amasly.com\/hu_hu\/vezetett-feny-tudas\/mi-a-led-szinhomerseklet-hogyan-valasszon-3000k-4000k-es-5000k-kozott\/\">Mi a LED sz\u00ednh\u0151m\u00e9rs\u00e9klet? Hogyan v\u00e1lasszunk 3000K, 4000K \u00e9s 5000K k\u00f6z\u00f6tt?<\/a><\/strong><\/li>\n\n\n\n<li class=\"has-large-font-size\"><strong><strong><a href=\"https:\/\/led.amasly.com\/hu_hu\/tudas\/vezetett-feny-tudas\/a-led-lampak-biztonsagosak-het-gyakori-tevhit\/\">Biztons\u00e1gosak a LED-es l\u00e1mp\u00e1k? H\u00e9t gyakori t\u00e9vhit<\/a><\/strong><\/strong><\/li>\n<\/ul>\n\n\n\n<div class=\"wp-block-uagb-container uagb-block-2f7a90f6 alignfull uagb-is-root-container\"><div class=\"uagb-container-inner-blocks-wrap\">\n<div class=\"wp-block-uagb-info-box uagb-block-8b5cd174 uagb-infobox__content-wrap  uagb-infobox-icon-above-title uagb-infobox-image-valign-top wp-block-uagb-info-box--has-margin\"><div class=\"uagb-infobox-margin-wrapper\"><div class=\"uagb-ifb-content\"><div class=\"uagb-ifb-title-wrap\"><\/div><\/div><\/div><\/div>\n<\/div><\/div>\n\n\n\n<h2 class=\"wp-block-heading\">Kapcsol\u00f3d\u00f3 term\u00e9kek<\/h2>\n\n\n\n<div class=\"wp-block-uagb-container uagb-block-492a12c6 alignfull uagb-is-root-container\"><div class=\"uagb-container-inner-blocks-wrap\">\n<div class=\"wp-block-uagb-container uagb-block-489233b8\">\n<div class=\"wp-block-uagb-image uagb-block-f86481bd wp-block-uagb-image--layout-default wp-block-uagb-image--effect-static wp-block-uagb-image--align-none\"><figure class=\"wp-block-uagb-image__figure\"><a class=\"\" href=\"https:\/\/led.amasly.com\/hu_hu\/termekek\/\" target=\"\" rel=\"noopener\"><img decoding=\"async\" srcset=\"https:\/\/led.amasly.com\/wp-content\/uploads\/2024\/09\/Explosion-proof-high-bay-lights.png ,https:\/\/led.amasly.com\/wp-content\/uploads\/2024\/09\/Explosion-proof-high-bay-lights.png 780w, https:\/\/led.amasly.com\/wp-content\/uploads\/2024\/09\/Explosion-proof-high-bay-lights.png 360w\" sizes=\"auto, (max-width: 480px) 150px\" src=\"https:\/\/led.amasly.com\/wp-content\/uploads\/2024\/09\/Explosion-proof-high-bay-lights.png\" alt=\"\" class=\"uag-image-1495\" width=\"300\" height=\"300\" title=\"Robban\u00e1sbiztos magas \u00f6b\u00f6l f\u00e9nyek\" loading=\"lazy\" role=\"img\"><\/a><\/figure><\/div>\n<\/div>\n\n\n\n<div class=\"wp-block-uagb-container uagb-block-41faa083\">\n<div class=\"wp-block-uagb-image uagb-block-f71a09a9 wp-block-uagb-image--layout-default wp-block-uagb-image--effect-static wp-block-uagb-image--align-none\"><figure class=\"wp-block-uagb-image__figure\"><a class=\"\" href=\"https:\/\/led.amasly.com\/hu_hu\/termekek\/\" target=\"\" rel=\"noopener\"><img decoding=\"async\" srcset=\"https:\/\/led.amasly.com\/wp-content\/uploads\/2024\/08\/Explosion-proof-flood-light.png ,https:\/\/led.amasly.com\/wp-content\/uploads\/2024\/08\/Explosion-proof-flood-light.png 780w, https:\/\/led.amasly.com\/wp-content\/uploads\/2024\/08\/Explosion-proof-flood-light.png 360w\" sizes=\"auto, (max-width: 480px) 150px\" src=\"https:\/\/led.amasly.com\/wp-content\/uploads\/2024\/08\/Explosion-proof-flood-light.png\" alt=\"\" class=\"uag-image-1482\" width=\"300\" height=\"300\" title=\"Robban\u00e1sbiztos \u00e1rv\u00edzf\u00e9ny\" loading=\"lazy\" role=\"img\"><\/a><\/figure><\/div>\n<\/div>\n\n\n\n<div class=\"wp-block-uagb-container uagb-block-85cfaedc\">\n<div class=\"wp-block-uagb-image uagb-block-21b5cff7 wp-block-uagb-image--layout-default wp-block-uagb-image--effect-static wp-block-uagb-image--align-none\"><figure class=\"wp-block-uagb-image__figure\"><a class=\"\" href=\"https:\/\/led.amasly.com\/hu_hu\/termekek\/\" target=\"\" rel=\"noopener\"><img decoding=\"async\" srcset=\"https:\/\/led.amasly.com\/wp-content\/uploads\/2025\/01\/1.jpg ,https:\/\/led.amasly.com\/wp-content\/uploads\/2025\/01\/1.jpg 780w, https:\/\/led.amasly.com\/wp-content\/uploads\/2025\/01\/1.jpg 360w\" sizes=\"auto, (max-width: 480px) 150px\" src=\"https:\/\/led.amasly.com\/wp-content\/uploads\/2025\/01\/1.jpg\" alt=\"\" class=\"uag-image-1686\" width=\"800\" height=\"800\" title=\"1\" loading=\"lazy\" role=\"img\"><\/a><\/figure><\/div>\n<\/div>\n\n\n\n<div class=\"wp-block-uagb-container uagb-block-26ed2c96\">\n<div class=\"wp-block-uagb-image uagb-block-74690288 wp-block-uagb-image--layout-default wp-block-uagb-image--effect-static wp-block-uagb-image--align-none\"><figure class=\"wp-block-uagb-image__figure\"><a class=\"\" href=\"https:\/\/led.amasly.com\/hu_hu\/termekek\/\" target=\"\" rel=\"noopener\"><img decoding=\"async\" srcset=\"https:\/\/led.amasly.com\/wp-content\/uploads\/2024\/09\/LED-Explosion-Proof-Gas-Station-Light.png ,https:\/\/led.amasly.com\/wp-content\/uploads\/2024\/09\/LED-Explosion-Proof-Gas-Station-Light.png 780w, https:\/\/led.amasly.com\/wp-content\/uploads\/2024\/09\/LED-Explosion-Proof-Gas-Station-Light.png 360w\" sizes=\"auto, (max-width: 480px) 150px\" src=\"https:\/\/led.amasly.com\/wp-content\/uploads\/2024\/09\/LED-Explosion-Proof-Gas-Station-Light.png\" alt=\"\" class=\"uag-image-1501\" width=\"300\" height=\"300\" title=\"LED robban\u00e1sbiztos benzink\u00fat f\u00e9ny\" loading=\"lazy\" role=\"img\"><\/a><\/figure><\/div>\n<\/div>\n<\/div><\/div>\n\n\n\n<div class=\"wp-block-uagb-container uagb-block-7c7b1c72 alignfull uagb-is-root-container\"><div class=\"uagb-container-inner-blocks-wrap\">\n<div class=\"wp-block-uagb-container uagb-block-de40c4b5\">\n<h5 class=\"wp-block-heading has-text-align-center\"><a href=\"https:\/\/led.amasly.com\/hu_hu\/termekek\/\">Robban\u00e1sbiztos High Bay Light<\/a><\/h5>\n<\/div>\n\n\n\n<div class=\"wp-block-uagb-container uagb-block-f38acbf0\">\n<h5 class=\"wp-block-heading has-text-align-center\"><a href=\"https:\/\/led.amasly.com\/hu_hu\/termekek\/\">Robban\u00e1sbiztos \u00e1rv\u00edzf\u00e9ny<\/a><\/h5>\n<\/div>\n\n\n\n<div class=\"wp-block-uagb-container uagb-block-2cdde923\">\n<h5 class=\"wp-block-heading has-text-align-center\"><a href=\"https:\/\/led.amasly.com\/hu_hu\/termekek\/\">Robban\u00e1sbiztos line\u00e1ris f\u00e9ny<\/a><\/h5>\n<\/div>\n\n\n\n<div class=\"wp-block-uagb-container uagb-block-4786d708\">\n<h5 class=\"wp-block-heading has-text-align-center\"><a href=\"https:\/\/led.amasly.com\/hu_hu\/termekek\/\">Robban\u00e1sbiztos benzink\u00fat f\u00e9ny<\/a><\/h5>\n<\/div>\n<\/div><\/div>\n\n\n\n<div class=\"wp-block-uagb-container uagb-block-cb024e0e alignfull uagb-is-root-container\"><div class=\"uagb-container-inner-blocks-wrap\">\n<div class=\"wp-block-uagb-container uagb-block-af459a34\">\n<div class=\"wp-block-uagb-image uagb-block-b2e8e1b3 wp-block-uagb-image--layout-default wp-block-uagb-image--effect-static wp-block-uagb-image--align-none\"><figure class=\"wp-block-uagb-image__figure\"><a class=\"\" href=\"https:\/\/led.amasly.com\/hu_hu\/termekek\/\" target=\"\" rel=\"noopener\"><img decoding=\"async\" srcset=\"https:\/\/led.amasly.com\/wp-content\/uploads\/2024\/10\/50W-100W-150W-200W-300W-LED-Flood-Light.jpg ,https:\/\/led.amasly.com\/wp-content\/uploads\/2024\/10\/50W-100W-150W-200W-300W-LED-Flood-Light.jpg 780w, https:\/\/led.amasly.com\/wp-content\/uploads\/2024\/10\/50W-100W-150W-200W-300W-LED-Flood-Light.jpg 360w\" sizes=\"auto, (max-width: 480px) 150px\" src=\"https:\/\/led.amasly.com\/wp-content\/uploads\/2024\/10\/50W-100W-150W-200W-300W-LED-Flood-Light.jpg\" alt=\"\" class=\"uag-image-1526\" width=\"300\" height=\"300\" title=\"50W 100W 150W 200W 300W LED-es \u00e1rv\u00edzf\u00e9ny\" loading=\"lazy\" role=\"img\"><\/a><\/figure><\/div>\n<\/div>\n\n\n\n<div class=\"wp-block-uagb-container uagb-block-4b67c5ea\">\n<div class=\"wp-block-uagb-image uagb-block-9e04f065 wp-block-uagb-image--layout-default wp-block-uagb-image--effect-static wp-block-uagb-image--align-none\"><figure class=\"wp-block-uagb-image__figure\"><a class=\"\" href=\"https:\/\/led.amasly.com\/hu_hu\/termekek\/\" target=\"\" rel=\"noopener\"><img decoding=\"async\" srcset=\"https:\/\/led.amasly.com\/wp-content\/uploads\/2024\/08\/2000W-LED-Stadium-Light.jpg ,https:\/\/led.amasly.com\/wp-content\/uploads\/2024\/08\/2000W-LED-Stadium-Light.jpg 780w, https:\/\/led.amasly.com\/wp-content\/uploads\/2024\/08\/2000W-LED-Stadium-Light.jpg 360w\" sizes=\"auto, (max-width: 480px) 150px\" src=\"https:\/\/led.amasly.com\/wp-content\/uploads\/2024\/08\/2000W-LED-Stadium-Light.jpg\" alt=\"\" class=\"uag-image-1473\" width=\"300\" height=\"300\" title=\"2000W LED stadion f\u00e9ny\" loading=\"lazy\" role=\"img\"><\/a><\/figure><\/div>\n<\/div>\n\n\n\n<div class=\"wp-block-uagb-container uagb-block-51e4eb1c\">\n<div class=\"wp-block-uagb-image uagb-block-6fd8bb55 wp-block-uagb-image--layout-default wp-block-uagb-image--effect-static wp-block-uagb-image--align-none\"><figure class=\"wp-block-uagb-image__figure\"><a class=\"\" href=\"https:\/\/led.amasly.com\/hu_hu\/termekek\/\" target=\"\" rel=\"noopener\"><img decoding=\"async\" srcset=\"https:\/\/led.amasly.com\/wp-content\/uploads\/2024\/07\/high-bay-light.jpg ,https:\/\/led.amasly.com\/wp-content\/uploads\/2024\/07\/high-bay-light.jpg 780w, https:\/\/led.amasly.com\/wp-content\/uploads\/2024\/07\/high-bay-light.jpg 360w\" sizes=\"auto, (max-width: 480px) 150px\" src=\"https:\/\/led.amasly.com\/wp-content\/uploads\/2024\/07\/high-bay-light.jpg\" alt=\"\" class=\"uag-image-1134\" width=\"800\" height=\"800\" title=\"high-bay-light\" loading=\"lazy\" role=\"img\"><\/a><\/figure><\/div>\n<\/div>\n\n\n\n<div class=\"wp-block-uagb-container uagb-block-d8b9b3c2\">\n<div class=\"wp-block-uagb-image uagb-block-b794b600 wp-block-uagb-image--layout-default wp-block-uagb-image--effect-static wp-block-uagb-image--align-none\"><figure class=\"wp-block-uagb-image__figure\"><a class=\"\" href=\"https:\/\/led.amasly.com\/hu_hu\/termekek\/\" target=\"\" rel=\"noopener\"><img decoding=\"async\" srcset=\"https:\/\/led.amasly.com\/wp-content\/uploads\/2024\/07\/LED-street-light.jpg ,https:\/\/led.amasly.com\/wp-content\/uploads\/2024\/07\/LED-street-light.jpg 780w, https:\/\/led.amasly.com\/wp-content\/uploads\/2024\/07\/LED-street-light.jpg 360w\" sizes=\"auto, (max-width: 480px) 150px\" src=\"https:\/\/led.amasly.com\/wp-content\/uploads\/2024\/07\/LED-street-light.jpg\" alt=\"\" class=\"uag-image-1145\" width=\"300\" height=\"300\" title=\"LED-es utcai l\u00e1mp\u00e1k\" loading=\"lazy\" role=\"img\"><\/a><\/figure><\/div>\n<\/div>\n<\/div><\/div>\n\n\n\n<div class=\"wp-block-uagb-container uagb-block-b852371c alignfull uagb-is-root-container\"><div class=\"uagb-container-inner-blocks-wrap\">\n<div class=\"wp-block-uagb-container uagb-block-27e46e5d\">\n<h5 class=\"wp-block-heading has-text-align-center\"><a href=\"https:\/\/led.amasly.com\/hu_hu\/termekek\/\">LED \u00e1rv\u00edzf\u00e9ny<\/a><\/h5>\n<\/div>\n\n\n\n<div class=\"wp-block-uagb-container uagb-block-347094b5\">\n<h5 class=\"wp-block-heading has-text-align-center\"><a href=\"https:\/\/led.amasly.com\/hu_hu\/termekek\/\">LED stadion f\u00e9ny<\/a><\/h5>\n<\/div>\n\n\n\n<div class=\"wp-block-uagb-container uagb-block-bbddcbbe\">\n<h5 class=\"wp-block-heading has-text-align-center\"><a href=\"https:\/\/led.amasly.com\/hu_hu\/termekek\/\">LED High Bay f\u00e9ny<\/a><\/h5>\n<\/div>\n\n\n\n<div class=\"wp-block-uagb-container uagb-block-5eb607f2\">\n<h5 class=\"wp-block-heading has-text-align-center\"><a href=\"https:\/\/led.amasly.com\/hu_hu\/termekek\/\">LED utcai l\u00e1mpa f\u00e9ny<\/a><\/h5>\n<\/div>\n<\/div><\/div>\n\n\n\n<div class=\"wp-block-uagb-container uagb-block-69eeacf9 alignfull uagb-is-root-container\"><div class=\"uagb-container-inner-blocks-wrap\">\n<div class=\"wp-block-uagb-info-box uagb-block-2763a303 uagb-infobox__content-wrap  uagb-infobox-icon-above-title uagb-infobox-image-valign-top wp-block-uagb-info-box--has-margin\"><div class=\"uagb-infobox-margin-wrapper\"><div class=\"uagb-ifb-content\"><div class=\"uagb-ifb-title-wrap\"><\/div><\/div><\/div><\/div>\n<\/div><\/div>","protected":false},"excerpt":{"rendered":"<p>LED light is an electroluminescent semiconductor material chip, solidified to the bracket with silver glue or white glue, and then connected to the chip and circuit board with silver or gold wire, sealed around with epoxy resin to protect the internal core wire, and finally installed the shell, so the LED light has good seismic [&hellip;]<\/p>\n","protected":false},"author":1,"featured_media":0,"parent":2370,"menu_order":0,"comment_status":"closed","ping_status":"closed","template":"","meta":{"_uag_custom_page_level_css":"","site-sidebar-layout":"no-sidebar","site-content-layout":"","ast-site-content-layout":"default","site-content-style":"default","site-sidebar-style":"default","ast-global-header-display":"","ast-banner-title-visibility":"","ast-main-header-display":"","ast-hfb-above-header-display":"","ast-hfb-below-header-display":"","ast-hfb-mobile-header-display":"","site-post-title":"disabled","ast-breadcrumbs-content":"","ast-featured-img":"","footer-sml-layout":"","ast-disable-related-posts":"","theme-transparent-header-meta":"enabled","adv-header-id-meta":"","stick-header-meta":"","header-above-stick-meta":"","header-main-stick-meta":"","header-below-stick-meta":"","astra-migrate-meta-layouts":"set","ast-page-background-enabled":"default","ast-page-background-meta":{"desktop":{"background-color":"var(--ast-global-color-4)","background-image":"","background-repeat":"repeat","background-position":"center center","background-size":"auto","background-attachment":"scroll","background-type":"","background-media":"","overlay-type":"","overlay-color":"","overlay-opacity":"","overlay-gradient":""},"tablet":{"background-color":"","background-image":"","background-repeat":"repeat","background-position":"center center","background-size":"auto","background-attachment":"scroll","background-type":"","background-media":"","overlay-type":"","overlay-color":"","overlay-opacity":"","overlay-gradient":""},"mobile":{"background-color":"","background-image":"","background-repeat":"repeat","background-position":"center center","background-size":"auto","background-attachment":"scroll","background-type":"","background-media":"","overlay-type":"","overlay-color":"","overlay-opacity":"","overlay-gradient":""}},"ast-content-background-meta":{"desktop":{"background-color":"var(--ast-global-color-5)","background-image":"","background-repeat":"repeat","background-position":"center center","background-size":"auto","background-attachment":"scroll","background-type":"","background-media":"","overlay-type":"","overlay-color":"","overlay-opacity":"","overlay-gradient":""},"tablet":{"background-color":"var(--ast-global-color-5)","background-image":"","background-repeat":"repeat","background-position":"center center","background-size":"auto","background-attachment":"scroll","background-type":"","background-media":"","overlay-type":"","overlay-color":"","overlay-opacity":"","overlay-gradient":""},"mobile":{"background-color":"var(--ast-global-color-5)","background-image":"","background-repeat":"repeat","background-position":"center center","background-size":"auto","background-attachment":"scroll","background-type":"","background-media":"","overlay-type":"","overlay-color":"","overlay-opacity":"","overlay-gradient":""}},"footnotes":""},"class_list":["post-2984","page","type-page","status-publish","hentry"],"uagb_featured_image_src":{"full":false,"thumbnail":false,"medium":false,"medium_large":false,"large":false,"1536x1536":false,"2048x2048":false,"trp-custom-language-flag":false},"uagb_author_info":{"display_name":"Joe","author_link":"https:\/\/led.amasly.com\/hu_hu\/author\/jacklin\/"},"uagb_comment_info":0,"uagb_excerpt":"LED light is an electroluminescent semiconductor material chip, solidified to the bracket with silver glue or white glue, and then connected to the chip and circuit board with silver or gold wire, sealed around with epoxy resin to protect the internal core wire, and finally installed the shell, so the LED light has good seismic&hellip;","_links":{"self":[{"href":"https:\/\/led.amasly.com\/hu_hu\/wp-json\/wp\/v2\/pages\/2984","targetHints":{"allow":["GET"]}}],"collection":[{"href":"https:\/\/led.amasly.com\/hu_hu\/wp-json\/wp\/v2\/pages"}],"about":[{"href":"https:\/\/led.amasly.com\/hu_hu\/wp-json\/wp\/v2\/types\/page"}],"author":[{"embeddable":true,"href":"https:\/\/led.amasly.com\/hu_hu\/wp-json\/wp\/v2\/users\/1"}],"replies":[{"embeddable":true,"href":"https:\/\/led.amasly.com\/hu_hu\/wp-json\/wp\/v2\/comments?post=2984"}],"version-history":[{"count":7,"href":"https:\/\/led.amasly.com\/hu_hu\/wp-json\/wp\/v2\/pages\/2984\/revisions"}],"predecessor-version":[{"id":4185,"href":"https:\/\/led.amasly.com\/hu_hu\/wp-json\/wp\/v2\/pages\/2984\/revisions\/4185"}],"up":[{"embeddable":true,"href":"https:\/\/led.amasly.com\/hu_hu\/wp-json\/wp\/v2\/pages\/2370"}],"wp:attachment":[{"href":"https:\/\/led.amasly.com\/hu_hu\/wp-json\/wp\/v2\/media?parent=2984"}],"curies":[{"name":"wp","href":"https:\/\/api.w.org\/{rel}","templated":true}]}}