{"id":2968,"date":"2025-04-08T21:03:49","date_gmt":"2025-04-08T13:03:49","guid":{"rendered":"https:\/\/led.amasly.com\/?page_id=2968"},"modified":"2026-01-25T19:17:14","modified_gmt":"2026-01-25T11:17:14","slug":"are-led-lights-explosion-proof","status":"publish","type":"page","link":"https:\/\/led.amasly.com\/hu_hu\/knowledge\/explosion-proof-products-knowledge\/are-led-lights-explosion-proof\/","title":{"rendered":"Robban\u00e1sbiztosak a ledes l\u00e1mp\u00e1k?"},"content":{"rendered":"<div class=\"wp-block-uagb-container uagb-block-27bae773 alignfull uagb-is-root-container\"><div class=\"uagb-container-inner-blocks-wrap\"><\/div><\/div>\n\n\n\n<h1 class=\"wp-block-heading has-text-align-center\"><strong>A led l\u00e1mp\u00e1k robban\u00e1sbiztosak <strong>f\u00e9nyek<\/strong><\/strong> <strong>?<\/strong><\/h1>\n\n\n\n<div class=\"wp-block-uagb-image uagb-block-da1360b5 wp-block-uagb-image--layout-default wp-block-uagb-image--effect-static wp-block-uagb-image--align-none\"><figure class=\"wp-block-uagb-image__figure\"><img decoding=\"async\" srcset=\"https:\/\/led.amasly.com\/wp-content\/uploads\/2025\/01\/LED-explosion-proof-flood-lights.png ,https:\/\/led.amasly.com\/wp-content\/uploads\/2025\/01\/LED-explosion-proof-flood-lights.png 780w, https:\/\/led.amasly.com\/wp-content\/uploads\/2025\/01\/LED-explosion-proof-flood-lights.png 360w\" sizes=\"auto, (max-width: 480px) 150px\" src=\"https:\/\/led.amasly.com\/wp-content\/uploads\/2025\/01\/LED-explosion-proof-flood-lights.png\" alt=\"Explosion proof flood lights price, 12V explosion proof light, 40W explosion proof light, explosion proof led flood light\u00a0price, 140W explosion proof light, 110W explosion proof lights, 100W Flame Proof Lighting, LED Explosion proof Flood light, Explosion Proof and Flame Proof\uff0c Are led lights explosion proof?\" class=\"uag-image-1675\" width=\"1004\" height=\"308\" title=\"LED robban\u00e1sbiztos reflektorok\" loading=\"lazy\" role=\"img\"\/><\/figure><\/div>\n\n\n\n<h2 class=\"wp-block-heading\"><strong>Robban\u00e1sbiztosak a ledes l\u00e1mp\u00e1k?<\/strong>\uff1a<strong>V\u00e1laszok a k\u00f6z\u00f6ns\u00e9ges l\u00e1mp\u00e1kkal \u00e9s robban\u00e1sbiztos l\u00e1mp\u00e1kkal kapcsolatos k\u00e9rd\u00e9sekre: <\/strong><\/h2>\n\n\n\n<p>A k\u00e9rd\u00e9sek \u201ca led vil\u00e1g\u00edt\u00e1s robban\u00e1sbiztos?\u201d, \u201cminden led l\u00e1mpa robban\u00e1sbiztos?\u201d, \u201cA LED l\u00e1mp\u00e1k robban\u00e1sbiztosnak min\u0151s\u00fclnek?\u201d \u00e9s \u201cMi a k\u00fcl\u00f6nbs\u00e9g a LED l\u00e1mp\u00e1k \u00e9s a k\u00f6z\u00f6ns\u00e9ges LED l\u00e1mp\u00e1k k\u00f6z\u00f6tt?\u201c, \u201dMinden LED l\u00e1mpa robban\u00e1sbiztos?\u201c, \u201dA LED l\u00e1mp\u00e1k robban\u00e1sbiztosnak min\u0151s\u00fclnek?\u201d \u00e9s \"Mi a k\u00fcl\u00f6nbs\u00e9g a LED robban\u00e1sbiztos l\u00e1mp\u00e1k \u00e9s a k\u00f6z\u00f6ns\u00e9ges LED l\u00e1mp\u00e1k k\u00f6z\u00f6tt?\" \u00e9s \u00edgy tov\u00e1bb. \u00e9s egy\u00e9b lek\u00e9rdez\u00e9sek.<\/p>\n\n\n\n<p>Ezek a k\u00e9rd\u00e9sek egyszer\u0171nek t\u0171nnek, de val\u00f3j\u00e1ban azok sz\u00e1m\u00e1ra, akik nem ismerik, m\u00e9g mindig lehet n\u00e9mi f\u00e9lre\u00e9rt\u00e9s. A k\u00f6vetkez\u0151kben egyes\u00e9vel v\u00e1laszolunk ezekre a k\u00e9rd\u00e9sekre, hogy seg\u00edts\u00fcnk jobban meg\u00e9rteni a k\u00f6z\u00f6ns\u00e9ges f\u00e9nyek \u00e9s a robban\u00e1sbiztos f\u00e9nyek fogalm\u00e1t \u00e9s k\u00fcl\u00f6nbs\u00e9geit.<\/p>\n\n\n\n<p>&nbsp;&nbsp;&nbsp;&nbsp;Van egy kor\u00e1bbi cikk\u00fcnk, amelyet a k\u00f6vetkez\u0151knek szentelt\u00fcnk: <strong><a href=\"https:\/\/led.amasly.com\/hu_hu\/knowledge\/what-is-explosion-proof-lights\/\">Mi az a robban\u00e1sbiztos vil\u00e1g\u00edt\u00e1s? \u00c9s mi a robban\u00e1sbiztos l\u00e1mp\u00e1k elve?<\/a> <\/strong>A robban\u00e1sbiztos l\u00e1mp\u00e1kr\u00f3l k\u00e9rj\u00fck, n\u00e9zze meg k\u00f6zvetlen\u00fcl a linket.<\/p>\n\n\n\n<p>A k\u00f6z\u00f6ns\u00e9ges LED-l\u00e1mp\u00e1k viszont olyan helyeken haszn\u00e1lt l\u00e1mp\u00e1k, ahol nem \u00e9ghet\u0151 g\u00e1zok \u00e9s porok vannak. Ezeknek a l\u00e1mp\u00e1knak nincs speci\u00e1lis robban\u00e1sbiztos min\u0151s\u00edt\u00e9s\u00fck \u00e9s robban\u00e1sbiztos t\u00edpusk\u00f6vetelm\u00e9ny\u00fck, p\u00e9ld\u00e1ul az irod\u00e1kban \u00e9s irodai folyos\u00f3kon haszn\u00e1lt LED-l\u00e1mp\u00e1k ebbe a kateg\u00f3ri\u00e1ba tartoznak.<\/p>\n\n\n\n<p>A k\u00f6z\u00f6ns\u00e9ges l\u00e1mp\u00e1k \u00e9s a robban\u00e1sbiztos l\u00e1mp\u00e1k k\u00f6z\u00f6tti alapvet\u0151 k\u00fcl\u00f6nbs\u00e9g a funkcion\u00e1lis hangs\u00faly. M\u00edg a k\u00f6z\u00f6ns\u00e9ges l\u00e1mp\u00e1k els\u0151sorban a vil\u00e1g\u00edt\u00e1sra \u00f6sszpontos\u00edtanak, a robban\u00e1sbiztos l\u00e1mp\u00e1k ezt kieg\u00e9sz\u00edtik robban\u00e1sbiztos funkci\u00f3val.<\/p>\n\n\n\n<p>Ez a robban\u00e1sbiztos funkci\u00f3 l\u00e9tfontoss\u00e1g\u00fa a vesz\u00e9lyes k\u00fcls\u0151 k\u00f6rnyezetben t\u00f6rt\u00e9n\u0151 esetleges robban\u00e1sok megel\u0151z\u00e9s\u00e9hez, \u00edgy biztos\u00edtva a szem\u00e9lyzet szem\u00e9lyes biztons\u00e1g\u00e1t \u00e9s minimaliz\u00e1lva a v\u00e1llalati vagyonvesztes\u00e9get.<\/p>\n\n\n\n<h2 class=\"wp-block-heading\"><strong>Az \u00e1ltal\u00e1nos f\u00e9nyek alkalmaz\u00e1si forgat\u00f3k\u00f6nyvei <\/strong><strong><\/strong><\/h2>\n\n\n\n<h3 class=\"wp-block-heading\"><strong>Az \u00e1ltal\u00e1nos vil\u00e1g\u00edt\u00e1st sz\u00e9les k\u00f6rben haszn\u00e1lj\u00e1k a szok\u00e1sos \u00e9p\u00fcletekben \u00e9s nyilv\u00e1nos helyeken, t\u00f6bbek k\u00f6z\u00f6tt: <\/strong><strong><\/strong><\/h3>\n\n\n\n<ol class=\"wp-block-list\">\n<li>Kereskedelmi \u00e9p\u00fcletek: pl. bev\u00e1s\u00e1rl\u00f3k\u00f6zpontok, sz\u00e1llod\u00e1k, irodah\u00e1zak stb., amelyekben nagy az emberforgalom, \u00e9s v\u00e9szhelyzet eset\u00e9n egy\u00e9rtelm\u0171 ki\u00fcr\u00edt\u00e9si utas\u00edt\u00e1sokat kell adniuk.<\/li>\n\n\n\n<li>K\u00f6zint\u00e9zm\u00e9nyek: p\u00e9ld\u00e1ul k\u00f6nyvt\u00e1rak, m\u00fazeumok, sz\u00ednh\u00e1zak stb. Ezeknek a helyeknek is sz\u00fcks\u00e9g\u00fck van v\u00e9szvil\u00e1g\u00edt\u00e1si berendez\u00e9sekre a k\u00f6zbiztons\u00e1g \u00e9rdek\u00e9ben.<\/li>\n\n\n\n<li>K\u00f6zleked\u00e9si \u00e1llom\u00e1sok: p\u00e9ld\u00e1ul vas\u00fat\u00e1llom\u00e1sok, metr\u00f3\u00e1llom\u00e1sok, buszp\u00e1lyaudvarok stb. \u00c1ramkimarad\u00e1s vagy baleset eset\u00e9n a v\u00e9szhelyzeti evaku\u00e1ci\u00f3s l\u00e1mp\u00e1k seg\u00edthetnek az utasoknak abban, hogy rendezetten hagyj\u00e1k el a helysz\u00ednt.<\/li>\n\n\n\n<li>Iskol\u00e1k \u00e9s k\u00f3rh\u00e1zak: b\u00e1r ezek a helysz\u00ednek speci\u00e1lis csoportokat tartalmaznak, haszn\u00e1lhatj\u00e1k a szok\u00e1sos v\u00e9szhelyzeti evaku\u00e1l\u00e1si l\u00e1mp\u00e1kat az evaku\u00e1l\u00e1si utas\u00edt\u00e1sok megad\u00e1s\u00e1ra, mivel nem gy\u00fal\u00e9kony vagy robban\u00e1svesz\u00e9lyes k\u00f6rnyezetr\u0151l van sz\u00f3.<\/li>\n<\/ol>\n\n\n\n<p>5. Lak\u00f3ter\u00fcletek: bele\u00e9rtve a t\u00f6bbszintes lak\u00f3\u00e9p\u00fcleteket \u00e9s vill\u00e1kat stb., hogy v\u00e9szhelyzet eset\u00e9n evaku\u00e1l\u00e1si utas\u00edt\u00e1sokat adjanak a lak\u00f3knak.<\/p>\n\n\n\n<h2 class=\"wp-block-heading\"><strong>Alkalmaz\u00e1si forgat\u00f3k\u00f6nyvek a<\/strong><strong>&nbsp;robban\u00e1sbiztos<\/strong><strong>&nbsp;F\u00e9nyek <\/strong><strong><\/strong><\/h2>\n\n\n\n<h3 class=\"wp-block-heading\"><strong>A robban\u00e1sbiztos l\u00e1mp\u00e1kat els\u0151sorban olyan speci\u00e1lis k\u00f6rnyezetekben haszn\u00e1lj\u00e1k, amelyek gy\u00fal\u00e9konyak \u00e9s robban\u00e1svesz\u00e9lyesek, hogy biztos\u00edts\u00e1k a szem\u00e9lyzet biztons\u00e1g\u00e1t ezeken a magas kock\u00e1zat\u00fa ter\u00fcleteken. Alkalmaz\u00e1si forgat\u00f3k\u00f6nyvei k\u00f6z\u00e9 tartoznak: <\/strong><strong><\/strong><\/h3>\n\n\n\n<p>1. Petrolk\u00e9miai ipar: p\u00e9ld\u00e1ul finom\u00edt\u00f3k, vegyi \u00fczemek, olaj- \u00e9s g\u00e1zmez\u0151k stb., Ezek a helyek \u00e1ltal\u00e1ban nagysz\u00e1m\u00fa gy\u00fal\u00e9kony \u00e9s robban\u00e1svesz\u00e9lyes vegyi anyagot tartalmaznak, robban\u00e1sbiztos teljes\u00edtm\u00e9nyt kell haszn\u00e1lni, nagy robban\u00e1sbiztos l\u00e1mp\u00e1k sz\u00e9les v\u00e1laszt\u00e9k\u00e1t kell megvil\u00e1g\u00edtani.<\/p>\n\n\n\n<p>2. Sz\u00e9nb\u00e1ny\u00e1k \u00e9s f\u00f6ldalatti munka: p\u00e9ld\u00e1ul sz\u00e9nb\u00e1nya alag\u00fat, g\u00e1zszivatty\u00fa\u00e1llom\u00e1sok \u00e9s egy\u00e9b met\u00e1nt \u00e9s sz\u00e9nport tartalmaz\u00f3 k\u00f6rnyezetek, a robban\u00e1sbiztos l\u00e1mp\u00e1k hat\u00e9konyan megakad\u00e1lyozhatj\u00e1k a robban\u00e1s \u00e1ltal kiv\u00e1ltott szikr\u00e1t.<\/p>\n\n\n\n<p>3. Gy\u00f3gyszeripar \u00e9s \u00e9lelmiszer-feldolgoz\u00e1s: mint p\u00e9ld\u00e1ul a por m\u0171hely, liszt malmok \u00e9s m\u00e1s por robban\u00e1svesz\u00e9lyes helyek, robban\u00e1sbiztos l\u00e1mp\u00e1k elker\u00fclhetik a vil\u00e1g\u00edt\u00f3berendez\u00e9sek \u00e1ltal okozott balesetet.<\/p>\n\n\n\n<p>4. Energia \u00e9s energia: p\u00e9ld\u00e1ul er\u0151m\u0171vek, al\u00e1llom\u00e1sok, er\u0151m\u0171vek karbantart\u00f3 m\u0171helyei stb., a magas h\u0151m\u00e9rs\u00e9klet\u0171, gy\u00fal\u00e9kony g\u00e1zok \u00e9s vegyi anyagok jelenl\u00e9te miatt a robban\u00e1sbiztos l\u00e1mp\u00e1k alapvet\u0151 fontoss\u00e1g\u00fa berendez\u00e9sekk\u00e9 v\u00e1lnak.<\/p>\n\n\n\n<p class=\"has-text-align-left\">5. Egy\u00e9b nagy kock\u00e1zat\u00fa ter\u00fcletek: bele\u00e9rtve a rep\u00fcl\u0151g\u00e9p-\u00fczemanyag rakt\u00e1rat, a haj\u00f3 kabinj\u00e1t, a benzinkutat stb., A robban\u00e1sbiztos l\u00e1mp\u00e1k biztos\u00edthatj\u00e1k a vil\u00e1g\u00edt\u00f3berendez\u00e9sek biztons\u00e1g\u00e1t.<\/p>\n\n\n\n<p class=\"has-text-align-left\">Szabv\u00e1nyos: <a href=\"http:\/\/www.iecex.com\" rel=\"nofollow noopener\" target=\"_blank\">IEC60079<\/a><\/p>\n\n\n\n<div class=\"wp-block-uagb-container uagb-block-c7d898dd alignfull uagb-is-root-container\"><div class=\"uagb-container-inner-blocks-wrap\"><\/div><\/div>\n\n\n\n<h2 class=\"wp-block-heading\">Kapcsol\u00f3d\u00f3 term\u00e9kek<\/h2>\n\n\n\n<div class=\"wp-block-uagb-container uagb-block-66e4defc alignfull uagb-is-root-container\"><div class=\"uagb-container-inner-blocks-wrap\">\n<div class=\"wp-block-uagb-container uagb-block-a42945f9\">\n<div class=\"wp-block-uagb-image uagb-block-7296296b wp-block-uagb-image--layout-default wp-block-uagb-image--effect-static wp-block-uagb-image--align-none\"><figure class=\"wp-block-uagb-image__figure\"><a class=\"\" href=\"https:\/\/led.amasly.com\/hu_hu\/products\/\" target=\"\" rel=\"noopener\"><img decoding=\"async\" srcset=\"https:\/\/led.amasly.com\/wp-content\/uploads\/2024\/09\/Explosion-proof-high-bay-lights.png ,https:\/\/led.amasly.com\/wp-content\/uploads\/2024\/09\/Explosion-proof-high-bay-lights.png 780w, https:\/\/led.amasly.com\/wp-content\/uploads\/2024\/09\/Explosion-proof-high-bay-lights.png 360w\" sizes=\"auto, (max-width: 480px) 150px\" src=\"https:\/\/led.amasly.com\/wp-content\/uploads\/2024\/09\/Explosion-proof-high-bay-lights.png\" alt=\"\" class=\"uag-image-1495\" width=\"300\" height=\"300\" title=\"Robban\u00e1sbiztos magas \u00f6b\u00f6l f\u00e9nyek\" loading=\"lazy\" role=\"img\"><\/a><\/figure><\/div>\n<\/div>\n\n\n\n<div class=\"wp-block-uagb-container uagb-block-4d3efde5\">\n<div class=\"wp-block-uagb-image uagb-block-c9e90797 wp-block-uagb-image--layout-default wp-block-uagb-image--effect-static wp-block-uagb-image--align-none\"><figure class=\"wp-block-uagb-image__figure\"><a class=\"\" href=\"https:\/\/led.amasly.com\/hu_hu\/products\/\" target=\"\" rel=\"noopener\"><img decoding=\"async\" srcset=\"https:\/\/led.amasly.com\/wp-content\/uploads\/2024\/07\/LED-tri-proof-lights2.png ,https:\/\/led.amasly.com\/wp-content\/uploads\/2024\/07\/LED-tri-proof-lights2.png 780w, https:\/\/led.amasly.com\/wp-content\/uploads\/2024\/07\/LED-tri-proof-lights2.png 360w\" sizes=\"auto, (max-width: 480px) 150px\" src=\"https:\/\/led.amasly.com\/wp-content\/uploads\/2024\/07\/LED-tri-proof-lights2.png\" alt=\"\" class=\"uag-image-1132\" width=\"300\" height=\"300\" title=\"LED-tri-proof-lights2\" loading=\"lazy\" role=\"img\"><\/a><\/figure><\/div>\n<\/div>\n\n\n\n<div class=\"wp-block-uagb-container uagb-block-11c2578b\">\n<div class=\"wp-block-uagb-image uagb-block-6e8883aa wp-block-uagb-image--layout-default wp-block-uagb-image--effect-static wp-block-uagb-image--align-none\"><figure class=\"wp-block-uagb-image__figure\"><a class=\"\" href=\"https:\/\/led.amasly.com\/hu_hu\/products\/\" target=\"\" rel=\"noopener\"><img decoding=\"async\" srcset=\"https:\/\/led.amasly.com\/wp-content\/uploads\/2024\/09\/LED-Explosion-Proof-Gas-Station-Light.png ,https:\/\/led.amasly.com\/wp-content\/uploads\/2024\/09\/LED-Explosion-Proof-Gas-Station-Light.png 780w, https:\/\/led.amasly.com\/wp-content\/uploads\/2024\/09\/LED-Explosion-Proof-Gas-Station-Light.png 360w\" sizes=\"auto, (max-width: 480px) 150px\" src=\"https:\/\/led.amasly.com\/wp-content\/uploads\/2024\/09\/LED-Explosion-Proof-Gas-Station-Light.png\" alt=\"\" class=\"uag-image-1501\" width=\"300\" height=\"300\" title=\"LED robban\u00e1sbiztos benzink\u00fat f\u00e9ny\" loading=\"lazy\" role=\"img\"><\/a><\/figure><\/div>\n<\/div>\n<\/div><\/div>\n\n\n\n<div class=\"wp-block-uagb-container uagb-block-548945b5 alignfull uagb-is-root-container\"><div class=\"uagb-container-inner-blocks-wrap\">\n<div class=\"wp-block-uagb-container uagb-block-967755d5\">\n<h4 class=\"wp-block-heading has-text-align-center\"><a href=\"https:\/\/led.amasly.com\/hu_hu\/products\/\">LED robban\u00e1sbiztos f\u00e9nyek<\/a><\/h4>\n<\/div>\n\n\n\n<div class=\"wp-block-uagb-container uagb-block-9bc52fc2\">\n<h4 class=\"wp-block-heading has-text-align-center\"><a href=\"https:\/\/led.amasly.com\/hu_hu\/products\/\">LED Tri-Proof f\u00e9nyek<\/a><\/h4>\n<\/div>\n\n\n\n<div class=\"wp-block-uagb-container uagb-block-8ffa0a23\">\n<h4 class=\"wp-block-heading has-text-align-center\"><a href=\"https:\/\/led.amasly.com\/hu_hu\/products\/\">Robban\u00e1sbiztos benzink\u00fat f\u00e9nyek<\/a><\/h4>\n<\/div>\n<\/div><\/div>\n\n\n\n<div class=\"wp-block-uagb-container uagb-block-29499fe0 alignfull uagb-is-root-container\"><div class=\"uagb-container-inner-blocks-wrap\">\n<div class=\"wp-block-uagb-container uagb-block-777ee1c7\">\n<div class=\"wp-block-uagb-image uagb-block-2e9a1851 wp-block-uagb-image--layout-default wp-block-uagb-image--effect-static wp-block-uagb-image--align-none\"><figure class=\"wp-block-uagb-image__figure\"><a class=\"\" href=\"https:\/\/led.amasly.com\/hu_hu\/products\/\" target=\"\" rel=\"noopener\"><img decoding=\"async\" srcset=\"https:\/\/led.amasly.com\/wp-content\/uploads\/2024\/10\/50W-100W-150W-200W-300W-LED-Flood-Light.jpg ,https:\/\/led.amasly.com\/wp-content\/uploads\/2024\/10\/50W-100W-150W-200W-300W-LED-Flood-Light.jpg 780w, https:\/\/led.amasly.com\/wp-content\/uploads\/2024\/10\/50W-100W-150W-200W-300W-LED-Flood-Light.jpg 360w\" sizes=\"auto, (max-width: 480px) 150px\" src=\"https:\/\/led.amasly.com\/wp-content\/uploads\/2024\/10\/50W-100W-150W-200W-300W-LED-Flood-Light.jpg\" alt=\"\" class=\"uag-image-1526\" width=\"300\" height=\"300\" title=\"50W 100W 150W 200W 300W LED-es \u00e1rv\u00edzf\u00e9ny\" loading=\"lazy\" role=\"img\"><\/a><\/figure><\/div>\n<\/div>\n\n\n\n<div class=\"wp-block-uagb-container uagb-block-af8c8683\">\n<div class=\"wp-block-uagb-image uagb-block-67947854 wp-block-uagb-image--layout-default wp-block-uagb-image--effect-static wp-block-uagb-image--align-none\"><figure class=\"wp-block-uagb-image__figure\"><a class=\"\" href=\"https:\/\/led.amasly.com\/hu_hu\/products\/\" target=\"\" rel=\"noopener\"><img decoding=\"async\" srcset=\"https:\/\/led.amasly.com\/wp-content\/uploads\/2024\/07\/led-tri-proof-light.png ,https:\/\/led.amasly.com\/wp-content\/uploads\/2024\/07\/led-tri-proof-light.png 780w, https:\/\/led.amasly.com\/wp-content\/uploads\/2024\/07\/led-tri-proof-light.png 360w\" sizes=\"auto, (max-width: 480px) 150px\" src=\"https:\/\/led.amasly.com\/wp-content\/uploads\/2024\/07\/led-tri-proof-light.png\" alt=\"\" class=\"uag-image-1130\" width=\"300\" height=\"300\" title=\"led-tri-proof-light\" loading=\"lazy\" role=\"img\"><\/a><\/figure><\/div>\n<\/div>\n\n\n\n<div class=\"wp-block-uagb-container uagb-block-0fdfdd58\">\n<div class=\"wp-block-uagb-image uagb-block-1187d32d wp-block-uagb-image--layout-default wp-block-uagb-image--effect-static wp-block-uagb-image--align-none\"><figure class=\"wp-block-uagb-image__figure\"><a class=\"\" href=\"https:\/\/led.amasly.com\/hu_hu\/products\/\" target=\"\" rel=\"noopener\"><img decoding=\"async\" srcset=\"https:\/\/led.amasly.com\/wp-content\/uploads\/2024\/07\/LED-street-light.jpg ,https:\/\/led.amasly.com\/wp-content\/uploads\/2024\/07\/LED-street-light.jpg 780w, https:\/\/led.amasly.com\/wp-content\/uploads\/2024\/07\/LED-street-light.jpg 360w\" sizes=\"auto, (max-width: 480px) 150px\" src=\"https:\/\/led.amasly.com\/wp-content\/uploads\/2024\/07\/LED-street-light.jpg\" alt=\"\" class=\"uag-image-1145\" width=\"300\" height=\"300\" title=\"LED-es utcai l\u00e1mp\u00e1k\" loading=\"lazy\" role=\"img\"><\/a><\/figure><\/div>\n<\/div>\n<\/div><\/div>\n\n\n\n<div class=\"wp-block-uagb-container uagb-block-6a60882c alignfull uagb-is-root-container\"><div class=\"uagb-container-inner-blocks-wrap\">\n<div class=\"wp-block-uagb-container uagb-block-f1e91a35\">\n<h4 class=\"wp-block-heading has-text-align-center\"><a href=\"https:\/\/led.amasly.com\/hu_hu\/products\/\">LED \u00e1rv\u00edzf\u00e9nyek<\/a><\/h4>\n<\/div>\n\n\n\n<div class=\"wp-block-uagb-container uagb-block-165bfa58\">\n<h4 class=\"wp-block-heading has-text-align-center\"><a href=\"https:\/\/led.amasly.com\/hu_hu\/products\/\">LED Tri-Proof cs\u0151f\u00e9nyek<\/a><\/h4>\n<\/div>\n\n\n\n<div class=\"wp-block-uagb-container uagb-block-f6096e3b\">\n<h4 class=\"wp-block-heading has-text-align-center\"><a href=\"https:\/\/led.amasly.com\/hu_hu\/products\/\">LED utcai l\u00e1mp\u00e1k<\/a><\/h4>\n<\/div>\n<\/div><\/div>\n\n\n\n<div class=\"wp-block-uagb-container uagb-block-99c0e0a5 alignfull uagb-is-root-container\"><div class=\"uagb-container-inner-blocks-wrap\"><\/div><\/div>\n\n\n\n<p><\/p>","protected":false},"excerpt":{"rendered":"<p>Are led lights explosion proof lights ? Are led lights explosion proof?\uff1aAnswers to questions about ordinary lights and\u00a0explosion proof\u00a0lights: The questions \u201cis led lighting explosion proof?\u201d, \u201care all led lights&nbsp;explosion proof?\u201d, \u201cAre LED lights considered&nbsp;explosion proof?\u201d and &#8220;What is the difference between LED lights and ordinary LED lights? are all LED lights&nbsp;explosion proof?\u201c, \u201dAre LED [&hellip;]<\/p>\n","protected":false},"author":1,"featured_media":0,"parent":2374,"menu_order":0,"comment_status":"closed","ping_status":"closed","template":"","meta":{"_uag_custom_page_level_css":"","site-sidebar-layout":"no-sidebar","site-content-layout":"","ast-site-content-layout":"default","site-content-style":"default","site-sidebar-style":"default","ast-global-header-display":"","ast-banner-title-visibility":"","ast-main-header-display":"","ast-hfb-above-header-display":"","ast-hfb-below-header-display":"","ast-hfb-mobile-header-display":"","site-post-title":"disabled","ast-breadcrumbs-content":"","ast-featured-img":"","footer-sml-layout":"","ast-disable-related-posts":"","theme-transparent-header-meta":"enabled","adv-header-id-meta":"","stick-header-meta":"","header-above-stick-meta":"","header-main-stick-meta":"","header-below-stick-meta":"","astra-migrate-meta-layouts":"set","ast-page-background-enabled":"default","ast-page-background-meta":{"desktop":{"background-color":"var(--ast-global-color-4)","background-image":"","background-repeat":"repeat","background-position":"center center","background-size":"auto","background-attachment":"scroll","background-type":"","background-media":"","overlay-type":"","overlay-color":"","overlay-opacity":"","overlay-gradient":""},"tablet":{"background-color":"","background-image":"","background-repeat":"repeat","background-position":"center center","background-size":"auto","background-attachment":"scroll","background-type":"","background-media":"","overlay-type":"","overlay-color":"","overlay-opacity":"","overlay-gradient":""},"mobile":{"background-color":"","background-image":"","background-repeat":"repeat","background-position":"center center","background-size":"auto","background-attachment":"scroll","background-type":"","background-media":"","overlay-type":"","overlay-color":"","overlay-opacity":"","overlay-gradient":""}},"ast-content-background-meta":{"desktop":{"background-color":"var(--ast-global-color-5)","background-image":"","background-repeat":"repeat","background-position":"center center","background-size":"auto","background-attachment":"scroll","background-type":"","background-media":"","overlay-type":"","overlay-color":"","overlay-opacity":"","overlay-gradient":""},"tablet":{"background-color":"var(--ast-global-color-5)","background-image":"","background-repeat":"repeat","background-position":"center center","background-size":"auto","background-attachment":"scroll","background-type":"","background-media":"","overlay-type":"","overlay-color":"","overlay-opacity":"","overlay-gradient":""},"mobile":{"background-color":"var(--ast-global-color-5)","background-image":"","background-repeat":"repeat","background-position":"center center","background-size":"auto","background-attachment":"scroll","background-type":"","background-media":"","overlay-type":"","overlay-color":"","overlay-opacity":"","overlay-gradient":""}},"footnotes":""},"class_list":["post-2968","page","type-page","status-publish","hentry"],"uagb_featured_image_src":{"full":false,"thumbnail":false,"medium":false,"medium_large":false,"large":false,"1536x1536":false,"2048x2048":false,"trp-custom-language-flag":false},"uagb_author_info":{"display_name":"Joe","author_link":"https:\/\/led.amasly.com\/hu_hu\/author\/jacklin\/"},"uagb_comment_info":0,"uagb_excerpt":"Are led lights explosion proof lights ? Are led lights explosion proof?\uff1aAnswers to questions about ordinary lights and\u00a0explosion proof\u00a0lights: The questions \u201cis led lighting explosion proof?\u201d, \u201care all led lights&nbsp;explosion proof?\u201d, \u201cAre LED lights considered&nbsp;explosion proof?\u201d and &#8220;What is the difference between LED lights and ordinary LED lights? are all LED lights&nbsp;explosion proof?\u201c, \u201dAre LED&hellip;","_links":{"self":[{"href":"https:\/\/led.amasly.com\/hu_hu\/wp-json\/wp\/v2\/pages\/2968","targetHints":{"allow":["GET"]}}],"collection":[{"href":"https:\/\/led.amasly.com\/hu_hu\/wp-json\/wp\/v2\/pages"}],"about":[{"href":"https:\/\/led.amasly.com\/hu_hu\/wp-json\/wp\/v2\/types\/page"}],"author":[{"embeddable":true,"href":"https:\/\/led.amasly.com\/hu_hu\/wp-json\/wp\/v2\/users\/1"}],"replies":[{"embeddable":true,"href":"https:\/\/led.amasly.com\/hu_hu\/wp-json\/wp\/v2\/comments?post=2968"}],"version-history":[{"count":2,"href":"https:\/\/led.amasly.com\/hu_hu\/wp-json\/wp\/v2\/pages\/2968\/revisions"}],"predecessor-version":[{"id":4727,"href":"https:\/\/led.amasly.com\/hu_hu\/wp-json\/wp\/v2\/pages\/2968\/revisions\/4727"}],"up":[{"embeddable":true,"href":"https:\/\/led.amasly.com\/hu_hu\/wp-json\/wp\/v2\/pages\/2374"}],"wp:attachment":[{"href":"https:\/\/led.amasly.com\/hu_hu\/wp-json\/wp\/v2\/media?parent=2968"}],"curies":[{"name":"wp","href":"https:\/\/api.w.org\/{rel}","templated":true}]}}