{"id":2251,"date":"2025-03-05T22:08:19","date_gmt":"2025-03-05T14:08:19","guid":{"rendered":"https:\/\/led.amasly.com\/?page_id=2251"},"modified":"2026-01-22T13:15:51","modified_gmt":"2026-01-22T05:15:51","slug":"outdoor-emergency-lighting-solutions","status":"publish","type":"page","link":"https:\/\/led.amasly.com\/hu_hu\/solutions\/outdoor-emergency-lighting-solutions\/","title":{"rendered":"K\u00fclt\u00e9ri v\u00e9szvil\u00e1g\u00edt\u00e1si megold\u00e1sok"},"content":{"rendered":"<div class=\"wp-block-uagb-container uagb-block-27bae773 alignfull uagb-is-root-container\"><div class=\"uagb-container-inner-blocks-wrap\"><\/div><\/div>\n\n\n\n<h1 class=\"wp-block-heading has-text-align-center\">K\u00fclt\u00e9ri v\u00e9szhelyzet<strong> Vil\u00e1g\u00edt\u00e1si megold\u00e1sok<\/strong><\/h1>\n\n\n\n<h2 class=\"wp-block-heading\"><strong>K\u00fclt\u00e9ri v\u00e9szvil\u00e1g\u00edt\u00e1si megold\u00e1sok Bevezet\u00e9s:<\/strong> <\/h2>\n\n\n\n<p>A v\u00e9szvil\u00e1g\u00edt\u00e1si berendez\u00e9sek, mint a hatalom v\u00e9szhelyzeti \u00e1rtalmatlan\u00edt\u00e1s egy l\u00e9nyeges fajta berendez\u00e9s, a jelenet a v\u00e9szvil\u00e1g\u00edt\u00e1si programtervez\u00e9s, a napi v\u00e9szvil\u00e1g\u00edt\u00e1si berendez\u00e9sek k\u00e9szs\u00e9gek k\u00e9pz\u00e9se, alkalmazkodni a k\u00f6rnyezethez a v\u00e9szvil\u00e1g\u00edt\u00e1si berendez\u00e9sek kutat\u00e1s \u00e9s fejleszt\u00e9s kapcsol\u00f3dik a v\u00e9szvil\u00e1g\u00edt\u00e1si berendez\u00e9sek a v\u00e9szhelyzeti esem\u00e9nyek \u00e1rtalmatlan\u00edt\u00e1s\u00e1ban szerepet j\u00e1tszanak.<\/p>\n\n\n\n<div class=\"wp-block-uagb-image uagb-block-c351aead wp-block-uagb-image--layout-default wp-block-uagb-image--effect-static wp-block-uagb-image--align-none\"><figure class=\"wp-block-uagb-image__figure\"><a class=\"\" href=\"https:\/\/led.amasly.com\/hu_hu\/products\/\" target=\"\" rel=\"noopener\"><img decoding=\"async\" srcset=\"https:\/\/led.amasly.com\/wp-content\/uploads\/2025\/03\/\u56fe\u72471-4.png 625w, https:\/\/led.amasly.com\/wp-content\/uploads\/2025\/03\/\u56fe\u72471-4-250x300.png 250w, https:\/\/led.amasly.com\/wp-content\/uploads\/2025\/03\/\u56fe\u72471-4-10x12.png 10w\" sizes=\"auto, (max-width: 480px) 150px\" src=\"https:\/\/led.amasly.com\/wp-content\/uploads\/2025\/03\/\u56fe\u72471-4.png\" alt=\"\" class=\"uag-image-2259\" width=\"625\" height=\"751\" title=\"\u56fe\u72471\" loading=\"lazy\" role=\"img\"><\/a><\/figure><\/div>\n\n\n\n<p>A katasztr\u00f3fa ut\u00e1n a legfontosabb feladat a gyors ment\u00e9s, az \u00e9let biztons\u00e1g\u00e1nak maximaliz\u00e1l\u00e1sa, ami nem csak a ment\u0151csapat felel\u0151ss\u00e9ge, hanem a k\u00f6z\u00f6ss\u00e9g \u00e1ltal adott k\u00fcldet\u00e9s. A ment\u00e9s a lehet\u0151 leghamarabb az els\u0151 sz\u00e1m\u00fa priorit\u00e1s, ez\u00e9rt elker\u00fclhetetlen, hogy a nappali m\u0171szakos ment\u00e9snek kell lennie, \u00e9s \u00e9jszaka, ha nincs hat\u00e9kony v\u00e9szvil\u00e1g\u00edt\u00e1s, mint garancia, akkor ez biztosan befoly\u00e1solja a ment\u00e9s hat\u00e9konys\u00e1g\u00e1t.<\/p>\n\n\n\n<p>Ennek eredm\u00e9nyek\u00e9nt a term\u00e9szeti katasztr\u00f3f\u00e1k \u00e1ltal okozott helyi hatalom b\u00e9nul\u00e1s, a ment\u00e9s \u00e9s az \u00e1ttelep\u00edt\u00e9s az \u00e1ldozatok egyidej\u0171leg, a sz\u00fcks\u00e9g azonnali helyre\u00e1ll\u00edt\u00e1sa a helyi k\u00e1rokat a villamosenergia-rendszer, a jelenet vil\u00e1g\u00edt\u00e1s kell, hogy nagy f\u00e9nyerej\u0171, besug\u00e1rz\u00e1si ter\u00fclet sz\u00e9les, \u00e9s hi\u00e1ny\u00e1ban a k\u00f6z\u00fczemi energia kell tudni haszn\u00e1lni \u00f6nj\u00e1r\u00f3 form\u00e1ban l\u00e1mp\u00e1k \u00e9s l\u00e1mp\u00e1k, hogy megfeleljen a jelenet a jav\u00edt\u00e1si ig\u00e9nyek.<\/p>\n\n\n\n<div class=\"wp-block-uagb-image uagb-block-ae571b06 wp-block-uagb-image--layout-default wp-block-uagb-image--effect-static wp-block-uagb-image--align-none\"><figure class=\"wp-block-uagb-image__figure\"><img decoding=\"async\" srcset=\"https:\/\/led.amasly.com\/wp-content\/uploads\/2025\/03\/\u56fe\u72472-2.png ,https:\/\/led.amasly.com\/wp-content\/uploads\/2025\/03\/\u56fe\u72472-2.png 780w, https:\/\/led.amasly.com\/wp-content\/uploads\/2025\/03\/\u56fe\u72472-2.png 360w\" sizes=\"auto, (max-width: 480px) 150px\" src=\"https:\/\/led.amasly.com\/wp-content\/uploads\/2025\/03\/\u56fe\u72472-2.png\" alt=\"Outdoor Emergency Lighting Solutions: \" class=\"uag-image-2260\" width=\"759\" height=\"525\" title=\"K\u00fclt\u00e9ri v\u00e9szvil\u00e1g\u00edt\u00e1si megold\u00e1sok: \" loading=\"lazy\" role=\"img\"\/><\/figure><\/div>\n\n\n\n<h2 class=\"wp-block-heading\"><strong>K\u00fclt\u00e9ri v\u00e9szvil\u00e1g\u00edt\u00e1si megold\u00e1sok<\/strong>: <strong>Vil\u00e1g\u00edt\u00e1si funkci\u00f3k v\u00e9szhelyzeti sz\u00fcks\u00e9gletekre<\/strong><\/h2>\n\n\n\n<p>Vil\u00e1g\u00edt\u00e1si megold\u00e1saink kieg\u00e9sz\u00edt\u0151 szolg\u00e1ltat\u00e1sk\u00e9nt hozz\u00e1adott \u00e9rt\u00e9ket jelenthetnek az \u00d6n v\u00e9szhelyzeti reag\u00e1l\u00e1si k\u00f6rnyezet\u00e9ben. Az al\u00e1bbiakban bemutatunk n\u00e9h\u00e1nyat a k\u00fcl\u00f6nb\u00f6z\u0151 v\u00e9szhelyzeti ig\u00e9nyek k\u00f6z\u00fcl, mint p\u00e9ld\u00e1ul a szoci\u00e1lis seg\u00e9lyez\u00e9s, az \u00e1ttelep\u00edt\u00e9s, az \u00e1ramell\u00e1t\u00e1s helyre\u00e1ll\u00edt\u00e1sa \u00e9s a politikai hatalom meg\u0151rz\u00e9se. Az al\u00e1bbiakban r\u00e9szletesen ismertetj\u00fck vil\u00e1g\u00edt\u00f3berendez\u00e9seink megold\u00e1sait \u00e9s el\u0151nyeit.<\/p>\n\n\n\n<h3 class=\"wp-block-heading\"><strong>K\u00fclt\u00e9ri v\u00e9szvil\u00e1g\u00edt\u00e1si megold\u00e1sok<\/strong>: <strong>Szoci\u00e1lis ment\u00e9s<\/strong><\/h3>\n\n\n\n<p>B\u00e1tran v\u00e1llalja a neh\u00e9zs\u00e9geket \u00e9s a vesz\u00e9lyeket, merje v\u00e1llalni a felel\u0151ss\u00e9get. A f\u00e9ny n\u00e9lk\u00fcl\u00f6zhetetlen az \u00e9jszakai v\u00e9szhelyzeti ment\u00e9sben, a szent k\u00fcldet\u00e9st kapja, \u00edgy a l\u00e1mp\u00e1ink \u00e9s l\u00e1mp\u00e1ink nagy f\u00e9nyerej\u0171, k\u00f6nnyen hordozhat\u00f3, hossz\u00fa ideig tart\u00f3 folyamatos haszn\u00e1latra vonatkoz\u00f3 v\u00e9szhelyzeti ment\u00e9si vil\u00e1g\u00edt\u00e1si k\u00f6vetelm\u00e9nyei megfelelnek a k\u00fcl\u00f6nb\u00f6z\u0151 ment\u00e9si helysz\u00edni k\u00f6rnyezet ig\u00e9nyeinek.<\/p>\n\n\n\n<h3 class=\"wp-block-heading\"><strong>K\u00fclt\u00e9ri v\u00e9szvil\u00e1g\u00edt\u00e1si megold\u00e1sok<\/strong>: <strong>Katasztr\u00f3fa \u00e1ldozatainak \u00e1ttelep\u00edt\u00e9se<\/strong><\/h3>\n\n\n\n<p>A ment\u0151helyen a katasztr\u00f3fa \u00e1ttelep\u00edt\u00e9si hely\u00e9nek koncentr\u00e1lt ter\u00fcletet kell biztos\u00edtania az \u00e1ldozatok sz\u00e1m\u00e1ra, hogy \u00e9ljenek, pihenjenek \u00e9s egyenek, amelyet nagysz\u00e1m\u00fa ember\u00e1raml\u00e1s jellemez, \u00e9jszaka csendes k\u00f6rnyezetre van sz\u00fcks\u00e9g, a l\u00e1mp\u00e1knak \u00e9s l\u00e1mp\u00e1knak vil\u00e1gosnak \u00e9s elemmel m\u0171k\u00f6d\u0151nek kell lenni\u00fck, hogy cs\u00f6kkents\u00e9k a zaj \u00e1ltal okozott k\u00e1rokat.<\/p>\n\n\n\n<div class=\"wp-block-uagb-image uagb-block-a93357d5 wp-block-uagb-image--layout-default wp-block-uagb-image--effect-static wp-block-uagb-image--align-none\"><figure class=\"wp-block-uagb-image__figure\"><a class=\"\" href=\"https:\/\/led.amasly.com\/hu_hu\/products\/\" target=\"\" rel=\"noopener\"><img decoding=\"async\" srcset=\"https:\/\/led.amasly.com\/wp-content\/uploads\/2025\/03\/\u56fe\u72473-2.png ,https:\/\/led.amasly.com\/wp-content\/uploads\/2025\/03\/\u56fe\u72473-2.png 780w, https:\/\/led.amasly.com\/wp-content\/uploads\/2025\/03\/\u56fe\u72473-2.png 360w\" sizes=\"auto, (max-width: 480px) 150px\" src=\"https:\/\/led.amasly.com\/wp-content\/uploads\/2025\/03\/\u56fe\u72473-2.png\" alt=\"\" class=\"uag-image-2261\" width=\"760\" height=\"462\" title=\"\u56fe\u72473\" loading=\"lazy\" role=\"img\"><\/a><\/figure><\/div>\n\n\n\n<h3 class=\"wp-block-heading\"><strong>K\u00fclt\u00e9ri v\u00e9szvil\u00e1g\u00edt\u00e1si megold\u00e1sok<\/strong>: <strong>Az \u00e1ramell\u00e1t\u00e1s helyre\u00e1ll\u00edt\u00e1sa<\/strong><\/h3>\n\n\n\n<p>A term\u00e9szeti katasztr\u00f3f\u00e1k okozta helyi hatalom b\u00e9nul\u00e1s, a ment\u00e9s \u00e9s \u00e1ttelep\u00edt\u00e9s az \u00e1ldozatok ugyanakkor, annak sz\u00fcks\u00e9gess\u00e9g\u00e9t, hogy azonnal helyre\u00e1ll\u00edtani a helyi k\u00e1rokat a villamosenergia-rendszer, a helysz\u00edni vil\u00e1g\u00edt\u00e1s kell, hogy nagy f\u00e9nyerej\u0171, besug\u00e1rz\u00e1s ter\u00fclet, \u00e9s hi\u00e1ny\u00e1ban a k\u00f6z\u00fczemi energia kell tudni haszn\u00e1lni \u00f6nj\u00e1r\u00f3 form\u00e1ban l\u00e1mp\u00e1k \u00e9s l\u00e1mp\u00e1k, hogy megfeleljen a jelenet a s\u00fcrg\u0151ss\u00e9gi jav\u00edt\u00e1si ig\u00e9nyek.<\/p>\n\n\n\n<h3 class=\"wp-block-heading\"><strong>K\u00fclt\u00e9ri v\u00e9szvil\u00e1g\u00edt\u00e1si megold\u00e1sok<\/strong>: <strong>Energiav\u00e9delem a nagy esem\u00e9nyekhez<\/strong><\/h3>\n\n\n\n<p>A jelent\u0151s esem\u00e9nyek teljes\u00edtm\u00e9nye annak biztos\u00edt\u00e1s\u00e1ra utal, hogy a fontos tal\u00e1lkoz\u00f3k, jelent\u0151s esem\u00e9nyek, biztons\u00e1gos \u00e9s stabil teljes\u00edtm\u00e9ny, az \u00e9jszakai jelenetben a vil\u00e1g\u00edt\u00e1snak szerepet kell j\u00e1tszania a terrorizmus elleni k\u00fczdelemben, a biztons\u00e1gban, nagy f\u00e9nyer\u0151re, sz\u00e9les besug\u00e1rz\u00e1si ter\u00fcletre van sz\u00fcks\u00e9g, hogy stabiliz\u00e1lja a jelenet biztons\u00e1g\u00e1t.<\/p>\n\n\n\n<p>Szabv\u00e1nyos: <a href=\"http:\/\/www.iec.com\" rel=\"nofollow noopener\" target=\"_blank\">IEC 60598<\/a><\/p>\n\n\n\n<div class=\"wp-block-uagb-container uagb-block-c7d898dd alignfull uagb-is-root-container\"><div class=\"uagb-container-inner-blocks-wrap\"><\/div><\/div>\n\n\n\n<h2 class=\"wp-block-heading\">Kapcsol\u00f3d\u00f3 term\u00e9kek<\/h2>\n\n\n\n<div class=\"wp-block-uagb-container uagb-block-66e4defc alignfull uagb-is-root-container\"><div class=\"uagb-container-inner-blocks-wrap\">\n<div class=\"wp-block-uagb-container uagb-block-a42945f9\">\n<div class=\"wp-block-uagb-image uagb-block-7296296b wp-block-uagb-image--layout-default wp-block-uagb-image--effect-static wp-block-uagb-image--align-none\"><figure class=\"wp-block-uagb-image__figure\"><a class=\"\" href=\"https:\/\/led.amasly.com\/hu_hu\/products\/\" target=\"\" rel=\"noopener\"><img decoding=\"async\" srcset=\"https:\/\/led.amasly.com\/wp-content\/uploads\/2024\/09\/Explosion-proof-high-bay-lights.png ,https:\/\/led.amasly.com\/wp-content\/uploads\/2024\/09\/Explosion-proof-high-bay-lights.png 780w, https:\/\/led.amasly.com\/wp-content\/uploads\/2024\/09\/Explosion-proof-high-bay-lights.png 360w\" sizes=\"auto, (max-width: 480px) 150px\" src=\"https:\/\/led.amasly.com\/wp-content\/uploads\/2024\/09\/Explosion-proof-high-bay-lights.png\" alt=\"\" class=\"uag-image-1495\" width=\"300\" height=\"300\" title=\"Robban\u00e1sbiztos magas \u00f6b\u00f6l f\u00e9nyek\" loading=\"lazy\" role=\"img\"><\/a><\/figure><\/div>\n<\/div>\n\n\n\n<div class=\"wp-block-uagb-container uagb-block-4d3efde5\">\n<div class=\"wp-block-uagb-image uagb-block-c9e90797 wp-block-uagb-image--layout-default wp-block-uagb-image--effect-static wp-block-uagb-image--align-none\"><figure class=\"wp-block-uagb-image__figure\"><a class=\"\" href=\"https:\/\/led.amasly.com\/hu_hu\/products\/\" target=\"\" rel=\"noopener\"><img decoding=\"async\" srcset=\"https:\/\/led.amasly.com\/wp-content\/uploads\/2024\/07\/LED-tri-proof-lights2.png ,https:\/\/led.amasly.com\/wp-content\/uploads\/2024\/07\/LED-tri-proof-lights2.png 780w, https:\/\/led.amasly.com\/wp-content\/uploads\/2024\/07\/LED-tri-proof-lights2.png 360w\" sizes=\"auto, (max-width: 480px) 150px\" src=\"https:\/\/led.amasly.com\/wp-content\/uploads\/2024\/07\/LED-tri-proof-lights2.png\" alt=\"\" class=\"uag-image-1132\" width=\"300\" height=\"300\" title=\"LED-tri-proof-lights2\" loading=\"lazy\" role=\"img\"><\/a><\/figure><\/div>\n<\/div>\n\n\n\n<div class=\"wp-block-uagb-container uagb-block-11c2578b\">\n<div class=\"wp-block-uagb-image uagb-block-6e8883aa wp-block-uagb-image--layout-default wp-block-uagb-image--effect-static wp-block-uagb-image--align-none\"><figure class=\"wp-block-uagb-image__figure\"><a class=\"\" href=\"https:\/\/led.amasly.com\/hu_hu\/products\/\" target=\"\" rel=\"noopener\"><img decoding=\"async\" srcset=\"https:\/\/led.amasly.com\/wp-content\/uploads\/2024\/09\/LED-Explosion-Proof-Gas-Station-Light.png ,https:\/\/led.amasly.com\/wp-content\/uploads\/2024\/09\/LED-Explosion-Proof-Gas-Station-Light.png 780w, https:\/\/led.amasly.com\/wp-content\/uploads\/2024\/09\/LED-Explosion-Proof-Gas-Station-Light.png 360w\" sizes=\"auto, (max-width: 480px) 150px\" src=\"https:\/\/led.amasly.com\/wp-content\/uploads\/2024\/09\/LED-Explosion-Proof-Gas-Station-Light.png\" alt=\"\" class=\"uag-image-1501\" width=\"300\" height=\"300\" title=\"LED robban\u00e1sbiztos benzink\u00fat f\u00e9ny\" loading=\"lazy\" role=\"img\"><\/a><\/figure><\/div>\n<\/div>\n<\/div><\/div>\n\n\n\n<div class=\"wp-block-uagb-container uagb-block-548945b5 alignfull uagb-is-root-container\"><div class=\"uagb-container-inner-blocks-wrap\">\n<div class=\"wp-block-uagb-container uagb-block-967755d5\">\n<h4 class=\"wp-block-heading has-text-align-center\"><a href=\"https:\/\/led.amasly.com\/hu_hu\/products\/\">LED robban\u00e1sbiztos f\u00e9nyek<\/a><\/h4>\n<\/div>\n\n\n\n<div class=\"wp-block-uagb-container uagb-block-9bc52fc2\">\n<h4 class=\"wp-block-heading has-text-align-center\"><a href=\"https:\/\/led.amasly.com\/hu_hu\/products\/\">LED Tri-Proof f\u00e9nyek<\/a><\/h4>\n<\/div>\n\n\n\n<div class=\"wp-block-uagb-container uagb-block-8ffa0a23\">\n<h4 class=\"wp-block-heading has-text-align-center\"><a href=\"https:\/\/led.amasly.com\/hu_hu\/products\/\">Robban\u00e1sbiztos benzink\u00fat f\u00e9nyek<\/a><\/h4>\n<\/div>\n<\/div><\/div>\n\n\n\n<div class=\"wp-block-uagb-container uagb-block-29499fe0 alignfull uagb-is-root-container\"><div class=\"uagb-container-inner-blocks-wrap\">\n<div class=\"wp-block-uagb-container uagb-block-777ee1c7\">\n<div class=\"wp-block-uagb-image uagb-block-2e9a1851 wp-block-uagb-image--layout-default wp-block-uagb-image--effect-static wp-block-uagb-image--align-none\"><figure class=\"wp-block-uagb-image__figure\"><a class=\"\" href=\"https:\/\/led.amasly.com\/hu_hu\/products\/\" target=\"\" rel=\"noopener\"><img decoding=\"async\" srcset=\"https:\/\/led.amasly.com\/wp-content\/uploads\/2024\/10\/50W-100W-150W-200W-300W-LED-Flood-Light.jpg ,https:\/\/led.amasly.com\/wp-content\/uploads\/2024\/10\/50W-100W-150W-200W-300W-LED-Flood-Light.jpg 780w, https:\/\/led.amasly.com\/wp-content\/uploads\/2024\/10\/50W-100W-150W-200W-300W-LED-Flood-Light.jpg 360w\" sizes=\"auto, (max-width: 480px) 150px\" src=\"https:\/\/led.amasly.com\/wp-content\/uploads\/2024\/10\/50W-100W-150W-200W-300W-LED-Flood-Light.jpg\" alt=\"\" class=\"uag-image-1526\" width=\"300\" height=\"300\" title=\"50W 100W 150W 200W 300W LED-es \u00e1rv\u00edzf\u00e9ny\" loading=\"lazy\" role=\"img\"><\/a><\/figure><\/div>\n<\/div>\n\n\n\n<div class=\"wp-block-uagb-container uagb-block-af8c8683\">\n<div class=\"wp-block-uagb-image uagb-block-67947854 wp-block-uagb-image--layout-default wp-block-uagb-image--effect-static wp-block-uagb-image--align-none\"><figure class=\"wp-block-uagb-image__figure\"><a class=\"\" href=\"https:\/\/led.amasly.com\/hu_hu\/products\/\" target=\"\" rel=\"noopener\"><img decoding=\"async\" srcset=\"https:\/\/led.amasly.com\/wp-content\/uploads\/2024\/07\/led-tri-proof-light.png ,https:\/\/led.amasly.com\/wp-content\/uploads\/2024\/07\/led-tri-proof-light.png 780w, https:\/\/led.amasly.com\/wp-content\/uploads\/2024\/07\/led-tri-proof-light.png 360w\" sizes=\"auto, (max-width: 480px) 150px\" src=\"https:\/\/led.amasly.com\/wp-content\/uploads\/2024\/07\/led-tri-proof-light.png\" alt=\"\" class=\"uag-image-1130\" width=\"300\" height=\"300\" title=\"led-tri-proof-light\" loading=\"lazy\" role=\"img\"><\/a><\/figure><\/div>\n<\/div>\n\n\n\n<div class=\"wp-block-uagb-container uagb-block-0fdfdd58\">\n<div class=\"wp-block-uagb-image uagb-block-1187d32d wp-block-uagb-image--layout-default wp-block-uagb-image--effect-static wp-block-uagb-image--align-none\"><figure class=\"wp-block-uagb-image__figure\"><a class=\"\" href=\"https:\/\/led.amasly.com\/hu_hu\/products\/\" target=\"\" rel=\"noopener\"><img decoding=\"async\" srcset=\"https:\/\/led.amasly.com\/wp-content\/uploads\/2024\/07\/LED-street-light.jpg ,https:\/\/led.amasly.com\/wp-content\/uploads\/2024\/07\/LED-street-light.jpg 780w, https:\/\/led.amasly.com\/wp-content\/uploads\/2024\/07\/LED-street-light.jpg 360w\" sizes=\"auto, (max-width: 480px) 150px\" src=\"https:\/\/led.amasly.com\/wp-content\/uploads\/2024\/07\/LED-street-light.jpg\" alt=\"\" class=\"uag-image-1145\" width=\"300\" height=\"300\" title=\"LED-es utcai l\u00e1mp\u00e1k\" loading=\"lazy\" role=\"img\"><\/a><\/figure><\/div>\n<\/div>\n<\/div><\/div>\n\n\n\n<div class=\"wp-block-uagb-container uagb-block-6a60882c alignfull uagb-is-root-container\"><div class=\"uagb-container-inner-blocks-wrap\">\n<div class=\"wp-block-uagb-container uagb-block-f1e91a35\">\n<h4 class=\"wp-block-heading has-text-align-center\"><a href=\"https:\/\/led.amasly.com\/hu_hu\/products\/\">LED \u00e1rv\u00edzf\u00e9nyek<\/a><\/h4>\n<\/div>\n\n\n\n<div class=\"wp-block-uagb-container uagb-block-165bfa58\">\n<h4 class=\"wp-block-heading has-text-align-center\"><a href=\"https:\/\/led.amasly.com\/hu_hu\/products\/\">LED Tri-Proof cs\u0151f\u00e9nyek<\/a><\/h4>\n<\/div>\n\n\n\n<div class=\"wp-block-uagb-container uagb-block-f6096e3b\">\n<h4 class=\"wp-block-heading has-text-align-center\"><a href=\"https:\/\/led.amasly.com\/hu_hu\/products\/\">LED utcai l\u00e1mp\u00e1k<\/a><\/h4>\n<\/div>\n<\/div><\/div>\n\n\n\n<div class=\"wp-block-uagb-container uagb-block-99c0e0a5 alignfull uagb-is-root-container\"><div class=\"uagb-container-inner-blocks-wrap\"><\/div><\/div>","protected":false},"excerpt":{"rendered":"<p>Outdoor Emergency Lighting Solutions Outdoor Emergency Lighting Solutions Introduce: Emergency lighting equipment as a power emergency disposal in an essential kind of equipment, the scene of emergency lighting program design, daily emergency lighting equipment skills training, adapt to the environment of emergency lighting equipment research and development are related to the emergency lighting equipment in [&hellip;]<\/p>\n","protected":false},"author":1,"featured_media":0,"parent":1808,"menu_order":0,"comment_status":"closed","ping_status":"closed","template":"","meta":{"_uag_custom_page_level_css":"","site-sidebar-layout":"no-sidebar","site-content-layout":"","ast-site-content-layout":"default","site-content-style":"default","site-sidebar-style":"default","ast-global-header-display":"","ast-banner-title-visibility":"","ast-main-header-display":"","ast-hfb-above-header-display":"","ast-hfb-below-header-display":"","ast-hfb-mobile-header-display":"","site-post-title":"disabled","ast-breadcrumbs-content":"","ast-featured-img":"","footer-sml-layout":"","ast-disable-related-posts":"","theme-transparent-header-meta":"enabled","adv-header-id-meta":"","stick-header-meta":"","header-above-stick-meta":"","header-main-stick-meta":"","header-below-stick-meta":"","astra-migrate-meta-layouts":"set","ast-page-background-enabled":"default","ast-page-background-meta":{"desktop":{"background-color":"var(--ast-global-color-4)","background-image":"","background-repeat":"repeat","background-position":"center center","background-size":"auto","background-attachment":"scroll","background-type":"","background-media":"","overlay-type":"","overlay-color":"","overlay-opacity":"","overlay-gradient":""},"tablet":{"background-color":"","background-image":"","background-repeat":"repeat","background-position":"center center","background-size":"auto","background-attachment":"scroll","background-type":"","background-media":"","overlay-type":"","overlay-color":"","overlay-opacity":"","overlay-gradient":""},"mobile":{"background-color":"","background-image":"","background-repeat":"repeat","background-position":"center center","background-size":"auto","background-attachment":"scroll","background-type":"","background-media":"","overlay-type":"","overlay-color":"","overlay-opacity":"","overlay-gradient":""}},"ast-content-background-meta":{"desktop":{"background-color":"var(--ast-global-color-5)","background-image":"","background-repeat":"repeat","background-position":"center center","background-size":"auto","background-attachment":"scroll","background-type":"","background-media":"","overlay-type":"","overlay-color":"","overlay-opacity":"","overlay-gradient":""},"tablet":{"background-color":"var(--ast-global-color-5)","background-image":"","background-repeat":"repeat","background-position":"center center","background-size":"auto","background-attachment":"scroll","background-type":"","background-media":"","overlay-type":"","overlay-color":"","overlay-opacity":"","overlay-gradient":""},"mobile":{"background-color":"var(--ast-global-color-5)","background-image":"","background-repeat":"repeat","background-position":"center center","background-size":"auto","background-attachment":"scroll","background-type":"","background-media":"","overlay-type":"","overlay-color":"","overlay-opacity":"","overlay-gradient":""}},"footnotes":""},"class_list":["post-2251","page","type-page","status-publish","hentry"],"uagb_featured_image_src":{"full":false,"thumbnail":false,"medium":false,"medium_large":false,"large":false,"1536x1536":false,"2048x2048":false,"trp-custom-language-flag":false},"uagb_author_info":{"display_name":"Joe","author_link":"https:\/\/led.amasly.com\/hu_hu\/author\/jacklin\/"},"uagb_comment_info":0,"uagb_excerpt":"Outdoor Emergency Lighting Solutions Outdoor Emergency Lighting Solutions Introduce: Emergency lighting equipment as a power emergency disposal in an essential kind of equipment, the scene of emergency lighting program design, daily emergency lighting equipment skills training, adapt to the environment of emergency lighting equipment research and development are related to the emergency lighting equipment in&hellip;","_links":{"self":[{"href":"https:\/\/led.amasly.com\/hu_hu\/wp-json\/wp\/v2\/pages\/2251","targetHints":{"allow":["GET"]}}],"collection":[{"href":"https:\/\/led.amasly.com\/hu_hu\/wp-json\/wp\/v2\/pages"}],"about":[{"href":"https:\/\/led.amasly.com\/hu_hu\/wp-json\/wp\/v2\/types\/page"}],"author":[{"embeddable":true,"href":"https:\/\/led.amasly.com\/hu_hu\/wp-json\/wp\/v2\/users\/1"}],"replies":[{"embeddable":true,"href":"https:\/\/led.amasly.com\/hu_hu\/wp-json\/wp\/v2\/comments?post=2251"}],"version-history":[{"count":2,"href":"https:\/\/led.amasly.com\/hu_hu\/wp-json\/wp\/v2\/pages\/2251\/revisions"}],"predecessor-version":[{"id":4580,"href":"https:\/\/led.amasly.com\/hu_hu\/wp-json\/wp\/v2\/pages\/2251\/revisions\/4580"}],"up":[{"embeddable":true,"href":"https:\/\/led.amasly.com\/hu_hu\/wp-json\/wp\/v2\/pages\/1808"}],"wp:attachment":[{"href":"https:\/\/led.amasly.com\/hu_hu\/wp-json\/wp\/v2\/media?parent=2251"}],"curies":[{"name":"wp","href":"https:\/\/api.w.org\/{rel}","templated":true}]}}