{"id":2250,"date":"2025-03-05T21:59:57","date_gmt":"2025-03-05T13:59:57","guid":{"rendered":"https:\/\/led.amasly.com\/?page_id=2250"},"modified":"2026-01-22T11:30:42","modified_gmt":"2026-01-22T03:30:42","slug":"exhibition-hall-lighting-solutions","status":"publish","type":"page","link":"https:\/\/led.amasly.com\/hu_hu\/solutions\/exhibition-hall-lighting-solutions\/","title":{"rendered":"Ki\u00e1ll\u00edt\u00f3terem vil\u00e1g\u00edt\u00e1si megold\u00e1sok"},"content":{"rendered":"<div class=\"wp-block-uagb-container uagb-block-27bae773 alignfull uagb-is-root-container\"><div class=\"uagb-container-inner-blocks-wrap\"><\/div><\/div>\n\n\n\n<h1 class=\"wp-block-heading has-text-align-center\"><strong>Ki\u00e1ll\u00edt\u00f3terem<\/strong> <strong>Intelligens vil\u00e1g\u00edt\u00e1si megold\u00e1sok<\/strong><\/h1>\n\n\n\n<h2 class=\"wp-block-heading\"><strong>Ki\u00e1ll\u00edt\u00f3terem Vil\u00e1g\u00edt\u00e1si megold\u00e1sok tervez\u00e9se<\/strong><\/h2>\n\n\n\n<p>A ki\u00e1ll\u00edt\u00e1si vil\u00e1g\u00edt\u00e1s fontos szerepet j\u00e1tszik a ki\u00e1ll\u00edt\u00e1si t\u00e1rgyak kiemel\u00e9s\u00e9ben \u00e9s a t\u00e9r hangulat\u00e1nak fokoz\u00e1s\u00e1ban. A ki\u00e1ll\u00edt\u00e1s vil\u00e1g\u00edt\u00e1si tervez\u00e9se h\u00e1rom form\u00e1t foglal mag\u00e1ban: term\u00e9szetes vil\u00e1g\u00edt\u00e1s, mesters\u00e9ges vil\u00e1g\u00edt\u00e1s \u00e9s integr\u00e1lt vil\u00e1g\u00edt\u00e1s. Ami azonban a kereskedelmi ki\u00e1ll\u00edt\u00e1sokat illeti, a r\u00f6vid ki\u00e1ll\u00edt\u00e1si id\u0151szak \u00e9s a magas megvil\u00e1g\u00edt\u00e1si szintre vonatkoz\u00f3 k\u00f6vetelm\u00e9nyek miatt a legt\u00f6bbj\u00fck mesters\u00e9ges vil\u00e1g\u00edt\u00e1st vagy term\u00e9szetes f\u00e9nyt \u00e9s mesters\u00e9ges f\u00e9nyforr\u00e1sokat kombin\u00e1lva k\u00e9tf\u00e9le vil\u00e1g\u00edt\u00e1si form\u00e1t haszn\u00e1l (kiv\u00e9ve a k\u00fclt\u00e9ri ki\u00e1ll\u00edt\u00e1sokat).<\/p>\n\n\n\n<div class=\"wp-block-uagb-image uagb-block-b3f70273 wp-block-uagb-image--layout-default wp-block-uagb-image--effect-static wp-block-uagb-image--align-none\"><figure class=\"wp-block-uagb-image__figure\"><img decoding=\"async\" srcset=\"https:\/\/led.amasly.com\/wp-content\/uploads\/2025\/03\/Exhibition-hall-lighting-2-1024x768.jpg ,https:\/\/led.amasly.com\/wp-content\/uploads\/2025\/03\/Exhibition-hall-lighting-2.jpg 780w, https:\/\/led.amasly.com\/wp-content\/uploads\/2025\/03\/Exhibition-hall-lighting-2.jpg 360w\" sizes=\"auto, (max-width: 480px) 150px\" src=\"https:\/\/led.amasly.com\/wp-content\/uploads\/2025\/03\/Exhibition-hall-lighting-2-1024x768.jpg\" alt=\"Exhibition hall Lighting Solutions\" class=\"uag-image-2255\" width=\"1024\" height=\"768\" title=\"Ki\u00e1ll\u00edt\u00f3terem vil\u00e1g\u00edt\u00e1si megold\u00e1sok\" loading=\"lazy\" role=\"img\"\/><\/figure><\/div>\n\n\n\n<h2 class=\"wp-block-heading\"><strong>1.az alapvet\u0151 k\u00f6vetelm\u00e9nyek <strong>Ki\u00e1ll\u00edt\u00f3terem vil\u00e1g\u00edt\u00e1si megold\u00e1sok<\/strong><\/strong><\/h2>\n\n\n\n<h3 class=\"wp-block-heading\"><strong>1.1 Megvil\u00e1g\u00edt\u00e1s<\/strong><strong><\/strong><\/h3>\n\n\n\n<p>A k\u00fcl\u00f6nb\u00f6z\u0151 kijelz\u0151k k\u00fcl\u00f6nb\u00f6z\u0151 megvil\u00e1g\u00edt\u00e1si \u00e9rt\u00e9keket ig\u00e9nyelnek. P\u00e9ld\u00e1ul az \u00e9lelmiszerek, k\u00fcl\u00f6nf\u00e9le \u00e1ruk, k\u00f6nyvek \u00e9s vir\u00e1gok 100-500 lx; a s\u00f6t\u00e9t text\u00edli\u00e1k, \u00e9kszerek \u00e9s b\u0151r 200-1000 lx; a m\u0171v\u00e9szet 300-500 lx; a g\u00e9pek \u00e9s k\u00e9sz\u00fcl\u00e9kek 100-200 lx.<\/p>\n\n\n\n<h3 class=\"wp-block-heading\"><strong>1.2 F\u00e9nyer\u0151 eloszl\u00e1s<\/strong><strong><\/strong><\/h3>\n\n\n\n<p>A ki\u00e1ll\u00edt\u00e1son a ki\u00e1ll\u00edt\u00e1s t\u00e9m\u00e1j\u00e1nak kell lennie a v\u00edzi\u00f3 legf\u00e9nyesebb r\u00e9sz\u00e9nek. A f\u00e9nyforr\u00e1sok, l\u00e1mp\u00e1k nem vonzz\u00e1k a figyelmet, annak \u00e9rdek\u00e9ben, hogy a k\u00f6z\u00f6ns\u00e9g a ki\u00e1ll\u00edt\u00e1si t\u00e1rgyak megtekint\u00e9s\u00e9re \u00f6sszpontos\u00edthasson. A kiemelend\u0151 ki\u00e1ll\u00edt\u00e1si t\u00e1rgyak eset\u00e9ben gyakran haszn\u00e1lnak helyi vil\u00e1g\u00edt\u00e1st, hogy fokozz\u00e1k a f\u00e9nyer\u0151 kontrasztj\u00e1t a k\u00f6rnyez\u0151 k\u00f6rnyezettel.<\/p>\n\n\n\n<p>A k\u00f6rnyezeti f\u00e9nyer\u0151 eloszl\u00e1sa hat\u00e1rozza meg a k\u00f6z\u00f6ns\u00e9g vizu\u00e1lis alkalmazkod\u00e1s\u00e1t. A k\u00fcl\u00f6nb\u00f6z\u0151 megvil\u00e1g\u00edt\u00e1si szintekkel rendelkez\u0151 ki\u00e1ll\u00edt\u00f3termek k\u00f6z\u00f6tt, k\u00fcl\u00f6n\u00f6sen a folyos\u00f3 r\u00e9szen a ki\u00e1ll\u00edt\u00f3teremben, ahol a f\u00e9ny \u00e9s az \u00e1rny\u00e9k k\u00f6z\u00f6tt elt\u00e9r\u00e9s van, fokozatos \u00e1tmenetet kell biztos\u00edtani a vil\u00e1g\u00edt\u00e1si ter\u00fcletek k\u00f6z\u00f6tt, hogy a k\u00f6z\u00f6ns\u00e9gnek ne legyen hom\u00e1lyos \u00e9rz\u00e9se, amikor a vil\u00e1gos k\u00f6rnyezetb\u0151l a s\u00f6t\u00e9t t\u00e9rbe l\u00e9p, ami cs\u00f6kkenti a n\u00e9z\u0151i \u00e9rdekl\u0151d\u00e9st.<\/p>\n\n\n\n<p>A ki\u00e1ll\u00edt\u00e1si t\u00e1rgyak h\u00e1tt\u00e9rvil\u00e1goss\u00e1ga \u00e9s sz\u00edne ne legyen t\u00falz\u00f3. A ki\u00e1ll\u00edt\u00e1si t\u00e1rgyak \u00e9s a h\u00e1tt\u00e9r f\u00e9nyerej\u00e9nek ar\u00e1nya 1:3 \u00e9s 3:1 k\u00f6z\u00f6tt legyen. A h\u00e1tt\u00e9rnek \u00e1ltal\u00e1ban tompa, sz\u00edntelen (vagy vil\u00e1gos, sz\u00fcrke) kivitel\u0171nek kell lennie.<\/p>\n\n\n\n<div class=\"wp-block-uagb-image uagb-block-99535a38 wp-block-uagb-image--layout-default wp-block-uagb-image--effect-static wp-block-uagb-image--align-none\"><figure class=\"wp-block-uagb-image__figure\"><a class=\"\" href=\"https:\/\/led.amasly.com\/hu_hu\/products\/\" target=\"\" rel=\"noopener\"><img decoding=\"async\" srcset=\"https:\/\/led.amasly.com\/wp-content\/uploads\/2025\/03\/Exhibition-hall-lighting-3-1024x682.jpg ,https:\/\/led.amasly.com\/wp-content\/uploads\/2025\/03\/Exhibition-hall-lighting-3.jpg 780w, https:\/\/led.amasly.com\/wp-content\/uploads\/2025\/03\/Exhibition-hall-lighting-3.jpg 360w\" sizes=\"auto, (max-width: 480px) 150px\" src=\"https:\/\/led.amasly.com\/wp-content\/uploads\/2025\/03\/Exhibition-hall-lighting-3-1024x682.jpg\" alt=\"\" class=\"uag-image-2256\" width=\"1280\" height=\"852\" title=\"Ki\u00e1ll\u00edt\u00f3terem vil\u00e1g\u00edt\u00e1s (3)\" loading=\"lazy\" role=\"img\"><\/a><\/figure><\/div>\n\n\n\n<h3 class=\"wp-block-heading\"><strong>1.3 T\u00fckr\u00f6z\u0151d\u00e9s \u00e9s t\u00fckr\u00f6z\u0151d\u00e9s<\/strong><strong><\/strong><\/h3>\n\n\n\n<p>A ki\u00e1ll\u00edt\u00f3t\u00e9rben nagyon fontos, hogy elker\u00fclj\u00fck a t\u00fckr\u00f6z\u0151d\u00e9s \u00e9s a t\u00fckr\u00f6z\u0151d\u00e9s zavar\u00f3 hat\u00e1s\u00e1t a k\u00f6z\u00f6ns\u00e9gre. Az el\u0151zetes tervez\u00e9si \u00e9s szervez\u00e9si szakaszban gondosan meg kell fontolni az ablakok \u00e9s a l\u00e1mp\u00e1k elhelyez\u00e9s\u00e9t, valamint a ki\u00e1ll\u00edt\u00f3terem megvil\u00e1g\u00edt\u00e1s\u00e1nak eloszl\u00e1s\u00e1t. El\u0151sz\u00f6r is, a k\u00f6zvetlen vak\u00edt\u00f3 f\u00e9nyt meg kell akad\u00e1lyozni, mint p\u00e9ld\u00e1ul a nappali vil\u00e1g\u00edt\u00e1s haszn\u00e1lata, szigor\u00faan meg kell akad\u00e1lyozni a k\u00f6zvetlen napf\u00e9nyt, a mesters\u00e9ges f\u00e9ny vil\u00e1g\u00edt\u00f3 l\u00e1mp\u00e1knak elegend\u0151 \u00e1rny\u00e9kol\u00f3 sz\u00f6ggel kell rendelkezni\u00fck; A m\u00e1sodik a visszaver\u0151d\u00e9si interferencia megakad\u00e1lyoz\u00e1sa. A f\u00e9nyvisszaver\u0151 interferenci\u00e1nak sz\u00e1mos esete van:<\/p>\n\n\n\n<p>(1) A f\u00e9nyforr\u00e1snak a t\u00fck\u00f6r\u00fcvegen vagy m\u00e1s f\u00e9nyes fel\u00fcleten kereszt\u00fcl a k\u00f6z\u00f6ns\u00e9g szem\u00e9be t\u00f6rt\u00e9n\u0151 visszaver\u0151d\u00e9se \u00e1ltal okozott t\u00fckr\u00f6z\u0151d\u00e9s t\u00fckr\u00f6z\u0151d\u00e9s.<\/p>\n\n\n\n<p>(2) A k\u00f6z\u00f6ns\u00e9g vagy m\u00e1s t\u00e1rgyak f\u00e9nyereje nagyobb, mint a ki\u00e1ll\u00edtott fel\u00fclet f\u00e9nyereje, \u00e9s az \u00fcvegen vagy f\u00e9nyes fel\u00fcleten megjelen\u0151 t\u00fckr\u00f6z\u0151d\u0151 k\u00e9p m\u00e1sodlagos t\u00fckr\u00f6z\u0151d\u00e9s.<\/p>\n\n\n\n<p>(3) F\u00e9nyf\u00fcgg\u00f6ny\u00f6k f\u00e9nyvisszaver\u0151d\u00e9sei f\u00e9nyes anyag\u00fa ki\u00e1ll\u00edt\u00e1si t\u00e1rgyakon.<\/p>\n\n\n\n<p>Az egyszeri visszaver\u0151d\u00e9s elker\u00fcl\u00e9se \u00e9rdek\u00e9ben a s\u00edk ki\u00e1ll\u00edt\u00e1si t\u00e1rgyak f\u00e9nyforr\u00e1s\u00e1t a visszaver\u0151d\u00e9si interferenciater\u00fcleten k\u00edv\u00fcl kell elhelyezni. Ha a ki\u00e1ll\u00edt\u00e1si t\u00e1rgyak megvil\u00e1g\u00edt\u00e1sa magasabb lehet, mint a ki\u00e1ll\u00edt\u00f3terem \u00e1ltal\u00e1nos megvil\u00e1g\u00edt\u00e1si szintje \u00e9s a k\u00f6z\u00f6ns\u00e9g ter\u00fclet\u00e9nek megvil\u00e1g\u00edt\u00e1sa, a m\u00e1sodlagos t\u00fckr\u00f6z\u0151d\u00e9s gyeng\u00edthet\u0151.<\/p>\n\n\n\n<h3 class=\"wp-block-heading\"><strong>1.4 A f\u00e9nyforr\u00e1s sz\u00edne<\/strong><strong><\/strong><\/h3>\n\n\n\n<p>A l\u00e1t\u00e1s sz\u00ednadapt\u00e1ci\u00f3j\u00e1nak k\u00f6sz\u00f6nhet\u0151en, ak\u00e1r napos, ak\u00e1r felh\u0151s az id\u0151, am\u00edg elegend\u0151 megvil\u00e1g\u00edt\u00e1s van, a t\u00e1rgy \u00e9rz\u00e9kelt sz\u00edne mindig \u00e1lland\u00f3 marad. Ez\u00e9rt a f\u00e9nyforr\u00e1s sz\u00edne szempontj\u00e1b\u00f3l a term\u00e9szetes f\u00e9ny az ide\u00e1lis f\u00e9nyforr\u00e1s. Ha a mesters\u00e9ges vil\u00e1g\u00edt\u00e1s form\u00e1j\u00e1t haszn\u00e1lj\u00e1k, a ki\u00e1ll\u00edt\u00e1si t\u00e1rgyak eredend\u0151 sz\u00edn\u00e9nek meg\u0151rz\u00e9se \u00e9rdek\u00e9ben a nappali f\u00e9ny sz\u00edn\u0171 f\u00e9nyforr\u00e1s kiv\u00e1laszt\u00e1sa ide\u00e1lis.<\/p>\n\n\n\n<h3 class=\"wp-block-heading\"><strong>1.5 Rugalmass\u00e1g<\/strong><strong><\/strong><\/h3>\n\n\n\n<p>A kereskedelmi ki\u00e1ll\u00edt\u00e1si tev\u00e9kenys\u00e9g viszonylag er\u0151s, r\u00f6vid ciklus\u00fa, ennek a k\u00f6vetelm\u00e9nynek val\u00f3 megfelel\u00e9s \u00e9rdek\u00e9ben a legjobb, ha rugalmas optikai vezet\u0151t \u00e9s spotl\u00e1mp\u00e1kat haszn\u00e1lunk \u00e1ltal\u00e1nos vil\u00e1g\u00edt\u00e1si form\u00e1kkal. A term\u00e9szetes megvil\u00e1g\u00edt\u00e1s\u00fa ki\u00e1ll\u00edt\u00f3teremben a napellenz\u0151 berendez\u00e9s k\u00e9zi vagy automatikus vez\u00e9rl\u00e9s\u00e9nek kell lennie, hogy a f\u00e9ny\u00e1ramot b\u00e1rmikor be\u00e1ll\u00edthassa, amikor a f\u00e9ny v\u00e1ltozik.<\/p>\n\n\n\n<h3 class=\"wp-block-heading\"><strong>1.6 Biztons\u00e1g<\/strong><strong><\/strong><\/h3>\n\n\n\n<p>Figyelmet kell ford\u00edtani a f\u00e9nyforr\u00e1s h\u0151elvezet\u00e9s\u00e9re, \u00e9s a villamosenergia-fogyaszt\u00e1s nem haladhatja meg az \u00e1ramell\u00e1t\u00e1s terhel\u00e9s\u00e9t annak \u00e9rdek\u00e9ben, hogy a ki\u00e1ll\u00edt\u00e1s z\u00f6kken\u0151mentesen \u00e9s biztons\u00e1gosan menjen a menetrend szerint.<\/p>\n\n\n\n<h2 class=\"wp-block-heading\"><strong>2. <strong><strong>Ki\u00e1ll\u00edt\u00f3terem vil\u00e1g\u00edt\u00e1si megold\u00e1sok<\/strong><\/strong> vil\u00e1g\u00edt\u00e1si forma<\/strong><\/h2>\n\n\n\n<p>A ki\u00e1ll\u00edt\u00e1si vil\u00e1g\u00edt\u00e1shoz \u00e1ltal\u00e1nosan haszn\u00e1lt l\u00e1mp\u00e1k az \u00e1ltal\u00e1nos megvil\u00e1g\u00edt\u00e1shoz haszn\u00e1lt izz\u00f3l\u00e1mp\u00e1k, a nappali f\u00e9ny \u00e9s a hideg feh\u00e9r f\u00e9nycs\u00f6vek, amelyeket a fels\u0151 vagy a vitrinhez haszn\u00e1lnak, a kulcsvil\u00e1g\u00edt\u00e1sk\u00e9nt haszn\u00e1lt kis spotl\u00e1mp\u00e1k \u00e9s a hangulat megteremt\u00e9s\u00e9re haszn\u00e1lt sz\u00ednes f\u00e9nyek stb., amelyeket az adott k\u00f6r\u00fclm\u00e9nyeknek megfelel\u0151en kell kiv\u00e1lasztani.<\/p>\n\n\n\n<div class=\"wp-block-uagb-image uagb-block-08bd5d9c wp-block-uagb-image--layout-default wp-block-uagb-image--effect-static wp-block-uagb-image--align-none\"><figure class=\"wp-block-uagb-image__figure\"><a class=\"\" href=\"https:\/\/led.amasly.com\/hu_hu\/products\/\" target=\"\" rel=\"noopener\"><img decoding=\"async\" srcset=\"https:\/\/led.amasly.com\/wp-content\/uploads\/2025\/03\/Exhibition-hall-lighting-1-1024x633.jpg ,https:\/\/led.amasly.com\/wp-content\/uploads\/2025\/03\/Exhibition-hall-lighting-1.jpg 780w, https:\/\/led.amasly.com\/wp-content\/uploads\/2025\/03\/Exhibition-hall-lighting-1.jpg 360w\" sizes=\"auto, (max-width: 480px) 150px\" src=\"https:\/\/led.amasly.com\/wp-content\/uploads\/2025\/03\/Exhibition-hall-lighting-1-1024x633.jpg\" alt=\"\" class=\"uag-image-2257\" width=\"1280\" height=\"791\" title=\"Ki\u00e1ll\u00edt\u00f3terem vil\u00e1g\u00edt\u00e1s (1)\" loading=\"lazy\" role=\"img\"><\/a><\/figure><\/div>\n\n\n\n<p>A ki\u00e1ll\u00edt\u00e1si vil\u00e1g\u00edt\u00e1s form\u00e1i a k\u00f6vetkez\u0151k:<\/p>\n\n\n\n<p>(1). A mennyezet \u00e9s a vitrin l\u00e1mp\u00e1it \u00e9s l\u00e1mp\u00e1it l\u00e1bujjr\u00e1ccsal vagy f\u00e9nyerny\u0151vel (a vitrinben) kell elz\u00e1rni, hogy a f\u00e9ny k\u00f6zvetlen\u00fcl alatta vagy az \u00e1br\u00e1n alulra ker\u00fclj\u00f6n.<\/p>\n\n\n\n<p>(2) A diadoboz oldalfali (s\u00edk vagy \u00edvelt fel\u00fclet\u0171) reflexi\u00f3s vil\u00e1g\u00edt\u00e1st alkalmaz, \u00e9s a f\u00e9nynek egyenletesnek \u00e9s l\u00e1gynak kell lennie.<\/p>\n\n\n\n<p>(3) A fali vitrin a fels\u0151 \u00e9s oldals\u00f3 vegyes vil\u00e1g\u00edt\u00e1st haszn\u00e1lja.<\/p>\n\n\n\n<p>(4) Az elrendez\u00e9s vil\u00e1g\u00edt\u00e1sa k\u00e9sz\u00fclhet r\u00e9svil\u00e1g\u00edt\u00e1sb\u00f3l vagy r\u00e9svil\u00e1g\u00edt\u00e1sb\u00f3l.<\/p>\n\n\n\n<p>(5) A kiemelked\u0151 ki\u00e1ll\u00edt\u00e1si t\u00e1rgyak megvil\u00e1g\u00edt\u00e1s\u00e1ra reflektorokat kell haszn\u00e1lni.<\/p>\n\n\n\n<p>(6) Egy bizonyos hangulat vagy h\u00e1tt\u00e9r megteremt\u00e9se \u00e9rdek\u00e9ben hideg megvil\u00e1g\u00edt\u00e1ssal vagy sz\u00ednes f\u00e9nyekkel lehet megvil\u00e1g\u00edtani.<\/p>\n\n\n\n<p>(7) A tervez\u00e9si k\u00f6vetelm\u00e9nyeknek megfelel\u0151en a vil\u00e1g\u00edt\u00e1si rekl\u00e1m vagy modellez\u00e9s megszervezhet\u0151.<\/p>\n\n\n\n<p><a href=\"http:\/\/www.iec.com\" rel=\"nofollow noopener\" target=\"_blank\">Szabv\u00e1nyos: IEC 60598<\/a><\/p>\n\n\n\n<div class=\"wp-block-uagb-container uagb-block-c7d898dd alignfull uagb-is-root-container\"><div class=\"uagb-container-inner-blocks-wrap\"><\/div><\/div>\n\n\n\n<h2 class=\"wp-block-heading\">Kapcsol\u00f3d\u00f3 term\u00e9kek<\/h2>\n\n\n\n<div class=\"wp-block-uagb-container uagb-block-66e4defc alignfull uagb-is-root-container\"><div class=\"uagb-container-inner-blocks-wrap\">\n<div class=\"wp-block-uagb-container uagb-block-a42945f9\">\n<div class=\"wp-block-uagb-image uagb-block-7296296b wp-block-uagb-image--layout-default wp-block-uagb-image--effect-static wp-block-uagb-image--align-none\"><figure class=\"wp-block-uagb-image__figure\"><a class=\"\" href=\"https:\/\/led.amasly.com\/hu_hu\/products\/\" target=\"\" rel=\"noopener\"><img decoding=\"async\" srcset=\"https:\/\/led.amasly.com\/wp-content\/uploads\/2024\/09\/Explosion-proof-high-bay-lights.png ,https:\/\/led.amasly.com\/wp-content\/uploads\/2024\/09\/Explosion-proof-high-bay-lights.png 780w, https:\/\/led.amasly.com\/wp-content\/uploads\/2024\/09\/Explosion-proof-high-bay-lights.png 360w\" sizes=\"auto, (max-width: 480px) 150px\" src=\"https:\/\/led.amasly.com\/wp-content\/uploads\/2024\/09\/Explosion-proof-high-bay-lights.png\" alt=\"\" class=\"uag-image-1495\" width=\"300\" height=\"300\" title=\"Robban\u00e1sbiztos magas \u00f6b\u00f6l f\u00e9nyek\" loading=\"lazy\" role=\"img\"><\/a><\/figure><\/div>\n<\/div>\n\n\n\n<div class=\"wp-block-uagb-container uagb-block-4d3efde5\">\n<div class=\"wp-block-uagb-image uagb-block-c9e90797 wp-block-uagb-image--layout-default wp-block-uagb-image--effect-static wp-block-uagb-image--align-none\"><figure class=\"wp-block-uagb-image__figure\"><a class=\"\" href=\"https:\/\/led.amasly.com\/hu_hu\/products\/\" target=\"\" rel=\"noopener\"><img decoding=\"async\" srcset=\"https:\/\/led.amasly.com\/wp-content\/uploads\/2024\/07\/LED-tri-proof-lights2.png ,https:\/\/led.amasly.com\/wp-content\/uploads\/2024\/07\/LED-tri-proof-lights2.png 780w, https:\/\/led.amasly.com\/wp-content\/uploads\/2024\/07\/LED-tri-proof-lights2.png 360w\" sizes=\"auto, (max-width: 480px) 150px\" src=\"https:\/\/led.amasly.com\/wp-content\/uploads\/2024\/07\/LED-tri-proof-lights2.png\" alt=\"\" class=\"uag-image-1132\" width=\"300\" height=\"300\" title=\"LED-tri-proof-lights2\" loading=\"lazy\" role=\"img\"><\/a><\/figure><\/div>\n<\/div>\n\n\n\n<div class=\"wp-block-uagb-container uagb-block-11c2578b\">\n<div class=\"wp-block-uagb-image uagb-block-6e8883aa wp-block-uagb-image--layout-default wp-block-uagb-image--effect-static wp-block-uagb-image--align-none\"><figure class=\"wp-block-uagb-image__figure\"><a class=\"\" href=\"https:\/\/led.amasly.com\/hu_hu\/products\/\" target=\"\" rel=\"noopener\"><img decoding=\"async\" srcset=\"https:\/\/led.amasly.com\/wp-content\/uploads\/2024\/09\/LED-Explosion-Proof-Gas-Station-Light.png ,https:\/\/led.amasly.com\/wp-content\/uploads\/2024\/09\/LED-Explosion-Proof-Gas-Station-Light.png 780w, https:\/\/led.amasly.com\/wp-content\/uploads\/2024\/09\/LED-Explosion-Proof-Gas-Station-Light.png 360w\" sizes=\"auto, (max-width: 480px) 150px\" src=\"https:\/\/led.amasly.com\/wp-content\/uploads\/2024\/09\/LED-Explosion-Proof-Gas-Station-Light.png\" alt=\"\" class=\"uag-image-1501\" width=\"300\" height=\"300\" title=\"LED robban\u00e1sbiztos benzink\u00fat f\u00e9ny\" loading=\"lazy\" role=\"img\"><\/a><\/figure><\/div>\n<\/div>\n<\/div><\/div>\n\n\n\n<div class=\"wp-block-uagb-container uagb-block-548945b5 alignfull uagb-is-root-container\"><div class=\"uagb-container-inner-blocks-wrap\">\n<div class=\"wp-block-uagb-container uagb-block-967755d5\">\n<h4 class=\"wp-block-heading has-text-align-center\"><a href=\"https:\/\/led.amasly.com\/hu_hu\/products\/\">LED robban\u00e1sbiztos f\u00e9nyek<\/a><\/h4>\n<\/div>\n\n\n\n<div class=\"wp-block-uagb-container uagb-block-9bc52fc2\">\n<h4 class=\"wp-block-heading has-text-align-center\"><a href=\"https:\/\/led.amasly.com\/hu_hu\/products\/\">LED Tri-Proof f\u00e9nyek<\/a><\/h4>\n<\/div>\n\n\n\n<div class=\"wp-block-uagb-container uagb-block-8ffa0a23\">\n<h4 class=\"wp-block-heading has-text-align-center\"><a href=\"https:\/\/led.amasly.com\/hu_hu\/products\/\">Robban\u00e1sbiztos benzink\u00fat f\u00e9nyek<\/a><\/h4>\n<\/div>\n<\/div><\/div>\n\n\n\n<div class=\"wp-block-uagb-container uagb-block-29499fe0 alignfull uagb-is-root-container\"><div class=\"uagb-container-inner-blocks-wrap\">\n<div class=\"wp-block-uagb-container uagb-block-777ee1c7\">\n<div class=\"wp-block-uagb-image uagb-block-2e9a1851 wp-block-uagb-image--layout-default wp-block-uagb-image--effect-static wp-block-uagb-image--align-none\"><figure class=\"wp-block-uagb-image__figure\"><a class=\"\" href=\"https:\/\/led.amasly.com\/hu_hu\/products\/\" target=\"\" rel=\"noopener\"><img decoding=\"async\" srcset=\"https:\/\/led.amasly.com\/wp-content\/uploads\/2024\/10\/50W-100W-150W-200W-300W-LED-Flood-Light.jpg ,https:\/\/led.amasly.com\/wp-content\/uploads\/2024\/10\/50W-100W-150W-200W-300W-LED-Flood-Light.jpg 780w, https:\/\/led.amasly.com\/wp-content\/uploads\/2024\/10\/50W-100W-150W-200W-300W-LED-Flood-Light.jpg 360w\" sizes=\"auto, (max-width: 480px) 150px\" src=\"https:\/\/led.amasly.com\/wp-content\/uploads\/2024\/10\/50W-100W-150W-200W-300W-LED-Flood-Light.jpg\" alt=\"\" class=\"uag-image-1526\" width=\"300\" height=\"300\" title=\"50W 100W 150W 200W 300W LED-es \u00e1rv\u00edzf\u00e9ny\" loading=\"lazy\" role=\"img\"><\/a><\/figure><\/div>\n<\/div>\n\n\n\n<div class=\"wp-block-uagb-container uagb-block-af8c8683\">\n<div class=\"wp-block-uagb-image uagb-block-67947854 wp-block-uagb-image--layout-default wp-block-uagb-image--effect-static wp-block-uagb-image--align-none\"><figure class=\"wp-block-uagb-image__figure\"><a class=\"\" href=\"https:\/\/led.amasly.com\/hu_hu\/products\/\" target=\"\" rel=\"noopener\"><img decoding=\"async\" srcset=\"https:\/\/led.amasly.com\/wp-content\/uploads\/2024\/07\/led-tri-proof-light.png ,https:\/\/led.amasly.com\/wp-content\/uploads\/2024\/07\/led-tri-proof-light.png 780w, https:\/\/led.amasly.com\/wp-content\/uploads\/2024\/07\/led-tri-proof-light.png 360w\" sizes=\"auto, (max-width: 480px) 150px\" src=\"https:\/\/led.amasly.com\/wp-content\/uploads\/2024\/07\/led-tri-proof-light.png\" alt=\"\" class=\"uag-image-1130\" width=\"300\" height=\"300\" title=\"led-tri-proof-light\" loading=\"lazy\" role=\"img\"><\/a><\/figure><\/div>\n<\/div>\n\n\n\n<div class=\"wp-block-uagb-container uagb-block-0fdfdd58\">\n<div class=\"wp-block-uagb-image uagb-block-1187d32d wp-block-uagb-image--layout-default wp-block-uagb-image--effect-static wp-block-uagb-image--align-none\"><figure class=\"wp-block-uagb-image__figure\"><a class=\"\" href=\"https:\/\/led.amasly.com\/hu_hu\/products\/\" target=\"\" rel=\"noopener\"><img decoding=\"async\" srcset=\"https:\/\/led.amasly.com\/wp-content\/uploads\/2024\/07\/LED-street-light.jpg ,https:\/\/led.amasly.com\/wp-content\/uploads\/2024\/07\/LED-street-light.jpg 780w, https:\/\/led.amasly.com\/wp-content\/uploads\/2024\/07\/LED-street-light.jpg 360w\" sizes=\"auto, (max-width: 480px) 150px\" src=\"https:\/\/led.amasly.com\/wp-content\/uploads\/2024\/07\/LED-street-light.jpg\" alt=\"\" class=\"uag-image-1145\" width=\"300\" height=\"300\" title=\"LED-es utcai l\u00e1mp\u00e1k\" loading=\"lazy\" role=\"img\"><\/a><\/figure><\/div>\n<\/div>\n<\/div><\/div>\n\n\n\n<div class=\"wp-block-uagb-container uagb-block-6a60882c alignfull uagb-is-root-container\"><div class=\"uagb-container-inner-blocks-wrap\">\n<div class=\"wp-block-uagb-container uagb-block-f1e91a35\">\n<h4 class=\"wp-block-heading has-text-align-center\"><a href=\"https:\/\/led.amasly.com\/hu_hu\/products\/\">LED \u00e1rv\u00edzf\u00e9nyek<\/a><\/h4>\n<\/div>\n\n\n\n<div class=\"wp-block-uagb-container uagb-block-165bfa58\">\n<h4 class=\"wp-block-heading has-text-align-center\"><a href=\"https:\/\/led.amasly.com\/hu_hu\/products\/\">LED Tri-Proof cs\u0151f\u00e9nyek<\/a><\/h4>\n<\/div>\n\n\n\n<div class=\"wp-block-uagb-container uagb-block-f6096e3b\">\n<h4 class=\"wp-block-heading has-text-align-center\"><a href=\"https:\/\/led.amasly.com\/hu_hu\/products\/\">LED utcai l\u00e1mp\u00e1k<\/a><\/h4>\n<\/div>\n<\/div><\/div>\n\n\n\n<div class=\"wp-block-uagb-container uagb-block-99c0e0a5 alignfull uagb-is-root-container\"><div class=\"uagb-container-inner-blocks-wrap\"><\/div><\/div>","protected":false},"excerpt":{"rendered":"<p>Exhibition hall Intelligent Lighting Solutions Exhibition hall Lighting Solutions design Exhibition lighting plays an important role in highlighting exhibits and enhancing the atmosphere of the space. The lighting design of the exhibition includes three forms of natural lighting, artificial lighting and integrated lighting. However, as far as commercial exhibitions are concerned, because of their short [&hellip;]<\/p>\n","protected":false},"author":1,"featured_media":0,"parent":1808,"menu_order":0,"comment_status":"closed","ping_status":"closed","template":"","meta":{"_uag_custom_page_level_css":"","site-sidebar-layout":"no-sidebar","site-content-layout":"","ast-site-content-layout":"default","site-content-style":"default","site-sidebar-style":"default","ast-global-header-display":"","ast-banner-title-visibility":"","ast-main-header-display":"","ast-hfb-above-header-display":"","ast-hfb-below-header-display":"","ast-hfb-mobile-header-display":"","site-post-title":"disabled","ast-breadcrumbs-content":"","ast-featured-img":"","footer-sml-layout":"","ast-disable-related-posts":"","theme-transparent-header-meta":"enabled","adv-header-id-meta":"","stick-header-meta":"","header-above-stick-meta":"","header-main-stick-meta":"","header-below-stick-meta":"","astra-migrate-meta-layouts":"set","ast-page-background-enabled":"default","ast-page-background-meta":{"desktop":{"background-color":"var(--ast-global-color-4)","background-image":"","background-repeat":"repeat","background-position":"center center","background-size":"auto","background-attachment":"scroll","background-type":"","background-media":"","overlay-type":"","overlay-color":"","overlay-opacity":"","overlay-gradient":""},"tablet":{"background-color":"","background-image":"","background-repeat":"repeat","background-position":"center center","background-size":"auto","background-attachment":"scroll","background-type":"","background-media":"","overlay-type":"","overlay-color":"","overlay-opacity":"","overlay-gradient":""},"mobile":{"background-color":"","background-image":"","background-repeat":"repeat","background-position":"center center","background-size":"auto","background-attachment":"scroll","background-type":"","background-media":"","overlay-type":"","overlay-color":"","overlay-opacity":"","overlay-gradient":""}},"ast-content-background-meta":{"desktop":{"background-color":"var(--ast-global-color-5)","background-image":"","background-repeat":"repeat","background-position":"center center","background-size":"auto","background-attachment":"scroll","background-type":"","background-media":"","overlay-type":"","overlay-color":"","overlay-opacity":"","overlay-gradient":""},"tablet":{"background-color":"var(--ast-global-color-5)","background-image":"","background-repeat":"repeat","background-position":"center center","background-size":"auto","background-attachment":"scroll","background-type":"","background-media":"","overlay-type":"","overlay-color":"","overlay-opacity":"","overlay-gradient":""},"mobile":{"background-color":"var(--ast-global-color-5)","background-image":"","background-repeat":"repeat","background-position":"center center","background-size":"auto","background-attachment":"scroll","background-type":"","background-media":"","overlay-type":"","overlay-color":"","overlay-opacity":"","overlay-gradient":""}},"footnotes":""},"class_list":["post-2250","page","type-page","status-publish","hentry"],"uagb_featured_image_src":{"full":false,"thumbnail":false,"medium":false,"medium_large":false,"large":false,"1536x1536":false,"2048x2048":false,"trp-custom-language-flag":false},"uagb_author_info":{"display_name":"Joe","author_link":"https:\/\/led.amasly.com\/hu_hu\/author\/jacklin\/"},"uagb_comment_info":0,"uagb_excerpt":"Exhibition hall Intelligent Lighting Solutions Exhibition hall Lighting Solutions design Exhibition lighting plays an important role in highlighting exhibits and enhancing the atmosphere of the space. The lighting design of the exhibition includes three forms of natural lighting, artificial lighting and integrated lighting. However, as far as commercial exhibitions are concerned, because of their short&hellip;","_links":{"self":[{"href":"https:\/\/led.amasly.com\/hu_hu\/wp-json\/wp\/v2\/pages\/2250","targetHints":{"allow":["GET"]}}],"collection":[{"href":"https:\/\/led.amasly.com\/hu_hu\/wp-json\/wp\/v2\/pages"}],"about":[{"href":"https:\/\/led.amasly.com\/hu_hu\/wp-json\/wp\/v2\/types\/page"}],"author":[{"embeddable":true,"href":"https:\/\/led.amasly.com\/hu_hu\/wp-json\/wp\/v2\/users\/1"}],"replies":[{"embeddable":true,"href":"https:\/\/led.amasly.com\/hu_hu\/wp-json\/wp\/v2\/comments?post=2250"}],"version-history":[{"count":2,"href":"https:\/\/led.amasly.com\/hu_hu\/wp-json\/wp\/v2\/pages\/2250\/revisions"}],"predecessor-version":[{"id":4560,"href":"https:\/\/led.amasly.com\/hu_hu\/wp-json\/wp\/v2\/pages\/2250\/revisions\/4560"}],"up":[{"embeddable":true,"href":"https:\/\/led.amasly.com\/hu_hu\/wp-json\/wp\/v2\/pages\/1808"}],"wp:attachment":[{"href":"https:\/\/led.amasly.com\/hu_hu\/wp-json\/wp\/v2\/media?parent=2250"}],"curies":[{"name":"wp","href":"https:\/\/api.w.org\/{rel}","templated":true}]}}