{"id":1992,"date":"2025-02-25T20:52:31","date_gmt":"2025-02-25T12:52:31","guid":{"rendered":"https:\/\/led.amasly.com\/?page_id=1992"},"modified":"2026-01-22T13:48:29","modified_gmt":"2026-01-22T05:48:29","slug":"underground-parking-lots-lighting-solution","status":"publish","type":"page","link":"https:\/\/led.amasly.com\/hu_hu\/solutions\/underground-parking-lots-lighting-solution\/","title":{"rendered":"F\u00f6ldalatti parkol\u00f3helyek vil\u00e1g\u00edt\u00e1si megold\u00e1sa"},"content":{"rendered":"<div class=\"wp-block-uagb-container uagb-block-27bae773 alignfull uagb-is-root-container\"><div class=\"uagb-container-inner-blocks-wrap\"><\/div><\/div>\n\n\n\n<h1 class=\"wp-block-heading has-text-align-center\">Intelligens f\u00f6ldalatti parkol\u00f3helyek vil\u00e1g\u00edt\u00e1si megold\u00e1sa<\/h1>\n\n\n\n<p class=\"has-medium-font-size\">A hatalmas m\u00e9lygar\u00e1zsban, a 24 \u00f3r\u00e1s nagy ter\u00fclet vil\u00e1g\u00edt\u00e1si ig\u00e9nyeivel szemben, fontos kih\u00edv\u00e1ss\u00e1 v\u00e1lt, hogyan lehet biztos\u00edtani, hogy a gar\u00e1zs j\u00f3l megvil\u00e1g\u00edtott, biztons\u00e1gos \u00e9s energiatakar\u00e9kos legyen egyszerre.<\/p>\n\n\n\n<div class=\"wp-block-uagb-image uagb-block-8b506501 wp-block-uagb-image--layout-default wp-block-uagb-image--effect-static wp-block-uagb-image--align-none\"><figure class=\"wp-block-uagb-image__figure\"><img decoding=\"async\" srcset=\"https:\/\/led.amasly.com\/wp-content\/uploads\/2025\/02\/1-1024x631.jpg ,https:\/\/led.amasly.com\/wp-content\/uploads\/2025\/02\/1.jpg 780w, https:\/\/led.amasly.com\/wp-content\/uploads\/2025\/02\/1.jpg 360w\" sizes=\"auto, (max-width: 480px) 150px\" src=\"https:\/\/led.amasly.com\/wp-content\/uploads\/2025\/02\/1-1024x631.jpg\" alt=\"Underground Parking Lots Lighting Solution\" class=\"uag-image-1993\" width=\"1024\" height=\"631\" title=\"F\u00f6ldalatti parkol\u00f3helyek vil\u00e1g\u00edt\u00e1si megold\u00e1sa\" loading=\"lazy\" role=\"img\"\/><\/figure><\/div>\n\n\n\n<p class=\"has-medium-font-size\">Ugyanezen a napon energiatakar\u00e9kos vil\u00e1g\u00edt\u00e1s k\u00f6zel a piaci kereslet, gondosan tervezett \u00e9s elind\u00edtott n\u00e9gy pince sorozat vil\u00e1g\u00edt\u00e1si megold\u00e1sok, tervezt\u00e9k a k\u00fcl\u00f6nb\u00f6z\u0151 m\u00e9ret\u0171 \u00e9s ig\u00e9nyei a pinc\u00e9ben testre szabott ide\u00e1lis vil\u00e1g\u00edt\u00e1si k\u00f6rnyezet, nem csak a parkol\u00e1si \u00e9lm\u00e9ny fokoz\u00e1sa, hanem a kett\u0151s megtakar\u00edt\u00e1s el\u00e9r\u00e9se a k\u00f6lts\u00e9gek \u00e9s az energia.<\/p>\n\n\n\n<h2 class=\"wp-block-heading\">El\u0151sz\u00f6r is, f\u00f6ldalatti parkol\u00f3helyek vil\u00e1g\u00edt\u00e1si megold\u00e1sa: a teljes idej\u0171 hat\u00e9kony vil\u00e1g\u00edt\u00e1si rendszer: parkol\u00f3hely + s\u00e1v hossz\u00fa f\u00e9nycs\u0151<\/h2>\n\n\n\n<p class=\"has-medium-font-size\">A hossz\u00fa ideig tart\u00f3 \u00e9s nagy f\u00e9nyerej\u0171 vil\u00e1g\u00edt\u00e1st ig\u00e9nyl\u0151 alagsorban a parkol\u00f3hely + s\u00e1v teljes k\u00f6r\u0171 hossz\u00fa f\u00e9nyes cs\u0151 haszn\u00e1lata k\u00f6lts\u00e9ghat\u00e9konyabb, \u00e9s az 5-6 wattos alagsori sorozat - ultra-nagy f\u00e9nyerej\u0171 hossz\u00fa f\u00e9nyes cs\u0151 megfelel a piacon l\u00e9v\u0151 18 w-os \u00e9s ann\u00e1l nagyobb energiatakar\u00e9kos l\u00e1mp\u00e1knak, amelyek t\u00f6bb mint 65% energiatakar\u00e9koss\u00e1gi hat\u00e1st \u00e9rhetnek el, mik\u00f6zben biztos\u00edtj\u00e1k a vil\u00e1g\u00edt\u00e1s min\u0151s\u00e9g\u00e9t.<\/p>\n\n\n\n<p class=\"has-medium-font-size\">Ez a program alacsony beruh\u00e1z\u00e1si k\u00f6lts\u00e9ggel, k\u00f6nny\u0171 karbantart\u00e1ssal \u00e9s mind\u00f6ssze 5-6 h\u00f3napos megt\u00e9r\u00fcl\u00e9si id\u0151vel rendelkezik.<\/p>\n\n\n\n<h2 class=\"wp-block-heading\">M\u00e1sodszor, f\u00f6ldalatti parkol\u00f3helyek vil\u00e1g\u00edt\u00e1si megold\u00e1sa: dinamikus intelligens vez\u00e9rl\u00e9s energiatakar\u00e9kos rendszer: parkol\u00f3hely + s\u00e1v teljes k\u00f6r\u0171 radarcs\u0151<\/h2>\n\n\n\n<p class=\"has-medium-font-size\">A dinamikus megvil\u00e1g\u00edt\u00e1st \u00e9s kiv\u00e1lt\u00f3 vil\u00e1g\u00edt\u00e1st ig\u00e9nyl\u0151 alagsorban a parkol\u00f3 + s\u00e1v glob\u00e1lis radarf\u00e9nyek haszn\u00e1lata tov\u00e1bb jav\u00edthatja az energiatakar\u00e9koss\u00e1gi ar\u00e1nyt. 2-6W pince sorozat - ultra-nagy f\u00e9nyhat\u00e9konys\u00e1g\u00fa radarcs\u0151, 5.8G intelligens indukci\u00f3s mikrohull\u00e1m\u00fa radartechnol\u00f3gi\u00e1val felszerelve, lehet\u0151v\u00e9 teszi a f\u00e9ny dinamikusan be\u00e1ll\u00edthat\u00f3 a j\u00e1rm\u0171vel, hogy el\u00e9rje az aut\u00f3 elind\u00edtsa a f\u00e9nyt, az aut\u00f3 t\u00e1vol a f\u00e9ny s\u00f6t\u00e9t intelligens vil\u00e1g\u00edt\u00e1st\u00f3l, ak\u00e1r 70% energiamegtakar\u00edt\u00e1si ar\u00e1ny.<\/p>\n\n\n\n<div class=\"wp-block-uagb-image uagb-block-bae702f6 wp-block-uagb-image--layout-default wp-block-uagb-image--effect-static wp-block-uagb-image--align-none\"><figure class=\"wp-block-uagb-image__figure\"><a class=\"\" href=\"https:\/\/led.amasly.com\/hu_hu\/\" target=\"\" rel=\"noopener\"><img decoding=\"async\" srcset=\"https:\/\/led.amasly.com\/wp-content\/uploads\/2025\/02\/4-1024x576.gif ,https:\/\/led.amasly.com\/wp-content\/uploads\/2025\/02\/4.gif 780w, https:\/\/led.amasly.com\/wp-content\/uploads\/2025\/02\/4.gif 360w\" sizes=\"auto, (max-width: 480px) 150px\" src=\"https:\/\/led.amasly.com\/wp-content\/uploads\/2025\/02\/4-1024x576.gif\" alt=\"\" class=\"uag-image-1994\" width=\"1280\" height=\"720\" title=\"4\" loading=\"lazy\" role=\"img\"><\/a><\/figure><\/div>\n\n\n\n<p class=\"has-medium-font-size\">Ez a megold\u00e1s nem csak a pince vil\u00e1g\u00edt\u00e1si ig\u00e9nyeit egyenl\u00edti ki, hanem nagym\u00e9rt\u00e9kben cs\u00f6kkenti az energiafogyaszt\u00e1st is. B\u00e1r a kezdeti beruh\u00e1z\u00e1s valamivel magasabb, a 6-9 h\u00f3napos megt\u00e9r\u00fcl\u00e9si ciklus bizony\u00edtja a nagy hat\u00e9konys\u00e1got.<\/p>\n\n\n\n<h2 class=\"wp-block-heading\">Harmadszor, f\u00f6ldalatti parkol\u00f3helyek vil\u00e1g\u00edt\u00e1si megold\u00e1sa: AI intelligens vil\u00e1g\u00edt\u00e1si s\u00e9ma: parkol\u00f3hely + s\u00e1v AI intelligens l\u00e1mpa<\/h2>\n\n\n\n<p class=\"has-medium-font-size\">Az alagsorban, ahol az \u00e1ltal\u00e1nos vil\u00e1g\u00edt\u00e1si f\u00e9nyer\u0151nek nem kell magasnak lennie, \u00e9s a kiv\u00e1lt\u00e1si ar\u00e1ny viszonylag alacsony, az alagsor intelligens vil\u00e1g\u00edt\u00e1sa jav\u00edthat\u00f3 a parkol\u00f3hely + s\u00e1v AI intelligens l\u00e1mp\u00e1k haszn\u00e1lat\u00e1val. Pincesorozat - Ultra-nagy f\u00e9nyhat\u00e9konys\u00e1g\u00fa AI l\u00e1mpa 0-18W f\u00e9nyer\u0151-be\u00e1ll\u00edt\u00e1si tartom\u00e1nyban, az alagsor szegment\u00e1lhat\u00f3 \u00e9s id\u0151megoszt\u00e1s a finom kezel\u00e9shez, az ig\u00e9ny szerinti vil\u00e1g\u00edt\u00e1s el\u00e9r\u00e9se \u00e9rdek\u00e9ben, a vil\u00e1g\u00edt\u00e1s b\u00f6lcsess\u00e9g\u00e9nek teljes megjelen\u00edt\u00e9se.<\/p>\n\n\n\n<div class=\"wp-block-uagb-image uagb-block-e809ecd8 wp-block-uagb-image--layout-default wp-block-uagb-image--effect-static wp-block-uagb-image--align-none\"><figure class=\"wp-block-uagb-image__figure\"><img decoding=\"async\" srcset=\"https:\/\/led.amasly.com\/wp-content\/uploads\/2025\/02\/2-1024x576.jpg ,https:\/\/led.amasly.com\/wp-content\/uploads\/2025\/02\/2.jpg 780w, https:\/\/led.amasly.com\/wp-content\/uploads\/2025\/02\/2.jpg 360w\" sizes=\"auto, (max-width: 480px) 150px\" src=\"https:\/\/led.amasly.com\/wp-content\/uploads\/2025\/02\/2-1024x576.jpg\" alt=\"\" class=\"uag-image-1995\" width=\"1440\" height=\"810\" title=\"2\" loading=\"lazy\" role=\"img\"><\/figure><\/div>\n\n\n\n<p class=\"has-medium-font-size\">A program energiamegtakar\u00edt\u00e1si ar\u00e1nya a kiv\u00e1lt\u00e1si ar\u00e1ny szintj\u00e9t\u0151l f\u00fcgg, b\u00e1r a korai beruh\u00e1z\u00e1s magas, de az intelligens vil\u00e1g\u00edt\u00e1si tapasztalat \u00e9s a 8-9 h\u00f3napos beruh\u00e1z\u00e1si megt\u00e9r\u00fcl\u00e9si ciklus k\u00e9ts\u00e9gtelen\u00fcl bizony\u00edtja a hossz\u00fa t\u00e1v\u00fa beruh\u00e1z\u00e1si \u00e9rt\u00e9ket.<\/p>\n\n\n\n<h2 class=\"wp-block-heading\">Negyedik, f\u00f6ldalatti parkol\u00f3helyek vil\u00e1g\u00edt\u00e1si megold\u00e1sa: f\u00e9nyfogyaszt\u00e1si egyens\u00falyi s\u00e9ma: parkol\u00f3 radarcs\u0151 + s\u00e1v hossz\u00fa f\u00e9nyes cs\u0151<\/h2>\n\n\n\n<p class=\"has-medium-font-size\">A f\u00e9nyhat\u00e9konys\u00e1g, az energiatakar\u00e9koss\u00e1g \u00e9s a k\u00f6lts\u00e9gvet\u00e9s bizonyos k\u00f6vetelm\u00e9nyeivel rendelkez\u0151 pinc\u00e9k eset\u00e9ben a parkol\u00f3hely radarcs\u0151 + s\u00e1v hossz\u00fa f\u00e9nycs\u0151 megold\u00e1sa b\u00f6lcs v\u00e1laszt\u00e1s. Az \u00f6sszes parkol\u00f3helyet pincesorozat\u00fa - ultra-nagy f\u00e9nyhat\u00e9konys\u00e1g\u00fa radaros l\u00e1mp\u00e1kkal szerelik fel, az aut\u00f3 6 wattos nagy f\u00e9nyerej\u0171 \u00fczemm\u00f3dot nyit, az aut\u00f3 automatikusan \u00e1tugrik 2 wattos alacsony f\u00e9nyerej\u0171 \u00fczemm\u00f3dba, dinamikus vil\u00e1g\u00edt\u00e1s \u00e9s energiatakar\u00e9koss\u00e1g. Minden s\u00e1vot alagsori sorozat\u00fa - ultra-nagy f\u00e9nyhat\u00e9konys\u00e1g\u00fa hossz\u00fa f\u00e9nyes cs\u00f6vekkel telep\u00edtenek, 5-6w hossz\u00fa f\u00e9nyes cs\u00f6vek mindig f\u00e9nyess\u00e9 tehetik a s\u00e1vokat, jav\u00edtj\u00e1k a parkol\u00e1s biztons\u00e1g\u00e1t \u00e9s k\u00e9nyelm\u00e9t.<\/p>\n\n\n\n<div class=\"wp-block-uagb-image uagb-block-92918285 wp-block-uagb-image--layout-default wp-block-uagb-image--effect-static wp-block-uagb-image--align-none\"><figure class=\"wp-block-uagb-image__figure\"><img decoding=\"async\" srcset=\"https:\/\/led.amasly.com\/wp-content\/uploads\/2025\/02\/3.jpg ,https:\/\/led.amasly.com\/wp-content\/uploads\/2025\/02\/3.jpg 780w, https:\/\/led.amasly.com\/wp-content\/uploads\/2025\/02\/3.jpg 360w\" sizes=\"auto, (max-width: 480px) 150px\" src=\"https:\/\/led.amasly.com\/wp-content\/uploads\/2025\/02\/3.jpg\" alt=\"\" class=\"uag-image-1996\" width=\"660\" height=\"495\" title=\"3\" loading=\"lazy\" role=\"img\"><\/figure><\/div>\n\n\n\n<p class=\"has-medium-font-size\">Ez a program k\u00f6lts\u00e9ghat\u00e9kony, \u00edgy a \u201cnagy f\u00e9nyer\u0151 + alacsony energiafogyaszt\u00e1s + alacsony beruh\u00e1z\u00e1s\u201d alagsori vil\u00e1g\u00edt\u00e1si \u00e1talakul\u00e1s val\u00f3s\u00e1gg\u00e1 v\u00e1lik, az \u00e1tfog\u00f3 energiamegtakar\u00edt\u00e1si ar\u00e1ny el\u00e9rheti a 70%-t, a beruh\u00e1z\u00e1s megt\u00e9r\u00fcl\u00e9si ideje 6-9 h\u00f3nap alatt ellen\u0151rz\u00f6tt, alkalmas mindenf\u00e9le alagsori jelenethez.<\/p>\n\n\n\n<p class=\"has-medium-font-size\">B\u00e1r az alagsori energiatakar\u00e9kos vil\u00e1g\u00edt\u00e1s fel\u00faj\u00edt\u00e1sa bizonyos kezdeti beruh\u00e1z\u00e1st ig\u00e9nyel, hossz\u00fa t\u00e1von a n\u00e9gy f\u0151 alagsori energiatakar\u00e9kos vil\u00e1g\u00edt\u00e1si megold\u00e1s ugyanazon a napon jelent\u0151sen cs\u00f6kkentheti az \u00fczemeltet\u00e9si k\u00f6lts\u00e9geket, gyorsan megt\u00e9r\u00fclhet a beruh\u00e1z\u00e1s, \u00e9s tart\u00f3s k\u00f6rnyezetv\u00e9delmi \u00e9s gazdas\u00e1gi el\u0151ny\u00f6ket hozhat az alagsorban.<\/p>\n\n\n\n<p class=\"has-medium-font-size\">V\u00e1lassza az ugyanazon a napon energiatakar\u00e9kos vil\u00e1g\u00edt\u00e1si sorozatot, nyissa meg az intelligens, energiatakar\u00e9kos \u00e9s hat\u00e9kony pincevil\u00e1g\u00edt\u00e1s \u00faj korszak\u00e1t, \u00e9s hozzon l\u00e9tre egy fenntarthat\u00f3 fejl\u0151d\u00e9si j\u00f6v\u0151t az ingatlangazd\u00e1lkod\u00e1sban.<\/p>\n\n\n\n<p>Szabv\u00e1nyos: <a href=\"http:\/\/www.iec.com\" rel=\"nofollow noopener\" target=\"_blank\">IEC 60598<\/a><\/p>\n\n\n\n<div class=\"wp-block-uagb-container uagb-block-c7d898dd alignfull uagb-is-root-container\"><div class=\"uagb-container-inner-blocks-wrap\"><\/div><\/div>\n\n\n\n<h2 class=\"wp-block-heading\">Kapcsol\u00f3d\u00f3 term\u00e9kek<\/h2>\n\n\n\n<div class=\"wp-block-uagb-container uagb-block-66e4defc alignfull uagb-is-root-container\"><div class=\"uagb-container-inner-blocks-wrap\">\n<div class=\"wp-block-uagb-container uagb-block-a42945f9\">\n<div class=\"wp-block-uagb-image uagb-block-7296296b wp-block-uagb-image--layout-default wp-block-uagb-image--effect-static wp-block-uagb-image--align-none\"><figure class=\"wp-block-uagb-image__figure\"><a class=\"\" href=\"https:\/\/led.amasly.com\/hu_hu\/products\/\" target=\"\" rel=\"noopener\"><img decoding=\"async\" srcset=\"https:\/\/led.amasly.com\/wp-content\/uploads\/2024\/09\/Explosion-proof-high-bay-lights.png ,https:\/\/led.amasly.com\/wp-content\/uploads\/2024\/09\/Explosion-proof-high-bay-lights.png 780w, https:\/\/led.amasly.com\/wp-content\/uploads\/2024\/09\/Explosion-proof-high-bay-lights.png 360w\" sizes=\"auto, (max-width: 480px) 150px\" src=\"https:\/\/led.amasly.com\/wp-content\/uploads\/2024\/09\/Explosion-proof-high-bay-lights.png\" alt=\"\" class=\"uag-image-1495\" width=\"300\" height=\"300\" title=\"Robban\u00e1sbiztos magas \u00f6b\u00f6l f\u00e9nyek\" loading=\"lazy\" role=\"img\"><\/a><\/figure><\/div>\n<\/div>\n\n\n\n<div class=\"wp-block-uagb-container uagb-block-4d3efde5\">\n<div class=\"wp-block-uagb-image uagb-block-c9e90797 wp-block-uagb-image--layout-default wp-block-uagb-image--effect-static wp-block-uagb-image--align-none\"><figure class=\"wp-block-uagb-image__figure\"><a class=\"\" href=\"https:\/\/led.amasly.com\/hu_hu\/products\/\" target=\"\" rel=\"noopener\"><img decoding=\"async\" srcset=\"https:\/\/led.amasly.com\/wp-content\/uploads\/2024\/07\/LED-tri-proof-lights2.png ,https:\/\/led.amasly.com\/wp-content\/uploads\/2024\/07\/LED-tri-proof-lights2.png 780w, https:\/\/led.amasly.com\/wp-content\/uploads\/2024\/07\/LED-tri-proof-lights2.png 360w\" sizes=\"auto, (max-width: 480px) 150px\" src=\"https:\/\/led.amasly.com\/wp-content\/uploads\/2024\/07\/LED-tri-proof-lights2.png\" alt=\"\" class=\"uag-image-1132\" width=\"300\" height=\"300\" title=\"LED-tri-proof-lights2\" loading=\"lazy\" role=\"img\"><\/a><\/figure><\/div>\n<\/div>\n\n\n\n<div class=\"wp-block-uagb-container uagb-block-11c2578b\">\n<div class=\"wp-block-uagb-image uagb-block-6e8883aa wp-block-uagb-image--layout-default wp-block-uagb-image--effect-static wp-block-uagb-image--align-none\"><figure class=\"wp-block-uagb-image__figure\"><a class=\"\" href=\"https:\/\/led.amasly.com\/hu_hu\/products\/\" target=\"\" rel=\"noopener\"><img decoding=\"async\" srcset=\"https:\/\/led.amasly.com\/wp-content\/uploads\/2024\/09\/LED-Explosion-Proof-Gas-Station-Light.png ,https:\/\/led.amasly.com\/wp-content\/uploads\/2024\/09\/LED-Explosion-Proof-Gas-Station-Light.png 780w, https:\/\/led.amasly.com\/wp-content\/uploads\/2024\/09\/LED-Explosion-Proof-Gas-Station-Light.png 360w\" sizes=\"auto, (max-width: 480px) 150px\" src=\"https:\/\/led.amasly.com\/wp-content\/uploads\/2024\/09\/LED-Explosion-Proof-Gas-Station-Light.png\" alt=\"\" class=\"uag-image-1501\" width=\"300\" height=\"300\" title=\"LED robban\u00e1sbiztos benzink\u00fat f\u00e9ny\" loading=\"lazy\" role=\"img\"><\/a><\/figure><\/div>\n<\/div>\n<\/div><\/div>\n\n\n\n<div class=\"wp-block-uagb-container uagb-block-548945b5 alignfull uagb-is-root-container\"><div class=\"uagb-container-inner-blocks-wrap\">\n<div class=\"wp-block-uagb-container uagb-block-967755d5\">\n<h4 class=\"wp-block-heading has-text-align-center\"><a href=\"https:\/\/led.amasly.com\/hu_hu\/products\/\">LED robban\u00e1sbiztos f\u00e9nyek<\/a><\/h4>\n<\/div>\n\n\n\n<div class=\"wp-block-uagb-container uagb-block-9bc52fc2\">\n<h4 class=\"wp-block-heading has-text-align-center\"><a href=\"https:\/\/led.amasly.com\/hu_hu\/products\/\">LED Tri-Proof f\u00e9nyek<\/a><\/h4>\n<\/div>\n\n\n\n<div class=\"wp-block-uagb-container uagb-block-8ffa0a23\">\n<h4 class=\"wp-block-heading has-text-align-center\"><a href=\"https:\/\/led.amasly.com\/hu_hu\/products\/\">Robban\u00e1sbiztos benzink\u00fat f\u00e9nyek<\/a><\/h4>\n<\/div>\n<\/div><\/div>\n\n\n\n<div class=\"wp-block-uagb-container uagb-block-29499fe0 alignfull uagb-is-root-container\"><div class=\"uagb-container-inner-blocks-wrap\">\n<div class=\"wp-block-uagb-container uagb-block-777ee1c7\">\n<div class=\"wp-block-uagb-image uagb-block-2e9a1851 wp-block-uagb-image--layout-default wp-block-uagb-image--effect-static wp-block-uagb-image--align-none\"><figure class=\"wp-block-uagb-image__figure\"><a class=\"\" href=\"https:\/\/led.amasly.com\/hu_hu\/products\/\" target=\"\" rel=\"noopener\"><img decoding=\"async\" srcset=\"https:\/\/led.amasly.com\/wp-content\/uploads\/2024\/10\/50W-100W-150W-200W-300W-LED-Flood-Light.jpg ,https:\/\/led.amasly.com\/wp-content\/uploads\/2024\/10\/50W-100W-150W-200W-300W-LED-Flood-Light.jpg 780w, https:\/\/led.amasly.com\/wp-content\/uploads\/2024\/10\/50W-100W-150W-200W-300W-LED-Flood-Light.jpg 360w\" sizes=\"auto, (max-width: 480px) 150px\" src=\"https:\/\/led.amasly.com\/wp-content\/uploads\/2024\/10\/50W-100W-150W-200W-300W-LED-Flood-Light.jpg\" alt=\"\" class=\"uag-image-1526\" width=\"300\" height=\"300\" title=\"50W 100W 150W 200W 300W LED-es \u00e1rv\u00edzf\u00e9ny\" loading=\"lazy\" role=\"img\"><\/a><\/figure><\/div>\n<\/div>\n\n\n\n<div class=\"wp-block-uagb-container uagb-block-af8c8683\">\n<div class=\"wp-block-uagb-image uagb-block-67947854 wp-block-uagb-image--layout-default wp-block-uagb-image--effect-static wp-block-uagb-image--align-none\"><figure class=\"wp-block-uagb-image__figure\"><a class=\"\" href=\"https:\/\/led.amasly.com\/hu_hu\/products\/\" target=\"\" rel=\"noopener\"><img decoding=\"async\" srcset=\"https:\/\/led.amasly.com\/wp-content\/uploads\/2024\/07\/led-tri-proof-light.png ,https:\/\/led.amasly.com\/wp-content\/uploads\/2024\/07\/led-tri-proof-light.png 780w, https:\/\/led.amasly.com\/wp-content\/uploads\/2024\/07\/led-tri-proof-light.png 360w\" sizes=\"auto, (max-width: 480px) 150px\" src=\"https:\/\/led.amasly.com\/wp-content\/uploads\/2024\/07\/led-tri-proof-light.png\" alt=\"\" class=\"uag-image-1130\" width=\"300\" height=\"300\" title=\"led-tri-proof-light\" loading=\"lazy\" role=\"img\"><\/a><\/figure><\/div>\n<\/div>\n\n\n\n<div class=\"wp-block-uagb-container uagb-block-0fdfdd58\">\n<div class=\"wp-block-uagb-image uagb-block-1187d32d wp-block-uagb-image--layout-default wp-block-uagb-image--effect-static wp-block-uagb-image--align-none\"><figure class=\"wp-block-uagb-image__figure\"><a class=\"\" href=\"https:\/\/led.amasly.com\/hu_hu\/products\/\" target=\"\" rel=\"noopener\"><img decoding=\"async\" srcset=\"https:\/\/led.amasly.com\/wp-content\/uploads\/2024\/07\/LED-street-light.jpg ,https:\/\/led.amasly.com\/wp-content\/uploads\/2024\/07\/LED-street-light.jpg 780w, https:\/\/led.amasly.com\/wp-content\/uploads\/2024\/07\/LED-street-light.jpg 360w\" sizes=\"auto, (max-width: 480px) 150px\" src=\"https:\/\/led.amasly.com\/wp-content\/uploads\/2024\/07\/LED-street-light.jpg\" alt=\"\" class=\"uag-image-1145\" width=\"300\" height=\"300\" title=\"LED-es utcai l\u00e1mp\u00e1k\" loading=\"lazy\" role=\"img\"><\/a><\/figure><\/div>\n<\/div>\n<\/div><\/div>\n\n\n\n<div class=\"wp-block-uagb-container uagb-block-6a60882c alignfull uagb-is-root-container\"><div class=\"uagb-container-inner-blocks-wrap\">\n<div class=\"wp-block-uagb-container uagb-block-f1e91a35\">\n<h4 class=\"wp-block-heading has-text-align-center\"><a href=\"https:\/\/led.amasly.com\/hu_hu\/products\/\">LED \u00e1rv\u00edzf\u00e9nyek<\/a><\/h4>\n<\/div>\n\n\n\n<div class=\"wp-block-uagb-container uagb-block-165bfa58\">\n<h4 class=\"wp-block-heading has-text-align-center\"><a href=\"https:\/\/led.amasly.com\/hu_hu\/products\/\">LED Tri-Proof cs\u0151f\u00e9nyek<\/a><\/h4>\n<\/div>\n\n\n\n<div class=\"wp-block-uagb-container uagb-block-f6096e3b\">\n<h4 class=\"wp-block-heading has-text-align-center\"><a href=\"https:\/\/led.amasly.com\/hu_hu\/products\/\">LED utcai l\u00e1mp\u00e1k<\/a><\/h4>\n<\/div>\n<\/div><\/div>\n\n\n\n<div class=\"wp-block-uagb-container uagb-block-99c0e0a5 alignfull uagb-is-root-container\"><div class=\"uagb-container-inner-blocks-wrap\"><\/div><\/div>\n\n\n\n<p><\/p>","protected":false},"excerpt":{"rendered":"<p>Intelligent Underground Parking Lots Lighting Solution In the huge underground garage space, facing the lighting needs of a large area of 24 hours, how to ensure that the garage is well-lit, safe and energy-efficient at the same time has become an important challenge. The same day energy-saving lighting close to the market demand, carefully designed [&hellip;]<\/p>\n","protected":false},"author":1,"featured_media":0,"parent":1808,"menu_order":0,"comment_status":"closed","ping_status":"closed","template":"","meta":{"_uag_custom_page_level_css":"","site-sidebar-layout":"no-sidebar","site-content-layout":"","ast-site-content-layout":"default","site-content-style":"default","site-sidebar-style":"default","ast-global-header-display":"","ast-banner-title-visibility":"","ast-main-header-display":"","ast-hfb-above-header-display":"","ast-hfb-below-header-display":"","ast-hfb-mobile-header-display":"","site-post-title":"disabled","ast-breadcrumbs-content":"","ast-featured-img":"","footer-sml-layout":"","ast-disable-related-posts":"","theme-transparent-header-meta":"enabled","adv-header-id-meta":"","stick-header-meta":"","header-above-stick-meta":"","header-main-stick-meta":"","header-below-stick-meta":"","astra-migrate-meta-layouts":"set","ast-page-background-enabled":"default","ast-page-background-meta":{"desktop":{"background-color":"var(--ast-global-color-4)","background-image":"","background-repeat":"repeat","background-position":"center center","background-size":"auto","background-attachment":"scroll","background-type":"","background-media":"","overlay-type":"","overlay-color":"","overlay-opacity":"","overlay-gradient":""},"tablet":{"background-color":"","background-image":"","background-repeat":"repeat","background-position":"center center","background-size":"auto","background-attachment":"scroll","background-type":"","background-media":"","overlay-type":"","overlay-color":"","overlay-opacity":"","overlay-gradient":""},"mobile":{"background-color":"","background-image":"","background-repeat":"repeat","background-position":"center center","background-size":"auto","background-attachment":"scroll","background-type":"","background-media":"","overlay-type":"","overlay-color":"","overlay-opacity":"","overlay-gradient":""}},"ast-content-background-meta":{"desktop":{"background-color":"var(--ast-global-color-5)","background-image":"","background-repeat":"repeat","background-position":"center center","background-size":"auto","background-attachment":"scroll","background-type":"","background-media":"","overlay-type":"","overlay-color":"","overlay-opacity":"","overlay-gradient":""},"tablet":{"background-color":"var(--ast-global-color-5)","background-image":"","background-repeat":"repeat","background-position":"center center","background-size":"auto","background-attachment":"scroll","background-type":"","background-media":"","overlay-type":"","overlay-color":"","overlay-opacity":"","overlay-gradient":""},"mobile":{"background-color":"var(--ast-global-color-5)","background-image":"","background-repeat":"repeat","background-position":"center center","background-size":"auto","background-attachment":"scroll","background-type":"","background-media":"","overlay-type":"","overlay-color":"","overlay-opacity":"","overlay-gradient":""}},"footnotes":""},"class_list":["post-1992","page","type-page","status-publish","hentry"],"uagb_featured_image_src":{"full":false,"thumbnail":false,"medium":false,"medium_large":false,"large":false,"1536x1536":false,"2048x2048":false,"trp-custom-language-flag":false},"uagb_author_info":{"display_name":"Joe","author_link":"https:\/\/led.amasly.com\/hu_hu\/author\/jacklin\/"},"uagb_comment_info":0,"uagb_excerpt":"Intelligent Underground Parking Lots Lighting Solution In the huge underground garage space, facing the lighting needs of a large area of 24 hours, how to ensure that the garage is well-lit, safe and energy-efficient at the same time has become an important challenge. The same day energy-saving lighting close to the market demand, carefully designed&hellip;","_links":{"self":[{"href":"https:\/\/led.amasly.com\/hu_hu\/wp-json\/wp\/v2\/pages\/1992","targetHints":{"allow":["GET"]}}],"collection":[{"href":"https:\/\/led.amasly.com\/hu_hu\/wp-json\/wp\/v2\/pages"}],"about":[{"href":"https:\/\/led.amasly.com\/hu_hu\/wp-json\/wp\/v2\/types\/page"}],"author":[{"embeddable":true,"href":"https:\/\/led.amasly.com\/hu_hu\/wp-json\/wp\/v2\/users\/1"}],"replies":[{"embeddable":true,"href":"https:\/\/led.amasly.com\/hu_hu\/wp-json\/wp\/v2\/comments?post=1992"}],"version-history":[{"count":3,"href":"https:\/\/led.amasly.com\/hu_hu\/wp-json\/wp\/v2\/pages\/1992\/revisions"}],"predecessor-version":[{"id":4594,"href":"https:\/\/led.amasly.com\/hu_hu\/wp-json\/wp\/v2\/pages\/1992\/revisions\/4594"}],"up":[{"embeddable":true,"href":"https:\/\/led.amasly.com\/hu_hu\/wp-json\/wp\/v2\/pages\/1808"}],"wp:attachment":[{"href":"https:\/\/led.amasly.com\/hu_hu\/wp-json\/wp\/v2\/media?parent=1992"}],"curies":[{"name":"wp","href":"https:\/\/api.w.org\/{rel}","templated":true}]}}