{"id":1719,"date":"2025-01-16T22:26:18","date_gmt":"2025-01-16T14:26:18","guid":{"rendered":"https:\/\/led.amasly.com\/?page_id=1719"},"modified":"2026-01-18T20:08:50","modified_gmt":"2026-01-18T12:08:50","slug":"6106-2","status":"publish","type":"page","link":"https:\/\/led.amasly.com\/hu_hu\/termekek\/robbanasbiztos-fenyek\/6106-2\/","title":{"rendered":"6106 Robban\u00e1sbiztos hordozhat\u00f3 l\u00e1mp\u00e1k"},"content":{"rendered":"<h2 class=\"wp-block-heading\"><\/h2>\n\n\n\n<p><\/p>\n\n\n\n<h2 class=\"wp-block-heading\"><\/h2>\n\n\n\n<h2 class=\"wp-block-heading\"><\/h2>\n\n\n\n<p><\/p>\n\n\n\n<div class=\"wp-block-uagb-container uagb-block-e407eb08 alignfull uagb-is-root-container\"><div class=\"uagb-container-inner-blocks-wrap\">\n<div class=\"wp-block-uagb-info-box uagb-block-7c0a134c uagb-infobox__content-wrap  uagb-infobox-icon-above-title uagb-infobox-image-valign-top wp-block-uagb-info-box--has-margin\"><div class=\"uagb-infobox-margin-wrapper\"><div class=\"uagb-ifb-content\"><div class=\"uagb-ifb-title-wrap\"><\/div><\/div><\/div><\/div>\n<\/div><\/div>\n\n\n\n<p><\/p>\n\n\n\n<p><\/p>\n\n\n\n<h2 class=\"wp-block-heading\"><\/h2>\n\n\n\n<h1 class=\"wp-block-heading has-text-align-center\">LED robban\u00e1sbiztos hordozhat\u00f3 munkaf\u00e9nyek<\/h1>\n\n\n\n<div class=\"wp-block-uagb-container uagb-block-5d28ec94 default uagb-is-root-container\">\n<div class=\"wp-block-uagb-container uagb-block-462981e6\">\n<div class=\"wp-block-uagb-container uagb-block-6f08c8e4 alignfull uagb-is-root-container\"><div class=\"uagb-container-inner-blocks-wrap\">\n<div class=\"wp-block-uagb-container uagb-block-b229cb92\">\n<h3 class=\"wp-block-heading\">Tartalom<\/h3>\n\n\n\n<div class=\"wp-block-buttons is-layout-flex wp-container-core-buttons-is-layout-45b20515 wp-block-buttons-is-layout-flex\">\n<div class=\"wp-block-button\"><a class=\"wp-block-button__link wp-element-button\" href=\"https:\/\/led.amasly.com\/hu_hu\/termekek\/robbanasbiztos-fenyek\/\">Robban\u00e1sbiztos f\u00e9nyek<\/a><\/div>\n\n\n\n<div class=\"wp-block-button is-style-fill\"><a class=\"wp-block-button__link wp-element-button\" href=\"https:\/\/led.amasly.com\/hu_hu\/termekek\/ex-proof-elektromos-keszulek\/\">Ex-biztos elektromos k\u00e9sz\u00fcl\u00e9k<\/a><\/div>\n\n\n\n<div class=\"wp-block-button\"><a class=\"wp-block-button__link wp-element-button\" href=\"https:\/\/led.amasly.com\/hu_hu\/termekek\/led-tri-proof-feny-2\/\">LED botl\u00e1sbiztos f\u00e9ny<\/a><\/div>\n\n\n\n<div class=\"wp-block-button\"><a class=\"wp-block-button__link wp-element-button\" href=\"https:\/\/led.amasly.com\/hu_hu\/termekek\/vezetett-magas-obol-feny\/\">LED High Bay f\u00e9ny<\/a><\/div>\n\n\n\n<div class=\"wp-block-button\"><a class=\"wp-block-button__link wp-element-button\" href=\"https:\/\/led.amasly.com\/hu_hu\/termekek\/led-reflektorok\/\">LED \u00e1rv\u00edzf\u00e9ny<\/a><\/div>\n\n\n\n<div class=\"wp-block-button\"><a class=\"wp-block-button__link wp-element-button\" href=\"https:\/\/led.amasly.com\/hu_hu\/termekek\/vezetett-utcai-lampak\/\">LED utcai f\u00e9ny<\/a><\/div>\n\n\n\n<div class=\"wp-block-button\"><a class=\"wp-block-button__link wp-element-button\" href=\"https:\/\/led.amasly.com\/hu_hu\/termekek\/napelemes-lampak\/\">LED napelemes f\u00e9ny<\/a><\/div>\n<\/div>\n\n\n\n<h4 class=\"wp-block-heading\"><\/h4>\n\n\n\n<h4 class=\"wp-block-heading\">Kapcsolat<\/h4>\n\n\n\n<ul class=\"wp-block-list\">\n<li>E-mail: sales01@amasly.com<strong> <\/strong>      <\/li>\n\n\n\n<li>Mobil:<strong> <\/strong>+86 13732643699                   <\/li>\n<\/ul>\n<\/div>\n\n\n\n<div class=\"wp-block-columns is-layout-flex wp-container-core-columns-is-layout-28f84493 wp-block-columns-is-layout-flex\">\n<div class=\"wp-block-column is-layout-flow wp-block-column-is-layout-flow\" style=\"flex-basis:100%\">\n<div class=\"wp-block-uagb-container uagb-block-064256a4\">\n<div class=\"wp-block-columns is-layout-flex wp-container-core-columns-is-layout-28f84493 wp-block-columns-is-layout-flex\">\n<div class=\"wp-block-column is-layout-flow wp-block-column-is-layout-flow\" style=\"flex-basis:100%\">\n<div class=\"wp-block-columns is-layout-flex wp-container-core-columns-is-layout-28f84493 wp-block-columns-is-layout-flex\">\n<div class=\"wp-block-column is-layout-flow wp-block-column-is-layout-flow\">\n<div class=\"wp-block-uagb-image uagb-block-f7623661 wp-block-uagb-image--layout-default wp-block-uagb-image--effect-static wp-block-uagb-image--align-none\"><figure class=\"wp-block-uagb-image__figure\"><img decoding=\"async\" srcset=\"https:\/\/led.amasly.com\/wp-content\/uploads\/2024\/09\/Explosion-proof-Portable-Work-Lights.jpg ,https:\/\/led.amasly.com\/wp-content\/uploads\/2024\/09\/Explosion-proof-Portable-Work-Lights.jpg 780w, https:\/\/led.amasly.com\/wp-content\/uploads\/2024\/09\/Explosion-proof-Portable-Work-Lights.jpg 360w\" sizes=\"auto, (max-width: 480px) 150px\" src=\"https:\/\/led.amasly.com\/wp-content\/uploads\/2024\/09\/Explosion-proof-Portable-Work-Lights.jpg\" alt=\"Robban\u00e1sbiztos hordozhat\u00f3 f\u00e9nyek\" class=\"uag-image-1513\" width=\"300\" height=\"300\" title=\"Robban\u00e1sbiztos hordozhat\u00f3 munkal\u00e1mp\u00e1k\" loading=\"lazy\" role=\"img\"\/><\/figure><\/div>\n<\/div>\n\n\n\n<div class=\"wp-block-column is-layout-flow wp-block-column-is-layout-flow\">\n<p>Robban\u00e1sbiztos hordozhat\u00f3 l\u00e1mp\u00e1k Alkalmaz\u00e1si ter\u00fclet<\/p>\n\n\n\n<p>1. sz\u00e9les k\u00f6rben haszn\u00e1lj\u00e1k az olajb\u00e1ny\u00e1szatban, olajfinom\u00edt\u00e1sban, vegyi, katonai \u00e9s egy\u00e9b vesz\u00e9lyes k\u00f6rnyezeti helyeken a gy\u00e1r \u00e9s az \u00fatvil\u00e1g\u00edt\u00e1s vil\u00e1g\u00edt\u00e1s\u00e1ban<\/p>\n\n\n\n<p>2. alkalmas tengerparti, folyami \u00e9s egy\u00e9b sz\u00e9lnyom\u00e1s, sz\u00e9lsebess\u00e9g k\u00f6rnyezetre;<\/p>\n\n\n\n<p>3. alkalmas ezer robban\u00e1svesz\u00e9lyes g\u00e1z k\u00f6rnyezet\u00e9ben az 1. z\u00f3na, 2. z\u00f3na helyeken;<\/p>\n\n\n\n<p>4. alkalmas t\u00f6bb ezer \u00e9ghet\u0151 poros k\u00f6rnyezet 21 z\u00f3na, 22 z\u00f3n\u00e1s helyekre;<\/p>\n\n\n\n<p>5. alkalmas IIA, IIB, IIC robban\u00e1svesz\u00e9lyes g\u00e1zok k\u00f6rnyezet\u00e9ben. I. oszt\u00e1ly, 2. k\u00f6rzet, A, B, C, D csoport.<\/p>\n<\/div>\n<\/div>\n<\/div>\n<\/div>\n\n\n\n<div class=\"wp-block-uagb-container uagb-block-201e76d4\">\n<figure class=\"wp-block-table\"><table><tbody><tr><td>Moel<\/td><td>Teljes\u00edtm\u00e9ny<\/td><td>Ex Mark<\/td><td>IP-ar\u00e1ny<\/td><td>Akkumul\u00e1tor<\/td><td>V\u00e9szhelyzeti id\u0151<\/td><td>Munkaid\u0151<\/td><td>M\u00f3d<\/td><\/tr><tr><td>6106<\/td><td>30W<\/td><td><a href=\"http:\/\/www.iecex-certs.com\/\" rel=\"nofollow noopener\" target=\"_blank\">Ex d IIC T6<\/a><\/td><td>IP66<\/td><td>20000 mAh<\/td><td>16 \u00f3ra<\/td><td>30 \u00f3ra<\/td><td>Er\u0151s f\u00e9ny, Norm\u00e1l             <br>F\u00e9ny, villan\u00f3f\u00e9ny<\/td><\/tr><\/tbody><\/table><\/figure>\n\n\n\n<h2 class=\"wp-block-heading\">6106 Robban\u00e1sbiztos hordozhat\u00f3 l\u00e1mp\u00e1k Jellemz\u0151k:<\/h2>\n\n\n\n<p>Alkalmas az 1&amp;2 z\u00f3n\u00e1ba, 21&amp;22 z\u00f3n\u00e1ba. <\/p>\n\n\n\n<p>Vil\u00e1g\u00edt\u00e1si sz\u00f6g \u00e1ll\u00edthat\u00f3 120 fokban. A f\u00e9nydoboz alja kerekekkel van ell\u00e1tva a k\u00f6nny\u0171 mozgat\u00e1s \u00e9rdek\u00e9ben.<\/p>\n\n\n\n<p>A l\u00e1mpafej 360\u00b0-os elforgat\u00e1ssal \u00e1ll\u00edthat\u00f3, minden ir\u00e1ny\u00fa megvil\u00e1g\u00edt\u00e1s<\/p>\n\n\n\n<p>Haszn\u00e1ljon l\u00e9gszivatty\u00fat vagy k\u00e9zi szelepet az emel\u0151kar vez\u00e9rl\u00e9s\u00e9hez, energiatakar\u00e9kosabban<\/p>\n\n\n\n<p>LED f\u00e9nyforr\u00e1s, hossz\u00fa \u00e9lettartam. <\/p>\n\n\n\n<p>J\u00f3 t\u00f6m\u00edt\u00e9si teljes\u00edtm\u00e9ny, v\u00edz- \u00e9s por\u00e1ll\u00f3 funkci\u00f3. <\/p>\n\n\n\n<p>A gener\u00e1tor-k\u00e9szlet alja \u00fct\u00e9scsillap\u00edt\u00f3 univerz\u00e1lis kerekekkel van felszerelve, amelyek a g\u00f6d\u00f6rben a j\u00e1rd\u00e1n \u00e9s a vas\u00fati s\u00edneken is futhatnak. Kis m\u00e9ret, k\u00f6nny\u0171 s\u00faly, k\u00f6nnyen sz\u00e1ll\u00edthat\u00f3.<\/p>\n<\/div>\n<\/div>\n<\/div>\n<\/div>\n<\/div><\/div>\n<\/div>\n<\/div>\n\n\n\n<h2 class=\"wp-block-heading\"><strong>Amasly Light GYIK<\/strong><\/h2>\n\n\n\n<p><strong>Q1.Can van egy minta rendel\u00e9s a ledes f\u00e9nyhez?<\/strong><strong><\/strong><\/p>\n\n\n\n<p>V: Igen, sz\u00edvesen fogadjuk a minta megrendel\u00e9s\u00e9t a min\u0151s\u00e9g tesztel\u00e9s\u00e9hez \u00e9s ellen\u0151rz\u00e9s\u00e9hez. A vegyes mint\u00e1k elfogadhat\u00f3ak.<\/p>\n\n\n\n<p><strong>Q2.Mi a helyzet az \u00e1tfut\u00e1si id\u0151vel?<\/strong><strong><\/strong><\/p>\n\n\n\n<p>V: A mint\u00e1nak 3-5 napra van sz\u00fcks\u00e9ge, a t\u00f6meggy\u00e1rt\u00e1si id\u0151 1-2 h\u00e9t.<\/p>\n\n\n\n<p><strong>Q3.Do van b\u00e1rmilyen MOQ hat\u00e1r\u00e9rt\u00e9k a ledes k\u00f6nny\u0171 megrendel\u00e9shez?<\/strong><strong><\/strong><\/p>\n\n\n\n<p>V: Alacsony MOQ 1db mintaellen\u0151rz\u00e9sre \u00e1ll rendelkez\u00e9sre.<\/p>\n\n\n\n<p><strong>Q4. Hogyan sz\u00e1ll\u00edtj\u00e1k az \u00e1rut, \u00e9s mennyi id\u0151 alatt \u00e9rkezik meg?<\/strong><strong><\/strong><\/p>\n\n\n\n<p>V: \u00c1ltal\u00e1ban a k\u00f6vetkez\u0151 c\u00edmre sz\u00e1ll\u00edtunk <a href=\"https:\/\/www.dhl.com\" rel=\"nofollow noopener\" target=\"_blank\">DHL<\/a>, UPS, FedEx vagy TNT. \u00c1ltal\u00e1ban 3-5 nap alatt \u00e9rkezik meg. L\u00e9gi vonal \u00e9s tengeri sz\u00e1ll\u00edt\u00e1s is v\u00e1laszthat\u00f3.<\/p>\n\n\n\n<p><strong>Q5. Hogyan kell elj\u00e1rni a ledes f\u00e9ny rendel\u00e9s\u00e9n\u00e9l?<\/strong><strong><\/strong><\/p>\n\n\n\n<p>A:<\/p>\n\n\n\n<p>El\u0151sz\u00f6r is t\u00e1j\u00e9koztasson minket az ig\u00e9nyeir\u0151l vagy alkalmaz\u00e1s\u00e1r\u00f3l.<\/p>\n\n\n\n<p>M\u00e1sodszor, az \u00d6n ig\u00e9nyei vagy javaslataink szerint adunk \u00e1raj\u00e1nlatot.<\/p>\n\n\n\n<p>Harmadszor, az \u00fcgyf\u00e9l meger\u0151s\u00edti a mint\u00e1kat \u00e9s let\u00e9tbe helyezi a hivatalos megrendel\u00e9st.<\/p>\n\n\n\n<p>Negyedszer, megszervezz\u00fck a termel\u00e9st.<\/p>\n\n\n\n<p><strong>Q6.Is rendben van, hogy kinyomtassa a <\/strong><strong>LOGO<\/strong><strong>&nbsp;a ledes f\u00e9ny term\u00e9kre ?<\/strong><strong><\/strong><\/p>\n\n\n\n<p>V: Igen.K\u00e9rj\u00fck, t\u00e1j\u00e9koztasson minket hivatalosan a gy\u00e1rt\u00e1s el\u0151tt, \u00e9s el\u0151sz\u00f6r a mint\u00e1nk alapj\u00e1n er\u0151s\u00edtse meg a tervez\u00e9st.<\/p>\n\n\n\n<p><strong>7. k\u00e9rd\u00e9s: K\u00edn\u00e1l garanci\u00e1t a term\u00e9kekre?<\/strong><strong><\/strong><\/p>\n\n\n\n<p>V: Igen, 2-5 \u00e9v garanci\u00e1t k\u00edn\u00e1lunk term\u00e9keinkre.<\/p>\n\n\n\n<p><strong>8. k\u00e9rd\u00e9s: Hogyan kezelj\u00fck a hib\u00e1sat?<\/strong><strong><\/strong><\/p>\n\n\n\n<p>A:<\/p>\n\n\n\n<p>El\u0151sz\u00f6r is, term\u00e9keink dinstrict min\u0151s\u00e9gellen\u0151rz\u00e9si rendszert \u00e1ll\u00edtanak el\u0151, \u00e9s a hib\u00e1s ar\u00e1ny kevesebb lesz, mint 0,2%<\/p>\n\n\n\n<p>M\u00e1sodszor, a garanci\u00e1lis id\u0151szak alatt alkatr\u00e9szeket biztos\u00edtunk a rossz alkatr\u00e9sz cser\u00e9j\u00e9hez.. T\u00f6meges megrendel\u00e9sek eset\u00e9n a s\u00e9r\u00fcl\u00e9keny alkatr\u00e9szeket el\u0151re biztos\u00edtjuk, vagy a t\u00e9nyleges helyzet alapj\u00e1n megbesz\u00e9lhetj\u00fck a megold\u00e1sokat, bele\u00e9rtve a visszah\u00edv\u00e1sokat is.<\/p>\n\n\n\n<p><strong>9. k\u00e9rd\u00e9s: K\u00e9sz\u00edthet\u00fcnk alacsony fesz\u00fclts\u00e9g\u0171 robban\u00e1sbiztos l\u00e1mp\u00e1kat 12V, 24V, 36V vagy 48V AC\/DC fesz\u00fclts\u00e9ggel? <\/strong><\/p>\n\n\n\n<p>Az Amasly haszn\u00e1lhat\u00f3 mind kisfesz\u00fclts\u00e9g\u0171, mind nagyfesz\u00fclts\u00e9g\u0171 robban\u00e1sbiztos vil\u00e1g\u00edt\u00e1sk\u00e9nt - AC\/DC 12V, 24V, 36V, 48V, AC 85-265V, AC 380V. <\/p>\n\n\n\n<p><strong>Q10: Hozz\u00e1adhat\u00f3ak-e a Robban\u00f3 Puff F\u00e9nyek v\u00e9szhelyzeti elemek? <\/strong><\/p>\n\n\n\n<p>Az Amasly robban\u00e1sbiztos l\u00e1mpa felszerelhet\u0151 v\u00e9szhelyzeti l\u00edtium akkumul\u00e1torokkal. A v\u00e9szhelyzeti id\u0151tartam 90 perc, 120 perc vagy 180 perc. <\/p>\n\n\n\n<p><strong>11. k\u00e9rd\u00e9s: Az Amasly robban\u00e1sbiztos l\u00e1mpa testre szabhat\u00f3 OEM term\u00e9kk\u00e9nt? <\/strong><\/p>\n\n\n\n<p>Az Amasly robban\u00e1sbiztos l\u00e1mp\u00e1k az \u00fcgyf\u00e9l ig\u00e9nyei szerint testre szabhat\u00f3k mind a l\u00e1mp\u00e1k, mind a csomagol\u00f3 kartondobozok eset\u00e9ben.<\/p>\n\n\n\n<h2 class=\"wp-block-heading\">Kapcsol\u00f3d\u00f3 term\u00e9kek<\/h2>\n\n\n\n<div class=\"wp-block-uagb-container uagb-block-66e4defc alignfull uagb-is-root-container\"><div class=\"uagb-container-inner-blocks-wrap\">\n<div class=\"wp-block-uagb-container uagb-block-a42945f9\">\n<div class=\"wp-block-uagb-image uagb-block-7296296b wp-block-uagb-image--layout-default wp-block-uagb-image--effect-static wp-block-uagb-image--align-none\"><figure class=\"wp-block-uagb-image__figure\"><a class=\"\" href=\"https:\/\/led.amasly.com\/hu_hu\/termekek\/robbanasbiztos-fenyek\/\" target=\"\" rel=\"noopener\"><img decoding=\"async\" srcset=\"https:\/\/led.amasly.com\/wp-content\/uploads\/2024\/09\/Explosion-proof-high-bay-lights.png ,https:\/\/led.amasly.com\/wp-content\/uploads\/2024\/09\/Explosion-proof-high-bay-lights.png 780w, https:\/\/led.amasly.com\/wp-content\/uploads\/2024\/09\/Explosion-proof-high-bay-lights.png 360w\" sizes=\"auto, (max-width: 480px) 150px\" src=\"https:\/\/led.amasly.com\/wp-content\/uploads\/2024\/09\/Explosion-proof-high-bay-lights.png\" alt=\"\" class=\"uag-image-1495\" width=\"300\" height=\"300\" title=\"Robban\u00e1sbiztos magas \u00f6b\u00f6l f\u00e9nyek\" loading=\"lazy\" role=\"img\"><\/a><\/figure><\/div>\n<\/div>\n\n\n\n<div class=\"wp-block-uagb-container uagb-block-4d3efde5\">\n<div class=\"wp-block-uagb-image uagb-block-c9e90797 wp-block-uagb-image--layout-default wp-block-uagb-image--effect-static wp-block-uagb-image--align-none\"><figure class=\"wp-block-uagb-image__figure\"><a class=\"\" href=\"https:\/\/led.amasly.com\/hu_hu\/termekek\/ex-proof-elektromos-keszulek\/\" target=\"\" rel=\"noopener\"><img decoding=\"async\" srcset=\"https:\/\/led.amasly.com\/wp-content\/uploads\/2025\/01\/Explosion-proof-axial-flow-fan.jpg ,https:\/\/led.amasly.com\/wp-content\/uploads\/2025\/01\/Explosion-proof-axial-flow-fan.jpg 780w, https:\/\/led.amasly.com\/wp-content\/uploads\/2025\/01\/Explosion-proof-axial-flow-fan.jpg 360w\" sizes=\"auto, (max-width: 480px) 150px\" src=\"https:\/\/led.amasly.com\/wp-content\/uploads\/2025\/01\/Explosion-proof-axial-flow-fan.jpg\" alt=\"Ex-biztos elektromos k\u00e9sz\u00fcl\u00e9k\" class=\"uag-image-1767\" width=\"300\" height=\"300\" title=\"Robban\u00e1sbiztos axi\u00e1lventil\u00e1tor\" loading=\"lazy\" role=\"img\"\/><\/a><\/figure><\/div>\n<\/div>\n\n\n\n<div class=\"wp-block-uagb-container uagb-block-11c2578b\">\n<div class=\"wp-block-uagb-image uagb-block-6e8883aa wp-block-uagb-image--layout-default wp-block-uagb-image--effect-static wp-block-uagb-image--align-none\"><figure class=\"wp-block-uagb-image__figure\"><a class=\"\" href=\"https:\/\/led.amasly.com\/hu_hu\/termekek\/robbanasbiztos-fenyek\/\" target=\"\" rel=\"noopener\"><img decoding=\"async\" srcset=\"https:\/\/led.amasly.com\/wp-content\/uploads\/2024\/09\/LED-Explosion-Proof-Gas-Station-Light.png ,https:\/\/led.amasly.com\/wp-content\/uploads\/2024\/09\/LED-Explosion-Proof-Gas-Station-Light.png 780w, https:\/\/led.amasly.com\/wp-content\/uploads\/2024\/09\/LED-Explosion-Proof-Gas-Station-Light.png 360w\" sizes=\"auto, (max-width: 480px) 150px\" src=\"https:\/\/led.amasly.com\/wp-content\/uploads\/2024\/09\/LED-Explosion-Proof-Gas-Station-Light.png\" alt=\"\" class=\"uag-image-1501\" width=\"300\" height=\"300\" title=\"LED robban\u00e1sbiztos benzink\u00fat f\u00e9ny\" loading=\"lazy\" role=\"img\"><\/a><\/figure><\/div>\n<\/div>\n<\/div><\/div>\n\n\n\n<div class=\"wp-block-uagb-container uagb-block-548945b5 alignfull uagb-is-root-container\"><div class=\"uagb-container-inner-blocks-wrap\">\n<div class=\"wp-block-uagb-container uagb-block-967755d5\">\n<h4 class=\"wp-block-heading has-text-align-center\"><a href=\"https:\/\/led.amasly.com\/hu_hu\/termekek\/robbanasbiztos-fenyek\/\">LED robban\u00e1sbiztos f\u00e9nyek<\/a><\/h4>\n<\/div>\n\n\n\n<div class=\"wp-block-uagb-container uagb-block-9bc52fc2\">\n<h4 class=\"wp-block-heading has-text-align-center\"><a href=\"https:\/\/led.amasly.com\/hu_hu\/termekek\/ex-proof-elektromos-keszulek\/\">Ex-biztos elektromos k\u00e9sz\u00fcl\u00e9k<\/a><\/h4>\n<\/div>\n\n\n\n<div class=\"wp-block-uagb-container uagb-block-8ffa0a23\">\n<h4 class=\"wp-block-heading has-text-align-center\"><a href=\"https:\/\/led.amasly.com\/hu_hu\/termekek\/robbanasbiztos-fenyek\/\">Robban\u00e1sbiztos benzink\u00fat f\u00e9nyek<\/a><\/h4>\n<\/div>\n<\/div><\/div>\n\n\n\n<div class=\"wp-block-uagb-container uagb-block-29499fe0 alignfull uagb-is-root-container\"><div class=\"uagb-container-inner-blocks-wrap\">\n<div class=\"wp-block-uagb-container uagb-block-777ee1c7\">\n<div class=\"wp-block-uagb-image uagb-block-2e9a1851 wp-block-uagb-image--layout-default wp-block-uagb-image--effect-static wp-block-uagb-image--align-none\"><figure class=\"wp-block-uagb-image__figure\"><a class=\"\" href=\"https:\/\/led.amasly.com\/hu_hu\/termekek\/led-reflektorok\/\" target=\"\" rel=\"noopener\"><img decoding=\"async\" srcset=\"https:\/\/led.amasly.com\/wp-content\/uploads\/2024\/10\/50W-100W-150W-200W-300W-LED-Flood-Light.jpg ,https:\/\/led.amasly.com\/wp-content\/uploads\/2024\/10\/50W-100W-150W-200W-300W-LED-Flood-Light.jpg 780w, https:\/\/led.amasly.com\/wp-content\/uploads\/2024\/10\/50W-100W-150W-200W-300W-LED-Flood-Light.jpg 360w\" sizes=\"auto, (max-width: 480px) 150px\" src=\"https:\/\/led.amasly.com\/wp-content\/uploads\/2024\/10\/50W-100W-150W-200W-300W-LED-Flood-Light.jpg\" alt=\"\" class=\"uag-image-1526\" width=\"300\" height=\"300\" title=\"50W 100W 150W 200W 300W LED-es \u00e1rv\u00edzf\u00e9ny\" loading=\"lazy\" role=\"img\"><\/a><\/figure><\/div>\n<\/div>\n\n\n\n<div class=\"wp-block-uagb-container uagb-block-af8c8683\">\n<div class=\"wp-block-uagb-image uagb-block-67947854 wp-block-uagb-image--layout-default wp-block-uagb-image--effect-static wp-block-uagb-image--align-none\"><figure class=\"wp-block-uagb-image__figure\"><a class=\"\" href=\"https:\/\/led.amasly.com\/hu_hu\/termekek\/vezetett-magas-obol-feny\/\" target=\"\" rel=\"noopener\"><img decoding=\"async\" srcset=\"https:\/\/led.amasly.com\/wp-content\/uploads\/2025\/05\/high-bay-light.webp ,https:\/\/led.amasly.com\/wp-content\/uploads\/2025\/05\/high-bay-light.webp 780w, https:\/\/led.amasly.com\/wp-content\/uploads\/2025\/05\/high-bay-light.webp 360w\" sizes=\"auto, (max-width: 480px) 150px\" src=\"https:\/\/led.amasly.com\/wp-content\/uploads\/2025\/05\/high-bay-light.webp\" alt=\"\" class=\"uag-image-3954\" width=\"300\" height=\"300\" title=\"magas \u00f6b\u00f6l f\u00e9ny\" loading=\"lazy\" role=\"img\"><\/a><\/figure><\/div>\n<\/div>\n\n\n\n<div class=\"wp-block-uagb-container uagb-block-0fdfdd58\">\n<div class=\"wp-block-uagb-image uagb-block-1187d32d wp-block-uagb-image--layout-default wp-block-uagb-image--effect-static wp-block-uagb-image--align-none\"><figure class=\"wp-block-uagb-image__figure\"><a class=\"\" href=\"https:\/\/led.amasly.com\/hu_hu\/termekek\/\" target=\"\" rel=\"noopener\"><img decoding=\"async\" srcset=\"https:\/\/led.amasly.com\/wp-content\/uploads\/2024\/07\/LED-street-light.jpg ,https:\/\/led.amasly.com\/wp-content\/uploads\/2024\/07\/LED-street-light.jpg 780w, https:\/\/led.amasly.com\/wp-content\/uploads\/2024\/07\/LED-street-light.jpg 360w\" sizes=\"auto, (max-width: 480px) 150px\" src=\"https:\/\/led.amasly.com\/wp-content\/uploads\/2024\/07\/LED-street-light.jpg\" alt=\"\" class=\"uag-image-1145\" width=\"300\" height=\"300\" title=\"LED-es utcai l\u00e1mp\u00e1k\" loading=\"lazy\" role=\"img\"><\/a><\/figure><\/div>\n<\/div>\n<\/div><\/div>\n\n\n\n<div class=\"wp-block-uagb-container uagb-block-6a60882c alignfull uagb-is-root-container\"><div class=\"uagb-container-inner-blocks-wrap\">\n<div class=\"wp-block-uagb-container uagb-block-f1e91a35\">\n<h4 class=\"wp-block-heading has-text-align-center\"><a href=\"https:\/\/led.amasly.com\/hu_hu\/termekek\/led-reflektorok\/\">LED \u00e1rv\u00edzf\u00e9nyek<\/a><\/h4>\n<\/div>\n\n\n\n<div class=\"wp-block-uagb-container uagb-block-165bfa58\">\n<h4 class=\"wp-block-heading has-text-align-center\"><a href=\"https:\/\/led.amasly.com\/hu_hu\/termekek\/vezetett-magas-obol-feny\/\">LED High Bay f\u00e9nyek<\/a><\/h4>\n<\/div>\n\n\n\n<div class=\"wp-block-uagb-container uagb-block-f6096e3b\">\n<h4 class=\"wp-block-heading has-text-align-center\"><a href=\"https:\/\/led.amasly.com\/hu_hu\/termekek\/https%3a\/\/led.amasly.com\/termekek\/vezetett-utcai-lampak\/\">LED utcai l\u00e1mp\u00e1k<\/a><\/h4>\n<\/div>\n<\/div><\/div>\n\n\n\n<div class=\"wp-block-uagb-container uagb-block-99c0e0a5 alignfull uagb-is-root-container\"><div class=\"uagb-container-inner-blocks-wrap\"><\/div><\/div>","protected":false},"excerpt":{"rendered":"<p>LED Explosion proof Portable Work Lights Content Contact Explosion proof Portable Lights Scope of application 1. widely used in oil mining, oil refining, chemical, military and other dangerous environmental places of the factory and road lighting 2. suitable for coastal, river and other wind pressure, wind speed environment; 3. suitable for thousands of explosive gas [&hellip;]<\/p>\n","protected":false},"author":1,"featured_media":0,"parent":1156,"menu_order":3,"comment_status":"closed","ping_status":"closed","template":"","meta":{"_uag_custom_page_level_css":"","site-sidebar-layout":"no-sidebar","site-content-layout":"","ast-site-content-layout":"default","site-content-style":"default","site-sidebar-style":"default","ast-global-header-display":"","ast-banner-title-visibility":"","ast-main-header-display":"","ast-hfb-above-header-display":"","ast-hfb-below-header-display":"","ast-hfb-mobile-header-display":"","site-post-title":"disabled","ast-breadcrumbs-content":"","ast-featured-img":"","footer-sml-layout":"","ast-disable-related-posts":"","theme-transparent-header-meta":"enabled","adv-header-id-meta":"","stick-header-meta":"","header-above-stick-meta":"","header-main-stick-meta":"","header-below-stick-meta":"","astra-migrate-meta-layouts":"set","ast-page-background-enabled":"default","ast-page-background-meta":{"desktop":{"background-color":"var(--ast-global-color-4)","background-image":"","background-repeat":"repeat","background-position":"center center","background-size":"auto","background-attachment":"scroll","background-type":"","background-media":"","overlay-type":"","overlay-color":"","overlay-opacity":"","overlay-gradient":""},"tablet":{"background-color":"","background-image":"","background-repeat":"repeat","background-position":"center center","background-size":"auto","background-attachment":"scroll","background-type":"","background-media":"","overlay-type":"","overlay-color":"","overlay-opacity":"","overlay-gradient":""},"mobile":{"background-color":"","background-image":"","background-repeat":"repeat","background-position":"center center","background-size":"auto","background-attachment":"scroll","background-type":"","background-media":"","overlay-type":"","overlay-color":"","overlay-opacity":"","overlay-gradient":""}},"ast-content-background-meta":{"desktop":{"background-color":"var(--ast-global-color-5)","background-image":"","background-repeat":"repeat","background-position":"center center","background-size":"auto","background-attachment":"scroll","background-type":"","background-media":"","overlay-type":"","overlay-color":"","overlay-opacity":"","overlay-gradient":""},"tablet":{"background-color":"var(--ast-global-color-5)","background-image":"","background-repeat":"repeat","background-position":"center center","background-size":"auto","background-attachment":"scroll","background-type":"","background-media":"","overlay-type":"","overlay-color":"","overlay-opacity":"","overlay-gradient":""},"mobile":{"background-color":"var(--ast-global-color-5)","background-image":"","background-repeat":"repeat","background-position":"center center","background-size":"auto","background-attachment":"scroll","background-type":"","background-media":"","overlay-type":"","overlay-color":"","overlay-opacity":"","overlay-gradient":""}},"footnotes":"[]"},"class_list":["post-1719","page","type-page","status-publish","hentry"],"uagb_featured_image_src":{"full":false,"thumbnail":false,"medium":false,"medium_large":false,"large":false,"1536x1536":false,"2048x2048":false,"trp-custom-language-flag":false},"uagb_author_info":{"display_name":"Joe","author_link":"https:\/\/led.amasly.com\/hu_hu\/author\/jacklin\/"},"uagb_comment_info":0,"uagb_excerpt":"LED Explosion proof Portable Work Lights Content Contact Explosion proof Portable Lights Scope of application 1. widely used in oil mining, oil refining, chemical, military and other dangerous environmental places of the factory and road lighting 2. suitable for coastal, river and other wind pressure, wind speed environment; 3. suitable for thousands of explosive gas&hellip;","_links":{"self":[{"href":"https:\/\/led.amasly.com\/hu_hu\/wp-json\/wp\/v2\/pages\/1719","targetHints":{"allow":["GET"]}}],"collection":[{"href":"https:\/\/led.amasly.com\/hu_hu\/wp-json\/wp\/v2\/pages"}],"about":[{"href":"https:\/\/led.amasly.com\/hu_hu\/wp-json\/wp\/v2\/types\/page"}],"author":[{"embeddable":true,"href":"https:\/\/led.amasly.com\/hu_hu\/wp-json\/wp\/v2\/users\/1"}],"replies":[{"embeddable":true,"href":"https:\/\/led.amasly.com\/hu_hu\/wp-json\/wp\/v2\/comments?post=1719"}],"version-history":[{"count":3,"href":"https:\/\/led.amasly.com\/hu_hu\/wp-json\/wp\/v2\/pages\/1719\/revisions"}],"predecessor-version":[{"id":4529,"href":"https:\/\/led.amasly.com\/hu_hu\/wp-json\/wp\/v2\/pages\/1719\/revisions\/4529"}],"up":[{"embeddable":true,"href":"https:\/\/led.amasly.com\/hu_hu\/wp-json\/wp\/v2\/pages\/1156"}],"wp:attachment":[{"href":"https:\/\/led.amasly.com\/hu_hu\/wp-json\/wp\/v2\/media?parent=1719"}],"curies":[{"name":"wp","href":"https:\/\/api.w.org\/{rel}","templated":true}]}}