{"id":1231,"date":"2024-07-16T20:54:58","date_gmt":"2024-07-16T12:54:58","guid":{"rendered":"https:\/\/led.amasly.com\/?page_id=1231"},"modified":"2026-01-18T10:05:02","modified_gmt":"2026-01-18T02:05:02","slug":"bay","status":"publish","type":"page","link":"https:\/\/led.amasly.com\/hu_hu\/products\/explosion-proof-lights\/bay\/","title":{"rendered":"Robban\u00e1sbiztos f\u00e9nycs\u00f6vek"},"content":{"rendered":"<h2 class=\"wp-block-heading\"><\/h2>\n\n\n\n<p><\/p>\n\n\n\n<h2 class=\"wp-block-heading\"><\/h2>\n\n\n\n<h2 class=\"wp-block-heading\"><\/h2>\n\n\n\n<p><\/p>\n\n\n\n<div class=\"wp-block-uagb-container uagb-block-e407eb08 alignfull uagb-is-root-container\"><div class=\"uagb-container-inner-blocks-wrap\">\n<div class=\"wp-block-uagb-info-box uagb-block-7c0a134c uagb-infobox__content-wrap  uagb-infobox-icon-above-title uagb-infobox-image-valign-top wp-block-uagb-info-box--has-margin\"><div class=\"uagb-infobox-margin-wrapper\"><div class=\"uagb-ifb-content\"><div class=\"uagb-ifb-title-wrap\"><\/div><\/div><\/div><\/div>\n<\/div><\/div>\n\n\n\n<p><\/p>\n\n\n\n<p><\/p>\n\n\n\n<h2 class=\"wp-block-heading\"><\/h2>\n\n\n\n<h1 class=\"wp-block-heading has-text-align-center\">Robban\u00e1sbiztos cs\u0151f\u00e9nyek \/ robban\u00e1sbiztos f\u00e9nycs\u00f6vek \u00datmutat\u00e1s<\/h1>\n\n\n\n<div class=\"wp-block-uagb-container uagb-block-5d28ec94 default uagb-is-root-container\">\n<div class=\"wp-block-uagb-container uagb-block-462981e6\">\n<div class=\"wp-block-uagb-container uagb-block-6f08c8e4 alignfull uagb-is-root-container\"><div class=\"uagb-container-inner-blocks-wrap\">\n<div class=\"wp-block-uagb-container uagb-block-b229cb92\">\n<h3 class=\"wp-block-heading\">Tartalom<\/h3>\n\n\n\n<div class=\"wp-block-buttons is-layout-flex wp-container-core-buttons-is-layout-45b20515 wp-block-buttons-is-layout-flex\">\n<div class=\"wp-block-button\"><a class=\"wp-block-button__link wp-element-button\" href=\"https:\/\/led.amasly.com\/hu_hu\/products\/explosion-proof-lights\/\">Robban\u00e1sbiztos f\u00e9nyek<\/a><\/div>\n\n\n\n<div class=\"wp-block-button is-style-fill\"><a class=\"wp-block-button__link wp-element-button\" href=\"https:\/\/led.amasly.com\/hu_hu\/products\/ex-proof-electrical-appliance\/\">Ex-biztos elektromos k\u00e9sz\u00fcl\u00e9k<\/a><\/div>\n\n\n\n<div class=\"wp-block-button\"><a class=\"wp-block-button__link wp-element-button\" href=\"https:\/\/led.amasly.com\/hu_hu\/products\/led-tri-proof-light-2\/\">LED botl\u00e1sbiztos f\u00e9ny<\/a><\/div>\n\n\n\n<div class=\"wp-block-button\"><a class=\"wp-block-button__link wp-element-button\" href=\"https:\/\/led.amasly.com\/hu_hu\/products\/led-high-bay-light\/\">LED High Bay f\u00e9ny<\/a><\/div>\n\n\n\n<div class=\"wp-block-button\"><a class=\"wp-block-button__link wp-element-button\" href=\"https:\/\/led.amasly.com\/hu_hu\/products\/led-flood-lights\/\">LED \u00e1rv\u00edzf\u00e9ny<\/a><\/div>\n\n\n\n<div class=\"wp-block-button\"><a class=\"wp-block-button__link wp-element-button\" href=\"https:\/\/led.amasly.com\/hu_hu\/products\/led-street-lights\/\">LED utcai f\u00e9ny<\/a><\/div>\n\n\n\n<div class=\"wp-block-button\"><a class=\"wp-block-button__link wp-element-button\" href=\"https:\/\/led.amasly.com\/hu_hu\/products\/solar-lights\/\">LED napelemes f\u00e9ny<\/a><\/div>\n<\/div>\n\n\n\n<h4 class=\"wp-block-heading\"><\/h4>\n\n\n\n<h4 class=\"wp-block-heading\">Kapcsolat<\/h4>\n\n\n\n<ul class=\"wp-block-list\">\n<li>E-mail: sales01@amasly.com<strong> <\/strong>      <\/li>\n\n\n\n<li>Mobil:<strong> <\/strong>+86 13732643699                   <\/li>\n<\/ul>\n<\/div>\n\n\n\n<div class=\"wp-block-columns is-layout-flex wp-container-core-columns-is-layout-28f84493 wp-block-columns-is-layout-flex\">\n<div class=\"wp-block-column is-layout-flow wp-block-column-is-layout-flow\" style=\"flex-basis:100%\">\n<div class=\"wp-block-uagb-container uagb-block-064256a4\">\n<div class=\"wp-block-columns is-layout-flex wp-container-core-columns-is-layout-28f84493 wp-block-columns-is-layout-flex\">\n<div class=\"wp-block-column is-layout-flow wp-block-column-is-layout-flow\" style=\"flex-basis:100%\">\n<div class=\"wp-block-columns is-layout-flex wp-container-core-columns-is-layout-28f84493 wp-block-columns-is-layout-flex\">\n<div class=\"wp-block-column is-layout-flow wp-block-column-is-layout-flow\">\n<div class=\"wp-block-uagb-image uagb-block-f7623661 wp-block-uagb-image--layout-default wp-block-uagb-image--effect-static wp-block-uagb-image--align-none\"><figure class=\"wp-block-uagb-image__figure\"><img decoding=\"async\" srcset=\"https:\/\/led.amasly.com\/wp-content\/uploads\/2024\/07\/Explosion-proof-linear-fluorescence-lights.png ,https:\/\/led.amasly.com\/wp-content\/uploads\/2024\/07\/Explosion-proof-linear-fluorescence-lights.png 780w, https:\/\/led.amasly.com\/wp-content\/uploads\/2024\/07\/Explosion-proof-linear-fluorescence-lights.png 360w\" sizes=\"auto, (max-width: 480px) 150px\" src=\"https:\/\/led.amasly.com\/wp-content\/uploads\/2024\/07\/Explosion-proof-linear-fluorescence-lights.png\" alt=\"\" class=\"uag-image-1122\" width=\"300\" height=\"300\" title=\"Robban\u00e1sbiztos line\u00e1ris fluoreszcens l\u00e1mp\u00e1k\" loading=\"lazy\" role=\"img\"><\/figure><\/div>\n<\/div>\n\n\n\n<div class=\"wp-block-column is-layout-flow wp-block-column-is-layout-flow\">\n<p>Alkalmaz\u00e1s<\/p>\n\n\n\n<p>1. sz\u00e9les k\u00f6rben haszn\u00e1lj\u00e1k az olajb\u00e1ny\u00e1szatban, olajfinom\u00edt\u00e1sban, vegyi, katonai \u00e9s egy\u00e9b vesz\u00e9lyes k\u00f6rnyezeti helyeken a gy\u00e1r \u00e9s az \u00fatvil\u00e1g\u00edt\u00e1s vil\u00e1g\u00edt\u00e1s\u00e1ban<\/p>\n\n\n\n<p>2. alkalmas tengerparti, folyami \u00e9s egy\u00e9b sz\u00e9lnyom\u00e1s, sz\u00e9lsebess\u00e9g k\u00f6rnyezetre;<\/p>\n\n\n\n<p>3. alkalmas ezer robban\u00e1svesz\u00e9lyes g\u00e1z k\u00f6rnyezet\u00e9ben az 1. z\u00f3na, 2. z\u00f3na helyeken;<\/p>\n\n\n\n<p>4. alkalmas t\u00f6bb ezer \u00e9ghet\u0151 poros k\u00f6rnyezet 21 z\u00f3na, 22 z\u00f3n\u00e1s helyekre;<\/p>\n\n\n\n<p>5. alkalmas IIA, IIB, IIC robban\u00e1svesz\u00e9lyes g\u00e1zok k\u00f6rnyezet\u00e9ben. I. oszt\u00e1ly, 2. k\u00f6rzet, A, B, C, D csoport.<\/p>\n<\/div>\n<\/div>\n<\/div>\n<\/div>\n\n\n\n<div class=\"wp-block-uagb-container uagb-block-201e76d4\">\n<h2 class=\"wp-block-heading\">Param\u00e9terek:<\/h2>\n\n\n\n<figure class=\"wp-block-table\"><table><tbody><tr><td>Moel<\/td><td>Teljes\u00edtm\u00e9ny<\/td><td>Ex Mark<\/td><td>IP-ar\u00e1ny<\/td><td>F\u00e9nyhat\u00e9konys\u00e1g<\/td><td>Fesz\u00fclts\u00e9g<\/td><td>CCT<\/td><td>PF<\/td><\/tr><tr><td>BAY<\/td><td>1*9W 1*18W 1*36W <br>2*9W 2*18W 2*36W<\/td><td>Ex d IIC T6<\/td><td>IP66<\/td><td>120lm\/w<\/td><td>Ac85-265V<\/td><td>3000K-6500K<\/td><td>&gt;0.97<\/td><\/tr><\/tbody><\/table><\/figure>\n\n\n\n<h2 class=\"wp-block-heading\">V\u00e9grehajt\u00e1si szabv\u00e1ny<\/h2>\n\n\n\n<p>Robban\u00e1sbiztos f\u00e9nycs\u00f6vek Kivitelez\u00e9si szabv\u00e1ny: <a href=\"http:\/\/www.iecex-certs.com\/\" rel=\"nofollow noopener\" target=\"_blank\">EN60079-0, EN 60079-1, EN60079-28, EN 60079-31, IEC60079-0, IEC60079-1, IEC 60079-28, IEC 60079-31, IEC60079-0, IEC60079-1, IEC60079-28, IEC60079-31<\/a><\/p>\n\n\n\n<h2 class=\"wp-block-heading\">Jellemz\u0151k:<\/h2>\n\n\n\n<p>A h\u00e1z SMC \u00f6nt\u00e9ssel k\u00e9sz\u00fcl, nagy szil\u00e1rds\u00e1ggal, \u00fct\u00e9s\u00e1ll\u00f3s\u00e1ggal, antikorrozinnal; A l\u00e1mpaerny\u0151 polikarbon\u00e1t injuction r\u00e9v\u00e9n alakul ki, a hightransmittance \u00e9s az er\u0151s \u00fct\u00e9s\u00e1ll\u00f3s\u00e1g karaktereivel.<\/p>\n\n\n\n<p>A l\u00e1mpa g\u00f6rbe z\u00e1rt szerkezetet alkalmaz, er\u0151s v\u00edz\u00e1ll\u00f3 \u00e9s por\u00e1ll\u00f3 teljes\u00edtm\u00e9nnyel.<\/p>\n\n\n\n<p>A be\u00e9p\u00edtett robban\u00e1sbiztos ballasztot kifejezetten mi k\u00e9sz\u00edtj\u00fck, teljes\u00edtm\u00e9nyt\u00e9nyez\u0151je cso 0,85.<\/p>\n\n\n\n<p>Amikor a term\u00e9k be van kapcsolva, a be\u00e9p\u00edtett lev\u00e1laszt\u00f3 kapcsol\u00f3 automatikusan lekapcsolja a t\u00e1pell\u00e1t\u00e1st, ami seg\u00edt a term\u00e9k biztons\u00e1gi teljes\u00edtm\u00e9ny\u00e9nek jav\u00edt\u00e1s\u00e1ban.<\/p>\n\n\n\n<p><br>A v\u00e9szhelyzeti k\u00e9sz\u00fcl\u00e9k a felhaszn\u00e1l\u00f3k k\u00e9r\u00e9s\u00e9re felszerelhet\u0151, amikor a v\u00e9szhelyzeti \u00e1ramell\u00e1t\u00e1s megszakad, a l\u00e1mpa automatikusan v\u00e9szhelyzeti vil\u00e1g\u00edt\u00f3 \u00e1llapotba kapcsol.<\/p>\n\n\n\n<p>Vezet\u00e9kes vagy k\u00e1beles k\u00e1belez\u00e9s<\/p>\n\n\n\n<h2 class=\"wp-block-heading\">Vil\u00e1g\u00edt\u00e1s forr\u00e1sa:<\/h2>\n\n\n\n<p>A robban\u00e1sbiztos f\u00e9nycs\u0151forr\u00e1sok k\u00f6z\u00e9 els\u0151sorban a f\u00e9nycs\u00f6vek \u00e9s a LED-cs\u00f6vek (T5 \u00e9s T8 cs\u00f6vek) tartoznak.<\/p>\n\n\n\n<h2 class=\"wp-block-heading\">Robban\u00e1sbiztos f\u00e9nycs\u00f6vek Anyagok:<\/h2>\n\n\n\n<p>fr\u00f6ccs\u00f6nt\u00f6tt h\u00e9j polikarbon\u00e1t \u00f6tv\u00f6zet anyagb\u00f3l, fr\u00f6ccs\u00f6nt\u00f6tt l\u00e1mpaerny\u0151 polikarbon\u00e1t anyagb\u00f3l<\/p>\n\n\n\n<h2 class=\"wp-block-heading\">Robban\u00e1sbiztos f\u00e9nycs\u00f6vek v\u00e9szhelyzetben:<\/h2>\n\n\n\n<p>A robban\u00e1sbiztos f\u00e9nycs\u00f6vek v\u00e9szhelyzeti \u00e1ramell\u00e1t\u00e1shoz be\u00e9p\u00edtett l\u00edtium akkumul\u00e1torral is felszerelhet\u0151k. A v\u00e9szhelyzeti \u00fczemid\u0151 90 perc, 120 perc vagy 180 perc lehet.<\/p>\n\n\n\n<h2 class=\"wp-block-heading\">Alkalmaz\u00e1s:<\/h2>\n\n\n\n<p>Sz\u00e9les k\u00f6rben haszn\u00e1lj\u00e1k vesz\u00e9lyes k\u00f6rnyezetben, p\u00e9ld\u00e1ul olajkitermel\u00e9sben, olajfinom\u00edt\u00e1sban, vegyipari termel\u00e9sben, hadiiparban stb., vil\u00e1g\u00edt\u00e1si c\u00e9lokra ezekben a munka- \u00e9s m\u0171k\u00f6d\u00e9si forgat\u00f3k\u00f6nyvekben.<\/p>\n\n\n\n<h2 class=\"wp-block-heading\">Robban\u00e1sbiztos f\u00e9nycs\u00f6vek M\u00e9retek<\/h2>\n\n\n\n<p>Robban\u00e1sbiztos f\u00e9nycs\u00f6vek M\u00e9retek: 0.6m\/600mm\/2ft\/2\u201d \u00e9s 1.2m\/1200mm\/4ft\/4\u201d<\/p>\n\n\n\n<div class=\"wp-block-uagb-image uagb-block-e3539a8a wp-block-uagb-image--layout-default wp-block-uagb-image--effect-static wp-block-uagb-image--align-none\"><figure class=\"wp-block-uagb-image__figure\"><img decoding=\"async\" srcset=\"https:\/\/led.amasly.com\/wp-content\/uploads\/2026\/01\/Explosion-Proof-Fluorescent-Lights-Sizes.png ,https:\/\/led.amasly.com\/wp-content\/uploads\/2026\/01\/Explosion-Proof-Fluorescent-Lights-Sizes.png 780w, https:\/\/led.amasly.com\/wp-content\/uploads\/2026\/01\/Explosion-Proof-Fluorescent-Lights-Sizes.png 360w\" sizes=\"auto, (max-width: 480px) 150px\" src=\"https:\/\/led.amasly.com\/wp-content\/uploads\/2026\/01\/Explosion-Proof-Fluorescent-Lights-Sizes.png\" alt=\"\" class=\"uag-image-4408\" width=\"600\" height=\"600\" title=\"Robban\u00e1sbiztos f\u00e9nycs\u00f6vek m\u00e9retek\" loading=\"lazy\" role=\"img\"><\/figure><\/div>\n\n\n\n<h2 class=\"wp-block-heading\">Robban\u00e1sbiztos f\u00e9nycs\u00f6vek telep\u00edt\u00e9se:<\/h2>\n\n\n\n<p>A robban\u00e1sbiztos f\u00e9nycs\u00f6vek t\u00f6bbf\u00e9lek\u00e9ppen is felszerelhet\u0151k: Mennyezeti szerel\u00e9s, falra szerel\u00e9s, f\u00fcgg\u0151 szerel\u00e9s, hajl\u00edtott r\u00fadra szerel\u00e9s, karim\u00e1s cs\u00f6vek \u00e9s korl\u00e1t cs\u00f6vek felszerel\u00e9se.<\/p>\n\n\n\n<div class=\"wp-block-uagb-image uagb-block-0867b09d wp-block-uagb-image--layout-default wp-block-uagb-image--effect-static wp-block-uagb-image--align-none\"><figure class=\"wp-block-uagb-image__figure\"><img decoding=\"async\" srcset=\"https:\/\/led.amasly.com\/wp-content\/uploads\/2025\/01\/9b8970c9087c2235875d53d02712c826_1684304680117777.jpg ,https:\/\/led.amasly.com\/wp-content\/uploads\/2025\/01\/9b8970c9087c2235875d53d02712c826_1684304680117777.jpg 780w, https:\/\/led.amasly.com\/wp-content\/uploads\/2025\/01\/9b8970c9087c2235875d53d02712c826_1684304680117777.jpg 360w\" sizes=\"auto, (max-width: 480px) 150px\" src=\"https:\/\/led.amasly.com\/wp-content\/uploads\/2025\/01\/9b8970c9087c2235875d53d02712c826_1684304680117777.jpg\" alt=\"\" class=\"uag-image-1702\" width=\"300\" height=\"300\" title=\"9b8970c9087c2235875d53d02712c826_1684304680117777\" loading=\"lazy\" role=\"img\"><\/figure><\/div>\n<\/div>\n<\/div>\n<\/div>\n<\/div>\n<\/div><\/div>\n<\/div>\n<\/div>\n\n\n\n<h2 class=\"wp-block-heading\">Kapcsol\u00f3d\u00f3 term\u00e9kek<\/h2>\n\n\n\n<div class=\"wp-block-uagb-container uagb-block-66e4defc alignfull uagb-is-root-container\"><div class=\"uagb-container-inner-blocks-wrap\">\n<div class=\"wp-block-uagb-container uagb-block-a42945f9\">\n<div class=\"wp-block-uagb-image uagb-block-7296296b wp-block-uagb-image--layout-default wp-block-uagb-image--effect-static wp-block-uagb-image--align-none\"><figure class=\"wp-block-uagb-image__figure\"><a class=\"\" href=\"https:\/\/led.amasly.com\/hu_hu\/products\/explosion-proof-lights\/\" target=\"\" rel=\"noopener\"><img decoding=\"async\" srcset=\"https:\/\/led.amasly.com\/wp-content\/uploads\/2024\/09\/Explosion-proof-high-bay-lights.png ,https:\/\/led.amasly.com\/wp-content\/uploads\/2024\/09\/Explosion-proof-high-bay-lights.png 780w, https:\/\/led.amasly.com\/wp-content\/uploads\/2024\/09\/Explosion-proof-high-bay-lights.png 360w\" sizes=\"auto, (max-width: 480px) 150px\" src=\"https:\/\/led.amasly.com\/wp-content\/uploads\/2024\/09\/Explosion-proof-high-bay-lights.png\" alt=\"\" class=\"uag-image-1495\" width=\"300\" height=\"300\" title=\"Robban\u00e1sbiztos magas \u00f6b\u00f6l f\u00e9nyek\" loading=\"lazy\" role=\"img\"><\/a><\/figure><\/div>\n<\/div>\n\n\n\n<div class=\"wp-block-uagb-container uagb-block-4d3efde5\">\n<div class=\"wp-block-uagb-image uagb-block-c9e90797 wp-block-uagb-image--layout-default wp-block-uagb-image--effect-static wp-block-uagb-image--align-none\"><figure class=\"wp-block-uagb-image__figure\"><a class=\"\" href=\"https:\/\/led.amasly.com\/hu_hu\/products\/ex-proof-electrical-appliance\/\" target=\"\" rel=\"noopener\"><img decoding=\"async\" srcset=\"https:\/\/led.amasly.com\/wp-content\/uploads\/2025\/01\/Explosion-proof-axial-flow-fan.jpg ,https:\/\/led.amasly.com\/wp-content\/uploads\/2025\/01\/Explosion-proof-axial-flow-fan.jpg 780w, https:\/\/led.amasly.com\/wp-content\/uploads\/2025\/01\/Explosion-proof-axial-flow-fan.jpg 360w\" sizes=\"auto, (max-width: 480px) 150px\" src=\"https:\/\/led.amasly.com\/wp-content\/uploads\/2025\/01\/Explosion-proof-axial-flow-fan.jpg\" alt=\"Ex-Proof Electrical Appliance\" class=\"uag-image-1767\" width=\"300\" height=\"300\" title=\"Robban\u00e1sbiztos axi\u00e1lventil\u00e1tor\" loading=\"lazy\" role=\"img\"\/><\/a><\/figure><\/div>\n<\/div>\n\n\n\n<div class=\"wp-block-uagb-container uagb-block-11c2578b\">\n<div class=\"wp-block-uagb-image uagb-block-6e8883aa wp-block-uagb-image--layout-default wp-block-uagb-image--effect-static wp-block-uagb-image--align-none\"><figure class=\"wp-block-uagb-image__figure\"><a class=\"\" href=\"https:\/\/led.amasly.com\/hu_hu\/products\/explosion-proof-lights\/\" target=\"\" rel=\"noopener\"><img decoding=\"async\" srcset=\"https:\/\/led.amasly.com\/wp-content\/uploads\/2024\/09\/LED-Explosion-Proof-Gas-Station-Light.png ,https:\/\/led.amasly.com\/wp-content\/uploads\/2024\/09\/LED-Explosion-Proof-Gas-Station-Light.png 780w, https:\/\/led.amasly.com\/wp-content\/uploads\/2024\/09\/LED-Explosion-Proof-Gas-Station-Light.png 360w\" sizes=\"auto, (max-width: 480px) 150px\" src=\"https:\/\/led.amasly.com\/wp-content\/uploads\/2024\/09\/LED-Explosion-Proof-Gas-Station-Light.png\" alt=\"\" class=\"uag-image-1501\" width=\"300\" height=\"300\" title=\"LED robban\u00e1sbiztos benzink\u00fat f\u00e9ny\" loading=\"lazy\" role=\"img\"><\/a><\/figure><\/div>\n<\/div>\n<\/div><\/div>\n\n\n\n<div class=\"wp-block-uagb-container uagb-block-548945b5 alignfull uagb-is-root-container\"><div class=\"uagb-container-inner-blocks-wrap\">\n<div class=\"wp-block-uagb-container uagb-block-967755d5\">\n<h4 class=\"wp-block-heading has-text-align-center\"><a href=\"https:\/\/led.amasly.com\/hu_hu\/products\/explosion-proof-lights\/\">LED robban\u00e1sbiztos f\u00e9nyek<\/a><\/h4>\n<\/div>\n\n\n\n<div class=\"wp-block-uagb-container uagb-block-9bc52fc2\">\n<h4 class=\"wp-block-heading has-text-align-center\"><a href=\"https:\/\/led.amasly.com\/hu_hu\/products\/ex-proof-electrical-appliance\/\">Ex-biztos elektromos k\u00e9sz\u00fcl\u00e9k<\/a><\/h4>\n<\/div>\n\n\n\n<div class=\"wp-block-uagb-container uagb-block-8ffa0a23\">\n<h4 class=\"wp-block-heading has-text-align-center\"><a href=\"https:\/\/led.amasly.com\/hu_hu\/products\/explosion-proof-lights\/\">Robban\u00e1sbiztos benzink\u00fat f\u00e9nyek<\/a><\/h4>\n<\/div>\n<\/div><\/div>\n\n\n\n<div class=\"wp-block-uagb-container uagb-block-29499fe0 alignfull uagb-is-root-container\"><div class=\"uagb-container-inner-blocks-wrap\">\n<div class=\"wp-block-uagb-container uagb-block-777ee1c7\">\n<div class=\"wp-block-uagb-image uagb-block-2e9a1851 wp-block-uagb-image--layout-default wp-block-uagb-image--effect-static wp-block-uagb-image--align-none\"><figure class=\"wp-block-uagb-image__figure\"><a class=\"\" href=\"https:\/\/led.amasly.com\/hu_hu\/products\/led-flood-lights\/\" target=\"\" rel=\"noopener\"><img decoding=\"async\" srcset=\"https:\/\/led.amasly.com\/wp-content\/uploads\/2024\/10\/50W-100W-150W-200W-300W-LED-Flood-Light.jpg ,https:\/\/led.amasly.com\/wp-content\/uploads\/2024\/10\/50W-100W-150W-200W-300W-LED-Flood-Light.jpg 780w, https:\/\/led.amasly.com\/wp-content\/uploads\/2024\/10\/50W-100W-150W-200W-300W-LED-Flood-Light.jpg 360w\" sizes=\"auto, (max-width: 480px) 150px\" src=\"https:\/\/led.amasly.com\/wp-content\/uploads\/2024\/10\/50W-100W-150W-200W-300W-LED-Flood-Light.jpg\" alt=\"\" class=\"uag-image-1526\" width=\"300\" height=\"300\" title=\"50W 100W 150W 200W 300W LED-es \u00e1rv\u00edzf\u00e9ny\" loading=\"lazy\" role=\"img\"><\/a><\/figure><\/div>\n<\/div>\n\n\n\n<div class=\"wp-block-uagb-container uagb-block-af8c8683\">\n<div class=\"wp-block-uagb-image uagb-block-67947854 wp-block-uagb-image--layout-default wp-block-uagb-image--effect-static wp-block-uagb-image--align-none\"><figure class=\"wp-block-uagb-image__figure\"><a class=\"\" href=\"https:\/\/led.amasly.com\/hu_hu\/products\/led-high-bay-light\/\" target=\"\" rel=\"noopener\"><img decoding=\"async\" srcset=\"https:\/\/led.amasly.com\/wp-content\/uploads\/2025\/05\/high-bay-light.webp ,https:\/\/led.amasly.com\/wp-content\/uploads\/2025\/05\/high-bay-light.webp 780w, https:\/\/led.amasly.com\/wp-content\/uploads\/2025\/05\/high-bay-light.webp 360w\" sizes=\"auto, (max-width: 480px) 150px\" src=\"https:\/\/led.amasly.com\/wp-content\/uploads\/2025\/05\/high-bay-light.webp\" alt=\"\" class=\"uag-image-3954\" width=\"300\" height=\"300\" title=\"magas \u00f6b\u00f6l f\u00e9ny\" loading=\"lazy\" role=\"img\"><\/a><\/figure><\/div>\n<\/div>\n\n\n\n<div class=\"wp-block-uagb-container uagb-block-0fdfdd58\">\n<div class=\"wp-block-uagb-image uagb-block-1187d32d wp-block-uagb-image--layout-default wp-block-uagb-image--effect-static wp-block-uagb-image--align-none\"><figure class=\"wp-block-uagb-image__figure\"><a class=\"\" href=\"https:\/\/led.amasly.com\/hu_hu\/products\/\" target=\"\" rel=\"noopener\"><img decoding=\"async\" srcset=\"https:\/\/led.amasly.com\/wp-content\/uploads\/2024\/07\/LED-street-light.jpg ,https:\/\/led.amasly.com\/wp-content\/uploads\/2024\/07\/LED-street-light.jpg 780w, https:\/\/led.amasly.com\/wp-content\/uploads\/2024\/07\/LED-street-light.jpg 360w\" sizes=\"auto, (max-width: 480px) 150px\" src=\"https:\/\/led.amasly.com\/wp-content\/uploads\/2024\/07\/LED-street-light.jpg\" alt=\"\" class=\"uag-image-1145\" width=\"300\" height=\"300\" title=\"LED-es utcai l\u00e1mp\u00e1k\" loading=\"lazy\" role=\"img\"><\/a><\/figure><\/div>\n<\/div>\n<\/div><\/div>\n\n\n\n<div class=\"wp-block-uagb-container uagb-block-6a60882c alignfull uagb-is-root-container\"><div class=\"uagb-container-inner-blocks-wrap\">\n<div class=\"wp-block-uagb-container uagb-block-f1e91a35\">\n<h4 class=\"wp-block-heading has-text-align-center\"><a href=\"https:\/\/led.amasly.com\/hu_hu\/products\/led-flood-lights\/\">LED \u00e1rv\u00edzf\u00e9nyek<\/a><\/h4>\n<\/div>\n\n\n\n<div class=\"wp-block-uagb-container uagb-block-165bfa58\">\n<h4 class=\"wp-block-heading has-text-align-center\"><a href=\"https:\/\/led.amasly.com\/hu_hu\/products\/led-high-bay-light\/\">LED High Bay f\u00e9nyek<\/a><\/h4>\n<\/div>\n\n\n\n<div class=\"wp-block-uagb-container uagb-block-f6096e3b\">\n<h4 class=\"wp-block-heading has-text-align-center\"><a href=\"https:\/\/led.amasly.com\/hu_hu\/products\/https:\/\/led.amasly.com\/products\/led-street-lights\/\">LED utcai l\u00e1mp\u00e1k<\/a><\/h4>\n<\/div>\n<\/div><\/div>\n\n\n\n<div class=\"wp-block-uagb-container uagb-block-99c0e0a5 alignfull uagb-is-root-container\"><div class=\"uagb-container-inner-blocks-wrap\"><\/div><\/div>","protected":false},"excerpt":{"rendered":"<p>Explosion Proof Tube Lights\/Explosion Proof Fluorescent Lights Guidance Content Contact Application 1. widely used in oil mining, oil refining, chemical, military and other dangerous environmental places of the factory and road lighting 2. suitable for coastal, river and other wind pressure, wind speed environment; 3. suitable for thousands of explosive gas environment of zone 1, [&hellip;]<\/p>\n","protected":false},"author":1,"featured_media":0,"parent":1156,"menu_order":3,"comment_status":"closed","ping_status":"closed","template":"","meta":{"_uag_custom_page_level_css":"","site-sidebar-layout":"no-sidebar","site-content-layout":"","ast-site-content-layout":"default","site-content-style":"default","site-sidebar-style":"default","ast-global-header-display":"","ast-banner-title-visibility":"","ast-main-header-display":"","ast-hfb-above-header-display":"","ast-hfb-below-header-display":"","ast-hfb-mobile-header-display":"","site-post-title":"disabled","ast-breadcrumbs-content":"","ast-featured-img":"","footer-sml-layout":"","ast-disable-related-posts":"","theme-transparent-header-meta":"enabled","adv-header-id-meta":"","stick-header-meta":"","header-above-stick-meta":"","header-main-stick-meta":"","header-below-stick-meta":"","astra-migrate-meta-layouts":"set","ast-page-background-enabled":"default","ast-page-background-meta":{"desktop":{"background-color":"var(--ast-global-color-4)","background-image":"","background-repeat":"repeat","background-position":"center center","background-size":"auto","background-attachment":"scroll","background-type":"","background-media":"","overlay-type":"","overlay-color":"","overlay-opacity":"","overlay-gradient":""},"tablet":{"background-color":"","background-image":"","background-repeat":"repeat","background-position":"center center","background-size":"auto","background-attachment":"scroll","background-type":"","background-media":"","overlay-type":"","overlay-color":"","overlay-opacity":"","overlay-gradient":""},"mobile":{"background-color":"","background-image":"","background-repeat":"repeat","background-position":"center center","background-size":"auto","background-attachment":"scroll","background-type":"","background-media":"","overlay-type":"","overlay-color":"","overlay-opacity":"","overlay-gradient":""}},"ast-content-background-meta":{"desktop":{"background-color":"var(--ast-global-color-5)","background-image":"","background-repeat":"repeat","background-position":"center center","background-size":"auto","background-attachment":"scroll","background-type":"","background-media":"","overlay-type":"","overlay-color":"","overlay-opacity":"","overlay-gradient":""},"tablet":{"background-color":"var(--ast-global-color-5)","background-image":"","background-repeat":"repeat","background-position":"center center","background-size":"auto","background-attachment":"scroll","background-type":"","background-media":"","overlay-type":"","overlay-color":"","overlay-opacity":"","overlay-gradient":""},"mobile":{"background-color":"var(--ast-global-color-5)","background-image":"","background-repeat":"repeat","background-position":"center center","background-size":"auto","background-attachment":"scroll","background-type":"","background-media":"","overlay-type":"","overlay-color":"","overlay-opacity":"","overlay-gradient":""}},"footnotes":"[]"},"class_list":["post-1231","page","type-page","status-publish","hentry"],"uagb_featured_image_src":{"full":false,"thumbnail":false,"medium":false,"medium_large":false,"large":false,"1536x1536":false,"2048x2048":false,"trp-custom-language-flag":false},"uagb_author_info":{"display_name":"Joe","author_link":"https:\/\/led.amasly.com\/hu_hu\/author\/jacklin\/"},"uagb_comment_info":0,"uagb_excerpt":"Explosion Proof Tube Lights\/Explosion Proof Fluorescent Lights Guidance Content Contact Application 1. widely used in oil mining, oil refining, chemical, military and other dangerous environmental places of the factory and road lighting 2. suitable for coastal, river and other wind pressure, wind speed environment; 3. suitable for thousands of explosive gas environment of zone 1,&hellip;","_links":{"self":[{"href":"https:\/\/led.amasly.com\/hu_hu\/wp-json\/wp\/v2\/pages\/1231","targetHints":{"allow":["GET"]}}],"collection":[{"href":"https:\/\/led.amasly.com\/hu_hu\/wp-json\/wp\/v2\/pages"}],"about":[{"href":"https:\/\/led.amasly.com\/hu_hu\/wp-json\/wp\/v2\/types\/page"}],"author":[{"embeddable":true,"href":"https:\/\/led.amasly.com\/hu_hu\/wp-json\/wp\/v2\/users\/1"}],"replies":[{"embeddable":true,"href":"https:\/\/led.amasly.com\/hu_hu\/wp-json\/wp\/v2\/comments?post=1231"}],"version-history":[{"count":12,"href":"https:\/\/led.amasly.com\/hu_hu\/wp-json\/wp\/v2\/pages\/1231\/revisions"}],"predecessor-version":[{"id":4468,"href":"https:\/\/led.amasly.com\/hu_hu\/wp-json\/wp\/v2\/pages\/1231\/revisions\/4468"}],"up":[{"embeddable":true,"href":"https:\/\/led.amasly.com\/hu_hu\/wp-json\/wp\/v2\/pages\/1156"}],"wp:attachment":[{"href":"https:\/\/led.amasly.com\/hu_hu\/wp-json\/wp\/v2\/media?parent=1231"}],"curies":[{"name":"wp","href":"https:\/\/api.w.org\/{rel}","templated":true}]}}