{"id":4155,"date":"2025-07-21T21:11:16","date_gmt":"2025-07-21T13:11:16","guid":{"rendered":"https:\/\/led.amasly.com\/?page_id=4155"},"modified":"2026-01-24T20:11:22","modified_gmt":"2026-01-24T12:11:22","slug":"basketball-court-lighting-configuration-guide","status":"publish","type":"page","link":"https:\/\/led.amasly.com\/fr\/knowledge\/outdoor-light-knowledge\/basketball-court-lighting-configuration-guide\/","title":{"rendered":"Guide de configuration de l'\u00e9clairage des terrains de basket-ball"},"content":{"rendered":"<div class=\"wp-block-uagb-container uagb-block-27bae773 alignfull uagb-is-root-container\"><div class=\"uagb-container-inner-blocks-wrap\"><\/div><\/div>\n\n\n\n<h1 class=\"wp-block-heading has-text-align-center\"><strong>Guide de configuration de l'\u00e9clairage des terrains de basket-ball<\/strong><strong><\/strong><\/h1>\n\n\n\n<h2 class=\"wp-block-heading\"><strong>Eclairage du terrain de basket ext\u00e9rieur <strong>Guide de configuration<\/strong><\/strong><\/h2>\n\n\n\n<p>Lors du choix de l'\u00e9clairage d'un terrain de basket ext\u00e9rieur, vous devez prendre en compte les facteurs cl\u00e9s suivants :<\/p>\n\n\n\n<h2 class=\"wp-block-heading\"><strong>1. <strong>Guide de configuration de l'\u00e9clairage des terrains de basket-ball<\/strong><\/strong> <strong>Uniformit\u00e9 :<\/strong><\/h2>\n\n\n\n<p>Un \u00e9clairage uniforme permet d'\u00e9viter les zones trop lumineuses ou trop sombres, offrant ainsi un environnement visuel confortable. Choisissez des appareils d'\u00e9clairage et des solutions de conception appropri\u00e9s pour garantir une r\u00e9partition uniforme de l'\u00e9clairage sur le terrain de basket.<\/p>\n\n\n\n<figure class=\"wp-block-image aligncenter size-large\"><img decoding=\"async\" width=\"1024\" height=\"576\" src=\"https:\/\/led.amasly.com\/wp-content\/uploads\/2025\/07\/Basketball-Court-Lighting-1-1024x576.png\" alt=\"\" class=\"wp-image-4189\" title=\"\" srcset=\"https:\/\/led.amasly.com\/wp-content\/uploads\/2025\/07\/Basketball-Court-Lighting-1-1024x576.png 1024w, https:\/\/led.amasly.com\/wp-content\/uploads\/2025\/07\/Basketball-Court-Lighting-1-300x169.png 300w, https:\/\/led.amasly.com\/wp-content\/uploads\/2025\/07\/Basketball-Court-Lighting-1-768x432.png 768w, https:\/\/led.amasly.com\/wp-content\/uploads\/2025\/07\/Basketball-Court-Lighting-1-18x10.png 18w, https:\/\/led.amasly.com\/wp-content\/uploads\/2025\/07\/Basketball-Court-Lighting-1.png 1080w\" sizes=\"(max-width: 1024px) 100vw, 1024px\" \/><\/figure>\n\n\n\n<h2 class=\"wp-block-heading\"><strong>2. <strong>Guide de configuration de l'\u00e9clairage des terrains de basket-ball<\/strong><\/strong> <strong>L'intensit\u00e9 lumineuse :<\/strong><\/h2>\n\n\n\n<p>L'\u00e9clairement est un indicateur cl\u00e9 de la qualit\u00e9 de l'\u00e9clairage, qui correspond \u00e0 la quantit\u00e9 de lumi\u00e8re par unit\u00e9 de surface. L'\u00e9clairement du terrain de basket doit \u00eatre suffisamment \u00e9lev\u00e9 pour permettre aux athl\u00e8tes de voir clairement chaque d\u00e9tail du terrain, tout en offrant une bonne visibilit\u00e9 aux spectateurs et aux cam\u00e9ras.<\/p>\n\n\n\n<figure class=\"wp-block-image aligncenter size-large\"><img decoding=\"async\" width=\"1024\" height=\"708\" src=\"https:\/\/led.amasly.com\/wp-content\/uploads\/2025\/07\/basketball-court-1024x708.jpg\" alt=\"Basketball Court Lighting Configuration Guide\" class=\"wp-image-4190\" title=\"\" srcset=\"https:\/\/led.amasly.com\/wp-content\/uploads\/2025\/07\/basketball-court-1024x708.jpg 1024w, https:\/\/led.amasly.com\/wp-content\/uploads\/2025\/07\/basketball-court-300x208.jpg 300w, https:\/\/led.amasly.com\/wp-content\/uploads\/2025\/07\/basketball-court-768x531.jpg 768w, https:\/\/led.amasly.com\/wp-content\/uploads\/2025\/07\/basketball-court-18x12.jpg 18w, https:\/\/led.amasly.com\/wp-content\/uploads\/2025\/07\/basketball-court.jpg 1080w\" sizes=\"(max-width: 1024px) 100vw, 1024px\" \/><\/figure>\n\n\n\n<h2 class=\"wp-block-heading\"><strong>3. <strong>Guide de configuration de l'\u00e9clairage des terrains de basket-ball<\/strong><\/strong> <strong>Contr\u00f4le de l'\u00e9blouissement :<\/strong><\/h2>\n\n\n\n<p>Contr\u00f4le de l'\u00e9blouissement : L'\u00e9blouissement peut nuire au confort visuel des athl\u00e8tes et \u00e0 la qualit\u00e9 du jeu. Choisissez des appareils d'\u00e9clairage et des emplacements d'installation appropri\u00e9s pour r\u00e9duire l'\u00e9blouissement direct, en veillant \u00e0 ce que la lumi\u00e8re soit douce et non \u00e9blouissante.<\/p>\n\n\n\n<figure class=\"wp-block-image aligncenter size-large\"><img decoding=\"async\" width=\"1024\" height=\"705\" src=\"https:\/\/led.amasly.com\/wp-content\/uploads\/2025\/07\/basketball-court-light-1024x705.jpg\" alt=\"\" class=\"wp-image-4191\" title=\"\" srcset=\"https:\/\/led.amasly.com\/wp-content\/uploads\/2025\/07\/basketball-court-light-1024x705.jpg 1024w, https:\/\/led.amasly.com\/wp-content\/uploads\/2025\/07\/basketball-court-light-300x207.jpg 300w, https:\/\/led.amasly.com\/wp-content\/uploads\/2025\/07\/basketball-court-light-768x529.jpg 768w, https:\/\/led.amasly.com\/wp-content\/uploads\/2025\/07\/basketball-court-light-18x12.jpg 18w, https:\/\/led.amasly.com\/wp-content\/uploads\/2025\/07\/basketball-court-light.jpg 1080w\" sizes=\"(max-width: 1024px) 100vw, 1024px\" \/><\/figure>\n\n\n\n<p>Contr\u00f4le de l'\u00e9blouissement :<\/p>\n\n\n\n<p>L'\u00e9blouissement peut affecter le confort visuel des athl\u00e8tes et la qualit\u00e9 du jeu. Choisissez des appareils d'\u00e9clairage et des emplacements d'installation appropri\u00e9s pour r\u00e9duire l'\u00e9blouissement direct, en veillant \u00e0 ce que la lumi\u00e8re soit douce et non \u00e9blouissante.<\/p>\n\n\n\n<figure class=\"wp-block-image aligncenter size-full\"><img decoding=\"async\" width=\"775\" height=\"814\" src=\"https:\/\/led.amasly.com\/wp-content\/uploads\/2025\/07\/basketball-court-light-pole.jpg\" alt=\"\" class=\"wp-image-4192\" title=\"\" srcset=\"https:\/\/led.amasly.com\/wp-content\/uploads\/2025\/07\/basketball-court-light-pole.jpg 775w, https:\/\/led.amasly.com\/wp-content\/uploads\/2025\/07\/basketball-court-light-pole-286x300.jpg 286w, https:\/\/led.amasly.com\/wp-content\/uploads\/2025\/07\/basketball-court-light-pole-768x807.jpg 768w, https:\/\/led.amasly.com\/wp-content\/uploads\/2025\/07\/basketball-court-light-pole-11x12.jpg 11w\" sizes=\"(max-width: 775px) 100vw, 775px\" \/><\/figure>\n\n\n\n<h2 class=\"wp-block-heading\"><strong>4. <strong>Guide de configuration de l'\u00e9clairage des terrains de basket-ball<\/strong><\/strong> <strong>Hauteur d'installation :<\/strong><\/h2>\n\n\n\n<p>La hauteur d'installation des luminaires doit \u00eatre comprise entre 6 et 8 m\u00e8tres afin de garantir que l'\u00e9clairage couvre l'ensemble du terrain de basket et assure une distribution uniforme de la lumi\u00e8re.<\/p>\n\n\n\n<h2 class=\"wp-block-heading\"><strong>Guide de configuration de l'\u00e9clairage des terrains de basket-ball<\/strong> <strong>R\u00e9sum\u00e9<\/strong><\/h2>\n\n\n\n<p class=\"has-text-align-left\">Lors de la s\u00e9lection de produits d'\u00e9clairage sp\u00e9cifiques, il convient de tenir compte des marques d'\u00e9clairage sportif bien connues sur le march\u00e9. Amasly Sports Lighting propose des solutions d'\u00e9clairage professionnelles et fournit des conceptions et des services personnalis\u00e9s adapt\u00e9s aux besoins sp\u00e9cifiques des diff\u00e9rents terrains de basket.<\/p>\n\n\n\n<div class=\"wp-block-uagb-container uagb-block-c7d898dd alignfull uagb-is-root-container\"><div class=\"uagb-container-inner-blocks-wrap\"><\/div><\/div>\n\n\n\n<h2 class=\"wp-block-heading\"><strong>FAQ sur la lumi\u00e8re d'Amasly<\/strong><\/h2>\n\n\n\n<p><strong>Q1. Puis-je avoir une commande d'\u00e9chantillons pour la lumi\u00e8re LED ?<\/strong><strong><\/strong><\/p>\n\n\n\n<p>R : Oui, nous acceptons les commandes d'\u00e9chantillons pour tester et v\u00e9rifier la qualit\u00e9. Les \u00e9chantillons mixtes sont accept\u00e9s.<\/p>\n\n\n\n<p><strong>Q2 : Qu'en est-il du d\u00e9lai d'ex\u00e9cution ?<\/strong><strong><\/strong><\/p>\n\n\n\n<p>R : Il faut compter 3 \u00e0 5 jours pour l'\u00e9chantillonnage et 1 \u00e0 2 semaines pour la production de masse.<\/p>\n\n\n\n<p><strong>Q3. Avez-vous une limite de quantit\u00e9 pour les commandes de lampes \u00e0 DEL ?<\/strong><strong><\/strong><\/p>\n\n\n\n<p>R : Faible MOQ 1pc pour v\u00e9rification de l'\u00e9chantillon est disponible.<\/p>\n\n\n\n<p><strong>Q4. Comment exp\u00e9diez-vous les marchandises et combien de temps faut-il pour qu'elles arrivent \u00e0 destination ?<\/strong><strong><\/strong><\/p>\n\n\n\n<p>R : Nous exp\u00e9dions g\u00e9n\u00e9ralement par <a href=\"https:\/\/www.dhl.com\" rel=\"nofollow noopener\" target=\"_blank\">DHL<\/a>, UPS, FedEx ou TNT. Le d\u00e9lai de livraison est g\u00e9n\u00e9ralement de 3 \u00e0 5 jours. Le transport a\u00e9rien et maritime est \u00e9galement possible.<\/p>\n\n\n\n<p><strong>Q5. Comment proc\u00e9der \u00e0 une commande de lumi\u00e8re LED ?<\/strong><strong><\/strong><\/p>\n\n\n\n<p>A :<\/p>\n\n\n\n<p>Faites-nous d'abord part de vos besoins ou de votre demande.<\/p>\n\n\n\n<p>Deuxi\u00e8mement, nous \u00e9tablissons des devis en fonction de vos exigences ou de nos suggestions.<\/p>\n\n\n\n<p>Troisi\u00e8mement, le client confirme les \u00e9chantillons et verse un acompte pour la commande officielle.<\/p>\n\n\n\n<p>Quatri\u00e8mement, nous organisons la production.<\/p>\n\n\n\n<p><strong>Q6. Est-il possible d'imprimer mon <\/strong><strong>LOGO<\/strong><strong>&nbsp;sur led light product ?<\/strong><strong><\/strong><\/p>\n\n\n\n<p>R : Oui, veuillez nous informer formellement avant la production et nous confirmer la conception d'abord sur la base de notre \u00e9chantillon.<\/p>\n\n\n\n<p><strong>Q7 : Offrez-vous une garantie pour vos produits ?<\/strong><strong><\/strong><\/p>\n\n\n\n<p>R : Oui, nous offrons une garantie de 2 \u00e0 5 ans sur nos produits.<\/p>\n\n\n\n<p><strong>Q8 : Comment traiter les d\u00e9fauts ?<\/strong><strong><\/strong><\/p>\n\n\n\n<p>A :<\/p>\n\n\n\n<p>Premi\u00e8rement, nos produits sont soumis \u00e0 un syst\u00e8me de contr\u00f4le de qualit\u00e9 dinstrict et le taux de d\u00e9fectuosit\u00e9 est inf\u00e9rieur \u00e0 0,2%.<\/p>\n\n\n\n<p>Deuxi\u00e8mement, pendant la p\u00e9riode de garantie, nous fournirons des pi\u00e8ces pour remplacer la pi\u00e8ce d\u00e9fectueuse. Pour les commandes en gros, nous fournirons les pi\u00e8ces vuln\u00e9rables \u00e0 l'avance, ou nous pourrons discuter de solutions, y compris des rappels, en fonction de la situation r\u00e9elle.<\/p>\n\n\n\n<p><strong>Q9 : Peut-on fabriquer des lampes antid\u00e9flagrantes \u00e0 basse tension avec des tensions CA\/CC de 12V, 24V, 36V ou 48V ? <\/strong><\/p>\n\n\n\n<p>Amasly peut \u00eatre utilis\u00e9 comme lampe antid\u00e9flagrante basse tension et haute tension - AC\/DC 12V, 24V, 36V, 48V, AC 85-265V, AC 380V. <\/p>\n\n\n\n<p><strong>Q10 : Peut-on ajouter des piles d'urgence aux Explosion Poof Lights ? <\/strong><\/p>\n\n\n\n<p>La lampe antid\u00e9flagrante Amasly peut \u00eatre \u00e9quip\u00e9e de piles de secours au lithium. La dur\u00e9e de secours est de 90 minutes, 120 minutes ou 180 minutes. <\/p>\n\n\n\n<p><strong>Q11 : La lampe antid\u00e9flagrante Amasly peut-elle \u00eatre personnalis\u00e9e en tant que produit OEM ? <\/strong><\/p>\n\n\n\n<p>Les lampes antid\u00e9flagrantes d'Amasly peuvent \u00eatre personnalis\u00e9es en fonction des exigences du client, tant pour les lampes que pour les cartons d'emballage.<\/p>\n\n\n\n<h2 class=\"wp-block-heading\">Produits apparent\u00e9s<\/h2>\n\n\n\n<div class=\"wp-block-uagb-container uagb-block-66e4defc alignfull uagb-is-root-container\"><div class=\"uagb-container-inner-blocks-wrap\">\n<div class=\"wp-block-uagb-container uagb-block-a42945f9\">\n<div class=\"wp-block-uagb-image uagb-block-7296296b wp-block-uagb-image--layout-default wp-block-uagb-image--effect-static wp-block-uagb-image--align-none\"><figure class=\"wp-block-uagb-image__figure\"><a class=\"\" href=\"https:\/\/led.amasly.com\/fr\/products\/\" target=\"\" rel=\"noopener\"><img decoding=\"async\" srcset=\"https:\/\/led.amasly.com\/wp-content\/uploads\/2024\/09\/Explosion-proof-high-bay-lights.png ,https:\/\/led.amasly.com\/wp-content\/uploads\/2024\/09\/Explosion-proof-high-bay-lights.png 780w, https:\/\/led.amasly.com\/wp-content\/uploads\/2024\/09\/Explosion-proof-high-bay-lights.png 360w\" sizes=\"auto, (max-width: 480px) 150px\" src=\"https:\/\/led.amasly.com\/wp-content\/uploads\/2024\/09\/Explosion-proof-high-bay-lights.png\" alt=\"\" class=\"uag-image-1495\" width=\"300\" height=\"300\" title=\"Lampes \u00e0 grande hauteur antid\u00e9flagrantes\" loading=\"lazy\" role=\"img\"><\/a><\/figure><\/div>\n<\/div>\n\n\n\n<div class=\"wp-block-uagb-container uagb-block-4d3efde5\">\n<div class=\"wp-block-uagb-image uagb-block-c9e90797 wp-block-uagb-image--layout-default wp-block-uagb-image--effect-static wp-block-uagb-image--align-none\"><figure class=\"wp-block-uagb-image__figure\"><a class=\"\" href=\"https:\/\/led.amasly.com\/fr\/products\/\" target=\"\" rel=\"noopener\"><img decoding=\"async\" srcset=\"https:\/\/led.amasly.com\/wp-content\/uploads\/2024\/07\/LED-tri-proof-lights2.png ,https:\/\/led.amasly.com\/wp-content\/uploads\/2024\/07\/LED-tri-proof-lights2.png 780w, https:\/\/led.amasly.com\/wp-content\/uploads\/2024\/07\/LED-tri-proof-lights2.png 360w\" sizes=\"auto, (max-width: 480px) 150px\" src=\"https:\/\/led.amasly.com\/wp-content\/uploads\/2024\/07\/LED-tri-proof-lights2.png\" alt=\"\" class=\"uag-image-1132\" width=\"300\" height=\"300\" title=\"LED-tri-proof-lights2\" loading=\"lazy\" role=\"img\"><\/a><\/figure><\/div>\n<\/div>\n\n\n\n<div class=\"wp-block-uagb-container uagb-block-11c2578b\">\n<div class=\"wp-block-uagb-image uagb-block-6e8883aa wp-block-uagb-image--layout-default wp-block-uagb-image--effect-static wp-block-uagb-image--align-none\"><figure class=\"wp-block-uagb-image__figure\"><a class=\"\" href=\"https:\/\/led.amasly.com\/fr\/products\/\" target=\"\" rel=\"noopener\"><img decoding=\"async\" srcset=\"https:\/\/led.amasly.com\/wp-content\/uploads\/2024\/09\/LED-Explosion-Proof-Gas-Station-Light.png ,https:\/\/led.amasly.com\/wp-content\/uploads\/2024\/09\/LED-Explosion-Proof-Gas-Station-Light.png 780w, https:\/\/led.amasly.com\/wp-content\/uploads\/2024\/09\/LED-Explosion-Proof-Gas-Station-Light.png 360w\" sizes=\"auto, (max-width: 480px) 150px\" src=\"https:\/\/led.amasly.com\/wp-content\/uploads\/2024\/09\/LED-Explosion-Proof-Gas-Station-Light.png\" alt=\"\" class=\"uag-image-1501\" width=\"300\" height=\"300\" title=\"Lampe LED antid\u00e9flagrante pour station-service\" loading=\"lazy\" role=\"img\"><\/a><\/figure><\/div>\n<\/div>\n<\/div><\/div>\n\n\n\n<div class=\"wp-block-uagb-container uagb-block-548945b5 alignfull uagb-is-root-container\"><div class=\"uagb-container-inner-blocks-wrap\">\n<div class=\"wp-block-uagb-container uagb-block-967755d5\">\n<h4 class=\"wp-block-heading has-text-align-center\"><a href=\"https:\/\/led.amasly.com\/fr\/products\/\">Lampes LED antid\u00e9flagrantes<\/a><\/h4>\n<\/div>\n\n\n\n<div class=\"wp-block-uagb-container uagb-block-9bc52fc2\">\n<h4 class=\"wp-block-heading has-text-align-center\"><a href=\"https:\/\/led.amasly.com\/fr\/products\/\">Lampes LED Tri-Proof<\/a><\/h4>\n<\/div>\n\n\n\n<div class=\"wp-block-uagb-container uagb-block-8ffa0a23\">\n<h4 class=\"wp-block-heading has-text-align-center\"><a href=\"https:\/\/led.amasly.com\/fr\/products\/\">Lampes antid\u00e9flagrantes pour stations-service<\/a><\/h4>\n<\/div>\n<\/div><\/div>\n\n\n\n<div class=\"wp-block-uagb-container uagb-block-29499fe0 alignfull uagb-is-root-container\"><div class=\"uagb-container-inner-blocks-wrap\">\n<div class=\"wp-block-uagb-container uagb-block-777ee1c7\">\n<div class=\"wp-block-uagb-image uagb-block-2e9a1851 wp-block-uagb-image--layout-default wp-block-uagb-image--effect-static wp-block-uagb-image--align-none\"><figure class=\"wp-block-uagb-image__figure\"><a class=\"\" href=\"https:\/\/led.amasly.com\/fr\/products\/\" target=\"\" rel=\"noopener\"><img decoding=\"async\" srcset=\"https:\/\/led.amasly.com\/wp-content\/uploads\/2024\/10\/50W-100W-150W-200W-300W-LED-Flood-Light.jpg ,https:\/\/led.amasly.com\/wp-content\/uploads\/2024\/10\/50W-100W-150W-200W-300W-LED-Flood-Light.jpg 780w, https:\/\/led.amasly.com\/wp-content\/uploads\/2024\/10\/50W-100W-150W-200W-300W-LED-Flood-Light.jpg 360w\" sizes=\"auto, (max-width: 480px) 150px\" src=\"https:\/\/led.amasly.com\/wp-content\/uploads\/2024\/10\/50W-100W-150W-200W-300W-LED-Flood-Light.jpg\" alt=\"\" class=\"uag-image-1526\" width=\"300\" height=\"300\" title=\"50W 100W 150W 200W 300W LED Flood Light\" loading=\"lazy\" role=\"img\"><\/a><\/figure><\/div>\n<\/div>\n\n\n\n<div class=\"wp-block-uagb-container uagb-block-af8c8683\">\n<div class=\"wp-block-uagb-image uagb-block-67947854 wp-block-uagb-image--layout-default wp-block-uagb-image--effect-static wp-block-uagb-image--align-none\"><figure class=\"wp-block-uagb-image__figure\"><a class=\"\" href=\"https:\/\/led.amasly.com\/fr\/products\/\" target=\"\" rel=\"noopener\"><img decoding=\"async\" srcset=\"https:\/\/led.amasly.com\/wp-content\/uploads\/2024\/07\/led-tri-proof-light.png ,https:\/\/led.amasly.com\/wp-content\/uploads\/2024\/07\/led-tri-proof-light.png 780w, https:\/\/led.amasly.com\/wp-content\/uploads\/2024\/07\/led-tri-proof-light.png 360w\" sizes=\"auto, (max-width: 480px) 150px\" src=\"https:\/\/led.amasly.com\/wp-content\/uploads\/2024\/07\/led-tri-proof-light.png\" alt=\"\" class=\"uag-image-1130\" width=\"300\" height=\"300\" title=\"led-tri-proof-light\" loading=\"lazy\" role=\"img\"><\/a><\/figure><\/div>\n<\/div>\n\n\n\n<div class=\"wp-block-uagb-container uagb-block-0fdfdd58\">\n<div class=\"wp-block-uagb-image uagb-block-1187d32d wp-block-uagb-image--layout-default wp-block-uagb-image--effect-static wp-block-uagb-image--align-none\"><figure class=\"wp-block-uagb-image__figure\"><a class=\"\" href=\"https:\/\/led.amasly.com\/fr\/products\/\" target=\"\" rel=\"noopener\"><img decoding=\"async\" srcset=\"https:\/\/led.amasly.com\/wp-content\/uploads\/2024\/07\/LED-street-light.jpg ,https:\/\/led.amasly.com\/wp-content\/uploads\/2024\/07\/LED-street-light.jpg 780w, https:\/\/led.amasly.com\/wp-content\/uploads\/2024\/07\/LED-street-light.jpg 360w\" sizes=\"auto, (max-width: 480px) 150px\" src=\"https:\/\/led.amasly.com\/wp-content\/uploads\/2024\/07\/LED-street-light.jpg\" alt=\"\" class=\"uag-image-1145\" width=\"300\" height=\"300\" title=\"Eclairage de rue LED\" loading=\"lazy\" role=\"img\"><\/a><\/figure><\/div>\n<\/div>\n<\/div><\/div>\n\n\n\n<div class=\"wp-block-uagb-container uagb-block-6a60882c alignfull uagb-is-root-container\"><div class=\"uagb-container-inner-blocks-wrap\">\n<div class=\"wp-block-uagb-container uagb-block-f1e91a35\">\n<h4 class=\"wp-block-heading has-text-align-center\"><a href=\"https:\/\/led.amasly.com\/fr\/products\/\">Lampes de sol \u00e0 diodes \u00e9lectroluminescentes<\/a><\/h4>\n<\/div>\n\n\n\n<div class=\"wp-block-uagb-container uagb-block-165bfa58\">\n<h4 class=\"wp-block-heading has-text-align-center\"><a href=\"https:\/\/led.amasly.com\/fr\/products\/\">Lampes tubulaires LED Tri-Proof<\/a><\/h4>\n<\/div>\n\n\n\n<div class=\"wp-block-uagb-container uagb-block-f6096e3b\">\n<h4 class=\"wp-block-heading has-text-align-center\"><a href=\"https:\/\/led.amasly.com\/fr\/products\/\">Lampes de rue LED<\/a><\/h4>\n<\/div>\n<\/div><\/div>\n\n\n\n<div class=\"wp-block-uagb-container uagb-block-99c0e0a5 alignfull uagb-is-root-container\"><div class=\"uagb-container-inner-blocks-wrap\"><\/div><\/div>\n\n\n\n<p><\/p>","protected":false},"excerpt":{"rendered":"<p>Basketball Court Lighting Configuration Guide Outdoor Basketball Court Lighting Configuration Guide When selecting light for an outdoor basketball court, you need to consider the following key factors: 1. Basketball Court Lighting Configuration Guide Uniformity: Uniform lighting prevents overly bright or dark areas, providing a comfortable visual environment. Choose appropriate lighting fixtures and design solutions to [&hellip;]<\/p>\n","protected":false},"author":1,"featured_media":0,"parent":4122,"menu_order":0,"comment_status":"closed","ping_status":"closed","template":"","meta":{"_uag_custom_page_level_css":"","site-sidebar-layout":"no-sidebar","site-content-layout":"","ast-site-content-layout":"default","site-content-style":"default","site-sidebar-style":"default","ast-global-header-display":"","ast-banner-title-visibility":"","ast-main-header-display":"","ast-hfb-above-header-display":"","ast-hfb-below-header-display":"","ast-hfb-mobile-header-display":"","site-post-title":"disabled","ast-breadcrumbs-content":"","ast-featured-img":"","footer-sml-layout":"","ast-disable-related-posts":"","theme-transparent-header-meta":"enabled","adv-header-id-meta":"","stick-header-meta":"","header-above-stick-meta":"","header-main-stick-meta":"","header-below-stick-meta":"","astra-migrate-meta-layouts":"set","ast-page-background-enabled":"default","ast-page-background-meta":{"desktop":{"background-color":"var(--ast-global-color-4)","background-image":"","background-repeat":"repeat","background-position":"center center","background-size":"auto","background-attachment":"scroll","background-type":"","background-media":"","overlay-type":"","overlay-color":"","overlay-opacity":"","overlay-gradient":""},"tablet":{"background-color":"","background-image":"","background-repeat":"repeat","background-position":"center center","background-size":"auto","background-attachment":"scroll","background-type":"","background-media":"","overlay-type":"","overlay-color":"","overlay-opacity":"","overlay-gradient":""},"mobile":{"background-color":"","background-image":"","background-repeat":"repeat","background-position":"center center","background-size":"auto","background-attachment":"scroll","background-type":"","background-media":"","overlay-type":"","overlay-color":"","overlay-opacity":"","overlay-gradient":""}},"ast-content-background-meta":{"desktop":{"background-color":"var(--ast-global-color-5)","background-image":"","background-repeat":"repeat","background-position":"center center","background-size":"auto","background-attachment":"scroll","background-type":"","background-media":"","overlay-type":"","overlay-color":"","overlay-opacity":"","overlay-gradient":""},"tablet":{"background-color":"var(--ast-global-color-5)","background-image":"","background-repeat":"repeat","background-position":"center center","background-size":"auto","background-attachment":"scroll","background-type":"","background-media":"","overlay-type":"","overlay-color":"","overlay-opacity":"","overlay-gradient":""},"mobile":{"background-color":"var(--ast-global-color-5)","background-image":"","background-repeat":"repeat","background-position":"center center","background-size":"auto","background-attachment":"scroll","background-type":"","background-media":"","overlay-type":"","overlay-color":"","overlay-opacity":"","overlay-gradient":""}},"footnotes":""},"class_list":["post-4155","page","type-page","status-publish","hentry"],"uagb_featured_image_src":{"full":false,"thumbnail":false,"medium":false,"medium_large":false,"large":false,"1536x1536":false,"2048x2048":false,"trp-custom-language-flag":false},"uagb_author_info":{"display_name":"Joe","author_link":"https:\/\/led.amasly.com\/fr\/author\/jacklin\/"},"uagb_comment_info":0,"uagb_excerpt":"Basketball Court Lighting Configuration Guide Outdoor Basketball Court Lighting Configuration Guide When selecting light for an outdoor basketball court, you need to consider the following key factors: 1. Basketball Court Lighting Configuration Guide Uniformity: Uniform lighting prevents overly bright or dark areas, providing a comfortable visual environment. Choose appropriate lighting fixtures and design solutions to\u2026","_links":{"self":[{"href":"https:\/\/led.amasly.com\/fr\/wp-json\/wp\/v2\/pages\/4155","targetHints":{"allow":["GET"]}}],"collection":[{"href":"https:\/\/led.amasly.com\/fr\/wp-json\/wp\/v2\/pages"}],"about":[{"href":"https:\/\/led.amasly.com\/fr\/wp-json\/wp\/v2\/types\/page"}],"author":[{"embeddable":true,"href":"https:\/\/led.amasly.com\/fr\/wp-json\/wp\/v2\/users\/1"}],"replies":[{"embeddable":true,"href":"https:\/\/led.amasly.com\/fr\/wp-json\/wp\/v2\/comments?post=4155"}],"version-history":[{"count":3,"href":"https:\/\/led.amasly.com\/fr\/wp-json\/wp\/v2\/pages\/4155\/revisions"}],"predecessor-version":[{"id":4701,"href":"https:\/\/led.amasly.com\/fr\/wp-json\/wp\/v2\/pages\/4155\/revisions\/4701"}],"up":[{"embeddable":true,"href":"https:\/\/led.amasly.com\/fr\/wp-json\/wp\/v2\/pages\/4122"}],"wp:attachment":[{"href":"https:\/\/led.amasly.com\/fr\/wp-json\/wp\/v2\/media?parent=4155"}],"curies":[{"name":"wp","href":"https:\/\/api.w.org\/{rel}","templated":true}]}}