{"id":4002,"date":"2025-05-28T22:02:21","date_gmt":"2025-05-28T14:02:21","guid":{"rendered":"https:\/\/led.amasly.com\/?page_id=4002"},"modified":"2026-01-18T13:35:45","modified_gmt":"2026-01-18T05:35:45","slug":"explosion-proof-fluorescent-lights-price","status":"publish","type":"page","link":"https:\/\/led.amasly.com\/fr\/light-price\/explosion-proof-fluorescent-lights-price\/","title":{"rendered":"Prix des lampes fluorescentes antid\u00e9flagrantes"},"content":{"rendered":"<div class=\"wp-block-uagb-container uagb-block-27bae773 alignfull uagb-is-root-container\"><div class=\"uagb-container-inner-blocks-wrap\"><\/div><\/div>\n\n\n\n<h1 class=\"wp-block-heading has-text-align-center\"><strong>Prix des lampes fluorescentes antid\u00e9flagrantes<\/strong><\/h1>\n\n\n\n<h2 class=\"wp-block-heading\">Amasly lampes fluorescentes antid\u00e9flagrantes Caract\u00e9ristiques<\/h2>\n\n\n\n<p>Coque moul\u00e9e par injection en alliage de polycarbonate, forte r\u00e9sistance aux chocs, aux temp\u00e9ratures \u00e9lev\u00e9es, au froid, \u00e0 la corrosion et autres caract\u00e9ristiques ;<\/p>\n\n\n\n<p><br>Abat-jour en polycarbonate moul\u00e9 par injection, haute transmission de la lumi\u00e8re et r\u00e9sistance aux chocs violents, conception stri\u00e9e, pr\u00e9vention efficace de l'\u00e9blouissement.<br>Un logiciel optique professionnel con\u00e7oit le syst\u00e8me de distribution de la lumi\u00e8re, la distribution du faisceau est raisonnable, l'\u00e9clairage uniforme, l'efficacit\u00e9 de la r\u00e9flexion, l'efficacit\u00e9 de l'utilisation \u00e9lev\u00e9e.<\/p>\n\n\n\n<p><br>Configuration de marques internationales telles que la source lumineuse Corey LED, disposition raisonnable, lumi\u00e8re unidirectionnelle, uniformit\u00e9 et douceur de la lumi\u00e8re, efficacit\u00e9 lumineuse \u00e9lev\u00e9e, <\/p>\n\n\n\n<p>efficacit\u00e9 lumineuse &gt; 140lm \/ W, rendu des couleurs \u00e9lev\u00e9, Ra&gt; 80, longue dur\u00e9e de vie, pas moins de 100 000 heures, source lumineuse.<\/p>\n\n\n\n<p><br>Pas moins de 100 000 heures, la source lumineuse dans l'utilisation de 5 ans apr\u00e8s le flux lumineux n'est pas moins de 70% de la valeur initiale ;<\/p>\n\n\n\n<p><br>Bloc d'alimentation \u00e0 large tension d'entr\u00e9e, puissance de sortie constante, avec courant constant, circuit ouvert, court-circuit et autres fonctions de protection, bloc d'alimentation de la marque Maoshuo.<\/p>\n\n\n\n<p><br>Selon les besoins de l'utilisateur, les lampes et les lanternes peuvent \u00eatre \u00e9quip\u00e9es de dispositifs d'urgence. En cas de panne de courant, les lampes et les lanternes passent automatiquement \u00e0 l'\u00e9tat d'\u00e9clairage d'urgence.<\/p>\n\n\n\n<p><br>Combinaison de pi\u00e8ces avec une connexion \u00e9troite et fiable, avec une bonne r\u00e9sistance aux chocs, afin de garantir que le produit fonctionne de mani\u00e8re fiable sous des vibrations \u00e0 haute fr\u00e9quence.<\/p>\n\n\n\n<p><br>Configuration de tubes fluorescents LED sp\u00e9ciaux antid\u00e9flagrants, haute efficacit\u00e9, \u00e9conomie d'\u00e9nergie, protection de l'environnement, longue dur\u00e9e de vie.<\/p>\n\n\n\n<p><br>Le corps de la lampe fluorescente et le couvercle transparent adoptent un mode de bouclage multipoint, ce qui garantit une force de fermeture uniforme du couvercle, une \u00e9tanch\u00e9it\u00e9 fiable et une maintenance ais\u00e9e.<\/p>\n\n\n\n<p><br>Coque dot\u00e9e d'un dispositif de respiration bien con\u00e7u, \u00e9quilibrant la diff\u00e9rence de pression entre l'int\u00e9rieur et l'ext\u00e9rieur, \u00e9liminant compl\u00e8tement le ph\u00e9nom\u00e8ne de condensation.<\/p>\n\n\n\n<p><br>Bande d'\u00e9tanch\u00e9it\u00e9 sp\u00e9cialis\u00e9e, r\u00e9sistance au vieillissement, structure d'\u00e9tanch\u00e9it\u00e9 incurv\u00e9e bien con\u00e7ue, niveau de protection \u00e9lev\u00e9.<\/p>\n\n\n\n<p>Structure de charni\u00e8re cach\u00e9e, force plus uniforme, ouverture pratique, entretien facile.<\/p>\n\n\n\n<h2 class=\"wp-block-heading\">Amasly Lampes fluorescentes antid\u00e9flagrantes Champ d'application<\/h2>\n\n\n\n<p>Largement utilis\u00e9 dans les mines de p\u00e9trole, le raffinage du p\u00e9trole, l'industrie chimique, l'industrie militaire et d'autres environnements dangereux pour l'\u00e9clairage de travail et de sc\u00e8ne.<br>Largement utilis\u00e9 dans les mines de p\u00e9trole, le raffinage du p\u00e9trole, l'industrie chimique, l'industrie militaire et d'autres environnements dangereux pour l'\u00e9clairage de travail et de sc\u00e8ne.<br>Convient aux projets de r\u00e9novation visant \u00e0 \u00e9conomiser l'\u00e9nergie et aux endroits o\u00f9 l'entretien et le remplacement sont difficiles.<br>Il est adapt\u00e9 aux endroits soumis \u00e0 des exigences de protection \u00e9lev\u00e9es, \u00e0 l'humidit\u00e9 et aux gaz corrosifs.<br>Il est adapt\u00e9 aux endroits o\u00f9 les exigences de protection sont \u00e9lev\u00e9es, \u00e0 l'humidit\u00e9 et aux gaz corrosifs.<br>Convient aux environnements gazeux explosifs des zones 1 et 2 ; et<br>Convient aux environnements de poussi\u00e8res combustibles dans les zones 21 et 22.<br>Convient pour les environnements de gaz explosifs \u2161A, IIB, IIC.<br>Convient au groupe de temp\u00e9rature T1-T6.<\/p>\n\n\n\n<h2 class=\"wp-block-heading\">Introduction d'Amasly<\/h2>\n\n\n\n<p>Amasly est un fournisseur chinois d'\u00e9clairages antid\u00e9flagrants. Les produits d'\u00e9clairage antid\u00e9flagrant comprennent : des \u00e9clairages ronds antid\u00e9flagrants (\u00e9clairages \u00e0 grande baie antid\u00e9flagrants), des \u00e9clairages carr\u00e9s antid\u00e9flagrants (\u00e9clairages \u00e0 inondation antid\u00e9flagrants), des \u00e9clairages lin\u00e9aires antid\u00e9flagrants, des \u00e9clairages tubulaires antid\u00e9flagrants, des voyants lumineux antid\u00e9flagrants, des \u00e9clairages d'urgence antid\u00e9flagrants.<\/p>\n\n\n\n<p>Amasly Lighting est une soci\u00e9t\u00e9 d'\u00e9clairage professionnel de premier plan qui se consacre \u00e0 l'\u00e9clairage des espaces avec cr\u00e9ativit\u00e9, innovation et durabilit\u00e9. En mettant l'accent sur la qualit\u00e9, l'efficacit\u00e9 et la satisfaction du client, nous offrons une gamme compl\u00e8te de solutions d'\u00e9clairage de pointe adapt\u00e9es aux divers besoins de nos clients.<\/p>\n\n\n\n<p>Nos produits ont \u00e9t\u00e9 export\u00e9s vers 68 pays dans le monde, tels que l'Europe et les \u00c9tats-Unis, et ont gagn\u00e9 la reconnaissance des principaux fournisseurs mondiaux de produits d'\u00e9clairage gr\u00e2ce \u00e0 leurs produits de haute qualit\u00e9.<\/p>\n\n\n\n<h2 class=\"wp-block-heading\">Certificat de lampes fluorescentes antid\u00e9flagrantes Amasly<\/h2>\n\n\n\n<p>Amasly toutes les lampes antid\u00e9flagrantes sont <a href=\"http:\/\/www.iecex-certs.com\/\" rel=\"nofollow noopener\" target=\"_blank\">ATEX<\/a> et sont propos\u00e9es \u00e0 des prix tr\u00e8s comp\u00e9titifs pour les lampes fluorescentes antid\u00e9flagrantes.<\/p>\n\n\n\n<h2 class=\"wp-block-heading\">Prix des lampes fluorescentes antid\u00e9flagrantes Amasly<\/h2>\n\n\n\n<div class=\"wp-block-uagb-image uagb-block-b5e91b46 wp-block-uagb-image--layout-default wp-block-uagb-image--effect-static wp-block-uagb-image--align-none\"><figure class=\"wp-block-uagb-image__figure\"><img decoding=\"async\" srcset=\"https:\/\/led.amasly.com\/wp-content\/uploads\/2024\/07\/Explosion-proof-linear-fluorescence-lights.png ,https:\/\/led.amasly.com\/wp-content\/uploads\/2024\/07\/Explosion-proof-linear-fluorescence-lights.png 780w, https:\/\/led.amasly.com\/wp-content\/uploads\/2024\/07\/Explosion-proof-linear-fluorescence-lights.png 360w\" sizes=\"auto, (max-width: 480px) 150px\" src=\"https:\/\/led.amasly.com\/wp-content\/uploads\/2024\/07\/Explosion-proof-linear-fluorescence-lights.png\" alt=\"Explosion proof fluorescence lamps, Explosion Proof fluorescent Lights Price\" class=\"uag-image-1122\" width=\"617\" height=\"453\" title=\"Lampes \u00e0 fluorescence antid\u00e9flagrantes\" loading=\"lazy\" role=\"img\"\/><\/figure><\/div>\n\n\n\n<figure class=\"wp-block-table\"><table class=\"has-fixed-layout\"><tbody><tr><td>BAY<\/td><td>2*18W<\/td><td>$32.43<\/td><\/tr><\/tbody><\/table><\/figure>\n\n\n\n<h2 class=\"wp-block-heading\"><strong>FAQ sur la lumi\u00e8re d'Amasly<\/strong><\/h2>\n\n\n\n<p><strong>Q1. Puis-je avoir une commande d'\u00e9chantillons pour la lumi\u00e8re LED ?<\/strong><strong><\/strong><\/p>\n\n\n\n<p>R : Oui, nous acceptons les commandes d'\u00e9chantillons pour tester et v\u00e9rifier la qualit\u00e9. Les \u00e9chantillons mixtes sont accept\u00e9s.<\/p>\n\n\n\n<p><strong>Q2 : Qu'en est-il du d\u00e9lai d'ex\u00e9cution ?<\/strong><strong><\/strong><\/p>\n\n\n\n<p>R : Il faut compter 3 \u00e0 5 jours pour l'\u00e9chantillonnage et 1 \u00e0 2 semaines pour la production de masse.<\/p>\n\n\n\n<p><strong>Q3. Avez-vous une limite de quantit\u00e9 pour les commandes de lampes \u00e0 DEL ?<\/strong><strong><\/strong><\/p>\n\n\n\n<p>R : Faible MOQ 1pc pour v\u00e9rification de l'\u00e9chantillon est disponible.<\/p>\n\n\n\n<p><strong>Q4. Comment exp\u00e9diez-vous les marchandises et combien de temps faut-il pour qu'elles arrivent \u00e0 destination ?<\/strong><strong><\/strong><\/p>\n\n\n\n<p>R : Nous exp\u00e9dions g\u00e9n\u00e9ralement par <a href=\"https:\/\/www.dhl.com\" rel=\"nofollow noopener\" target=\"_blank\">DHL<\/a>, UPS, FedEx ou TNT. Le d\u00e9lai de livraison est g\u00e9n\u00e9ralement de 3 \u00e0 5 jours. Le transport a\u00e9rien et maritime est \u00e9galement possible.<\/p>\n\n\n\n<p><strong>Q5. Comment proc\u00e9der \u00e0 une commande de lumi\u00e8re LED ?<\/strong><strong><\/strong><\/p>\n\n\n\n<p>A :<\/p>\n\n\n\n<p>Faites-nous d'abord part de vos besoins ou de votre demande.<\/p>\n\n\n\n<p>Deuxi\u00e8mement, nous \u00e9tablissons des devis en fonction de vos exigences ou de nos suggestions.<\/p>\n\n\n\n<p>Troisi\u00e8mement, le client confirme les \u00e9chantillons et verse un acompte pour la commande officielle.<\/p>\n\n\n\n<p>Quatri\u00e8mement, nous organisons la production.<\/p>\n\n\n\n<p><strong>Q6. Est-il possible d'imprimer mon <\/strong><strong>LOGO<\/strong><strong>&nbsp;sur led light product ?<\/strong><strong><\/strong><\/p>\n\n\n\n<p>R : Oui, veuillez nous informer formellement avant la production et nous confirmer la conception d'abord sur la base de notre \u00e9chantillon.<\/p>\n\n\n\n<p><strong>Q7 : Offrez-vous une garantie pour vos produits ?<\/strong><strong><\/strong><\/p>\n\n\n\n<p>R : Oui, nous offrons une garantie de 2 \u00e0 5 ans sur nos produits.<\/p>\n\n\n\n<p><strong>Q8 : Comment traiter les d\u00e9fauts ?<\/strong><strong><\/strong><\/p>\n\n\n\n<p>A :<\/p>\n\n\n\n<p>Premi\u00e8rement, nos produits sont soumis \u00e0 un syst\u00e8me de contr\u00f4le de qualit\u00e9 dinstrict et le taux de d\u00e9fectuosit\u00e9 est inf\u00e9rieur \u00e0 0,2%.<\/p>\n\n\n\n<p>Deuxi\u00e8mement, pendant la p\u00e9riode de garantie, nous fournirons des pi\u00e8ces pour remplacer la pi\u00e8ce d\u00e9fectueuse. Pour les commandes en gros, nous fournirons les pi\u00e8ces vuln\u00e9rables \u00e0 l'avance, ou nous pourrons discuter de solutions, y compris des rappels, en fonction de la situation r\u00e9elle.<\/p>\n\n\n\n<p><strong>Q9 : Peut-on fabriquer des lampes antid\u00e9flagrantes \u00e0 basse tension avec des tensions CA\/CC de 12V, 24V, 36V ou 48V ? <\/strong><\/p>\n\n\n\n<p>Amasly peut \u00eatre utilis\u00e9 comme lampe antid\u00e9flagrante basse tension et haute tension - AC\/DC 12V, 24V, 36V, 48V, AC 85-265V, AC 380V. <\/p>\n\n\n\n<p><strong>Q10 : Peut-on ajouter des piles d'urgence aux Explosion Poof Lights ? <\/strong><\/p>\n\n\n\n<p>La lampe antid\u00e9flagrante Amasly peut \u00eatre \u00e9quip\u00e9e de piles de secours au lithium. La dur\u00e9e de secours est de 90 minutes, 120 minutes ou 180 minutes. <\/p>\n\n\n\n<p><strong>Q11 : La lampe antid\u00e9flagrante Amasly peut-elle \u00eatre personnalis\u00e9e en tant que produit OEM ? <\/strong><\/p>\n\n\n\n<p>Les lampes antid\u00e9flagrantes d'Amasly peuvent \u00eatre personnalis\u00e9es en fonction des exigences du client, tant pour les lampes que pour les cartons d'emballage.<\/p>\n\n\n\n<div class=\"wp-block-uagb-container uagb-block-c7d898dd alignfull uagb-is-root-container\"><div class=\"uagb-container-inner-blocks-wrap\"><\/div><\/div>\n\n\n\n<h2 class=\"wp-block-heading\">Produits apparent\u00e9s<\/h2>\n\n\n\n<div class=\"wp-block-uagb-container uagb-block-66e4defc alignfull uagb-is-root-container\"><div class=\"uagb-container-inner-blocks-wrap\">\n<div class=\"wp-block-uagb-container uagb-block-a42945f9\">\n<div class=\"wp-block-uagb-image uagb-block-7296296b wp-block-uagb-image--layout-default wp-block-uagb-image--effect-static wp-block-uagb-image--align-none\"><figure class=\"wp-block-uagb-image__figure\"><a class=\"\" href=\"https:\/\/led.amasly.com\/fr\/products\/\" target=\"\" rel=\"noopener\"><img decoding=\"async\" srcset=\"https:\/\/led.amasly.com\/wp-content\/uploads\/2024\/09\/Explosion-proof-high-bay-lights.png ,https:\/\/led.amasly.com\/wp-content\/uploads\/2024\/09\/Explosion-proof-high-bay-lights.png 780w, https:\/\/led.amasly.com\/wp-content\/uploads\/2024\/09\/Explosion-proof-high-bay-lights.png 360w\" sizes=\"auto, (max-width: 480px) 150px\" src=\"https:\/\/led.amasly.com\/wp-content\/uploads\/2024\/09\/Explosion-proof-high-bay-lights.png\" alt=\"\" class=\"uag-image-1495\" width=\"300\" height=\"300\" title=\"Lampes \u00e0 grande hauteur antid\u00e9flagrantes\" loading=\"lazy\" role=\"img\"><\/a><\/figure><\/div>\n<\/div>\n\n\n\n<div class=\"wp-block-uagb-container uagb-block-4d3efde5\">\n<div class=\"wp-block-uagb-image uagb-block-c9e90797 wp-block-uagb-image--layout-default wp-block-uagb-image--effect-static wp-block-uagb-image--align-none\"><figure class=\"wp-block-uagb-image__figure\"><a class=\"\" href=\"https:\/\/led.amasly.com\/fr\/products\/\" target=\"\" rel=\"noopener\"><img decoding=\"async\" srcset=\"https:\/\/led.amasly.com\/wp-content\/uploads\/2024\/07\/LED-tri-proof-lights2.png ,https:\/\/led.amasly.com\/wp-content\/uploads\/2024\/07\/LED-tri-proof-lights2.png 780w, https:\/\/led.amasly.com\/wp-content\/uploads\/2024\/07\/LED-tri-proof-lights2.png 360w\" sizes=\"auto, (max-width: 480px) 150px\" src=\"https:\/\/led.amasly.com\/wp-content\/uploads\/2024\/07\/LED-tri-proof-lights2.png\" alt=\"\" class=\"uag-image-1132\" width=\"300\" height=\"300\" title=\"LED-tri-proof-lights2\" loading=\"lazy\" role=\"img\"><\/a><\/figure><\/div>\n<\/div>\n\n\n\n<div class=\"wp-block-uagb-container uagb-block-11c2578b\">\n<div class=\"wp-block-uagb-image uagb-block-6e8883aa wp-block-uagb-image--layout-default wp-block-uagb-image--effect-static wp-block-uagb-image--align-none\"><figure class=\"wp-block-uagb-image__figure\"><a class=\"\" href=\"https:\/\/led.amasly.com\/fr\/products\/\" target=\"\" rel=\"noopener\"><img decoding=\"async\" srcset=\"https:\/\/led.amasly.com\/wp-content\/uploads\/2024\/09\/LED-Explosion-Proof-Gas-Station-Light.png ,https:\/\/led.amasly.com\/wp-content\/uploads\/2024\/09\/LED-Explosion-Proof-Gas-Station-Light.png 780w, https:\/\/led.amasly.com\/wp-content\/uploads\/2024\/09\/LED-Explosion-Proof-Gas-Station-Light.png 360w\" sizes=\"auto, (max-width: 480px) 150px\" src=\"https:\/\/led.amasly.com\/wp-content\/uploads\/2024\/09\/LED-Explosion-Proof-Gas-Station-Light.png\" alt=\"\" class=\"uag-image-1501\" width=\"300\" height=\"300\" title=\"Lampe LED antid\u00e9flagrante pour station-service\" loading=\"lazy\" role=\"img\"><\/a><\/figure><\/div>\n<\/div>\n<\/div><\/div>\n\n\n\n<div class=\"wp-block-uagb-container uagb-block-548945b5 alignfull uagb-is-root-container\"><div class=\"uagb-container-inner-blocks-wrap\">\n<div class=\"wp-block-uagb-container uagb-block-967755d5\">\n<h4 class=\"wp-block-heading has-text-align-center\"><a href=\"https:\/\/led.amasly.com\/fr\/products\/\">Lampes LED antid\u00e9flagrantes<\/a><\/h4>\n<\/div>\n\n\n\n<div class=\"wp-block-uagb-container uagb-block-9bc52fc2\">\n<h4 class=\"wp-block-heading has-text-align-center\"><a href=\"https:\/\/led.amasly.com\/fr\/products\/\">Lampes LED Tri-Proof<\/a><\/h4>\n<\/div>\n\n\n\n<div class=\"wp-block-uagb-container uagb-block-8ffa0a23\">\n<h4 class=\"wp-block-heading has-text-align-center\"><a href=\"https:\/\/led.amasly.com\/fr\/products\/\">Lampes antid\u00e9flagrantes pour stations-service<\/a><\/h4>\n<\/div>\n<\/div><\/div>\n\n\n\n<div class=\"wp-block-uagb-container uagb-block-29499fe0 alignfull uagb-is-root-container\"><div class=\"uagb-container-inner-blocks-wrap\">\n<div class=\"wp-block-uagb-container uagb-block-777ee1c7\">\n<div class=\"wp-block-uagb-image uagb-block-2e9a1851 wp-block-uagb-image--layout-default wp-block-uagb-image--effect-static wp-block-uagb-image--align-none\"><figure class=\"wp-block-uagb-image__figure\"><a class=\"\" href=\"https:\/\/led.amasly.com\/fr\/products\/\" target=\"\" rel=\"noopener\"><img decoding=\"async\" srcset=\"https:\/\/led.amasly.com\/wp-content\/uploads\/2024\/10\/50W-100W-150W-200W-300W-LED-Flood-Light.jpg ,https:\/\/led.amasly.com\/wp-content\/uploads\/2024\/10\/50W-100W-150W-200W-300W-LED-Flood-Light.jpg 780w, https:\/\/led.amasly.com\/wp-content\/uploads\/2024\/10\/50W-100W-150W-200W-300W-LED-Flood-Light.jpg 360w\" sizes=\"auto, (max-width: 480px) 150px\" src=\"https:\/\/led.amasly.com\/wp-content\/uploads\/2024\/10\/50W-100W-150W-200W-300W-LED-Flood-Light.jpg\" alt=\"\" class=\"uag-image-1526\" width=\"300\" height=\"300\" title=\"50W 100W 150W 200W 300W LED Flood Light\" loading=\"lazy\" role=\"img\"><\/a><\/figure><\/div>\n<\/div>\n\n\n\n<div class=\"wp-block-uagb-container uagb-block-af8c8683\">\n<div class=\"wp-block-uagb-image uagb-block-67947854 wp-block-uagb-image--layout-default wp-block-uagb-image--effect-static wp-block-uagb-image--align-none\"><figure class=\"wp-block-uagb-image__figure\"><a class=\"\" href=\"https:\/\/led.amasly.com\/fr\/products\/\" target=\"\" rel=\"noopener\"><img decoding=\"async\" srcset=\"https:\/\/led.amasly.com\/wp-content\/uploads\/2024\/07\/led-tri-proof-light.png ,https:\/\/led.amasly.com\/wp-content\/uploads\/2024\/07\/led-tri-proof-light.png 780w, https:\/\/led.amasly.com\/wp-content\/uploads\/2024\/07\/led-tri-proof-light.png 360w\" sizes=\"auto, (max-width: 480px) 150px\" src=\"https:\/\/led.amasly.com\/wp-content\/uploads\/2024\/07\/led-tri-proof-light.png\" alt=\"\" class=\"uag-image-1130\" width=\"300\" height=\"300\" title=\"led-tri-proof-light\" loading=\"lazy\" role=\"img\"><\/a><\/figure><\/div>\n<\/div>\n\n\n\n<div class=\"wp-block-uagb-container uagb-block-0fdfdd58\">\n<div class=\"wp-block-uagb-image uagb-block-1187d32d wp-block-uagb-image--layout-default wp-block-uagb-image--effect-static wp-block-uagb-image--align-none\"><figure class=\"wp-block-uagb-image__figure\"><a class=\"\" href=\"https:\/\/led.amasly.com\/fr\/products\/\" target=\"\" rel=\"noopener\"><img decoding=\"async\" srcset=\"https:\/\/led.amasly.com\/wp-content\/uploads\/2024\/07\/LED-street-light.jpg ,https:\/\/led.amasly.com\/wp-content\/uploads\/2024\/07\/LED-street-light.jpg 780w, https:\/\/led.amasly.com\/wp-content\/uploads\/2024\/07\/LED-street-light.jpg 360w\" sizes=\"auto, (max-width: 480px) 150px\" src=\"https:\/\/led.amasly.com\/wp-content\/uploads\/2024\/07\/LED-street-light.jpg\" alt=\"\" class=\"uag-image-1145\" width=\"300\" height=\"300\" title=\"Eclairage de rue LED\" loading=\"lazy\" role=\"img\"><\/a><\/figure><\/div>\n<\/div>\n<\/div><\/div>\n\n\n\n<div class=\"wp-block-uagb-container uagb-block-6a60882c alignfull uagb-is-root-container\"><div class=\"uagb-container-inner-blocks-wrap\">\n<div class=\"wp-block-uagb-container uagb-block-f1e91a35\">\n<h4 class=\"wp-block-heading has-text-align-center\"><a href=\"https:\/\/led.amasly.com\/fr\/products\/\">Lampes de sol \u00e0 diodes \u00e9lectroluminescentes<\/a><\/h4>\n<\/div>\n\n\n\n<div class=\"wp-block-uagb-container uagb-block-165bfa58\">\n<h4 class=\"wp-block-heading has-text-align-center\"><a href=\"https:\/\/led.amasly.com\/fr\/products\/\">Lampes tubulaires LED Tri-Proof<\/a><\/h4>\n<\/div>\n\n\n\n<div class=\"wp-block-uagb-container uagb-block-f6096e3b\">\n<h4 class=\"wp-block-heading has-text-align-center\"><a href=\"https:\/\/led.amasly.com\/fr\/products\/\">Lampes de rue LED<\/a><\/h4>\n<\/div>\n<\/div><\/div>\n\n\n\n<div class=\"wp-block-uagb-container uagb-block-99c0e0a5 alignfull uagb-is-root-container\"><div class=\"uagb-container-inner-blocks-wrap\"><\/div><\/div>\n\n\n\n<p><\/p>","protected":false},"excerpt":{"rendered":"<p>Explosion Proof fluorescent Lights Price Amasly Explosion Proof fluorescent Lights Features Polycarbonate alloy material injection molding shell, strong impact resistance, high temperature resistance, cold resistance, strong anti-corrosion and other characteristics; Polycarbonate material injection molding lampshade, high light transmittance, and can withstand strong impact, strip-ribbed design, can effectively prevent glare.Professional optical software design of the light [&hellip;]<\/p>\n","protected":false},"author":1,"featured_media":0,"parent":2869,"menu_order":0,"comment_status":"closed","ping_status":"closed","template":"","meta":{"_uag_custom_page_level_css":"","site-sidebar-layout":"no-sidebar","site-content-layout":"","ast-site-content-layout":"default","site-content-style":"default","site-sidebar-style":"default","ast-global-header-display":"","ast-banner-title-visibility":"","ast-main-header-display":"","ast-hfb-above-header-display":"","ast-hfb-below-header-display":"","ast-hfb-mobile-header-display":"","site-post-title":"disabled","ast-breadcrumbs-content":"","ast-featured-img":"","footer-sml-layout":"","ast-disable-related-posts":"","theme-transparent-header-meta":"enabled","adv-header-id-meta":"","stick-header-meta":"","header-above-stick-meta":"","header-main-stick-meta":"","header-below-stick-meta":"","astra-migrate-meta-layouts":"set","ast-page-background-enabled":"default","ast-page-background-meta":{"desktop":{"background-color":"var(--ast-global-color-4)","background-image":"","background-repeat":"repeat","background-position":"center center","background-size":"auto","background-attachment":"scroll","background-type":"","background-media":"","overlay-type":"","overlay-color":"","overlay-opacity":"","overlay-gradient":""},"tablet":{"background-color":"","background-image":"","background-repeat":"repeat","background-position":"center center","background-size":"auto","background-attachment":"scroll","background-type":"","background-media":"","overlay-type":"","overlay-color":"","overlay-opacity":"","overlay-gradient":""},"mobile":{"background-color":"","background-image":"","background-repeat":"repeat","background-position":"center center","background-size":"auto","background-attachment":"scroll","background-type":"","background-media":"","overlay-type":"","overlay-color":"","overlay-opacity":"","overlay-gradient":""}},"ast-content-background-meta":{"desktop":{"background-color":"var(--ast-global-color-5)","background-image":"","background-repeat":"repeat","background-position":"center center","background-size":"auto","background-attachment":"scroll","background-type":"","background-media":"","overlay-type":"","overlay-color":"","overlay-opacity":"","overlay-gradient":""},"tablet":{"background-color":"var(--ast-global-color-5)","background-image":"","background-repeat":"repeat","background-position":"center center","background-size":"auto","background-attachment":"scroll","background-type":"","background-media":"","overlay-type":"","overlay-color":"","overlay-opacity":"","overlay-gradient":""},"mobile":{"background-color":"var(--ast-global-color-5)","background-image":"","background-repeat":"repeat","background-position":"center center","background-size":"auto","background-attachment":"scroll","background-type":"","background-media":"","overlay-type":"","overlay-color":"","overlay-opacity":"","overlay-gradient":""}},"footnotes":""},"class_list":["post-4002","page","type-page","status-publish","hentry"],"uagb_featured_image_src":{"full":false,"thumbnail":false,"medium":false,"medium_large":false,"large":false,"1536x1536":false,"2048x2048":false,"trp-custom-language-flag":false},"uagb_author_info":{"display_name":"Joe","author_link":"https:\/\/led.amasly.com\/fr\/author\/jacklin\/"},"uagb_comment_info":0,"uagb_excerpt":"Explosion Proof fluorescent Lights Price Amasly Explosion Proof fluorescent Lights Features Polycarbonate alloy material injection molding shell, strong impact resistance, high temperature resistance, cold resistance, strong anti-corrosion and other characteristics; Polycarbonate material injection molding lampshade, high light transmittance, and can withstand strong impact, strip-ribbed design, can effectively prevent glare.Professional optical software design of the light\u2026","_links":{"self":[{"href":"https:\/\/led.amasly.com\/fr\/wp-json\/wp\/v2\/pages\/4002","targetHints":{"allow":["GET"]}}],"collection":[{"href":"https:\/\/led.amasly.com\/fr\/wp-json\/wp\/v2\/pages"}],"about":[{"href":"https:\/\/led.amasly.com\/fr\/wp-json\/wp\/v2\/types\/page"}],"author":[{"embeddable":true,"href":"https:\/\/led.amasly.com\/fr\/wp-json\/wp\/v2\/users\/1"}],"replies":[{"embeddable":true,"href":"https:\/\/led.amasly.com\/fr\/wp-json\/wp\/v2\/comments?post=4002"}],"version-history":[{"count":2,"href":"https:\/\/led.amasly.com\/fr\/wp-json\/wp\/v2\/pages\/4002\/revisions"}],"predecessor-version":[{"id":4485,"href":"https:\/\/led.amasly.com\/fr\/wp-json\/wp\/v2\/pages\/4002\/revisions\/4485"}],"up":[{"embeddable":true,"href":"https:\/\/led.amasly.com\/fr\/wp-json\/wp\/v2\/pages\/2869"}],"wp:attachment":[{"href":"https:\/\/led.amasly.com\/fr\/wp-json\/wp\/v2\/media?parent=4002"}],"curies":[{"name":"wp","href":"https:\/\/api.w.org\/{rel}","templated":true}]}}