{"id":3978,"date":"2025-05-24T22:25:02","date_gmt":"2025-05-24T14:25:02","guid":{"rendered":"https:\/\/led.amasly.com\/?page_id=3978"},"modified":"2026-01-18T14:08:15","modified_gmt":"2026-01-18T06:08:15","slug":"explosion-proof-linear-lights-price","status":"publish","type":"page","link":"https:\/\/led.amasly.com\/fr\/light-price\/explosion-proof-linear-lights-price\/","title":{"rendered":"Prix des lampes lin\u00e9aires antid\u00e9flagrantes"},"content":{"rendered":"<div class=\"wp-block-uagb-container uagb-block-27bae773 alignfull uagb-is-root-container\"><div class=\"uagb-container-inner-blocks-wrap\"><\/div><\/div>\n\n\n\n<h1 class=\"wp-block-heading has-text-align-center\"><strong>Prix des lampes lin\u00e9aires antid\u00e9flagrantes<\/strong><\/h1>\n\n\n\n<p>Les bandes lumineuses antid\u00e9flagrantes d'Amasly sont export\u00e9es vers tous les continents, dans plus de 60 pays, avec une certification compl\u00e8te des produits et une assurance qualit\u00e9.<\/p>\n\n\n\n<h2 class=\"wp-block-heading\"><strong>Amasly<\/strong> <strong><strong>Caract\u00e9ristiques des lampes lin\u00e9aires antid\u00e9flagrantes<\/strong><\/strong><\/h2>\n\n\n\n<p>Longue dur\u00e9e de vie Les parties structurelles des lampes sont en aluminium anticorrosion, la surface est anodis\u00e9e puis pulv\u00e9ris\u00e9e avec une poudre plastique anticorrosion \u00e0 base de r\u00e9sine pure pour l'ext\u00e9rieur, et le support de montage et les vis sont en acier inoxydable SUS304, ce qui permet une utilisation prolong\u00e9e en bord de mer ;<\/p>\n\n\n\n<p>Les lampes sont con\u00e7ues pour une structure d'\u00e9tanch\u00e9it\u00e9 int\u00e9gr\u00e9e, sans joint ouvert, sans d\u00e9formation, pour une utilisation \u00e0 long terme dans un environnement ext\u00e9rieur difficile, sans eau, sans insectes, sans cendres ;<\/p>\n\n\n\n<p>Les lampes sont con\u00e7ues pour une structure anti-vibration tr\u00e8s r\u00e9sistante, une connexion anti-desserrage \u00e0 \u00e9lasticit\u00e9 de circuit, et peuvent \u00eatre utilis\u00e9es dans des zones \u00e0 fortes vibrations pendant une longue p\u00e9riode ;<\/p>\n\n\n\n<p>La puissance lumineuse est flexible, sans \u00e9blouissement ni risque de lumi\u00e8re bleue. Elle est particuli\u00e8rement adapt\u00e9e \u00e0 l'\u00e9clairage de longue dur\u00e9e dans les endroits peu visibles o\u00f9 les gens travaillent ;<\/p>\n\n\n\n<p>Le couvercle de transmission de la lumi\u00e8re est fabriqu\u00e9 \u00e0 partir d'un mat\u00e9riau de diffusion non m\u00e9tallique de qualit\u00e9 ext\u00e9rieure, qui peut \u00eatre expos\u00e9 \u00e0 un environnement ext\u00e9rieur fortement expos\u00e9 aux ultraviolets pendant une longue p\u00e9riode sans jaunir, se fragiliser ou se fissurer ;<\/p>\n\n\n\n<p>L'ensemble de la lampe pr\u00e9sente un degr\u00e9 de protection IP67, adapt\u00e9 \u00e0 toutes sortes d'environnements int\u00e9rieurs et ext\u00e9rieurs : sable, poussi\u00e8re, pluie et brouillard, vagues violentes et immersion dans l'eau de courte dur\u00e9e ;<\/p>\n\n\n\n<p>M\u00e9thodes d'installation et interfaces flexibles et diversifi\u00e9es, largement applicables \u00e0 une vari\u00e9t\u00e9 de sc\u00e9narios d'installation ;<\/p>\n\n\n\n<p>Les lampes et les lanternes peuvent \u00eatre personnalis\u00e9es en fonction de la qualit\u00e9 anticorrosion marine la plus \u00e9lev\u00e9e. Le support de montage et les vis sont en acier inoxydable SUS316L et peuvent \u00eatre utilis\u00e9s dans un environnement offshore \u00e0 long terme ;<\/p>\n\n\n\n<p>Conception ind\u00e9pendante de la bo\u00eete de jonction, c\u00e2blage pratique en m\u00eame temps, possibilit\u00e9 d'utiliser plusieurs lampes en parall\u00e8le, ce qui r\u00e9duit le co\u00fbt d'installation des bo\u00eetes de jonction.<\/p>\n\n\n\n<h2 class=\"wp-block-heading\"><strong>Installation<\/strong><\/h2>\n\n\n\n<p>Largement utilis\u00e9 dans la salle de contr\u00f4le sur le terrain, le bureau sur le terrain, la salle des batteries, la zone d'ammoniac liquide, la passerelle de la tour de raffinage, la passerelle du r\u00e9servoir de stockage de p\u00e9trole, la passerelle de la plate-forme, le hangar des vannes de la pompe, le pipeline le long de la ligne, les chemin\u00e9es des terminaux de produits chimiques dangereux et d'autres lieux d'\u00e9clairage ;<\/p>\n\n\n\n<p>Convient aux endroits o\u00f9 le niveau de protection contre l'humidit\u00e9 et la corrosion est \u00e9lev\u00e9 ;<\/p>\n\n\n\n<p>Convient pour les gaz explosifs 1 zone, 2 zones ;<\/p>\n\n\n\n<p>Convient aux environnements de gaz explosifs IIA, IIB, IIC ;<\/p>\n\n\n\n<p>Convient au groupe de temp\u00e9rature T1~T6.<\/p>\n\n\n\n<h2 class=\"wp-block-heading\"><strong>Amasly Prix des lampes lin\u00e9aires antid\u00e9flagrantes<\/strong><\/h2>\n\n\n\n<div class=\"wp-block-uagb-image uagb-block-87c4869a wp-block-uagb-image--layout-default wp-block-uagb-image--effect-static wp-block-uagb-image--align-none\"><figure class=\"wp-block-uagb-image__figure\"><img decoding=\"async\" srcset=\"https:\/\/led.amasly.com\/wp-content\/uploads\/2025\/05\/Explosion-proof-linear-lights.jpg ,https:\/\/led.amasly.com\/wp-content\/uploads\/2025\/05\/Explosion-proof-linear-lights.jpg 780w, https:\/\/led.amasly.com\/wp-content\/uploads\/2025\/05\/Explosion-proof-linear-lights.jpg 360w\" sizes=\"auto, (max-width: 480px) 150px\" src=\"https:\/\/led.amasly.com\/wp-content\/uploads\/2025\/05\/Explosion-proof-linear-lights.jpg\" alt=\"Explosion proof linear lights, Explosion proof linear lights price\" class=\"uag-image-3979\" width=\"800\" height=\"800\" title=\"Lampes lin\u00e9aires antid\u00e9flagrantes\" loading=\"lazy\" role=\"img\"\/><\/figure><\/div>\n\n\n\n<figure class=\"wp-block-table\"><table class=\"has-fixed-layout\"><tbody><tr><td>Mod\u00e8le<\/td><td>Puissance<\/td><td>Jusqu'\u00e0 Prix\/USD<\/td><\/tr><tr><td>BAD61<\/td><td>20W<\/td><td>$39.19<\/td><\/tr><tr><td>BAD61<\/td><td>30W<\/td><td>$39.19<\/td><\/tr><tr><td>BAD61<\/td><td>40W<\/td><td>$56.17<\/td><\/tr><tr><td>BAD61<\/td><td>50W<\/td><td>$56.17<\/td><\/tr><\/tbody><\/table><\/figure>\n\n\n\n<h2 class=\"wp-block-heading\"><strong>FAQ sur la lumi\u00e8re d'Amasly<\/strong><\/h2>\n\n\n\n<p><strong>Q1. Puis-je avoir une commande d'\u00e9chantillons pour la lumi\u00e8re LED ?<\/strong><strong><\/strong><\/p>\n\n\n\n<p>R : Oui, nous acceptons les commandes d'\u00e9chantillons pour tester et v\u00e9rifier la qualit\u00e9. Les \u00e9chantillons mixtes sont accept\u00e9s.<\/p>\n\n\n\n<p><strong>Q2 : Qu'en est-il du d\u00e9lai d'ex\u00e9cution ?<\/strong><strong><\/strong><\/p>\n\n\n\n<p>R : Il faut compter 3 \u00e0 5 jours pour l'\u00e9chantillonnage et 1 \u00e0 2 semaines pour la production de masse.<\/p>\n\n\n\n<p><strong>Q3. Avez-vous une limite de quantit\u00e9 pour les commandes de lampes \u00e0 DEL ?<\/strong><strong><\/strong><\/p>\n\n\n\n<p>R : Faible MOQ 1pc pour v\u00e9rification de l'\u00e9chantillon est disponible.<\/p>\n\n\n\n<p><strong>Q4. Comment exp\u00e9diez-vous les marchandises et combien de temps faut-il pour qu'elles arrivent \u00e0 destination ?<\/strong><strong><\/strong><\/p>\n\n\n\n<p>R : Nous exp\u00e9dions g\u00e9n\u00e9ralement par <a href=\"https:\/\/www.dhl.com\" rel=\"nofollow noopener\" target=\"_blank\">DHL<\/a>, UPS, FedEx ou TNT. Le d\u00e9lai de livraison est g\u00e9n\u00e9ralement de 3 \u00e0 5 jours. Le transport a\u00e9rien et maritime est \u00e9galement possible.<\/p>\n\n\n\n<p><strong>Q5. Comment proc\u00e9der \u00e0 une commande de lumi\u00e8re LED ?<\/strong><strong><\/strong><\/p>\n\n\n\n<p>A :<\/p>\n\n\n\n<p>Faites-nous d'abord part de vos besoins ou de votre demande.<\/p>\n\n\n\n<p>Deuxi\u00e8mement, nous \u00e9tablissons des devis en fonction de vos exigences ou de nos suggestions.<\/p>\n\n\n\n<p>Troisi\u00e8mement, le client confirme les \u00e9chantillons et verse un acompte pour la commande officielle.<\/p>\n\n\n\n<p>Quatri\u00e8mement, nous organisons la production.<\/p>\n\n\n\n<p><strong>Q6. Est-il possible d'imprimer mon <\/strong><strong>LOGO<\/strong><strong>&nbsp;sur led light product ?<\/strong><strong><\/strong><\/p>\n\n\n\n<p>R : Oui, veuillez nous informer formellement avant la production et nous confirmer la conception d'abord sur la base de notre \u00e9chantillon.<\/p>\n\n\n\n<p><strong>Q7 : Offrez-vous une garantie pour vos produits ?<\/strong><strong><\/strong><\/p>\n\n\n\n<p>R : Oui, nous offrons une garantie de 2 \u00e0 5 ans sur nos produits.<\/p>\n\n\n\n<p><strong>Q8 : Comment traiter les d\u00e9fauts ?<\/strong><strong><\/strong><\/p>\n\n\n\n<p>A :<\/p>\n\n\n\n<p>Premi\u00e8rement, nos produits sont soumis \u00e0 un syst\u00e8me de contr\u00f4le de qualit\u00e9 dinstrict et le taux de d\u00e9fectuosit\u00e9 est inf\u00e9rieur \u00e0 0,2%.<\/p>\n\n\n\n<p>Deuxi\u00e8mement, pendant la p\u00e9riode de garantie, nous fournirons des pi\u00e8ces pour remplacer la pi\u00e8ce d\u00e9fectueuse. Pour les commandes en gros, nous fournirons les pi\u00e8ces vuln\u00e9rables \u00e0 l'avance, ou nous pourrons discuter de solutions, y compris des rappels, en fonction de la situation r\u00e9elle.<\/p>\n\n\n\n<p><strong>Q9 : Peut-on fabriquer des lampes antid\u00e9flagrantes \u00e0 basse tension avec des tensions CA\/CC de 12V, 24V, 36V ou 48V ? <\/strong><\/p>\n\n\n\n<p>Amasly peut \u00eatre utilis\u00e9 comme lampe antid\u00e9flagrante basse tension et haute tension - AC\/DC 12V, 24V, 36V, 48V, AC 85-265V, AC 380V. <\/p>\n\n\n\n<p><strong>Q10 : Peut-on ajouter des piles d'urgence aux Explosion Poof Lights ? <\/strong><\/p>\n\n\n\n<p>La lampe antid\u00e9flagrante Amasly peut \u00eatre \u00e9quip\u00e9e de piles de secours au lithium. La dur\u00e9e de secours est de 90 minutes, 120 minutes ou 180 minutes. <\/p>\n\n\n\n<p><strong>Q11 : La lampe antid\u00e9flagrante Amasly peut-elle \u00eatre personnalis\u00e9e en tant que produit OEM ? <\/strong><\/p>\n\n\n\n<p>Les lampes antid\u00e9flagrantes d'Amasly peuvent \u00eatre personnalis\u00e9es en fonction des exigences du client, tant pour les lampes que pour les cartons d'emballage.<\/p>\n\n\n\n<div class=\"wp-block-uagb-container uagb-block-c7d898dd alignfull uagb-is-root-container\"><div class=\"uagb-container-inner-blocks-wrap\"><\/div><\/div>\n\n\n\n<h2 class=\"wp-block-heading\">Produits apparent\u00e9s<\/h2>\n\n\n\n<div class=\"wp-block-uagb-container uagb-block-66e4defc alignfull uagb-is-root-container\"><div class=\"uagb-container-inner-blocks-wrap\">\n<div class=\"wp-block-uagb-container uagb-block-a42945f9\">\n<div class=\"wp-block-uagb-image uagb-block-7296296b wp-block-uagb-image--layout-default wp-block-uagb-image--effect-static wp-block-uagb-image--align-none\"><figure class=\"wp-block-uagb-image__figure\"><a class=\"\" href=\"https:\/\/led.amasly.com\/fr\/products\/\" target=\"\" rel=\"noopener\"><img decoding=\"async\" srcset=\"https:\/\/led.amasly.com\/wp-content\/uploads\/2024\/09\/Explosion-proof-high-bay-lights.png ,https:\/\/led.amasly.com\/wp-content\/uploads\/2024\/09\/Explosion-proof-high-bay-lights.png 780w, https:\/\/led.amasly.com\/wp-content\/uploads\/2024\/09\/Explosion-proof-high-bay-lights.png 360w\" sizes=\"auto, (max-width: 480px) 150px\" src=\"https:\/\/led.amasly.com\/wp-content\/uploads\/2024\/09\/Explosion-proof-high-bay-lights.png\" alt=\"\" class=\"uag-image-1495\" width=\"300\" height=\"300\" title=\"Lampes \u00e0 grande hauteur antid\u00e9flagrantes\" loading=\"lazy\" role=\"img\"><\/a><\/figure><\/div>\n<\/div>\n\n\n\n<div class=\"wp-block-uagb-container uagb-block-4d3efde5\">\n<div class=\"wp-block-uagb-image uagb-block-c9e90797 wp-block-uagb-image--layout-default wp-block-uagb-image--effect-static wp-block-uagb-image--align-none\"><figure class=\"wp-block-uagb-image__figure\"><a class=\"\" href=\"https:\/\/led.amasly.com\/fr\/products\/\" target=\"\" rel=\"noopener\"><img decoding=\"async\" srcset=\"https:\/\/led.amasly.com\/wp-content\/uploads\/2024\/07\/LED-tri-proof-lights2.png ,https:\/\/led.amasly.com\/wp-content\/uploads\/2024\/07\/LED-tri-proof-lights2.png 780w, https:\/\/led.amasly.com\/wp-content\/uploads\/2024\/07\/LED-tri-proof-lights2.png 360w\" sizes=\"auto, (max-width: 480px) 150px\" src=\"https:\/\/led.amasly.com\/wp-content\/uploads\/2024\/07\/LED-tri-proof-lights2.png\" alt=\"\" class=\"uag-image-1132\" width=\"300\" height=\"300\" title=\"LED-tri-proof-lights2\" loading=\"lazy\" role=\"img\"><\/a><\/figure><\/div>\n<\/div>\n\n\n\n<div class=\"wp-block-uagb-container uagb-block-11c2578b\">\n<div class=\"wp-block-uagb-image uagb-block-6e8883aa wp-block-uagb-image--layout-default wp-block-uagb-image--effect-static wp-block-uagb-image--align-none\"><figure class=\"wp-block-uagb-image__figure\"><a class=\"\" href=\"https:\/\/led.amasly.com\/fr\/products\/\" target=\"\" rel=\"noopener\"><img decoding=\"async\" srcset=\"https:\/\/led.amasly.com\/wp-content\/uploads\/2024\/09\/LED-Explosion-Proof-Gas-Station-Light.png ,https:\/\/led.amasly.com\/wp-content\/uploads\/2024\/09\/LED-Explosion-Proof-Gas-Station-Light.png 780w, https:\/\/led.amasly.com\/wp-content\/uploads\/2024\/09\/LED-Explosion-Proof-Gas-Station-Light.png 360w\" sizes=\"auto, (max-width: 480px) 150px\" src=\"https:\/\/led.amasly.com\/wp-content\/uploads\/2024\/09\/LED-Explosion-Proof-Gas-Station-Light.png\" alt=\"\" class=\"uag-image-1501\" width=\"300\" height=\"300\" title=\"Lampe LED antid\u00e9flagrante pour station-service\" loading=\"lazy\" role=\"img\"><\/a><\/figure><\/div>\n<\/div>\n<\/div><\/div>\n\n\n\n<div class=\"wp-block-uagb-container uagb-block-548945b5 alignfull uagb-is-root-container\"><div class=\"uagb-container-inner-blocks-wrap\">\n<div class=\"wp-block-uagb-container uagb-block-967755d5\">\n<h4 class=\"wp-block-heading has-text-align-center\"><a href=\"https:\/\/led.amasly.com\/fr\/products\/\">Lampes LED antid\u00e9flagrantes<\/a><\/h4>\n<\/div>\n\n\n\n<div class=\"wp-block-uagb-container uagb-block-9bc52fc2\">\n<h4 class=\"wp-block-heading has-text-align-center\"><a href=\"https:\/\/led.amasly.com\/fr\/products\/\">Lampes LED Tri-Proof<\/a><\/h4>\n<\/div>\n\n\n\n<div class=\"wp-block-uagb-container uagb-block-8ffa0a23\">\n<h4 class=\"wp-block-heading has-text-align-center\"><a href=\"https:\/\/led.amasly.com\/fr\/products\/\">Lampes antid\u00e9flagrantes pour stations-service<\/a><\/h4>\n<\/div>\n<\/div><\/div>\n\n\n\n<div class=\"wp-block-uagb-container uagb-block-29499fe0 alignfull uagb-is-root-container\"><div class=\"uagb-container-inner-blocks-wrap\">\n<div class=\"wp-block-uagb-container uagb-block-777ee1c7\">\n<div class=\"wp-block-uagb-image uagb-block-2e9a1851 wp-block-uagb-image--layout-default wp-block-uagb-image--effect-static wp-block-uagb-image--align-none\"><figure class=\"wp-block-uagb-image__figure\"><a class=\"\" href=\"https:\/\/led.amasly.com\/fr\/products\/\" target=\"\" rel=\"noopener\"><img decoding=\"async\" srcset=\"https:\/\/led.amasly.com\/wp-content\/uploads\/2024\/10\/50W-100W-150W-200W-300W-LED-Flood-Light.jpg ,https:\/\/led.amasly.com\/wp-content\/uploads\/2024\/10\/50W-100W-150W-200W-300W-LED-Flood-Light.jpg 780w, https:\/\/led.amasly.com\/wp-content\/uploads\/2024\/10\/50W-100W-150W-200W-300W-LED-Flood-Light.jpg 360w\" sizes=\"auto, (max-width: 480px) 150px\" src=\"https:\/\/led.amasly.com\/wp-content\/uploads\/2024\/10\/50W-100W-150W-200W-300W-LED-Flood-Light.jpg\" alt=\"\" class=\"uag-image-1526\" width=\"300\" height=\"300\" title=\"50W 100W 150W 200W 300W LED Flood Light\" loading=\"lazy\" role=\"img\"><\/a><\/figure><\/div>\n<\/div>\n\n\n\n<div class=\"wp-block-uagb-container uagb-block-af8c8683\">\n<div class=\"wp-block-uagb-image uagb-block-67947854 wp-block-uagb-image--layout-default wp-block-uagb-image--effect-static wp-block-uagb-image--align-none\"><figure class=\"wp-block-uagb-image__figure\"><a class=\"\" href=\"https:\/\/led.amasly.com\/fr\/products\/\" target=\"\" rel=\"noopener\"><img decoding=\"async\" srcset=\"https:\/\/led.amasly.com\/wp-content\/uploads\/2024\/07\/led-tri-proof-light.png ,https:\/\/led.amasly.com\/wp-content\/uploads\/2024\/07\/led-tri-proof-light.png 780w, https:\/\/led.amasly.com\/wp-content\/uploads\/2024\/07\/led-tri-proof-light.png 360w\" sizes=\"auto, (max-width: 480px) 150px\" src=\"https:\/\/led.amasly.com\/wp-content\/uploads\/2024\/07\/led-tri-proof-light.png\" alt=\"\" class=\"uag-image-1130\" width=\"300\" height=\"300\" title=\"led-tri-proof-light\" loading=\"lazy\" role=\"img\"><\/a><\/figure><\/div>\n<\/div>\n\n\n\n<div class=\"wp-block-uagb-container uagb-block-0fdfdd58\">\n<div class=\"wp-block-uagb-image uagb-block-1187d32d wp-block-uagb-image--layout-default wp-block-uagb-image--effect-static wp-block-uagb-image--align-none\"><figure class=\"wp-block-uagb-image__figure\"><a class=\"\" href=\"https:\/\/led.amasly.com\/fr\/products\/\" target=\"\" rel=\"noopener\"><img decoding=\"async\" srcset=\"https:\/\/led.amasly.com\/wp-content\/uploads\/2024\/07\/LED-street-light.jpg ,https:\/\/led.amasly.com\/wp-content\/uploads\/2024\/07\/LED-street-light.jpg 780w, https:\/\/led.amasly.com\/wp-content\/uploads\/2024\/07\/LED-street-light.jpg 360w\" sizes=\"auto, (max-width: 480px) 150px\" src=\"https:\/\/led.amasly.com\/wp-content\/uploads\/2024\/07\/LED-street-light.jpg\" alt=\"\" class=\"uag-image-1145\" width=\"300\" height=\"300\" title=\"Eclairage de rue LED\" loading=\"lazy\" role=\"img\"><\/a><\/figure><\/div>\n<\/div>\n<\/div><\/div>\n\n\n\n<div class=\"wp-block-uagb-container uagb-block-6a60882c alignfull uagb-is-root-container\"><div class=\"uagb-container-inner-blocks-wrap\">\n<div class=\"wp-block-uagb-container uagb-block-f1e91a35\">\n<h4 class=\"wp-block-heading has-text-align-center\"><a href=\"https:\/\/led.amasly.com\/fr\/products\/\">Lampes de sol \u00e0 diodes \u00e9lectroluminescentes<\/a><\/h4>\n<\/div>\n\n\n\n<div class=\"wp-block-uagb-container uagb-block-165bfa58\">\n<h4 class=\"wp-block-heading has-text-align-center\"><a href=\"https:\/\/led.amasly.com\/fr\/products\/\">Lampes tubulaires LED Tri-Proof<\/a><\/h4>\n<\/div>\n\n\n\n<div class=\"wp-block-uagb-container uagb-block-f6096e3b\">\n<h4 class=\"wp-block-heading has-text-align-center\"><a href=\"https:\/\/led.amasly.com\/fr\/products\/\">Lampes de rue LED<\/a><\/h4>\n<\/div>\n<\/div><\/div>\n\n\n\n<div class=\"wp-block-uagb-container uagb-block-99c0e0a5 alignfull uagb-is-root-container\"><div class=\"uagb-container-inner-blocks-wrap\"><\/div><\/div>\n\n\n\n<p><\/p>","protected":false},"excerpt":{"rendered":"<p>Explosion proof linear lights price Amasly Explosion Proof Strip Lights are exported to all continents of the world, more than 60 countries, with complete product certifications and quality assurance. Amasly Explosion proof linear lights features Long life so fThe structural parts of the lamps are made of anticorrosive aluminum, the surface is anodized and then [&hellip;]<\/p>\n","protected":false},"author":1,"featured_media":0,"parent":2869,"menu_order":0,"comment_status":"closed","ping_status":"closed","template":"","meta":{"_uag_custom_page_level_css":"","site-sidebar-layout":"no-sidebar","site-content-layout":"","ast-site-content-layout":"default","site-content-style":"default","site-sidebar-style":"default","ast-global-header-display":"","ast-banner-title-visibility":"","ast-main-header-display":"","ast-hfb-above-header-display":"","ast-hfb-below-header-display":"","ast-hfb-mobile-header-display":"","site-post-title":"disabled","ast-breadcrumbs-content":"","ast-featured-img":"","footer-sml-layout":"","ast-disable-related-posts":"","theme-transparent-header-meta":"enabled","adv-header-id-meta":"","stick-header-meta":"","header-above-stick-meta":"","header-main-stick-meta":"","header-below-stick-meta":"","astra-migrate-meta-layouts":"set","ast-page-background-enabled":"default","ast-page-background-meta":{"desktop":{"background-color":"var(--ast-global-color-4)","background-image":"","background-repeat":"repeat","background-position":"center center","background-size":"auto","background-attachment":"scroll","background-type":"","background-media":"","overlay-type":"","overlay-color":"","overlay-opacity":"","overlay-gradient":""},"tablet":{"background-color":"","background-image":"","background-repeat":"repeat","background-position":"center center","background-size":"auto","background-attachment":"scroll","background-type":"","background-media":"","overlay-type":"","overlay-color":"","overlay-opacity":"","overlay-gradient":""},"mobile":{"background-color":"","background-image":"","background-repeat":"repeat","background-position":"center center","background-size":"auto","background-attachment":"scroll","background-type":"","background-media":"","overlay-type":"","overlay-color":"","overlay-opacity":"","overlay-gradient":""}},"ast-content-background-meta":{"desktop":{"background-color":"var(--ast-global-color-5)","background-image":"","background-repeat":"repeat","background-position":"center center","background-size":"auto","background-attachment":"scroll","background-type":"","background-media":"","overlay-type":"","overlay-color":"","overlay-opacity":"","overlay-gradient":""},"tablet":{"background-color":"var(--ast-global-color-5)","background-image":"","background-repeat":"repeat","background-position":"center center","background-size":"auto","background-attachment":"scroll","background-type":"","background-media":"","overlay-type":"","overlay-color":"","overlay-opacity":"","overlay-gradient":""},"mobile":{"background-color":"var(--ast-global-color-5)","background-image":"","background-repeat":"repeat","background-position":"center center","background-size":"auto","background-attachment":"scroll","background-type":"","background-media":"","overlay-type":"","overlay-color":"","overlay-opacity":"","overlay-gradient":""}},"footnotes":""},"class_list":["post-3978","page","type-page","status-publish","hentry"],"uagb_featured_image_src":{"full":false,"thumbnail":false,"medium":false,"medium_large":false,"large":false,"1536x1536":false,"2048x2048":false,"trp-custom-language-flag":false},"uagb_author_info":{"display_name":"Joe","author_link":"https:\/\/led.amasly.com\/fr\/author\/jacklin\/"},"uagb_comment_info":0,"uagb_excerpt":"Explosion proof linear lights price Amasly Explosion Proof Strip Lights are exported to all continents of the world, more than 60 countries, with complete product certifications and quality assurance. Amasly Explosion proof linear lights features Long life so fThe structural parts of the lamps are made of anticorrosive aluminum, the surface is anodized and then\u2026","_links":{"self":[{"href":"https:\/\/led.amasly.com\/fr\/wp-json\/wp\/v2\/pages\/3978","targetHints":{"allow":["GET"]}}],"collection":[{"href":"https:\/\/led.amasly.com\/fr\/wp-json\/wp\/v2\/pages"}],"about":[{"href":"https:\/\/led.amasly.com\/fr\/wp-json\/wp\/v2\/types\/page"}],"author":[{"embeddable":true,"href":"https:\/\/led.amasly.com\/fr\/wp-json\/wp\/v2\/users\/1"}],"replies":[{"embeddable":true,"href":"https:\/\/led.amasly.com\/fr\/wp-json\/wp\/v2\/comments?post=3978"}],"version-history":[{"count":3,"href":"https:\/\/led.amasly.com\/fr\/wp-json\/wp\/v2\/pages\/3978\/revisions"}],"predecessor-version":[{"id":4491,"href":"https:\/\/led.amasly.com\/fr\/wp-json\/wp\/v2\/pages\/3978\/revisions\/4491"}],"up":[{"embeddable":true,"href":"https:\/\/led.amasly.com\/fr\/wp-json\/wp\/v2\/pages\/2869"}],"wp:attachment":[{"href":"https:\/\/led.amasly.com\/fr\/wp-json\/wp\/v2\/media?parent=3978"}],"curies":[{"name":"wp","href":"https:\/\/api.w.org\/{rel}","templated":true}]}}