{"id":3174,"date":"2025-04-23T20:53:47","date_gmt":"2025-04-23T12:53:47","guid":{"rendered":"https:\/\/led.amasly.com\/?page_id=3174"},"modified":"2025-04-23T20:53:52","modified_gmt":"2025-04-23T12:53:52","slug":"explosion-proof-electrical-lighting-systems-for-coating-lines-safety-technologies","status":"publish","type":"page","link":"https:\/\/led.amasly.com\/fr\/knowledge\/explosion-proof-products-knowledge\/explosion-proof-electrical-lighting-systems-for-coating-lines-safety-technologies\/","title":{"rendered":"Syst\u00e8mes d'\u00e9clairage \u00e9lectrique antid\u00e9flagrants pour les lignes d'enduction : Technologies de s\u00e9curit\u00e9"},"content":{"rendered":"<div class=\"wp-block-uagb-container uagb-block-27bae773 alignfull uagb-is-root-container\"><div class=\"uagb-container-inner-blocks-wrap\"><\/div><\/div>\n\n\n\n<h1 class=\"wp-block-heading has-text-align-center\">Conception et mise en \u0153uvre de syst\u00e8mes d'\u00e9clairage \u00e9lectrique antid\u00e9flagrants <\/h1>\n\n\n\n<div class=\"wp-block-uagb-image uagb-block-da1360b5 wp-block-uagb-image--layout-default wp-block-uagb-image--effect-static wp-block-uagb-image--align-none\"><figure class=\"wp-block-uagb-image__figure\"><a class=\"\" href=\"https:\/\/led.amasly.com\/fr\/products\/\" target=\"\" rel=\"noopener\"><img decoding=\"async\" srcset=\"https:\/\/led.amasly.com\/wp-content\/uploads\/2025\/01\/LED-explosion-proof-flood-lights.png ,https:\/\/led.amasly.com\/wp-content\/uploads\/2025\/01\/LED-explosion-proof-flood-lights.png 780w, https:\/\/led.amasly.com\/wp-content\/uploads\/2025\/01\/LED-explosion-proof-flood-lights.png 360w\" sizes=\"auto, (max-width: 480px) 150px\" src=\"https:\/\/led.amasly.com\/wp-content\/uploads\/2025\/01\/LED-explosion-proof-flood-lights.png\" alt=\"\" class=\"uag-image-1675\" width=\"1004\" height=\"308\" title=\"Lampes antid\u00e9flagrantes \u00e0 LED\" loading=\"lazy\" role=\"img\"><\/a><\/figure><\/div>\n\n\n\n<h2 class=\"wp-block-heading\"><strong>\u00c9clairage \u00e9lectrique + Normes de conception antid\u00e9flagrante<\/strong><\/h2>\n\n\n\n<p><strong>Principaux indicateurs :<\/strong><\/p>\n\n\n\n<ul class=\"wp-block-list\">\n<li>Protection contre les explosions : IP65+<\/li>\n\n\n\n<li>Eclairage : \u2265300 lux (zones de travail), \u2265150 lux (all\u00e9es)<\/li>\n\n\n\n<li>Dur\u00e9e de l'\u00e9clairage de secours : \u226590 minutes<\/li>\n<\/ul>\n\n\n\n<figure class=\"wp-block-table\"><table class=\"has-fixed-layout\"><thead><tr><th>Type d'\u00e9quipement<\/th><th>Classement antid\u00e9flagrant<\/th><th>Fr\u00e9quence d'inspection<\/th><\/tr><\/thead><tbody><tr><td>Lumi\u00e8res de l'atelier principal<\/td><td><a href=\"http:\/\/www.iecex-certs.com\/\" rel=\"nofollow noopener\" target=\"_blank\">Ex d IIB T4<\/a><\/td><td>Trimestrielle<\/td><\/tr><tr><td>\u00c9clairage de la salle de mixage<\/td><td>Ex de IIB T6<\/td><td>Contr\u00f4le visuel mensuel<\/td><\/tr><tr><td>\u00c9clairage de secours<\/td><td>IP68 + R\u00e9sistance aux vibrations<\/td><td>Tests semestriels<\/td><\/tr><\/tbody><\/table><\/figure>\n\n\n\n<p><strong>Lignes directrices pour la mise en \u0153uvre :<\/strong><\/p>\n\n\n\n<ol start=\"1\" class=\"wp-block-list\">\n<li>Utiliser des luminaires LED antid\u00e9flagrants (\u2264100W, temp\u00e9rature de couleur 4000-5000K)<\/li>\n\n\n\n<li>Installer des protections ind\u00e9pendantes contre les fuites (courant de d\u00e9clenchement \u226430mA)<\/li>\n\n\n\n<li>R\u00e9sistance de mise \u00e0 la terre \u22644\u03a9 pour tous les appareils.<\/li>\n<\/ol>\n\n\n\n<h2 class=\"wp-block-heading\"><strong>\u00c9clairage \u00e9lectrique + syst\u00e8mes de contr\u00f4le intelligents<\/strong><\/h2>\n\n\n\n<p><strong>Solutions int\u00e9gr\u00e9es :<\/strong><\/p>\n\n\n\n<ol start=\"1\" class=\"wp-block-list\">\n<li>Variation automatique en fonction de la lumi\u00e8re (30-100% r\u00e9glage de la luminosit\u00e9)<\/li>\n\n\n\n<li>Avertissements stroboscopiques d\u00e9clench\u00e9s par les COV (activation \u00e0 25% LIE)<\/li>\n\n\n\n<li>Contr\u00f4le en temps r\u00e9el :\n<ul class=\"wp-block-list\">\n<li>Alertes de temp\u00e9rature (seuil \u226460\u00b0C\/140\u00b0F)<\/li>\n\n\n\n<li>Surveillance de la charge du circuit (limite de s\u00e9curit\u00e9 \u226480%)<\/li>\n<\/ul>\n<\/li>\n<\/ol>\n\n\n\n<p><strong>Protocoles d'urgence :<\/strong><\/p>\n\n\n\n<ul class=\"wp-block-list\">\n<li>Enseignes de sortie intelligentes avec une luminance \u22655 cd\/m\u00b2.<\/li>\n\n\n\n<li>Alarmes de balises antid\u00e9flagrantes (\u226585 dB)<\/li>\n\n\n\n<li>Temps d'activation de l'\u00e9clairage de secours \u22640,5s<\/li>\n<\/ul>\n\n\n\n<h2 class=\"wp-block-heading\"><strong>Sp\u00e9cifications d'installation<\/strong><\/h2>\n\n\n\n<p><strong>Exigences en mati\u00e8re de s\u00e9curit\u00e9 :<\/strong><\/p>\n\n\n\n<ol start=\"1\" class=\"wp-block-list\">\n<li>Hauteur de montage : 2,5-3,5 m (8,2-11,5ft) au-dessus du sol<\/li>\n\n\n\n<li>Bo\u00eetes de jonction antid\u00e9flagrantes en cuivre (IP54+)<\/li>\n\n\n\n<li>Conduits en acier galvanis\u00e9 (rayon de courbure \u22656\u00d7 diam\u00e8tre)<\/li>\n<\/ol>\n\n\n\n<p><strong>Conformit\u00e9 critique :<\/strong><\/p>\n\n\n\n<ul class=\"wp-block-list\">\n<li>S\u00e9paration de 300 mm entre les c\u00e2bles d'\u00e9clairage et d'alimentation<\/li>\n\n\n\n<li>Couple de serrage : \u22640.8N-m pour des fils de 2.5mm\u00b2.<\/li>\n\n\n\n<li>Facteur de s\u00e9curit\u00e9 de la suspension \u22655\u00d7 poids de l'appareil<\/li>\n<\/ul>\n\n\n\n<h2 class=\"wp-block-heading\"><strong>Eclairage \u00e9lectrique + Gestion de la maintenance<\/strong><\/h2>\n\n\n\n<p><strong>Strat\u00e9gies pr\u00e9ventives :<\/strong><\/p>\n\n\n\n<ol start=\"1\" class=\"wp-block-list\">\n<li>Cartographie de l'\u00e9clairement (points de test tous les 10 m)<\/li>\n\n\n\n<li>Syst\u00e8me de maintenance \u00e0 trois niveaux :\n<ul class=\"wp-block-list\">\n<li>Nettoyage\/inspection quotidiens<\/li>\n\n\n\n<li>Tests fonctionnels mensuels<\/li>\n\n\n\n<li>Certification annuelle antid\u00e9flagrante<\/li>\n<\/ul>\n<\/li>\n<\/ol>\n\n\n\n<p><strong>R\u00e9ponse \u00e0 l'erreur :<\/strong><\/p>\n\n\n\n<ol start=\"1\" class=\"wp-block-list\">\n<li>Activer imm\u00e9diatement l'\u00e9clairage de secours<\/li>\n\n\n\n<li>Utiliser des lampes de d\u00e9pannage antid\u00e9flagrantes de 24 V<\/li>\n\n\n\n<li>Recertification ATEX apr\u00e8s r\u00e9paration<\/li>\n<\/ol>\n\n\n\n<h2 class=\"wp-block-heading\"><strong>\u00c9clairage \u00e9lectrique + Innovations technologiques<\/strong><\/h2>\n\n\n\n<p><strong>Int\u00e9gration de l'IdO :<\/strong><\/p>\n\n\n\n<ol start=\"1\" class=\"wp-block-list\">\n<li>Plateformes d'\u00e9clairage intelligent bas\u00e9es sur le cloud :\n<ul class=\"wp-block-list\">\n<li>Contr\u00f4le de l'\u00e9nergie (pr\u00e9cision de \u00b12%)<\/li>\n\n\n\n<li>Maintenance pr\u00e9dictive (mod\u00e8les de donn\u00e9es 3000h)<\/li>\n<\/ul>\n<\/li>\n\n\n\n<li>Commandes sans fil \u00e0 s\u00e9curit\u00e9 intrins\u00e8que (port\u00e9e de plus de 50 m)<\/li>\n<\/ol>\n\n\n\n<p><strong>Solutions avanc\u00e9es :<\/strong><\/p>\n\n\n\n<p class=\"has-text-align-left\">Syst\u00e8mes d'urgence \u00e0 guidage laser (visibilit\u00e9 de plus de 100 m\u00e8tres)<\/p>\n\n\n\n<p>Rev\u00eatements optiques autonettoyants (15% pour la transparence)<\/p>\n\n\n\n<p>Modules thermiques en graph\u00e8ne (r\u00e9duction de la temp\u00e9rature de 8 \u00e0 10\u00b0C)<\/p>\n\n\n\n<div class=\"wp-block-uagb-container uagb-block-c7d898dd alignfull uagb-is-root-container\"><div class=\"uagb-container-inner-blocks-wrap\"><\/div><\/div>\n\n\n\n<h2 class=\"wp-block-heading\">Produits apparent\u00e9s<\/h2>\n\n\n\n<div class=\"wp-block-uagb-container uagb-block-66e4defc alignfull uagb-is-root-container\"><div class=\"uagb-container-inner-blocks-wrap\">\n<div class=\"wp-block-uagb-container uagb-block-a42945f9\">\n<div class=\"wp-block-uagb-image uagb-block-7296296b wp-block-uagb-image--layout-default wp-block-uagb-image--effect-static wp-block-uagb-image--align-none\"><figure class=\"wp-block-uagb-image__figure\"><a class=\"\" href=\"https:\/\/led.amasly.com\/fr\/products\/\" target=\"\" rel=\"noopener\"><img decoding=\"async\" srcset=\"https:\/\/led.amasly.com\/wp-content\/uploads\/2024\/09\/Explosion-proof-high-bay-lights.png ,https:\/\/led.amasly.com\/wp-content\/uploads\/2024\/09\/Explosion-proof-high-bay-lights.png 780w, https:\/\/led.amasly.com\/wp-content\/uploads\/2024\/09\/Explosion-proof-high-bay-lights.png 360w\" sizes=\"auto, (max-width: 480px) 150px\" src=\"https:\/\/led.amasly.com\/wp-content\/uploads\/2024\/09\/Explosion-proof-high-bay-lights.png\" alt=\"\" class=\"uag-image-1495\" width=\"300\" height=\"300\" title=\"Lampes \u00e0 grande hauteur antid\u00e9flagrantes\" loading=\"lazy\" role=\"img\"><\/a><\/figure><\/div>\n<\/div>\n\n\n\n<div class=\"wp-block-uagb-container uagb-block-4d3efde5\">\n<div class=\"wp-block-uagb-image uagb-block-c9e90797 wp-block-uagb-image--layout-default wp-block-uagb-image--effect-static wp-block-uagb-image--align-none\"><figure class=\"wp-block-uagb-image__figure\"><a class=\"\" href=\"https:\/\/led.amasly.com\/fr\/products\/\" target=\"\" rel=\"noopener\"><img decoding=\"async\" srcset=\"https:\/\/led.amasly.com\/wp-content\/uploads\/2024\/07\/LED-tri-proof-lights2.png ,https:\/\/led.amasly.com\/wp-content\/uploads\/2024\/07\/LED-tri-proof-lights2.png 780w, https:\/\/led.amasly.com\/wp-content\/uploads\/2024\/07\/LED-tri-proof-lights2.png 360w\" sizes=\"auto, (max-width: 480px) 150px\" src=\"https:\/\/led.amasly.com\/wp-content\/uploads\/2024\/07\/LED-tri-proof-lights2.png\" alt=\"\" class=\"uag-image-1132\" width=\"300\" height=\"300\" title=\"LED-tri-proof-lights2\" loading=\"lazy\" role=\"img\"><\/a><\/figure><\/div>\n<\/div>\n\n\n\n<div class=\"wp-block-uagb-container uagb-block-11c2578b\">\n<div class=\"wp-block-uagb-image uagb-block-6e8883aa wp-block-uagb-image--layout-default wp-block-uagb-image--effect-static wp-block-uagb-image--align-none\"><figure class=\"wp-block-uagb-image__figure\"><a class=\"\" href=\"https:\/\/led.amasly.com\/fr\/products\/\" target=\"\" rel=\"noopener\"><img decoding=\"async\" srcset=\"https:\/\/led.amasly.com\/wp-content\/uploads\/2024\/09\/LED-Explosion-Proof-Gas-Station-Light.png ,https:\/\/led.amasly.com\/wp-content\/uploads\/2024\/09\/LED-Explosion-Proof-Gas-Station-Light.png 780w, https:\/\/led.amasly.com\/wp-content\/uploads\/2024\/09\/LED-Explosion-Proof-Gas-Station-Light.png 360w\" sizes=\"auto, (max-width: 480px) 150px\" src=\"https:\/\/led.amasly.com\/wp-content\/uploads\/2024\/09\/LED-Explosion-Proof-Gas-Station-Light.png\" alt=\"\" class=\"uag-image-1501\" width=\"300\" height=\"300\" title=\"Lampe LED antid\u00e9flagrante pour station-service\" loading=\"lazy\" role=\"img\"><\/a><\/figure><\/div>\n<\/div>\n<\/div><\/div>\n\n\n\n<div class=\"wp-block-uagb-container uagb-block-548945b5 alignfull uagb-is-root-container\"><div class=\"uagb-container-inner-blocks-wrap\">\n<div class=\"wp-block-uagb-container uagb-block-967755d5\">\n<h4 class=\"wp-block-heading has-text-align-center\"><a href=\"https:\/\/led.amasly.com\/fr\/products\/\">Lampes LED antid\u00e9flagrantes<\/a><\/h4>\n<\/div>\n\n\n\n<div class=\"wp-block-uagb-container uagb-block-9bc52fc2\">\n<h4 class=\"wp-block-heading has-text-align-center\"><a href=\"https:\/\/led.amasly.com\/fr\/products\/\">Lampes LED Tri-Proof<\/a><\/h4>\n<\/div>\n\n\n\n<div class=\"wp-block-uagb-container uagb-block-8ffa0a23\">\n<h4 class=\"wp-block-heading has-text-align-center\"><a href=\"https:\/\/led.amasly.com\/fr\/products\/\">Lampes antid\u00e9flagrantes pour stations-service<\/a><\/h4>\n<\/div>\n<\/div><\/div>\n\n\n\n<div class=\"wp-block-uagb-container uagb-block-29499fe0 alignfull uagb-is-root-container\"><div class=\"uagb-container-inner-blocks-wrap\">\n<div class=\"wp-block-uagb-container uagb-block-777ee1c7\">\n<div class=\"wp-block-uagb-image uagb-block-2e9a1851 wp-block-uagb-image--layout-default wp-block-uagb-image--effect-static wp-block-uagb-image--align-none\"><figure class=\"wp-block-uagb-image__figure\"><a class=\"\" href=\"https:\/\/led.amasly.com\/fr\/products\/\" target=\"\" rel=\"noopener\"><img decoding=\"async\" srcset=\"https:\/\/led.amasly.com\/wp-content\/uploads\/2024\/10\/50W-100W-150W-200W-300W-LED-Flood-Light.jpg ,https:\/\/led.amasly.com\/wp-content\/uploads\/2024\/10\/50W-100W-150W-200W-300W-LED-Flood-Light.jpg 780w, https:\/\/led.amasly.com\/wp-content\/uploads\/2024\/10\/50W-100W-150W-200W-300W-LED-Flood-Light.jpg 360w\" sizes=\"auto, (max-width: 480px) 150px\" src=\"https:\/\/led.amasly.com\/wp-content\/uploads\/2024\/10\/50W-100W-150W-200W-300W-LED-Flood-Light.jpg\" alt=\"\" class=\"uag-image-1526\" width=\"300\" height=\"300\" title=\"50W 100W 150W 200W 300W LED Flood Light\" loading=\"lazy\" role=\"img\"><\/a><\/figure><\/div>\n<\/div>\n\n\n\n<div class=\"wp-block-uagb-container uagb-block-af8c8683\">\n<div class=\"wp-block-uagb-image uagb-block-67947854 wp-block-uagb-image--layout-default wp-block-uagb-image--effect-static wp-block-uagb-image--align-none\"><figure class=\"wp-block-uagb-image__figure\"><a class=\"\" href=\"https:\/\/led.amasly.com\/fr\/products\/\" target=\"\" rel=\"noopener\"><img decoding=\"async\" srcset=\"https:\/\/led.amasly.com\/wp-content\/uploads\/2024\/07\/led-tri-proof-light.png ,https:\/\/led.amasly.com\/wp-content\/uploads\/2024\/07\/led-tri-proof-light.png 780w, https:\/\/led.amasly.com\/wp-content\/uploads\/2024\/07\/led-tri-proof-light.png 360w\" sizes=\"auto, (max-width: 480px) 150px\" src=\"https:\/\/led.amasly.com\/wp-content\/uploads\/2024\/07\/led-tri-proof-light.png\" alt=\"\" class=\"uag-image-1130\" width=\"300\" height=\"300\" title=\"led-tri-proof-light\" loading=\"lazy\" role=\"img\"><\/a><\/figure><\/div>\n<\/div>\n\n\n\n<div class=\"wp-block-uagb-container uagb-block-0fdfdd58\">\n<div class=\"wp-block-uagb-image uagb-block-1187d32d wp-block-uagb-image--layout-default wp-block-uagb-image--effect-static wp-block-uagb-image--align-none\"><figure class=\"wp-block-uagb-image__figure\"><a class=\"\" href=\"https:\/\/led.amasly.com\/fr\/products\/\" target=\"\" rel=\"noopener\"><img decoding=\"async\" srcset=\"https:\/\/led.amasly.com\/wp-content\/uploads\/2024\/07\/LED-street-light.jpg ,https:\/\/led.amasly.com\/wp-content\/uploads\/2024\/07\/LED-street-light.jpg 780w, https:\/\/led.amasly.com\/wp-content\/uploads\/2024\/07\/LED-street-light.jpg 360w\" sizes=\"auto, (max-width: 480px) 150px\" src=\"https:\/\/led.amasly.com\/wp-content\/uploads\/2024\/07\/LED-street-light.jpg\" alt=\"\" class=\"uag-image-1145\" width=\"300\" height=\"300\" title=\"Eclairage de rue LED\" loading=\"lazy\" role=\"img\"><\/a><\/figure><\/div>\n<\/div>\n<\/div><\/div>\n\n\n\n<div class=\"wp-block-uagb-container uagb-block-6a60882c alignfull uagb-is-root-container\"><div class=\"uagb-container-inner-blocks-wrap\">\n<div class=\"wp-block-uagb-container uagb-block-f1e91a35\">\n<h4 class=\"wp-block-heading has-text-align-center\"><a href=\"https:\/\/led.amasly.com\/fr\/products\/\">Lampes de sol \u00e0 diodes \u00e9lectroluminescentes<\/a><\/h4>\n<\/div>\n\n\n\n<div class=\"wp-block-uagb-container uagb-block-165bfa58\">\n<h4 class=\"wp-block-heading has-text-align-center\"><a href=\"https:\/\/led.amasly.com\/fr\/products\/\">Lampes tubulaires LED Tri-Proof<\/a><\/h4>\n<\/div>\n\n\n\n<div class=\"wp-block-uagb-container uagb-block-f6096e3b\">\n<h4 class=\"wp-block-heading has-text-align-center\"><a href=\"https:\/\/led.amasly.com\/fr\/products\/\">Lampes de rue LED<\/a><\/h4>\n<\/div>\n<\/div><\/div>\n\n\n\n<div class=\"wp-block-uagb-container uagb-block-99c0e0a5 alignfull uagb-is-root-container\"><div class=\"uagb-container-inner-blocks-wrap\"><\/div><\/div>\n\n\n\n<p><\/p>","protected":false},"excerpt":{"rendered":"<p>Design and Implementation of Explosion-Proof Electrical Lighting Systems Electrical Lighting + Explosion-Proof Design Standards Key Metrics: Equipment Type Explosion-Proof Rating Inspection Frequency Main Workshop Lights Ex d IIB T4 Quarterly Mixing Room Lighting Ex de IIB T6 Monthly Visual Check Emergency Lighting IP68 + Vibration-proof Biannual Testing Implementation Guidelines: Electrical Lighting + Smart Control Systems [&hellip;]<\/p>\n","protected":false},"author":1,"featured_media":0,"parent":2374,"menu_order":0,"comment_status":"closed","ping_status":"closed","template":"","meta":{"_uag_custom_page_level_css":"","site-sidebar-layout":"no-sidebar","site-content-layout":"","ast-site-content-layout":"default","site-content-style":"default","site-sidebar-style":"default","ast-global-header-display":"","ast-banner-title-visibility":"","ast-main-header-display":"","ast-hfb-above-header-display":"","ast-hfb-below-header-display":"","ast-hfb-mobile-header-display":"","site-post-title":"disabled","ast-breadcrumbs-content":"","ast-featured-img":"","footer-sml-layout":"","ast-disable-related-posts":"","theme-transparent-header-meta":"enabled","adv-header-id-meta":"","stick-header-meta":"","header-above-stick-meta":"","header-main-stick-meta":"","header-below-stick-meta":"","astra-migrate-meta-layouts":"set","ast-page-background-enabled":"default","ast-page-background-meta":{"desktop":{"background-color":"var(--ast-global-color-4)","background-image":"","background-repeat":"repeat","background-position":"center center","background-size":"auto","background-attachment":"scroll","background-type":"","background-media":"","overlay-type":"","overlay-color":"","overlay-opacity":"","overlay-gradient":""},"tablet":{"background-color":"","background-image":"","background-repeat":"repeat","background-position":"center center","background-size":"auto","background-attachment":"scroll","background-type":"","background-media":"","overlay-type":"","overlay-color":"","overlay-opacity":"","overlay-gradient":""},"mobile":{"background-color":"","background-image":"","background-repeat":"repeat","background-position":"center center","background-size":"auto","background-attachment":"scroll","background-type":"","background-media":"","overlay-type":"","overlay-color":"","overlay-opacity":"","overlay-gradient":""}},"ast-content-background-meta":{"desktop":{"background-color":"var(--ast-global-color-5)","background-image":"","background-repeat":"repeat","background-position":"center center","background-size":"auto","background-attachment":"scroll","background-type":"","background-media":"","overlay-type":"","overlay-color":"","overlay-opacity":"","overlay-gradient":""},"tablet":{"background-color":"var(--ast-global-color-5)","background-image":"","background-repeat":"repeat","background-position":"center center","background-size":"auto","background-attachment":"scroll","background-type":"","background-media":"","overlay-type":"","overlay-color":"","overlay-opacity":"","overlay-gradient":""},"mobile":{"background-color":"var(--ast-global-color-5)","background-image":"","background-repeat":"repeat","background-position":"center center","background-size":"auto","background-attachment":"scroll","background-type":"","background-media":"","overlay-type":"","overlay-color":"","overlay-opacity":"","overlay-gradient":""}},"footnotes":""},"class_list":["post-3174","page","type-page","status-publish","hentry"],"uagb_featured_image_src":{"full":false,"thumbnail":false,"medium":false,"medium_large":false,"large":false,"1536x1536":false,"2048x2048":false,"trp-custom-language-flag":false},"uagb_author_info":{"display_name":"Joe","author_link":"https:\/\/led.amasly.com\/fr\/author\/jacklin\/"},"uagb_comment_info":0,"uagb_excerpt":"Design and Implementation of Explosion-Proof Electrical Lighting Systems Electrical Lighting + Explosion-Proof Design Standards Key Metrics: Equipment Type Explosion-Proof Rating Inspection Frequency Main Workshop Lights Ex d IIB T4 Quarterly Mixing Room Lighting Ex de IIB T6 Monthly Visual Check Emergency Lighting IP68 + Vibration-proof Biannual Testing Implementation Guidelines: Electrical Lighting + Smart Control Systems\u2026","_links":{"self":[{"href":"https:\/\/led.amasly.com\/fr\/wp-json\/wp\/v2\/pages\/3174","targetHints":{"allow":["GET"]}}],"collection":[{"href":"https:\/\/led.amasly.com\/fr\/wp-json\/wp\/v2\/pages"}],"about":[{"href":"https:\/\/led.amasly.com\/fr\/wp-json\/wp\/v2\/types\/page"}],"author":[{"embeddable":true,"href":"https:\/\/led.amasly.com\/fr\/wp-json\/wp\/v2\/users\/1"}],"replies":[{"embeddable":true,"href":"https:\/\/led.amasly.com\/fr\/wp-json\/wp\/v2\/comments?post=3174"}],"version-history":[{"count":1,"href":"https:\/\/led.amasly.com\/fr\/wp-json\/wp\/v2\/pages\/3174\/revisions"}],"predecessor-version":[{"id":3176,"href":"https:\/\/led.amasly.com\/fr\/wp-json\/wp\/v2\/pages\/3174\/revisions\/3176"}],"up":[{"embeddable":true,"href":"https:\/\/led.amasly.com\/fr\/wp-json\/wp\/v2\/pages\/2374"}],"wp:attachment":[{"href":"https:\/\/led.amasly.com\/fr\/wp-json\/wp\/v2\/media?parent=3174"}],"curies":[{"name":"wp","href":"https:\/\/api.w.org\/{rel}","templated":true}]}}