{"id":3173,"date":"2025-04-23T20:41:19","date_gmt":"2025-04-23T12:41:19","guid":{"rendered":"https:\/\/led.amasly.com\/?page_id=3173"},"modified":"2025-04-23T20:41:24","modified_gmt":"2025-04-23T12:41:24","slug":"explosion-proof-lights-for-ship-paint-rooms-safety-standards-selection-and-installation-guide","status":"publish","type":"page","link":"https:\/\/led.amasly.com\/fr\/knowledge\/explosion-proof-products-knowledge\/explosion-proof-lights-for-ship-paint-rooms-safety-standards-selection-and-installation-guide\/","title":{"rendered":"\u00c9clairage antid\u00e9flagrant pour les salles de peinture des navires : Normes de s\u00e9curit\u00e9, s\u00e9lection et guide d'installation"},"content":{"rendered":"<div class=\"wp-block-uagb-container uagb-block-27bae773 alignfull uagb-is-root-container\"><div class=\"uagb-container-inner-blocks-wrap\"><\/div><\/div>\n\n\n\n<h1 class=\"wp-block-heading has-text-align-center\"><strong>S\u00e9lection et installation de lampes antid\u00e9flagrantes : Exigences essentielles de s\u00e9curit\u00e9 pour les salles de peinture des navires<\/strong><\/h1>\n\n\n\n<div class=\"wp-block-uagb-image uagb-block-da1360b5 wp-block-uagb-image--layout-default wp-block-uagb-image--effect-static wp-block-uagb-image--align-none\"><figure class=\"wp-block-uagb-image__figure\"><a class=\"\" href=\"https:\/\/led.amasly.com\/fr\/products\/\" target=\"\" rel=\"noopener\"><img decoding=\"async\" srcset=\"https:\/\/led.amasly.com\/wp-content\/uploads\/2025\/01\/LED-explosion-proof-flood-lights.png ,https:\/\/led.amasly.com\/wp-content\/uploads\/2025\/01\/LED-explosion-proof-flood-lights.png 780w, https:\/\/led.amasly.com\/wp-content\/uploads\/2025\/01\/LED-explosion-proof-flood-lights.png 360w\" sizes=\"auto, (max-width: 480px) 150px\" src=\"https:\/\/led.amasly.com\/wp-content\/uploads\/2025\/01\/LED-explosion-proof-flood-lights.png\" alt=\"\" class=\"uag-image-1675\" width=\"1004\" height=\"308\" title=\"Lampes antid\u00e9flagrantes \u00e0 LED\" loading=\"lazy\" role=\"img\"><\/a><\/figure><\/div>\n\n\n\n<h2 class=\"wp-block-heading\"><strong>S\u00e9lection de lampes antid\u00e9flagrantes : 5 types et applications<\/strong><\/h2>\n\n\n\n<p>Selon la r\u00e9glementation de la construction navale, les \u00e9clairages antid\u00e9flagrants pour les salles de peinture doivent \u00eatre choisis parmi les cinq cat\u00e9gories suivantes :<\/p>\n\n\n\n<ol start=\"1\" class=\"wp-block-list\">\n<li><strong>Lampe antid\u00e9flagrante \u00e0 s\u00e9curit\u00e9 intrins\u00e8que (Ex \u201ci\u201d)<\/strong>: Id\u00e9al pour un \u00e9clairage \u00e0 faible consommation en limitant l'\u00e9nergie du circuit.<\/li>\n\n\n\n<li><strong>Lampe antid\u00e9flagrante (Ex \u201cd\u201d)<\/strong>: Bo\u00eetier robuste r\u00e9sistant aux explosions internes, adapt\u00e9 \u00e0 l'\u00e9clairage primaire \u00e0 haut risque.<\/li>\n\n\n\n<li><strong>S\u00e9curit\u00e9 accrue Lumi\u00e8re antid\u00e9flagrante (Ex \u201ce\u201d)<\/strong>: Isolation et \u00e9tanch\u00e9it\u00e9 renforc\u00e9es pour \u00e9viter les \u00e9tincelles, recommand\u00e9 pour une utilisation stable \u00e0 long terme.<\/li>\n\n\n\n<li><strong>Lampes antid\u00e9flagrantes pressuris\u00e9es (Ex \u201cp\u201d)<\/strong>: Bloque les gaz inflammables gr\u00e2ce \u00e0 un flux d'air continu, id\u00e9al pour les zones mal ventil\u00e9es.<\/li>\n\n\n\n<li><strong>Protection sp\u00e9ciale Lampes antid\u00e9flagrantes (Ex \u201cs\u201d)<\/strong>: Conceptions certifi\u00e9es sur mesure pour des conditions complexes.<\/li>\n<\/ol>\n\n\n\n<p><strong>Note<\/strong>: Les lampes antid\u00e9flagrantes remplies de sable (Ex \u201cq\u201d) et encapsul\u00e9es (Ex \u201cm\u201d) sont interdites dans les salles de peinture.<\/p>\n\n\n\n<h2 class=\"wp-block-heading\"><strong>Installation de lampes antid\u00e9flagrantes : Exigences en mati\u00e8re de c\u00e2bles et de joints<\/strong><\/h2>\n\n\n\n<ol start=\"1\" class=\"wp-block-list\">\n<li><strong>Normes de c\u00e2blage<\/strong>\n<ul class=\"wp-block-list\">\n<li><strong>C\u00e2bles d'\u00e9clairage antid\u00e9flagrants<\/strong>\u00a0doit \u00eatre\u00a0<strong>blind\u00e9<\/strong>\u00a0ou achemin\u00e9s dans des conduits m\u00e9talliques \u00e9tanches. Utilisez une armure r\u00e9sistante \u00e0 la corrosion (par exemple, en acier galvanis\u00e9) et scellez les joints des conduits avec du mastic antid\u00e9flagrant pour emp\u00eacher la p\u00e9n\u00e9tration de gaz.<\/li>\n\n\n\n<li><strong>Erreurs courantes<\/strong>: Les c\u00e2bles non arm\u00e9s expos\u00e9s ou les conduits non \u00e9tanches compromettent la protection contre les explosions.<\/li>\n<\/ul>\n<\/li>\n\n\n\n<li><strong>Conception de l'\u00e9tanch\u00e9it\u00e9<\/strong>\n<ul class=\"wp-block-list\">\n<li>Les lampes antid\u00e9flagrantes n\u00e9cessitent\u00a0<strong>bo\u00eetiers r\u00e9sistants aux chocs<\/strong>\u00a0(par exemple, polycarbonate) et en acier inoxydable, avec un indice de protection IP66 au minimum.<\/li>\n\n\n\n<li><strong>Probl\u00e8mes typiques<\/strong>: Bo\u00eetiers fissur\u00e9s ou joints d\u00e9grad\u00e9s. Inspecter les joints tous les trimestres et remplacer imm\u00e9diatement les pi\u00e8ces endommag\u00e9es.<\/li>\n<\/ul>\n<\/li>\n<\/ol>\n\n\n\n<h2 class=\"wp-block-heading\"><strong>Mise \u00e0 la terre des lampes antid\u00e9flagrantes : R\u00e9glementation et bonnes pratiques<\/strong><\/h2>\n\n\n\n<p>Tous les \u00e9l\u00e9ments m\u00e9talliques (bo\u00eetier, supports, etc.) doivent \u00eatre mis \u00e0 la terre, sauf :<\/p>\n\n\n\n<ul class=\"wp-block-list\">\n<li>Dispositifs \u00e0 double isolation fonctionnant \u00e0 \u226450V.<\/li>\n\n\n\n<li>Couvertures ou protections non conductrices.<\/li>\n<\/ul>\n\n\n\n<p><strong>Conseils de mise en \u0153uvre<\/strong>:<\/p>\n\n\n\n<ol start=\"1\" class=\"wp-block-list\">\n<li><strong>Mise \u00e0 la terre directe<\/strong>: En cas de montage sur des structures m\u00e9talliques de navires, polir les surfaces de contact et appliquer une p\u00e2te conductrice anticorrosion.<\/li>\n\n\n\n<li><strong>Fils de terre suppl\u00e9mentaires<\/strong>: M\u00eame s'il est conforme, ajoutez un fil de terre jaune-vert (section \u22652,5 mm\u00b2) pour rem\u00e9dier au desserrement induit par les vibrations.<\/li>\n<\/ol>\n\n\n\n<h2 class=\"wp-block-heading\"><strong>Maintenance des lampes antid\u00e9flagrantes : 3 probl\u00e8mes courants et leurs solutions<\/strong><\/h2>\n\n\n\n<h4 class=\"wp-block-heading\"><strong>Num\u00e9ro 1 : D\u00e9faillance du joint d'\u00e9tanch\u00e9it\u00e9 d'une lampe antid\u00e9flagrante<\/strong><\/h4>\n\n\n\n<ul class=\"wp-block-list\">\n<li><strong>Risque<\/strong>: Infiltration de gaz inflammable.<\/li>\n\n\n\n<li><strong>Solutions<\/strong>:\n<ul class=\"wp-block-list\">\n<li>Remplacer les joints par des joints en silicone et appliquer de l'huile de silicone pour retarder le vieillissement.<\/li>\n\n\n\n<li>Installer des supports antivibrations.<\/li>\n<\/ul>\n<\/li>\n<\/ul>\n\n\n\n<h4 class=\"wp-block-heading\"><strong>Num\u00e9ro 2 : C\u00e2blage non conforme pour les lampes antid\u00e9flagrantes<\/strong><\/h4>\n\n\n\n<ul class=\"wp-block-list\">\n<li><strong>Risque<\/strong>: \u00c9tincelles provenant de c\u00e2bles corrod\u00e9s ou endommag\u00e9s.<\/li>\n\n\n\n<li><strong>V\u00e9rification rapide<\/strong>: Les c\u00e2bles arm\u00e9s ont des diam\u00e8tres plus \u00e9pais avec des tresses m\u00e9talliques ; v\u00e9rifier que les bo\u00eetes de jonction sont \u00e9quip\u00e9es de presse-\u00e9toupes antid\u00e9flagrants.<\/li>\n<\/ul>\n\n\n\n<h4 class=\"wp-block-heading\"><strong>Probl\u00e8me 3 : Mise \u00e0 la terre inad\u00e9quate d'une lampe antid\u00e9flagrante<\/strong><\/h4>\n\n\n\n<ul class=\"wp-block-list\">\n<li><strong>Risque<\/strong>: Allumage par accumulation d'\u00e9lectricit\u00e9 statique.<\/li>\n\n\n\n<li><strong>Corrections<\/strong>:\n<ul class=\"wp-block-list\">\n<li>Utiliser un multim\u00e8tre pour tester la r\u00e9sistance entre le feu et la coque ; remettre \u00e0 la terre si &gt;1\u03a9.<\/li>\n\n\n\n<li>Ajoutez des rondelles \u00e9lastiques aux connexions de mise \u00e0 la terre pour \u00e9viter qu'elles ne se desserrent.<\/li>\n<\/ul>\n<\/li>\n<\/ul>\n\n\n\n<h2 class=\"wp-block-heading\"><strong>Inspection des lampes antid\u00e9flagrantes : Liste de contr\u00f4le annuelle<\/strong><\/h2>\n\n\n\n<ol start=\"1\" class=\"wp-block-list\">\n<li><strong>V\u00e9rification de la certification<\/strong>: V\u00e9rifier la validit\u00e9 de la certification Ex (g\u00e9n\u00e9ralement 5 ans) et faire correspondre les \u00e9tiquettes avec la documentation.<\/li>\n\n\n\n<li><strong>Test d'\u00e9tanch\u00e9it\u00e9<\/strong>: Pulv\u00e9riser de l'eau pour valider l'indice de protection IP ; v\u00e9rifier l'absence de condensation interne lorsque l'appareil est sous tension.<\/li>\n\n\n\n<li><strong>Test de r\u00e9sistance de la terre<\/strong>: Mesurer \u00e0 l'aide d'un m\u00e9gohmm\u00e8tre ; assurer \u22641\u03a9.<\/li>\n<\/ol>\n\n\n\n<h2 class=\"wp-block-heading has-text-align-left\"><strong>Conclusion<\/strong><\/h2>\n\n\n\n<p class=\"has-text-align-left\"><br>Les lampes antid\u00e9flagrantes sont essentielles \u00e0 la s\u00e9curit\u00e9 des op\u00e9rations de la salle de peinture des navires. Donner la priorit\u00e9 <a href=\"http:\/\/www.iecex-certs.com\/\" rel=\"nofollow noopener\" target=\"_blank\">Certifi\u00e9 ATEX\/IECEx<\/a> et mettre en \u0153uvre un syst\u00e8me de gestion du cycle de vie (\u201cune lumi\u00e8re, un dossier\u201d). En adh\u00e9rant \u00e0 des protocoles stricts de s\u00e9lection, d'installation, de mise \u00e0 la terre et d'entretien, les risques d'explosion sont minimis\u00e9s, ce qui garantit la s\u00e9curit\u00e9 des navires et la conformit\u00e9 aux r\u00e9glementations.<\/p>\n\n\n\n<div class=\"wp-block-uagb-container uagb-block-c7d898dd alignfull uagb-is-root-container\"><div class=\"uagb-container-inner-blocks-wrap\"><\/div><\/div>\n\n\n\n<h2 class=\"wp-block-heading\">Produits apparent\u00e9s<\/h2>\n\n\n\n<div class=\"wp-block-uagb-container uagb-block-66e4defc alignfull uagb-is-root-container\"><div class=\"uagb-container-inner-blocks-wrap\">\n<div class=\"wp-block-uagb-container uagb-block-a42945f9\">\n<div class=\"wp-block-uagb-image uagb-block-7296296b wp-block-uagb-image--layout-default wp-block-uagb-image--effect-static wp-block-uagb-image--align-none\"><figure class=\"wp-block-uagb-image__figure\"><a class=\"\" href=\"https:\/\/led.amasly.com\/fr\/products\/\" target=\"\" rel=\"noopener\"><img decoding=\"async\" srcset=\"https:\/\/led.amasly.com\/wp-content\/uploads\/2024\/09\/Explosion-proof-high-bay-lights.png ,https:\/\/led.amasly.com\/wp-content\/uploads\/2024\/09\/Explosion-proof-high-bay-lights.png 780w, https:\/\/led.amasly.com\/wp-content\/uploads\/2024\/09\/Explosion-proof-high-bay-lights.png 360w\" sizes=\"auto, (max-width: 480px) 150px\" src=\"https:\/\/led.amasly.com\/wp-content\/uploads\/2024\/09\/Explosion-proof-high-bay-lights.png\" alt=\"\" class=\"uag-image-1495\" width=\"300\" height=\"300\" title=\"Lampes \u00e0 grande hauteur antid\u00e9flagrantes\" loading=\"lazy\" role=\"img\"><\/a><\/figure><\/div>\n<\/div>\n\n\n\n<div class=\"wp-block-uagb-container uagb-block-4d3efde5\">\n<div class=\"wp-block-uagb-image uagb-block-c9e90797 wp-block-uagb-image--layout-default wp-block-uagb-image--effect-static wp-block-uagb-image--align-none\"><figure class=\"wp-block-uagb-image__figure\"><a class=\"\" href=\"https:\/\/led.amasly.com\/fr\/products\/\" target=\"\" rel=\"noopener\"><img decoding=\"async\" srcset=\"https:\/\/led.amasly.com\/wp-content\/uploads\/2024\/07\/LED-tri-proof-lights2.png ,https:\/\/led.amasly.com\/wp-content\/uploads\/2024\/07\/LED-tri-proof-lights2.png 780w, https:\/\/led.amasly.com\/wp-content\/uploads\/2024\/07\/LED-tri-proof-lights2.png 360w\" sizes=\"auto, (max-width: 480px) 150px\" src=\"https:\/\/led.amasly.com\/wp-content\/uploads\/2024\/07\/LED-tri-proof-lights2.png\" alt=\"\" class=\"uag-image-1132\" width=\"300\" height=\"300\" title=\"LED-tri-proof-lights2\" loading=\"lazy\" role=\"img\"><\/a><\/figure><\/div>\n<\/div>\n\n\n\n<div class=\"wp-block-uagb-container uagb-block-11c2578b\">\n<div class=\"wp-block-uagb-image uagb-block-6e8883aa wp-block-uagb-image--layout-default wp-block-uagb-image--effect-static wp-block-uagb-image--align-none\"><figure class=\"wp-block-uagb-image__figure\"><a class=\"\" href=\"https:\/\/led.amasly.com\/fr\/products\/\" target=\"\" rel=\"noopener\"><img decoding=\"async\" srcset=\"https:\/\/led.amasly.com\/wp-content\/uploads\/2024\/09\/LED-Explosion-Proof-Gas-Station-Light.png ,https:\/\/led.amasly.com\/wp-content\/uploads\/2024\/09\/LED-Explosion-Proof-Gas-Station-Light.png 780w, https:\/\/led.amasly.com\/wp-content\/uploads\/2024\/09\/LED-Explosion-Proof-Gas-Station-Light.png 360w\" sizes=\"auto, (max-width: 480px) 150px\" src=\"https:\/\/led.amasly.com\/wp-content\/uploads\/2024\/09\/LED-Explosion-Proof-Gas-Station-Light.png\" alt=\"\" class=\"uag-image-1501\" width=\"300\" height=\"300\" title=\"Lampe LED antid\u00e9flagrante pour station-service\" loading=\"lazy\" role=\"img\"><\/a><\/figure><\/div>\n<\/div>\n<\/div><\/div>\n\n\n\n<div class=\"wp-block-uagb-container uagb-block-548945b5 alignfull uagb-is-root-container\"><div class=\"uagb-container-inner-blocks-wrap\">\n<div class=\"wp-block-uagb-container uagb-block-967755d5\">\n<h4 class=\"wp-block-heading has-text-align-center\"><a href=\"https:\/\/led.amasly.com\/fr\/products\/\">Lampes LED antid\u00e9flagrantes<\/a><\/h4>\n<\/div>\n\n\n\n<div class=\"wp-block-uagb-container uagb-block-9bc52fc2\">\n<h4 class=\"wp-block-heading has-text-align-center\"><a href=\"https:\/\/led.amasly.com\/fr\/products\/\">Lampes LED Tri-Proof<\/a><\/h4>\n<\/div>\n\n\n\n<div class=\"wp-block-uagb-container uagb-block-8ffa0a23\">\n<h4 class=\"wp-block-heading has-text-align-center\"><a href=\"https:\/\/led.amasly.com\/fr\/products\/\">Lampes antid\u00e9flagrantes pour stations-service<\/a><\/h4>\n<\/div>\n<\/div><\/div>\n\n\n\n<div class=\"wp-block-uagb-container uagb-block-29499fe0 alignfull uagb-is-root-container\"><div class=\"uagb-container-inner-blocks-wrap\">\n<div class=\"wp-block-uagb-container uagb-block-777ee1c7\">\n<div class=\"wp-block-uagb-image uagb-block-2e9a1851 wp-block-uagb-image--layout-default wp-block-uagb-image--effect-static wp-block-uagb-image--align-none\"><figure class=\"wp-block-uagb-image__figure\"><a class=\"\" href=\"https:\/\/led.amasly.com\/fr\/products\/\" target=\"\" rel=\"noopener\"><img decoding=\"async\" srcset=\"https:\/\/led.amasly.com\/wp-content\/uploads\/2024\/10\/50W-100W-150W-200W-300W-LED-Flood-Light.jpg ,https:\/\/led.amasly.com\/wp-content\/uploads\/2024\/10\/50W-100W-150W-200W-300W-LED-Flood-Light.jpg 780w, https:\/\/led.amasly.com\/wp-content\/uploads\/2024\/10\/50W-100W-150W-200W-300W-LED-Flood-Light.jpg 360w\" sizes=\"auto, (max-width: 480px) 150px\" src=\"https:\/\/led.amasly.com\/wp-content\/uploads\/2024\/10\/50W-100W-150W-200W-300W-LED-Flood-Light.jpg\" alt=\"\" class=\"uag-image-1526\" width=\"300\" height=\"300\" title=\"50W 100W 150W 200W 300W LED Flood Light\" loading=\"lazy\" role=\"img\"><\/a><\/figure><\/div>\n<\/div>\n\n\n\n<div class=\"wp-block-uagb-container uagb-block-af8c8683\">\n<div class=\"wp-block-uagb-image uagb-block-67947854 wp-block-uagb-image--layout-default wp-block-uagb-image--effect-static wp-block-uagb-image--align-none\"><figure class=\"wp-block-uagb-image__figure\"><a class=\"\" href=\"https:\/\/led.amasly.com\/fr\/products\/\" target=\"\" rel=\"noopener\"><img decoding=\"async\" srcset=\"https:\/\/led.amasly.com\/wp-content\/uploads\/2024\/07\/led-tri-proof-light.png ,https:\/\/led.amasly.com\/wp-content\/uploads\/2024\/07\/led-tri-proof-light.png 780w, https:\/\/led.amasly.com\/wp-content\/uploads\/2024\/07\/led-tri-proof-light.png 360w\" sizes=\"auto, (max-width: 480px) 150px\" src=\"https:\/\/led.amasly.com\/wp-content\/uploads\/2024\/07\/led-tri-proof-light.png\" alt=\"\" class=\"uag-image-1130\" width=\"300\" height=\"300\" title=\"led-tri-proof-light\" loading=\"lazy\" role=\"img\"><\/a><\/figure><\/div>\n<\/div>\n\n\n\n<div class=\"wp-block-uagb-container uagb-block-0fdfdd58\">\n<div class=\"wp-block-uagb-image uagb-block-1187d32d wp-block-uagb-image--layout-default wp-block-uagb-image--effect-static wp-block-uagb-image--align-none\"><figure class=\"wp-block-uagb-image__figure\"><a class=\"\" href=\"https:\/\/led.amasly.com\/fr\/products\/\" target=\"\" rel=\"noopener\"><img decoding=\"async\" srcset=\"https:\/\/led.amasly.com\/wp-content\/uploads\/2024\/07\/LED-street-light.jpg ,https:\/\/led.amasly.com\/wp-content\/uploads\/2024\/07\/LED-street-light.jpg 780w, https:\/\/led.amasly.com\/wp-content\/uploads\/2024\/07\/LED-street-light.jpg 360w\" sizes=\"auto, (max-width: 480px) 150px\" src=\"https:\/\/led.amasly.com\/wp-content\/uploads\/2024\/07\/LED-street-light.jpg\" alt=\"\" class=\"uag-image-1145\" width=\"300\" height=\"300\" title=\"Eclairage de rue LED\" loading=\"lazy\" role=\"img\"><\/a><\/figure><\/div>\n<\/div>\n<\/div><\/div>\n\n\n\n<div class=\"wp-block-uagb-container uagb-block-6a60882c alignfull uagb-is-root-container\"><div class=\"uagb-container-inner-blocks-wrap\">\n<div class=\"wp-block-uagb-container uagb-block-f1e91a35\">\n<h4 class=\"wp-block-heading has-text-align-center\"><a href=\"https:\/\/led.amasly.com\/fr\/products\/\">Lampes de sol \u00e0 diodes \u00e9lectroluminescentes<\/a><\/h4>\n<\/div>\n\n\n\n<div class=\"wp-block-uagb-container uagb-block-165bfa58\">\n<h4 class=\"wp-block-heading has-text-align-center\"><a href=\"https:\/\/led.amasly.com\/fr\/products\/\">Lampes tubulaires LED Tri-Proof<\/a><\/h4>\n<\/div>\n\n\n\n<div class=\"wp-block-uagb-container uagb-block-f6096e3b\">\n<h4 class=\"wp-block-heading has-text-align-center\"><a href=\"https:\/\/led.amasly.com\/fr\/products\/\">Lampes de rue LED<\/a><\/h4>\n<\/div>\n<\/div><\/div>\n\n\n\n<div class=\"wp-block-uagb-container uagb-block-99c0e0a5 alignfull uagb-is-root-container\"><div class=\"uagb-container-inner-blocks-wrap\"><\/div><\/div>\n\n\n\n<p><\/p>","protected":false},"excerpt":{"rendered":"<p>Explosion-Proof Light Selection and Installation: Core Safety Requirements for Ship Paint Rooms Explosion-Proof Light Selection: 5 Types and Applications According to shipbuilding regulations, explosion-proof lights for paint rooms must be selected from the following five categories: Note: Sand-filled (Ex &#8220;q&#8221;) and Encapsulated (Ex &#8220;m&#8221;) explosion-proof lights are prohibited in paint rooms. Explosion-Proof Light Installation: Cable [&hellip;]<\/p>\n","protected":false},"author":1,"featured_media":0,"parent":2374,"menu_order":0,"comment_status":"closed","ping_status":"closed","template":"","meta":{"_uag_custom_page_level_css":"","site-sidebar-layout":"no-sidebar","site-content-layout":"","ast-site-content-layout":"default","site-content-style":"default","site-sidebar-style":"default","ast-global-header-display":"","ast-banner-title-visibility":"","ast-main-header-display":"","ast-hfb-above-header-display":"","ast-hfb-below-header-display":"","ast-hfb-mobile-header-display":"","site-post-title":"disabled","ast-breadcrumbs-content":"","ast-featured-img":"","footer-sml-layout":"","ast-disable-related-posts":"","theme-transparent-header-meta":"enabled","adv-header-id-meta":"","stick-header-meta":"","header-above-stick-meta":"","header-main-stick-meta":"","header-below-stick-meta":"","astra-migrate-meta-layouts":"set","ast-page-background-enabled":"default","ast-page-background-meta":{"desktop":{"background-color":"var(--ast-global-color-4)","background-image":"","background-repeat":"repeat","background-position":"center center","background-size":"auto","background-attachment":"scroll","background-type":"","background-media":"","overlay-type":"","overlay-color":"","overlay-opacity":"","overlay-gradient":""},"tablet":{"background-color":"","background-image":"","background-repeat":"repeat","background-position":"center center","background-size":"auto","background-attachment":"scroll","background-type":"","background-media":"","overlay-type":"","overlay-color":"","overlay-opacity":"","overlay-gradient":""},"mobile":{"background-color":"","background-image":"","background-repeat":"repeat","background-position":"center center","background-size":"auto","background-attachment":"scroll","background-type":"","background-media":"","overlay-type":"","overlay-color":"","overlay-opacity":"","overlay-gradient":""}},"ast-content-background-meta":{"desktop":{"background-color":"var(--ast-global-color-5)","background-image":"","background-repeat":"repeat","background-position":"center center","background-size":"auto","background-attachment":"scroll","background-type":"","background-media":"","overlay-type":"","overlay-color":"","overlay-opacity":"","overlay-gradient":""},"tablet":{"background-color":"var(--ast-global-color-5)","background-image":"","background-repeat":"repeat","background-position":"center center","background-size":"auto","background-attachment":"scroll","background-type":"","background-media":"","overlay-type":"","overlay-color":"","overlay-opacity":"","overlay-gradient":""},"mobile":{"background-color":"var(--ast-global-color-5)","background-image":"","background-repeat":"repeat","background-position":"center center","background-size":"auto","background-attachment":"scroll","background-type":"","background-media":"","overlay-type":"","overlay-color":"","overlay-opacity":"","overlay-gradient":""}},"footnotes":""},"class_list":["post-3173","page","type-page","status-publish","hentry"],"uagb_featured_image_src":{"full":false,"thumbnail":false,"medium":false,"medium_large":false,"large":false,"1536x1536":false,"2048x2048":false,"trp-custom-language-flag":false},"uagb_author_info":{"display_name":"Joe","author_link":"https:\/\/led.amasly.com\/fr\/author\/jacklin\/"},"uagb_comment_info":0,"uagb_excerpt":"Explosion-Proof Light Selection and Installation: Core Safety Requirements for Ship Paint Rooms Explosion-Proof Light Selection: 5 Types and Applications According to shipbuilding regulations, explosion-proof lights for paint rooms must be selected from the following five categories: Note: Sand-filled (Ex &#8220;q&#8221;) and Encapsulated (Ex &#8220;m&#8221;) explosion-proof lights are prohibited in paint rooms. Explosion-Proof Light Installation: Cable\u2026","_links":{"self":[{"href":"https:\/\/led.amasly.com\/fr\/wp-json\/wp\/v2\/pages\/3173","targetHints":{"allow":["GET"]}}],"collection":[{"href":"https:\/\/led.amasly.com\/fr\/wp-json\/wp\/v2\/pages"}],"about":[{"href":"https:\/\/led.amasly.com\/fr\/wp-json\/wp\/v2\/types\/page"}],"author":[{"embeddable":true,"href":"https:\/\/led.amasly.com\/fr\/wp-json\/wp\/v2\/users\/1"}],"replies":[{"embeddable":true,"href":"https:\/\/led.amasly.com\/fr\/wp-json\/wp\/v2\/comments?post=3173"}],"version-history":[{"count":1,"href":"https:\/\/led.amasly.com\/fr\/wp-json\/wp\/v2\/pages\/3173\/revisions"}],"predecessor-version":[{"id":3175,"href":"https:\/\/led.amasly.com\/fr\/wp-json\/wp\/v2\/pages\/3173\/revisions\/3175"}],"up":[{"embeddable":true,"href":"https:\/\/led.amasly.com\/fr\/wp-json\/wp\/v2\/pages\/2374"}],"wp:attachment":[{"href":"https:\/\/led.amasly.com\/fr\/wp-json\/wp\/v2\/media?parent=3173"}],"curies":[{"name":"wp","href":"https:\/\/api.w.org\/{rel}","templated":true}]}}