{"id":3161,"date":"2025-04-22T20:50:17","date_gmt":"2025-04-22T12:50:17","guid":{"rendered":"https:\/\/led.amasly.com\/?page_id=3161"},"modified":"2025-04-22T20:50:28","modified_gmt":"2025-04-22T12:50:28","slug":"industrial-paint-booth-explosion-proof-lamp-lighting-requirements","status":"publish","type":"page","link":"https:\/\/led.amasly.com\/fr\/knowledge\/explosion-proof-products-knowledge\/industrial-paint-booth-explosion-proof-lamp-lighting-requirements\/","title":{"rendered":"Exigences en mati\u00e8re d'\u00e9clairage par lampe antid\u00e9flagrante pour les cabines de peinture industrielles"},"content":{"rendered":"<div class=\"wp-block-uagb-container uagb-block-27bae773 alignfull uagb-is-root-container\"><div class=\"uagb-container-inner-blocks-wrap\"><\/div><\/div>\n\n\n\n<h2 class=\"wp-block-heading has-text-align-center\"><strong>Exigences en mati\u00e8re d'\u00e9clairage par lampe antid\u00e9flagrante pour les cabines de peinture industrielles<\/strong><\/h2>\n\n\n\n<div class=\"wp-block-uagb-image uagb-block-da1360b5 wp-block-uagb-image--layout-default wp-block-uagb-image--effect-static wp-block-uagb-image--align-none\"><figure class=\"wp-block-uagb-image__figure\"><a class=\"\" href=\"https:\/\/led.amasly.com\/fr\/products\/\" target=\"\" rel=\"noopener\"><img decoding=\"async\" srcset=\"https:\/\/led.amasly.com\/wp-content\/uploads\/2025\/01\/LED-explosion-proof-flood-lights.png ,https:\/\/led.amasly.com\/wp-content\/uploads\/2025\/01\/LED-explosion-proof-flood-lights.png 780w, https:\/\/led.amasly.com\/wp-content\/uploads\/2025\/01\/LED-explosion-proof-flood-lights.png 360w\" sizes=\"auto, (max-width: 480px) 150px\" src=\"https:\/\/led.amasly.com\/wp-content\/uploads\/2025\/01\/LED-explosion-proof-flood-lights.png\" alt=\"\" class=\"uag-image-1675\" width=\"1004\" height=\"308\" title=\"Lampes antid\u00e9flagrantes \u00e0 LED\" loading=\"lazy\" role=\"img\"><\/a><\/figure><\/div>\n\n\n\n<h2 class=\"wp-block-heading\"><strong>Br\u00e8ve introduction<\/strong><strong><\/strong><\/h2>\n\n\n\n<p>Une cabine de pulv\u00e9risation industrielle est un b\u00e2timent con\u00e7u sp\u00e9cifiquement pour les op\u00e9rations de pulv\u00e9risation, qui offre un environnement de travail s\u00fbr et efficace et prot\u00e8ge la sant\u00e9 et la s\u00e9curit\u00e9 des travailleurs. Ce type de b\u00e2timent est largement utilis\u00e9 dans plusieurs domaines.<\/p>\n\n\n\n<p>Tout d'abord, les cabines de peinture industrielle sont couramment utilis\u00e9es dans l'industrie de la fabrication et de la r\u00e9paration automobile. Dans la cha\u00eene de production automobile, la carrosserie doit \u00eatre peinte r\u00e9guli\u00e8rement pour conserver son aspect et sa fonctionnalit\u00e9. De m\u00eame, les ateliers de r\u00e9paration automobile doivent utiliser des cabines de peinture industrielle pour r\u00e9parer les rayures ou les parties endommag\u00e9es de la surface du v\u00e9hicule.<\/p>\n\n\n\n<p>Deuxi\u00e8mement, les cabines de peinture industrielle sont \u00e9galement largement utilis\u00e9es dans l'industrie de la construction. L'industrie de la construction a besoin d'utiliser une vari\u00e9t\u00e9 de peintures pour traiter la surface de la maison \u00e0 des fins d'imperm\u00e9abilisation, d'ignifugation et autres.<\/p>\n\n\n\n<p>Dans ce cas, les cabines de peinture industrielles peuvent fournir un environnement de construction pratique et efficace, tout en r\u00e9duisant la pollution sonore et l'impact environnemental du site de construction.<\/p>\n\n\n\n<p>En outre, les cabines de pulv\u00e9risation industrielles peuvent \u00e9galement \u00eatre utilis\u00e9es dans d'autres domaines, tels que la fabrication de meubles, l'assemblage de produits \u00e9lectroniques, etc. Ces domaines n\u00e9cessitent l'utilisation de divers types de rev\u00eatements et de mat\u00e9riaux de traitement de surface, et les cabines de pulv\u00e9risation industrielles peuvent r\u00e9pondre \u00e0 ces besoins et fournir un environnement de production s\u00fbr et contr\u00f4l\u00e9.<\/p>\n\n\n\n<h2 class=\"wp-block-heading\"><strong>Exigences pour les <\/strong><strong>antid\u00e9flagrant<\/strong><strong>&nbsp;syst\u00e8mes d'\u00e9clairage dans les cabines de peinture industrielles<\/strong><strong><\/strong><\/h2>\n\n\n\n<p>Dans les conditions de travail particuli\u00e8res des cabines de peinture industrielle, les syst\u00e8mes d'\u00e9clairage antid\u00e9flagrant professionnels doivent r\u00e9pondre aux exigences fondamentales suivantes :<\/p>\n\n\n\n<h3 class=\"wp-block-heading\"><strong>1. Syst\u00e8me de garantie d'\u00e9clairage de haute pr\u00e9cision<\/strong><strong><\/strong><\/h3>\n\n\n\n<p>Les op\u00e9rations de pulv\u00e9risation de peinture industrielle sont soumises \u00e0 des exigences strictes en mati\u00e8re de luminosit\u00e9, bien au-del\u00e0 de l'atelier chimique conventionnel. Il est recommand\u00e9 d'utiliser les solutions d'\u00e9clairage standard 750LX (par le biais d'essais et de certifications par une tierce partie).<\/p>\n\n\n\n<p>Les lampes antid\u00e9flagrantes \u00e0 LED sp\u00e9cialement con\u00e7ues pour un environnement mixte poussi\u00e8re\/gaz combustible doivent \u00eatre configur\u00e9es avec un syst\u00e8me de r\u00e9flexion optique professionnel pour garantir que la surface de travail n'est pas couverte par des ombres, afin de r\u00e9pondre aux besoins d'\u00e9clairage de la construction automobile, de la peinture navale et d'autres processus de pulv\u00e9risation de pr\u00e9cision.<\/p>\n\n\n\n<h3 class=\"wp-block-heading\"><strong>2.IIC <\/strong><strong>antid\u00e9flagrant<\/strong><strong>&nbsp;syst\u00e8me de certification<\/strong><strong><\/strong><\/h3>\n\n\n\n<p>- Obligation d'obtenir la certification antid\u00e9flagrante EX<\/p>\n\n\n\n<p>- Conforme \u00e0 la norme internationale antid\u00e9flagrante GB3836\/EN\/IEC.<\/p>\n\n\n\n<p>- Double protection : certification antid\u00e9flagrante gaz + antid\u00e9flagrante poussi\u00e8res (marquage antid\u00e9flagrant zone 21\/22)<\/p>\n\n\n\n<p>- Structure de la coque antid\u00e9flagrante enti\u00e8rement m\u00e9tallique (aluminium moul\u00e9 sous pression\/304 acier inoxydable)<\/p>\n\n\n\n<h3 class=\"wp-block-heading\"><strong>3. Ing\u00e9nierie des facteurs humains conception optique<\/strong><strong><\/strong><\/h3>\n\n\n\n<p>- Technologie antireflet : utilisation de verre de diffusion prismatique (taux de transmission de la lumi\u00e8re \u2265 92%)<\/p>\n\n\n\n<p>- Technologie d'entra\u00eenement \u00e0 courant constant sans stroboscope (profondeur de fluctuation &lt;3%)<\/p>\n\n\n\n<p>- Angle de distribution de la lumi\u00e8re scientifique de 120<\/p>\n\n\n\n<h3 class=\"wp-block-heading\"><strong>4. Technologie de rendu des couleurs \u00e0 spectre complet standard<\/strong><strong><\/strong><\/h3>\n\n\n\n<p>- Temp\u00e9rature de couleur 5500-6500K lumi\u00e8re blanche naturelle (CRI&gt;90)<\/p>\n\n\n\n<p>- Courbe de lumi\u00e8re du soleil correspondant \u00e0 la longueur d'onde spectrale (380-780nm pleine bande)<\/p>\n\n\n\n<p>- Contr\u00f4le de la diff\u00e9rence de couleur \u0394E\uff1c2.0<\/p>\n\n\n\n<p>Il est recommand\u00e9 de choisir des fournisseurs de mat\u00e9riel d'\u00e9clairage antid\u00e9flagrant certifi\u00e9s ATEX pour s'assurer que les lampes et les lanternes ont un niveau de protection IP66 et un rev\u00eatement anticorrosion G13.<\/p>\n\n\n\n<p>Les solutions professionnelles d'\u00e9clairage antid\u00e9flagrant d'Amasly doivent inclure un rapport de simulation de l'\u00e9clairement, une carte de d\u00e9limitation de la zone antid\u00e9flagrante et des recommandations sur le cycle de maintenance, en particulier pour les cabines de pulv\u00e9risation de peinture des magasins automobiles 4S, les ateliers de peinture des chemins de fer et d'autres environnements difficiles.<\/p>\n\n\n\n<h2 class=\"wp-block-heading\"><strong>Installation et entretien des <strong>Cabine de peinture industrielle<\/strong><\/strong> <strong>antid\u00e9flagrant \u00c9clairage<\/strong><\/h2>\n\n\n\n<h3 class=\"wp-block-heading\"><strong>Installation<\/strong><strong><\/strong><\/h3>\n\n\n\n<p>Ils peuvent \u00eatre mont\u00e9s au mur, au plafond, sur perche, encastr\u00e9s ou sous d'autres formes. Par exemple :<\/p>\n\n\n\n<p>Lampes et lanternes de la s\u00e9rie BAT : support angulaire r\u00e9glable (0\u00b0-45\u00b0), adapt\u00e9 aux diff\u00e9rents postes de peinture.<\/p>\n\n\n\n<p>S\u00e9rie BAD85 : tube d'acier ou c\u00e2blage, hauteur applicable 2-10 m\u00e8tres.<\/p>\n\n\n\n<h3 class=\"wp-block-heading\"><strong>Conception de la maintenance<\/strong><strong><\/strong><\/h3>\n\n\n\n<p>Structure \u00e0 ouverture rapide (par exemple, clips \u00e0 ressort), aucun outil n'est n\u00e9cessaire pour remplacer la source lumineuse.<\/p>\n\n\n\n<p>Alimentation \u00e9lectrique modulaire, permettant le remplacement ind\u00e9pendant des unit\u00e9s d\u00e9fectueuses, r\u00e9duisant ainsi les temps d'arr\u00eat.<\/p>\n\n\n\n<h2 class=\"wp-block-heading\"><strong>Amasly <\/strong><strong>antid\u00e9flagrant<\/strong><strong>&nbsp;lampes<\/strong><strong><\/strong><\/h2>\n\n\n\n<p>Amasly est un fournisseur professionnel de lampes et de luminaires antid\u00e9flagrants, fournissant des lampes antid\u00e9flagrantes et des luminaires industriels de haute qualit\u00e9. Toutes les lampes et tous les luminaires sont internationaux. <a href=\"http:\/\/www.iecex-certs.com\/\" rel=\"nofollow noopener\" target=\"_blank\">Certifi\u00e9 ATEX<\/a>, Les produits sont export\u00e9s dans plus de 68 pays et r\u00e9gions du monde. Largement salu\u00e9 par les clients, appr\u00e9ci\u00e9 par les clients.<\/p>\n\n\n\n<p>Amasly fournit des lampes rondes antid\u00e9flagrantes (lampes de grande hauteur antid\u00e9flagrantes), des lampes carr\u00e9es antid\u00e9flagrantes (projecteurs antid\u00e9flagrants), des lampes de secours antid\u00e9flagrantes et des lampes lin\u00e9aires antid\u00e9flagrantes. Les lampes de secours antid\u00e9flagrantes et les lampes lin\u00e9aires antid\u00e9flagrantes (lampes lin\u00e9aires antid\u00e9flagrantes) pour les cabines de peinture,<\/p>\n\n\n\n<h2 class=\"wp-block-heading\"><strong>C<\/strong><strong>onclusion<\/strong><strong><\/strong><\/h2>\n\n\n\n<p class=\"has-text-align-left\">Les lampes antid\u00e9flagrantes pour cabines de peinture industrielles doivent en priorit\u00e9 r\u00e9pondre \u00e0 la certification antid\u00e9flagrante de classe IIC, \u00e0 un rendu des couleurs et un \u00e9clairage \u00e9lev\u00e9s, \u00e0 des mat\u00e9riaux durables et \u00e0 une conception facile \u00e0 entretenir. Lors du choix du type de lampe, il est recommand\u00e9 de combiner la surface de la cabine de peinture, la pr\u00e9cision de fonctionnement et le budget, de choisir des projecteurs \u00e0 LED ayant obtenu plusieurs certifications et de se r\u00e9f\u00e9rer au rapport d'essai d'une tierce partie pour v\u00e9rifier les param\u00e8tres de performance.<\/p>\n\n\n\n<div class=\"wp-block-uagb-container uagb-block-c7d898dd alignfull uagb-is-root-container\"><div class=\"uagb-container-inner-blocks-wrap\"><\/div><\/div>\n\n\n\n<h2 class=\"wp-block-heading\">Produits apparent\u00e9s<\/h2>\n\n\n\n<div class=\"wp-block-uagb-container uagb-block-66e4defc alignfull uagb-is-root-container\"><div class=\"uagb-container-inner-blocks-wrap\">\n<div class=\"wp-block-uagb-container uagb-block-a42945f9\">\n<div class=\"wp-block-uagb-image uagb-block-7296296b wp-block-uagb-image--layout-default wp-block-uagb-image--effect-static wp-block-uagb-image--align-none\"><figure class=\"wp-block-uagb-image__figure\"><a class=\"\" href=\"https:\/\/led.amasly.com\/fr\/products\/\" target=\"\" rel=\"noopener\"><img decoding=\"async\" srcset=\"https:\/\/led.amasly.com\/wp-content\/uploads\/2024\/09\/Explosion-proof-high-bay-lights.png ,https:\/\/led.amasly.com\/wp-content\/uploads\/2024\/09\/Explosion-proof-high-bay-lights.png 780w, https:\/\/led.amasly.com\/wp-content\/uploads\/2024\/09\/Explosion-proof-high-bay-lights.png 360w\" sizes=\"auto, (max-width: 480px) 150px\" src=\"https:\/\/led.amasly.com\/wp-content\/uploads\/2024\/09\/Explosion-proof-high-bay-lights.png\" alt=\"\" class=\"uag-image-1495\" width=\"300\" height=\"300\" title=\"Lampes \u00e0 grande hauteur antid\u00e9flagrantes\" loading=\"lazy\" role=\"img\"><\/a><\/figure><\/div>\n<\/div>\n\n\n\n<div class=\"wp-block-uagb-container uagb-block-4d3efde5\">\n<div class=\"wp-block-uagb-image uagb-block-c9e90797 wp-block-uagb-image--layout-default wp-block-uagb-image--effect-static wp-block-uagb-image--align-none\"><figure class=\"wp-block-uagb-image__figure\"><a class=\"\" href=\"https:\/\/led.amasly.com\/fr\/products\/\" target=\"\" rel=\"noopener\"><img decoding=\"async\" srcset=\"https:\/\/led.amasly.com\/wp-content\/uploads\/2024\/07\/LED-tri-proof-lights2.png ,https:\/\/led.amasly.com\/wp-content\/uploads\/2024\/07\/LED-tri-proof-lights2.png 780w, https:\/\/led.amasly.com\/wp-content\/uploads\/2024\/07\/LED-tri-proof-lights2.png 360w\" sizes=\"auto, (max-width: 480px) 150px\" src=\"https:\/\/led.amasly.com\/wp-content\/uploads\/2024\/07\/LED-tri-proof-lights2.png\" alt=\"\" class=\"uag-image-1132\" width=\"300\" height=\"300\" title=\"LED-tri-proof-lights2\" loading=\"lazy\" role=\"img\"><\/a><\/figure><\/div>\n<\/div>\n\n\n\n<div class=\"wp-block-uagb-container uagb-block-11c2578b\">\n<div class=\"wp-block-uagb-image uagb-block-6e8883aa wp-block-uagb-image--layout-default wp-block-uagb-image--effect-static wp-block-uagb-image--align-none\"><figure class=\"wp-block-uagb-image__figure\"><a class=\"\" href=\"https:\/\/led.amasly.com\/fr\/products\/\" target=\"\" rel=\"noopener\"><img decoding=\"async\" srcset=\"https:\/\/led.amasly.com\/wp-content\/uploads\/2024\/09\/LED-Explosion-Proof-Gas-Station-Light.png ,https:\/\/led.amasly.com\/wp-content\/uploads\/2024\/09\/LED-Explosion-Proof-Gas-Station-Light.png 780w, https:\/\/led.amasly.com\/wp-content\/uploads\/2024\/09\/LED-Explosion-Proof-Gas-Station-Light.png 360w\" sizes=\"auto, (max-width: 480px) 150px\" src=\"https:\/\/led.amasly.com\/wp-content\/uploads\/2024\/09\/LED-Explosion-Proof-Gas-Station-Light.png\" alt=\"\" class=\"uag-image-1501\" width=\"300\" height=\"300\" title=\"Lampe LED antid\u00e9flagrante pour station-service\" loading=\"lazy\" role=\"img\"><\/a><\/figure><\/div>\n<\/div>\n<\/div><\/div>\n\n\n\n<div class=\"wp-block-uagb-container uagb-block-548945b5 alignfull uagb-is-root-container\"><div class=\"uagb-container-inner-blocks-wrap\">\n<div class=\"wp-block-uagb-container uagb-block-967755d5\">\n<h4 class=\"wp-block-heading has-text-align-center\"><a href=\"https:\/\/led.amasly.com\/fr\/products\/\">Lampes LED antid\u00e9flagrantes<\/a><\/h4>\n<\/div>\n\n\n\n<div class=\"wp-block-uagb-container uagb-block-9bc52fc2\">\n<h4 class=\"wp-block-heading has-text-align-center\"><a href=\"https:\/\/led.amasly.com\/fr\/products\/\">Lampes LED Tri-Proof<\/a><\/h4>\n<\/div>\n\n\n\n<div class=\"wp-block-uagb-container uagb-block-8ffa0a23\">\n<h4 class=\"wp-block-heading has-text-align-center\"><a href=\"https:\/\/led.amasly.com\/fr\/products\/\">Lampes antid\u00e9flagrantes pour stations-service<\/a><\/h4>\n<\/div>\n<\/div><\/div>\n\n\n\n<div class=\"wp-block-uagb-container uagb-block-29499fe0 alignfull uagb-is-root-container\"><div class=\"uagb-container-inner-blocks-wrap\">\n<div class=\"wp-block-uagb-container uagb-block-777ee1c7\">\n<div class=\"wp-block-uagb-image uagb-block-2e9a1851 wp-block-uagb-image--layout-default wp-block-uagb-image--effect-static wp-block-uagb-image--align-none\"><figure class=\"wp-block-uagb-image__figure\"><a class=\"\" href=\"https:\/\/led.amasly.com\/fr\/products\/\" target=\"\" rel=\"noopener\"><img decoding=\"async\" srcset=\"https:\/\/led.amasly.com\/wp-content\/uploads\/2024\/10\/50W-100W-150W-200W-300W-LED-Flood-Light.jpg ,https:\/\/led.amasly.com\/wp-content\/uploads\/2024\/10\/50W-100W-150W-200W-300W-LED-Flood-Light.jpg 780w, https:\/\/led.amasly.com\/wp-content\/uploads\/2024\/10\/50W-100W-150W-200W-300W-LED-Flood-Light.jpg 360w\" sizes=\"auto, (max-width: 480px) 150px\" src=\"https:\/\/led.amasly.com\/wp-content\/uploads\/2024\/10\/50W-100W-150W-200W-300W-LED-Flood-Light.jpg\" alt=\"\" class=\"uag-image-1526\" width=\"300\" height=\"300\" title=\"50W 100W 150W 200W 300W LED Flood Light\" loading=\"lazy\" role=\"img\"><\/a><\/figure><\/div>\n<\/div>\n\n\n\n<div class=\"wp-block-uagb-container uagb-block-af8c8683\">\n<div class=\"wp-block-uagb-image uagb-block-67947854 wp-block-uagb-image--layout-default wp-block-uagb-image--effect-static wp-block-uagb-image--align-none\"><figure class=\"wp-block-uagb-image__figure\"><a class=\"\" href=\"https:\/\/led.amasly.com\/fr\/products\/\" target=\"\" rel=\"noopener\"><img decoding=\"async\" srcset=\"https:\/\/led.amasly.com\/wp-content\/uploads\/2024\/07\/led-tri-proof-light.png ,https:\/\/led.amasly.com\/wp-content\/uploads\/2024\/07\/led-tri-proof-light.png 780w, https:\/\/led.amasly.com\/wp-content\/uploads\/2024\/07\/led-tri-proof-light.png 360w\" sizes=\"auto, (max-width: 480px) 150px\" src=\"https:\/\/led.amasly.com\/wp-content\/uploads\/2024\/07\/led-tri-proof-light.png\" alt=\"\" class=\"uag-image-1130\" width=\"300\" height=\"300\" title=\"led-tri-proof-light\" loading=\"lazy\" role=\"img\"><\/a><\/figure><\/div>\n<\/div>\n\n\n\n<div class=\"wp-block-uagb-container uagb-block-0fdfdd58\">\n<div class=\"wp-block-uagb-image uagb-block-1187d32d wp-block-uagb-image--layout-default wp-block-uagb-image--effect-static wp-block-uagb-image--align-none\"><figure class=\"wp-block-uagb-image__figure\"><a class=\"\" href=\"https:\/\/led.amasly.com\/fr\/products\/\" target=\"\" rel=\"noopener\"><img decoding=\"async\" srcset=\"https:\/\/led.amasly.com\/wp-content\/uploads\/2024\/07\/LED-street-light.jpg ,https:\/\/led.amasly.com\/wp-content\/uploads\/2024\/07\/LED-street-light.jpg 780w, https:\/\/led.amasly.com\/wp-content\/uploads\/2024\/07\/LED-street-light.jpg 360w\" sizes=\"auto, (max-width: 480px) 150px\" src=\"https:\/\/led.amasly.com\/wp-content\/uploads\/2024\/07\/LED-street-light.jpg\" alt=\"\" class=\"uag-image-1145\" width=\"300\" height=\"300\" title=\"Eclairage de rue LED\" loading=\"lazy\" role=\"img\"><\/a><\/figure><\/div>\n<\/div>\n<\/div><\/div>\n\n\n\n<div class=\"wp-block-uagb-container uagb-block-6a60882c alignfull uagb-is-root-container\"><div class=\"uagb-container-inner-blocks-wrap\">\n<div class=\"wp-block-uagb-container uagb-block-f1e91a35\">\n<h4 class=\"wp-block-heading has-text-align-center\"><a href=\"https:\/\/led.amasly.com\/fr\/products\/\">Lampes de sol \u00e0 diodes \u00e9lectroluminescentes<\/a><\/h4>\n<\/div>\n\n\n\n<div class=\"wp-block-uagb-container uagb-block-165bfa58\">\n<h4 class=\"wp-block-heading has-text-align-center\"><a href=\"https:\/\/led.amasly.com\/fr\/products\/\">Lampes tubulaires LED Tri-Proof<\/a><\/h4>\n<\/div>\n\n\n\n<div class=\"wp-block-uagb-container uagb-block-f6096e3b\">\n<h4 class=\"wp-block-heading has-text-align-center\"><a href=\"https:\/\/led.amasly.com\/fr\/products\/\">Lampes de rue LED<\/a><\/h4>\n<\/div>\n<\/div><\/div>\n\n\n\n<div class=\"wp-block-uagb-container uagb-block-99c0e0a5 alignfull uagb-is-root-container\"><div class=\"uagb-container-inner-blocks-wrap\"><\/div><\/div>\n\n\n\n<p><\/p>","protected":false},"excerpt":{"rendered":"<p>Industrial paint booth explosion\u00a0proof lamp lighting requirements Brief introduction An industrial spray booth is a building structure designed specifically for spraying operations, which provides a safe and efficient working environment and protects the health and safety of workers. This type of building is widely used in several fields. First, industrial paint booths are commonly used [&hellip;]<\/p>\n","protected":false},"author":1,"featured_media":0,"parent":2374,"menu_order":0,"comment_status":"closed","ping_status":"closed","template":"","meta":{"_uag_custom_page_level_css":"","site-sidebar-layout":"no-sidebar","site-content-layout":"","ast-site-content-layout":"default","site-content-style":"default","site-sidebar-style":"default","ast-global-header-display":"","ast-banner-title-visibility":"","ast-main-header-display":"","ast-hfb-above-header-display":"","ast-hfb-below-header-display":"","ast-hfb-mobile-header-display":"","site-post-title":"disabled","ast-breadcrumbs-content":"","ast-featured-img":"","footer-sml-layout":"","ast-disable-related-posts":"","theme-transparent-header-meta":"enabled","adv-header-id-meta":"","stick-header-meta":"","header-above-stick-meta":"","header-main-stick-meta":"","header-below-stick-meta":"","astra-migrate-meta-layouts":"set","ast-page-background-enabled":"default","ast-page-background-meta":{"desktop":{"background-color":"var(--ast-global-color-4)","background-image":"","background-repeat":"repeat","background-position":"center center","background-size":"auto","background-attachment":"scroll","background-type":"","background-media":"","overlay-type":"","overlay-color":"","overlay-opacity":"","overlay-gradient":""},"tablet":{"background-color":"","background-image":"","background-repeat":"repeat","background-position":"center center","background-size":"auto","background-attachment":"scroll","background-type":"","background-media":"","overlay-type":"","overlay-color":"","overlay-opacity":"","overlay-gradient":""},"mobile":{"background-color":"","background-image":"","background-repeat":"repeat","background-position":"center center","background-size":"auto","background-attachment":"scroll","background-type":"","background-media":"","overlay-type":"","overlay-color":"","overlay-opacity":"","overlay-gradient":""}},"ast-content-background-meta":{"desktop":{"background-color":"var(--ast-global-color-5)","background-image":"","background-repeat":"repeat","background-position":"center center","background-size":"auto","background-attachment":"scroll","background-type":"","background-media":"","overlay-type":"","overlay-color":"","overlay-opacity":"","overlay-gradient":""},"tablet":{"background-color":"var(--ast-global-color-5)","background-image":"","background-repeat":"repeat","background-position":"center center","background-size":"auto","background-attachment":"scroll","background-type":"","background-media":"","overlay-type":"","overlay-color":"","overlay-opacity":"","overlay-gradient":""},"mobile":{"background-color":"var(--ast-global-color-5)","background-image":"","background-repeat":"repeat","background-position":"center center","background-size":"auto","background-attachment":"scroll","background-type":"","background-media":"","overlay-type":"","overlay-color":"","overlay-opacity":"","overlay-gradient":""}},"footnotes":""},"class_list":["post-3161","page","type-page","status-publish","hentry"],"uagb_featured_image_src":{"full":false,"thumbnail":false,"medium":false,"medium_large":false,"large":false,"1536x1536":false,"2048x2048":false,"trp-custom-language-flag":false},"uagb_author_info":{"display_name":"Joe","author_link":"https:\/\/led.amasly.com\/fr\/author\/jacklin\/"},"uagb_comment_info":0,"uagb_excerpt":"Industrial paint booth explosion\u00a0proof lamp lighting requirements Brief introduction An industrial spray booth is a building structure designed specifically for spraying operations, which provides a safe and efficient working environment and protects the health and safety of workers. This type of building is widely used in several fields. First, industrial paint booths are commonly used\u2026","_links":{"self":[{"href":"https:\/\/led.amasly.com\/fr\/wp-json\/wp\/v2\/pages\/3161","targetHints":{"allow":["GET"]}}],"collection":[{"href":"https:\/\/led.amasly.com\/fr\/wp-json\/wp\/v2\/pages"}],"about":[{"href":"https:\/\/led.amasly.com\/fr\/wp-json\/wp\/v2\/types\/page"}],"author":[{"embeddable":true,"href":"https:\/\/led.amasly.com\/fr\/wp-json\/wp\/v2\/users\/1"}],"replies":[{"embeddable":true,"href":"https:\/\/led.amasly.com\/fr\/wp-json\/wp\/v2\/comments?post=3161"}],"version-history":[{"count":1,"href":"https:\/\/led.amasly.com\/fr\/wp-json\/wp\/v2\/pages\/3161\/revisions"}],"predecessor-version":[{"id":3165,"href":"https:\/\/led.amasly.com\/fr\/wp-json\/wp\/v2\/pages\/3161\/revisions\/3165"}],"up":[{"embeddable":true,"href":"https:\/\/led.amasly.com\/fr\/wp-json\/wp\/v2\/pages\/2374"}],"wp:attachment":[{"href":"https:\/\/led.amasly.com\/fr\/wp-json\/wp\/v2\/media?parent=3161"}],"curies":[{"name":"wp","href":"https:\/\/api.w.org\/{rel}","templated":true}]}}