{"id":3035,"date":"2025-04-11T15:43:16","date_gmt":"2025-04-11T07:43:16","guid":{"rendered":"https:\/\/led.amasly.com\/?page_id=3035"},"modified":"2025-04-11T15:43:27","modified_gmt":"2025-04-11T07:43:27","slug":"how-to-design-and-manufacture-explosion-proof-lighting-systems-for-hazardous-environmentspe-and-installation-introduce","status":"publish","type":"page","link":"https:\/\/led.amasly.com\/fr\/knowledge\/explosion-proof-products-knowledge\/how-to-design-and-manufacture-explosion-proof-lighting-systems-for-hazardous-environmentspe-and-installation-introduce\/","title":{"rendered":"Comment concevoir et fabriquer des syst\u00e8mes d'\u00e9clairage antid\u00e9flagrants pour les environnements dangereux ?"},"content":{"rendered":"<div class=\"wp-block-uagb-container uagb-block-27bae773 alignfull uagb-is-root-container\"><div class=\"uagb-container-inner-blocks-wrap\"><\/div><\/div>\n\n\n\n<h2 class=\"wp-block-heading has-text-align-left\"><strong>Comment concevoir et fabriquer <\/strong><strong>Antid\u00e9flagrant<\/strong><strong>&nbsp;Syst\u00e8mes d'\u00e9clairage pour les environnements dangereux<\/strong><strong><\/strong><\/h2>\n\n\n\n<div class=\"wp-block-uagb-image uagb-block-da1360b5 wp-block-uagb-image--layout-default wp-block-uagb-image--effect-static wp-block-uagb-image--align-none\"><figure class=\"wp-block-uagb-image__figure\"><a class=\"\" href=\"https:\/\/led.amasly.com\/fr\/products\/explosion-proof-lights\/\" target=\"\" rel=\"noopener\"><img decoding=\"async\" srcset=\"https:\/\/led.amasly.com\/wp-content\/uploads\/2025\/01\/LED-explosion-proof-flood-lights.png ,https:\/\/led.amasly.com\/wp-content\/uploads\/2025\/01\/LED-explosion-proof-flood-lights.png 780w, https:\/\/led.amasly.com\/wp-content\/uploads\/2025\/01\/LED-explosion-proof-flood-lights.png 360w\" sizes=\"auto, (max-width: 480px) 150px\" src=\"https:\/\/led.amasly.com\/wp-content\/uploads\/2025\/01\/LED-explosion-proof-flood-lights.png\" alt=\"\" class=\"uag-image-1675\" width=\"1004\" height=\"308\" title=\"Lampes antid\u00e9flagrantes \u00e0 LED\" loading=\"lazy\" role=\"img\"><\/a><\/figure><\/div>\n\n\n\n<p>Dans des secteurs tels que le p\u00e9trole et le gaz, le traitement chimique et l'exploitation mini\u00e8re, l'\u00e9clairage antid\u00e9flagrant n'est pas seulement une exigence r\u00e9glementaire, c'est une bou\u00e9e de sauvetage. Ces luminaires sp\u00e9cialis\u00e9s emp\u00eachent l'inflammation des gaz, des vapeurs ou des poussi\u00e8res inflammables, garantissant ainsi la s\u00e9curit\u00e9 dans des conditions volatiles. Ce guide explore les \u00e9tapes critiques pour concevoir des syst\u00e8mes d'\u00e9clairage antid\u00e9flagrants fiables tout en int\u00e9grant les meilleures pratiques en mati\u00e8re de performance et de conformit\u00e9.<\/p>\n\n\n\n<h3 class=\"wp-block-heading\"><strong>1. Composantes essentielles de la <\/strong><strong>Antid\u00e9flagrant<\/strong><strong>&nbsp;Eclairage<\/strong><strong><\/strong><\/h3>\n\n\n\n<h4 class=\"wp-block-heading\"><strong>S\u00e9lection des mat\u00e9riaux pour la durabilit\u00e9 et la s\u00e9curit\u00e9<\/strong><strong><\/strong><\/h4>\n\n\n\n<p>Les appareils antid\u00e9flagrants n\u00e9cessitent des mat\u00e9riaux robustes qui r\u00e9sistent \u00e0 des conditions extr\u00eames. Les alliages d'aluminium sont largement utilis\u00e9s pour les bo\u00eetiers en raison de leur l\u00e9g\u00e8ret\u00e9 et de leur durabilit\u00e9, de leur r\u00e9sistance \u00e0 la corrosion et de leur capacit\u00e9 sup\u00e9rieure de dissipation de la chaleur12. Pour les couvercles de lentilles, le verre tremp\u00e9 ou le polycarbonate offrent une clart\u00e9 incassable tout en maintenant un environnement \u00e9tanche pour isoler les \u00e9tincelles internes.<\/p>\n\n\n\n<p>Les m\u00e9canismes d'\u00e9tanch\u00e9it\u00e9, tels que les joints filet\u00e9s et les joints de compression, emp\u00eachent les substances dangereuses de p\u00e9n\u00e9trer dans l'appareil. Ces composants doivent \u00eatre conformes \u00e0 la norme IP66 ou \u00e0 une norme sup\u00e9rieure pour garantir l'\u00e9tanch\u00e9it\u00e9 \u00e0 la poussi\u00e8re et \u00e0 l'eau.<\/p>\n\n\n\n<h4 class=\"wp-block-heading\"><strong>Int\u00e9gration de la technologie LED avanc\u00e9e<\/strong><strong><\/strong><\/h4>\n\n\n\n<p>Les LED dominent l'\u00e9clairage antid\u00e9flagrant en raison de leur faible d\u00e9gagement de chaleur, de leur efficacit\u00e9 \u00e9nerg\u00e9tique et de leur long\u00e9vit\u00e9. Contrairement aux lampes halog\u00e8nes ou aux halog\u00e9nures m\u00e9talliques traditionnelles, les LED r\u00e9duisent les risques thermiques dans les environnements riches en gaz et fonctionnent efficacement \u00e0 des tensions continues s\u00fbres (par exemple, 35 V), minimisant ainsi les risques d'\u00e9tincelles. Des LED de haute qualit\u00e9 associ\u00e9es \u00e0 des pilotes \u00e0 courant constant garantissent des performances stables, m\u00eame dans des conditions d'alimentation fluctuantes.<\/p>\n\n\n\n<h3 class=\"wp-block-heading\"><strong>2. Ing\u00e9nierie du confinement des explosions<\/strong><strong><\/strong><\/h3>\n\n\n\n<h4 class=\"wp-block-heading\"><strong>Principes de conception sp\u00e9cifiques aux risques<\/strong><strong><\/strong><\/h4>\n\n\n\n<p>Les luminaires antid\u00e9flagrants sont con\u00e7us pour contenir toute ignition interne et \u00e9viter qu'elle ne d\u00e9clenche des risques externes. Les principales strat\u00e9gies de conception sont les suivantes :<\/p>\n\n\n\n<p><strong>Lacunes dans le parcours de flamme<\/strong>: Des joints usin\u00e9s avec pr\u00e9cision qui refroidissent les gaz qui s'\u00e9chappent en dessous des temp\u00e9ratures d'inflammation.<\/p>\n\n\n\n<p><strong>Canaux de d\u00e9compression<\/strong>: Dissiper les explosions internes en toute s\u00e9curit\u00e9 sans compromettre l'int\u00e9grit\u00e9 structurelle.<\/p>\n\n\n\n<p><strong>Gestion thermique<\/strong>: Les dissipateurs de chaleur et les bo\u00eetiers ventil\u00e9s \u00e9vitent la surchauffe, un facteur critique pour la long\u00e9vit\u00e9 des LED.<\/p>\n\n\n\n<h4 class=\"wp-block-heading\"><strong>Certification et conformit\u00e9<\/strong><strong><\/strong><\/h4>\n\n\n\n<p>Les luminaires doivent r\u00e9pondre \u00e0 des normes internationales strictes, telles que<\/p>\n\n\n\n<p><strong>ATEX (UE)<\/strong>: Pour les \u00e9quipements utilis\u00e9s en atmosph\u00e8re explosive (directive 2014\/34\/UE).<\/p>\n\n\n\n<p><strong><a href=\"http:\/\/www.iecex-certs.com\/\" rel=\"nofollow noopener\" target=\"_blank\">IECEx<\/a><\/strong>: Certification globale pour les environnements explosifs.<\/p>\n\n\n\n<p><strong>NEC\/CEC (Am\u00e9rique du Nord)<\/strong>: Conformit\u00e9 \u00e0 la classe I (gaz) et \u00e0 la classe II (poussi\u00e8res).<\/p>\n\n\n\n<p>Des tests effectu\u00e9s par des tiers valident la durabilit\u00e9 en cas de risques simul\u00e9s, y compris l'exposition \u00e0 des m\u00e9langes explosifs et \u00e0 des temp\u00e9ratures extr\u00eames.<\/p>\n\n\n\n<h3 class=\"wp-block-heading\"><strong>3. Aper\u00e7u du processus de fabrication<\/strong><strong><\/strong><\/h3>\n\n\n\n<h4 class=\"wp-block-heading\"><strong>\u00c9tape 1 : Prototypage et simulation<\/strong><strong><\/strong><\/h4>\n\n\n\n<p>Les outils de mod\u00e9lisation num\u00e9rique simulent la dynamique thermique et la r\u00e9sistance \u00e0 la pression. L'analyse par \u00e9l\u00e9ments finis (FEA) identifie les points de tension dans la conception des logements, garantissant ainsi la r\u00e9silience de la structure.<\/p>\n\n\n\n<h4 class=\"wp-block-heading\"><strong>\u00c9tape 2 : Assemblage de pr\u00e9cision<\/strong><strong><\/strong><\/h4>\n\n\n\n<p>Les composants sont assembl\u00e9s dans des environnements contr\u00f4l\u00e9s afin d'\u00e9viter toute contamination. Les \u00e9tapes critiques sont les suivantes<\/p>\n\n\n\n<p>Sceller les joints et les raccords filet\u00e9s avec des compos\u00e9s anticorrosifs.<\/p>\n\n\n\n<p>Int\u00e9gration de modules LED avec un c\u00e2blage inviolable et des protections contre les surtensions.<\/p>\n\n\n\n<h4 class=\"wp-block-heading\"><strong>\u00c9tape 3 : Tests rigoureux<\/strong><strong><\/strong><\/h4>\n\n\n\n<p><strong>Essais de confinement des explosions<\/strong>: Soumettre les appareils \u00e0 des inflammations internes pour v\u00e9rifier le confinement.<\/p>\n\n\n\n<p><strong>Tests de r\u00e9sistance \u00e0 l'environnement<\/strong>: \u00c9valuer les performances en cas de temp\u00e9ratures extr\u00eames, d'humidit\u00e9 et de vibrations.<\/p>\n\n\n\n<p><strong>Analyse photom\u00e9trique<\/strong>: Assure un \u00e9clairage uniforme sans \u00e9blouissement ni zones sombres.<\/p>\n\n\n\n<h3 class=\"wp-block-heading\"><strong>4. Bonnes pratiques d'installation et d'entretien<\/strong><strong><\/strong><\/h3>\n\n\n\n<h4 class=\"wp-block-heading\"><strong>D\u00e9ploiement par zone<\/strong><strong><\/strong><\/h4>\n\n\n\n<p>Adapter les luminaires aux zones de danger (par exemple, la zone 1 pour la pr\u00e9sence intermittente de gaz, la zone 21 pour les poussi\u00e8res combustibles). Par exemple, les stations-service exigent des luminaires de classe IP67 avec des rev\u00eatements antistatiques pour \u00e9viter l'inflammation des vapeurs.<\/p>\n\n\n\n<h4 class=\"wp-block-heading\"><strong>Optimisation de la long\u00e9vit\u00e9<\/strong><strong><\/strong><\/h4>\n\n\n\n<p>Utiliser des pilotes \u00e0 modulation de largeur d'impulsion (PWM) pour r\u00e9duire le stress thermique des LED.<\/p>\n\n\n\n<p class=\"has-text-align-left\">Planifiez des inspections de routine pour v\u00e9rifier l'int\u00e9grit\u00e9 des joints et la clart\u00e9 des lentilles.<\/p>\n\n\n\n<div class=\"wp-block-uagb-container uagb-block-c7d898dd alignfull uagb-is-root-container\"><div class=\"uagb-container-inner-blocks-wrap\"><\/div><\/div>\n\n\n\n<h2 class=\"wp-block-heading\">Produits apparent\u00e9s<\/h2>\n\n\n\n<div class=\"wp-block-uagb-container uagb-block-66e4defc alignfull uagb-is-root-container\"><div class=\"uagb-container-inner-blocks-wrap\">\n<div class=\"wp-block-uagb-container uagb-block-a42945f9\">\n<div class=\"wp-block-uagb-image uagb-block-7296296b wp-block-uagb-image--layout-default wp-block-uagb-image--effect-static wp-block-uagb-image--align-none\"><figure class=\"wp-block-uagb-image__figure\"><a class=\"\" href=\"https:\/\/led.amasly.com\/fr\/products\/\" target=\"\" rel=\"noopener\"><img decoding=\"async\" srcset=\"https:\/\/led.amasly.com\/wp-content\/uploads\/2024\/09\/Explosion-proof-high-bay-lights.png ,https:\/\/led.amasly.com\/wp-content\/uploads\/2024\/09\/Explosion-proof-high-bay-lights.png 780w, https:\/\/led.amasly.com\/wp-content\/uploads\/2024\/09\/Explosion-proof-high-bay-lights.png 360w\" sizes=\"auto, (max-width: 480px) 150px\" src=\"https:\/\/led.amasly.com\/wp-content\/uploads\/2024\/09\/Explosion-proof-high-bay-lights.png\" alt=\"\" class=\"uag-image-1495\" width=\"300\" height=\"300\" title=\"Lampes \u00e0 grande hauteur antid\u00e9flagrantes\" loading=\"lazy\" role=\"img\"><\/a><\/figure><\/div>\n<\/div>\n\n\n\n<div class=\"wp-block-uagb-container uagb-block-4d3efde5\">\n<div class=\"wp-block-uagb-image uagb-block-c9e90797 wp-block-uagb-image--layout-default wp-block-uagb-image--effect-static wp-block-uagb-image--align-none\"><figure class=\"wp-block-uagb-image__figure\"><a class=\"\" href=\"https:\/\/led.amasly.com\/fr\/products\/\" target=\"\" rel=\"noopener\"><img decoding=\"async\" srcset=\"https:\/\/led.amasly.com\/wp-content\/uploads\/2024\/07\/LED-tri-proof-lights2.png ,https:\/\/led.amasly.com\/wp-content\/uploads\/2024\/07\/LED-tri-proof-lights2.png 780w, https:\/\/led.amasly.com\/wp-content\/uploads\/2024\/07\/LED-tri-proof-lights2.png 360w\" sizes=\"auto, (max-width: 480px) 150px\" src=\"https:\/\/led.amasly.com\/wp-content\/uploads\/2024\/07\/LED-tri-proof-lights2.png\" alt=\"\" class=\"uag-image-1132\" width=\"300\" height=\"300\" title=\"LED-tri-proof-lights2\" loading=\"lazy\" role=\"img\"><\/a><\/figure><\/div>\n<\/div>\n\n\n\n<div class=\"wp-block-uagb-container uagb-block-11c2578b\">\n<div class=\"wp-block-uagb-image uagb-block-6e8883aa wp-block-uagb-image--layout-default wp-block-uagb-image--effect-static wp-block-uagb-image--align-none\"><figure class=\"wp-block-uagb-image__figure\"><a class=\"\" href=\"https:\/\/led.amasly.com\/fr\/products\/\" target=\"\" rel=\"noopener\"><img decoding=\"async\" srcset=\"https:\/\/led.amasly.com\/wp-content\/uploads\/2024\/09\/LED-Explosion-Proof-Gas-Station-Light.png ,https:\/\/led.amasly.com\/wp-content\/uploads\/2024\/09\/LED-Explosion-Proof-Gas-Station-Light.png 780w, https:\/\/led.amasly.com\/wp-content\/uploads\/2024\/09\/LED-Explosion-Proof-Gas-Station-Light.png 360w\" sizes=\"auto, (max-width: 480px) 150px\" src=\"https:\/\/led.amasly.com\/wp-content\/uploads\/2024\/09\/LED-Explosion-Proof-Gas-Station-Light.png\" alt=\"\" class=\"uag-image-1501\" width=\"300\" height=\"300\" title=\"Lampe LED antid\u00e9flagrante pour station-service\" loading=\"lazy\" role=\"img\"><\/a><\/figure><\/div>\n<\/div>\n<\/div><\/div>\n\n\n\n<div class=\"wp-block-uagb-container uagb-block-548945b5 alignfull uagb-is-root-container\"><div class=\"uagb-container-inner-blocks-wrap\">\n<div class=\"wp-block-uagb-container uagb-block-967755d5\">\n<h4 class=\"wp-block-heading has-text-align-center\"><a href=\"https:\/\/led.amasly.com\/fr\/products\/\">Lampes LED antid\u00e9flagrantes<\/a><\/h4>\n<\/div>\n\n\n\n<div class=\"wp-block-uagb-container uagb-block-9bc52fc2\">\n<h4 class=\"wp-block-heading has-text-align-center\"><a href=\"https:\/\/led.amasly.com\/fr\/products\/\">Lampes LED Tri-Proof<\/a><\/h4>\n<\/div>\n\n\n\n<div class=\"wp-block-uagb-container uagb-block-8ffa0a23\">\n<h4 class=\"wp-block-heading has-text-align-center\"><a href=\"https:\/\/led.amasly.com\/fr\/products\/\">Lampes antid\u00e9flagrantes pour stations-service<\/a><\/h4>\n<\/div>\n<\/div><\/div>\n\n\n\n<div class=\"wp-block-uagb-container uagb-block-29499fe0 alignfull uagb-is-root-container\"><div class=\"uagb-container-inner-blocks-wrap\">\n<div class=\"wp-block-uagb-container uagb-block-777ee1c7\">\n<div class=\"wp-block-uagb-image uagb-block-2e9a1851 wp-block-uagb-image--layout-default wp-block-uagb-image--effect-static wp-block-uagb-image--align-none\"><figure class=\"wp-block-uagb-image__figure\"><a class=\"\" href=\"https:\/\/led.amasly.com\/fr\/products\/\" target=\"\" rel=\"noopener\"><img decoding=\"async\" srcset=\"https:\/\/led.amasly.com\/wp-content\/uploads\/2024\/10\/50W-100W-150W-200W-300W-LED-Flood-Light.jpg ,https:\/\/led.amasly.com\/wp-content\/uploads\/2024\/10\/50W-100W-150W-200W-300W-LED-Flood-Light.jpg 780w, https:\/\/led.amasly.com\/wp-content\/uploads\/2024\/10\/50W-100W-150W-200W-300W-LED-Flood-Light.jpg 360w\" sizes=\"auto, (max-width: 480px) 150px\" src=\"https:\/\/led.amasly.com\/wp-content\/uploads\/2024\/10\/50W-100W-150W-200W-300W-LED-Flood-Light.jpg\" alt=\"\" class=\"uag-image-1526\" width=\"300\" height=\"300\" title=\"50W 100W 150W 200W 300W LED Flood Light\" loading=\"lazy\" role=\"img\"><\/a><\/figure><\/div>\n<\/div>\n\n\n\n<div class=\"wp-block-uagb-container uagb-block-af8c8683\">\n<div class=\"wp-block-uagb-image uagb-block-67947854 wp-block-uagb-image--layout-default wp-block-uagb-image--effect-static wp-block-uagb-image--align-none\"><figure class=\"wp-block-uagb-image__figure\"><a class=\"\" href=\"https:\/\/led.amasly.com\/fr\/products\/\" target=\"\" rel=\"noopener\"><img decoding=\"async\" srcset=\"https:\/\/led.amasly.com\/wp-content\/uploads\/2024\/07\/led-tri-proof-light.png ,https:\/\/led.amasly.com\/wp-content\/uploads\/2024\/07\/led-tri-proof-light.png 780w, https:\/\/led.amasly.com\/wp-content\/uploads\/2024\/07\/led-tri-proof-light.png 360w\" sizes=\"auto, (max-width: 480px) 150px\" src=\"https:\/\/led.amasly.com\/wp-content\/uploads\/2024\/07\/led-tri-proof-light.png\" alt=\"\" class=\"uag-image-1130\" width=\"300\" height=\"300\" title=\"led-tri-proof-light\" loading=\"lazy\" role=\"img\"><\/a><\/figure><\/div>\n<\/div>\n\n\n\n<div class=\"wp-block-uagb-container uagb-block-0fdfdd58\">\n<div class=\"wp-block-uagb-image uagb-block-1187d32d wp-block-uagb-image--layout-default wp-block-uagb-image--effect-static wp-block-uagb-image--align-none\"><figure class=\"wp-block-uagb-image__figure\"><a class=\"\" href=\"https:\/\/led.amasly.com\/fr\/products\/\" target=\"\" rel=\"noopener\"><img decoding=\"async\" srcset=\"https:\/\/led.amasly.com\/wp-content\/uploads\/2024\/07\/LED-street-light.jpg ,https:\/\/led.amasly.com\/wp-content\/uploads\/2024\/07\/LED-street-light.jpg 780w, https:\/\/led.amasly.com\/wp-content\/uploads\/2024\/07\/LED-street-light.jpg 360w\" sizes=\"auto, (max-width: 480px) 150px\" src=\"https:\/\/led.amasly.com\/wp-content\/uploads\/2024\/07\/LED-street-light.jpg\" alt=\"\" class=\"uag-image-1145\" width=\"300\" height=\"300\" title=\"Eclairage de rue LED\" loading=\"lazy\" role=\"img\"><\/a><\/figure><\/div>\n<\/div>\n<\/div><\/div>\n\n\n\n<div class=\"wp-block-uagb-container uagb-block-6a60882c alignfull uagb-is-root-container\"><div class=\"uagb-container-inner-blocks-wrap\">\n<div class=\"wp-block-uagb-container uagb-block-f1e91a35\">\n<h4 class=\"wp-block-heading has-text-align-center\"><a href=\"https:\/\/led.amasly.com\/fr\/products\/\">Lampes de sol \u00e0 diodes \u00e9lectroluminescentes<\/a><\/h4>\n<\/div>\n\n\n\n<div class=\"wp-block-uagb-container uagb-block-165bfa58\">\n<h4 class=\"wp-block-heading has-text-align-center\"><a href=\"https:\/\/led.amasly.com\/fr\/products\/\">Lampes tubulaires LED Tri-Proof<\/a><\/h4>\n<\/div>\n\n\n\n<div class=\"wp-block-uagb-container uagb-block-f6096e3b\">\n<h4 class=\"wp-block-heading has-text-align-center\"><a href=\"https:\/\/led.amasly.com\/fr\/products\/\">Lampes de rue LED<\/a><\/h4>\n<\/div>\n<\/div><\/div>\n\n\n\n<div class=\"wp-block-uagb-container uagb-block-99c0e0a5 alignfull uagb-is-root-container\"><div class=\"uagb-container-inner-blocks-wrap\"><\/div><\/div>\n\n\n\n<p><\/p>","protected":false},"excerpt":{"rendered":"<p>How to Design and Manufacture Explosion Proof&nbsp;Lighting Systems for Hazardous Environments In industries like oil and gas, chemical processing, and mining, Explosion Proof&nbsp;lighting is not just a regulatory requirement\u2014it\u2019s a lifeline. These specialized fixtures prevent ignition of flammable gases, vapors, or dust, ensuring safety in volatile conditions. This guide explores the critical steps to engineer [&hellip;]<\/p>\n","protected":false},"author":1,"featured_media":0,"parent":2374,"menu_order":0,"comment_status":"closed","ping_status":"closed","template":"","meta":{"_uag_custom_page_level_css":"","site-sidebar-layout":"no-sidebar","site-content-layout":"","ast-site-content-layout":"default","site-content-style":"default","site-sidebar-style":"default","ast-global-header-display":"","ast-banner-title-visibility":"","ast-main-header-display":"","ast-hfb-above-header-display":"","ast-hfb-below-header-display":"","ast-hfb-mobile-header-display":"","site-post-title":"disabled","ast-breadcrumbs-content":"","ast-featured-img":"","footer-sml-layout":"","ast-disable-related-posts":"","theme-transparent-header-meta":"enabled","adv-header-id-meta":"","stick-header-meta":"","header-above-stick-meta":"","header-main-stick-meta":"","header-below-stick-meta":"","astra-migrate-meta-layouts":"set","ast-page-background-enabled":"default","ast-page-background-meta":{"desktop":{"background-color":"var(--ast-global-color-4)","background-image":"","background-repeat":"repeat","background-position":"center center","background-size":"auto","background-attachment":"scroll","background-type":"","background-media":"","overlay-type":"","overlay-color":"","overlay-opacity":"","overlay-gradient":""},"tablet":{"background-color":"","background-image":"","background-repeat":"repeat","background-position":"center center","background-size":"auto","background-attachment":"scroll","background-type":"","background-media":"","overlay-type":"","overlay-color":"","overlay-opacity":"","overlay-gradient":""},"mobile":{"background-color":"","background-image":"","background-repeat":"repeat","background-position":"center center","background-size":"auto","background-attachment":"scroll","background-type":"","background-media":"","overlay-type":"","overlay-color":"","overlay-opacity":"","overlay-gradient":""}},"ast-content-background-meta":{"desktop":{"background-color":"var(--ast-global-color-5)","background-image":"","background-repeat":"repeat","background-position":"center center","background-size":"auto","background-attachment":"scroll","background-type":"","background-media":"","overlay-type":"","overlay-color":"","overlay-opacity":"","overlay-gradient":""},"tablet":{"background-color":"var(--ast-global-color-5)","background-image":"","background-repeat":"repeat","background-position":"center center","background-size":"auto","background-attachment":"scroll","background-type":"","background-media":"","overlay-type":"","overlay-color":"","overlay-opacity":"","overlay-gradient":""},"mobile":{"background-color":"var(--ast-global-color-5)","background-image":"","background-repeat":"repeat","background-position":"center center","background-size":"auto","background-attachment":"scroll","background-type":"","background-media":"","overlay-type":"","overlay-color":"","overlay-opacity":"","overlay-gradient":""}},"footnotes":""},"class_list":["post-3035","page","type-page","status-publish","hentry"],"uagb_featured_image_src":{"full":false,"thumbnail":false,"medium":false,"medium_large":false,"large":false,"1536x1536":false,"2048x2048":false,"trp-custom-language-flag":false},"uagb_author_info":{"display_name":"Joe","author_link":"https:\/\/led.amasly.com\/fr\/author\/jacklin\/"},"uagb_comment_info":0,"uagb_excerpt":"How to Design and Manufacture Explosion Proof&nbsp;Lighting Systems for Hazardous Environments In industries like oil and gas, chemical processing, and mining, Explosion Proof&nbsp;lighting is not just a regulatory requirement\u2014it\u2019s a lifeline. These specialized fixtures prevent ignition of flammable gases, vapors, or dust, ensuring safety in volatile conditions. This guide explores the critical steps to engineer\u2026","_links":{"self":[{"href":"https:\/\/led.amasly.com\/fr\/wp-json\/wp\/v2\/pages\/3035","targetHints":{"allow":["GET"]}}],"collection":[{"href":"https:\/\/led.amasly.com\/fr\/wp-json\/wp\/v2\/pages"}],"about":[{"href":"https:\/\/led.amasly.com\/fr\/wp-json\/wp\/v2\/types\/page"}],"author":[{"embeddable":true,"href":"https:\/\/led.amasly.com\/fr\/wp-json\/wp\/v2\/users\/1"}],"replies":[{"embeddable":true,"href":"https:\/\/led.amasly.com\/fr\/wp-json\/wp\/v2\/comments?post=3035"}],"version-history":[{"count":1,"href":"https:\/\/led.amasly.com\/fr\/wp-json\/wp\/v2\/pages\/3035\/revisions"}],"predecessor-version":[{"id":3041,"href":"https:\/\/led.amasly.com\/fr\/wp-json\/wp\/v2\/pages\/3035\/revisions\/3041"}],"up":[{"embeddable":true,"href":"https:\/\/led.amasly.com\/fr\/wp-json\/wp\/v2\/pages\/2374"}],"wp:attachment":[{"href":"https:\/\/led.amasly.com\/fr\/wp-json\/wp\/v2\/media?parent=3035"}],"curies":[{"name":"wp","href":"https:\/\/api.w.org\/{rel}","templated":true}]}}