{"id":3034,"date":"2025-04-11T15:34:57","date_gmt":"2025-04-11T07:34:57","guid":{"rendered":"https:\/\/led.amasly.com\/?page_id=3034"},"modified":"2025-04-11T15:35:12","modified_gmt":"2025-04-11T07:35:12","slug":"when-are-explosion-proof-lights-mandatory-key-industries-and-safety-standards","status":"publish","type":"page","link":"https:\/\/led.amasly.com\/fr\/knowledge\/explosion-proof-products-knowledge\/when-are-explosion-proof-lights-mandatory-key-industries-and-safety-standards\/","title":{"rendered":"Quand les lampes antid\u00e9flagrantes sont-elles obligatoires ? Principales industries et normes de s\u00e9curit\u00e9"},"content":{"rendered":"<div class=\"wp-block-uagb-container uagb-block-27bae773 alignfull uagb-is-root-container\"><div class=\"uagb-container-inner-blocks-wrap\"><\/div><\/div>\n\n\n\n<h2 class=\"wp-block-heading has-text-align-left\"><strong>Quand les <\/strong><strong>Antid\u00e9flagrant<\/strong><strong>&nbsp;Feux obligatoires ? Principales industries et normes de s\u00e9curit\u00e9<\/strong><strong><\/strong><\/h2>\n\n\n\n<div class=\"wp-block-uagb-image uagb-block-da1360b5 wp-block-uagb-image--layout-default wp-block-uagb-image--effect-static wp-block-uagb-image--align-none\"><figure class=\"wp-block-uagb-image__figure\"><a class=\"\" href=\"https:\/\/led.amasly.com\/fr\/products\/explosion-proof-lights\/\" target=\"\" rel=\"noopener\"><img decoding=\"async\" srcset=\"https:\/\/led.amasly.com\/wp-content\/uploads\/2025\/01\/LED-explosion-proof-flood-lights.png ,https:\/\/led.amasly.com\/wp-content\/uploads\/2025\/01\/LED-explosion-proof-flood-lights.png 780w, https:\/\/led.amasly.com\/wp-content\/uploads\/2025\/01\/LED-explosion-proof-flood-lights.png 360w\" sizes=\"auto, (max-width: 480px) 150px\" src=\"https:\/\/led.amasly.com\/wp-content\/uploads\/2025\/01\/LED-explosion-proof-flood-lights.png\" alt=\"\" class=\"uag-image-1675\" width=\"1004\" height=\"308\" title=\"Lampes antid\u00e9flagrantes \u00e0 LED\" loading=\"lazy\" role=\"img\"><\/a><\/figure><\/div>\n\n\n\n<p>L'\u00e9clairage antid\u00e9flagrant n'est pas seulement une mesure de s\u00e9curit\u00e9 facultative, c'est une n\u00e9cessit\u00e9 l\u00e9gale et op\u00e9rationnelle dans les environnements o\u00f9 les substances inflammables repr\u00e9sentent un risque constant. Comprendre quand et pourquoi ces luminaires sp\u00e9cialis\u00e9s sont n\u00e9cessaires aide les entreprises \u00e0 \u00e9viter les incidents catastrophiques, \u00e0 se conformer aux r\u00e9glementations et \u00e0 prot\u00e9ger le personnel. Ce guide pr\u00e9sente les sc\u00e9narios critiques et les industries o\u00f9 les \u00e9clairages antid\u00e9flagrants sont obligatoires.<\/p>\n\n\n\n<h3 class=\"wp-block-heading\"><strong>1. Exigences r\u00e9glementaires : Quand la conformit\u00e9 dicte l'installation<\/strong><strong><\/strong><\/h3>\n\n\n\n<h4 class=\"wp-block-heading\"><strong>Classification des emplacements dangereux<\/strong><strong><\/strong><\/h4>\n\n\n\n<p>L'\u00e9clairage antid\u00e9flagrant est l\u00e9galement requis dans les zones class\u00e9es \u201cdangereuses\u201d par les autorit\u00e9s charg\u00e9es de la s\u00e9curit\u00e9 au travail. Ces zones sont d\u00e9finies par la pr\u00e9sence de mat\u00e9riaux inflammables :<\/p>\n\n\n\n<p><strong>Classe I (gaz\/vapeurs)<\/strong>: Zones o\u00f9 des gaz inflammables tels que le m\u00e9thane, le propane ou l'hydrog\u00e8ne peuvent \u00eatre pr\u00e9sents (par exemple, raffineries de p\u00e9trole, gazoducs).<\/p>\n\n\n\n<p><strong>Classe II (poussi\u00e8res)<\/strong>: Environnements contenant des particules de poussi\u00e8re combustibles (par exemple, silos \u00e0 grains, usines de traitement du charbon).<\/p>\n\n\n\n<p><strong>Classe III (fibres)<\/strong>: Endroits o\u00f9 se trouvent des fibres ou des poussi\u00e8res inflammables (par exemple, usines textiles, ateliers de menuiserie).<\/p>\n\n\n\n<p>En vertu de normes telles que&nbsp;<strong>OSHA 1910.307<\/strong>&nbsp;(\u00c9tats-Unis) et&nbsp;<strong>Directive ATEX 2014\/34\/EU<\/strong>&nbsp;(UE), les \u00e9tablissements doivent installer des luminaires class\u00e9s en fonction de la classe et de la division de danger sp\u00e9cifiques (par exemple, division 1 pour un risque continu, division 2 pour une exposition intermittente).<\/p>\n\n\n\n<h4 class=\"wp-block-heading\"><strong>Att\u00e9nuation des sources d'inflammation<\/strong><strong><\/strong><\/h4>\n\n\n\n<p>Tout \u00e9quipement situ\u00e9 dans ces zones doit emp\u00eacher les \u00e9tincelles, la chaleur ou les arcs \u00e9lectriques d'enflammer les dangers environnants. L'\u00e9clairage standard ne dispose pas du bo\u00eetier \u00e9tanche, des contr\u00f4les thermiques et de la construction robuste n\u00e9cessaires pour supprimer les risques d'inflammation.<\/p>\n\n\n\n<h3 class=\"wp-block-heading\"><strong>2. Secteurs \u00e0 haut risque o\u00f9 <\/strong><strong>Antid\u00e9flagrant<\/strong><strong>&nbsp;L'\u00e9clairage n'est pas n\u00e9gociable<\/strong><strong><\/strong><\/h3>\n\n\n\n<h4 class=\"wp-block-heading\"><strong>Installations p\u00e9troli\u00e8res, gazi\u00e8res et p\u00e9trochimiques<\/strong><strong><\/strong><\/h4>\n\n\n\n<p>Les raffineries, les plates-formes de forage et les r\u00e9servoirs de stockage manipulent des hydrocarbures volatils. Les fuites de m\u00e9thane, les vapeurs d'essence et le sulfure d'hydrog\u00e8ne n\u00e9cessitent des mesures de contr\u00f4le.&nbsp;<strong>\u00c9clairage certifi\u00e9 zone 1<\/strong>&nbsp;avec des rev\u00eatements r\u00e9sistants \u00e0 la corrosion pour supporter les atmosph\u00e8res salines ou acides.<\/p>\n\n\n\n<h4 class=\"wp-block-heading\"><strong>Fabrication de produits pharmaceutiques et chimiques<\/strong><strong><\/strong><\/h4>\n\n\n\n<p>L'\u00e9thanol, l'ac\u00e9tone et d'autres solvants utilis\u00e9s dans la production cr\u00e9ent des vapeurs explosives. Les installations qui traitent des API (ingr\u00e9dients pharmaceutiques actifs) en poudre sont \u00e9galement confront\u00e9es \u00e0 des risques d'explosion de poussi\u00e8res (zone 21), ce qui n\u00e9cessite des installations \u00e9tanches aux poussi\u00e8res.<\/p>\n\n\n\n<h4 class=\"wp-block-heading\"><strong>Traitement des eaux us\u00e9es et usines de biocarburants<\/strong><strong><\/strong><\/h4>\n\n\n\n<p>Les gaz de m\u00e9thane et de sulfure d'hydrog\u00e8ne s'accumulent dans les r\u00e9servoirs d'eaux us\u00e9es et les digesteurs. Lampes LED antid\u00e9flagrantes avec&nbsp;<strong>Indice d'\u00e9tanch\u00e9it\u00e9 IP68<\/strong>&nbsp;sont essentiels, car l'humidit\u00e9 et le gaz coexistent dans les espaces confin\u00e9s.<\/p>\n\n\n\n<h4 class=\"wp-block-heading\"><strong>Exploitation mini\u00e8re et souterraine<\/strong><strong><\/strong><\/h4>\n\n\n\n<p>Les mines de charbon sont sujettes \u00e0 l'accumulation de m\u00e9thane et de poussi\u00e8res combustibles. Les luminaires doivent \u00eatre r\u00e9sistants aux chocs, aux chutes de toit et \u00e0 l'usure.&nbsp;<strong>Approbation de la MSHA<\/strong>&nbsp;(Administration am\u00e9ricaine de la s\u00e9curit\u00e9 et de la sant\u00e9 dans les mines).<\/p>\n\n\n\n<h3 class=\"wp-block-heading\"><strong>3. Identifier les zones \u00e0 risque : Quand passer \u00e0 l'\u00e9tape suivante ? <\/strong><strong>Antid\u00e9flagrant<\/strong><strong>&nbsp;Syst\u00e8mes<\/strong><strong><\/strong><\/h3>\n\n\n\n<h4 class=\"wp-block-heading\"><strong>Protocoles d'\u00e9valuation des risques<\/strong><strong><\/strong><\/h4>\n\n\n\n<p>Les gestionnaires d'installations doivent proc\u00e9der \u00e0 une&nbsp;<strong>\u00c9valuation DSEAR<\/strong>&nbsp;(R\u00e8glement sur les substances dangereuses et les atmosph\u00e8res explosives) ou&nbsp;<strong>Audit NFPA 70E<\/strong>&nbsp;\u00e0 :<\/p>\n\n\n\n<ol class=\"wp-block-list\">\n<li>Cartographier les zones o\u00f9 des substances inflammables sont stock\u00e9es, trait\u00e9es ou lib\u00e9r\u00e9es.<\/li>\n\n\n\n<li>Mesurer les niveaux de concentration de gaz\/poussi\u00e8res.<\/li>\n\n\n\n<li>D\u00e9terminer la classification des zones (par exemple, zone 0, 1, 2 pour les gaz ; zone 20, 21, 22 pour les poussi\u00e8res).<\/li>\n<\/ol>\n\n\n\n<p>Si un lieu est class\u00e9 zone 0 ou zone 20 (risque le plus \u00e9lev\u00e9), l'utilisation, m\u00eame momentan\u00e9e, d'un \u00e9clairage non conforme peut d\u00e9clencher des explosions.<\/p>\n\n\n\n<h4 class=\"wp-block-heading\"><strong>Drapeaux rouges indiquant une utilisation obligatoire<\/strong><strong><\/strong><\/h4>\n\n\n\n<p>Pr\u00e9sence de&nbsp;<strong>Moniteurs LIE<\/strong>&nbsp;(d\u00e9tecteurs de limite inf\u00e9rieure d'explosivit\u00e9) dans l'installation.<\/p>\n\n\n\n<p>Incidents historiques d'incendies\/explosions li\u00e9s \u00e0 des \u00e9quipements \u00e9lectriques.<\/p>\n\n\n\n<p>Audits identifiant les \u00e9clairages non prot\u00e9g\u00e9s \u00e0 proximit\u00e9 des r\u00e9servoirs de stockage, des \u00e9vents ou des stations de m\u00e9lange.<\/p>\n\n\n\n<h3 class=\"wp-block-heading\"><strong>4. Cons\u00e9quences de la non-conformit\u00e9 : Risques juridiques, financiers et de s\u00e9curit\u00e9<\/strong><strong><\/strong><\/h3>\n\n\n\n<h4 class=\"wp-block-heading\"><strong>Amendes et arr\u00eats d'exploitation<\/strong><strong><\/strong><\/h4>\n\n\n\n<p>Les organismes de r\u00e9glementation tels que l'OSHA imposent des sanctions d\u00e9passant&nbsp;<strong>$15 000 par infraction<\/strong>&nbsp;pour avoir utilis\u00e9 des \u00e9clairages non certifi\u00e9s dans des zones dangereuses. Les r\u00e9cidives peuvent entra\u00eener la fermeture des installations.<\/p>\n\n\n\n<h4 class=\"wp-block-heading\"><strong>Augmentation des co\u00fbts d'assurance<\/strong><strong><\/strong><\/h4>\n\n\n\n<p>Les assureurs refusent souvent les demandes d'indemnisation pour les explosions caus\u00e9es par des \u00e9quipements non conformes. Les installations peuvent \u00eatre confront\u00e9es \u00e0 des primes plus \u00e9lev\u00e9es ou \u00e0 des annulations de police.<\/p>\n\n\n\n<h4 class=\"wp-block-heading\"><strong>Responsabilit\u00e9 en cas d'accident du travail<\/strong><strong><\/strong><\/h4>\n\n\n\n<p>Les employeurs peuvent \u00eatre tenus p\u00e9nalement responsables des blessures ou des d\u00e9c\u00e8s r\u00e9sultant d'une n\u00e9gligence en mati\u00e8re d'\u00e9clairage des zones dangereuses.<\/p>\n\n\n\n<h3 class=\"wp-block-heading\"><strong>5. Choisir le bon appareil : Certifications et caract\u00e9ristiques \u00e0 privil\u00e9gier<\/strong><strong><\/strong><\/h3>\n\n\n\n<h4 class=\"wp-block-heading\"><strong>Certifications obligatoires<\/strong><strong><\/strong><\/h4>\n\n\n\n<p><strong><a href=\"http:\/\/www.iecex-certs.com\/\" rel=\"nofollow noopener\" target=\"_blank\">ATEX\/IECEx<\/a><\/strong>: Pour les op\u00e9rations internationales.<\/p>\n\n\n\n<p><strong><a href=\"http:\/\/www.ul.com\" rel=\"nofollow noopener\" target=\"_blank\">UL 844<\/a><\/strong>: Sp\u00e9cialement con\u00e7u pour l'\u00e9clairage dans les zones dangereuses des \u00c9tats-Unis.<\/p>\n\n\n\n<p><strong>Classement IK10<\/strong>: Assure la r\u00e9sistance aux impacts m\u00e9caniques.<\/p>\n\n\n\n<h4 class=\"wp-block-heading\"><strong>Adaptations de la conception \u00e0 des risques sp\u00e9cifiques<\/strong><strong><\/strong><\/h4>\n\n\n\n<p><strong>Rev\u00eatements antistatiques<\/strong>: Pr\u00e9venir la formation d'\u00e9tincelles dans les zones \u00e0 forte concentration de gaz.<\/p>\n\n\n\n<p><strong>Lentilles en verre tremp\u00e9<\/strong>: Indispensable pour les sites miniers o\u00f9 il y a des d\u00e9bris volants.<\/p>\n\n\n\n<p class=\"has-text-align-left\"><strong>Sauvegarde d'urgence<\/strong>: Mod\u00e8les fonctionnant sur batterie pour les coupures de courant dans les zones critiques.<\/p>\n\n\n\n<div class=\"wp-block-uagb-container uagb-block-c7d898dd alignfull uagb-is-root-container\"><div class=\"uagb-container-inner-blocks-wrap\"><\/div><\/div>\n\n\n\n<h2 class=\"wp-block-heading\">Produits apparent\u00e9s<\/h2>\n\n\n\n<div class=\"wp-block-uagb-container uagb-block-66e4defc alignfull uagb-is-root-container\"><div class=\"uagb-container-inner-blocks-wrap\">\n<div class=\"wp-block-uagb-container uagb-block-a42945f9\">\n<div class=\"wp-block-uagb-image uagb-block-7296296b wp-block-uagb-image--layout-default wp-block-uagb-image--effect-static wp-block-uagb-image--align-none\"><figure class=\"wp-block-uagb-image__figure\"><a class=\"\" href=\"https:\/\/led.amasly.com\/fr\/products\/\" target=\"\" rel=\"noopener\"><img decoding=\"async\" srcset=\"https:\/\/led.amasly.com\/wp-content\/uploads\/2024\/09\/Explosion-proof-high-bay-lights.png ,https:\/\/led.amasly.com\/wp-content\/uploads\/2024\/09\/Explosion-proof-high-bay-lights.png 780w, https:\/\/led.amasly.com\/wp-content\/uploads\/2024\/09\/Explosion-proof-high-bay-lights.png 360w\" sizes=\"auto, (max-width: 480px) 150px\" src=\"https:\/\/led.amasly.com\/wp-content\/uploads\/2024\/09\/Explosion-proof-high-bay-lights.png\" alt=\"\" class=\"uag-image-1495\" width=\"300\" height=\"300\" title=\"Lampes \u00e0 grande hauteur antid\u00e9flagrantes\" loading=\"lazy\" role=\"img\"><\/a><\/figure><\/div>\n<\/div>\n\n\n\n<div class=\"wp-block-uagb-container uagb-block-4d3efde5\">\n<div class=\"wp-block-uagb-image uagb-block-c9e90797 wp-block-uagb-image--layout-default wp-block-uagb-image--effect-static wp-block-uagb-image--align-none\"><figure class=\"wp-block-uagb-image__figure\"><a class=\"\" href=\"https:\/\/led.amasly.com\/fr\/products\/\" target=\"\" rel=\"noopener\"><img decoding=\"async\" srcset=\"https:\/\/led.amasly.com\/wp-content\/uploads\/2024\/07\/LED-tri-proof-lights2.png ,https:\/\/led.amasly.com\/wp-content\/uploads\/2024\/07\/LED-tri-proof-lights2.png 780w, https:\/\/led.amasly.com\/wp-content\/uploads\/2024\/07\/LED-tri-proof-lights2.png 360w\" sizes=\"auto, (max-width: 480px) 150px\" src=\"https:\/\/led.amasly.com\/wp-content\/uploads\/2024\/07\/LED-tri-proof-lights2.png\" alt=\"\" class=\"uag-image-1132\" width=\"300\" height=\"300\" title=\"LED-tri-proof-lights2\" loading=\"lazy\" role=\"img\"><\/a><\/figure><\/div>\n<\/div>\n\n\n\n<div class=\"wp-block-uagb-container uagb-block-11c2578b\">\n<div class=\"wp-block-uagb-image uagb-block-6e8883aa wp-block-uagb-image--layout-default wp-block-uagb-image--effect-static wp-block-uagb-image--align-none\"><figure class=\"wp-block-uagb-image__figure\"><a class=\"\" href=\"https:\/\/led.amasly.com\/fr\/products\/\" target=\"\" rel=\"noopener\"><img decoding=\"async\" srcset=\"https:\/\/led.amasly.com\/wp-content\/uploads\/2024\/09\/LED-Explosion-Proof-Gas-Station-Light.png ,https:\/\/led.amasly.com\/wp-content\/uploads\/2024\/09\/LED-Explosion-Proof-Gas-Station-Light.png 780w, https:\/\/led.amasly.com\/wp-content\/uploads\/2024\/09\/LED-Explosion-Proof-Gas-Station-Light.png 360w\" sizes=\"auto, (max-width: 480px) 150px\" src=\"https:\/\/led.amasly.com\/wp-content\/uploads\/2024\/09\/LED-Explosion-Proof-Gas-Station-Light.png\" alt=\"\" class=\"uag-image-1501\" width=\"300\" height=\"300\" title=\"Lampe LED antid\u00e9flagrante pour station-service\" loading=\"lazy\" role=\"img\"><\/a><\/figure><\/div>\n<\/div>\n<\/div><\/div>\n\n\n\n<div class=\"wp-block-uagb-container uagb-block-548945b5 alignfull uagb-is-root-container\"><div class=\"uagb-container-inner-blocks-wrap\">\n<div class=\"wp-block-uagb-container uagb-block-967755d5\">\n<h4 class=\"wp-block-heading has-text-align-center\"><a href=\"https:\/\/led.amasly.com\/fr\/products\/\">Lampes LED antid\u00e9flagrantes<\/a><\/h4>\n<\/div>\n\n\n\n<div class=\"wp-block-uagb-container uagb-block-9bc52fc2\">\n<h4 class=\"wp-block-heading has-text-align-center\"><a href=\"https:\/\/led.amasly.com\/fr\/products\/\">Lampes LED Tri-Proof<\/a><\/h4>\n<\/div>\n\n\n\n<div class=\"wp-block-uagb-container uagb-block-8ffa0a23\">\n<h4 class=\"wp-block-heading has-text-align-center\"><a href=\"https:\/\/led.amasly.com\/fr\/products\/\">Lampes antid\u00e9flagrantes pour stations-service<\/a><\/h4>\n<\/div>\n<\/div><\/div>\n\n\n\n<div class=\"wp-block-uagb-container uagb-block-29499fe0 alignfull uagb-is-root-container\"><div class=\"uagb-container-inner-blocks-wrap\">\n<div class=\"wp-block-uagb-container uagb-block-777ee1c7\">\n<div class=\"wp-block-uagb-image uagb-block-2e9a1851 wp-block-uagb-image--layout-default wp-block-uagb-image--effect-static wp-block-uagb-image--align-none\"><figure class=\"wp-block-uagb-image__figure\"><a class=\"\" href=\"https:\/\/led.amasly.com\/fr\/products\/\" target=\"\" rel=\"noopener\"><img decoding=\"async\" srcset=\"https:\/\/led.amasly.com\/wp-content\/uploads\/2024\/10\/50W-100W-150W-200W-300W-LED-Flood-Light.jpg ,https:\/\/led.amasly.com\/wp-content\/uploads\/2024\/10\/50W-100W-150W-200W-300W-LED-Flood-Light.jpg 780w, https:\/\/led.amasly.com\/wp-content\/uploads\/2024\/10\/50W-100W-150W-200W-300W-LED-Flood-Light.jpg 360w\" sizes=\"auto, (max-width: 480px) 150px\" src=\"https:\/\/led.amasly.com\/wp-content\/uploads\/2024\/10\/50W-100W-150W-200W-300W-LED-Flood-Light.jpg\" alt=\"\" class=\"uag-image-1526\" width=\"300\" height=\"300\" title=\"50W 100W 150W 200W 300W LED Flood Light\" loading=\"lazy\" role=\"img\"><\/a><\/figure><\/div>\n<\/div>\n\n\n\n<div class=\"wp-block-uagb-container uagb-block-af8c8683\">\n<div class=\"wp-block-uagb-image uagb-block-67947854 wp-block-uagb-image--layout-default wp-block-uagb-image--effect-static wp-block-uagb-image--align-none\"><figure class=\"wp-block-uagb-image__figure\"><a class=\"\" href=\"https:\/\/led.amasly.com\/fr\/products\/\" target=\"\" rel=\"noopener\"><img decoding=\"async\" srcset=\"https:\/\/led.amasly.com\/wp-content\/uploads\/2024\/07\/led-tri-proof-light.png ,https:\/\/led.amasly.com\/wp-content\/uploads\/2024\/07\/led-tri-proof-light.png 780w, https:\/\/led.amasly.com\/wp-content\/uploads\/2024\/07\/led-tri-proof-light.png 360w\" sizes=\"auto, (max-width: 480px) 150px\" src=\"https:\/\/led.amasly.com\/wp-content\/uploads\/2024\/07\/led-tri-proof-light.png\" alt=\"\" class=\"uag-image-1130\" width=\"300\" height=\"300\" title=\"led-tri-proof-light\" loading=\"lazy\" role=\"img\"><\/a><\/figure><\/div>\n<\/div>\n\n\n\n<div class=\"wp-block-uagb-container uagb-block-0fdfdd58\">\n<div class=\"wp-block-uagb-image uagb-block-1187d32d wp-block-uagb-image--layout-default wp-block-uagb-image--effect-static wp-block-uagb-image--align-none\"><figure class=\"wp-block-uagb-image__figure\"><a class=\"\" href=\"https:\/\/led.amasly.com\/fr\/products\/\" target=\"\" rel=\"noopener\"><img decoding=\"async\" srcset=\"https:\/\/led.amasly.com\/wp-content\/uploads\/2024\/07\/LED-street-light.jpg ,https:\/\/led.amasly.com\/wp-content\/uploads\/2024\/07\/LED-street-light.jpg 780w, https:\/\/led.amasly.com\/wp-content\/uploads\/2024\/07\/LED-street-light.jpg 360w\" sizes=\"auto, (max-width: 480px) 150px\" src=\"https:\/\/led.amasly.com\/wp-content\/uploads\/2024\/07\/LED-street-light.jpg\" alt=\"\" class=\"uag-image-1145\" width=\"300\" height=\"300\" title=\"Eclairage de rue LED\" loading=\"lazy\" role=\"img\"><\/a><\/figure><\/div>\n<\/div>\n<\/div><\/div>\n\n\n\n<div class=\"wp-block-uagb-container uagb-block-6a60882c alignfull uagb-is-root-container\"><div class=\"uagb-container-inner-blocks-wrap\">\n<div class=\"wp-block-uagb-container uagb-block-f1e91a35\">\n<h4 class=\"wp-block-heading has-text-align-center\"><a href=\"https:\/\/led.amasly.com\/fr\/products\/\">Lampes de sol \u00e0 diodes \u00e9lectroluminescentes<\/a><\/h4>\n<\/div>\n\n\n\n<div class=\"wp-block-uagb-container uagb-block-165bfa58\">\n<h4 class=\"wp-block-heading has-text-align-center\"><a href=\"https:\/\/led.amasly.com\/fr\/products\/\">Lampes tubulaires LED Tri-Proof<\/a><\/h4>\n<\/div>\n\n\n\n<div class=\"wp-block-uagb-container uagb-block-f6096e3b\">\n<h4 class=\"wp-block-heading has-text-align-center\"><a href=\"https:\/\/led.amasly.com\/fr\/products\/\">Lampes de rue LED<\/a><\/h4>\n<\/div>\n<\/div><\/div>\n\n\n\n<div class=\"wp-block-uagb-container uagb-block-99c0e0a5 alignfull uagb-is-root-container\"><div class=\"uagb-container-inner-blocks-wrap\"><\/div><\/div>\n\n\n\n<p><\/p>","protected":false},"excerpt":{"rendered":"<p>When Are Explosion Proof&nbsp;Lights Mandatory? Key Industries and Safety Standards Explosion Proof&nbsp;lighting isn\u2019t just an optional safety measure\u2014it\u2019s a legal and operational necessity in environments where flammable substances pose a constant risk. Understanding when and why these specialized fixtures are required helps businesses avoid catastrophic incidents, comply with regulations, and protect personnel. This guide breaks [&hellip;]<\/p>\n","protected":false},"author":1,"featured_media":0,"parent":2374,"menu_order":0,"comment_status":"closed","ping_status":"closed","template":"","meta":{"_uag_custom_page_level_css":"","site-sidebar-layout":"no-sidebar","site-content-layout":"","ast-site-content-layout":"default","site-content-style":"default","site-sidebar-style":"default","ast-global-header-display":"","ast-banner-title-visibility":"","ast-main-header-display":"","ast-hfb-above-header-display":"","ast-hfb-below-header-display":"","ast-hfb-mobile-header-display":"","site-post-title":"disabled","ast-breadcrumbs-content":"","ast-featured-img":"","footer-sml-layout":"","ast-disable-related-posts":"","theme-transparent-header-meta":"enabled","adv-header-id-meta":"","stick-header-meta":"","header-above-stick-meta":"","header-main-stick-meta":"","header-below-stick-meta":"","astra-migrate-meta-layouts":"set","ast-page-background-enabled":"default","ast-page-background-meta":{"desktop":{"background-color":"var(--ast-global-color-4)","background-image":"","background-repeat":"repeat","background-position":"center center","background-size":"auto","background-attachment":"scroll","background-type":"","background-media":"","overlay-type":"","overlay-color":"","overlay-opacity":"","overlay-gradient":""},"tablet":{"background-color":"","background-image":"","background-repeat":"repeat","background-position":"center center","background-size":"auto","background-attachment":"scroll","background-type":"","background-media":"","overlay-type":"","overlay-color":"","overlay-opacity":"","overlay-gradient":""},"mobile":{"background-color":"","background-image":"","background-repeat":"repeat","background-position":"center center","background-size":"auto","background-attachment":"scroll","background-type":"","background-media":"","overlay-type":"","overlay-color":"","overlay-opacity":"","overlay-gradient":""}},"ast-content-background-meta":{"desktop":{"background-color":"var(--ast-global-color-5)","background-image":"","background-repeat":"repeat","background-position":"center center","background-size":"auto","background-attachment":"scroll","background-type":"","background-media":"","overlay-type":"","overlay-color":"","overlay-opacity":"","overlay-gradient":""},"tablet":{"background-color":"var(--ast-global-color-5)","background-image":"","background-repeat":"repeat","background-position":"center center","background-size":"auto","background-attachment":"scroll","background-type":"","background-media":"","overlay-type":"","overlay-color":"","overlay-opacity":"","overlay-gradient":""},"mobile":{"background-color":"var(--ast-global-color-5)","background-image":"","background-repeat":"repeat","background-position":"center center","background-size":"auto","background-attachment":"scroll","background-type":"","background-media":"","overlay-type":"","overlay-color":"","overlay-opacity":"","overlay-gradient":""}},"footnotes":""},"class_list":["post-3034","page","type-page","status-publish","hentry"],"uagb_featured_image_src":{"full":false,"thumbnail":false,"medium":false,"medium_large":false,"large":false,"1536x1536":false,"2048x2048":false,"trp-custom-language-flag":false},"uagb_author_info":{"display_name":"Joe","author_link":"https:\/\/led.amasly.com\/fr\/author\/jacklin\/"},"uagb_comment_info":0,"uagb_excerpt":"When Are Explosion Proof&nbsp;Lights Mandatory? Key Industries and Safety Standards Explosion Proof&nbsp;lighting isn\u2019t just an optional safety measure\u2014it\u2019s a legal and operational necessity in environments where flammable substances pose a constant risk. Understanding when and why these specialized fixtures are required helps businesses avoid catastrophic incidents, comply with regulations, and protect personnel. This guide breaks\u2026","_links":{"self":[{"href":"https:\/\/led.amasly.com\/fr\/wp-json\/wp\/v2\/pages\/3034","targetHints":{"allow":["GET"]}}],"collection":[{"href":"https:\/\/led.amasly.com\/fr\/wp-json\/wp\/v2\/pages"}],"about":[{"href":"https:\/\/led.amasly.com\/fr\/wp-json\/wp\/v2\/types\/page"}],"author":[{"embeddable":true,"href":"https:\/\/led.amasly.com\/fr\/wp-json\/wp\/v2\/users\/1"}],"replies":[{"embeddable":true,"href":"https:\/\/led.amasly.com\/fr\/wp-json\/wp\/v2\/comments?post=3034"}],"version-history":[{"count":1,"href":"https:\/\/led.amasly.com\/fr\/wp-json\/wp\/v2\/pages\/3034\/revisions"}],"predecessor-version":[{"id":3040,"href":"https:\/\/led.amasly.com\/fr\/wp-json\/wp\/v2\/pages\/3034\/revisions\/3040"}],"up":[{"embeddable":true,"href":"https:\/\/led.amasly.com\/fr\/wp-json\/wp\/v2\/pages\/2374"}],"wp:attachment":[{"href":"https:\/\/led.amasly.com\/fr\/wp-json\/wp\/v2\/media?parent=3034"}],"curies":[{"name":"wp","href":"https:\/\/api.w.org\/{rel}","templated":true}]}}