{"id":2996,"date":"2025-04-08T22:24:34","date_gmt":"2025-04-08T14:24:34","guid":{"rendered":"https:\/\/led.amasly.com\/?page_id=2996"},"modified":"2025-06-24T16:19:25","modified_gmt":"2025-06-24T08:19:25","slug":"is-it-safe-to-let-led-lights-on-all-night","status":"publish","type":"page","link":"https:\/\/led.amasly.com\/fr\/knowledge\/led-light-knowledge\/is-it-safe-to-let-led-lights-on-all-night\/","title":{"rendered":"Est-il prudent de laisser les lumi\u00e8res LED allum\u00e9es toute la nuit ?"},"content":{"rendered":"<div class=\"wp-block-uagb-container uagb-block-27bae773 alignfull uagb-is-root-container\"><div class=\"uagb-container-inner-blocks-wrap\"><\/div><\/div>\n\n\n\n<h2 class=\"wp-block-heading has-text-align-left\"><strong>Est-il prudent de laisser les lumi\u00e8res LED allum\u00e9es toute la nuit ?<\/strong><strong><\/strong><\/h2>\n\n\n\n<p>Il est relativement s\u00fbr de laisser les lampes LED allum\u00e9es pendant de longues p\u00e9riodes. Comme les lampes LED utilisent des optiques \u00e0 semi-conducteurs, elles sont plus \u00e9conomes en \u00e9nergie, plus respectueuses de l'environnement et ont une dur\u00e9e de vie plus longue que les sources lumineuses traditionnelles, de sorte que les laisser allum\u00e9es pendant une longue p\u00e9riode ne pose g\u00e9n\u00e9ralement pas de probl\u00e8me de s\u00e9curit\u00e9.<\/p>\n\n\n\n<p>Toutefois, afin d'\u00e9viter le gaspillage d'\u00e9nergie et de prolonger la dur\u00e9e de vie des lampes LED, il est recommand\u00e9 d'\u00e9teindre les lampes lorsqu'elles ne sont pas utilis\u00e9es.<\/p>\n\n\n\n<p>Il convient de noter que si la lumi\u00e8re LED fonctionne mal en raison d'une surchauffe ou pour d'autres raisons, il y aura des risques pour la s\u00e9curit\u00e9. Par cons\u00e9quent, si les lumi\u00e8res LED semblent anormales, elles doivent \u00eatre arr\u00eat\u00e9es et v\u00e9rifi\u00e9es \u00e0 temps.<\/p>\n\n\n\n<p>En outre, lors de l'installation des lampes LED, il convient de suivre les instructions d'installation des proc\u00e9dures d'utilisation. Si vous avez des questions, vous pouvez consulter un professionnel.<\/p>\n\n\n\n<p>Les lampes LED qui restent allum\u00e9es toute la nuit ne produisent pas de temp\u00e9ratures \u00e9lev\u00e9es comme les lampes \u00e0 incandescence, de sorte qu'elles ne pr\u00e9sentent pas de danger imm\u00e9diat tel qu'un incendie.<\/p>\n\n\n\n<h2 class=\"wp-block-heading\"><strong>Cependant, le fait de laisser les lampes LED allum\u00e9es pendant de longues p\u00e9riodes peut entra\u00eener les probl\u00e8mes suivants : <\/strong><strong><\/strong><\/h2>\n\n\n\n<p>Effets sur la sant\u00e9 : Le rayonnement de la lumi\u00e8re bleue des lampes LED peut affecter l'horloge biologique d'une personne, en particulier en cas d'utilisation d'une forte lumi\u00e8re bleue la nuit, ce qui peut perturber le sommeil et entra\u00eener des difficult\u00e9s d'endormissement et des insomnies. En outre, une exposition prolong\u00e9e \u00e0 une lumi\u00e8re trop vive peut entra\u00eener une fatigue et une g\u00eane pour les yeux, ce qui peut provoquer des sympt\u00f4mes tels que la s\u00e9cheresse oculaire, des picotements et des maux de t\u00eate.<\/p>\n\n\n\n<p>Dur\u00e9e de vie de l'\u00e9quipement : Les luminaires \u00e0 LED accumulent davantage de chaleur lorsqu'ils sont allum\u00e9s en continu pendant de longues p\u00e9riodes, et les environnements \u00e0 haute temp\u00e9rature peuvent r\u00e9duire consid\u00e9rablement la dur\u00e9e de vie des LED.     Bien que les lampes LED ne s'\u00e9teignent pas soudainement lorsqu'elles atteignent la fin de leur dur\u00e9e de vie, elles s'affaiblissent progressivement.<\/p>\n\n\n\n<p>Augmentation de la facture d'\u00e9lectricit\u00e9 : Bien que les lampes LED soient \u00e9conomes en \u00e9nergie, le fait de les laisser allum\u00e9es pendant une longue p\u00e9riode augmentera votre facture d'\u00e9lectricit\u00e9.<\/p>\n\n\n\n<p>Surchauffe et court-circuit : Un fonctionnement prolong\u00e9 peut entra\u00eener une surchauffe des composants internes des lampes LED, augmentant ainsi le risque de court-circuit, qui peut \u00e0 son tour provoquer un incendie. Le risque de s\u00e9curit\u00e9 est d'autant plus grand que la qualit\u00e9 du produit n'est pas satisfaisante.<\/p>\n\n\n\n<p>Endommagement de la prise : Un branchement prolong\u00e9 peut entra\u00eener une d\u00e9formation ou une fusion de la prise, affectant l'utilisation normale de la prise, voire provoquant une d\u00e9faillance du circuit.<\/p>\n\n\n\n<p>Risques pour la s\u00e9curit\u00e9 : En cas de dysfonctionnement des appareils \u00e9lectriques, de coupure de courant, de foudre et d'autres conditions anormales, si la lampe LED est toujours branch\u00e9e, cela peut augmenter le risque d'incendie et d'autres accidents.<\/p>\n\n\n\n<h2 class=\"wp-block-heading\"><strong>Pour minimiser ces risques, il est recommand\u00e9 de <\/strong><strong><\/strong><\/h2>\n\n\n\n<p>Choisissez des produits qualifi\u00e9s : Assurez-vous que les lampes LED proviennent de circuits r\u00e9guliers et de grandes marques dont la qualit\u00e9 est garantie.<\/p>\n\n\n\n<p>Inspection r\u00e9guli\u00e8re : v\u00e9rifier si les bougies, les douilles et les fils sont cass\u00e9s ou us\u00e9s, et remplacer les pi\u00e8ces endommag\u00e9es \u00e0 temps.<\/p>\n\n\n\n<p>\u00c9vitez les environnements humides : Essayez d'utiliser les lampes LED dans des environnements secs afin d'\u00e9viter les pannes de circuit caus\u00e9es par l'humidit\u00e9.<\/p>\n\n\n\n<p>Adoptez l'habitude de fermer r\u00e9guli\u00e8rement : lorsque vous n'avez pas besoin d'utiliser les lampes LED, d\u00e9branchez-les \u00e0 temps afin d'\u00e9viter les branchements prolong\u00e9s.<\/p>\n\n\n\n<p class=\"has-text-align-left\">En r\u00e9sum\u00e9, bien que la lampe LED soit pratique \u00e0 utiliser, le branchement \u00e0 long terme pr\u00e9sente toujours certains risques pour la s\u00e9curit\u00e9. Pour votre s\u00e9curit\u00e9 et celle de votre famille, veuillez les utiliser raisonnablement et les v\u00e9rifier r\u00e9guli\u00e8rement.<\/p>\n\n\n\n<div class=\"wp-block-uagb-container uagb-block-c7d898dd alignfull uagb-is-root-container\"><div class=\"uagb-container-inner-blocks-wrap\"><\/div><\/div>\n\n\n\n<h2 class=\"wp-block-heading\">Produits apparent\u00e9s<\/h2>\n\n\n\n<div class=\"wp-block-uagb-container uagb-block-66e4defc alignfull uagb-is-root-container\"><div class=\"uagb-container-inner-blocks-wrap\">\n<div class=\"wp-block-uagb-container uagb-block-a42945f9\">\n<div class=\"wp-block-uagb-image uagb-block-7296296b wp-block-uagb-image--layout-default wp-block-uagb-image--effect-static wp-block-uagb-image--align-none\"><figure class=\"wp-block-uagb-image__figure\"><a class=\"\" href=\"https:\/\/led.amasly.com\/fr\/products\/\" target=\"\" rel=\"noopener\"><img decoding=\"async\" srcset=\"https:\/\/led.amasly.com\/wp-content\/uploads\/2024\/09\/Explosion-proof-high-bay-lights.png ,https:\/\/led.amasly.com\/wp-content\/uploads\/2024\/09\/Explosion-proof-high-bay-lights.png 780w, https:\/\/led.amasly.com\/wp-content\/uploads\/2024\/09\/Explosion-proof-high-bay-lights.png 360w\" sizes=\"auto, (max-width: 480px) 150px\" src=\"https:\/\/led.amasly.com\/wp-content\/uploads\/2024\/09\/Explosion-proof-high-bay-lights.png\" alt=\"\" class=\"uag-image-1495\" width=\"300\" height=\"300\" title=\"Lampes \u00e0 grande hauteur antid\u00e9flagrantes\" loading=\"lazy\" role=\"img\"><\/a><\/figure><\/div>\n<\/div>\n\n\n\n<div class=\"wp-block-uagb-container uagb-block-4d3efde5\">\n<div class=\"wp-block-uagb-image uagb-block-c9e90797 wp-block-uagb-image--layout-default wp-block-uagb-image--effect-static wp-block-uagb-image--align-none\"><figure class=\"wp-block-uagb-image__figure\"><a class=\"\" href=\"https:\/\/led.amasly.com\/fr\/products\/\" target=\"\" rel=\"noopener\"><img decoding=\"async\" srcset=\"https:\/\/led.amasly.com\/wp-content\/uploads\/2024\/07\/LED-tri-proof-lights2.png ,https:\/\/led.amasly.com\/wp-content\/uploads\/2024\/07\/LED-tri-proof-lights2.png 780w, https:\/\/led.amasly.com\/wp-content\/uploads\/2024\/07\/LED-tri-proof-lights2.png 360w\" sizes=\"auto, (max-width: 480px) 150px\" src=\"https:\/\/led.amasly.com\/wp-content\/uploads\/2024\/07\/LED-tri-proof-lights2.png\" alt=\"\" class=\"uag-image-1132\" width=\"300\" height=\"300\" title=\"LED-tri-proof-lights2\" loading=\"lazy\" role=\"img\"><\/a><\/figure><\/div>\n<\/div>\n\n\n\n<div class=\"wp-block-uagb-container uagb-block-11c2578b\">\n<div class=\"wp-block-uagb-image uagb-block-6e8883aa wp-block-uagb-image--layout-default wp-block-uagb-image--effect-static wp-block-uagb-image--align-none\"><figure class=\"wp-block-uagb-image__figure\"><a class=\"\" href=\"https:\/\/led.amasly.com\/fr\/products\/\" target=\"\" rel=\"noopener\"><img decoding=\"async\" srcset=\"https:\/\/led.amasly.com\/wp-content\/uploads\/2024\/09\/LED-Explosion-Proof-Gas-Station-Light.png ,https:\/\/led.amasly.com\/wp-content\/uploads\/2024\/09\/LED-Explosion-Proof-Gas-Station-Light.png 780w, https:\/\/led.amasly.com\/wp-content\/uploads\/2024\/09\/LED-Explosion-Proof-Gas-Station-Light.png 360w\" sizes=\"auto, (max-width: 480px) 150px\" src=\"https:\/\/led.amasly.com\/wp-content\/uploads\/2024\/09\/LED-Explosion-Proof-Gas-Station-Light.png\" alt=\"\" class=\"uag-image-1501\" width=\"300\" height=\"300\" title=\"Lampe LED antid\u00e9flagrante pour station-service\" loading=\"lazy\" role=\"img\"><\/a><\/figure><\/div>\n<\/div>\n<\/div><\/div>\n\n\n\n<div class=\"wp-block-uagb-container uagb-block-548945b5 alignfull uagb-is-root-container\"><div class=\"uagb-container-inner-blocks-wrap\">\n<div class=\"wp-block-uagb-container uagb-block-967755d5\">\n<h4 class=\"wp-block-heading has-text-align-center\"><a href=\"https:\/\/led.amasly.com\/fr\/products\/\">Lampes LED antid\u00e9flagrantes<\/a><\/h4>\n<\/div>\n\n\n\n<div class=\"wp-block-uagb-container uagb-block-9bc52fc2\">\n<h4 class=\"wp-block-heading has-text-align-center\"><a href=\"https:\/\/led.amasly.com\/fr\/products\/\">Lampes LED Tri-Proof<\/a><\/h4>\n<\/div>\n\n\n\n<div class=\"wp-block-uagb-container uagb-block-8ffa0a23\">\n<h4 class=\"wp-block-heading has-text-align-center\"><a href=\"https:\/\/led.amasly.com\/fr\/products\/\">Lampes antid\u00e9flagrantes pour stations-service<\/a><\/h4>\n<\/div>\n<\/div><\/div>\n\n\n\n<div class=\"wp-block-uagb-container uagb-block-29499fe0 alignfull uagb-is-root-container\"><div class=\"uagb-container-inner-blocks-wrap\">\n<div class=\"wp-block-uagb-container uagb-block-777ee1c7\">\n<div class=\"wp-block-uagb-image uagb-block-2e9a1851 wp-block-uagb-image--layout-default wp-block-uagb-image--effect-static wp-block-uagb-image--align-none\"><figure class=\"wp-block-uagb-image__figure\"><a class=\"\" href=\"https:\/\/led.amasly.com\/fr\/products\/\" target=\"\" rel=\"noopener\"><img decoding=\"async\" srcset=\"https:\/\/led.amasly.com\/wp-content\/uploads\/2024\/10\/50W-100W-150W-200W-300W-LED-Flood-Light.jpg ,https:\/\/led.amasly.com\/wp-content\/uploads\/2024\/10\/50W-100W-150W-200W-300W-LED-Flood-Light.jpg 780w, https:\/\/led.amasly.com\/wp-content\/uploads\/2024\/10\/50W-100W-150W-200W-300W-LED-Flood-Light.jpg 360w\" sizes=\"auto, (max-width: 480px) 150px\" src=\"https:\/\/led.amasly.com\/wp-content\/uploads\/2024\/10\/50W-100W-150W-200W-300W-LED-Flood-Light.jpg\" alt=\"\" class=\"uag-image-1526\" width=\"300\" height=\"300\" title=\"50W 100W 150W 200W 300W LED Flood Light\" loading=\"lazy\" role=\"img\"><\/a><\/figure><\/div>\n<\/div>\n\n\n\n<div class=\"wp-block-uagb-container uagb-block-af8c8683\">\n<div class=\"wp-block-uagb-image uagb-block-67947854 wp-block-uagb-image--layout-default wp-block-uagb-image--effect-static wp-block-uagb-image--align-none\"><figure class=\"wp-block-uagb-image__figure\"><a class=\"\" href=\"https:\/\/led.amasly.com\/fr\/products\/\" target=\"\" rel=\"noopener\"><img decoding=\"async\" srcset=\"https:\/\/led.amasly.com\/wp-content\/uploads\/2024\/07\/led-tri-proof-light.png ,https:\/\/led.amasly.com\/wp-content\/uploads\/2024\/07\/led-tri-proof-light.png 780w, https:\/\/led.amasly.com\/wp-content\/uploads\/2024\/07\/led-tri-proof-light.png 360w\" sizes=\"auto, (max-width: 480px) 150px\" src=\"https:\/\/led.amasly.com\/wp-content\/uploads\/2024\/07\/led-tri-proof-light.png\" alt=\"\" class=\"uag-image-1130\" width=\"300\" height=\"300\" title=\"led-tri-proof-light\" loading=\"lazy\" role=\"img\"><\/a><\/figure><\/div>\n<\/div>\n\n\n\n<div class=\"wp-block-uagb-container uagb-block-0fdfdd58\">\n<div class=\"wp-block-uagb-image uagb-block-1187d32d wp-block-uagb-image--layout-default wp-block-uagb-image--effect-static wp-block-uagb-image--align-none\"><figure class=\"wp-block-uagb-image__figure\"><a class=\"\" href=\"https:\/\/led.amasly.com\/fr\/products\/\" target=\"\" rel=\"noopener\"><img decoding=\"async\" srcset=\"https:\/\/led.amasly.com\/wp-content\/uploads\/2024\/07\/LED-street-light.jpg ,https:\/\/led.amasly.com\/wp-content\/uploads\/2024\/07\/LED-street-light.jpg 780w, https:\/\/led.amasly.com\/wp-content\/uploads\/2024\/07\/LED-street-light.jpg 360w\" sizes=\"auto, (max-width: 480px) 150px\" src=\"https:\/\/led.amasly.com\/wp-content\/uploads\/2024\/07\/LED-street-light.jpg\" alt=\"\" class=\"uag-image-1145\" width=\"300\" height=\"300\" title=\"Eclairage de rue LED\" loading=\"lazy\" role=\"img\"><\/a><\/figure><\/div>\n<\/div>\n<\/div><\/div>\n\n\n\n<div class=\"wp-block-uagb-container uagb-block-6a60882c alignfull uagb-is-root-container\"><div class=\"uagb-container-inner-blocks-wrap\">\n<div class=\"wp-block-uagb-container uagb-block-f1e91a35\">\n<h4 class=\"wp-block-heading has-text-align-center\"><a href=\"https:\/\/led.amasly.com\/fr\/products\/\">Lampes de sol \u00e0 diodes \u00e9lectroluminescentes<\/a><\/h4>\n<\/div>\n\n\n\n<div class=\"wp-block-uagb-container uagb-block-165bfa58\">\n<h4 class=\"wp-block-heading has-text-align-center\"><a href=\"https:\/\/led.amasly.com\/fr\/products\/\">Lampes tubulaires LED Tri-Proof<\/a><\/h4>\n<\/div>\n\n\n\n<div class=\"wp-block-uagb-container uagb-block-f6096e3b\">\n<h4 class=\"wp-block-heading has-text-align-center\"><a href=\"https:\/\/led.amasly.com\/fr\/products\/\">Lampes de rue LED<\/a><\/h4>\n<\/div>\n<\/div><\/div>\n\n\n\n<div class=\"wp-block-uagb-container uagb-block-99c0e0a5 alignfull uagb-is-root-container\"><div class=\"uagb-container-inner-blocks-wrap\"><\/div><\/div>\n\n\n\n<p><\/p>","protected":false},"excerpt":{"rendered":"<p>Is it safe to let LED lights on all night? LED lights are relatively safe to leave on for long periods of time. Since LED lights use semiconductor optics, they are more energy-efficient, environmentally friendly and have a longer lifespan compared to traditional light sources, so leaving them on for a long period of time [&hellip;]<\/p>\n","protected":false},"author":1,"featured_media":0,"parent":2984,"menu_order":0,"comment_status":"closed","ping_status":"closed","template":"","meta":{"_uag_custom_page_level_css":"","site-sidebar-layout":"no-sidebar","site-content-layout":"","ast-site-content-layout":"default","site-content-style":"default","site-sidebar-style":"default","ast-global-header-display":"","ast-banner-title-visibility":"","ast-main-header-display":"","ast-hfb-above-header-display":"","ast-hfb-below-header-display":"","ast-hfb-mobile-header-display":"","site-post-title":"disabled","ast-breadcrumbs-content":"","ast-featured-img":"","footer-sml-layout":"","ast-disable-related-posts":"","theme-transparent-header-meta":"enabled","adv-header-id-meta":"","stick-header-meta":"","header-above-stick-meta":"","header-main-stick-meta":"","header-below-stick-meta":"","astra-migrate-meta-layouts":"set","ast-page-background-enabled":"default","ast-page-background-meta":{"desktop":{"background-color":"var(--ast-global-color-4)","background-image":"","background-repeat":"repeat","background-position":"center center","background-size":"auto","background-attachment":"scroll","background-type":"","background-media":"","overlay-type":"","overlay-color":"","overlay-opacity":"","overlay-gradient":""},"tablet":{"background-color":"","background-image":"","background-repeat":"repeat","background-position":"center center","background-size":"auto","background-attachment":"scroll","background-type":"","background-media":"","overlay-type":"","overlay-color":"","overlay-opacity":"","overlay-gradient":""},"mobile":{"background-color":"","background-image":"","background-repeat":"repeat","background-position":"center center","background-size":"auto","background-attachment":"scroll","background-type":"","background-media":"","overlay-type":"","overlay-color":"","overlay-opacity":"","overlay-gradient":""}},"ast-content-background-meta":{"desktop":{"background-color":"var(--ast-global-color-5)","background-image":"","background-repeat":"repeat","background-position":"center center","background-size":"auto","background-attachment":"scroll","background-type":"","background-media":"","overlay-type":"","overlay-color":"","overlay-opacity":"","overlay-gradient":""},"tablet":{"background-color":"var(--ast-global-color-5)","background-image":"","background-repeat":"repeat","background-position":"center center","background-size":"auto","background-attachment":"scroll","background-type":"","background-media":"","overlay-type":"","overlay-color":"","overlay-opacity":"","overlay-gradient":""},"mobile":{"background-color":"var(--ast-global-color-5)","background-image":"","background-repeat":"repeat","background-position":"center center","background-size":"auto","background-attachment":"scroll","background-type":"","background-media":"","overlay-type":"","overlay-color":"","overlay-opacity":"","overlay-gradient":""}},"footnotes":""},"class_list":["post-2996","page","type-page","status-publish","hentry"],"uagb_featured_image_src":{"full":false,"thumbnail":false,"medium":false,"medium_large":false,"large":false,"1536x1536":false,"2048x2048":false,"trp-custom-language-flag":false},"uagb_author_info":{"display_name":"Joe","author_link":"https:\/\/led.amasly.com\/fr\/author\/jacklin\/"},"uagb_comment_info":0,"uagb_excerpt":"Is it safe to let LED lights on all night? LED lights are relatively safe to leave on for long periods of time. Since LED lights use semiconductor optics, they are more energy-efficient, environmentally friendly and have a longer lifespan compared to traditional light sources, so leaving them on for a long period of time\u2026","_links":{"self":[{"href":"https:\/\/led.amasly.com\/fr\/wp-json\/wp\/v2\/pages\/2996","targetHints":{"allow":["GET"]}}],"collection":[{"href":"https:\/\/led.amasly.com\/fr\/wp-json\/wp\/v2\/pages"}],"about":[{"href":"https:\/\/led.amasly.com\/fr\/wp-json\/wp\/v2\/types\/page"}],"author":[{"embeddable":true,"href":"https:\/\/led.amasly.com\/fr\/wp-json\/wp\/v2\/users\/1"}],"replies":[{"embeddable":true,"href":"https:\/\/led.amasly.com\/fr\/wp-json\/wp\/v2\/comments?post=2996"}],"version-history":[{"count":1,"href":"https:\/\/led.amasly.com\/fr\/wp-json\/wp\/v2\/pages\/2996\/revisions"}],"predecessor-version":[{"id":2999,"href":"https:\/\/led.amasly.com\/fr\/wp-json\/wp\/v2\/pages\/2996\/revisions\/2999"}],"up":[{"embeddable":true,"href":"https:\/\/led.amasly.com\/fr\/wp-json\/wp\/v2\/pages\/2984"}],"wp:attachment":[{"href":"https:\/\/led.amasly.com\/fr\/wp-json\/wp\/v2\/media?parent=2996"}],"curies":[{"name":"wp","href":"https:\/\/api.w.org\/{rel}","templated":true}]}}