{"id":2984,"date":"2025-04-08T22:58:28","date_gmt":"2025-04-08T14:58:28","guid":{"rendered":"https:\/\/led.amasly.com\/?page_id=2984"},"modified":"2026-01-27T22:46:45","modified_gmt":"2026-01-27T14:46:45","slug":"led-light-knowledge","status":"publish","type":"page","link":"https:\/\/led.amasly.com\/fr\/knowledge\/led-light-knowledge\/","title":{"rendered":"Connaissance de la lumi\u00e8re LED"},"content":{"rendered":"<div class=\"wp-block-columns is-layout-flex wp-container-core-columns-is-layout-28f84493 wp-block-columns-is-layout-flex\">\n<div class=\"wp-block-column is-layout-flow wp-block-column-is-layout-flow\"><\/div>\n\n\n\n<div class=\"wp-block-column is-layout-flow wp-block-column-is-layout-flow\"><\/div>\n<\/div>\n\n\n\n<div class=\"wp-block-columns is-layout-flex wp-container-core-columns-is-layout-28f84493 wp-block-columns-is-layout-flex\">\n<div class=\"wp-block-column is-layout-flow wp-block-column-is-layout-flow\" style=\"flex-basis:100%\">\n<p class=\"has-medium-font-size\">La lumi\u00e8re LED est une puce semi-conductrice \u00e9lectroluminescente, solidifi\u00e9e au support avec de la colle d'argent ou de la colle blanche, puis connect\u00e9e \u00e0 la puce et au circuit imprim\u00e9 avec du fil d'argent ou d'or, scell\u00e9e autour avec de la r\u00e9sine \u00e9poxy pour prot\u00e9ger le fil central interne, et enfin install\u00e9e sur la coque, de sorte que la lumi\u00e8re LED a de bonnes performances sismiques.<br><\/p>\n\n\n\n<p class=\"has-medium-font-size\">LED (Light Emitting Diode), diode \u00e9lectroluminescente, est un dispositif semi-conducteur solide capable de convertir l'\u00e9nergie \u00e9lectrique en lumi\u00e8re visible, ce qui permet de convertir directement l'\u00e9lectricit\u00e9 en lumi\u00e8re. Le c\u0153ur de la LED est une puce semi-conductrice, dont une extr\u00e9mit\u00e9 est fix\u00e9e \u00e0 un support, une extr\u00e9mit\u00e9 est une \u00e9lectrode n\u00e9gative, et l'autre extr\u00e9mit\u00e9 est connect\u00e9e \u00e0 l'\u00e9lectrode positive de l'alimentation \u00e9lectrique, de sorte que l'ensemble de la puce est encapsul\u00e9 dans de la r\u00e9sine \u00e9poxy.<br><\/p>\n\n\n\n<p class=\"has-medium-font-size\">Les appareils d'\u00e9clairage \u00e0 LED peuvent \u00eatre divis\u00e9s en deux parties : l'\u00e9clairage int\u00e9rieur et l'\u00e9clairage ext\u00e9rieur. Les types courants d'appareils d'\u00e9clairage \u00e0 LED sur le march\u00e9 comprennent principalement les types de produits suivants : Lampe de rue \u00e0 module haute puissance \u00e0 LED, spot \u00e0 LED, coupelle de lampe \u00e0 LED, support de lampe \u00e0 LED, bande de lampe \u00e0 LED, tube de lampe \u00e0 LED, lampe \u00e0 LED, bande de lampe \u00e0 LED, guirlande de lampe \u00e0 LED, ampoule \u00e0 LED, perle de lampe \u00e0 LED, m\u00e8che \u00e0 LED, puce \u00e0 LED, downlight \u00e0 LED, lampe \u00e0 bougie \u00e0 LED, lampe \u00e9toil\u00e9e \u00e0 LED, lampes \u00e0 induction LE D, lampes \u00e0 LED de faible puissance, lampes \u00e0 LED de forte puissance, lampes \u00e0 LED de forte puissance \u00e0 \u00e9conomie d'\u00e9nergie, lampes \u00e0 LED pour pluie de m\u00e9t\u00e9ores, lampes \u00e0 LED pour la purification de l'air, lampes \u00e0 LED \u00e0 commande vocale, lampes plates \u00e0 LED, lampes tactiles \u00e0 LED, \u00e9clairage \u00e0 semi-conducteurs \u00e0 LED, lampes \u00e0 LED de forte puissance pour le ciel, lampes \u00e0 LED antid\u00e9flagrantes, \u00e9cran tubulaire \u00e0 LED, lampes antid\u00e9flagrantes et anti-poussi\u00e8re \u00e0 LED, lampe antid\u00e9flagrante \u00e0 semi-conducteurs sans entretien \u00e0 LED, lentille de lampe fluorescente \u00e0 LED, projecteur antid\u00e9flagrant \u00e0 LED, lampe haute puissance \u00e0 LED, lampe fluorescente \u00e0 LED, TV \u00e0 LED, r\u00e9tro\u00e9clairage \u00e0 LED, \u00e9clairage de voiture \u00e0 LED, \u00e9clairage d'appoint \u00e0 LED, Lampe de poche puissante \u00e0 LED, projecteur \u00e0 LED, lampe de courage \u00e0 LED, lampe de ma\u00efs \u00e0 LED, lampe enterr\u00e9e \u00e0 LED, lampe d'armoire \u00e0 LED, lampe de sc\u00e8ne \u00e0 LED, lampe d'atelier \u00e0 LED, lampe de tour \u00e0 LED, lampe de dent \u00e0 LED, lampe de chariot de mine \u00e0 LED, lampe plate antid\u00e9flagrante \u00e0 LED, lampe de tunnel \u00e0 LED, autres produits de classification \u00e0 LED.<\/p>\n<\/div>\n<\/div>\n\n\n\n<h1 class=\"wp-block-heading\">Connaissance de la lumi\u00e8re LED<\/h1>\n\n\n\n<ul class=\"wp-block-list\">\n<li class=\"has-large-font-size\"><strong><a href=\"https:\/\/led.amasly.com\/fr\/explosion-proof-products-knowledge\/how-many-hours-can-led-lights-stay-on-\uff1f\/\">Combien d'heures les lampes LED peuvent-elles rester allum\u00e9es ?<\/a><\/strong><\/li>\n<\/ul>\n\n\n\n<ul class=\"wp-block-list\">\n<li class=\"has-large-font-size\"><strong><a href=\"https:\/\/led.amasly.com\/fr\/explosion-proof-products-knowledge\/is-it-ok-to-sleep-next-to-led-lights\/\">Peut-on dormir \u00e0 c\u00f4t\u00e9 d'une lampe LED ?<\/a><\/strong><\/li>\n<\/ul>\n\n\n\n<ul class=\"wp-block-list\">\n<li class=\"has-large-font-size\"><strong><a href=\"https:\/\/led.amasly.com\/fr\/explosion-proof-products-knowledge\/is-it-okay-to-use-led-light-everyday\/\">Peut-on utiliser la lumi\u00e8re LED tous les jours ?<\/a><\/strong><\/li>\n<\/ul>\n\n\n\n<ul class=\"wp-block-list\">\n<li class=\"has-large-font-size\"><strong><a href=\"https:\/\/led.amasly.com\/fr\/explosion-proof-products-knowledge\/do-led-lights-have-any-effect-on-human-health\/\">Les lampes LED ont-elles un effet sur la sant\u00e9 humaine ?<\/a><\/strong><\/li>\n\n\n\n<li class=\"has-large-font-size\"><strong><a href=\"https:\/\/led.amasly.com\/fr\/led-light-knowledge\/what-is-power-factor-led-lighting-power-factor-key-information\/\">Qu'est-ce que le facteur de puissance ? Informations cl\u00e9s sur le facteur de puissance de l'\u00e9clairage LED<\/a><\/strong><\/li>\n\n\n\n<li class=\"has-large-font-size\"><strong><a href=\"https:\/\/led.amasly.com\/fr\/led-light-knowledge\/how-much-do-street-lights-cost-factors-affecting-the-price-of-street-lights\/\">Quel est le co\u00fbt de l'\u00e9clairage public ? Facteurs influen\u00e7ant le prix des lampadaires<\/a><\/strong><\/li>\n<\/ul>\n\n\n\n<ul class=\"wp-block-list\">\n<li class=\"has-large-font-size\"><strong><a href=\"https:\/\/led.amasly.com\/fr\/explosion-proof-products-knowledge\/is-it-safe-to-let-led-lights-on-all-night\/\">Est-il prudent de laisser les lumi\u00e8res LED allum\u00e9es toute la nuit ?<\/a><\/strong><\/li>\n<\/ul>\n\n\n\n<ul class=\"wp-block-list\">\n<li class=\"has-large-font-size\"><strong><a href=\"https:\/\/led.amasly.com\/fr\/led-light-knowledge\/what-are-the-common-quality-problems-of-led-street-lights\/\">Quels sont les probl\u00e8mes de qualit\u00e9 les plus courants des lampadaires \u00e0 LED ?<\/a><\/strong><\/li>\n\n\n\n<li class=\"has-large-font-size\"><strong><a href=\"https:\/\/led.amasly.com\/fr\/led-light-knowledge\/the-critical-role-of-lighting-in-healthcare-organizationsis\/\">Le r\u00f4le essentiel de l'\u00e9clairage dans les \u00e9tablissements de sant\u00e9<\/a><\/strong><\/li>\n\n\n\n<li class=\"has-large-font-size\"><strong><a href=\"https:\/\/led.amasly.com\/fr\/led-light-knowledge\/which-color-led-light-is-best-for-sleeping\/\">Quelle est la meilleure couleur de lampe LED pour dormir ?<\/a><\/strong><\/li>\n<\/ul>\n\n\n\n<ul class=\"wp-block-list\">\n<li class=\"has-large-font-size\"><strong><a href=\"https:\/\/led.amasly.com\/fr\/led-light-knowledge\/led-lights-do-not-light-up-common-causes-and-solutions\/\">Les lampes LED ne s'allument pas ? Causes courantes et solutions<\/a><\/strong><\/li>\n<\/ul>\n\n\n\n<ul class=\"wp-block-list\">\n<li class=\"has-large-font-size\"><strong><a href=\"https:\/\/led.amasly.com\/fr\/led-light-knowledge\/what-is-the-difference-between-dimmable-and-non-dimmable-led-lights\/\">Quelle est la diff\u00e9rence entre les ampoules LED gradables et non gradables ?<\/a><\/strong><\/li>\n\n\n\n<li class=\"has-large-font-size\"><strong><a href=\"https:\/\/led.amasly.com\/fr\/led-light-knowledge\/how-long-do-led-lights-lifespan\/\">Quelle est la dur\u00e9e de vie des lampes LED ?<\/a><\/strong><\/li>\n\n\n\n<li class=\"has-large-font-size\"><strong><a href=\"https:\/\/led.amasly.com\/fr\/led-light-knowledge\/performance-of-led-lamps-and-their-requirements\/\">Performance des lampes LED et leurs exigences<\/a><\/strong><\/li>\n<\/ul>\n\n\n\n<ul class=\"wp-block-list\">\n<li class=\"has-large-font-size\"><strong><a href=\"https:\/\/led.amasly.com\/fr\/led-light-knowledge\/60-watt-vs-100-watt-lamps-whats-the-difference-and-which-is-better\/\">Lampes de 60 watts ou de 100 watts : quelle est la diff\u00e9rence et quelle est la meilleure solution ?<\/a><\/strong><\/li>\n\n\n\n<li class=\"has-large-font-size\"><strong><a href=\"https:\/\/led.amasly.com\/fr\/led-light-knowledge\/what-is-led-color-temperature-how-to-choose-between-3000k-4000k-and-5000k\/\">Qu'est-ce que la temp\u00e9rature de couleur des LED ? Comment choisir entre 3000K, 4000K et 5000K ?<\/a><\/strong><\/li>\n\n\n\n<li class=\"has-large-font-size\"><strong><strong><a href=\"https:\/\/led.amasly.com\/fr\/knowledge\/led-light-knowledge\/are-led-lights-safe-seven-common-misconceptions\/\">Les lampes LED sont-elles s\u00fbres ? Sept id\u00e9es re\u00e7ues<\/a><\/strong><\/strong><\/li>\n<\/ul>\n\n\n\n<div class=\"wp-block-uagb-container uagb-block-2f7a90f6 alignfull uagb-is-root-container\"><div class=\"uagb-container-inner-blocks-wrap\">\n<div class=\"wp-block-uagb-info-box uagb-block-8b5cd174 uagb-infobox__content-wrap  uagb-infobox-icon-above-title uagb-infobox-image-valign-top wp-block-uagb-info-box--has-margin\"><div class=\"uagb-infobox-margin-wrapper\"><div class=\"uagb-ifb-content\"><div class=\"uagb-ifb-title-wrap\"><\/div><\/div><\/div><\/div>\n<\/div><\/div>\n\n\n\n<h2 class=\"wp-block-heading\">Produits apparent\u00e9s<\/h2>\n\n\n\n<div class=\"wp-block-uagb-container uagb-block-492a12c6 alignfull uagb-is-root-container\"><div class=\"uagb-container-inner-blocks-wrap\">\n<div class=\"wp-block-uagb-container uagb-block-489233b8\">\n<div class=\"wp-block-uagb-image uagb-block-f86481bd wp-block-uagb-image--layout-default wp-block-uagb-image--effect-static wp-block-uagb-image--align-none\"><figure class=\"wp-block-uagb-image__figure\"><a class=\"\" href=\"https:\/\/led.amasly.com\/fr\/products\/\" target=\"\" rel=\"noopener\"><img decoding=\"async\" srcset=\"https:\/\/led.amasly.com\/wp-content\/uploads\/2024\/09\/Explosion-proof-high-bay-lights.png ,https:\/\/led.amasly.com\/wp-content\/uploads\/2024\/09\/Explosion-proof-high-bay-lights.png 780w, https:\/\/led.amasly.com\/wp-content\/uploads\/2024\/09\/Explosion-proof-high-bay-lights.png 360w\" sizes=\"auto, (max-width: 480px) 150px\" src=\"https:\/\/led.amasly.com\/wp-content\/uploads\/2024\/09\/Explosion-proof-high-bay-lights.png\" alt=\"\" class=\"uag-image-1495\" width=\"300\" height=\"300\" title=\"Lampes \u00e0 grande hauteur antid\u00e9flagrantes\" loading=\"lazy\" role=\"img\"><\/a><\/figure><\/div>\n<\/div>\n\n\n\n<div class=\"wp-block-uagb-container uagb-block-41faa083\">\n<div class=\"wp-block-uagb-image uagb-block-f71a09a9 wp-block-uagb-image--layout-default wp-block-uagb-image--effect-static wp-block-uagb-image--align-none\"><figure class=\"wp-block-uagb-image__figure\"><a class=\"\" href=\"https:\/\/led.amasly.com\/fr\/products\/\" target=\"\" rel=\"noopener\"><img decoding=\"async\" srcset=\"https:\/\/led.amasly.com\/wp-content\/uploads\/2024\/08\/Explosion-proof-flood-light.png ,https:\/\/led.amasly.com\/wp-content\/uploads\/2024\/08\/Explosion-proof-flood-light.png 780w, https:\/\/led.amasly.com\/wp-content\/uploads\/2024\/08\/Explosion-proof-flood-light.png 360w\" sizes=\"auto, (max-width: 480px) 150px\" src=\"https:\/\/led.amasly.com\/wp-content\/uploads\/2024\/08\/Explosion-proof-flood-light.png\" alt=\"\" class=\"uag-image-1482\" width=\"300\" height=\"300\" title=\"Eclairage antid\u00e9flagrant\" loading=\"lazy\" role=\"img\"><\/a><\/figure><\/div>\n<\/div>\n\n\n\n<div class=\"wp-block-uagb-container uagb-block-85cfaedc\">\n<div class=\"wp-block-uagb-image uagb-block-21b5cff7 wp-block-uagb-image--layout-default wp-block-uagb-image--effect-static wp-block-uagb-image--align-none\"><figure class=\"wp-block-uagb-image__figure\"><a class=\"\" href=\"https:\/\/led.amasly.com\/fr\/products\/\" target=\"\" rel=\"noopener\"><img decoding=\"async\" srcset=\"https:\/\/led.amasly.com\/wp-content\/uploads\/2025\/01\/1.jpg ,https:\/\/led.amasly.com\/wp-content\/uploads\/2025\/01\/1.jpg 780w, https:\/\/led.amasly.com\/wp-content\/uploads\/2025\/01\/1.jpg 360w\" sizes=\"auto, (max-width: 480px) 150px\" src=\"https:\/\/led.amasly.com\/wp-content\/uploads\/2025\/01\/1.jpg\" alt=\"\" class=\"uag-image-1686\" width=\"800\" height=\"800\" title=\"1\" loading=\"lazy\" role=\"img\"><\/a><\/figure><\/div>\n<\/div>\n\n\n\n<div class=\"wp-block-uagb-container uagb-block-26ed2c96\">\n<div class=\"wp-block-uagb-image uagb-block-74690288 wp-block-uagb-image--layout-default wp-block-uagb-image--effect-static wp-block-uagb-image--align-none\"><figure class=\"wp-block-uagb-image__figure\"><a class=\"\" href=\"https:\/\/led.amasly.com\/fr\/products\/\" target=\"\" rel=\"noopener\"><img decoding=\"async\" srcset=\"https:\/\/led.amasly.com\/wp-content\/uploads\/2024\/09\/LED-Explosion-Proof-Gas-Station-Light.png ,https:\/\/led.amasly.com\/wp-content\/uploads\/2024\/09\/LED-Explosion-Proof-Gas-Station-Light.png 780w, https:\/\/led.amasly.com\/wp-content\/uploads\/2024\/09\/LED-Explosion-Proof-Gas-Station-Light.png 360w\" sizes=\"auto, (max-width: 480px) 150px\" src=\"https:\/\/led.amasly.com\/wp-content\/uploads\/2024\/09\/LED-Explosion-Proof-Gas-Station-Light.png\" alt=\"\" class=\"uag-image-1501\" width=\"300\" height=\"300\" title=\"Lampe LED antid\u00e9flagrante pour station-service\" loading=\"lazy\" role=\"img\"><\/a><\/figure><\/div>\n<\/div>\n<\/div><\/div>\n\n\n\n<div class=\"wp-block-uagb-container uagb-block-7c7b1c72 alignfull uagb-is-root-container\"><div class=\"uagb-container-inner-blocks-wrap\">\n<div class=\"wp-block-uagb-container uagb-block-de40c4b5\">\n<h5 class=\"wp-block-heading has-text-align-center\"><a href=\"https:\/\/led.amasly.com\/fr\/products\/\">High Bay Light antid\u00e9flagrant<\/a><\/h5>\n<\/div>\n\n\n\n<div class=\"wp-block-uagb-container uagb-block-f38acbf0\">\n<h5 class=\"wp-block-heading has-text-align-center\"><a href=\"https:\/\/led.amasly.com\/fr\/products\/\">Projecteur antid\u00e9flagrant<\/a><\/h5>\n<\/div>\n\n\n\n<div class=\"wp-block-uagb-container uagb-block-2cdde923\">\n<h5 class=\"wp-block-heading has-text-align-center\"><a href=\"https:\/\/led.amasly.com\/fr\/products\/\">Luminaire antid\u00e9flagrant<\/a><\/h5>\n<\/div>\n\n\n\n<div class=\"wp-block-uagb-container uagb-block-4786d708\">\n<h5 class=\"wp-block-heading has-text-align-center\"><a href=\"https:\/\/led.amasly.com\/fr\/products\/\">Lampe de station-service antid\u00e9flagrante<\/a><\/h5>\n<\/div>\n<\/div><\/div>\n\n\n\n<div class=\"wp-block-uagb-container uagb-block-cb024e0e alignfull uagb-is-root-container\"><div class=\"uagb-container-inner-blocks-wrap\">\n<div class=\"wp-block-uagb-container uagb-block-af459a34\">\n<div class=\"wp-block-uagb-image uagb-block-b2e8e1b3 wp-block-uagb-image--layout-default wp-block-uagb-image--effect-static wp-block-uagb-image--align-none\"><figure class=\"wp-block-uagb-image__figure\"><a class=\"\" href=\"https:\/\/led.amasly.com\/fr\/products\/\" target=\"\" rel=\"noopener\"><img decoding=\"async\" srcset=\"https:\/\/led.amasly.com\/wp-content\/uploads\/2024\/10\/50W-100W-150W-200W-300W-LED-Flood-Light.jpg ,https:\/\/led.amasly.com\/wp-content\/uploads\/2024\/10\/50W-100W-150W-200W-300W-LED-Flood-Light.jpg 780w, https:\/\/led.amasly.com\/wp-content\/uploads\/2024\/10\/50W-100W-150W-200W-300W-LED-Flood-Light.jpg 360w\" sizes=\"auto, (max-width: 480px) 150px\" src=\"https:\/\/led.amasly.com\/wp-content\/uploads\/2024\/10\/50W-100W-150W-200W-300W-LED-Flood-Light.jpg\" alt=\"\" class=\"uag-image-1526\" width=\"300\" height=\"300\" title=\"50W 100W 150W 200W 300W LED Flood Light\" loading=\"lazy\" role=\"img\"><\/a><\/figure><\/div>\n<\/div>\n\n\n\n<div class=\"wp-block-uagb-container uagb-block-4b67c5ea\">\n<div class=\"wp-block-uagb-image uagb-block-9e04f065 wp-block-uagb-image--layout-default wp-block-uagb-image--effect-static wp-block-uagb-image--align-none\"><figure class=\"wp-block-uagb-image__figure\"><a class=\"\" href=\"https:\/\/led.amasly.com\/fr\/products\/\" target=\"\" rel=\"noopener\"><img decoding=\"async\" srcset=\"https:\/\/led.amasly.com\/wp-content\/uploads\/2024\/08\/2000W-LED-Stadium-Light.jpg ,https:\/\/led.amasly.com\/wp-content\/uploads\/2024\/08\/2000W-LED-Stadium-Light.jpg 780w, https:\/\/led.amasly.com\/wp-content\/uploads\/2024\/08\/2000W-LED-Stadium-Light.jpg 360w\" sizes=\"auto, (max-width: 480px) 150px\" src=\"https:\/\/led.amasly.com\/wp-content\/uploads\/2024\/08\/2000W-LED-Stadium-Light.jpg\" alt=\"\" class=\"uag-image-1473\" width=\"300\" height=\"300\" title=\"Eclairage de stade LED 2000W\" loading=\"lazy\" role=\"img\"><\/a><\/figure><\/div>\n<\/div>\n\n\n\n<div class=\"wp-block-uagb-container uagb-block-51e4eb1c\">\n<div class=\"wp-block-uagb-image uagb-block-6fd8bb55 wp-block-uagb-image--layout-default wp-block-uagb-image--effect-static wp-block-uagb-image--align-none\"><figure class=\"wp-block-uagb-image__figure\"><a class=\"\" href=\"https:\/\/led.amasly.com\/fr\/products\/\" target=\"\" rel=\"noopener\"><img decoding=\"async\" srcset=\"https:\/\/led.amasly.com\/wp-content\/uploads\/2024\/07\/high-bay-light.jpg ,https:\/\/led.amasly.com\/wp-content\/uploads\/2024\/07\/high-bay-light.jpg 780w, https:\/\/led.amasly.com\/wp-content\/uploads\/2024\/07\/high-bay-light.jpg 360w\" sizes=\"auto, (max-width: 480px) 150px\" src=\"https:\/\/led.amasly.com\/wp-content\/uploads\/2024\/07\/high-bay-light.jpg\" alt=\"\" class=\"uag-image-1134\" width=\"800\" height=\"800\" title=\"lumi\u00e8re en hauteur\" loading=\"lazy\" role=\"img\"><\/a><\/figure><\/div>\n<\/div>\n\n\n\n<div class=\"wp-block-uagb-container uagb-block-d8b9b3c2\">\n<div class=\"wp-block-uagb-image uagb-block-b794b600 wp-block-uagb-image--layout-default wp-block-uagb-image--effect-static wp-block-uagb-image--align-none\"><figure class=\"wp-block-uagb-image__figure\"><a class=\"\" href=\"https:\/\/led.amasly.com\/fr\/products\/\" target=\"\" rel=\"noopener\"><img decoding=\"async\" srcset=\"https:\/\/led.amasly.com\/wp-content\/uploads\/2024\/07\/LED-street-light.jpg ,https:\/\/led.amasly.com\/wp-content\/uploads\/2024\/07\/LED-street-light.jpg 780w, https:\/\/led.amasly.com\/wp-content\/uploads\/2024\/07\/LED-street-light.jpg 360w\" sizes=\"auto, (max-width: 480px) 150px\" src=\"https:\/\/led.amasly.com\/wp-content\/uploads\/2024\/07\/LED-street-light.jpg\" alt=\"\" class=\"uag-image-1145\" width=\"300\" height=\"300\" title=\"Eclairage de rue LED\" loading=\"lazy\" role=\"img\"><\/a><\/figure><\/div>\n<\/div>\n<\/div><\/div>\n\n\n\n<div class=\"wp-block-uagb-container uagb-block-b852371c alignfull uagb-is-root-container\"><div class=\"uagb-container-inner-blocks-wrap\">\n<div class=\"wp-block-uagb-container uagb-block-27e46e5d\">\n<h5 class=\"wp-block-heading has-text-align-center\"><a href=\"https:\/\/led.amasly.com\/fr\/products\/\">Feu de croisement \u00e0 LED<\/a><\/h5>\n<\/div>\n\n\n\n<div class=\"wp-block-uagb-container uagb-block-347094b5\">\n<h5 class=\"wp-block-heading has-text-align-center\"><a href=\"https:\/\/led.amasly.com\/fr\/products\/\">Lumi\u00e8re de stade LED<\/a><\/h5>\n<\/div>\n\n\n\n<div class=\"wp-block-uagb-container uagb-block-bbddcbbe\">\n<h5 class=\"wp-block-heading has-text-align-center\"><a href=\"https:\/\/led.amasly.com\/fr\/products\/\">Eclairage LED High Bay<\/a><\/h5>\n<\/div>\n\n\n\n<div class=\"wp-block-uagb-container uagb-block-5eb607f2\">\n<h5 class=\"wp-block-heading has-text-align-center\"><a href=\"https:\/\/led.amasly.com\/fr\/products\/\">\u00c9clairage de rue LED<\/a><\/h5>\n<\/div>\n<\/div><\/div>\n\n\n\n<div class=\"wp-block-uagb-container uagb-block-69eeacf9 alignfull uagb-is-root-container\"><div class=\"uagb-container-inner-blocks-wrap\">\n<div class=\"wp-block-uagb-info-box uagb-block-2763a303 uagb-infobox__content-wrap  uagb-infobox-icon-above-title uagb-infobox-image-valign-top wp-block-uagb-info-box--has-margin\"><div class=\"uagb-infobox-margin-wrapper\"><div class=\"uagb-ifb-content\"><div class=\"uagb-ifb-title-wrap\"><\/div><\/div><\/div><\/div>\n<\/div><\/div>","protected":false},"excerpt":{"rendered":"<p>LED light is an electroluminescent semiconductor material chip, solidified to the bracket with silver glue or white glue, and then connected to the chip and circuit board with silver or gold wire, sealed around with epoxy resin to protect the internal core wire, and finally installed the shell, so the LED light has good seismic [&hellip;]<\/p>\n","protected":false},"author":1,"featured_media":0,"parent":2370,"menu_order":0,"comment_status":"closed","ping_status":"closed","template":"","meta":{"_uag_custom_page_level_css":"","site-sidebar-layout":"no-sidebar","site-content-layout":"","ast-site-content-layout":"default","site-content-style":"default","site-sidebar-style":"default","ast-global-header-display":"","ast-banner-title-visibility":"","ast-main-header-display":"","ast-hfb-above-header-display":"","ast-hfb-below-header-display":"","ast-hfb-mobile-header-display":"","site-post-title":"disabled","ast-breadcrumbs-content":"","ast-featured-img":"","footer-sml-layout":"","ast-disable-related-posts":"","theme-transparent-header-meta":"enabled","adv-header-id-meta":"","stick-header-meta":"","header-above-stick-meta":"","header-main-stick-meta":"","header-below-stick-meta":"","astra-migrate-meta-layouts":"set","ast-page-background-enabled":"default","ast-page-background-meta":{"desktop":{"background-color":"var(--ast-global-color-4)","background-image":"","background-repeat":"repeat","background-position":"center center","background-size":"auto","background-attachment":"scroll","background-type":"","background-media":"","overlay-type":"","overlay-color":"","overlay-opacity":"","overlay-gradient":""},"tablet":{"background-color":"","background-image":"","background-repeat":"repeat","background-position":"center center","background-size":"auto","background-attachment":"scroll","background-type":"","background-media":"","overlay-type":"","overlay-color":"","overlay-opacity":"","overlay-gradient":""},"mobile":{"background-color":"","background-image":"","background-repeat":"repeat","background-position":"center center","background-size":"auto","background-attachment":"scroll","background-type":"","background-media":"","overlay-type":"","overlay-color":"","overlay-opacity":"","overlay-gradient":""}},"ast-content-background-meta":{"desktop":{"background-color":"var(--ast-global-color-5)","background-image":"","background-repeat":"repeat","background-position":"center center","background-size":"auto","background-attachment":"scroll","background-type":"","background-media":"","overlay-type":"","overlay-color":"","overlay-opacity":"","overlay-gradient":""},"tablet":{"background-color":"var(--ast-global-color-5)","background-image":"","background-repeat":"repeat","background-position":"center center","background-size":"auto","background-attachment":"scroll","background-type":"","background-media":"","overlay-type":"","overlay-color":"","overlay-opacity":"","overlay-gradient":""},"mobile":{"background-color":"var(--ast-global-color-5)","background-image":"","background-repeat":"repeat","background-position":"center center","background-size":"auto","background-attachment":"scroll","background-type":"","background-media":"","overlay-type":"","overlay-color":"","overlay-opacity":"","overlay-gradient":""}},"footnotes":""},"class_list":["post-2984","page","type-page","status-publish","hentry"],"uagb_featured_image_src":{"full":false,"thumbnail":false,"medium":false,"medium_large":false,"large":false,"1536x1536":false,"2048x2048":false,"trp-custom-language-flag":false},"uagb_author_info":{"display_name":"Joe","author_link":"https:\/\/led.amasly.com\/fr\/author\/jacklin\/"},"uagb_comment_info":0,"uagb_excerpt":"LED light is an electroluminescent semiconductor material chip, solidified to the bracket with silver glue or white glue, and then connected to the chip and circuit board with silver or gold wire, sealed around with epoxy resin to protect the internal core wire, and finally installed the shell, so the LED light has good seismic\u2026","_links":{"self":[{"href":"https:\/\/led.amasly.com\/fr\/wp-json\/wp\/v2\/pages\/2984","targetHints":{"allow":["GET"]}}],"collection":[{"href":"https:\/\/led.amasly.com\/fr\/wp-json\/wp\/v2\/pages"}],"about":[{"href":"https:\/\/led.amasly.com\/fr\/wp-json\/wp\/v2\/types\/page"}],"author":[{"embeddable":true,"href":"https:\/\/led.amasly.com\/fr\/wp-json\/wp\/v2\/users\/1"}],"replies":[{"embeddable":true,"href":"https:\/\/led.amasly.com\/fr\/wp-json\/wp\/v2\/comments?post=2984"}],"version-history":[{"count":7,"href":"https:\/\/led.amasly.com\/fr\/wp-json\/wp\/v2\/pages\/2984\/revisions"}],"predecessor-version":[{"id":4185,"href":"https:\/\/led.amasly.com\/fr\/wp-json\/wp\/v2\/pages\/2984\/revisions\/4185"}],"up":[{"embeddable":true,"href":"https:\/\/led.amasly.com\/fr\/wp-json\/wp\/v2\/pages\/2370"}],"wp:attachment":[{"href":"https:\/\/led.amasly.com\/fr\/wp-json\/wp\/v2\/media?parent=2984"}],"curies":[{"name":"wp","href":"https:\/\/api.w.org\/{rel}","templated":true}]}}