{"id":2407,"date":"2025-03-09T19:25:01","date_gmt":"2025-03-09T11:25:01","guid":{"rendered":"https:\/\/led.amasly.com\/?page_id=2407"},"modified":"2026-01-18T20:20:42","modified_gmt":"2026-01-18T12:20:42","slug":"explosion-proof-bell-2","status":"publish","type":"page","link":"https:\/\/led.amasly.com\/fr\/products\/ex-proof-electrical-appliance\/explosion-proof-bell-2\/","title":{"rendered":"Cloche antid\u00e9flagrante"},"content":{"rendered":"<h2 class=\"wp-block-heading\"><\/h2>\n\n\n\n<p><\/p>\n\n\n\n<h2 class=\"wp-block-heading\"><\/h2>\n\n\n\n<h2 class=\"wp-block-heading\"><\/h2>\n\n\n\n<p><\/p>\n\n\n\n<div class=\"wp-block-uagb-container uagb-block-e407eb08 alignfull uagb-is-root-container\"><div class=\"uagb-container-inner-blocks-wrap\">\n<div class=\"wp-block-uagb-info-box uagb-block-7c0a134c uagb-infobox__content-wrap  uagb-infobox-icon-above-title uagb-infobox-image-valign-top wp-block-uagb-info-box--has-margin\"><div class=\"uagb-infobox-margin-wrapper\"><div class=\"uagb-ifb-content\"><div class=\"uagb-ifb-title-wrap\"><\/div><\/div><\/div><\/div>\n<\/div><\/div>\n\n\n\n<p><\/p>\n\n\n\n<p><\/p>\n\n\n\n<h2 class=\"wp-block-heading\"><\/h2>\n\n\n\n<h1 class=\"wp-block-heading has-text-align-center\">Cloche antid\u00e9flagrante Alarme antid\u00e9flagrante<\/h1>\n\n\n\n<figure class=\"wp-block-image aligncenter size-full\"><img decoding=\"async\" width=\"300\" height=\"300\" src=\"https:\/\/led.amasly.com\/wp-content\/uploads\/2025\/01\/Explosion-proof-bell.jpg\" alt=\"Explosion proof bell\" class=\"wp-image-1779\" title=\"\" srcset=\"https:\/\/led.amasly.com\/wp-content\/uploads\/2025\/01\/Explosion-proof-bell.jpg 300w, https:\/\/led.amasly.com\/wp-content\/uploads\/2025\/01\/Explosion-proof-bell-150x150.jpg 150w\" sizes=\"(max-width: 300px) 100vw, 300px\" \/><figcaption class=\"wp-element-caption\">Cloche antid\u00e9flagrante<\/figcaption><\/figure>\n\n\n\n<div class=\"wp-block-uagb-container uagb-block-5d28ec94 default uagb-is-root-container\">\n<div class=\"wp-block-uagb-container uagb-block-462981e6\">\n<div class=\"wp-block-uagb-container uagb-block-6f08c8e4 alignfull uagb-is-root-container\"><div class=\"uagb-container-inner-blocks-wrap\">\n<div class=\"wp-block-uagb-container uagb-block-b229cb92\">\n<h3 class=\"wp-block-heading\">Contenu<\/h3>\n\n\n\n<div class=\"wp-block-buttons is-layout-flex wp-container-core-buttons-is-layout-45b20515 wp-block-buttons-is-layout-flex\">\n<div class=\"wp-block-button\"><a class=\"wp-block-button__link wp-element-button\" href=\"https:\/\/led.amasly.com\/fr\/products\/explosion-proof-lights\/\">Lampes antid\u00e9flagrantes<\/a><\/div>\n\n\n\n<div class=\"wp-block-button is-style-fill\"><a class=\"wp-block-button__link wp-element-button\" href=\"https:\/\/led.amasly.com\/fr\/products\/ex-proof-electrical-appliance\/\">Appareil \u00e9lectrique antid\u00e9flagrant<\/a><\/div>\n\n\n\n<div class=\"wp-block-button\"><a class=\"wp-block-button__link wp-element-button\" href=\"https:\/\/led.amasly.com\/fr\/products\/led-tri-proof-light-2\/\">Lampe de s\u00e9curit\u00e9 LED<\/a><\/div>\n\n\n\n<div class=\"wp-block-button\"><a class=\"wp-block-button__link wp-element-button\" href=\"https:\/\/led.amasly.com\/fr\/products\/led-high-bay-light\/\">Eclairage LED High Bay<\/a><\/div>\n\n\n\n<div class=\"wp-block-button\"><a class=\"wp-block-button__link wp-element-button\" href=\"https:\/\/led.amasly.com\/fr\/products\/led-flood-lights\/\">Feu de croisement \u00e0 LED<\/a><\/div>\n\n\n\n<div class=\"wp-block-button\"><a class=\"wp-block-button__link wp-element-button\" href=\"https:\/\/led.amasly.com\/fr\/products\/led-street-lights\/\">Lampes de rue LED<\/a><\/div>\n\n\n\n<div class=\"wp-block-button\"><a class=\"wp-block-button__link wp-element-button\" href=\"https:\/\/led.amasly.com\/fr\/products\/solar-lights\/\">Lampe solaire LED<\/a><\/div>\n<\/div>\n\n\n\n<h4 class=\"wp-block-heading\"><\/h4>\n\n\n\n<h4 class=\"wp-block-heading\">Contact<\/h4>\n\n\n\n<ul class=\"wp-block-list\">\n<li>Courriel : sales01@amasly.com<strong> <\/strong>      <\/li>\n\n\n\n<li>Mobile :<strong> <\/strong>+86 13732643699                   <\/li>\n<\/ul>\n<\/div>\n\n\n\n<div class=\"wp-block-columns is-layout-flex wp-container-core-columns-is-layout-28f84493 wp-block-columns-is-layout-flex\">\n<div class=\"wp-block-column is-layout-flow wp-block-column-is-layout-flow\" style=\"flex-basis:100%\">\n<div class=\"wp-block-uagb-container uagb-block-064256a4\">\n<div class=\"wp-block-columns is-layout-flex wp-container-core-columns-is-layout-28f84493 wp-block-columns-is-layout-flex\">\n<div class=\"wp-block-column is-layout-flow wp-block-column-is-layout-flow\" style=\"flex-basis:100%\">\n<p>Lorsqu'un accident ou un incendie se produit sur le site de production, le signal de commande envoy\u00e9 par le contr\u00f4leur d'alarme incendie active le circuit d'alarme et \u00e9met un signal d'alarme acoustique pour compl\u00e9ter l'alarme. Il peut \u00e9galement \u00eatre utilis\u00e9 avec un bouton d'alarme manuel pour r\u00e9aliser une simple alarme sonore. Structure raisonnable, esth\u00e9tique, performances fiables, facilit\u00e9 d'installation, c'est un dispositif d'alarme incendie tr\u00e8s fiable et dot\u00e9 d'une forte capacit\u00e9 anti-interf\u00e9rence.<\/p>\n\n\n\n<h2 class=\"wp-block-heading\"><strong>Cloche antid\u00e9flagrante Caract\u00e9ristiques du produit :<\/strong><\/h2>\n\n\n\n<p>\u25c6 Applicable aux lieux dangereux de la zone 1 et de la zone 2 ;<\/p>\n\n\n\n<p>\u25c6 Applicable \u00e0 la classe IIA, IIB, groupe de temp\u00e9rature T1 ~ T4 environnement gazeux explosif.<\/p>\n\n\n\n<p>\u25c6 La coque est en alliage d'aluminium moul\u00e9, et la surface est trait\u00e9e par pulv\u00e9risation \u00e9lectrostatique \u00e0 haute pression.<\/p>\n\n\n\n<p>\u25c6 La surface de la cloche est recouverte de bronze au b\u00e9ryllium, qui ne produit pas d'\u00e9tincelles lorsque l'on frappe ;<\/p>\n\n\n\n<p>\u25c6 Structure compacte, belle apparence, installation et maintenance faciles pour les utilisateurs.<\/p>\n\n\n\n<p>\u25c6 Conduite en acier ou c\u00e2blage.<\/p>\n\n\n\n<h2 class=\"wp-block-heading\"><strong>Cloche antid\u00e9flagrante<\/strong> <strong>Param\u00e8tres techniques :<\/strong><\/h2>\n\n\n\n<p>Norme d'ex\u00e9cution : IEC60079<\/p>\n\n\n\n<p>Symbole antid\u00e9flagrant : <a href=\"http:\/\/www.iecex-certs.com\/\" rel=\"nofollow noopener\" target=\"_blank\">Ex d IIB T6 Gb<\/a><\/p>\n\n\n\n<p>Tension nominale : AC : 220V, 110V, 36V<\/p>\n\n\n\n<p>DC:220V,110V,36V,24V<\/p>\n\n\n\n<p>Puissance : \u226420W<\/p>\n\n\n\n<p>Diam\u00e8tre du couvercle de la cloche : 125 mm<\/p>\n\n\n\n<p>Intensit\u00e9 \u00e0 effet unique : \u226575dB<\/p>\n\n\n\n<p>Degr\u00e9 de protection : IP54<\/p>\n\n\n\n<p>Grade anti-corrosion : WF1<\/p>\n\n\n\n<p>Sp\u00e9cification de l'entr\u00e9e : G3\/4\u2032<\/p>\n\n\n\n<p>Sp\u00e9cification du c\u00e2ble : \u03a69mm~\u03a614mm<\/p>\n<\/div>\n<\/div>\n<\/div>\n<\/div>\n<\/div>\n<\/div><\/div>\n<\/div>\n<\/div>\n\n\n\n<h2 class=\"wp-block-heading\"><strong>FAQ sur la lumi\u00e8re d'Amasly<\/strong><\/h2>\n\n\n\n<p><strong>Q1. Puis-je avoir une commande d'\u00e9chantillons pour la lumi\u00e8re LED ?<\/strong><strong><\/strong><\/p>\n\n\n\n<p>R : Oui, nous acceptons les commandes d'\u00e9chantillons pour tester et v\u00e9rifier la qualit\u00e9. Les \u00e9chantillons mixtes sont accept\u00e9s.<\/p>\n\n\n\n<p><strong>Q2 : Qu'en est-il du d\u00e9lai d'ex\u00e9cution ?<\/strong><strong><\/strong><\/p>\n\n\n\n<p>R : Il faut compter 3 \u00e0 5 jours pour l'\u00e9chantillonnage et 1 \u00e0 2 semaines pour la production de masse.<\/p>\n\n\n\n<p><strong>Q3. Avez-vous une limite de quantit\u00e9 pour les commandes de lampes \u00e0 DEL ?<\/strong><strong><\/strong><\/p>\n\n\n\n<p>R : Faible MOQ 1pc pour v\u00e9rification de l'\u00e9chantillon est disponible.<\/p>\n\n\n\n<p><strong>Q4. Comment exp\u00e9diez-vous les marchandises et combien de temps faut-il pour qu'elles arrivent \u00e0 destination ?<\/strong><strong><\/strong><\/p>\n\n\n\n<p>R : Nous exp\u00e9dions g\u00e9n\u00e9ralement par <a href=\"https:\/\/www.dhl.com\" rel=\"nofollow noopener\" target=\"_blank\">DHL<\/a>, UPS, FedEx ou TNT. Le d\u00e9lai de livraison est g\u00e9n\u00e9ralement de 3 \u00e0 5 jours. Le transport a\u00e9rien et maritime est \u00e9galement possible.<\/p>\n\n\n\n<p><strong>Q5. Comment proc\u00e9der \u00e0 une commande de lumi\u00e8re LED ?<\/strong><strong><\/strong><\/p>\n\n\n\n<p>A :<\/p>\n\n\n\n<p>Faites-nous d'abord part de vos besoins ou de votre demande.<\/p>\n\n\n\n<p>Deuxi\u00e8mement, nous \u00e9tablissons des devis en fonction de vos exigences ou de nos suggestions.<\/p>\n\n\n\n<p>Troisi\u00e8mement, le client confirme les \u00e9chantillons et verse un acompte pour la commande officielle.<\/p>\n\n\n\n<p>Quatri\u00e8mement, nous organisons la production.<\/p>\n\n\n\n<p><strong>Q6. Est-il possible d'imprimer mon <\/strong><strong>LOGO<\/strong><strong>&nbsp;sur led light product ?<\/strong><strong><\/strong><\/p>\n\n\n\n<p>R : Oui, veuillez nous informer formellement avant la production et nous confirmer la conception d'abord sur la base de notre \u00e9chantillon.<\/p>\n\n\n\n<p><strong>Q7 : Offrez-vous une garantie pour vos produits ?<\/strong><strong><\/strong><\/p>\n\n\n\n<p>R : Oui, nous offrons une garantie de 2 \u00e0 5 ans sur nos produits.<\/p>\n\n\n\n<p><strong>Q8 : Comment traiter les d\u00e9fauts ?<\/strong><strong><\/strong><\/p>\n\n\n\n<p>A :<\/p>\n\n\n\n<p>Premi\u00e8rement, nos produits sont soumis \u00e0 un syst\u00e8me de contr\u00f4le de qualit\u00e9 dinstrict et le taux de d\u00e9fectuosit\u00e9 est inf\u00e9rieur \u00e0 0,2%.<\/p>\n\n\n\n<p>Deuxi\u00e8mement, pendant la p\u00e9riode de garantie, nous fournirons des pi\u00e8ces pour remplacer la pi\u00e8ce d\u00e9fectueuse. Pour les commandes en gros, nous fournirons les pi\u00e8ces vuln\u00e9rables \u00e0 l'avance, ou nous pourrons discuter de solutions, y compris des rappels, en fonction de la situation r\u00e9elle.<\/p>\n\n\n\n<p><strong>Q9 : Peut-on fabriquer des lampes antid\u00e9flagrantes \u00e0 basse tension avec des tensions CA\/CC de 12V, 24V, 36V ou 48V ? <\/strong><\/p>\n\n\n\n<p>Amasly peut \u00eatre utilis\u00e9 comme lampe antid\u00e9flagrante basse tension et haute tension - AC\/DC 12V, 24V, 36V, 48V, AC 85-265V, AC 380V. <\/p>\n\n\n\n<p><strong>Q10 : Peut-on ajouter des piles d'urgence aux Explosion Poof Lights ? <\/strong><\/p>\n\n\n\n<p>La lampe antid\u00e9flagrante Amasly peut \u00eatre \u00e9quip\u00e9e de piles de secours au lithium. La dur\u00e9e de secours est de 90 minutes, 120 minutes ou 180 minutes. <\/p>\n\n\n\n<p><strong>Q11 : La lampe antid\u00e9flagrante Amasly peut-elle \u00eatre personnalis\u00e9e en tant que produit OEM ? <\/strong><\/p>\n\n\n\n<p>Les lampes antid\u00e9flagrantes d'Amasly peuvent \u00eatre personnalis\u00e9es en fonction des exigences du client, tant pour les lampes que pour les cartons d'emballage.<\/p>\n\n\n\n<h2 class=\"wp-block-heading\">Produits apparent\u00e9s<\/h2>\n\n\n\n<div class=\"wp-block-uagb-container uagb-block-66e4defc alignfull uagb-is-root-container\"><div class=\"uagb-container-inner-blocks-wrap\">\n<div class=\"wp-block-uagb-container uagb-block-a42945f9\">\n<div class=\"wp-block-uagb-image uagb-block-7296296b wp-block-uagb-image--layout-default wp-block-uagb-image--effect-static wp-block-uagb-image--align-none\"><figure class=\"wp-block-uagb-image__figure\"><a class=\"\" href=\"https:\/\/led.amasly.com\/fr\/products\/explosion-proof-lights\/\" target=\"\" rel=\"noopener\"><img decoding=\"async\" srcset=\"https:\/\/led.amasly.com\/wp-content\/uploads\/2024\/09\/Explosion-proof-high-bay-lights.png ,https:\/\/led.amasly.com\/wp-content\/uploads\/2024\/09\/Explosion-proof-high-bay-lights.png 780w, https:\/\/led.amasly.com\/wp-content\/uploads\/2024\/09\/Explosion-proof-high-bay-lights.png 360w\" sizes=\"auto, (max-width: 480px) 150px\" src=\"https:\/\/led.amasly.com\/wp-content\/uploads\/2024\/09\/Explosion-proof-high-bay-lights.png\" alt=\"\" class=\"uag-image-1495\" width=\"300\" height=\"300\" title=\"Lampes \u00e0 grande hauteur antid\u00e9flagrantes\" loading=\"lazy\" role=\"img\"><\/a><\/figure><\/div>\n<\/div>\n\n\n\n<div class=\"wp-block-uagb-container uagb-block-4d3efde5\">\n<div class=\"wp-block-uagb-image uagb-block-c9e90797 wp-block-uagb-image--layout-default wp-block-uagb-image--effect-static wp-block-uagb-image--align-none\"><figure class=\"wp-block-uagb-image__figure\"><a class=\"\" href=\"https:\/\/led.amasly.com\/fr\/products\/ex-proof-electrical-appliance\/\" target=\"\" rel=\"noopener\"><img decoding=\"async\" srcset=\"https:\/\/led.amasly.com\/wp-content\/uploads\/2025\/01\/Explosion-proof-axial-flow-fan.jpg ,https:\/\/led.amasly.com\/wp-content\/uploads\/2025\/01\/Explosion-proof-axial-flow-fan.jpg 780w, https:\/\/led.amasly.com\/wp-content\/uploads\/2025\/01\/Explosion-proof-axial-flow-fan.jpg 360w\" sizes=\"auto, (max-width: 480px) 150px\" src=\"https:\/\/led.amasly.com\/wp-content\/uploads\/2025\/01\/Explosion-proof-axial-flow-fan.jpg\" alt=\"Ex-Proof Electrical Appliance\" class=\"uag-image-1767\" width=\"300\" height=\"300\" title=\"Ventilateur axial antid\u00e9flagrant\" loading=\"lazy\" role=\"img\"\/><\/a><\/figure><\/div>\n<\/div>\n\n\n\n<div class=\"wp-block-uagb-container uagb-block-11c2578b\">\n<div class=\"wp-block-uagb-image uagb-block-6e8883aa wp-block-uagb-image--layout-default wp-block-uagb-image--effect-static wp-block-uagb-image--align-none\"><figure class=\"wp-block-uagb-image__figure\"><a class=\"\" href=\"https:\/\/led.amasly.com\/fr\/products\/explosion-proof-lights\/\" target=\"\" rel=\"noopener\"><img decoding=\"async\" srcset=\"https:\/\/led.amasly.com\/wp-content\/uploads\/2024\/09\/LED-Explosion-Proof-Gas-Station-Light.png ,https:\/\/led.amasly.com\/wp-content\/uploads\/2024\/09\/LED-Explosion-Proof-Gas-Station-Light.png 780w, https:\/\/led.amasly.com\/wp-content\/uploads\/2024\/09\/LED-Explosion-Proof-Gas-Station-Light.png 360w\" sizes=\"auto, (max-width: 480px) 150px\" src=\"https:\/\/led.amasly.com\/wp-content\/uploads\/2024\/09\/LED-Explosion-Proof-Gas-Station-Light.png\" alt=\"\" class=\"uag-image-1501\" width=\"300\" height=\"300\" title=\"Lampe LED antid\u00e9flagrante pour station-service\" loading=\"lazy\" role=\"img\"><\/a><\/figure><\/div>\n<\/div>\n<\/div><\/div>\n\n\n\n<div class=\"wp-block-uagb-container uagb-block-548945b5 alignfull uagb-is-root-container\"><div class=\"uagb-container-inner-blocks-wrap\">\n<div class=\"wp-block-uagb-container uagb-block-967755d5\">\n<h4 class=\"wp-block-heading has-text-align-center\"><a href=\"https:\/\/led.amasly.com\/fr\/products\/explosion-proof-lights\/\">Lampes LED antid\u00e9flagrantes<\/a><\/h4>\n<\/div>\n\n\n\n<div class=\"wp-block-uagb-container uagb-block-9bc52fc2\">\n<h4 class=\"wp-block-heading has-text-align-center\"><a href=\"https:\/\/led.amasly.com\/fr\/products\/ex-proof-electrical-appliance\/\">Appareils \u00e9lectriques \u00e0 l'\u00e9preuve des explosions<\/a><\/h4>\n<\/div>\n\n\n\n<div class=\"wp-block-uagb-container uagb-block-8ffa0a23\">\n<h4 class=\"wp-block-heading has-text-align-center\"><a href=\"https:\/\/led.amasly.com\/fr\/products\/explosion-proof-lights\/\">Lampes antid\u00e9flagrantes pour stations-service<\/a><\/h4>\n<\/div>\n<\/div><\/div>\n\n\n\n<div class=\"wp-block-uagb-container uagb-block-29499fe0 alignfull uagb-is-root-container\"><div class=\"uagb-container-inner-blocks-wrap\">\n<div class=\"wp-block-uagb-container uagb-block-777ee1c7\">\n<div class=\"wp-block-uagb-image uagb-block-2e9a1851 wp-block-uagb-image--layout-default wp-block-uagb-image--effect-static wp-block-uagb-image--align-none\"><figure class=\"wp-block-uagb-image__figure\"><a class=\"\" href=\"https:\/\/led.amasly.com\/fr\/products\/led-flood-lights\/\" target=\"\" rel=\"noopener\"><img decoding=\"async\" srcset=\"https:\/\/led.amasly.com\/wp-content\/uploads\/2024\/10\/50W-100W-150W-200W-300W-LED-Flood-Light.jpg ,https:\/\/led.amasly.com\/wp-content\/uploads\/2024\/10\/50W-100W-150W-200W-300W-LED-Flood-Light.jpg 780w, https:\/\/led.amasly.com\/wp-content\/uploads\/2024\/10\/50W-100W-150W-200W-300W-LED-Flood-Light.jpg 360w\" sizes=\"auto, (max-width: 480px) 150px\" src=\"https:\/\/led.amasly.com\/wp-content\/uploads\/2024\/10\/50W-100W-150W-200W-300W-LED-Flood-Light.jpg\" alt=\"\" class=\"uag-image-1526\" width=\"300\" height=\"300\" title=\"50W 100W 150W 200W 300W LED Flood Light\" loading=\"lazy\" role=\"img\"><\/a><\/figure><\/div>\n<\/div>\n\n\n\n<div class=\"wp-block-uagb-container uagb-block-af8c8683\">\n<div class=\"wp-block-uagb-image uagb-block-67947854 wp-block-uagb-image--layout-default wp-block-uagb-image--effect-static wp-block-uagb-image--align-none\"><figure class=\"wp-block-uagb-image__figure\"><a class=\"\" href=\"https:\/\/led.amasly.com\/fr\/products\/led-high-bay-light\/\" target=\"\" rel=\"noopener\"><img decoding=\"async\" srcset=\"https:\/\/led.amasly.com\/wp-content\/uploads\/2025\/05\/high-bay-light.webp ,https:\/\/led.amasly.com\/wp-content\/uploads\/2025\/05\/high-bay-light.webp 780w, https:\/\/led.amasly.com\/wp-content\/uploads\/2025\/05\/high-bay-light.webp 360w\" sizes=\"auto, (max-width: 480px) 150px\" src=\"https:\/\/led.amasly.com\/wp-content\/uploads\/2025\/05\/high-bay-light.webp\" alt=\"\" class=\"uag-image-3954\" width=\"300\" height=\"300\" title=\"\u00e9clairage en hauteur\" loading=\"lazy\" role=\"img\"><\/a><\/figure><\/div>\n<\/div>\n\n\n\n<div class=\"wp-block-uagb-container uagb-block-0fdfdd58\">\n<div class=\"wp-block-uagb-image uagb-block-1187d32d wp-block-uagb-image--layout-default wp-block-uagb-image--effect-static wp-block-uagb-image--align-none\"><figure class=\"wp-block-uagb-image__figure\"><a class=\"\" href=\"https:\/\/led.amasly.com\/fr\/products\/\" target=\"\" rel=\"noopener\"><img decoding=\"async\" srcset=\"https:\/\/led.amasly.com\/wp-content\/uploads\/2024\/07\/LED-street-light.jpg ,https:\/\/led.amasly.com\/wp-content\/uploads\/2024\/07\/LED-street-light.jpg 780w, https:\/\/led.amasly.com\/wp-content\/uploads\/2024\/07\/LED-street-light.jpg 360w\" sizes=\"auto, (max-width: 480px) 150px\" src=\"https:\/\/led.amasly.com\/wp-content\/uploads\/2024\/07\/LED-street-light.jpg\" alt=\"\" class=\"uag-image-1145\" width=\"300\" height=\"300\" title=\"Eclairage de rue LED\" loading=\"lazy\" role=\"img\"><\/a><\/figure><\/div>\n<\/div>\n<\/div><\/div>\n\n\n\n<div class=\"wp-block-uagb-container uagb-block-6a60882c alignfull uagb-is-root-container\"><div class=\"uagb-container-inner-blocks-wrap\">\n<div class=\"wp-block-uagb-container uagb-block-f1e91a35\">\n<h4 class=\"wp-block-heading has-text-align-center\"><a href=\"https:\/\/led.amasly.com\/fr\/products\/led-flood-lights\/\">Lampes de sol \u00e0 diodes \u00e9lectroluminescentes<\/a><\/h4>\n<\/div>\n\n\n\n<div class=\"wp-block-uagb-container uagb-block-165bfa58\">\n<h4 class=\"wp-block-heading has-text-align-center\"><a href=\"https:\/\/led.amasly.com\/fr\/products\/led-high-bay-light\/\">Lampes LED High Bay<\/a><\/h4>\n<\/div>\n\n\n\n<div class=\"wp-block-uagb-container uagb-block-f6096e3b\">\n<h4 class=\"wp-block-heading has-text-align-center\"><a href=\"https:\/\/led.amasly.com\/fr\/products\/https:\/\/led.amasly.com\/products\/led-street-lights\/\">Lampes de rue LED<\/a><\/h4>\n<\/div>\n<\/div><\/div>\n\n\n\n<div class=\"wp-block-uagb-container uagb-block-99c0e0a5 alignfull uagb-is-root-container\"><div class=\"uagb-container-inner-blocks-wrap\"><\/div><\/div>","protected":false},"excerpt":{"rendered":"<p>Explosion Proof bell Explosion Proof Alarm Content Contact When an accident or fire occurs in the production site, the control signal sent by the fire alarm controller will activate the alarm circuit and send out an acoustic alarm signal to complete the alarm purpose. It can also be used together with manual alarm button to [&hellip;]<\/p>\n","protected":false},"author":1,"featured_media":0,"parent":1168,"menu_order":3,"comment_status":"closed","ping_status":"closed","template":"","meta":{"_uag_custom_page_level_css":"","site-sidebar-layout":"no-sidebar","site-content-layout":"","ast-site-content-layout":"default","site-content-style":"default","site-sidebar-style":"default","ast-global-header-display":"","ast-banner-title-visibility":"","ast-main-header-display":"","ast-hfb-above-header-display":"","ast-hfb-below-header-display":"","ast-hfb-mobile-header-display":"","site-post-title":"disabled","ast-breadcrumbs-content":"","ast-featured-img":"","footer-sml-layout":"","ast-disable-related-posts":"","theme-transparent-header-meta":"enabled","adv-header-id-meta":"","stick-header-meta":"","header-above-stick-meta":"","header-main-stick-meta":"","header-below-stick-meta":"","astra-migrate-meta-layouts":"set","ast-page-background-enabled":"default","ast-page-background-meta":{"desktop":{"background-color":"var(--ast-global-color-4)","background-image":"","background-repeat":"repeat","background-position":"center center","background-size":"auto","background-attachment":"scroll","background-type":"","background-media":"","overlay-type":"","overlay-color":"","overlay-opacity":"","overlay-gradient":""},"tablet":{"background-color":"","background-image":"","background-repeat":"repeat","background-position":"center center","background-size":"auto","background-attachment":"scroll","background-type":"","background-media":"","overlay-type":"","overlay-color":"","overlay-opacity":"","overlay-gradient":""},"mobile":{"background-color":"","background-image":"","background-repeat":"repeat","background-position":"center center","background-size":"auto","background-attachment":"scroll","background-type":"","background-media":"","overlay-type":"","overlay-color":"","overlay-opacity":"","overlay-gradient":""}},"ast-content-background-meta":{"desktop":{"background-color":"var(--ast-global-color-5)","background-image":"","background-repeat":"repeat","background-position":"center center","background-size":"auto","background-attachment":"scroll","background-type":"","background-media":"","overlay-type":"","overlay-color":"","overlay-opacity":"","overlay-gradient":""},"tablet":{"background-color":"var(--ast-global-color-5)","background-image":"","background-repeat":"repeat","background-position":"center center","background-size":"auto","background-attachment":"scroll","background-type":"","background-media":"","overlay-type":"","overlay-color":"","overlay-opacity":"","overlay-gradient":""},"mobile":{"background-color":"var(--ast-global-color-5)","background-image":"","background-repeat":"repeat","background-position":"center center","background-size":"auto","background-attachment":"scroll","background-type":"","background-media":"","overlay-type":"","overlay-color":"","overlay-opacity":"","overlay-gradient":""}},"footnotes":"[]"},"class_list":["post-2407","page","type-page","status-publish","hentry"],"uagb_featured_image_src":{"full":false,"thumbnail":false,"medium":false,"medium_large":false,"large":false,"1536x1536":false,"2048x2048":false,"trp-custom-language-flag":false},"uagb_author_info":{"display_name":"Joe","author_link":"https:\/\/led.amasly.com\/fr\/author\/jacklin\/"},"uagb_comment_info":0,"uagb_excerpt":"Explosion Proof bell Explosion Proof Alarm Content Contact When an accident or fire occurs in the production site, the control signal sent by the fire alarm controller will activate the alarm circuit and send out an acoustic alarm signal to complete the alarm purpose. It can also be used together with manual alarm button to\u2026","_links":{"self":[{"href":"https:\/\/led.amasly.com\/fr\/wp-json\/wp\/v2\/pages\/2407","targetHints":{"allow":["GET"]}}],"collection":[{"href":"https:\/\/led.amasly.com\/fr\/wp-json\/wp\/v2\/pages"}],"about":[{"href":"https:\/\/led.amasly.com\/fr\/wp-json\/wp\/v2\/types\/page"}],"author":[{"embeddable":true,"href":"https:\/\/led.amasly.com\/fr\/wp-json\/wp\/v2\/users\/1"}],"replies":[{"embeddable":true,"href":"https:\/\/led.amasly.com\/fr\/wp-json\/wp\/v2\/comments?post=2407"}],"version-history":[{"count":2,"href":"https:\/\/led.amasly.com\/fr\/wp-json\/wp\/v2\/pages\/2407\/revisions"}],"predecessor-version":[{"id":4532,"href":"https:\/\/led.amasly.com\/fr\/wp-json\/wp\/v2\/pages\/2407\/revisions\/4532"}],"up":[{"embeddable":true,"href":"https:\/\/led.amasly.com\/fr\/wp-json\/wp\/v2\/pages\/1168"}],"wp:attachment":[{"href":"https:\/\/led.amasly.com\/fr\/wp-json\/wp\/v2\/media?parent=2407"}],"curies":[{"name":"wp","href":"https:\/\/api.w.org\/{rel}","templated":true}]}}