{"id":2250,"date":"2025-03-05T21:59:57","date_gmt":"2025-03-05T13:59:57","guid":{"rendered":"https:\/\/led.amasly.com\/?page_id=2250"},"modified":"2026-01-22T11:30:42","modified_gmt":"2026-01-22T03:30:42","slug":"exhibition-hall-lighting-solutions","status":"publish","type":"page","link":"https:\/\/led.amasly.com\/fr\/solutions\/exhibition-hall-lighting-solutions\/","title":{"rendered":"Solutions d'\u00e9clairage pour le hall d'exposition"},"content":{"rendered":"<div class=\"wp-block-uagb-container uagb-block-27bae773 alignfull uagb-is-root-container\"><div class=\"uagb-container-inner-blocks-wrap\"><\/div><\/div>\n\n\n\n<h1 class=\"wp-block-heading has-text-align-center\"><strong>Salle d'exposition<\/strong> <strong>Solutions d'\u00e9clairage intelligentes<\/strong><\/h1>\n\n\n\n<h2 class=\"wp-block-heading\"><strong>Conception de solutions d'\u00e9clairage pour le hall d'exposition<\/strong><\/h2>\n\n\n\n<p>L'\u00e9clairage d'une exposition joue un r\u00f4le important dans la mise en valeur des objets expos\u00e9s et dans l'am\u00e9lioration de l'atmosph\u00e8re de l'espace. La conception de l'\u00e9clairage de l'exposition comprend trois formes d'\u00e9clairage : l'\u00e9clairage naturel, l'\u00e9clairage artificiel et l'\u00e9clairage int\u00e9gr\u00e9. Toutefois, en ce qui concerne les expositions commerciales, en raison de leur courte dur\u00e9e et des exigences \u00e9lev\u00e9es en mati\u00e8re d'\u00e9clairage, la plupart d'entre elles utilisent l'\u00e9clairage artificiel ou la lumi\u00e8re naturelle et des sources de lumi\u00e8re artificielle combin\u00e9es \u00e0 deux formes d'\u00e9clairage (\u00e0 l'exception des expositions en plein air).<\/p>\n\n\n\n<div class=\"wp-block-uagb-image uagb-block-b3f70273 wp-block-uagb-image--layout-default wp-block-uagb-image--effect-static wp-block-uagb-image--align-none\"><figure class=\"wp-block-uagb-image__figure\"><img decoding=\"async\" srcset=\"https:\/\/led.amasly.com\/wp-content\/uploads\/2025\/03\/Exhibition-hall-lighting-2-1024x768.jpg ,https:\/\/led.amasly.com\/wp-content\/uploads\/2025\/03\/Exhibition-hall-lighting-2.jpg 780w, https:\/\/led.amasly.com\/wp-content\/uploads\/2025\/03\/Exhibition-hall-lighting-2.jpg 360w\" sizes=\"auto, (max-width: 480px) 150px\" src=\"https:\/\/led.amasly.com\/wp-content\/uploads\/2025\/03\/Exhibition-hall-lighting-2-1024x768.jpg\" alt=\"Exhibition hall Lighting Solutions\" class=\"uag-image-2255\" width=\"1024\" height=\"768\" title=\"Solutions d&#039;\u00e9clairage pour le hall d&#039;exposition\" loading=\"lazy\" role=\"img\"\/><\/figure><\/div>\n\n\n\n<h2 class=\"wp-block-heading\"><strong>1.les exigences de base de la <strong>Solutions d'\u00e9clairage pour le hall d'exposition<\/strong><\/strong><\/h2>\n\n\n\n<h3 class=\"wp-block-heading\"><strong>1.1 L'\u00e9clairage<\/strong><strong><\/strong><\/h3>\n\n\n\n<p>Les valeurs d'\u00e9clairement varient en fonction de l'affichage. Par exemple, les aliments, les produits divers, les livres et les fleurs ont besoin de 100 \u00e0 500 lx ; les textiles sombres, les bijoux et le cuir ont besoin de 200 \u00e0 1000 lx ; l'art a besoin de 300 \u00e0 500 lx ; les machines et les appareils ont besoin de 100 \u00e0 200 lx.<\/p>\n\n\n\n<h3 class=\"wp-block-heading\"><strong>1.2 Distribution de la luminosit\u00e9<\/strong><strong><\/strong><\/h3>\n\n\n\n<p>Dans l'exposition, le th\u00e8me de l'exposition doit \u00eatre la partie la plus lumineuse de la vision. Les sources lumineuses, les lampes n'attirent pas l'attention, afin d'aider le public \u00e0 se concentrer sur la visite des objets expos\u00e9s. Pour les objets expos\u00e9s qui doivent \u00eatre mis en valeur, un \u00e9clairage local est souvent utilis\u00e9 pour renforcer le contraste de leur luminosit\u00e9 avec l'environnement.<\/p>\n\n\n\n<p>La r\u00e9partition de la luminosit\u00e9 ambiante d\u00e9termine l'adaptation visuelle du public. Entre les salles d'exposition pr\u00e9sentant diff\u00e9rents niveaux d'\u00e9clairage, en particulier dans la partie du couloir de la salle d'exposition pr\u00e9sentant une disparit\u00e9 de lumi\u00e8re et d'ombre, il doit y avoir une transition graduelle des zones d'\u00e9clairage, de sorte que le public n'ait pas une impression d'obscurit\u00e9 lorsqu'il passe d'un environnement lumineux \u00e0 un espace sombre, ce qui r\u00e9duit l'int\u00e9r\u00eat de l'exposition.<\/p>\n\n\n\n<p>La luminosit\u00e9 et la couleur de l'arri\u00e8re-plan des objets expos\u00e9s ne doivent pas \u00eatre \u00e9crasantes. Le rapport entre la luminosit\u00e9 des objets expos\u00e9s et l'arri\u00e8re-plan se situe entre 1:3 et 3:1. En g\u00e9n\u00e9ral, l'arri\u00e8re-plan doit \u00eatre terne, incolore (ou gris clair).<\/p>\n\n\n\n<div class=\"wp-block-uagb-image uagb-block-99535a38 wp-block-uagb-image--layout-default wp-block-uagb-image--effect-static wp-block-uagb-image--align-none\"><figure class=\"wp-block-uagb-image__figure\"><a class=\"\" href=\"https:\/\/led.amasly.com\/fr\/products\/\" target=\"\" rel=\"noopener\"><img decoding=\"async\" srcset=\"https:\/\/led.amasly.com\/wp-content\/uploads\/2025\/03\/Exhibition-hall-lighting-3-1024x682.jpg ,https:\/\/led.amasly.com\/wp-content\/uploads\/2025\/03\/Exhibition-hall-lighting-3.jpg 780w, https:\/\/led.amasly.com\/wp-content\/uploads\/2025\/03\/Exhibition-hall-lighting-3.jpg 360w\" sizes=\"auto, (max-width: 480px) 150px\" src=\"https:\/\/led.amasly.com\/wp-content\/uploads\/2025\/03\/Exhibition-hall-lighting-3-1024x682.jpg\" alt=\"\" class=\"uag-image-2256\" width=\"1280\" height=\"852\" title=\"\u00c9clairage des halls d&#039;exposition (3)\" loading=\"lazy\" role=\"img\"><\/a><\/figure><\/div>\n\n\n\n<h3 class=\"wp-block-heading\"><strong>1.3 R\u00e9flexion et \u00e9blouissement<\/strong><strong><\/strong><\/h3>\n\n\n\n<p>Dans l'espace d'exposition, il est tr\u00e8s important d'\u00e9viter les reflets et l'\u00e9blouissement du public. Au stade de la planification et de l'organisation pr\u00e9liminaires, la position des fen\u00eatres et des lampes et la r\u00e9partition de l'\u00e9clairage dans le hall d'exposition doivent \u00eatre soigneusement \u00e9tudi\u00e9es. Tout d'abord, il faut \u00e9viter l'\u00e9blouissement direct, par exemple l'utilisation de la lumi\u00e8re du jour, qui doit strictement bloquer la lumi\u00e8re directe du soleil, les lampes d'\u00e9clairage artificiel doivent avoir un angle d'ombrage suffisant ; le deuxi\u00e8me objectif est d'\u00e9viter les interf\u00e9rences par r\u00e9flexion. Il existe plusieurs cas d'interf\u00e9rence par r\u00e9flexion :<\/p>\n\n\n\n<p>(1) L'\u00e9blouissement caus\u00e9 par la r\u00e9flexion de la source lumineuse \u00e0 travers le verre miroir ou une autre surface brillante sur les yeux du public est une r\u00e9flexion.<\/p>\n\n\n\n<p>(2) La luminosit\u00e9 du public ou d'autres objets est sup\u00e9rieure \u00e0 la luminosit\u00e9 de la surface d'exposition, et l'image r\u00e9fl\u00e9chie apparaissant sur le verre ou la surface brillante est une r\u00e9flexion secondaire.<\/p>\n\n\n\n<p>(3) R\u00e9flexions des rideaux lumineux sur les objets expos\u00e9s dont les mat\u00e9riaux sont brillants.<\/p>\n\n\n\n<p>Afin d'\u00e9viter une r\u00e9flexion unique, la source d'\u00e9clairage des objets expos\u00e9s plats doit \u00eatre plac\u00e9e en dehors de la zone d'interf\u00e9rence de la r\u00e9flexion. Si l'\u00e9clairage des objets expos\u00e9s peut \u00eatre sup\u00e9rieur au niveau d'\u00e9clairage g\u00e9n\u00e9ral du hall d'exposition et \u00e0 l'\u00e9clairage de la zone d'audience, la r\u00e9flexion secondaire peut \u00eatre affaiblie.<\/p>\n\n\n\n<h3 class=\"wp-block-heading\"><strong>1.4 Couleur de la source lumineuse<\/strong><strong><\/strong><\/h3>\n\n\n\n<p>En raison de l'adaptation de la vision \u00e0 la couleur, qu'il fasse soleil ou qu'il y ait des nuages, tant que l'\u00e9clairage est suffisant, la couleur per\u00e7ue de l'objet reste toujours constante. Par cons\u00e9quent, du point de vue de la couleur de la source lumineuse, la lumi\u00e8re naturelle est la source d'\u00e9clairage id\u00e9ale. Si l'on utilise une forme d'\u00e9clairage artificiel, afin de maintenir la couleur inh\u00e9rente des objets expos\u00e9s, le choix d'une source lumineuse de couleur lumi\u00e8re du jour est id\u00e9al.<\/p>\n\n\n\n<h3 class=\"wp-block-heading\"><strong>1.5 Flexibilit\u00e9<\/strong><strong><\/strong><\/h3>\n\n\n\n<p>L'activit\u00e9 d'exposition commerciale est relativement forte et le cycle court. Pour r\u00e9pondre \u00e0 cette exigence, il est pr\u00e9f\u00e9rable d'utiliser des guides optiques flexibles et des projecteurs avec des formes d'\u00e9clairage g\u00e9n\u00e9ral. Dans les salles d'exposition b\u00e9n\u00e9ficiant d'un \u00e9clairage naturel, il convient de pr\u00e9voir une commande manuelle ou automatique du dispositif de protection solaire afin d'ajuster le flux lumineux \u00e0 tout moment lorsque la lumi\u00e8re change.<\/p>\n\n\n\n<h3 class=\"wp-block-heading\"><strong>1.6 S\u00e9curit\u00e9<\/strong><strong><\/strong><\/h3>\n\n\n\n<p>Il convient de veiller \u00e0 la dissipation thermique de la source lumineuse, et la consommation d'\u00e9lectricit\u00e9 ne doit pas d\u00e9passer la charge de l'alimentation \u00e9lectrique afin de garantir le bon d\u00e9roulement de l'exposition et le respect du calendrier.<\/p>\n\n\n\n<h2 class=\"wp-block-heading\"><strong>2. <strong><strong>Solutions d'\u00e9clairage pour le hall d'exposition<\/strong><\/strong> forme d'\u00e9clairage<\/strong><\/h2>\n\n\n\n<p>Les lampes couramment utilis\u00e9es pour l'\u00e9clairage des expositions sont les lampes \u00e0 incandescence utilis\u00e9es pour l'\u00e9clairage g\u00e9n\u00e9ral, les tubes fluorescents \u00e0 lumi\u00e8re du jour et \u00e0 blanc froid utilis\u00e9s pour les vitrines, les petits projecteurs utilis\u00e9s pour l'\u00e9clairage principal et les lumi\u00e8res de couleur utilis\u00e9es pour cr\u00e9er une atmosph\u00e8re, etc.<\/p>\n\n\n\n<div class=\"wp-block-uagb-image uagb-block-08bd5d9c wp-block-uagb-image--layout-default wp-block-uagb-image--effect-static wp-block-uagb-image--align-none\"><figure class=\"wp-block-uagb-image__figure\"><a class=\"\" href=\"https:\/\/led.amasly.com\/fr\/products\/\" target=\"\" rel=\"noopener\"><img decoding=\"async\" srcset=\"https:\/\/led.amasly.com\/wp-content\/uploads\/2025\/03\/Exhibition-hall-lighting-1-1024x633.jpg ,https:\/\/led.amasly.com\/wp-content\/uploads\/2025\/03\/Exhibition-hall-lighting-1.jpg 780w, https:\/\/led.amasly.com\/wp-content\/uploads\/2025\/03\/Exhibition-hall-lighting-1.jpg 360w\" sizes=\"auto, (max-width: 480px) 150px\" src=\"https:\/\/led.amasly.com\/wp-content\/uploads\/2025\/03\/Exhibition-hall-lighting-1-1024x633.jpg\" alt=\"\" class=\"uag-image-2257\" width=\"1280\" height=\"791\" title=\"Eclairage des halls d&#039;exposition (1)\" loading=\"lazy\" role=\"img\"><\/a><\/figure><\/div>\n\n\n\n<p>Les formes d'\u00e9clairage d'exposition sont les suivantes :<\/p>\n\n\n\n<p>(1). Les lampes et lanternes du plafond et de la vitrine doivent \u00eatre bloqu\u00e9es par une grille \u00e0 orteils ou un \u00e9cran lumineux (dans la vitrine), de sorte que la lumi\u00e8re directement en dessous ou sch\u00e9matis\u00e9e en dessous.<\/p>\n\n\n\n<p>(2) La bo\u00eete \u00e0 diapositives adopte un \u00e9clairage par r\u00e9flexion sur la paroi lat\u00e9rale (surface plane ou incurv\u00e9e), et la lumi\u00e8re doit \u00eatre uniforme et douce.<\/p>\n\n\n\n<p>(3) La vitrine murale utilise l'\u00e9clairage mixte sup\u00e9rieur et lat\u00e9ral.<\/p>\n\n\n\n<p>(4) L'\u00e9clairage du plan peut \u00eatre constitu\u00e9 de lampes \u00e0 fente ou de lampes \u00e0 fente.<\/p>\n\n\n\n<p>(5) Les projecteurs doivent \u00eatre utilis\u00e9s pour l'\u00e9clairage des objets expos\u00e9s les plus importants.<\/p>\n\n\n\n<p>(6) Pour cr\u00e9er une certaine atmosph\u00e8re ou un arri\u00e8re-plan, on peut utiliser un \u00e9clairage froid ou des lumi\u00e8res color\u00e9es.<\/p>\n\n\n\n<p>(7) Selon les exigences de la conception, il est possible d'organiser la publicit\u00e9 ou la mod\u00e9lisation de l'\u00e9clairage.<\/p>\n\n\n\n<p><a href=\"http:\/\/www.iec.com\" rel=\"nofollow noopener\" target=\"_blank\">Norme : IEC 60598<\/a><\/p>\n\n\n\n<div class=\"wp-block-uagb-container uagb-block-c7d898dd alignfull uagb-is-root-container\"><div class=\"uagb-container-inner-blocks-wrap\"><\/div><\/div>\n\n\n\n<h2 class=\"wp-block-heading\">Produits apparent\u00e9s<\/h2>\n\n\n\n<div class=\"wp-block-uagb-container uagb-block-66e4defc alignfull uagb-is-root-container\"><div class=\"uagb-container-inner-blocks-wrap\">\n<div class=\"wp-block-uagb-container uagb-block-a42945f9\">\n<div class=\"wp-block-uagb-image uagb-block-7296296b wp-block-uagb-image--layout-default wp-block-uagb-image--effect-static wp-block-uagb-image--align-none\"><figure class=\"wp-block-uagb-image__figure\"><a class=\"\" href=\"https:\/\/led.amasly.com\/fr\/products\/\" target=\"\" rel=\"noopener\"><img decoding=\"async\" srcset=\"https:\/\/led.amasly.com\/wp-content\/uploads\/2024\/09\/Explosion-proof-high-bay-lights.png ,https:\/\/led.amasly.com\/wp-content\/uploads\/2024\/09\/Explosion-proof-high-bay-lights.png 780w, https:\/\/led.amasly.com\/wp-content\/uploads\/2024\/09\/Explosion-proof-high-bay-lights.png 360w\" sizes=\"auto, (max-width: 480px) 150px\" src=\"https:\/\/led.amasly.com\/wp-content\/uploads\/2024\/09\/Explosion-proof-high-bay-lights.png\" alt=\"\" class=\"uag-image-1495\" width=\"300\" height=\"300\" title=\"Lampes \u00e0 grande hauteur antid\u00e9flagrantes\" loading=\"lazy\" role=\"img\"><\/a><\/figure><\/div>\n<\/div>\n\n\n\n<div class=\"wp-block-uagb-container uagb-block-4d3efde5\">\n<div class=\"wp-block-uagb-image uagb-block-c9e90797 wp-block-uagb-image--layout-default wp-block-uagb-image--effect-static wp-block-uagb-image--align-none\"><figure class=\"wp-block-uagb-image__figure\"><a class=\"\" href=\"https:\/\/led.amasly.com\/fr\/products\/\" target=\"\" rel=\"noopener\"><img decoding=\"async\" srcset=\"https:\/\/led.amasly.com\/wp-content\/uploads\/2024\/07\/LED-tri-proof-lights2.png ,https:\/\/led.amasly.com\/wp-content\/uploads\/2024\/07\/LED-tri-proof-lights2.png 780w, https:\/\/led.amasly.com\/wp-content\/uploads\/2024\/07\/LED-tri-proof-lights2.png 360w\" sizes=\"auto, (max-width: 480px) 150px\" src=\"https:\/\/led.amasly.com\/wp-content\/uploads\/2024\/07\/LED-tri-proof-lights2.png\" alt=\"\" class=\"uag-image-1132\" width=\"300\" height=\"300\" title=\"LED-tri-proof-lights2\" loading=\"lazy\" role=\"img\"><\/a><\/figure><\/div>\n<\/div>\n\n\n\n<div class=\"wp-block-uagb-container uagb-block-11c2578b\">\n<div class=\"wp-block-uagb-image uagb-block-6e8883aa wp-block-uagb-image--layout-default wp-block-uagb-image--effect-static wp-block-uagb-image--align-none\"><figure class=\"wp-block-uagb-image__figure\"><a class=\"\" href=\"https:\/\/led.amasly.com\/fr\/products\/\" target=\"\" rel=\"noopener\"><img decoding=\"async\" srcset=\"https:\/\/led.amasly.com\/wp-content\/uploads\/2024\/09\/LED-Explosion-Proof-Gas-Station-Light.png ,https:\/\/led.amasly.com\/wp-content\/uploads\/2024\/09\/LED-Explosion-Proof-Gas-Station-Light.png 780w, https:\/\/led.amasly.com\/wp-content\/uploads\/2024\/09\/LED-Explosion-Proof-Gas-Station-Light.png 360w\" sizes=\"auto, (max-width: 480px) 150px\" src=\"https:\/\/led.amasly.com\/wp-content\/uploads\/2024\/09\/LED-Explosion-Proof-Gas-Station-Light.png\" alt=\"\" class=\"uag-image-1501\" width=\"300\" height=\"300\" title=\"Lampe LED antid\u00e9flagrante pour station-service\" loading=\"lazy\" role=\"img\"><\/a><\/figure><\/div>\n<\/div>\n<\/div><\/div>\n\n\n\n<div class=\"wp-block-uagb-container uagb-block-548945b5 alignfull uagb-is-root-container\"><div class=\"uagb-container-inner-blocks-wrap\">\n<div class=\"wp-block-uagb-container uagb-block-967755d5\">\n<h4 class=\"wp-block-heading has-text-align-center\"><a href=\"https:\/\/led.amasly.com\/fr\/products\/\">Lampes LED antid\u00e9flagrantes<\/a><\/h4>\n<\/div>\n\n\n\n<div class=\"wp-block-uagb-container uagb-block-9bc52fc2\">\n<h4 class=\"wp-block-heading has-text-align-center\"><a href=\"https:\/\/led.amasly.com\/fr\/products\/\">Lampes LED Tri-Proof<\/a><\/h4>\n<\/div>\n\n\n\n<div class=\"wp-block-uagb-container uagb-block-8ffa0a23\">\n<h4 class=\"wp-block-heading has-text-align-center\"><a href=\"https:\/\/led.amasly.com\/fr\/products\/\">Lampes antid\u00e9flagrantes pour stations-service<\/a><\/h4>\n<\/div>\n<\/div><\/div>\n\n\n\n<div class=\"wp-block-uagb-container uagb-block-29499fe0 alignfull uagb-is-root-container\"><div class=\"uagb-container-inner-blocks-wrap\">\n<div class=\"wp-block-uagb-container uagb-block-777ee1c7\">\n<div class=\"wp-block-uagb-image uagb-block-2e9a1851 wp-block-uagb-image--layout-default wp-block-uagb-image--effect-static wp-block-uagb-image--align-none\"><figure class=\"wp-block-uagb-image__figure\"><a class=\"\" href=\"https:\/\/led.amasly.com\/fr\/products\/\" target=\"\" rel=\"noopener\"><img decoding=\"async\" srcset=\"https:\/\/led.amasly.com\/wp-content\/uploads\/2024\/10\/50W-100W-150W-200W-300W-LED-Flood-Light.jpg ,https:\/\/led.amasly.com\/wp-content\/uploads\/2024\/10\/50W-100W-150W-200W-300W-LED-Flood-Light.jpg 780w, https:\/\/led.amasly.com\/wp-content\/uploads\/2024\/10\/50W-100W-150W-200W-300W-LED-Flood-Light.jpg 360w\" sizes=\"auto, (max-width: 480px) 150px\" src=\"https:\/\/led.amasly.com\/wp-content\/uploads\/2024\/10\/50W-100W-150W-200W-300W-LED-Flood-Light.jpg\" alt=\"\" class=\"uag-image-1526\" width=\"300\" height=\"300\" title=\"50W 100W 150W 200W 300W LED Flood Light\" loading=\"lazy\" role=\"img\"><\/a><\/figure><\/div>\n<\/div>\n\n\n\n<div class=\"wp-block-uagb-container uagb-block-af8c8683\">\n<div class=\"wp-block-uagb-image uagb-block-67947854 wp-block-uagb-image--layout-default wp-block-uagb-image--effect-static wp-block-uagb-image--align-none\"><figure class=\"wp-block-uagb-image__figure\"><a class=\"\" href=\"https:\/\/led.amasly.com\/fr\/products\/\" target=\"\" rel=\"noopener\"><img decoding=\"async\" srcset=\"https:\/\/led.amasly.com\/wp-content\/uploads\/2024\/07\/led-tri-proof-light.png ,https:\/\/led.amasly.com\/wp-content\/uploads\/2024\/07\/led-tri-proof-light.png 780w, https:\/\/led.amasly.com\/wp-content\/uploads\/2024\/07\/led-tri-proof-light.png 360w\" sizes=\"auto, (max-width: 480px) 150px\" src=\"https:\/\/led.amasly.com\/wp-content\/uploads\/2024\/07\/led-tri-proof-light.png\" alt=\"\" class=\"uag-image-1130\" width=\"300\" height=\"300\" title=\"led-tri-proof-light\" loading=\"lazy\" role=\"img\"><\/a><\/figure><\/div>\n<\/div>\n\n\n\n<div class=\"wp-block-uagb-container uagb-block-0fdfdd58\">\n<div class=\"wp-block-uagb-image uagb-block-1187d32d wp-block-uagb-image--layout-default wp-block-uagb-image--effect-static wp-block-uagb-image--align-none\"><figure class=\"wp-block-uagb-image__figure\"><a class=\"\" href=\"https:\/\/led.amasly.com\/fr\/products\/\" target=\"\" rel=\"noopener\"><img decoding=\"async\" srcset=\"https:\/\/led.amasly.com\/wp-content\/uploads\/2024\/07\/LED-street-light.jpg ,https:\/\/led.amasly.com\/wp-content\/uploads\/2024\/07\/LED-street-light.jpg 780w, https:\/\/led.amasly.com\/wp-content\/uploads\/2024\/07\/LED-street-light.jpg 360w\" sizes=\"auto, (max-width: 480px) 150px\" src=\"https:\/\/led.amasly.com\/wp-content\/uploads\/2024\/07\/LED-street-light.jpg\" alt=\"\" class=\"uag-image-1145\" width=\"300\" height=\"300\" title=\"Eclairage de rue LED\" loading=\"lazy\" role=\"img\"><\/a><\/figure><\/div>\n<\/div>\n<\/div><\/div>\n\n\n\n<div class=\"wp-block-uagb-container uagb-block-6a60882c alignfull uagb-is-root-container\"><div class=\"uagb-container-inner-blocks-wrap\">\n<div class=\"wp-block-uagb-container uagb-block-f1e91a35\">\n<h4 class=\"wp-block-heading has-text-align-center\"><a href=\"https:\/\/led.amasly.com\/fr\/products\/\">Lampes de sol \u00e0 diodes \u00e9lectroluminescentes<\/a><\/h4>\n<\/div>\n\n\n\n<div class=\"wp-block-uagb-container uagb-block-165bfa58\">\n<h4 class=\"wp-block-heading has-text-align-center\"><a href=\"https:\/\/led.amasly.com\/fr\/products\/\">Lampes tubulaires LED Tri-Proof<\/a><\/h4>\n<\/div>\n\n\n\n<div class=\"wp-block-uagb-container uagb-block-f6096e3b\">\n<h4 class=\"wp-block-heading has-text-align-center\"><a href=\"https:\/\/led.amasly.com\/fr\/products\/\">Lampes de rue LED<\/a><\/h4>\n<\/div>\n<\/div><\/div>\n\n\n\n<div class=\"wp-block-uagb-container uagb-block-99c0e0a5 alignfull uagb-is-root-container\"><div class=\"uagb-container-inner-blocks-wrap\"><\/div><\/div>","protected":false},"excerpt":{"rendered":"<p>Exhibition hall Intelligent Lighting Solutions Exhibition hall Lighting Solutions design Exhibition lighting plays an important role in highlighting exhibits and enhancing the atmosphere of the space. The lighting design of the exhibition includes three forms of natural lighting, artificial lighting and integrated lighting. However, as far as commercial exhibitions are concerned, because of their short [&hellip;]<\/p>\n","protected":false},"author":1,"featured_media":0,"parent":1808,"menu_order":0,"comment_status":"closed","ping_status":"closed","template":"","meta":{"_uag_custom_page_level_css":"","site-sidebar-layout":"no-sidebar","site-content-layout":"","ast-site-content-layout":"default","site-content-style":"default","site-sidebar-style":"default","ast-global-header-display":"","ast-banner-title-visibility":"","ast-main-header-display":"","ast-hfb-above-header-display":"","ast-hfb-below-header-display":"","ast-hfb-mobile-header-display":"","site-post-title":"disabled","ast-breadcrumbs-content":"","ast-featured-img":"","footer-sml-layout":"","ast-disable-related-posts":"","theme-transparent-header-meta":"enabled","adv-header-id-meta":"","stick-header-meta":"","header-above-stick-meta":"","header-main-stick-meta":"","header-below-stick-meta":"","astra-migrate-meta-layouts":"set","ast-page-background-enabled":"default","ast-page-background-meta":{"desktop":{"background-color":"var(--ast-global-color-4)","background-image":"","background-repeat":"repeat","background-position":"center center","background-size":"auto","background-attachment":"scroll","background-type":"","background-media":"","overlay-type":"","overlay-color":"","overlay-opacity":"","overlay-gradient":""},"tablet":{"background-color":"","background-image":"","background-repeat":"repeat","background-position":"center center","background-size":"auto","background-attachment":"scroll","background-type":"","background-media":"","overlay-type":"","overlay-color":"","overlay-opacity":"","overlay-gradient":""},"mobile":{"background-color":"","background-image":"","background-repeat":"repeat","background-position":"center center","background-size":"auto","background-attachment":"scroll","background-type":"","background-media":"","overlay-type":"","overlay-color":"","overlay-opacity":"","overlay-gradient":""}},"ast-content-background-meta":{"desktop":{"background-color":"var(--ast-global-color-5)","background-image":"","background-repeat":"repeat","background-position":"center center","background-size":"auto","background-attachment":"scroll","background-type":"","background-media":"","overlay-type":"","overlay-color":"","overlay-opacity":"","overlay-gradient":""},"tablet":{"background-color":"var(--ast-global-color-5)","background-image":"","background-repeat":"repeat","background-position":"center center","background-size":"auto","background-attachment":"scroll","background-type":"","background-media":"","overlay-type":"","overlay-color":"","overlay-opacity":"","overlay-gradient":""},"mobile":{"background-color":"var(--ast-global-color-5)","background-image":"","background-repeat":"repeat","background-position":"center center","background-size":"auto","background-attachment":"scroll","background-type":"","background-media":"","overlay-type":"","overlay-color":"","overlay-opacity":"","overlay-gradient":""}},"footnotes":""},"class_list":["post-2250","page","type-page","status-publish","hentry"],"uagb_featured_image_src":{"full":false,"thumbnail":false,"medium":false,"medium_large":false,"large":false,"1536x1536":false,"2048x2048":false,"trp-custom-language-flag":false},"uagb_author_info":{"display_name":"Joe","author_link":"https:\/\/led.amasly.com\/fr\/author\/jacklin\/"},"uagb_comment_info":0,"uagb_excerpt":"Exhibition hall Intelligent Lighting Solutions Exhibition hall Lighting Solutions design Exhibition lighting plays an important role in highlighting exhibits and enhancing the atmosphere of the space. The lighting design of the exhibition includes three forms of natural lighting, artificial lighting and integrated lighting. However, as far as commercial exhibitions are concerned, because of their short\u2026","_links":{"self":[{"href":"https:\/\/led.amasly.com\/fr\/wp-json\/wp\/v2\/pages\/2250","targetHints":{"allow":["GET"]}}],"collection":[{"href":"https:\/\/led.amasly.com\/fr\/wp-json\/wp\/v2\/pages"}],"about":[{"href":"https:\/\/led.amasly.com\/fr\/wp-json\/wp\/v2\/types\/page"}],"author":[{"embeddable":true,"href":"https:\/\/led.amasly.com\/fr\/wp-json\/wp\/v2\/users\/1"}],"replies":[{"embeddable":true,"href":"https:\/\/led.amasly.com\/fr\/wp-json\/wp\/v2\/comments?post=2250"}],"version-history":[{"count":2,"href":"https:\/\/led.amasly.com\/fr\/wp-json\/wp\/v2\/pages\/2250\/revisions"}],"predecessor-version":[{"id":4560,"href":"https:\/\/led.amasly.com\/fr\/wp-json\/wp\/v2\/pages\/2250\/revisions\/4560"}],"up":[{"embeddable":true,"href":"https:\/\/led.amasly.com\/fr\/wp-json\/wp\/v2\/pages\/1808"}],"wp:attachment":[{"href":"https:\/\/led.amasly.com\/fr\/wp-json\/wp\/v2\/media?parent=2250"}],"curies":[{"name":"wp","href":"https:\/\/api.w.org\/{rel}","templated":true}]}}