{"id":4171,"date":"2025-07-15T21:56:31","date_gmt":"2025-07-15T13:56:31","guid":{"rendered":"https:\/\/led.amasly.com\/?page_id=4171"},"modified":"2026-01-24T21:19:04","modified_gmt":"2026-01-24T13:19:04","slug":"learn-how-to-achieve-optimal-lighting-design-for-golf-courses","status":"publish","type":"page","link":"https:\/\/led.amasly.com\/es_mx\/knowledge\/outdoor-light-knowledge\/learn-how-to-achieve-optimal-lighting-design-for-golf-courses\/","title":{"rendered":"Aprenda a lograr un dise\u00f1o \u00f3ptimo para la iluminaci\u00f3n de campos de golf."},"content":{"rendered":"<div class=\"wp-block-uagb-container uagb-block-27bae773 alignfull uagb-is-root-container\"><div class=\"uagb-container-inner-blocks-wrap\"><\/div><\/div>\n\n\n\n<h1 class=\"wp-block-heading has-text-align-center\"><strong>Aprenda a lograr un dise\u00f1o \u00f3ptimo para campos de golf.<\/strong> <strong>iluminaci\u00f3n <\/strong><\/h1>\n\n\n\n<figure class=\"wp-block-image aligncenter size-full\"><img decoding=\"async\" width=\"800\" height=\"611\" src=\"https:\/\/led.amasly.com\/wp-content\/uploads\/2025\/07\/lighting-design-for-golf-courses.png\" alt=\"Golf Course Lighting\" class=\"wp-image-4173\" title=\"\" srcset=\"https:\/\/led.amasly.com\/wp-content\/uploads\/2025\/07\/lighting-design-for-golf-courses.png 800w, https:\/\/led.amasly.com\/wp-content\/uploads\/2025\/07\/lighting-design-for-golf-courses-300x229.png 300w, https:\/\/led.amasly.com\/wp-content\/uploads\/2025\/07\/lighting-design-for-golf-courses-768x587.png 768w, https:\/\/led.amasly.com\/wp-content\/uploads\/2025\/07\/lighting-design-for-golf-courses-16x12.png 16w\" sizes=\"(max-width: 800px) 100vw, 800px\" \/><\/figure>\n\n\n\n<p>&nbsp;Los campos de golf son m\u00e1s grandes que otros recintos deportivos, con muchas calles y terrenos variados, lo que hace que el dise\u00f1o de la iluminaci\u00f3n en los campos de golf sea m\u00e1s complejo. Sin embargo, la iluminaci\u00f3n es clave para garantizar que los jugadores tengan una gran experiencia de juego nocturno. Por lo tanto, no dude en leer este art\u00edculo para aprender a conseguir el mejor dise\u00f1o de iluminaci\u00f3n para su campo de golf.<\/p>\n\n\n\n<h2 class=\"wp-block-heading\"><strong>\u00a0C\u00f3mo instalar un poste de iluminaci\u00f3n para un campo de golf adaptado<\/strong><\/h2>\n\n\n\n<p>&nbsp;Un campo de golf consta de tres partes principales: <strong>tees, calles y greens, y cada zona tiene requisitos de iluminaci\u00f3n diferentes.<\/strong><\/p>\n\n\n\n<h3 class=\"wp-block-heading\"><strong>&nbsp;Tee<\/strong><strong><\/strong><\/h3>\n\n\n\n<p>&nbsp;El valor medio de iluminaci\u00f3n horizontal de la zona del tee principal debe ser superior a 150 lux (Lx); Iluminaci\u00f3n vertical dentro del rango de altura de 30 metros del tee: a. Detr\u00e1s del tee principal: superior a 100 lux (Lx); b. Delante del tee: superior a 300 lux (Lx); c. 200 metros delante del tee: superior a 150 lux (Lx).<\/p>\n\n\n\n<h3 class=\"wp-block-heading\"><strong>&nbsp;Fairways<\/strong><strong><\/strong><\/h3>\n\n\n\n<p>La iluminancia horizontal y vertical debe normalizarse a lo largo de toda la calle para proporcionar unas condiciones \u00f3ptimas de iluminaci\u00f3n en las zonas monta\u00f1osas. La iluminancia horizontal media requerida debe ser superior a 120 lux (Lx) y la iluminancia vertical media debe ser superior a 50 lux (Lx).<\/p>\n\n\n\n<h3 class=\"wp-block-heading\"><strong>&nbsp;Verdes<\/strong><strong><\/strong><\/h3>\n\n\n\n<p>&nbsp;La zona de greens debe estar adecuadamente iluminada y debe minimizar las sombras sobre el cuerpo del jugador cuando golpea la pelota desde m\u00faltiples direcciones. La iluminaci\u00f3n horizontal media en esta zona debe ser superior a 250 Lux (Lx).<\/p>\n\n\n\n<p><br>&nbsp;El objetivo del dise\u00f1o de la iluminaci\u00f3n del tee es proporcionar una visi\u00f3n clara de la bola y del extremo del palo tanto para jugadores diestros como zurdos. Se recomiendan proyectores ampliamente distribuidos como accesorios de iluminaci\u00f3n, preferiblemente desde ambas direcciones. Este tipo de iluminaci\u00f3n evita que las sombras caigan en la direcci\u00f3n del golpe o sobre la bola.<\/p>\n\n\n\n<p>&nbsp;Los postes de luz deben colocarse normalmente a una distancia m\u00ednima de 1,5 metros del l\u00edmite posterior del tee. Para tees m\u00e1s grandes, es necesario proporcionar iluminaci\u00f3n desde m\u00e1s de una direcci\u00f3n. La altura del poste de luz no debe ser inferior a la mitad de la longitud total del tee y debe estar al menos 9 metros por encima del tee.<\/p>\n\n\n\n<figure class=\"wp-block-image aligncenter size-full\"><img decoding=\"async\" width=\"788\" height=\"438\" src=\"https:\/\/led.amasly.com\/wp-content\/uploads\/2025\/07\/Fairways-1.png\" alt=\"\" class=\"wp-image-4176\" title=\"\" srcset=\"https:\/\/led.amasly.com\/wp-content\/uploads\/2025\/07\/Fairways-1.png 788w, https:\/\/led.amasly.com\/wp-content\/uploads\/2025\/07\/Fairways-1-300x167.png 300w, https:\/\/led.amasly.com\/wp-content\/uploads\/2025\/07\/Fairways-1-768x427.png 768w, https:\/\/led.amasly.com\/wp-content\/uploads\/2025\/07\/Fairways-1-18x10.png 18w\" sizes=\"(max-width: 788px) 100vw, 788px\" \/><\/figure>\n\n\n\n<h4 class=\"wp-block-heading\"><strong>&nbsp;Fairways<\/strong><strong><\/strong><\/h4>\n\n\n\n<p><br>&nbsp;La anchura media de las calles es de aproximadamente 41 metros, aunque la anchura exacta var\u00eda en funci\u00f3n del nivel del reto recreativo. Por lo general, la anchura de las calles oscila entre 32 y 55 metros. Las calles t\u00edpicas se curvan en todos los puntos del per\u00edmetro y son m\u00e1s anchas en la zona de ca\u00edda. Para lograr una iluminaci\u00f3n vertical adecuada, considere el uso de proyectores distribuidos estrechamente desde ambos lados como iluminaci\u00f3n de seguimiento. El valor de referencia para la iluminaci\u00f3n vertical se toma desde un plano perpendicular a la l\u00ednea central de la calle a una altura de aproximadamente 15 metros por encima de la l\u00ednea central de la calle y una longitud de la anchura total de la calle en ese lugar.<\/p>\n\n\n\n<p>&nbsp;La iluminaci\u00f3n vertical de la calle debe ser suficiente para permitir al jugador ver la trayectoria completa de la bola hasta que toque el suelo a velocidades de hasta 100 kil\u00f3metros por hora. Para ello, se requiere que el primer plano vertical est\u00e9 a no menos de 30 metros de los postes de luz del tee. Es preferible colocar estas luces en las esquinas de la calle o en la zona de ca\u00edda, lo que reduce el n\u00famero de luminarias. La altura m\u00ednima de montaje de una luminaria es de 11 metros desde su base. Los postes de luz suelen colocarse a lo largo de los caminos de los carritos de golf o en terrenos elevados para minimizar el efecto del terreno.<\/p>\n\n\n\n<figure class=\"wp-block-image aligncenter size-full\"><img decoding=\"async\" width=\"792\" height=\"426\" src=\"https:\/\/led.amasly.com\/wp-content\/uploads\/2025\/07\/Greens.png\" alt=\"\" class=\"wp-image-4175\" title=\"\" srcset=\"https:\/\/led.amasly.com\/wp-content\/uploads\/2025\/07\/Greens.png 792w, https:\/\/led.amasly.com\/wp-content\/uploads\/2025\/07\/Greens-300x161.png 300w, https:\/\/led.amasly.com\/wp-content\/uploads\/2025\/07\/Greens-768x413.png 768w, https:\/\/led.amasly.com\/wp-content\/uploads\/2025\/07\/Greens-18x10.png 18w\" sizes=\"(max-width: 792px) 100vw, 792px\" \/><\/figure>\n\n\n\n<h4 class=\"wp-block-heading\"><strong>&nbsp;<\/strong><\/h4>\n\n\n\n<h4 class=\"wp-block-heading\"><strong>&nbsp;Verdes<\/strong><strong><\/strong><\/h4>\n\n\n\n<p><br>&nbsp;Los greens tienen requisitos de iluminaci\u00f3n horizontal muy elevados y la relaci\u00f3n entre la iluminaci\u00f3n horizontal m\u00e1xima y la iluminaci\u00f3n horizontal m\u00ednima no debe ser superior a 3:1. En un campo de golf, los jugadores pueden golpear la pelota en cualquier direcci\u00f3n hacia el hoyo, por lo que la iluminaci\u00f3n debe proporcionarse desde al menos dos direcciones para minimizar las sombras. La zona de instalaci\u00f3n es un \u00e1rea sombreada 40 grados por delante de la zona verde. La separaci\u00f3n m\u00e1xima entre luminarias es tres veces la altura del poste de luz.<\/p>\n\n\n\n<figure class=\"wp-block-image aligncenter size-full\"><img decoding=\"async\" width=\"795\" height=\"424\" src=\"https:\/\/led.amasly.com\/wp-content\/uploads\/2025\/07\/\u56fe\u72471.png\" alt=\"\" class=\"wp-image-4177\" title=\"\" srcset=\"https:\/\/led.amasly.com\/wp-content\/uploads\/2025\/07\/\u56fe\u72471.png 795w, https:\/\/led.amasly.com\/wp-content\/uploads\/2025\/07\/\u56fe\u72471-300x160.png 300w, https:\/\/led.amasly.com\/wp-content\/uploads\/2025\/07\/\u56fe\u72471-768x410.png 768w, https:\/\/led.amasly.com\/wp-content\/uploads\/2025\/07\/\u56fe\u72471-18x10.png 18w\" sizes=\"(max-width: 795px) 100vw, 795px\" \/><\/figure>\n\n\n\n<p><strong>&nbsp;Factores a tener en cuenta para un dise\u00f1o \u00f3ptimo de la iluminaci\u00f3n en un campo de golf<\/strong><strong><br><\/strong><strong><br><\/strong><strong>&nbsp;&nbsp;&nbsp;&nbsp;<\/strong><strong>&nbsp;Reducci\u00f3n del deslumbramiento: Hay que tener en cuenta cuatro tipos de deslumbramiento: deslumbramiento directo, deslumbramiento reflejado, deslumbramiento por contraste de luz y oscuridad, y deslumbramiento causado por incomodidad visual.<\/strong>&nbsp;En las calles adyacentes, es probable que se produzca un deslumbramiento directo. El deslumbramiento puede minimizarse aumentando la altura de la fuente de deslumbramiento cuando el golfista se encuentra a cierta distancia de la fuente de luz. La experiencia ha demostrado que el deslumbramiento puede controlarse m\u00e1s eficazmente cuando la altura de la fuente luminosa supera los 11 metros.<\/p>\n\n\n\n<p><strong>&nbsp;Elige una fuente de luz con una temperatura de color y un \u00edndice de reproducci\u00f3n crom\u00e1tica (IRC) elevados.<\/strong>&nbsp;Utilizar una fuente de luz con una temperatura de color de 5500K o superior y un \u00edndice de reproducci\u00f3n crom\u00e1tica superior a 90 puede devolver el color original a objetos como c\u00e9spedes y balones.<\/p>\n\n\n\n<p><strong>&nbsp;Selecci\u00f3n de poste: <\/strong>Los tipos de postes m\u00e1s comunes son los fijos, los inclinables, los de elevaci\u00f3n neum\u00e1tica y los de elevaci\u00f3n hidr\u00e1ulica. Adem\u00e1s de las consideraciones presupuestarias, elija un poste de luz que minimice los da\u00f1os a la belleza natural del campo de golf.<\/p>\n\n\n\n<figure class=\"wp-block-image aligncenter size-full\"><img decoding=\"async\" width=\"1024\" height=\"610\" src=\"https:\/\/led.amasly.com\/wp-content\/uploads\/2025\/07\/golf-course-lighting-pole.png\" alt=\"\" class=\"wp-image-4178\" title=\"\" srcset=\"https:\/\/led.amasly.com\/wp-content\/uploads\/2025\/07\/golf-course-lighting-pole.png 1024w, https:\/\/led.amasly.com\/wp-content\/uploads\/2025\/07\/golf-course-lighting-pole-300x179.png 300w, https:\/\/led.amasly.com\/wp-content\/uploads\/2025\/07\/golf-course-lighting-pole-768x458.png 768w, https:\/\/led.amasly.com\/wp-content\/uploads\/2025\/07\/golf-course-lighting-pole-18x12.png 18w\" sizes=\"(max-width: 1024px) 100vw, 1024px\" \/><\/figure>\n\n\n\n<p class=\"has-text-align-left\">&nbsp;Aunque los campos de golf son m\u00e1s grandes y complejos que otros campos, comprender los criterios puede ayudarle a dar los primeros pasos en el dise\u00f1o de la iluminaci\u00f3n de campos de golf. A continuaci\u00f3n, teniendo en cuenta las caracter\u00edsticas del juego del golf y los distintos terrenos, podr\u00e1 dise\u00f1ar la iluminaci\u00f3n del tee (TEE), la calle (FAIRWAY), el green (GREEN) y otras zonas.<\/p>\n\n\n\n<p class=\"has-text-align-left\">Est\u00e1ndar: <a href=\"http:\/\/www.iec.com\" rel=\"nofollow noopener\" target=\"_blank\">IEC60598<\/a><\/p>\n\n\n\n<div class=\"wp-block-uagb-container uagb-block-c7d898dd alignfull uagb-is-root-container\"><div class=\"uagb-container-inner-blocks-wrap\"><\/div><\/div>\n\n\n\n<h2 class=\"wp-block-heading\">Productos relacionados<\/h2>\n\n\n\n<div class=\"wp-block-uagb-container uagb-block-66e4defc alignfull uagb-is-root-container\"><div class=\"uagb-container-inner-blocks-wrap\">\n<div class=\"wp-block-uagb-container uagb-block-a42945f9\">\n<div class=\"wp-block-uagb-image uagb-block-7296296b wp-block-uagb-image--layout-default wp-block-uagb-image--effect-static wp-block-uagb-image--align-none\"><figure class=\"wp-block-uagb-image__figure\"><a class=\"\" href=\"https:\/\/led.amasly.com\/es_mx\/products\/\" target=\"\" rel=\"noopener\"><img decoding=\"async\" srcset=\"https:\/\/led.amasly.com\/wp-content\/uploads\/2024\/09\/Explosion-proof-high-bay-lights.png ,https:\/\/led.amasly.com\/wp-content\/uploads\/2024\/09\/Explosion-proof-high-bay-lights.png 780w, https:\/\/led.amasly.com\/wp-content\/uploads\/2024\/09\/Explosion-proof-high-bay-lights.png 360w\" sizes=\"auto, (max-width: 480px) 150px\" src=\"https:\/\/led.amasly.com\/wp-content\/uploads\/2024\/09\/Explosion-proof-high-bay-lights.png\" alt=\"\" class=\"uag-image-1495\" width=\"300\" height=\"300\" title=\"Luces de gran altura a prueba de explosiones\" loading=\"lazy\" role=\"img\"><\/a><\/figure><\/div>\n<\/div>\n\n\n\n<div class=\"wp-block-uagb-container uagb-block-4d3efde5\">\n<div class=\"wp-block-uagb-image uagb-block-c9e90797 wp-block-uagb-image--layout-default wp-block-uagb-image--effect-static wp-block-uagb-image--align-none\"><figure class=\"wp-block-uagb-image__figure\"><a class=\"\" href=\"https:\/\/led.amasly.com\/es_mx\/products\/\" target=\"\" rel=\"noopener\"><img decoding=\"async\" srcset=\"https:\/\/led.amasly.com\/wp-content\/uploads\/2024\/07\/LED-tri-proof-lights2.png ,https:\/\/led.amasly.com\/wp-content\/uploads\/2024\/07\/LED-tri-proof-lights2.png 780w, https:\/\/led.amasly.com\/wp-content\/uploads\/2024\/07\/LED-tri-proof-lights2.png 360w\" sizes=\"auto, (max-width: 480px) 150px\" src=\"https:\/\/led.amasly.com\/wp-content\/uploads\/2024\/07\/LED-tri-proof-lights2.png\" alt=\"\" class=\"uag-image-1132\" width=\"300\" height=\"300\" title=\"Luces LED-tri-proof2\" loading=\"lazy\" role=\"img\"><\/a><\/figure><\/div>\n<\/div>\n\n\n\n<div class=\"wp-block-uagb-container uagb-block-11c2578b\">\n<div class=\"wp-block-uagb-image uagb-block-6e8883aa wp-block-uagb-image--layout-default wp-block-uagb-image--effect-static wp-block-uagb-image--align-none\"><figure class=\"wp-block-uagb-image__figure\"><a class=\"\" href=\"https:\/\/led.amasly.com\/es_mx\/products\/\" target=\"\" rel=\"noopener\"><img decoding=\"async\" srcset=\"https:\/\/led.amasly.com\/wp-content\/uploads\/2024\/09\/LED-Explosion-Proof-Gas-Station-Light.png ,https:\/\/led.amasly.com\/wp-content\/uploads\/2024\/09\/LED-Explosion-Proof-Gas-Station-Light.png 780w, https:\/\/led.amasly.com\/wp-content\/uploads\/2024\/09\/LED-Explosion-Proof-Gas-Station-Light.png 360w\" sizes=\"auto, (max-width: 480px) 150px\" src=\"https:\/\/led.amasly.com\/wp-content\/uploads\/2024\/09\/LED-Explosion-Proof-Gas-Station-Light.png\" alt=\"\" class=\"uag-image-1501\" width=\"300\" height=\"300\" title=\"L\u00e1mpara LED antideflagrante para gasolineras\" loading=\"lazy\" role=\"img\"><\/a><\/figure><\/div>\n<\/div>\n<\/div><\/div>\n\n\n\n<div class=\"wp-block-uagb-container uagb-block-548945b5 alignfull uagb-is-root-container\"><div class=\"uagb-container-inner-blocks-wrap\">\n<div class=\"wp-block-uagb-container uagb-block-967755d5\">\n<h4 class=\"wp-block-heading has-text-align-center\"><a href=\"https:\/\/led.amasly.com\/es_mx\/products\/\">Luces LED antideflagrantes<\/a><\/h4>\n<\/div>\n\n\n\n<div class=\"wp-block-uagb-container uagb-block-9bc52fc2\">\n<h4 class=\"wp-block-heading has-text-align-center\"><a href=\"https:\/\/led.amasly.com\/es_mx\/products\/\">Luces LED Tri-Proof<\/a><\/h4>\n<\/div>\n\n\n\n<div class=\"wp-block-uagb-container uagb-block-8ffa0a23\">\n<h4 class=\"wp-block-heading has-text-align-center\"><a href=\"https:\/\/led.amasly.com\/es_mx\/products\/\">Luces de gasolinera a prueba de explosiones<\/a><\/h4>\n<\/div>\n<\/div><\/div>\n\n\n\n<div class=\"wp-block-uagb-container uagb-block-29499fe0 alignfull uagb-is-root-container\"><div class=\"uagb-container-inner-blocks-wrap\">\n<div class=\"wp-block-uagb-container uagb-block-777ee1c7\">\n<div class=\"wp-block-uagb-image uagb-block-2e9a1851 wp-block-uagb-image--layout-default wp-block-uagb-image--effect-static wp-block-uagb-image--align-none\"><figure class=\"wp-block-uagb-image__figure\"><a class=\"\" href=\"https:\/\/led.amasly.com\/es_mx\/products\/\" target=\"\" rel=\"noopener\"><img decoding=\"async\" srcset=\"https:\/\/led.amasly.com\/wp-content\/uploads\/2024\/10\/50W-100W-150W-200W-300W-LED-Flood-Light.jpg ,https:\/\/led.amasly.com\/wp-content\/uploads\/2024\/10\/50W-100W-150W-200W-300W-LED-Flood-Light.jpg 780w, https:\/\/led.amasly.com\/wp-content\/uploads\/2024\/10\/50W-100W-150W-200W-300W-LED-Flood-Light.jpg 360w\" sizes=\"auto, (max-width: 480px) 150px\" src=\"https:\/\/led.amasly.com\/wp-content\/uploads\/2024\/10\/50W-100W-150W-200W-300W-LED-Flood-Light.jpg\" alt=\"\" class=\"uag-image-1526\" width=\"300\" height=\"300\" title=\"L\u00e1mpara de inundaci\u00f3n LED 50W 100W 150W 200W 300W\" loading=\"lazy\" role=\"img\"><\/a><\/figure><\/div>\n<\/div>\n\n\n\n<div class=\"wp-block-uagb-container uagb-block-af8c8683\">\n<div class=\"wp-block-uagb-image uagb-block-67947854 wp-block-uagb-image--layout-default wp-block-uagb-image--effect-static wp-block-uagb-image--align-none\"><figure class=\"wp-block-uagb-image__figure\"><a class=\"\" href=\"https:\/\/led.amasly.com\/es_mx\/products\/\" target=\"\" rel=\"noopener\"><img decoding=\"async\" srcset=\"https:\/\/led.amasly.com\/wp-content\/uploads\/2024\/07\/led-tri-proof-light.png ,https:\/\/led.amasly.com\/wp-content\/uploads\/2024\/07\/led-tri-proof-light.png 780w, https:\/\/led.amasly.com\/wp-content\/uploads\/2024\/07\/led-tri-proof-light.png 360w\" sizes=\"auto, (max-width: 480px) 150px\" src=\"https:\/\/led.amasly.com\/wp-content\/uploads\/2024\/07\/led-tri-proof-light.png\" alt=\"\" class=\"uag-image-1130\" width=\"300\" height=\"300\" title=\"luz led-tri-proof\" loading=\"lazy\" role=\"img\"><\/a><\/figure><\/div>\n<\/div>\n\n\n\n<div class=\"wp-block-uagb-container uagb-block-0fdfdd58\">\n<div class=\"wp-block-uagb-image uagb-block-1187d32d wp-block-uagb-image--layout-default wp-block-uagb-image--effect-static wp-block-uagb-image--align-none\"><figure class=\"wp-block-uagb-image__figure\"><a class=\"\" href=\"https:\/\/led.amasly.com\/es_mx\/products\/\" target=\"\" rel=\"noopener\"><img decoding=\"async\" srcset=\"https:\/\/led.amasly.com\/wp-content\/uploads\/2024\/07\/LED-street-light.jpg ,https:\/\/led.amasly.com\/wp-content\/uploads\/2024\/07\/LED-street-light.jpg 780w, https:\/\/led.amasly.com\/wp-content\/uploads\/2024\/07\/LED-street-light.jpg 360w\" sizes=\"auto, (max-width: 480px) 150px\" src=\"https:\/\/led.amasly.com\/wp-content\/uploads\/2024\/07\/LED-street-light.jpg\" alt=\"\" class=\"uag-image-1145\" width=\"300\" height=\"300\" title=\"Alumbrado p\u00fablico LED\" loading=\"lazy\" role=\"img\"><\/a><\/figure><\/div>\n<\/div>\n<\/div><\/div>\n\n\n\n<div class=\"wp-block-uagb-container uagb-block-6a60882c alignfull uagb-is-root-container\"><div class=\"uagb-container-inner-blocks-wrap\">\n<div class=\"wp-block-uagb-container uagb-block-f1e91a35\">\n<h4 class=\"wp-block-heading has-text-align-center\"><a href=\"https:\/\/led.amasly.com\/es_mx\/products\/\">Proyectores LED<\/a><\/h4>\n<\/div>\n\n\n\n<div class=\"wp-block-uagb-container uagb-block-165bfa58\">\n<h4 class=\"wp-block-heading has-text-align-center\"><a href=\"https:\/\/led.amasly.com\/es_mx\/products\/\">Tubos de luz LED trif\u00e1sicos<\/a><\/h4>\n<\/div>\n\n\n\n<div class=\"wp-block-uagb-container uagb-block-f6096e3b\">\n<h4 class=\"wp-block-heading has-text-align-center\"><a href=\"https:\/\/led.amasly.com\/es_mx\/products\/\">Alumbrado p\u00fablico LED<\/a><\/h4>\n<\/div>\n<\/div><\/div>\n\n\n\n<div class=\"wp-block-uagb-container uagb-block-99c0e0a5 alignfull uagb-is-root-container\"><div class=\"uagb-container-inner-blocks-wrap\"><\/div><\/div>\n\n\n\n<p><\/p>","protected":false},"excerpt":{"rendered":"<p>Learn how to achieve optimal design for golf course lighting &nbsp;Golf courses are larger than other sports venues, with many fairways and varied terrain, making lighting design on golf courses more complex. However, lighting is key to ensuring that players have a great nighttime playing experience. Therefore, you should definitely read this article to learn [&hellip;]<\/p>\n","protected":false},"author":1,"featured_media":0,"parent":4122,"menu_order":0,"comment_status":"closed","ping_status":"closed","template":"","meta":{"_uag_custom_page_level_css":"","site-sidebar-layout":"no-sidebar","site-content-layout":"","ast-site-content-layout":"default","site-content-style":"default","site-sidebar-style":"default","ast-global-header-display":"","ast-banner-title-visibility":"","ast-main-header-display":"","ast-hfb-above-header-display":"","ast-hfb-below-header-display":"","ast-hfb-mobile-header-display":"","site-post-title":"disabled","ast-breadcrumbs-content":"","ast-featured-img":"","footer-sml-layout":"","ast-disable-related-posts":"","theme-transparent-header-meta":"enabled","adv-header-id-meta":"","stick-header-meta":"","header-above-stick-meta":"","header-main-stick-meta":"","header-below-stick-meta":"","astra-migrate-meta-layouts":"set","ast-page-background-enabled":"default","ast-page-background-meta":{"desktop":{"background-color":"var(--ast-global-color-4)","background-image":"","background-repeat":"repeat","background-position":"center center","background-size":"auto","background-attachment":"scroll","background-type":"","background-media":"","overlay-type":"","overlay-color":"","overlay-opacity":"","overlay-gradient":""},"tablet":{"background-color":"","background-image":"","background-repeat":"repeat","background-position":"center center","background-size":"auto","background-attachment":"scroll","background-type":"","background-media":"","overlay-type":"","overlay-color":"","overlay-opacity":"","overlay-gradient":""},"mobile":{"background-color":"","background-image":"","background-repeat":"repeat","background-position":"center center","background-size":"auto","background-attachment":"scroll","background-type":"","background-media":"","overlay-type":"","overlay-color":"","overlay-opacity":"","overlay-gradient":""}},"ast-content-background-meta":{"desktop":{"background-color":"var(--ast-global-color-5)","background-image":"","background-repeat":"repeat","background-position":"center center","background-size":"auto","background-attachment":"scroll","background-type":"","background-media":"","overlay-type":"","overlay-color":"","overlay-opacity":"","overlay-gradient":""},"tablet":{"background-color":"var(--ast-global-color-5)","background-image":"","background-repeat":"repeat","background-position":"center center","background-size":"auto","background-attachment":"scroll","background-type":"","background-media":"","overlay-type":"","overlay-color":"","overlay-opacity":"","overlay-gradient":""},"mobile":{"background-color":"var(--ast-global-color-5)","background-image":"","background-repeat":"repeat","background-position":"center center","background-size":"auto","background-attachment":"scroll","background-type":"","background-media":"","overlay-type":"","overlay-color":"","overlay-opacity":"","overlay-gradient":""}},"footnotes":""},"class_list":["post-4171","page","type-page","status-publish","hentry"],"uagb_featured_image_src":{"full":false,"thumbnail":false,"medium":false,"medium_large":false,"large":false,"1536x1536":false,"2048x2048":false,"trp-custom-language-flag":false},"uagb_author_info":{"display_name":"Joe","author_link":"https:\/\/led.amasly.com\/es_mx\/author\/jacklin\/"},"uagb_comment_info":0,"uagb_excerpt":"Learn how to achieve optimal design for golf course lighting &nbsp;Golf courses are larger than other sports venues, with many fairways and varied terrain, making lighting design on golf courses more complex. However, lighting is key to ensuring that players have a great nighttime playing experience. Therefore, you should definitely read this article to learn&hellip;","_links":{"self":[{"href":"https:\/\/led.amasly.com\/es_mx\/wp-json\/wp\/v2\/pages\/4171","targetHints":{"allow":["GET"]}}],"collection":[{"href":"https:\/\/led.amasly.com\/es_mx\/wp-json\/wp\/v2\/pages"}],"about":[{"href":"https:\/\/led.amasly.com\/es_mx\/wp-json\/wp\/v2\/types\/page"}],"author":[{"embeddable":true,"href":"https:\/\/led.amasly.com\/es_mx\/wp-json\/wp\/v2\/users\/1"}],"replies":[{"embeddable":true,"href":"https:\/\/led.amasly.com\/es_mx\/wp-json\/wp\/v2\/comments?post=4171"}],"version-history":[{"count":3,"href":"https:\/\/led.amasly.com\/es_mx\/wp-json\/wp\/v2\/pages\/4171\/revisions"}],"predecessor-version":[{"id":4713,"href":"https:\/\/led.amasly.com\/es_mx\/wp-json\/wp\/v2\/pages\/4171\/revisions\/4713"}],"up":[{"embeddable":true,"href":"https:\/\/led.amasly.com\/es_mx\/wp-json\/wp\/v2\/pages\/4122"}],"wp:attachment":[{"href":"https:\/\/led.amasly.com\/es_mx\/wp-json\/wp\/v2\/media?parent=4171"}],"curies":[{"name":"wp","href":"https:\/\/api.w.org\/{rel}","templated":true}]}}