{"id":4115,"date":"2025-07-05T18:05:39","date_gmt":"2025-07-05T10:05:39","guid":{"rendered":"https:\/\/led.amasly.com\/?page_id=4115"},"modified":"2026-01-22T14:17:14","modified_gmt":"2026-01-22T06:17:14","slug":"60-watt-vs-100-watt-lamps-whats-the-difference-and-which-is-better","status":"publish","type":"page","link":"https:\/\/led.amasly.com\/es_mx\/knowledge\/led-light-knowledge\/60-watt-vs-100-watt-lamps-whats-the-difference-and-which-is-better\/","title":{"rendered":"L\u00e1mparas de 60 vatios frente a l\u00e1mparas de 100 vatios: \u00bfcu\u00e1l es la diferencia y cu\u00e1l es mejor?"},"content":{"rendered":"<div class=\"wp-block-uagb-container uagb-block-27bae773 alignfull uagb-is-root-container\"><div class=\"uagb-container-inner-blocks-wrap\"><\/div><\/div>\n\n\n\n<h1 class=\"wp-block-heading has-text-align-center\"><strong>60<\/strong><strong>&nbsp;<\/strong><strong>vatio frente a 100<\/strong><strong>&nbsp;<\/strong><strong>l\u00e1mparas de vatios: \u00bfcu\u00e1l es la diferencia y cu\u00e1l es mejor?<\/strong><strong><\/strong><\/h1>\n\n\n\n<div class=\"wp-block-uagb-image uagb-block-da1360b5 wp-block-uagb-image--layout-default wp-block-uagb-image--effect-static wp-block-uagb-image--align-none\"><figure class=\"wp-block-uagb-image__figure\"><img decoding=\"async\" srcset=\"https:\/\/led.amasly.com\/wp-content\/uploads\/2025\/04\/UFO-high-bay-light.png ,https:\/\/led.amasly.com\/wp-content\/uploads\/2025\/04\/UFO-high-bay-light.png 780w, https:\/\/led.amasly.com\/wp-content\/uploads\/2025\/04\/UFO-high-bay-light.png 360w\" sizes=\"auto, (max-width: 480px) 150px\" src=\"https:\/\/led.amasly.com\/wp-content\/uploads\/2025\/04\/UFO-high-bay-light.png\" alt=\"High Bay\u00a0light price, 100 Watt Lamps\" class=\"uag-image-2947\" width=\"600\" height=\"348\" title=\"OVNI de gran altura\" loading=\"lazy\" role=\"img\"\/><\/figure><\/div>\n\n\n\n<p>\u00bfEst\u00e1 pensando en sustituir sus viejas bombillas de 60 vatios por l\u00e1mparas de 100 vatios? Tanto si tiene pensado sustituir sus antiguas luces HID (como fluorescentes, hal\u00f3genas, etc.) por LED equivalentes a 100 vatios, como si simplemente desea cambiar a una bombilla de mayor potencia, deber\u00eda leer este art\u00edculo.<\/p>\n\n\n\n<p>En este art\u00edculo, compararemos l\u00e1mparas de 60 vatios y 100 vatios para ver cu\u00e1l es mejor. Adem\u00e1s, le diremos si es factible utilizar una bombilla de 100 vatios en una l\u00e1mpara de 60 vatios. \u00a1Siga leyendo!<\/p>\n\n\n\n<figure class=\"wp-block-image aligncenter size-full\"><img decoding=\"async\" src=\"https:\/\/led.amasly.com\/wp-content\/uploads\/2025\/05\/high-bay-light.webp\" alt=\"\" class=\"wp-image-3954\" title=\"\"><\/figure>\n\n\n\n<h2 class=\"wp-block-heading\"><strong>L\u00e1mparas de 60 frente a 100 vatios: \u00bfcu\u00e1l es la diferencia y cu\u00e1l es mejor?<\/strong><\/h2>\n\n\n\n<h3 class=\"wp-block-heading\"><strong>tallas<\/strong><strong><\/strong><\/h3>\n\n\n\n<p>Una bombilla de 60 vatios es m\u00e1s peque\u00f1a que una de 100 vatios. Las bombillas de mayor potencia suelen ser m\u00e1s grandes para disipar el calor de forma m\u00e1s eficiente. Las bombillas que utilizamos en nuestra vida cotidiana suelen tener un modelo de casquillo uniforme para que sean f\u00e1ciles de sustituir.<\/p>\n\n\n\n<p>Por tanto, cuanto m\u00e1s potente es la bombilla, mayor suele ser su tama\u00f1o. Por supuesto, otros tipos de bombillas pueden personalizarse en tama\u00f1o para satisfacer requisitos de aplicaci\u00f3n espec\u00edficos o preferencias del cliente.<br><strong>&nbsp;Luminosidad<\/strong><strong><\/strong><\/p>\n\n\n\n<p>Antes de comparar el brillo de una bombilla de 60 vatios y otra de 100 vatios, primero debemos determinar si ambas bombillas son del mismo tipo. Si son del mismo tipo, entonces las l\u00e1mparas de 100 vatios ser\u00e1n sin duda m\u00e1s brillantes que las de 60 vatios.<\/p>\n\n\n\n<p>Si no son el mismo tipo de bombilla, no podemos decir simplemente que cuanto mayor sea la potencia m\u00e1s brillante ser\u00e1. Esto se debe a que, en este caso, no podemos medir la luminosidad s\u00f3lo por la potencia, sino por el valor del lumen, que representa la luminosidad de la bombilla observada por el ojo humano. Las bombillas de alta potencia pero ineficaces s\u00f3lo convierten parte de la energ\u00eda el\u00e9ctrica en energ\u00eda luminosa, por lo que emitir\u00e1n valores bajos de lumen.<\/p>\n\n\n\n<p>Por lo tanto, una bombilla de 60 vatios puede ser m\u00e1s brillante que una l\u00e1mpara de 100 vatios para diferentes tipos de bombillas. Por ejemplo, una bombilla LED de 60 vatios es m\u00e1s brillante que una bombilla hal\u00f3gena de 100 vatios porque las bombillas LED son entre dos y tres veces m\u00e1s eficientes que las bombillas hal\u00f3genas.<\/p>\n\n\n\n<figure class=\"wp-block-image aligncenter size-full\"><img decoding=\"async\" width=\"300\" height=\"300\" src=\"https:\/\/led.amasly.com\/wp-content\/uploads\/2025\/05\/Explosion-proof-high-bay-lights.png\" alt=\"\" class=\"wp-image-3948\" title=\"\" srcset=\"https:\/\/led.amasly.com\/wp-content\/uploads\/2025\/05\/Explosion-proof-high-bay-lights.png 300w, https:\/\/led.amasly.com\/wp-content\/uploads\/2025\/05\/Explosion-proof-high-bay-lights-150x150.png 150w, https:\/\/led.amasly.com\/wp-content\/uploads\/2025\/05\/Explosion-proof-high-bay-lights-12x12.png 12w\" sizes=\"(max-width: 300px) 100vw, 300px\" \/><\/figure>\n\n\n\n<h3 class=\"wp-block-heading\"><strong>resistivo<\/strong><strong><\/strong><\/h3>\n\n\n\n<p>Una bombilla de 60 vatios es m\u00e1s tenue, lo que significa que circula menos corriente por ella. Con la tensi\u00f3n constante, la corriente disminuye a medida que aumenta la resistencia. Por lo tanto, la bombilla de 60 vatios tiene una resistencia mayor. Tambi\u00e9n podemos analizar su resistencia bas\u00e1ndonos en la f\u00f3rmula R=V\u00b2\/P. Con el mismo voltaje, la bombilla de 60 vatios tiene una resistencia mayor que la bombilla de 100 vatios porque la resistencia aumenta al disminuir la potencia.<\/p>\n\n\n\n<h3 class=\"wp-block-heading\"><strong>derroche de energ\u00eda<\/strong><strong><\/strong><\/h3>\n\n\n\n<p>Las bombillas de mayor potencia consumen m\u00e1s energ\u00eda en un momento dado. Una bombilla de 60 vatios consume 0,06 kWh de energ\u00eda por hora, mientras que una bombilla de 100 vatios consume 0,1 kWh de energ\u00eda por hora.<\/p>\n\n\n\n<h3 class=\"wp-block-heading\"><strong>poder calor\u00edfico<\/strong><strong><\/strong><\/h3>\n\n\n\n<p>Una bombilla de 100 vatios consume m\u00e1s energ\u00eda que una de 60, por lo que genera m\u00e1s calor. Al elegir una bombilla, debes tener en cuenta si su potencia es suficiente para la luminosidad que necesitas. No elijas bombillas con demasiada potencia, ya que tambi\u00e9n producen demasiado calor.<\/p>\n\n\n\n<h2 class=\"wp-block-heading\"><strong>escenario de aplicaci\u00f3n<\/strong><strong><\/strong><\/h2>\n\n\n\n<p>Los distintos tipos y vatajes de bombillas tienen diferentes escenarios de aplicaci\u00f3n. Puede consultar los siguientes escenarios de aplicaci\u00f3n para bombillas incandescentes, fluorescentes y LED de 60 y 100 vatios.<\/p>\n\n\n\n<p>Luces LED: 60 vatios para \u00e1reas exteriores como patios; l\u00e1mparas de 100 vatios para alumbrado p\u00fablico.<br>\u00a0Incandescentes: 60 vatios para habitaciones peque\u00f1as, como dormitorios; l\u00e1mparas de 100 vatios para habitaciones grandes, como salas de estar.<br>\u00a0Fluorescente: 60 vatios para espacios interiores grandes, como vest\u00edbulos de oficinas; 100 vatios para iluminaci\u00f3n comercial, como centros comerciales.<\/p>\n\n\n\n<figure class=\"wp-block-image aligncenter size-full\"><img decoding=\"async\" width=\"675\" height=\"661\" src=\"https:\/\/led.amasly.com\/wp-content\/uploads\/2025\/07\/LED-bulbs.png\" alt=\"\" class=\"wp-image-4089\" title=\"\" srcset=\"https:\/\/led.amasly.com\/wp-content\/uploads\/2025\/07\/LED-bulbs.png 675w, https:\/\/led.amasly.com\/wp-content\/uploads\/2025\/07\/LED-bulbs-300x294.png 300w, https:\/\/led.amasly.com\/wp-content\/uploads\/2025\/07\/LED-bulbs-12x12.png 12w\" sizes=\"(max-width: 675px) 100vw, 675px\" \/><\/figure>\n\n\n\n<h2 class=\"wp-block-heading\"><strong>Sustituya la bombilla de 60 vatios por una de 100 vatios del mismo tipo:<\/strong><strong><\/strong><\/h2>\n\n\n\n<p>Utilizar una bombilla de 100 vatios en un portal\u00e1mparas de 60 vatios puede provocar cortocircuitos, roturas, quemaduras o incendios. El dise\u00f1o t\u00e9rmico de una bombilla de 60 vatios s\u00f3lo garantiza el funcionamiento correcto de una bombilla de 60 vatios. Si la potencia es de 100 vatios, una corriente de funcionamiento excesiva puede hacer saltar el fusible (si lo hay) y sobrecalentar los cables.<\/p>\n\n\n\n<p>Adem\u00e1s, si sustituye la bombilla, tambi\u00e9n perder\u00e1 la garant\u00eda de la bombilla. Adem\u00e1s, algunas bombillas de 100 vatios son m\u00e1s grandes que las de 60 vatios, por lo que es posible que la bombilla y la base de la l\u00e1mpara no coincidan. Por este motivo, no se recomienda utilizar una bombilla de 100 vatios en una l\u00e1mpara de 60 vatios.<\/p>\n\n\n\n<h2 class=\"wp-block-heading\"><strong>Sustituya las l\u00e1mparas incandescentes, fluorescentes, hal\u00f3genas, etc. de 60 vatios existentes por l\u00e1mparas LED equivalentes de 100 vatios:<\/strong><strong><\/strong><\/h2>\n\n\n\n<p>Si desea utilizar una bombilla LED incandescente\/fluorescente\/hal\u00f3gena de 100 vatios equivalentes, \u00e9sta ser\u00e1 muy inferior a 60 vatios debido a la alta eficiencia de las bombillas LED. Por ejemplo, una bombilla LED incandescente de 100 vatios equivalentes puede tener s\u00f3lo entre 10 y 15 vatios. A continuaci\u00f3n, debes considerar si las especificaciones de la bombilla son compatibles.<\/p>\n\n\n\n<p>Algunas bombillas LED tienen casquillos especialmente dise\u00f1ados para maximizar la disipaci\u00f3n del calor. Si la disipaci\u00f3n del calor es deficiente, la vida \u00fatil de la bombilla puede acortarse. Si esto no te importa y s\u00f3lo quieres una luz m\u00e1s brillante, entonces puedes considerar sustituir tu bombilla original de 60 vatios por una bombilla LED equivalente de 100 vatios.<\/p>\n\n\n\n<p>Si funciona, estas bombillas LED de 100 vatios equivalentes no causar\u00e1n mucho da\u00f1o porque producen menos calor que las bombillas tradicionales.<\/p>\n\n\n\n<h2 class=\"wp-block-heading\"><strong>Resumen<\/strong><strong><\/strong><\/h2>\n\n\n\n<p class=\"has-text-align-left\">Las bombillas de 60 y 100 vatios difieren en tama\u00f1o, brillo, resistencia, consumo el\u00e9ctrico, generaci\u00f3n de calor y escenarios de aplicaci\u00f3n. Debe elegir la bombilla adecuada en funci\u00f3n de sus necesidades reales. No se recomienda sustituir una bombilla de 60 vatios por otra de 100 vatios del mismo tipo por el riesgo de que se queme. En condiciones adecuadas, puede sustituir la bombilla convencional original de 60 vatios por una bombilla LED equivalente de 100 vatios.<\/p>\n\n\n\n<p>Est\u00e1ndar: <a href=\"http:\/\/www.iec.com\" rel=\"nofollow noopener\" target=\"_blank\">IEC 60598<\/a><\/p>\n\n\n\n<div class=\"wp-block-uagb-container uagb-block-c7d898dd alignfull uagb-is-root-container\"><div class=\"uagb-container-inner-blocks-wrap\"><\/div><\/div>\n\n\n\n<h2 class=\"wp-block-heading\">Productos relacionados<\/h2>\n\n\n\n<div class=\"wp-block-uagb-container uagb-block-66e4defc alignfull uagb-is-root-container\"><div class=\"uagb-container-inner-blocks-wrap\">\n<div class=\"wp-block-uagb-container uagb-block-a42945f9\">\n<div class=\"wp-block-uagb-image uagb-block-7296296b wp-block-uagb-image--layout-default wp-block-uagb-image--effect-static wp-block-uagb-image--align-none\"><figure class=\"wp-block-uagb-image__figure\"><a class=\"\" href=\"https:\/\/led.amasly.com\/es_mx\/products\/\" target=\"\" rel=\"noopener\"><img decoding=\"async\" srcset=\"https:\/\/led.amasly.com\/wp-content\/uploads\/2024\/09\/Explosion-proof-high-bay-lights.png ,https:\/\/led.amasly.com\/wp-content\/uploads\/2024\/09\/Explosion-proof-high-bay-lights.png 780w, https:\/\/led.amasly.com\/wp-content\/uploads\/2024\/09\/Explosion-proof-high-bay-lights.png 360w\" sizes=\"auto, (max-width: 480px) 150px\" src=\"https:\/\/led.amasly.com\/wp-content\/uploads\/2024\/09\/Explosion-proof-high-bay-lights.png\" alt=\"\" class=\"uag-image-1495\" width=\"300\" height=\"300\" title=\"Luces de gran altura a prueba de explosiones\" loading=\"lazy\" role=\"img\"><\/a><\/figure><\/div>\n<\/div>\n\n\n\n<div class=\"wp-block-uagb-container uagb-block-4d3efde5\">\n<div class=\"wp-block-uagb-image uagb-block-c9e90797 wp-block-uagb-image--layout-default wp-block-uagb-image--effect-static wp-block-uagb-image--align-none\"><figure class=\"wp-block-uagb-image__figure\"><a class=\"\" href=\"https:\/\/led.amasly.com\/es_mx\/products\/\" target=\"\" rel=\"noopener\"><img decoding=\"async\" srcset=\"https:\/\/led.amasly.com\/wp-content\/uploads\/2024\/07\/LED-tri-proof-lights2.png ,https:\/\/led.amasly.com\/wp-content\/uploads\/2024\/07\/LED-tri-proof-lights2.png 780w, https:\/\/led.amasly.com\/wp-content\/uploads\/2024\/07\/LED-tri-proof-lights2.png 360w\" sizes=\"auto, (max-width: 480px) 150px\" src=\"https:\/\/led.amasly.com\/wp-content\/uploads\/2024\/07\/LED-tri-proof-lights2.png\" alt=\"\" class=\"uag-image-1132\" width=\"300\" height=\"300\" title=\"Luces LED-tri-proof2\" loading=\"lazy\" role=\"img\"><\/a><\/figure><\/div>\n<\/div>\n\n\n\n<div class=\"wp-block-uagb-container uagb-block-11c2578b\">\n<div class=\"wp-block-uagb-image uagb-block-6e8883aa wp-block-uagb-image--layout-default wp-block-uagb-image--effect-static wp-block-uagb-image--align-none\"><figure class=\"wp-block-uagb-image__figure\"><a class=\"\" href=\"https:\/\/led.amasly.com\/es_mx\/products\/\" target=\"\" rel=\"noopener\"><img decoding=\"async\" srcset=\"https:\/\/led.amasly.com\/wp-content\/uploads\/2024\/09\/LED-Explosion-Proof-Gas-Station-Light.png ,https:\/\/led.amasly.com\/wp-content\/uploads\/2024\/09\/LED-Explosion-Proof-Gas-Station-Light.png 780w, https:\/\/led.amasly.com\/wp-content\/uploads\/2024\/09\/LED-Explosion-Proof-Gas-Station-Light.png 360w\" sizes=\"auto, (max-width: 480px) 150px\" src=\"https:\/\/led.amasly.com\/wp-content\/uploads\/2024\/09\/LED-Explosion-Proof-Gas-Station-Light.png\" alt=\"\" class=\"uag-image-1501\" width=\"300\" height=\"300\" title=\"L\u00e1mpara LED antideflagrante para gasolineras\" loading=\"lazy\" role=\"img\"><\/a><\/figure><\/div>\n<\/div>\n<\/div><\/div>\n\n\n\n<div class=\"wp-block-uagb-container uagb-block-548945b5 alignfull uagb-is-root-container\"><div class=\"uagb-container-inner-blocks-wrap\">\n<div class=\"wp-block-uagb-container uagb-block-967755d5\">\n<h4 class=\"wp-block-heading has-text-align-center\"><a href=\"https:\/\/led.amasly.com\/es_mx\/products\/\">Luces LED antideflagrantes<\/a><\/h4>\n<\/div>\n\n\n\n<div class=\"wp-block-uagb-container uagb-block-9bc52fc2\">\n<h4 class=\"wp-block-heading has-text-align-center\"><a href=\"https:\/\/led.amasly.com\/es_mx\/products\/\">Luces LED Tri-Proof<\/a><\/h4>\n<\/div>\n\n\n\n<div class=\"wp-block-uagb-container uagb-block-8ffa0a23\">\n<h4 class=\"wp-block-heading has-text-align-center\"><a href=\"https:\/\/led.amasly.com\/es_mx\/products\/\">Luces de gasolinera a prueba de explosiones<\/a><\/h4>\n<\/div>\n<\/div><\/div>\n\n\n\n<div class=\"wp-block-uagb-container uagb-block-29499fe0 alignfull uagb-is-root-container\"><div class=\"uagb-container-inner-blocks-wrap\">\n<div class=\"wp-block-uagb-container uagb-block-777ee1c7\">\n<div class=\"wp-block-uagb-image uagb-block-2e9a1851 wp-block-uagb-image--layout-default wp-block-uagb-image--effect-static wp-block-uagb-image--align-none\"><figure class=\"wp-block-uagb-image__figure\"><a class=\"\" href=\"https:\/\/led.amasly.com\/es_mx\/products\/\" target=\"\" rel=\"noopener\"><img decoding=\"async\" srcset=\"https:\/\/led.amasly.com\/wp-content\/uploads\/2024\/10\/50W-100W-150W-200W-300W-LED-Flood-Light.jpg ,https:\/\/led.amasly.com\/wp-content\/uploads\/2024\/10\/50W-100W-150W-200W-300W-LED-Flood-Light.jpg 780w, https:\/\/led.amasly.com\/wp-content\/uploads\/2024\/10\/50W-100W-150W-200W-300W-LED-Flood-Light.jpg 360w\" sizes=\"auto, (max-width: 480px) 150px\" src=\"https:\/\/led.amasly.com\/wp-content\/uploads\/2024\/10\/50W-100W-150W-200W-300W-LED-Flood-Light.jpg\" alt=\"\" class=\"uag-image-1526\" width=\"300\" height=\"300\" title=\"L\u00e1mpara de inundaci\u00f3n LED 50W 100W 150W 200W 300W\" loading=\"lazy\" role=\"img\"><\/a><\/figure><\/div>\n<\/div>\n\n\n\n<div class=\"wp-block-uagb-container uagb-block-af8c8683\">\n<div class=\"wp-block-uagb-image uagb-block-67947854 wp-block-uagb-image--layout-default wp-block-uagb-image--effect-static wp-block-uagb-image--align-none\"><figure class=\"wp-block-uagb-image__figure\"><a class=\"\" href=\"https:\/\/led.amasly.com\/es_mx\/products\/\" target=\"\" rel=\"noopener\"><img decoding=\"async\" srcset=\"https:\/\/led.amasly.com\/wp-content\/uploads\/2024\/07\/led-tri-proof-light.png ,https:\/\/led.amasly.com\/wp-content\/uploads\/2024\/07\/led-tri-proof-light.png 780w, https:\/\/led.amasly.com\/wp-content\/uploads\/2024\/07\/led-tri-proof-light.png 360w\" sizes=\"auto, (max-width: 480px) 150px\" src=\"https:\/\/led.amasly.com\/wp-content\/uploads\/2024\/07\/led-tri-proof-light.png\" alt=\"\" class=\"uag-image-1130\" width=\"300\" height=\"300\" title=\"luz led-tri-proof\" loading=\"lazy\" role=\"img\"><\/a><\/figure><\/div>\n<\/div>\n\n\n\n<div class=\"wp-block-uagb-container uagb-block-0fdfdd58\">\n<div class=\"wp-block-uagb-image uagb-block-1187d32d wp-block-uagb-image--layout-default wp-block-uagb-image--effect-static wp-block-uagb-image--align-none\"><figure class=\"wp-block-uagb-image__figure\"><a class=\"\" href=\"https:\/\/led.amasly.com\/es_mx\/products\/\" target=\"\" rel=\"noopener\"><img decoding=\"async\" srcset=\"https:\/\/led.amasly.com\/wp-content\/uploads\/2024\/07\/LED-street-light.jpg ,https:\/\/led.amasly.com\/wp-content\/uploads\/2024\/07\/LED-street-light.jpg 780w, https:\/\/led.amasly.com\/wp-content\/uploads\/2024\/07\/LED-street-light.jpg 360w\" sizes=\"auto, (max-width: 480px) 150px\" src=\"https:\/\/led.amasly.com\/wp-content\/uploads\/2024\/07\/LED-street-light.jpg\" alt=\"\" class=\"uag-image-1145\" width=\"300\" height=\"300\" title=\"Alumbrado p\u00fablico LED\" loading=\"lazy\" role=\"img\"><\/a><\/figure><\/div>\n<\/div>\n<\/div><\/div>\n\n\n\n<div class=\"wp-block-uagb-container uagb-block-6a60882c alignfull uagb-is-root-container\"><div class=\"uagb-container-inner-blocks-wrap\">\n<div class=\"wp-block-uagb-container uagb-block-f1e91a35\">\n<h4 class=\"wp-block-heading has-text-align-center\"><a href=\"https:\/\/led.amasly.com\/es_mx\/products\/\">Proyectores LED<\/a><\/h4>\n<\/div>\n\n\n\n<div class=\"wp-block-uagb-container uagb-block-165bfa58\">\n<h4 class=\"wp-block-heading has-text-align-center\"><a href=\"https:\/\/led.amasly.com\/es_mx\/products\/\">Tubos de luz LED trif\u00e1sicos<\/a><\/h4>\n<\/div>\n\n\n\n<div class=\"wp-block-uagb-container uagb-block-f6096e3b\">\n<h4 class=\"wp-block-heading has-text-align-center\"><a href=\"https:\/\/led.amasly.com\/es_mx\/products\/\">Alumbrado p\u00fablico LED<\/a><\/h4>\n<\/div>\n<\/div><\/div>\n\n\n\n<div class=\"wp-block-uagb-container uagb-block-99c0e0a5 alignfull uagb-is-root-container\"><div class=\"uagb-container-inner-blocks-wrap\"><\/div><\/div>\n\n\n\n<p><\/p>","protected":false},"excerpt":{"rendered":"<p>60&nbsp;watt vs. 100&nbsp;watt lamps: what&#8217;s the difference and which is better? Are you planning to replace your old 60-watt bulbs with 100 Watt Lamps? Whether you&#8217;re planning to replace your old HID lights (such as fluorescents, halogens, etc.) with 100-watt equivalent LEDs, or you simply want to switch to a higher wattage bulb, you should [&hellip;]<\/p>\n","protected":false},"author":1,"featured_media":0,"parent":2984,"menu_order":0,"comment_status":"closed","ping_status":"closed","template":"","meta":{"_uag_custom_page_level_css":"","site-sidebar-layout":"no-sidebar","site-content-layout":"","ast-site-content-layout":"default","site-content-style":"default","site-sidebar-style":"default","ast-global-header-display":"","ast-banner-title-visibility":"","ast-main-header-display":"","ast-hfb-above-header-display":"","ast-hfb-below-header-display":"","ast-hfb-mobile-header-display":"","site-post-title":"disabled","ast-breadcrumbs-content":"","ast-featured-img":"","footer-sml-layout":"","ast-disable-related-posts":"","theme-transparent-header-meta":"enabled","adv-header-id-meta":"","stick-header-meta":"","header-above-stick-meta":"","header-main-stick-meta":"","header-below-stick-meta":"","astra-migrate-meta-layouts":"set","ast-page-background-enabled":"default","ast-page-background-meta":{"desktop":{"background-color":"var(--ast-global-color-4)","background-image":"","background-repeat":"repeat","background-position":"center center","background-size":"auto","background-attachment":"scroll","background-type":"","background-media":"","overlay-type":"","overlay-color":"","overlay-opacity":"","overlay-gradient":""},"tablet":{"background-color":"","background-image":"","background-repeat":"repeat","background-position":"center center","background-size":"auto","background-attachment":"scroll","background-type":"","background-media":"","overlay-type":"","overlay-color":"","overlay-opacity":"","overlay-gradient":""},"mobile":{"background-color":"","background-image":"","background-repeat":"repeat","background-position":"center center","background-size":"auto","background-attachment":"scroll","background-type":"","background-media":"","overlay-type":"","overlay-color":"","overlay-opacity":"","overlay-gradient":""}},"ast-content-background-meta":{"desktop":{"background-color":"var(--ast-global-color-5)","background-image":"","background-repeat":"repeat","background-position":"center center","background-size":"auto","background-attachment":"scroll","background-type":"","background-media":"","overlay-type":"","overlay-color":"","overlay-opacity":"","overlay-gradient":""},"tablet":{"background-color":"var(--ast-global-color-5)","background-image":"","background-repeat":"repeat","background-position":"center center","background-size":"auto","background-attachment":"scroll","background-type":"","background-media":"","overlay-type":"","overlay-color":"","overlay-opacity":"","overlay-gradient":""},"mobile":{"background-color":"var(--ast-global-color-5)","background-image":"","background-repeat":"repeat","background-position":"center center","background-size":"auto","background-attachment":"scroll","background-type":"","background-media":"","overlay-type":"","overlay-color":"","overlay-opacity":"","overlay-gradient":""}},"footnotes":""},"class_list":["post-4115","page","type-page","status-publish","hentry"],"uagb_featured_image_src":{"full":false,"thumbnail":false,"medium":false,"medium_large":false,"large":false,"1536x1536":false,"2048x2048":false,"trp-custom-language-flag":false},"uagb_author_info":{"display_name":"Joe","author_link":"https:\/\/led.amasly.com\/es_mx\/author\/jacklin\/"},"uagb_comment_info":0,"uagb_excerpt":"60&nbsp;watt vs. 100&nbsp;watt lamps: what&#8217;s the difference and which is better? Are you planning to replace your old 60-watt bulbs with 100 Watt Lamps? Whether you&#8217;re planning to replace your old HID lights (such as fluorescents, halogens, etc.) with 100-watt equivalent LEDs, or you simply want to switch to a higher wattage bulb, you should&hellip;","_links":{"self":[{"href":"https:\/\/led.amasly.com\/es_mx\/wp-json\/wp\/v2\/pages\/4115","targetHints":{"allow":["GET"]}}],"collection":[{"href":"https:\/\/led.amasly.com\/es_mx\/wp-json\/wp\/v2\/pages"}],"about":[{"href":"https:\/\/led.amasly.com\/es_mx\/wp-json\/wp\/v2\/types\/page"}],"author":[{"embeddable":true,"href":"https:\/\/led.amasly.com\/es_mx\/wp-json\/wp\/v2\/users\/1"}],"replies":[{"embeddable":true,"href":"https:\/\/led.amasly.com\/es_mx\/wp-json\/wp\/v2\/comments?post=4115"}],"version-history":[{"count":2,"href":"https:\/\/led.amasly.com\/es_mx\/wp-json\/wp\/v2\/pages\/4115\/revisions"}],"predecessor-version":[{"id":4603,"href":"https:\/\/led.amasly.com\/es_mx\/wp-json\/wp\/v2\/pages\/4115\/revisions\/4603"}],"up":[{"embeddable":true,"href":"https:\/\/led.amasly.com\/es_mx\/wp-json\/wp\/v2\/pages\/2984"}],"wp:attachment":[{"href":"https:\/\/led.amasly.com\/es_mx\/wp-json\/wp\/v2\/media?parent=4115"}],"curies":[{"name":"wp","href":"https:\/\/api.w.org\/{rel}","templated":true}]}}