{"id":4078,"date":"2025-07-05T15:17:40","date_gmt":"2025-07-05T07:17:40","guid":{"rendered":"https:\/\/led.amasly.com\/?page_id=4078"},"modified":"2025-07-05T15:17:51","modified_gmt":"2025-07-05T07:17:51","slug":"the-critical-role-of-lighting-in-healthcare-organizationsis","status":"publish","type":"page","link":"https:\/\/led.amasly.com\/es_mx\/knowledge\/led-light-knowledge\/the-critical-role-of-lighting-in-healthcare-organizationsis\/","title":{"rendered":"El papel fundamental de la iluminaci\u00f3n en las organizaciones sanitariasEs"},"content":{"rendered":"<div class=\"wp-block-uagb-container uagb-block-27bae773 alignfull uagb-is-root-container\"><div class=\"uagb-container-inner-blocks-wrap\"><\/div><\/div>\n\n\n\n<h1 class=\"wp-block-heading has-text-align-center\"><strong>El papel fundamental de la iluminaci\u00f3n en las organizaciones sanitarias<\/strong><strong><\/strong><\/h1>\n\n\n\n<figure class=\"wp-block-image aligncenter size-full\"><img decoding=\"async\" width=\"876\" height=\"470\" src=\"https:\/\/led.amasly.com\/wp-content\/uploads\/2025\/07\/Healthcare-Organizations.png\" alt=\"\" class=\"wp-image-4079\" title=\"\" srcset=\"https:\/\/led.amasly.com\/wp-content\/uploads\/2025\/07\/Healthcare-Organizations.png 876w, https:\/\/led.amasly.com\/wp-content\/uploads\/2025\/07\/Healthcare-Organizations-300x161.png 300w, https:\/\/led.amasly.com\/wp-content\/uploads\/2025\/07\/Healthcare-Organizations-768x412.png 768w, https:\/\/led.amasly.com\/wp-content\/uploads\/2025\/07\/Healthcare-Organizations-18x10.png 18w\" sizes=\"(max-width: 876px) 100vw, 876px\" \/><\/figure>\n\n\n\n<p>La iluminaci\u00f3n sanitaria encarna la integraci\u00f3n de forma y funci\u00f3n. Adem\u00e1s de complementar el dise\u00f1o general, las soluciones de iluminaci\u00f3n sanitaria deben ofrecer una amplia gama de opciones precisas de distribuci\u00f3n de la luz para crear entornos luminosos multicapa que favorezcan la sincronizaci\u00f3n de los ritmos circadianos sin la distracci\u00f3n del deslumbramiento, al tiempo que sean f\u00e1ciles de mantener y capaces de soportar los rigores de los procesos de limpieza.<\/p>\n\n\n\n<p>Con la creciente concienciaci\u00f3n sobre los efectos de la luz en la biolog\u00eda humana y la importancia cada vez mayor de la luz en la creaci\u00f3n de entornos agradables y no institucionalizados, cada vez es mayor el deseo de flexibilidad en la salida espectral y el control de los sistemas de iluminaci\u00f3n de los hospitales.<\/p>\n\n\n\n<p>Con la vista puesta en el bienestar de los pacientes y el personal sanitario, el sector de la arquitectura, la ingenier\u00eda y la construcci\u00f3n (AEC) y los directivos de centros sanitarios buscan soluciones de iluminaci\u00f3n bien configuradas que favorezcan la curaci\u00f3n y equilibren las necesidades visuales con las exigencias del ritmo circadiano.<\/p>\n\n\n\n<h2 class=\"wp-block-heading\"><strong>forma de construcci\u00f3n<\/strong><strong><\/strong><\/h2>\n\n\n\n<p>Cientos de estudios han examinado el impacto del dise\u00f1o hospitalario en los resultados cl\u00ednicos. Las pruebas sugieren que el dise\u00f1o desempe\u00f1a un papel importante: los entornos de calidad pueden ser una herramienta importante para aumentar la seguridad, promover la rehabilitaci\u00f3n y mejorar la comodidad en el trabajo en los hospitales. Por este motivo, los sistemas de iluminaci\u00f3n institucionalizados del pasado han sido sustituidos por luminarias que combinan forma y funci\u00f3n, tales como <strong>Luminarias LED que se integran en la arquitectura y proporcionan una luz suave e indirecta.<\/strong><strong><\/strong><\/p>\n\n\n\n<figure class=\"wp-block-image size-full\"><img decoding=\"async\" width=\"876\" height=\"507\" src=\"https:\/\/led.amasly.com\/wp-content\/uploads\/2025\/07\/Healthcare-Organizations-lighting.png\" alt=\"\" class=\"wp-image-4080\" title=\"\" srcset=\"https:\/\/led.amasly.com\/wp-content\/uploads\/2025\/07\/Healthcare-Organizations-lighting.png 876w, https:\/\/led.amasly.com\/wp-content\/uploads\/2025\/07\/Healthcare-Organizations-lighting-300x174.png 300w, https:\/\/led.amasly.com\/wp-content\/uploads\/2025\/07\/Healthcare-Organizations-lighting-768x444.png 768w, https:\/\/led.amasly.com\/wp-content\/uploads\/2025\/07\/Healthcare-Organizations-lighting-18x10.png 18w\" sizes=\"(max-width: 876px) 100vw, 876px\" \/><\/figure>\n\n\n\n<h2 class=\"wp-block-heading\"><strong>&nbsp;<\/strong><\/h2>\n\n\n\n<h2 class=\"wp-block-heading\"><strong>Ritmos circadianos y mejores resultados en la rehabilitaci\u00f3n de pacientes<\/strong><strong><\/strong><\/h2>\n\n\n\n<p>Las investigaciones sobre los ritmos circadianos humanos, su relaci\u00f3n con la salud en general y el modo en que la luz afecta a los ritmos circadianos han servido de base para el dise\u00f1o de la iluminaci\u00f3n sanitaria. Por desgracia, muchos hospitales no suelen tener suficiente luz durante el d\u00eda ni suficiente luz por la noche para seguir el patr\u00f3n circadiano natural del cuerpo. Hay varias formas de conseguirlo, entre ellas <strong>iluminaci\u00f3n de temperatura de color regulable, tecnolog\u00eda espectral biodin\u00e1mica o utilizaci\u00f3n de una sola fuente luminosa de temperatura de color correlacionada (CCT) regulable en intensidad.<\/strong><\/p>\n\n\n\n<p><strong>Los estudios han demostrado que un cierto nivel de exposici\u00f3n al espectro de luz azul altera la producci\u00f3n corporal de <\/strong>melatonina<strong>.<\/strong>&nbsp;Limitar la exposici\u00f3n a la luz azul por la noche, en particular, puede aumentar la secreci\u00f3n de melatonina, favoreciendo as\u00ed el sue\u00f1o. Una configuraci\u00f3n cuidadosa de la iluminaci\u00f3n de las habitaciones de los pacientes que equilibre las necesidades visuales con las circadianas puede ayudar a mejorar la recuperaci\u00f3n. La iluminaci\u00f3n circadiana no s\u00f3lo tiene que ver con luminarias individuales o zonas separadas, sino con todo el entorno de iluminaci\u00f3n en su conjunto.<\/p>\n\n\n\n<h2 class=\"wp-block-heading\"><strong>Reducir los errores del personal sanitario<\/strong><strong><\/strong><\/h2>\n\n\n\n<p>Las enfermeras y los m\u00e9dicos de los hospitales trabajan a menudo en entornos estresantes en los que deben cumplir una serie de obligaciones complejas y tareas cr\u00edticas de atenci\u00f3n al paciente. La iluminaci\u00f3n de los puestos de enfermer\u00eda debe aumentar la productividad, no suponer un obst\u00e1culo. Hay estudios que demuestran que proporcionar una iluminaci\u00f3n adecuada en las zonas de dispensaci\u00f3n es una de las soluciones ambientales m\u00e1s importantes para evitar errores, <strong>los m\u00e9todos y tecnolog\u00edas de iluminaci\u00f3n innovadores deben ser una consideraci\u00f3n importante a la hora de construir o remodelar hospitales.<\/strong><strong><\/strong><\/p>\n\n\n\n<figure class=\"wp-block-image size-full\"><img decoding=\"async\" width=\"876\" height=\"470\" src=\"https:\/\/led.amasly.com\/wp-content\/uploads\/2025\/07\/Healthcare-Organizations-1.png\" alt=\"\" class=\"wp-image-4081\" title=\"\" srcset=\"https:\/\/led.amasly.com\/wp-content\/uploads\/2025\/07\/Healthcare-Organizations-1.png 876w, https:\/\/led.amasly.com\/wp-content\/uploads\/2025\/07\/Healthcare-Organizations-1-300x161.png 300w, https:\/\/led.amasly.com\/wp-content\/uploads\/2025\/07\/Healthcare-Organizations-1-768x412.png 768w, https:\/\/led.amasly.com\/wp-content\/uploads\/2025\/07\/Healthcare-Organizations-1-18x10.png 18w\" sizes=\"(max-width: 876px) 100vw, 876px\" \/><\/figure>\n\n\n\n<p><br><strong>Control de infecciones y f\u00e1cil mantenimiento<\/strong><strong><\/strong><\/p>\n\n\n\n<p><strong>En los entornos sanitarios, las luminarias deben cumplir estrictas normas de control de infecciones y, al mismo tiempo, ser f\u00e1ciles de mantener.<\/strong>&nbsp;Seg\u00fan los Centros para el Control y la Prevenci\u00f3n de Enfermedades de EE.UU., aproximadamente 1 de cada 25 pacientes hospitalizados contraer\u00e1 un germen en un centro sanitario.<\/p>\n\n\n\n<p class=\"has-text-align-left\">Una forma de reducir estas infecciones asociadas a la asistencia sanitaria es asegurarse de que los pat\u00f3genos no puedan entrar en esas luminarias de dif\u00edcil acceso. La instalaci\u00f3n de luminarias dise\u00f1adas con materiales y acabados, como revestimientos antimicrobianos, dise\u00f1ados para resistir los procesos de limpieza de los hospitales limita la entrada de pat\u00f3genos en las luminarias, garantiza que no se da\u00f1en durante la limpieza y reduce la capacidad de los pat\u00f3genos de proliferar en las luminarias aunque no se limpien a tiempo.<\/p>\n\n\n\n<div class=\"wp-block-uagb-container uagb-block-c7d898dd alignfull uagb-is-root-container\"><div class=\"uagb-container-inner-blocks-wrap\"><\/div><\/div>\n\n\n\n<h2 class=\"wp-block-heading\">Productos relacionados<\/h2>\n\n\n\n<div class=\"wp-block-uagb-container uagb-block-66e4defc alignfull uagb-is-root-container\"><div class=\"uagb-container-inner-blocks-wrap\">\n<div class=\"wp-block-uagb-container uagb-block-a42945f9\">\n<div class=\"wp-block-uagb-image uagb-block-7296296b wp-block-uagb-image--layout-default wp-block-uagb-image--effect-static wp-block-uagb-image--align-none\"><figure class=\"wp-block-uagb-image__figure\"><a class=\"\" href=\"https:\/\/led.amasly.com\/es_mx\/products\/\" target=\"\" rel=\"noopener\"><img decoding=\"async\" srcset=\"https:\/\/led.amasly.com\/wp-content\/uploads\/2024\/09\/Explosion-proof-high-bay-lights.png ,https:\/\/led.amasly.com\/wp-content\/uploads\/2024\/09\/Explosion-proof-high-bay-lights.png 780w, https:\/\/led.amasly.com\/wp-content\/uploads\/2024\/09\/Explosion-proof-high-bay-lights.png 360w\" sizes=\"auto, (max-width: 480px) 150px\" src=\"https:\/\/led.amasly.com\/wp-content\/uploads\/2024\/09\/Explosion-proof-high-bay-lights.png\" alt=\"\" class=\"uag-image-1495\" width=\"300\" height=\"300\" title=\"Luces de gran altura a prueba de explosiones\" loading=\"lazy\" role=\"img\"><\/a><\/figure><\/div>\n<\/div>\n\n\n\n<div class=\"wp-block-uagb-container uagb-block-4d3efde5\">\n<div class=\"wp-block-uagb-image uagb-block-c9e90797 wp-block-uagb-image--layout-default wp-block-uagb-image--effect-static wp-block-uagb-image--align-none\"><figure class=\"wp-block-uagb-image__figure\"><a class=\"\" href=\"https:\/\/led.amasly.com\/es_mx\/products\/\" target=\"\" rel=\"noopener\"><img decoding=\"async\" srcset=\"https:\/\/led.amasly.com\/wp-content\/uploads\/2024\/07\/LED-tri-proof-lights2.png ,https:\/\/led.amasly.com\/wp-content\/uploads\/2024\/07\/LED-tri-proof-lights2.png 780w, https:\/\/led.amasly.com\/wp-content\/uploads\/2024\/07\/LED-tri-proof-lights2.png 360w\" sizes=\"auto, (max-width: 480px) 150px\" src=\"https:\/\/led.amasly.com\/wp-content\/uploads\/2024\/07\/LED-tri-proof-lights2.png\" alt=\"\" class=\"uag-image-1132\" width=\"300\" height=\"300\" title=\"Luces LED-tri-proof2\" loading=\"lazy\" role=\"img\"><\/a><\/figure><\/div>\n<\/div>\n\n\n\n<div class=\"wp-block-uagb-container uagb-block-11c2578b\">\n<div class=\"wp-block-uagb-image uagb-block-6e8883aa wp-block-uagb-image--layout-default wp-block-uagb-image--effect-static wp-block-uagb-image--align-none\"><figure class=\"wp-block-uagb-image__figure\"><a class=\"\" href=\"https:\/\/led.amasly.com\/es_mx\/products\/\" target=\"\" rel=\"noopener\"><img decoding=\"async\" srcset=\"https:\/\/led.amasly.com\/wp-content\/uploads\/2024\/09\/LED-Explosion-Proof-Gas-Station-Light.png ,https:\/\/led.amasly.com\/wp-content\/uploads\/2024\/09\/LED-Explosion-Proof-Gas-Station-Light.png 780w, https:\/\/led.amasly.com\/wp-content\/uploads\/2024\/09\/LED-Explosion-Proof-Gas-Station-Light.png 360w\" sizes=\"auto, (max-width: 480px) 150px\" src=\"https:\/\/led.amasly.com\/wp-content\/uploads\/2024\/09\/LED-Explosion-Proof-Gas-Station-Light.png\" alt=\"\" class=\"uag-image-1501\" width=\"300\" height=\"300\" title=\"L\u00e1mpara LED antideflagrante para gasolineras\" loading=\"lazy\" role=\"img\"><\/a><\/figure><\/div>\n<\/div>\n<\/div><\/div>\n\n\n\n<div class=\"wp-block-uagb-container uagb-block-548945b5 alignfull uagb-is-root-container\"><div class=\"uagb-container-inner-blocks-wrap\">\n<div class=\"wp-block-uagb-container uagb-block-967755d5\">\n<h4 class=\"wp-block-heading has-text-align-center\"><a href=\"https:\/\/led.amasly.com\/es_mx\/products\/\">Luces LED antideflagrantes<\/a><\/h4>\n<\/div>\n\n\n\n<div class=\"wp-block-uagb-container uagb-block-9bc52fc2\">\n<h4 class=\"wp-block-heading has-text-align-center\"><a href=\"https:\/\/led.amasly.com\/es_mx\/products\/\">Luces LED Tri-Proof<\/a><\/h4>\n<\/div>\n\n\n\n<div class=\"wp-block-uagb-container uagb-block-8ffa0a23\">\n<h4 class=\"wp-block-heading has-text-align-center\"><a href=\"https:\/\/led.amasly.com\/es_mx\/products\/\">Luces de gasolinera a prueba de explosiones<\/a><\/h4>\n<\/div>\n<\/div><\/div>\n\n\n\n<div class=\"wp-block-uagb-container uagb-block-29499fe0 alignfull uagb-is-root-container\"><div class=\"uagb-container-inner-blocks-wrap\">\n<div class=\"wp-block-uagb-container uagb-block-777ee1c7\">\n<div class=\"wp-block-uagb-image uagb-block-2e9a1851 wp-block-uagb-image--layout-default wp-block-uagb-image--effect-static wp-block-uagb-image--align-none\"><figure class=\"wp-block-uagb-image__figure\"><a class=\"\" href=\"https:\/\/led.amasly.com\/es_mx\/products\/\" target=\"\" rel=\"noopener\"><img decoding=\"async\" srcset=\"https:\/\/led.amasly.com\/wp-content\/uploads\/2024\/10\/50W-100W-150W-200W-300W-LED-Flood-Light.jpg ,https:\/\/led.amasly.com\/wp-content\/uploads\/2024\/10\/50W-100W-150W-200W-300W-LED-Flood-Light.jpg 780w, https:\/\/led.amasly.com\/wp-content\/uploads\/2024\/10\/50W-100W-150W-200W-300W-LED-Flood-Light.jpg 360w\" sizes=\"auto, (max-width: 480px) 150px\" src=\"https:\/\/led.amasly.com\/wp-content\/uploads\/2024\/10\/50W-100W-150W-200W-300W-LED-Flood-Light.jpg\" alt=\"\" class=\"uag-image-1526\" width=\"300\" height=\"300\" title=\"L\u00e1mpara de inundaci\u00f3n LED 50W 100W 150W 200W 300W\" loading=\"lazy\" role=\"img\"><\/a><\/figure><\/div>\n<\/div>\n\n\n\n<div class=\"wp-block-uagb-container uagb-block-af8c8683\">\n<div class=\"wp-block-uagb-image uagb-block-67947854 wp-block-uagb-image--layout-default wp-block-uagb-image--effect-static wp-block-uagb-image--align-none\"><figure class=\"wp-block-uagb-image__figure\"><a class=\"\" href=\"https:\/\/led.amasly.com\/es_mx\/products\/\" target=\"\" rel=\"noopener\"><img decoding=\"async\" srcset=\"https:\/\/led.amasly.com\/wp-content\/uploads\/2024\/07\/led-tri-proof-light.png ,https:\/\/led.amasly.com\/wp-content\/uploads\/2024\/07\/led-tri-proof-light.png 780w, https:\/\/led.amasly.com\/wp-content\/uploads\/2024\/07\/led-tri-proof-light.png 360w\" sizes=\"auto, (max-width: 480px) 150px\" src=\"https:\/\/led.amasly.com\/wp-content\/uploads\/2024\/07\/led-tri-proof-light.png\" alt=\"\" class=\"uag-image-1130\" width=\"300\" height=\"300\" title=\"luz led-tri-proof\" loading=\"lazy\" role=\"img\"><\/a><\/figure><\/div>\n<\/div>\n\n\n\n<div class=\"wp-block-uagb-container uagb-block-0fdfdd58\">\n<div class=\"wp-block-uagb-image uagb-block-1187d32d wp-block-uagb-image--layout-default wp-block-uagb-image--effect-static wp-block-uagb-image--align-none\"><figure class=\"wp-block-uagb-image__figure\"><a class=\"\" href=\"https:\/\/led.amasly.com\/es_mx\/products\/\" target=\"\" rel=\"noopener\"><img decoding=\"async\" srcset=\"https:\/\/led.amasly.com\/wp-content\/uploads\/2024\/07\/LED-street-light.jpg ,https:\/\/led.amasly.com\/wp-content\/uploads\/2024\/07\/LED-street-light.jpg 780w, https:\/\/led.amasly.com\/wp-content\/uploads\/2024\/07\/LED-street-light.jpg 360w\" sizes=\"auto, (max-width: 480px) 150px\" src=\"https:\/\/led.amasly.com\/wp-content\/uploads\/2024\/07\/LED-street-light.jpg\" alt=\"\" class=\"uag-image-1145\" width=\"300\" height=\"300\" title=\"Alumbrado p\u00fablico LED\" loading=\"lazy\" role=\"img\"><\/a><\/figure><\/div>\n<\/div>\n<\/div><\/div>\n\n\n\n<div class=\"wp-block-uagb-container uagb-block-6a60882c alignfull uagb-is-root-container\"><div class=\"uagb-container-inner-blocks-wrap\">\n<div class=\"wp-block-uagb-container uagb-block-f1e91a35\">\n<h4 class=\"wp-block-heading has-text-align-center\"><a href=\"https:\/\/led.amasly.com\/es_mx\/products\/\">Proyectores LED<\/a><\/h4>\n<\/div>\n\n\n\n<div class=\"wp-block-uagb-container uagb-block-165bfa58\">\n<h4 class=\"wp-block-heading has-text-align-center\"><a href=\"https:\/\/led.amasly.com\/es_mx\/products\/\">Tubos de luz LED trif\u00e1sicos<\/a><\/h4>\n<\/div>\n\n\n\n<div class=\"wp-block-uagb-container uagb-block-f6096e3b\">\n<h4 class=\"wp-block-heading has-text-align-center\"><a href=\"https:\/\/led.amasly.com\/es_mx\/products\/\">Alumbrado p\u00fablico LED<\/a><\/h4>\n<\/div>\n<\/div><\/div>\n\n\n\n<div class=\"wp-block-uagb-container uagb-block-99c0e0a5 alignfull uagb-is-root-container\"><div class=\"uagb-container-inner-blocks-wrap\"><\/div><\/div>\n\n\n\n<p><\/p>","protected":false},"excerpt":{"rendered":"<p>The Critical Role of Lighting in Healthcare Organizations Healthcare lighting embodies the integration of form and function. In addition to complementing the overall design, healthcare lighting solutions should offer a wide range of precise light distribution options to create multi-layered light environments that promote synchronization of circadian rhythms without the distraction of glare, while being [&hellip;]<\/p>\n","protected":false},"author":1,"featured_media":0,"parent":2984,"menu_order":0,"comment_status":"closed","ping_status":"closed","template":"","meta":{"_uag_custom_page_level_css":"","site-sidebar-layout":"no-sidebar","site-content-layout":"","ast-site-content-layout":"default","site-content-style":"default","site-sidebar-style":"default","ast-global-header-display":"","ast-banner-title-visibility":"","ast-main-header-display":"","ast-hfb-above-header-display":"","ast-hfb-below-header-display":"","ast-hfb-mobile-header-display":"","site-post-title":"disabled","ast-breadcrumbs-content":"","ast-featured-img":"","footer-sml-layout":"","ast-disable-related-posts":"","theme-transparent-header-meta":"enabled","adv-header-id-meta":"","stick-header-meta":"","header-above-stick-meta":"","header-main-stick-meta":"","header-below-stick-meta":"","astra-migrate-meta-layouts":"set","ast-page-background-enabled":"default","ast-page-background-meta":{"desktop":{"background-color":"var(--ast-global-color-4)","background-image":"","background-repeat":"repeat","background-position":"center center","background-size":"auto","background-attachment":"scroll","background-type":"","background-media":"","overlay-type":"","overlay-color":"","overlay-opacity":"","overlay-gradient":""},"tablet":{"background-color":"","background-image":"","background-repeat":"repeat","background-position":"center center","background-size":"auto","background-attachment":"scroll","background-type":"","background-media":"","overlay-type":"","overlay-color":"","overlay-opacity":"","overlay-gradient":""},"mobile":{"background-color":"","background-image":"","background-repeat":"repeat","background-position":"center center","background-size":"auto","background-attachment":"scroll","background-type":"","background-media":"","overlay-type":"","overlay-color":"","overlay-opacity":"","overlay-gradient":""}},"ast-content-background-meta":{"desktop":{"background-color":"var(--ast-global-color-5)","background-image":"","background-repeat":"repeat","background-position":"center center","background-size":"auto","background-attachment":"scroll","background-type":"","background-media":"","overlay-type":"","overlay-color":"","overlay-opacity":"","overlay-gradient":""},"tablet":{"background-color":"var(--ast-global-color-5)","background-image":"","background-repeat":"repeat","background-position":"center center","background-size":"auto","background-attachment":"scroll","background-type":"","background-media":"","overlay-type":"","overlay-color":"","overlay-opacity":"","overlay-gradient":""},"mobile":{"background-color":"var(--ast-global-color-5)","background-image":"","background-repeat":"repeat","background-position":"center center","background-size":"auto","background-attachment":"scroll","background-type":"","background-media":"","overlay-type":"","overlay-color":"","overlay-opacity":"","overlay-gradient":""}},"footnotes":""},"class_list":["post-4078","page","type-page","status-publish","hentry"],"uagb_featured_image_src":{"full":false,"thumbnail":false,"medium":false,"medium_large":false,"large":false,"1536x1536":false,"2048x2048":false,"trp-custom-language-flag":false},"uagb_author_info":{"display_name":"Joe","author_link":"https:\/\/led.amasly.com\/es_mx\/author\/jacklin\/"},"uagb_comment_info":0,"uagb_excerpt":"The Critical Role of Lighting in Healthcare Organizations Healthcare lighting embodies the integration of form and function. In addition to complementing the overall design, healthcare lighting solutions should offer a wide range of precise light distribution options to create multi-layered light environments that promote synchronization of circadian rhythms without the distraction of glare, while being&hellip;","_links":{"self":[{"href":"https:\/\/led.amasly.com\/es_mx\/wp-json\/wp\/v2\/pages\/4078","targetHints":{"allow":["GET"]}}],"collection":[{"href":"https:\/\/led.amasly.com\/es_mx\/wp-json\/wp\/v2\/pages"}],"about":[{"href":"https:\/\/led.amasly.com\/es_mx\/wp-json\/wp\/v2\/types\/page"}],"author":[{"embeddable":true,"href":"https:\/\/led.amasly.com\/es_mx\/wp-json\/wp\/v2\/users\/1"}],"replies":[{"embeddable":true,"href":"https:\/\/led.amasly.com\/es_mx\/wp-json\/wp\/v2\/comments?post=4078"}],"version-history":[{"count":1,"href":"https:\/\/led.amasly.com\/es_mx\/wp-json\/wp\/v2\/pages\/4078\/revisions"}],"predecessor-version":[{"id":4082,"href":"https:\/\/led.amasly.com\/es_mx\/wp-json\/wp\/v2\/pages\/4078\/revisions\/4082"}],"up":[{"embeddable":true,"href":"https:\/\/led.amasly.com\/es_mx\/wp-json\/wp\/v2\/pages\/2984"}],"wp:attachment":[{"href":"https:\/\/led.amasly.com\/es_mx\/wp-json\/wp\/v2\/media?parent=4078"}],"curies":[{"name":"wp","href":"https:\/\/api.w.org\/{rel}","templated":true}]}}