{"id":4077,"date":"2025-07-05T15:35:18","date_gmt":"2025-07-05T07:35:18","guid":{"rendered":"https:\/\/led.amasly.com\/?page_id=4077"},"modified":"2025-07-05T15:35:26","modified_gmt":"2025-07-05T07:35:26","slug":"which-color-led-light-is-best-for-sleeping","status":"publish","type":"page","link":"https:\/\/led.amasly.com\/es_mx\/knowledge\/led-light-knowledge\/which-color-led-light-is-best-for-sleeping\/","title":{"rendered":"\u00bfQu\u00e9 color de luz LED es mejor para dormir?"},"content":{"rendered":"<div class=\"wp-block-uagb-container uagb-block-27bae773 alignfull uagb-is-root-container\"><div class=\"uagb-container-inner-blocks-wrap\"><\/div><\/div>\n\n\n\n<h1 class=\"wp-block-heading has-text-align-center\"><strong>\u00bfQu\u00e9 color de luz LED es mejor para dormir?<\/strong><strong><br><\/strong><strong><\/strong><\/h1>\n\n\n\n<figure class=\"wp-block-image size-full\"><img decoding=\"async\" width=\"855\" height=\"864\" src=\"https:\/\/led.amasly.com\/wp-content\/uploads\/2025\/07\/sleeping-LED-light.png\" alt=\"\" class=\"wp-image-4083\" title=\"\" srcset=\"https:\/\/led.amasly.com\/wp-content\/uploads\/2025\/07\/sleeping-LED-light.png 855w, https:\/\/led.amasly.com\/wp-content\/uploads\/2025\/07\/sleeping-LED-light-297x300.png 297w, https:\/\/led.amasly.com\/wp-content\/uploads\/2025\/07\/sleeping-LED-light-768x776.png 768w, https:\/\/led.amasly.com\/wp-content\/uploads\/2025\/07\/sleeping-LED-light-12x12.png 12w\" sizes=\"(max-width: 855px) 100vw, 855px\" \/><\/figure>\n\n\n\n<p>A menudo vemos consejos que nos recuerdan que debemos mantenernos alejados de los colores brillantes cerca de la hora de dormir. La verdad es que ciertos colores de luz ayudan a conciliar el sue\u00f1o. Esto se debe a que la hormona melatonina desempe\u00f1a un papel crucial en el ciclo del sue\u00f1o de nuestro cuerpo. Entonces, \u00bfc\u00f3mo afecta exactamente la luz a nuestro sue\u00f1o? \u00bfY qu\u00e9 colores de luces LED le ayudan a dormir?<\/p>\n\n\n\n<figure class=\"wp-block-image size-full\"><img decoding=\"async\" width=\"800\" height=\"533\" src=\"https:\/\/led.amasly.com\/wp-content\/uploads\/2025\/07\/sleeping-lighting.png\" alt=\"\" class=\"wp-image-4084\" title=\"\" srcset=\"https:\/\/led.amasly.com\/wp-content\/uploads\/2025\/07\/sleeping-lighting.png 800w, https:\/\/led.amasly.com\/wp-content\/uploads\/2025\/07\/sleeping-lighting-300x200.png 300w, https:\/\/led.amasly.com\/wp-content\/uploads\/2025\/07\/sleeping-lighting-768x512.png 768w, https:\/\/led.amasly.com\/wp-content\/uploads\/2025\/07\/sleeping-lighting-18x12.png 18w\" sizes=\"(max-width: 800px) 100vw, 800px\" \/><\/figure>\n\n\n\n<h2 class=\"wp-block-heading\"><strong>\u00bfC\u00f3mo afecta la luz al sue\u00f1o?<\/strong><strong><\/strong><\/h2>\n\n\n\n<p>La luz afecta en gran medida a nuestro ritmo circadiano, que es el reloj biol\u00f3gico que controla cu\u00e1ndo necesitamos dormir. Este reloj biol\u00f3gico funciona seg\u00fan un ciclo de 24 horas. Cuando hay luz, el cuerpo sabe que es hora de levantarse; cuando est\u00e1 oscuro, se prepara para dormir.<\/p>\n\n\n\n<p>El cuerpo recibe se\u00f1ales de vigilia y sue\u00f1o a trav\u00e9s del ritmo del amanecer y el atardecer. En concreto, la luz c\u00e1lida del sol poniente puede sugerir que es hora de irse a la cama. Sin embargo, la gente suele utilizar fuentes de luz artificial despu\u00e9s de la puesta de sol, lo que puede alterar el ritmo circadiano y provocar insomnio y otros trastornos del sue\u00f1o.<\/p>\n\n\n\n<p>La hormona natural melatonina, que favorece el sue\u00f1o, tambi\u00e9n se ve afectada por la luz. En ambientes oscuros, la gl\u00e1ndula pineal del cerebro segrega melatonina. Sin embargo, ciertas formas de luz, como la luz azul, inhiben la producci\u00f3n de melatonina.<\/p>\n\n\n\n<h2 class=\"wp-block-heading\"><strong>\u00bfQu\u00e9 color de luz LED es malo para dormir?<\/strong><strong><\/strong><\/h2>\n\n\n\n<p>Los colores fr\u00edos de la luz LED pueden dificultar que el cuerpo concilie el sue\u00f1o en comparaci\u00f3n con los colores m\u00e1s c\u00e1lidos que pueden ayudarle a dormir. Una luz m\u00e1s fr\u00eda puede mantenerte despierto por la noche porque favorece la concentraci\u00f3n y el enfoque.<\/p>\n\n\n\n<p><strong>LUZ AZUL: <\/strong>Las luces nocturnas de luz azul son perjudiciales para el sue\u00f1o porque tienen un efecto espec\u00edfico sobre los ritmos circadianos y pueden actuar sobre los fotorreceptores de los ojos. Adem\u00e1s de suprimir la melatonina, la luz azul ayuda al cuerpo a mantenerse despierto. La exposici\u00f3n frecuente a la luz azul por la noche puede inducir al cuerpo a pensar err\u00f3neamente que a\u00fan es de d\u00eda, lo que puede alterar los ritmos circadianos y reducir la calidad del sue\u00f1o.<\/p>\n\n\n\n<p><strong>Luz verde: <\/strong>Al igual que la luz azul, la luz verde reduce la somnolencia al disminuir la producci\u00f3n de melatonina. Aunque la luz azul reduce los niveles de melatonina el doble que la luz verde, es mejor evitar la exposici\u00f3n a la luz verde antes de acostarse.<\/p>\n\n\n\n<figure class=\"wp-block-image size-full\"><img decoding=\"async\" width=\"800\" height=\"498\" src=\"https:\/\/led.amasly.com\/wp-content\/uploads\/2025\/07\/color-lights.png\" alt=\"\" class=\"wp-image-4085\" title=\"\" srcset=\"https:\/\/led.amasly.com\/wp-content\/uploads\/2025\/07\/color-lights.png 800w, https:\/\/led.amasly.com\/wp-content\/uploads\/2025\/07\/color-lights-300x187.png 300w, https:\/\/led.amasly.com\/wp-content\/uploads\/2025\/07\/color-lights-768x478.png 768w, https:\/\/led.amasly.com\/wp-content\/uploads\/2025\/07\/color-lights-18x12.png 18w\" sizes=\"(max-width: 800px) 100vw, 800px\" \/><\/figure>\n\n\n\n<h2 class=\"wp-block-heading\"><strong>\u00bfQu\u00e9 colores de luz son mejores para dormir?<\/strong><strong><\/strong><\/h2>\n\n\n\n<p>La luz roja y \u00e1mbar son colores ideales para la luz nocturna del sue\u00f1o porque son tonos tranquilizadores y agradables que ayudan a promover un sue\u00f1o reparador. Se cree que los colores cercanos al rojo en el espectro favorecen la s\u00edntesis de melatonina. La luz roja es el color m\u00e1s deseable para dormir porque tiene una temperatura de color m\u00e1s baja que la luz solar normal. Con su temperatura de color m\u00e1s baja y el hecho de que nuestros cerebros no responden tan intensamente a su longitud de onda, la luz roja es ideal para la transici\u00f3n del d\u00eda a la noche sin interrumpir el ciclo del sue\u00f1o.<\/p>\n\n\n\n<p><strong>LUZ \u00c1MBAR: <\/strong>La luz \u00e1mbar favorece la producci\u00f3n de melatonina y nos hace sentir m\u00e1s relajados. Utilizar iluminaci\u00f3n LED \u00e1mbar en nuestros hogares protege nuestros ojos de la da\u00f1ina luz azul y nos permite conciliar el sue\u00f1o f\u00e1cilmente. La luz \u00e1mbar es similar a la longitud de onda \u00e1mbar de la luz de las velas y es un color muy relajante que puede ayudar a conciliar el sue\u00f1o r\u00e1pidamente.<\/p>\n\n\n\n<p><strong>LUZ ROJA: <\/strong>La luz roja tambi\u00e9n es un color ideal para ayudar a conciliar el sue\u00f1o, debido a su temperatura de color m\u00e1s baja y a su respuesta m\u00e1s d\u00e9bil a las longitudes de onda cerebrales, lo que la hace ideal para la transici\u00f3n del d\u00eda a la noche y para ayudar a mantener un buen ciclo de sue\u00f1o.<\/p>\n\n\n\n<figure class=\"wp-block-image size-full\"><img decoding=\"async\" width=\"800\" height=\"534\" src=\"https:\/\/led.amasly.com\/wp-content\/uploads\/2025\/07\/RED-LIGHT.png\" alt=\"\" class=\"wp-image-4086\" title=\"\" srcset=\"https:\/\/led.amasly.com\/wp-content\/uploads\/2025\/07\/RED-LIGHT.png 800w, https:\/\/led.amasly.com\/wp-content\/uploads\/2025\/07\/RED-LIGHT-300x200.png 300w, https:\/\/led.amasly.com\/wp-content\/uploads\/2025\/07\/RED-LIGHT-768x513.png 768w, https:\/\/led.amasly.com\/wp-content\/uploads\/2025\/07\/RED-LIGHT-18x12.png 18w\" sizes=\"(max-width: 800px) 100vw, 800px\" \/><\/figure>\n\n\n\n<p>De lejos <strong>el color de luz LED m\u00e1s \u00fatil para un sue\u00f1o relajante es el rojo.<\/strong>&nbsp;Elegir una luz LED roja como luz para dormir garantiza que no perturbar\u00e1 su ritmo circadiano. Por lo tanto, si utiliza la luz roja unas horas antes de acostarse, sin duda le resultar\u00e1 m\u00e1s f\u00e1cil conciliar el sue\u00f1o. Adem\u00e1s, si se despierta durante la noche, la luz roja es m\u00e1s \u00fatil para ayudarle a conciliar el sue\u00f1o que la luz azul o verde.<\/p>\n\n\n\n<p>Entonces, \u00bfpor qu\u00e9 la luz roja es el mejor color de luz LED para dormir? Debido a su mayor longitud de onda (alrededor de 620-750 nan\u00f3metros), la luz roja tiene un efecto inhibidor m\u00e1s d\u00e9bil sobre la secreci\u00f3n de melatonina. Mientras que la luz azul y verde con longitudes de onda entre 450-495 nan\u00f3metros y 495-570 nan\u00f3metros afecta negativamente a los niveles de melatonina, alterando as\u00ed los patrones de sue\u00f1o. Los estudios cient\u00edficos han demostrado que nuestros ojos son m\u00e1s sensibles a la luz azul, lo que convierte a esta longitud de onda en el factor m\u00e1s potente a la hora de alterar los procesos fisiol\u00f3gicos de nuestro organismo durante la noche.<\/p>\n\n\n\n<h2 class=\"wp-block-heading\"><strong>Entonces, \u00bfcu\u00e1l es la temperatura de color \u00f3ptima de los LED para dormir?<\/strong><strong><\/strong><\/h2>\n\n\n\n<p>Adem\u00e1s de elegir bombillas LED de distintos colores, puede mejorar su ambiente de iluminaci\u00f3n interior utilizando bombillas LED blancas con temperaturas de color que van de los tonos c\u00e1lidos a los fr\u00edos.<strong>&nbsp;Para dormir, las luces LED de tonos amarillos c\u00e1lidos con temperaturas de color entre 2700K y 3500K funcionan mejor.<\/strong>&nbsp;Estas luces LED tienen una menor emisi\u00f3n de luz azul, lo que reduce la probabilidad de alterar los ritmos circadianos.<\/p>\n\n\n\n<p>A continuaci\u00f3n se ofrece informaci\u00f3n sobre los niveles \u00f3ptimos de temperatura de color de los LED para distintos entornos relacionados con el sue\u00f1o:<\/p>\n\n\n\n<p>2700K - 3500K, zona de relajaci\u00f3n a la hora de dormir, 9\/10 (la m\u00e1s propicia para dormir)<\/p>\n\n\n\n<p>2700K - 3500K, iluminaci\u00f3n del n\u00facleo del dormitorio, 10\/10<\/p>\n\n\n\n<p>4000K - 5000K, regi\u00f3n de vigilia, 5\/10 (puede retrasar la puntuaci\u00f3n de melatonina)<\/p>\n\n\n\n<figure class=\"wp-block-image size-full\"><img decoding=\"async\" width=\"800\" height=\"600\" src=\"https:\/\/led.amasly.com\/wp-content\/uploads\/2025\/07\/sleep-LED-color-temperature.png\" alt=\"\" class=\"wp-image-4087\" title=\"\" srcset=\"https:\/\/led.amasly.com\/wp-content\/uploads\/2025\/07\/sleep-LED-color-temperature.png 800w, https:\/\/led.amasly.com\/wp-content\/uploads\/2025\/07\/sleep-LED-color-temperature-300x225.png 300w, https:\/\/led.amasly.com\/wp-content\/uploads\/2025\/07\/sleep-LED-color-temperature-768x576.png 768w, https:\/\/led.amasly.com\/wp-content\/uploads\/2025\/07\/sleep-LED-color-temperature-16x12.png 16w\" sizes=\"(max-width: 800px) 100vw, 800px\" \/><\/figure>\n\n\n\n<h2 class=\"wp-block-heading\"><strong>Elegir el color de luz LED adecuado para cada espacio<\/strong><strong><\/strong><\/h2>\n\n\n\n<p><strong>DORMITORIO: <\/strong>Las luces LED rojas o \u00e1mbar son las mejores para conciliar el sue\u00f1o. Se adaptan al ciclo de sue\u00f1o inherente al cuerpo y crean un entorno tranquilo que ayuda a conciliar el sue\u00f1o.<\/p>\n\n\n\n<p><strong>Oficina y sala de estar: <\/strong>Aunque estos dos lugares no son ideales para dormir, el uso de iluminaci\u00f3n con temperaturas de color ajustables puede ayudar en la transici\u00f3n de un estado activo a uno relajado. Utilizar iluminaci\u00f3n \u00e1mbar por la noche puede ayudar a preparar el cuerpo para el sue\u00f1o.<\/p>\n\n\n\n<p><strong>Salas para beb\u00e9s y ni\u00f1os peque\u00f1os: <\/strong>Se recomiendan luces nocturnas de color rojo suave, \u00e1mbar o rosa para beb\u00e9s y ni\u00f1os, ya que estos colores favorecen la relajaci\u00f3n sin alterar el ciclo sue\u00f1o-despertar.<\/p>\n\n\n\n<p><strong>Despertar: <\/strong>Las luces m\u00e1s brillantes, como la blanca o la azul, pueden utilizarse por la ma\u00f1ana para aumentar el estado de alerta y avisar al cuerpo de que es hora de levantarse.<\/p>\n\n\n\n<p>Para adaptar la iluminaci\u00f3n LED a diferentes ocasiones, las luces LED RGB son excelentes opciones. Estas bombillas\/tiras que cambian de color presentan una amplia gama de colores mediante una combinaci\u00f3n de colores primarios rojo, verde y azul. La mejor iluminaci\u00f3n para conciliar el sue\u00f1o son las luces LED regulables en temperatura de color, que permiten controlar el espectro de luz blanca para adaptarse a las distintas necesidades de actividad.<\/p>\n\n\n\n<h2 class=\"wp-block-heading\"><strong>Preguntas frecuentes<\/strong><strong><\/strong><\/h2>\n\n\n\n<p><strong>P: \u00bfLa luz azul de las luces LED es mala para los ojos?<\/strong><\/p>\n\n\n\n<p><strong>A: <\/strong>Cuando se est\u00e1 expuesto a luz azul de alta intensidad, las personas experimentan anomal\u00edas en la visi\u00f3n de los colores y tambi\u00e9n tienen problemas de deslumbramiento. Sin embargo, la intensidad de la luz azul emitida por las luces LED utilizadas en el hogar no suele alcanzar niveles perjudiciales para los ojos.<\/p>\n\n\n\n<p><strong>P: \u00bfQu\u00e9 color de luz LED es el m\u00e1s brillante?<\/strong><br><strong>&nbsp;A: <\/strong>El ojo humano es m\u00e1s sensible a los colores de longitud de onda corta (como el azul) al mismo nivel de luminosidad. Por lo tanto, las luces de colores m\u00e1s fr\u00edos tienden a parecer un poco m\u00e1s brillantes.<\/p>\n\n\n\n<p><strong>P: \u00bfD\u00f3nde se aplican la luz c\u00e1lida y la luz fr\u00eda?<\/strong><br><strong>&nbsp;A: <\/strong>En zonas residenciales, se prefiere la luz blanca c\u00e1lida para crear un ambiente relajante. En lugares donde se requiere atenci\u00f3n y claridad visual, como lugares de trabajo y estaciones, el uso de luz fr\u00eda es esencial.<\/p>\n\n\n\n<h2 class=\"wp-block-heading\"><strong>Resumen<\/strong><\/h2>\n\n\n\n<p class=\"has-text-align-left\">Comprender la relaci\u00f3n entre la luz y el sue\u00f1o y crear un entorno que le ayude a dormir es crucial. Elegir el color adecuado de las luces LED, como las bombillas rojas para conciliar el sue\u00f1o, puede mejorar mucho la calidad del sue\u00f1o.<\/p>\n\n\n\n<div class=\"wp-block-uagb-container uagb-block-c7d898dd alignfull uagb-is-root-container\"><div class=\"uagb-container-inner-blocks-wrap\"><\/div><\/div>\n\n\n\n<h2 class=\"wp-block-heading\">Productos relacionados<\/h2>\n\n\n\n<div class=\"wp-block-uagb-container uagb-block-66e4defc alignfull uagb-is-root-container\"><div class=\"uagb-container-inner-blocks-wrap\">\n<div class=\"wp-block-uagb-container uagb-block-a42945f9\">\n<div class=\"wp-block-uagb-image uagb-block-7296296b wp-block-uagb-image--layout-default wp-block-uagb-image--effect-static wp-block-uagb-image--align-none\"><figure class=\"wp-block-uagb-image__figure\"><a class=\"\" href=\"https:\/\/led.amasly.com\/es_mx\/products\/\" target=\"\" rel=\"noopener\"><img decoding=\"async\" srcset=\"https:\/\/led.amasly.com\/wp-content\/uploads\/2024\/09\/Explosion-proof-high-bay-lights.png ,https:\/\/led.amasly.com\/wp-content\/uploads\/2024\/09\/Explosion-proof-high-bay-lights.png 780w, https:\/\/led.amasly.com\/wp-content\/uploads\/2024\/09\/Explosion-proof-high-bay-lights.png 360w\" sizes=\"auto, (max-width: 480px) 150px\" src=\"https:\/\/led.amasly.com\/wp-content\/uploads\/2024\/09\/Explosion-proof-high-bay-lights.png\" alt=\"\" class=\"uag-image-1495\" width=\"300\" height=\"300\" title=\"Luces de gran altura a prueba de explosiones\" loading=\"lazy\" role=\"img\"><\/a><\/figure><\/div>\n<\/div>\n\n\n\n<div class=\"wp-block-uagb-container uagb-block-4d3efde5\">\n<div class=\"wp-block-uagb-image uagb-block-c9e90797 wp-block-uagb-image--layout-default wp-block-uagb-image--effect-static wp-block-uagb-image--align-none\"><figure class=\"wp-block-uagb-image__figure\"><a class=\"\" href=\"https:\/\/led.amasly.com\/es_mx\/products\/\" target=\"\" rel=\"noopener\"><img decoding=\"async\" srcset=\"https:\/\/led.amasly.com\/wp-content\/uploads\/2024\/07\/LED-tri-proof-lights2.png ,https:\/\/led.amasly.com\/wp-content\/uploads\/2024\/07\/LED-tri-proof-lights2.png 780w, https:\/\/led.amasly.com\/wp-content\/uploads\/2024\/07\/LED-tri-proof-lights2.png 360w\" sizes=\"auto, (max-width: 480px) 150px\" src=\"https:\/\/led.amasly.com\/wp-content\/uploads\/2024\/07\/LED-tri-proof-lights2.png\" alt=\"\" class=\"uag-image-1132\" width=\"300\" height=\"300\" title=\"Luces LED-tri-proof2\" loading=\"lazy\" role=\"img\"><\/a><\/figure><\/div>\n<\/div>\n\n\n\n<div class=\"wp-block-uagb-container uagb-block-11c2578b\">\n<div class=\"wp-block-uagb-image uagb-block-6e8883aa wp-block-uagb-image--layout-default wp-block-uagb-image--effect-static wp-block-uagb-image--align-none\"><figure class=\"wp-block-uagb-image__figure\"><a class=\"\" href=\"https:\/\/led.amasly.com\/es_mx\/products\/\" target=\"\" rel=\"noopener\"><img decoding=\"async\" srcset=\"https:\/\/led.amasly.com\/wp-content\/uploads\/2024\/09\/LED-Explosion-Proof-Gas-Station-Light.png ,https:\/\/led.amasly.com\/wp-content\/uploads\/2024\/09\/LED-Explosion-Proof-Gas-Station-Light.png 780w, https:\/\/led.amasly.com\/wp-content\/uploads\/2024\/09\/LED-Explosion-Proof-Gas-Station-Light.png 360w\" sizes=\"auto, (max-width: 480px) 150px\" src=\"https:\/\/led.amasly.com\/wp-content\/uploads\/2024\/09\/LED-Explosion-Proof-Gas-Station-Light.png\" alt=\"\" class=\"uag-image-1501\" width=\"300\" height=\"300\" title=\"L\u00e1mpara LED antideflagrante para gasolineras\" loading=\"lazy\" role=\"img\"><\/a><\/figure><\/div>\n<\/div>\n<\/div><\/div>\n\n\n\n<div class=\"wp-block-uagb-container uagb-block-548945b5 alignfull uagb-is-root-container\"><div class=\"uagb-container-inner-blocks-wrap\">\n<div class=\"wp-block-uagb-container uagb-block-967755d5\">\n<h4 class=\"wp-block-heading has-text-align-center\"><a href=\"https:\/\/led.amasly.com\/es_mx\/products\/\">Luces LED antideflagrantes<\/a><\/h4>\n<\/div>\n\n\n\n<div class=\"wp-block-uagb-container uagb-block-9bc52fc2\">\n<h4 class=\"wp-block-heading has-text-align-center\"><a href=\"https:\/\/led.amasly.com\/es_mx\/products\/\">Luces LED Tri-Proof<\/a><\/h4>\n<\/div>\n\n\n\n<div class=\"wp-block-uagb-container uagb-block-8ffa0a23\">\n<h4 class=\"wp-block-heading has-text-align-center\"><a href=\"https:\/\/led.amasly.com\/es_mx\/products\/\">Luces de gasolinera a prueba de explosiones<\/a><\/h4>\n<\/div>\n<\/div><\/div>\n\n\n\n<div class=\"wp-block-uagb-container uagb-block-29499fe0 alignfull uagb-is-root-container\"><div class=\"uagb-container-inner-blocks-wrap\">\n<div class=\"wp-block-uagb-container uagb-block-777ee1c7\">\n<div class=\"wp-block-uagb-image uagb-block-2e9a1851 wp-block-uagb-image--layout-default wp-block-uagb-image--effect-static wp-block-uagb-image--align-none\"><figure class=\"wp-block-uagb-image__figure\"><a class=\"\" href=\"https:\/\/led.amasly.com\/es_mx\/products\/\" target=\"\" rel=\"noopener\"><img decoding=\"async\" srcset=\"https:\/\/led.amasly.com\/wp-content\/uploads\/2024\/10\/50W-100W-150W-200W-300W-LED-Flood-Light.jpg ,https:\/\/led.amasly.com\/wp-content\/uploads\/2024\/10\/50W-100W-150W-200W-300W-LED-Flood-Light.jpg 780w, https:\/\/led.amasly.com\/wp-content\/uploads\/2024\/10\/50W-100W-150W-200W-300W-LED-Flood-Light.jpg 360w\" sizes=\"auto, (max-width: 480px) 150px\" src=\"https:\/\/led.amasly.com\/wp-content\/uploads\/2024\/10\/50W-100W-150W-200W-300W-LED-Flood-Light.jpg\" alt=\"\" class=\"uag-image-1526\" width=\"300\" height=\"300\" title=\"L\u00e1mpara de inundaci\u00f3n LED 50W 100W 150W 200W 300W\" loading=\"lazy\" role=\"img\"><\/a><\/figure><\/div>\n<\/div>\n\n\n\n<div class=\"wp-block-uagb-container uagb-block-af8c8683\">\n<div class=\"wp-block-uagb-image uagb-block-67947854 wp-block-uagb-image--layout-default wp-block-uagb-image--effect-static wp-block-uagb-image--align-none\"><figure class=\"wp-block-uagb-image__figure\"><a class=\"\" href=\"https:\/\/led.amasly.com\/es_mx\/products\/\" target=\"\" rel=\"noopener\"><img decoding=\"async\" srcset=\"https:\/\/led.amasly.com\/wp-content\/uploads\/2024\/07\/led-tri-proof-light.png ,https:\/\/led.amasly.com\/wp-content\/uploads\/2024\/07\/led-tri-proof-light.png 780w, https:\/\/led.amasly.com\/wp-content\/uploads\/2024\/07\/led-tri-proof-light.png 360w\" sizes=\"auto, (max-width: 480px) 150px\" src=\"https:\/\/led.amasly.com\/wp-content\/uploads\/2024\/07\/led-tri-proof-light.png\" alt=\"\" class=\"uag-image-1130\" width=\"300\" height=\"300\" title=\"luz led-tri-proof\" loading=\"lazy\" role=\"img\"><\/a><\/figure><\/div>\n<\/div>\n\n\n\n<div class=\"wp-block-uagb-container uagb-block-0fdfdd58\">\n<div class=\"wp-block-uagb-image uagb-block-1187d32d wp-block-uagb-image--layout-default wp-block-uagb-image--effect-static wp-block-uagb-image--align-none\"><figure class=\"wp-block-uagb-image__figure\"><a class=\"\" href=\"https:\/\/led.amasly.com\/es_mx\/products\/\" target=\"\" rel=\"noopener\"><img decoding=\"async\" srcset=\"https:\/\/led.amasly.com\/wp-content\/uploads\/2024\/07\/LED-street-light.jpg ,https:\/\/led.amasly.com\/wp-content\/uploads\/2024\/07\/LED-street-light.jpg 780w, https:\/\/led.amasly.com\/wp-content\/uploads\/2024\/07\/LED-street-light.jpg 360w\" sizes=\"auto, (max-width: 480px) 150px\" src=\"https:\/\/led.amasly.com\/wp-content\/uploads\/2024\/07\/LED-street-light.jpg\" alt=\"\" class=\"uag-image-1145\" width=\"300\" height=\"300\" title=\"Alumbrado p\u00fablico LED\" loading=\"lazy\" role=\"img\"><\/a><\/figure><\/div>\n<\/div>\n<\/div><\/div>\n\n\n\n<div class=\"wp-block-uagb-container uagb-block-6a60882c alignfull uagb-is-root-container\"><div class=\"uagb-container-inner-blocks-wrap\">\n<div class=\"wp-block-uagb-container uagb-block-f1e91a35\">\n<h4 class=\"wp-block-heading has-text-align-center\"><a href=\"https:\/\/led.amasly.com\/es_mx\/products\/\">Proyectores LED<\/a><\/h4>\n<\/div>\n\n\n\n<div class=\"wp-block-uagb-container uagb-block-165bfa58\">\n<h4 class=\"wp-block-heading has-text-align-center\"><a href=\"https:\/\/led.amasly.com\/es_mx\/products\/\">Tubos de luz LED trif\u00e1sicos<\/a><\/h4>\n<\/div>\n\n\n\n<div class=\"wp-block-uagb-container uagb-block-f6096e3b\">\n<h4 class=\"wp-block-heading has-text-align-center\"><a href=\"https:\/\/led.amasly.com\/es_mx\/products\/\">Alumbrado p\u00fablico LED<\/a><\/h4>\n<\/div>\n<\/div><\/div>\n\n\n\n<div class=\"wp-block-uagb-container uagb-block-99c0e0a5 alignfull uagb-is-root-container\"><div class=\"uagb-container-inner-blocks-wrap\"><\/div><\/div>\n\n\n\n<p><\/p>","protected":false},"excerpt":{"rendered":"<p>Which color LED light is best for sleeping? We often see advice that reminds us to stay away from bright colors near bedtime. The truth is that certain colors of light do help with sleep. This is because the hormone melatonin plays a crucial role in our body&#8217;s sleep cycle. So how exactly does light [&hellip;]<\/p>\n","protected":false},"author":1,"featured_media":0,"parent":2984,"menu_order":0,"comment_status":"closed","ping_status":"closed","template":"","meta":{"_uag_custom_page_level_css":"","site-sidebar-layout":"no-sidebar","site-content-layout":"","ast-site-content-layout":"default","site-content-style":"default","site-sidebar-style":"default","ast-global-header-display":"","ast-banner-title-visibility":"","ast-main-header-display":"","ast-hfb-above-header-display":"","ast-hfb-below-header-display":"","ast-hfb-mobile-header-display":"","site-post-title":"disabled","ast-breadcrumbs-content":"","ast-featured-img":"","footer-sml-layout":"","ast-disable-related-posts":"","theme-transparent-header-meta":"enabled","adv-header-id-meta":"","stick-header-meta":"","header-above-stick-meta":"","header-main-stick-meta":"","header-below-stick-meta":"","astra-migrate-meta-layouts":"set","ast-page-background-enabled":"default","ast-page-background-meta":{"desktop":{"background-color":"var(--ast-global-color-4)","background-image":"","background-repeat":"repeat","background-position":"center center","background-size":"auto","background-attachment":"scroll","background-type":"","background-media":"","overlay-type":"","overlay-color":"","overlay-opacity":"","overlay-gradient":""},"tablet":{"background-color":"","background-image":"","background-repeat":"repeat","background-position":"center center","background-size":"auto","background-attachment":"scroll","background-type":"","background-media":"","overlay-type":"","overlay-color":"","overlay-opacity":"","overlay-gradient":""},"mobile":{"background-color":"","background-image":"","background-repeat":"repeat","background-position":"center center","background-size":"auto","background-attachment":"scroll","background-type":"","background-media":"","overlay-type":"","overlay-color":"","overlay-opacity":"","overlay-gradient":""}},"ast-content-background-meta":{"desktop":{"background-color":"var(--ast-global-color-5)","background-image":"","background-repeat":"repeat","background-position":"center center","background-size":"auto","background-attachment":"scroll","background-type":"","background-media":"","overlay-type":"","overlay-color":"","overlay-opacity":"","overlay-gradient":""},"tablet":{"background-color":"var(--ast-global-color-5)","background-image":"","background-repeat":"repeat","background-position":"center center","background-size":"auto","background-attachment":"scroll","background-type":"","background-media":"","overlay-type":"","overlay-color":"","overlay-opacity":"","overlay-gradient":""},"mobile":{"background-color":"var(--ast-global-color-5)","background-image":"","background-repeat":"repeat","background-position":"center center","background-size":"auto","background-attachment":"scroll","background-type":"","background-media":"","overlay-type":"","overlay-color":"","overlay-opacity":"","overlay-gradient":""}},"footnotes":""},"class_list":["post-4077","page","type-page","status-publish","hentry"],"uagb_featured_image_src":{"full":false,"thumbnail":false,"medium":false,"medium_large":false,"large":false,"1536x1536":false,"2048x2048":false,"trp-custom-language-flag":false},"uagb_author_info":{"display_name":"Joe","author_link":"https:\/\/led.amasly.com\/es_mx\/author\/jacklin\/"},"uagb_comment_info":0,"uagb_excerpt":"Which color LED light is best for sleeping? We often see advice that reminds us to stay away from bright colors near bedtime. The truth is that certain colors of light do help with sleep. This is because the hormone melatonin plays a crucial role in our body&#8217;s sleep cycle. So how exactly does light&hellip;","_links":{"self":[{"href":"https:\/\/led.amasly.com\/es_mx\/wp-json\/wp\/v2\/pages\/4077","targetHints":{"allow":["GET"]}}],"collection":[{"href":"https:\/\/led.amasly.com\/es_mx\/wp-json\/wp\/v2\/pages"}],"about":[{"href":"https:\/\/led.amasly.com\/es_mx\/wp-json\/wp\/v2\/types\/page"}],"author":[{"embeddable":true,"href":"https:\/\/led.amasly.com\/es_mx\/wp-json\/wp\/v2\/users\/1"}],"replies":[{"embeddable":true,"href":"https:\/\/led.amasly.com\/es_mx\/wp-json\/wp\/v2\/comments?post=4077"}],"version-history":[{"count":1,"href":"https:\/\/led.amasly.com\/es_mx\/wp-json\/wp\/v2\/pages\/4077\/revisions"}],"predecessor-version":[{"id":4088,"href":"https:\/\/led.amasly.com\/es_mx\/wp-json\/wp\/v2\/pages\/4077\/revisions\/4088"}],"up":[{"embeddable":true,"href":"https:\/\/led.amasly.com\/es_mx\/wp-json\/wp\/v2\/pages\/2984"}],"wp:attachment":[{"href":"https:\/\/led.amasly.com\/es_mx\/wp-json\/wp\/v2\/media?parent=4077"}],"curies":[{"name":"wp","href":"https:\/\/api.w.org\/{rel}","templated":true}]}}