{"id":4007,"date":"2025-05-29T21:00:00","date_gmt":"2025-05-29T13:00:00","guid":{"rendered":"https:\/\/led.amasly.com\/?page_id=4007"},"modified":"2026-01-22T13:44:50","modified_gmt":"2026-01-22T05:44:50","slug":"underground-comprehensive-tube-corridor-led-explosion-proof-lighting-solutions","status":"publish","type":"page","link":"https:\/\/led.amasly.com\/es_mx\/solutions\/underground-comprehensive-tube-corridor-led-explosion-proof-lighting-solutions\/","title":{"rendered":"Soluciones integrales de iluminaci\u00f3n LED antideflagrante para pasillos de tubos subterr\u00e1neos"},"content":{"rendered":"<div class=\"wp-block-uagb-container uagb-block-27bae773 alignfull uagb-is-root-container\"><div class=\"uagb-container-inner-blocks-wrap\"><\/div><\/div>\n\n\n\n<h1 class=\"wp-block-heading has-text-align-center\">Soluci\u00f3n de iluminaci\u00f3n LED a prueba de explosiones para corredores subterr\u00e1neos de metro.<\/h1>\n\n\n\n<h2 class=\"wp-block-heading\"><strong>Soluci\u00f3n de iluminaci\u00f3n a prueba de explosiones: Estado de la iluminaci\u00f3n integral de los pasillos subterr\u00e1neos:<\/strong><\/h2>\n\n\n\n<figure class=\"wp-block-image aligncenter size-full\"><img decoding=\"async\" width=\"710\" height=\"710\" src=\"https:\/\/led.amasly.com\/wp-content\/uploads\/2025\/12\/Explosion-proof-linear-lights.jpg\" alt=\"explosion proof lighting solutions\" class=\"wp-image-4397\" title=\"\" srcset=\"https:\/\/led.amasly.com\/wp-content\/uploads\/2025\/12\/Explosion-proof-linear-lights.jpg 710w, https:\/\/led.amasly.com\/wp-content\/uploads\/2025\/12\/Explosion-proof-linear-lights-300x300.jpg 300w, https:\/\/led.amasly.com\/wp-content\/uploads\/2025\/12\/Explosion-proof-linear-lights-150x150.jpg 150w, https:\/\/led.amasly.com\/wp-content\/uploads\/2025\/12\/Explosion-proof-linear-lights-12x12.jpg 12w\" sizes=\"(max-width: 710px) 100vw, 710px\" \/><\/figure>\n\n\n\n<p>\u00a0\u00a0\u00a0\u00a0\u00a0\u00a0UnderUnderground corredor integral de tuber\u00edas, se refiere a una variedad de la naturaleza p\u00fablica de la tuber\u00eda de alojamiento centralizado en uno, y vac\u00edo para los empleados de mantenimiento de trabajo caminando estructura de construcci\u00f3n de ingenier\u00eda de t\u00faneles.<\/p>\n\n\n\n<p><br> Este concepto de dise\u00f1o no s\u00f3lo ahorra espacio en el interior del suelo, sino que la centralizaci\u00f3n de tuber\u00edas tambi\u00e9n es f\u00e1cil de gestionar y mantener.<br> El desarrollo econ\u00f3mico, el desarrollo social y los beneficios ecol\u00f3gicos del corredor tubular integral subterr\u00e1neo. La iluminaci\u00f3n LED a prueba de explosiones del corredor tubular integral subterr\u00e1neo puede satisfacer realmente las necesidades de iluminaci\u00f3n del corredor tubular integral subterr\u00e1neo.<br> Puede permitir que el personal de la manipulaci\u00f3n del corredor de tubo subterr\u00e1neo integral de la situaci\u00f3n de an\u00e1lisis integral de la vista panor\u00e1mica del corredor de tubo subterr\u00e1neo, beneficioso para el mantenimiento y la reconstrucci\u00f3n.<\/p>\n\n\n\n<p><br>Construcci\u00f3n de ingenier\u00eda de corredores de tuber\u00edas subterr\u00e1neas integral y la construcci\u00f3n de ingenier\u00eda de tierra no es lo mismo. Teniendo en cuenta los factores objetivos del entorno sufrido limitaciones, el suelo est\u00e1 mojado, no hay equipos de iluminaci\u00f3n no puede ingenier\u00eda de la construcci\u00f3n, equipos de iluminaci\u00f3n temporal es tambi\u00e9n muy importante.<br> Luminosidad de los equipos de iluminaci\u00f3n de obras de construcci\u00f3n, seguridad en la construcci\u00f3n de ingenier\u00eda consumo de energ\u00eda merecido.<\/p>\n\n\n\n<h2 class=\"wp-block-heading\"><strong>Soluci\u00f3n de iluminaci\u00f3n a prueba de explosiones: Los equipos el\u00e9ctricos tradicionales utilizados en la iluminaci\u00f3n de obras de construcci\u00f3n, como bombillas y tubos LED, presentan los siguientes problemas:<\/strong>\u3000<\/h2>\n\n\n\n<p>1, la instalaci\u00f3n del pavimento de la tuber\u00eda temporal es f\u00e1cil de ser utilizado por los trabajadores de la construcci\u00f3n como electricidad temporal para la construcci\u00f3n, lo que resulta en peligros potenciales para la seguridad.<\/p>\n\n\n\n<p>2, la instalaci\u00f3n puede ser l\u00e1mparas led, bombillas y otros equipos de iluminaci\u00f3n y tuber\u00edas, en la instalaci\u00f3n de equipos de iluminaci\u00f3n, los costes laborales comunes y los beneficios marginales son demasiado altos.<\/p>\n\n\n\n<p>3\u3001Los equipos de iluminaci\u00f3n son f\u00e1ciles de ser da\u00f1ados por factores humanos, y despu\u00e9s del uso de transporte, da\u00f1os y otros factores dif\u00edciles de llevar a cabo la reutilizaci\u00f3n.<\/p>\n\n\n\n<p>4, en el corredor de tubo integral subterr\u00e1neo en la humedad relativa, el equipo de iluminaci\u00f3n tradicional es f\u00e1cil de oxidar, dar\u00e1 lugar a problemas de fallo de cortocircuito, lo que resulta en todo el camino a trav\u00e9s de los problemas de fallo com\u00fan.<\/p>\n\n\n\n<p>5, Las largas distancias del t\u00fanel combinadas con cables viejos o con n\u00facleo de aluminio provocan una ca\u00edda de tensi\u00f3n excesiva. Esto provoca una iluminaci\u00f3n tenue, el quemado prematuro de las luminarias y perturbaciones en la construcci\u00f3n.<\/p>\n\n\n\n<p>&nbsp;&nbsp;&nbsp;&nbsp;&nbsp;&nbsp;&nbsp;&nbsp;Por lo tanto, tambi\u00e9n es especialmente importante contar con un programa integral de iluminaci\u00f3n de corredores de tuber\u00edas subterr\u00e1neas que sea eficaz, sencillo y claro.<\/p>\n\n\n\n<p>El uso de LED fuente de luz s\u00f3lida, no se funden, el envejecimiento de nivel el\u00e9ctrico y otros problemas, la esperanza media de vida de m\u00e1s de 50.000 horas, es la vida de servicio actual de la longevidad de la fuente de luz sin reparaci\u00f3n y mantenimiento.<\/p>\n\n\n\n<p>&nbsp;&nbsp;&nbsp;&nbsp;&nbsp;&nbsp;&nbsp;&nbsp;La misma iluminaci\u00f3n en comparaci\u00f3n con la tradicional fuente de luz verde 50 ~ 70%, con una potencia relativamente peque\u00f1a, en lugar de los tradicionales accesorios de iluminaci\u00f3n de alta potencia, para cumplir con la protecci\u00f3n del medio ambiente y la normativa de ahorro de energ\u00eda, accesorios de iluminaci\u00f3n suave y duradero. <\/p>\n\n\n\n<p>       Tambi\u00e9n puede dar una disposici\u00f3n razonable de la iluminaci\u00f3n, la cromaticidad, la medici\u00f3n de la iluminaci\u00f3n, la selecci\u00f3n m\u00e1s completa de varias l\u00e1mparas y linternas.<\/p>\n\n\n\n<p>&nbsp;&nbsp;&nbsp;&nbsp;&nbsp;&nbsp;&nbsp;&nbsp;&nbsp;Por lo tanto, el nacimiento de corredor subterr\u00e1neo integrado LED de iluminaci\u00f3n a prueba de explosiones, muy buen tratamiento de corredor subterr\u00e1neo integrado debido a la humedad y el fr\u00edo, la corrosi\u00f3n y los problemas fuertes, muy buena iluminaci\u00f3n.<\/p>\n\n\n\n<p>Est\u00e1ndar: <a href=\"http:\/\/www.iec.com\" rel=\"nofollow noopener\" target=\"_blank\">IEC 60598 IEC60079<\/a><\/p>\n\n\n\n<h2 class=\"wp-block-heading\"><strong>Preguntas frecuentes sobre Amasly Light<\/strong><\/h2>\n\n\n\n<p><strong>P1.\u00bfPuedo recibir un pedido de muestra de luz led?<\/strong><strong><\/strong><\/p>\n\n\n\n<p>R: S\u00ed, aceptamos pedidos de muestras para probar y comprobar la calidad. Las muestras mezcladas son aceptables.<\/p>\n\n\n\n<p><strong>P2: \u00bfY el plazo de entrega?<\/strong><strong><\/strong><\/p>\n\n\n\n<p>R: La muestra necesita 3-5 d\u00edas, el tiempo de producci\u00f3n en masa necesita 1-2 semanas.<\/p>\n\n\n\n<p><strong>Q3.Do usted tiene cualquier l\u00edmite MOQ para la luz led orden?<\/strong><strong><\/strong><\/p>\n\n\n\n<p>R: Bajo MOQ 1pc para la comprobaci\u00f3n de la muestra est\u00e1 disponible.<\/p>\n\n\n\n<p><strong>Q4. \u00bfC\u00f3mo env\u00edan la mercanc\u00eda y cu\u00e1nto tarda en llegar?<\/strong><strong><\/strong><\/p>\n\n\n\n<p>R: Normalmente enviamos por <a href=\"https:\/\/www.dhl.com\" rel=\"nofollow noopener\" target=\"_blank\">DHL<\/a>, UPS, FedEx o TNT. El env\u00edo suele tardar entre 3 y 5 d\u00edas en llegar. Tambi\u00e9n se ofrece la opci\u00f3n de env\u00edo a\u00e9reo y mar\u00edtimo.<\/p>\n\n\n\n<p><strong>Q5. \u00bfC\u00f3mo tramitar un pedido de luz led?<\/strong><strong><\/strong><\/p>\n\n\n\n<p>A:<\/p>\n\n\n\n<p>En primer lugar, comun\u00edquenos sus necesidades o su solicitud.<\/p>\n\n\n\n<p>En segundo lugar, presupuestamos seg\u00fan sus requisitos o nuestras sugerencias.<\/p>\n\n\n\n<p>En tercer lugar, el cliente confirma las muestras y realiza el dep\u00f3sito para el pedido formal.<\/p>\n\n\n\n<p>En cuarto lugar, organizamos la producci\u00f3n.<\/p>\n\n\n\n<p><strong>P6.\u00bfPuedo imprimir mi <\/strong><strong>LOGO<\/strong><strong>&nbsp;en producto de luz led ?<\/strong><strong><\/strong><\/p>\n\n\n\n<p>R: S\u00ed, por favor inf\u00f3rmenos formalmente antes de nuestra producci\u00f3n y confirmar el dise\u00f1o en primer lugar sobre la base de nuestra muestra.<\/p>\n\n\n\n<p><strong>P7: \u00bfOfrecen garant\u00eda para los productos?<\/strong><strong><\/strong><\/p>\n\n\n\n<p>R: S\u00ed, ofrecemos de 2 a 5 a\u00f1os de garant\u00eda para nuestros productos.<\/p>\n\n\n\n<p><strong>P8: \u00bfC\u00f3mo tratar los fallos?<\/strong><strong><\/strong><\/p>\n\n\n\n<p>A:<\/p>\n\n\n\n<p>En primer lugar, nuestros productos se producen dinstrict sistema de control de calidad y la tasa de defectos ser\u00e1 inferior a 0,2%<\/p>\n\n\n\n<p>En segundo lugar, durante el per\u00edodo de garant\u00eda, proporcionaremos piezas para sustituir la pieza defectuosa.. Para los pedidos al por mayor, proporcionaremos piezas vulnerables por adelantado, o podemos discutir soluciones, incluyendo la retirada del mercado sobre la base de la situaci\u00f3n real.<\/p>\n\n\n\n<p><strong>P9: \u00bfPodemos fabricar l\u00e1mparas antideflagrantes de bajo voltaje con voltajes CA\/CC de 12 V, 24 V, 36 V o 48 V? <\/strong><\/p>\n\n\n\n<p>Amasly se puede utilizar como luminaria antideflagrante tanto de baja como de alta tensi\u00f3n: CA\/CC 12 V, 24 V, 36 V, 48 V, CA 85-265 V, CA 380 V. <\/p>\n\n\n\n<p><strong>P10: \u00bfSe pueden a\u00f1adir bater\u00edas de emergencia Explosion Poof Lights? <\/strong><\/p>\n\n\n\n<p>La l\u00e1mpara a prueba de explosiones Amasly puede equiparse con bater\u00edas de litio de emergencia. La duraci\u00f3n de la emergencia es de 90 minutos, 120 minutos o 180 minutos. <\/p>\n\n\n\n<p><strong>P11: \u00bfSe puede personalizar la l\u00e1mpara a prueba de explosiones Amasly como producto OEM? <\/strong><\/p>\n\n\n\n<p>Las l\u00e1mparas a prueba de explosiones de Amasly se pueden personalizar seg\u00fan los requisitos del cliente, tanto en lo que respecta a las l\u00e1mparas como a las cajas de embalaje.<\/p>\n\n\n\n<div class=\"wp-block-uagb-container uagb-block-c7d898dd alignfull uagb-is-root-container\"><div class=\"uagb-container-inner-blocks-wrap\"><\/div><\/div>\n\n\n\n<h2 class=\"wp-block-heading\">Productos relacionados<\/h2>\n\n\n\n<div class=\"wp-block-uagb-container uagb-block-66e4defc alignfull uagb-is-root-container\"><div class=\"uagb-container-inner-blocks-wrap\">\n<div class=\"wp-block-uagb-container uagb-block-a42945f9\">\n<div class=\"wp-block-uagb-image uagb-block-7296296b wp-block-uagb-image--layout-default wp-block-uagb-image--effect-static wp-block-uagb-image--align-none\"><figure class=\"wp-block-uagb-image__figure\"><a class=\"\" href=\"https:\/\/led.amasly.com\/es_mx\/products\/\" target=\"\" rel=\"noopener\"><img decoding=\"async\" srcset=\"https:\/\/led.amasly.com\/wp-content\/uploads\/2024\/09\/Explosion-proof-high-bay-lights.png ,https:\/\/led.amasly.com\/wp-content\/uploads\/2024\/09\/Explosion-proof-high-bay-lights.png 780w, https:\/\/led.amasly.com\/wp-content\/uploads\/2024\/09\/Explosion-proof-high-bay-lights.png 360w\" sizes=\"auto, (max-width: 480px) 150px\" src=\"https:\/\/led.amasly.com\/wp-content\/uploads\/2024\/09\/Explosion-proof-high-bay-lights.png\" alt=\"\" class=\"uag-image-1495\" width=\"300\" height=\"300\" title=\"Luces de gran altura a prueba de explosiones\" loading=\"lazy\" role=\"img\"><\/a><\/figure><\/div>\n<\/div>\n\n\n\n<div class=\"wp-block-uagb-container uagb-block-4d3efde5\">\n<div class=\"wp-block-uagb-image uagb-block-c9e90797 wp-block-uagb-image--layout-default wp-block-uagb-image--effect-static wp-block-uagb-image--align-none\"><figure class=\"wp-block-uagb-image__figure\"><a class=\"\" href=\"https:\/\/led.amasly.com\/es_mx\/products\/\" target=\"\" rel=\"noopener\"><img decoding=\"async\" srcset=\"https:\/\/led.amasly.com\/wp-content\/uploads\/2024\/07\/LED-tri-proof-lights2.png ,https:\/\/led.amasly.com\/wp-content\/uploads\/2024\/07\/LED-tri-proof-lights2.png 780w, https:\/\/led.amasly.com\/wp-content\/uploads\/2024\/07\/LED-tri-proof-lights2.png 360w\" sizes=\"auto, (max-width: 480px) 150px\" src=\"https:\/\/led.amasly.com\/wp-content\/uploads\/2024\/07\/LED-tri-proof-lights2.png\" alt=\"\" class=\"uag-image-1132\" width=\"300\" height=\"300\" title=\"Luces LED-tri-proof2\" loading=\"lazy\" role=\"img\"><\/a><\/figure><\/div>\n<\/div>\n\n\n\n<div class=\"wp-block-uagb-container uagb-block-11c2578b\">\n<div class=\"wp-block-uagb-image uagb-block-6e8883aa wp-block-uagb-image--layout-default wp-block-uagb-image--effect-static wp-block-uagb-image--align-none\"><figure class=\"wp-block-uagb-image__figure\"><a class=\"\" href=\"https:\/\/led.amasly.com\/es_mx\/products\/\" target=\"\" rel=\"noopener\"><img decoding=\"async\" srcset=\"https:\/\/led.amasly.com\/wp-content\/uploads\/2024\/09\/LED-Explosion-Proof-Gas-Station-Light.png ,https:\/\/led.amasly.com\/wp-content\/uploads\/2024\/09\/LED-Explosion-Proof-Gas-Station-Light.png 780w, https:\/\/led.amasly.com\/wp-content\/uploads\/2024\/09\/LED-Explosion-Proof-Gas-Station-Light.png 360w\" sizes=\"auto, (max-width: 480px) 150px\" src=\"https:\/\/led.amasly.com\/wp-content\/uploads\/2024\/09\/LED-Explosion-Proof-Gas-Station-Light.png\" alt=\"\" class=\"uag-image-1501\" width=\"300\" height=\"300\" title=\"L\u00e1mpara LED antideflagrante para gasolineras\" loading=\"lazy\" role=\"img\"><\/a><\/figure><\/div>\n<\/div>\n<\/div><\/div>\n\n\n\n<div class=\"wp-block-uagb-container uagb-block-548945b5 alignfull uagb-is-root-container\"><div class=\"uagb-container-inner-blocks-wrap\">\n<div class=\"wp-block-uagb-container uagb-block-967755d5\">\n<h4 class=\"wp-block-heading has-text-align-center\"><a href=\"https:\/\/led.amasly.com\/es_mx\/products\/\">Luces LED antideflagrantes<\/a><\/h4>\n<\/div>\n\n\n\n<div class=\"wp-block-uagb-container uagb-block-9bc52fc2\">\n<h4 class=\"wp-block-heading has-text-align-center\"><a href=\"https:\/\/led.amasly.com\/es_mx\/products\/\">Luces LED Tri-Proof<\/a><\/h4>\n<\/div>\n\n\n\n<div class=\"wp-block-uagb-container uagb-block-8ffa0a23\">\n<h4 class=\"wp-block-heading has-text-align-center\"><a href=\"https:\/\/led.amasly.com\/es_mx\/products\/\">Luces de gasolinera a prueba de explosiones<\/a><\/h4>\n<\/div>\n<\/div><\/div>\n\n\n\n<div class=\"wp-block-uagb-container uagb-block-29499fe0 alignfull uagb-is-root-container\"><div class=\"uagb-container-inner-blocks-wrap\">\n<div class=\"wp-block-uagb-container uagb-block-777ee1c7\">\n<div class=\"wp-block-uagb-image uagb-block-2e9a1851 wp-block-uagb-image--layout-default wp-block-uagb-image--effect-static wp-block-uagb-image--align-none\"><figure class=\"wp-block-uagb-image__figure\"><a class=\"\" href=\"https:\/\/led.amasly.com\/es_mx\/products\/\" target=\"\" rel=\"noopener\"><img decoding=\"async\" srcset=\"https:\/\/led.amasly.com\/wp-content\/uploads\/2024\/10\/50W-100W-150W-200W-300W-LED-Flood-Light.jpg ,https:\/\/led.amasly.com\/wp-content\/uploads\/2024\/10\/50W-100W-150W-200W-300W-LED-Flood-Light.jpg 780w, https:\/\/led.amasly.com\/wp-content\/uploads\/2024\/10\/50W-100W-150W-200W-300W-LED-Flood-Light.jpg 360w\" sizes=\"auto, (max-width: 480px) 150px\" src=\"https:\/\/led.amasly.com\/wp-content\/uploads\/2024\/10\/50W-100W-150W-200W-300W-LED-Flood-Light.jpg\" alt=\"\" class=\"uag-image-1526\" width=\"300\" height=\"300\" title=\"L\u00e1mpara de inundaci\u00f3n LED 50W 100W 150W 200W 300W\" loading=\"lazy\" role=\"img\"><\/a><\/figure><\/div>\n<\/div>\n\n\n\n<div class=\"wp-block-uagb-container uagb-block-af8c8683\">\n<div class=\"wp-block-uagb-image uagb-block-67947854 wp-block-uagb-image--layout-default wp-block-uagb-image--effect-static wp-block-uagb-image--align-none\"><figure class=\"wp-block-uagb-image__figure\"><a class=\"\" href=\"https:\/\/led.amasly.com\/es_mx\/products\/\" target=\"\" rel=\"noopener\"><img decoding=\"async\" srcset=\"https:\/\/led.amasly.com\/wp-content\/uploads\/2024\/07\/led-tri-proof-light.png ,https:\/\/led.amasly.com\/wp-content\/uploads\/2024\/07\/led-tri-proof-light.png 780w, https:\/\/led.amasly.com\/wp-content\/uploads\/2024\/07\/led-tri-proof-light.png 360w\" sizes=\"auto, (max-width: 480px) 150px\" src=\"https:\/\/led.amasly.com\/wp-content\/uploads\/2024\/07\/led-tri-proof-light.png\" alt=\"\" class=\"uag-image-1130\" width=\"300\" height=\"300\" title=\"luz led-tri-proof\" loading=\"lazy\" role=\"img\"><\/a><\/figure><\/div>\n<\/div>\n\n\n\n<div class=\"wp-block-uagb-container uagb-block-0fdfdd58\">\n<div class=\"wp-block-uagb-image uagb-block-1187d32d wp-block-uagb-image--layout-default wp-block-uagb-image--effect-static wp-block-uagb-image--align-none\"><figure class=\"wp-block-uagb-image__figure\"><a class=\"\" href=\"https:\/\/led.amasly.com\/es_mx\/products\/\" target=\"\" rel=\"noopener\"><img decoding=\"async\" srcset=\"https:\/\/led.amasly.com\/wp-content\/uploads\/2024\/07\/LED-street-light.jpg ,https:\/\/led.amasly.com\/wp-content\/uploads\/2024\/07\/LED-street-light.jpg 780w, https:\/\/led.amasly.com\/wp-content\/uploads\/2024\/07\/LED-street-light.jpg 360w\" sizes=\"auto, (max-width: 480px) 150px\" src=\"https:\/\/led.amasly.com\/wp-content\/uploads\/2024\/07\/LED-street-light.jpg\" alt=\"\" class=\"uag-image-1145\" width=\"300\" height=\"300\" title=\"Alumbrado p\u00fablico LED\" loading=\"lazy\" role=\"img\"><\/a><\/figure><\/div>\n<\/div>\n<\/div><\/div>\n\n\n\n<div class=\"wp-block-uagb-container uagb-block-6a60882c alignfull uagb-is-root-container\"><div class=\"uagb-container-inner-blocks-wrap\">\n<div class=\"wp-block-uagb-container uagb-block-f1e91a35\">\n<h4 class=\"wp-block-heading has-text-align-center\"><a href=\"https:\/\/led.amasly.com\/es_mx\/products\/\">Proyectores LED<\/a><\/h4>\n<\/div>\n\n\n\n<div class=\"wp-block-uagb-container uagb-block-165bfa58\">\n<h4 class=\"wp-block-heading has-text-align-center\"><a href=\"https:\/\/led.amasly.com\/es_mx\/products\/\">Tubos de luz LED trif\u00e1sicos<\/a><\/h4>\n<\/div>\n\n\n\n<div class=\"wp-block-uagb-container uagb-block-f6096e3b\">\n<h4 class=\"wp-block-heading has-text-align-center\"><a href=\"https:\/\/led.amasly.com\/es_mx\/products\/\">Alumbrado p\u00fablico LED<\/a><\/h4>\n<\/div>\n<\/div><\/div>\n\n\n\n<div class=\"wp-block-uagb-container uagb-block-99c0e0a5 alignfull uagb-is-root-container\"><div class=\"uagb-container-inner-blocks-wrap\"><\/div><\/div>\n\n\n\n<p><\/p>","protected":false},"excerpt":{"rendered":"<p>Underground comprehensive tube corridor LED explosion proof lighting solution Explosion proof lighting solution: Underground comprehensive tube corridor lighting status: \u00a0\u00a0\u00a0\u00a0\u00a0\u00a0UnderUnderground comprehensive pipe corridor, refers to a variety of public nature of the pipeline centralized accommodation in one, and empty for maintenance work employees walking tunnel engineering construction structure. This design concept not only saves ground [&hellip;]<\/p>\n","protected":false},"author":1,"featured_media":0,"parent":1808,"menu_order":0,"comment_status":"closed","ping_status":"closed","template":"","meta":{"_uag_custom_page_level_css":"","site-sidebar-layout":"no-sidebar","site-content-layout":"","ast-site-content-layout":"default","site-content-style":"default","site-sidebar-style":"default","ast-global-header-display":"","ast-banner-title-visibility":"","ast-main-header-display":"","ast-hfb-above-header-display":"","ast-hfb-below-header-display":"","ast-hfb-mobile-header-display":"","site-post-title":"disabled","ast-breadcrumbs-content":"","ast-featured-img":"","footer-sml-layout":"","ast-disable-related-posts":"","theme-transparent-header-meta":"enabled","adv-header-id-meta":"","stick-header-meta":"","header-above-stick-meta":"","header-main-stick-meta":"","header-below-stick-meta":"","astra-migrate-meta-layouts":"set","ast-page-background-enabled":"default","ast-page-background-meta":{"desktop":{"background-color":"var(--ast-global-color-4)","background-image":"","background-repeat":"repeat","background-position":"center center","background-size":"auto","background-attachment":"scroll","background-type":"","background-media":"","overlay-type":"","overlay-color":"","overlay-opacity":"","overlay-gradient":""},"tablet":{"background-color":"","background-image":"","background-repeat":"repeat","background-position":"center center","background-size":"auto","background-attachment":"scroll","background-type":"","background-media":"","overlay-type":"","overlay-color":"","overlay-opacity":"","overlay-gradient":""},"mobile":{"background-color":"","background-image":"","background-repeat":"repeat","background-position":"center center","background-size":"auto","background-attachment":"scroll","background-type":"","background-media":"","overlay-type":"","overlay-color":"","overlay-opacity":"","overlay-gradient":""}},"ast-content-background-meta":{"desktop":{"background-color":"var(--ast-global-color-5)","background-image":"","background-repeat":"repeat","background-position":"center center","background-size":"auto","background-attachment":"scroll","background-type":"","background-media":"","overlay-type":"","overlay-color":"","overlay-opacity":"","overlay-gradient":""},"tablet":{"background-color":"var(--ast-global-color-5)","background-image":"","background-repeat":"repeat","background-position":"center center","background-size":"auto","background-attachment":"scroll","background-type":"","background-media":"","overlay-type":"","overlay-color":"","overlay-opacity":"","overlay-gradient":""},"mobile":{"background-color":"var(--ast-global-color-5)","background-image":"","background-repeat":"repeat","background-position":"center center","background-size":"auto","background-attachment":"scroll","background-type":"","background-media":"","overlay-type":"","overlay-color":"","overlay-opacity":"","overlay-gradient":""}},"footnotes":""},"class_list":["post-4007","page","type-page","status-publish","hentry"],"uagb_featured_image_src":{"full":false,"thumbnail":false,"medium":false,"medium_large":false,"large":false,"1536x1536":false,"2048x2048":false,"trp-custom-language-flag":false},"uagb_author_info":{"display_name":"Joe","author_link":"https:\/\/led.amasly.com\/es_mx\/author\/jacklin\/"},"uagb_comment_info":0,"uagb_excerpt":"Underground comprehensive tube corridor LED explosion proof lighting solution Explosion proof lighting solution: Underground comprehensive tube corridor lighting status: \u00a0\u00a0\u00a0\u00a0\u00a0\u00a0UnderUnderground comprehensive pipe corridor, refers to a variety of public nature of the pipeline centralized accommodation in one, and empty for maintenance work employees walking tunnel engineering construction structure. This design concept not only saves ground&hellip;","_links":{"self":[{"href":"https:\/\/led.amasly.com\/es_mx\/wp-json\/wp\/v2\/pages\/4007","targetHints":{"allow":["GET"]}}],"collection":[{"href":"https:\/\/led.amasly.com\/es_mx\/wp-json\/wp\/v2\/pages"}],"about":[{"href":"https:\/\/led.amasly.com\/es_mx\/wp-json\/wp\/v2\/types\/page"}],"author":[{"embeddable":true,"href":"https:\/\/led.amasly.com\/es_mx\/wp-json\/wp\/v2\/users\/1"}],"replies":[{"embeddable":true,"href":"https:\/\/led.amasly.com\/es_mx\/wp-json\/wp\/v2\/comments?post=4007"}],"version-history":[{"count":2,"href":"https:\/\/led.amasly.com\/es_mx\/wp-json\/wp\/v2\/pages\/4007\/revisions"}],"predecessor-version":[{"id":4592,"href":"https:\/\/led.amasly.com\/es_mx\/wp-json\/wp\/v2\/pages\/4007\/revisions\/4592"}],"up":[{"embeddable":true,"href":"https:\/\/led.amasly.com\/es_mx\/wp-json\/wp\/v2\/pages\/1808"}],"wp:attachment":[{"href":"https:\/\/led.amasly.com\/es_mx\/wp-json\/wp\/v2\/media?parent=4007"}],"curies":[{"name":"wp","href":"https:\/\/api.w.org\/{rel}","templated":true}]}}