{"id":4001,"date":"2025-05-28T22:22:23","date_gmt":"2025-05-28T14:22:23","guid":{"rendered":"https:\/\/led.amasly.com\/?page_id=4001"},"modified":"2026-01-18T14:21:05","modified_gmt":"2026-01-18T06:21:05","slug":"explosion-proof-torch-lights-price","status":"publish","type":"page","link":"https:\/\/led.amasly.com\/es_mx\/light-price\/explosion-proof-torch-lights-price\/","title":{"rendered":"Precio de las linternas antideflagrantes"},"content":{"rendered":"<div class=\"wp-block-uagb-container uagb-block-27bae773 alignfull uagb-is-root-container\"><div class=\"uagb-container-inner-blocks-wrap\"><\/div><\/div>\n\n\n\n<h1 class=\"wp-block-heading has-text-align-center\"><strong>Amasly<\/strong> <strong>Antorcha antideflagrante<\/strong> <strong>luces Precio<\/strong><\/h1>\n\n\n\n<h2 class=\"wp-block-heading\"><strong>Linternas a prueba de explosiones Amasly<strong> <\/strong><\/strong><\/h2>\n\n\n\n<h3 class=\"wp-block-heading\"><strong>Luminaria antideflagrante<\/strong> <strong>factores que influyen en el precio:<\/strong><\/h3>\n\n\n\n<p>Las luces antideflagrantes suelen ser m\u00e1s caras que las normales debido a sus mayores costes de dise\u00f1o y producci\u00f3n. Sin embargo, para quienes tienen que trabajar en entornos inflamables y explosivos, el uso de luces antideflagrantes puede reducir enormemente el riesgo de incendio o explosi\u00f3n.<\/p>\n\n\n\n<p>El precio de la luz antideflagrante depende de varios factores, como el material, la tecnolog\u00eda, la configuraci\u00f3n y los par\u00e1metros, la certificaci\u00f3n de calidad, la oferta y la demanda del mercado, la marca y el origen y las necesidades de personalizaci\u00f3n.<\/p>\n\n\n\n<h2 class=\"wp-block-heading\"><strong>Caracter\u00edsticas de las linternas a prueba de explosiones Amasly<\/strong><\/h2>\n\n\n\n<p>Seguro y fiable: el producto tiene un rendimiento a prueba de explosiones, puede trabajar en diversos lugares inflamables y explosivos.<\/p>\n\n\n\n<p><br>Eficiencia energ\u00e9tica: Fuente de luz LED, alta eficiencia lum\u00ednica, alta reproducci\u00f3n crom\u00e1tica.<\/p>\n\n\n\n<p><br>Econom\u00eda y protecci\u00f3n del medio ambiente: Bater\u00edas sin memoria de alta energ\u00eda, gran capacidad, larga vida \u00fatil, se pueden cargar en cualquier momento, el ciclo de uso, baja tasa de autodescarga, baja tasa de autodescarga, y se pueden utilizar en cualquier momento. Baja tasa de autodescarga, protecci\u00f3n econ\u00f3mica y medioambiental.<\/p>\n\n\n\n<p><br>Control inteligente: tecnolog\u00eda de atenuaci\u00f3n por impulsos, la luz fuerte y la luz de trabajo se pueden convertir a voluntad; cargador inteligente con protecci\u00f3n contra sobrecarga y cortocircuito.<\/p>\n\n\n\n<p><br>El cargador inteligente est\u00e1 equipado con protecci\u00f3n contra sobrecarga y cortocircuito y un dispositivo de visualizaci\u00f3n de carga, que puede prolongar la vida \u00fatil de la l\u00e1mpara.<br>El cargador inteligente est\u00e1 equipado con protecci\u00f3n contra sobrecarga y protecci\u00f3n contra cortocircuitos y dispositivo de visualizaci\u00f3n de carga, que puede prolongar la vida \u00fatil de las l\u00e1mparas.<\/p>\n\n\n\n<p><br>Impermeable y anti-ca\u00edda: la c\u00e1scara est\u00e1 hecha de material de aleaci\u00f3n para asegurar que el producto puede soportar la colisi\u00f3n y el impacto; con m\u00faltiples<br>estructura impermeable.<\/p>\n\n\n\n<p><br>Indicador de alimentaci\u00f3n: indicador de alimentaci\u00f3n de cuatro segmentos en el extremo de la l\u00e1mpara, puede conocer el estado de alimentaci\u00f3n de la l\u00e1mpara en cualquier momento; otra funci\u00f3n de luz acimutal, en caso de fallo de alimentaci\u00f3n, la l\u00e1mpara puede utilizarse durante mucho tiempo.<\/p>\n\n\n\n<p><br>Adem\u00e1s de la funci\u00f3n de luz de orientaci\u00f3n, en el estado abierto, la luz de orientaci\u00f3n est\u00e1 siempre encendida, y despu\u00e9s de apagar la luz, la luz de orientaci\u00f3n se apaga al mismo tiempo.<\/p>\n\n\n\n<p><br>La luz de orientaci\u00f3n est\u00e1 siempre encendida cuando la luz est\u00e1 encendida, y la luz de direcci\u00f3n est\u00e1 apagada cuando la luz est\u00e1 apagada.<\/p>\n\n\n\n<p><br>Resistente a fuertes interferencias: el uso del circuito de accionamiento del m\u00f3dulo cient\u00edfico, anti-vibraci\u00f3n, la capacidad de interferencia anti-electromagn\u00e9tica.<\/p>\n\n\n\n<p><br>Aislamiento t\u00e9rmico: El radiador LED y la bater\u00eda est\u00e1n eficazmente aislados para mejorar la estabilidad de la l\u00e1mpara.<\/p>\n\n\n\n<p><br>Ligeras y duraderas: las l\u00e1mparas y linternas son de tama\u00f1o peque\u00f1o, peso ligero, estructura compacta, ligeras y bonitas; se pueden llevar en la mano, inclinadas, colgadas y de otras formas.<\/p>\n\n\n\n<p><br>Se puede transportar a mano, inclinada, colgada, etc. para satisfacer diversos requisitos de trabajo.<\/p>\n\n\n\n<h2 class=\"wp-block-heading\">Introducci\u00f3n de Amasly<\/h2>\n\n\n\n<p>Amasly como un proveedor de iluminaci\u00f3n a prueba de explosiones de China, los productos de iluminaci\u00f3n a prueba de explosiones incluyen: luces redondas a prueba de explosiones (luces de alta bah\u00eda a prueba de explosiones), luces cuadradas a prueba de explosiones (luces de inundaci\u00f3n a prueba de explosiones), luces lineales a prueba de explosiones, luces de tubo a prueba de explosiones, luces indicadoras a prueba de explosiones, luces de emergencia a prueba de explosiones, todas nuestras luces a prueba de explosiones est\u00e1n con ATEX aprobado y se ofrecen a un precio muy competitivo.<\/p>\n\n\n\n<p>Amasly Lighting es una empresa l\u00edder en iluminaci\u00f3n profesional dedicada a iluminar espacios con creatividad, innovaci\u00f3n y sostenibilidad. Con un enfoque en la calidad, la eficiencia y la satisfacci\u00f3n del cliente, ofrecemos una amplia gama de soluciones de iluminaci\u00f3n de vanguardia adaptadas para satisfacer las diversas necesidades de nuestros clientes.<\/p>\n\n\n\n<p>Nuestros productos se han exportado a 68 pa\u00edses de todo el mundo, como Europa y Estados Unidos, y se ha ganado el reconocimiento de los principales proveedores de productos de iluminaci\u00f3n del mundo con sus productos de alta calidad.<\/p>\n\n\n\n<h2 class=\"wp-block-heading\"><strong>Linterna a prueba de explosiones Amasly<\/strong> <strong>luces<\/strong> <strong>precio<\/strong><\/h2>\n\n\n\n<div class=\"wp-block-uagb-image uagb-block-b5e91b46 wp-block-uagb-image--layout-default wp-block-uagb-image--effect-static wp-block-uagb-image--align-none\"><figure class=\"wp-block-uagb-image__figure\"><img decoding=\"async\" srcset=\"https:\/\/led.amasly.com\/wp-content\/uploads\/2024\/12\/explosion-proof-flashlights-explosion-proof-mobile-work-lights.jpg ,https:\/\/led.amasly.com\/wp-content\/uploads\/2024\/12\/explosion-proof-flashlights-explosion-proof-mobile-work-lights.jpg 780w, https:\/\/led.amasly.com\/wp-content\/uploads\/2024\/12\/explosion-proof-flashlights-explosion-proof-mobile-work-lights.jpg 360w\" sizes=\"auto, (max-width: 480px) 150px\" src=\"https:\/\/led.amasly.com\/wp-content\/uploads\/2024\/12\/explosion-proof-flashlights-explosion-proof-mobile-work-lights.jpg\" alt=\"Explosion proof torch lights Price\" class=\"uag-image-1584\" width=\"617\" height=\"453\" title=\"linternas antideflagrantes luces de trabajo m\u00f3viles antideflagrantes\" loading=\"lazy\" role=\"img\"\/><\/figure><\/div>\n\n\n\n<figure class=\"wp-block-table\"><table class=\"has-fixed-layout\"><tbody><tr><td>7626<\/td><td>3W<\/td><td>$16.25<\/td><\/tr><tr><td>7210<\/td><td>3W<\/td><td>$28.67<\/td><\/tr><tr><td>7102<\/td><td>9W<\/td><td>$37.27<\/td><\/tr><tr><td>6106<\/td><td>30W<\/td><td>$183.83<\/td><\/tr><\/tbody><\/table><\/figure>\n\n\n\n<h2 class=\"wp-block-heading\"><strong>Preguntas frecuentes sobre Amasly Light<\/strong><\/h2>\n\n\n\n<p><strong>P1.\u00bfPuedo recibir un pedido de muestra de luz led?<\/strong><strong><\/strong><\/p>\n\n\n\n<p>R: S\u00ed, aceptamos pedidos de muestras para probar y comprobar la calidad. Las muestras mezcladas son aceptables.<\/p>\n\n\n\n<p><strong>P2: \u00bfY el plazo de entrega?<\/strong><strong><\/strong><\/p>\n\n\n\n<p>R: La muestra necesita 3-5 d\u00edas, el tiempo de producci\u00f3n en masa necesita 1-2 semanas.<\/p>\n\n\n\n<p><strong>Q3.Do usted tiene cualquier l\u00edmite MOQ para la luz led orden?<\/strong><strong><\/strong><\/p>\n\n\n\n<p>R: Bajo MOQ 1pc para la comprobaci\u00f3n de la muestra est\u00e1 disponible.<\/p>\n\n\n\n<p><strong>Q4. \u00bfC\u00f3mo env\u00edan la mercanc\u00eda y cu\u00e1nto tarda en llegar?<\/strong><strong><\/strong><\/p>\n\n\n\n<p>R: Normalmente enviamos por <a href=\"https:\/\/www.dhl.com\" rel=\"nofollow noopener\" target=\"_blank\">DHL<\/a>, UPS, FedEx o TNT. El env\u00edo suele tardar entre 3 y 5 d\u00edas en llegar. Tambi\u00e9n se ofrece la opci\u00f3n de env\u00edo a\u00e9reo y mar\u00edtimo.<\/p>\n\n\n\n<p><strong>Q5. \u00bfC\u00f3mo tramitar un pedido de luz led?<\/strong><strong><\/strong><\/p>\n\n\n\n<p>A:<\/p>\n\n\n\n<p>En primer lugar, comun\u00edquenos sus necesidades o su solicitud.<\/p>\n\n\n\n<p>En segundo lugar, presupuestamos seg\u00fan sus requisitos o nuestras sugerencias.<\/p>\n\n\n\n<p>En tercer lugar, el cliente confirma las muestras y realiza el dep\u00f3sito para el pedido formal.<\/p>\n\n\n\n<p>En cuarto lugar, organizamos la producci\u00f3n.<\/p>\n\n\n\n<p><strong>P6.\u00bfPuedo imprimir mi <\/strong><strong>LOGO<\/strong><strong>&nbsp;en producto de luz led ?<\/strong><strong><\/strong><\/p>\n\n\n\n<p>R: S\u00ed, por favor inf\u00f3rmenos formalmente antes de nuestra producci\u00f3n y confirmar el dise\u00f1o en primer lugar sobre la base de nuestra muestra.<\/p>\n\n\n\n<p><strong>P7: \u00bfOfrecen garant\u00eda para los productos?<\/strong><strong><\/strong><\/p>\n\n\n\n<p>R: S\u00ed, ofrecemos de 2 a 5 a\u00f1os de garant\u00eda para nuestros productos.<\/p>\n\n\n\n<p><strong>P8: \u00bfC\u00f3mo tratar los fallos?<\/strong><strong><\/strong><\/p>\n\n\n\n<p>A:<\/p>\n\n\n\n<p>En primer lugar, nuestros productos se producen dinstrict sistema de control de calidad y la tasa de defectos ser\u00e1 inferior a 0,2%<\/p>\n\n\n\n<p>En segundo lugar, durante el per\u00edodo de garant\u00eda, proporcionaremos piezas para sustituir la pieza defectuosa.. Para los pedidos al por mayor, proporcionaremos piezas vulnerables por adelantado, o podemos discutir soluciones, incluyendo la retirada del mercado sobre la base de la situaci\u00f3n real.<\/p>\n\n\n\n<p><strong>P9: \u00bfPodemos fabricar l\u00e1mparas antideflagrantes de bajo voltaje con voltajes CA\/CC de 12 V, 24 V, 36 V o 48 V? <\/strong><\/p>\n\n\n\n<p>Amasly se puede utilizar como luminaria antideflagrante tanto de baja como de alta tensi\u00f3n: CA\/CC 12 V, 24 V, 36 V, 48 V, CA 85-265 V, CA 380 V. <\/p>\n\n\n\n<p><strong>P10: \u00bfSe pueden a\u00f1adir bater\u00edas de emergencia Explosion Poof Lights? <\/strong><\/p>\n\n\n\n<p>La l\u00e1mpara a prueba de explosiones Amasly puede equiparse con bater\u00edas de litio de emergencia. La duraci\u00f3n de la emergencia es de 90 minutos, 120 minutos o 180 minutos. <\/p>\n\n\n\n<p><strong>P11: \u00bfSe puede personalizar la l\u00e1mpara a prueba de explosiones Amasly como producto OEM? <\/strong><\/p>\n\n\n\n<p>Las l\u00e1mparas a prueba de explosiones de Amasly se pueden personalizar seg\u00fan los requisitos del cliente, tanto en lo que respecta a las l\u00e1mparas como a las cajas de embalaje.<\/p>\n\n\n\n<div class=\"wp-block-uagb-container uagb-block-c7d898dd alignfull uagb-is-root-container\"><div class=\"uagb-container-inner-blocks-wrap\"><\/div><\/div>\n\n\n\n<h2 class=\"wp-block-heading\">Productos relacionados<\/h2>\n\n\n\n<div class=\"wp-block-uagb-container uagb-block-66e4defc alignfull uagb-is-root-container\"><div class=\"uagb-container-inner-blocks-wrap\">\n<div class=\"wp-block-uagb-container uagb-block-a42945f9\">\n<div class=\"wp-block-uagb-image uagb-block-7296296b wp-block-uagb-image--layout-default wp-block-uagb-image--effect-static wp-block-uagb-image--align-none\"><figure class=\"wp-block-uagb-image__figure\"><a class=\"\" href=\"https:\/\/led.amasly.com\/es_mx\/products\/\" target=\"\" rel=\"noopener\"><img decoding=\"async\" srcset=\"https:\/\/led.amasly.com\/wp-content\/uploads\/2024\/09\/Explosion-proof-high-bay-lights.png ,https:\/\/led.amasly.com\/wp-content\/uploads\/2024\/09\/Explosion-proof-high-bay-lights.png 780w, https:\/\/led.amasly.com\/wp-content\/uploads\/2024\/09\/Explosion-proof-high-bay-lights.png 360w\" sizes=\"auto, (max-width: 480px) 150px\" src=\"https:\/\/led.amasly.com\/wp-content\/uploads\/2024\/09\/Explosion-proof-high-bay-lights.png\" alt=\"\" class=\"uag-image-1495\" width=\"300\" height=\"300\" title=\"Luces de gran altura a prueba de explosiones\" loading=\"lazy\" role=\"img\"><\/a><\/figure><\/div>\n<\/div>\n\n\n\n<div class=\"wp-block-uagb-container uagb-block-4d3efde5\">\n<div class=\"wp-block-uagb-image uagb-block-c9e90797 wp-block-uagb-image--layout-default wp-block-uagb-image--effect-static wp-block-uagb-image--align-none\"><figure class=\"wp-block-uagb-image__figure\"><a class=\"\" href=\"https:\/\/led.amasly.com\/es_mx\/products\/\" target=\"\" rel=\"noopener\"><img decoding=\"async\" srcset=\"https:\/\/led.amasly.com\/wp-content\/uploads\/2024\/07\/LED-tri-proof-lights2.png ,https:\/\/led.amasly.com\/wp-content\/uploads\/2024\/07\/LED-tri-proof-lights2.png 780w, https:\/\/led.amasly.com\/wp-content\/uploads\/2024\/07\/LED-tri-proof-lights2.png 360w\" sizes=\"auto, (max-width: 480px) 150px\" src=\"https:\/\/led.amasly.com\/wp-content\/uploads\/2024\/07\/LED-tri-proof-lights2.png\" alt=\"\" class=\"uag-image-1132\" width=\"300\" height=\"300\" title=\"Luces LED-tri-proof2\" loading=\"lazy\" role=\"img\"><\/a><\/figure><\/div>\n<\/div>\n\n\n\n<div class=\"wp-block-uagb-container uagb-block-11c2578b\">\n<div class=\"wp-block-uagb-image uagb-block-6e8883aa wp-block-uagb-image--layout-default wp-block-uagb-image--effect-static wp-block-uagb-image--align-none\"><figure class=\"wp-block-uagb-image__figure\"><a class=\"\" href=\"https:\/\/led.amasly.com\/es_mx\/products\/\" target=\"\" rel=\"noopener\"><img decoding=\"async\" srcset=\"https:\/\/led.amasly.com\/wp-content\/uploads\/2024\/09\/LED-Explosion-Proof-Gas-Station-Light.png ,https:\/\/led.amasly.com\/wp-content\/uploads\/2024\/09\/LED-Explosion-Proof-Gas-Station-Light.png 780w, https:\/\/led.amasly.com\/wp-content\/uploads\/2024\/09\/LED-Explosion-Proof-Gas-Station-Light.png 360w\" sizes=\"auto, (max-width: 480px) 150px\" src=\"https:\/\/led.amasly.com\/wp-content\/uploads\/2024\/09\/LED-Explosion-Proof-Gas-Station-Light.png\" alt=\"\" class=\"uag-image-1501\" width=\"300\" height=\"300\" title=\"L\u00e1mpara LED antideflagrante para gasolineras\" loading=\"lazy\" role=\"img\"><\/a><\/figure><\/div>\n<\/div>\n<\/div><\/div>\n\n\n\n<div class=\"wp-block-uagb-container uagb-block-548945b5 alignfull uagb-is-root-container\"><div class=\"uagb-container-inner-blocks-wrap\">\n<div class=\"wp-block-uagb-container uagb-block-967755d5\">\n<h4 class=\"wp-block-heading has-text-align-center\"><a href=\"https:\/\/led.amasly.com\/es_mx\/products\/\">Luces LED antideflagrantes<\/a><\/h4>\n<\/div>\n\n\n\n<div class=\"wp-block-uagb-container uagb-block-9bc52fc2\">\n<h4 class=\"wp-block-heading has-text-align-center\"><a href=\"https:\/\/led.amasly.com\/es_mx\/products\/\">Luces LED Tri-Proof<\/a><\/h4>\n<\/div>\n\n\n\n<div class=\"wp-block-uagb-container uagb-block-8ffa0a23\">\n<h4 class=\"wp-block-heading has-text-align-center\"><a href=\"https:\/\/led.amasly.com\/es_mx\/products\/\">Luces de gasolinera a prueba de explosiones<\/a><\/h4>\n<\/div>\n<\/div><\/div>\n\n\n\n<div class=\"wp-block-uagb-container uagb-block-29499fe0 alignfull uagb-is-root-container\"><div class=\"uagb-container-inner-blocks-wrap\">\n<div class=\"wp-block-uagb-container uagb-block-777ee1c7\">\n<div class=\"wp-block-uagb-image uagb-block-2e9a1851 wp-block-uagb-image--layout-default wp-block-uagb-image--effect-static wp-block-uagb-image--align-none\"><figure class=\"wp-block-uagb-image__figure\"><a class=\"\" href=\"https:\/\/led.amasly.com\/es_mx\/products\/\" target=\"\" rel=\"noopener\"><img decoding=\"async\" srcset=\"https:\/\/led.amasly.com\/wp-content\/uploads\/2024\/10\/50W-100W-150W-200W-300W-LED-Flood-Light.jpg ,https:\/\/led.amasly.com\/wp-content\/uploads\/2024\/10\/50W-100W-150W-200W-300W-LED-Flood-Light.jpg 780w, https:\/\/led.amasly.com\/wp-content\/uploads\/2024\/10\/50W-100W-150W-200W-300W-LED-Flood-Light.jpg 360w\" sizes=\"auto, (max-width: 480px) 150px\" src=\"https:\/\/led.amasly.com\/wp-content\/uploads\/2024\/10\/50W-100W-150W-200W-300W-LED-Flood-Light.jpg\" alt=\"\" class=\"uag-image-1526\" width=\"300\" height=\"300\" title=\"L\u00e1mpara de inundaci\u00f3n LED 50W 100W 150W 200W 300W\" loading=\"lazy\" role=\"img\"><\/a><\/figure><\/div>\n<\/div>\n\n\n\n<div class=\"wp-block-uagb-container uagb-block-af8c8683\">\n<div class=\"wp-block-uagb-image uagb-block-67947854 wp-block-uagb-image--layout-default wp-block-uagb-image--effect-static wp-block-uagb-image--align-none\"><figure class=\"wp-block-uagb-image__figure\"><a class=\"\" href=\"https:\/\/led.amasly.com\/es_mx\/products\/\" target=\"\" rel=\"noopener\"><img decoding=\"async\" srcset=\"https:\/\/led.amasly.com\/wp-content\/uploads\/2024\/07\/led-tri-proof-light.png ,https:\/\/led.amasly.com\/wp-content\/uploads\/2024\/07\/led-tri-proof-light.png 780w, https:\/\/led.amasly.com\/wp-content\/uploads\/2024\/07\/led-tri-proof-light.png 360w\" sizes=\"auto, (max-width: 480px) 150px\" src=\"https:\/\/led.amasly.com\/wp-content\/uploads\/2024\/07\/led-tri-proof-light.png\" alt=\"\" class=\"uag-image-1130\" width=\"300\" height=\"300\" title=\"luz led-tri-proof\" loading=\"lazy\" role=\"img\"><\/a><\/figure><\/div>\n<\/div>\n\n\n\n<div class=\"wp-block-uagb-container uagb-block-0fdfdd58\">\n<div class=\"wp-block-uagb-image uagb-block-1187d32d wp-block-uagb-image--layout-default wp-block-uagb-image--effect-static wp-block-uagb-image--align-none\"><figure class=\"wp-block-uagb-image__figure\"><a class=\"\" href=\"https:\/\/led.amasly.com\/es_mx\/products\/\" target=\"\" rel=\"noopener\"><img decoding=\"async\" srcset=\"https:\/\/led.amasly.com\/wp-content\/uploads\/2024\/07\/LED-street-light.jpg ,https:\/\/led.amasly.com\/wp-content\/uploads\/2024\/07\/LED-street-light.jpg 780w, https:\/\/led.amasly.com\/wp-content\/uploads\/2024\/07\/LED-street-light.jpg 360w\" sizes=\"auto, (max-width: 480px) 150px\" src=\"https:\/\/led.amasly.com\/wp-content\/uploads\/2024\/07\/LED-street-light.jpg\" alt=\"\" class=\"uag-image-1145\" width=\"300\" height=\"300\" title=\"Alumbrado p\u00fablico LED\" loading=\"lazy\" role=\"img\"><\/a><\/figure><\/div>\n<\/div>\n<\/div><\/div>\n\n\n\n<div class=\"wp-block-uagb-container uagb-block-6a60882c alignfull uagb-is-root-container\"><div class=\"uagb-container-inner-blocks-wrap\">\n<div class=\"wp-block-uagb-container uagb-block-f1e91a35\">\n<h4 class=\"wp-block-heading has-text-align-center\"><a href=\"https:\/\/led.amasly.com\/es_mx\/products\/\">Proyectores LED<\/a><\/h4>\n<\/div>\n\n\n\n<div class=\"wp-block-uagb-container uagb-block-165bfa58\">\n<h4 class=\"wp-block-heading has-text-align-center\"><a href=\"https:\/\/led.amasly.com\/es_mx\/products\/\">Tubos de luz LED trif\u00e1sicos<\/a><\/h4>\n<\/div>\n\n\n\n<div class=\"wp-block-uagb-container uagb-block-f6096e3b\">\n<h4 class=\"wp-block-heading has-text-align-center\"><a href=\"https:\/\/led.amasly.com\/es_mx\/products\/\">Alumbrado p\u00fablico LED<\/a><\/h4>\n<\/div>\n<\/div><\/div>\n\n\n\n<div class=\"wp-block-uagb-container uagb-block-99c0e0a5 alignfull uagb-is-root-container\"><div class=\"uagb-container-inner-blocks-wrap\"><\/div><\/div>\n\n\n\n<p><\/p>","protected":false},"excerpt":{"rendered":"<p>Amasly Explosion proof torch lights Price Amasly explosion proof&nbsp;flashlights Explosion proof&nbsp;light&nbsp;fitting price influencing factors: explosion proof&nbsp;lights are usually more expensive than regular lights due to their higher design and production costs. However, for those who need to work in flammable and explosive environments, the use of explosion proof&nbsp;lights can greatly reduce the risk of fire [&hellip;]<\/p>\n","protected":false},"author":1,"featured_media":0,"parent":2869,"menu_order":0,"comment_status":"closed","ping_status":"closed","template":"","meta":{"_uag_custom_page_level_css":"","site-sidebar-layout":"no-sidebar","site-content-layout":"","ast-site-content-layout":"default","site-content-style":"default","site-sidebar-style":"default","ast-global-header-display":"","ast-banner-title-visibility":"","ast-main-header-display":"","ast-hfb-above-header-display":"","ast-hfb-below-header-display":"","ast-hfb-mobile-header-display":"","site-post-title":"disabled","ast-breadcrumbs-content":"","ast-featured-img":"","footer-sml-layout":"","ast-disable-related-posts":"","theme-transparent-header-meta":"enabled","adv-header-id-meta":"","stick-header-meta":"","header-above-stick-meta":"","header-main-stick-meta":"","header-below-stick-meta":"","astra-migrate-meta-layouts":"set","ast-page-background-enabled":"default","ast-page-background-meta":{"desktop":{"background-color":"var(--ast-global-color-4)","background-image":"","background-repeat":"repeat","background-position":"center center","background-size":"auto","background-attachment":"scroll","background-type":"","background-media":"","overlay-type":"","overlay-color":"","overlay-opacity":"","overlay-gradient":""},"tablet":{"background-color":"","background-image":"","background-repeat":"repeat","background-position":"center center","background-size":"auto","background-attachment":"scroll","background-type":"","background-media":"","overlay-type":"","overlay-color":"","overlay-opacity":"","overlay-gradient":""},"mobile":{"background-color":"","background-image":"","background-repeat":"repeat","background-position":"center center","background-size":"auto","background-attachment":"scroll","background-type":"","background-media":"","overlay-type":"","overlay-color":"","overlay-opacity":"","overlay-gradient":""}},"ast-content-background-meta":{"desktop":{"background-color":"var(--ast-global-color-5)","background-image":"","background-repeat":"repeat","background-position":"center center","background-size":"auto","background-attachment":"scroll","background-type":"","background-media":"","overlay-type":"","overlay-color":"","overlay-opacity":"","overlay-gradient":""},"tablet":{"background-color":"var(--ast-global-color-5)","background-image":"","background-repeat":"repeat","background-position":"center center","background-size":"auto","background-attachment":"scroll","background-type":"","background-media":"","overlay-type":"","overlay-color":"","overlay-opacity":"","overlay-gradient":""},"mobile":{"background-color":"var(--ast-global-color-5)","background-image":"","background-repeat":"repeat","background-position":"center center","background-size":"auto","background-attachment":"scroll","background-type":"","background-media":"","overlay-type":"","overlay-color":"","overlay-opacity":"","overlay-gradient":""}},"footnotes":""},"class_list":["post-4001","page","type-page","status-publish","hentry"],"uagb_featured_image_src":{"full":false,"thumbnail":false,"medium":false,"medium_large":false,"large":false,"1536x1536":false,"2048x2048":false,"trp-custom-language-flag":false},"uagb_author_info":{"display_name":"Joe","author_link":"https:\/\/led.amasly.com\/es_mx\/author\/jacklin\/"},"uagb_comment_info":0,"uagb_excerpt":"Amasly Explosion proof torch lights Price Amasly explosion proof&nbsp;flashlights Explosion proof&nbsp;light&nbsp;fitting price influencing factors: explosion proof&nbsp;lights are usually more expensive than regular lights due to their higher design and production costs. However, for those who need to work in flammable and explosive environments, the use of explosion proof&nbsp;lights can greatly reduce the risk of fire&hellip;","_links":{"self":[{"href":"https:\/\/led.amasly.com\/es_mx\/wp-json\/wp\/v2\/pages\/4001","targetHints":{"allow":["GET"]}}],"collection":[{"href":"https:\/\/led.amasly.com\/es_mx\/wp-json\/wp\/v2\/pages"}],"about":[{"href":"https:\/\/led.amasly.com\/es_mx\/wp-json\/wp\/v2\/types\/page"}],"author":[{"embeddable":true,"href":"https:\/\/led.amasly.com\/es_mx\/wp-json\/wp\/v2\/users\/1"}],"replies":[{"embeddable":true,"href":"https:\/\/led.amasly.com\/es_mx\/wp-json\/wp\/v2\/comments?post=4001"}],"version-history":[{"count":2,"href":"https:\/\/led.amasly.com\/es_mx\/wp-json\/wp\/v2\/pages\/4001\/revisions"}],"predecessor-version":[{"id":4493,"href":"https:\/\/led.amasly.com\/es_mx\/wp-json\/wp\/v2\/pages\/4001\/revisions\/4493"}],"up":[{"embeddable":true,"href":"https:\/\/led.amasly.com\/es_mx\/wp-json\/wp\/v2\/pages\/2869"}],"wp:attachment":[{"href":"https:\/\/led.amasly.com\/es_mx\/wp-json\/wp\/v2\/media?parent=4001"}],"curies":[{"name":"wp","href":"https:\/\/api.w.org\/{rel}","templated":true}]}}