{"id":3081,"date":"2025-04-16T22:42:08","date_gmt":"2025-04-16T14:42:08","guid":{"rendered":"https:\/\/led.amasly.com\/?page_id=3081"},"modified":"2025-04-22T20:55:37","modified_gmt":"2025-04-22T12:55:37","slug":"spray-paint-booth-explosion-proof-lights-lighting-specifications-industrial-spray-paint-booth-automotive-spray-paint-booth-with-what-explosion-proof-lights","status":"publish","type":"page","link":"https:\/\/led.amasly.com\/es_mx\/knowledge\/explosion-proof-products-knowledge\/spray-paint-booth-explosion-proof-lights-lighting-specifications-industrial-spray-paint-booth-automotive-spray-paint-booth-with-what-explosion-proof-lights\/","title":{"rendered":"Cabina de pintura a pistola con luces antideflagrantes especificaciones de iluminaci\u00f3n: cabina de pintura a pistola industrial, cabina de pintura a pistola para automoci\u00f3n \u00bfcon qu\u00e9 luces antideflagrantes?"},"content":{"rendered":"<div class=\"wp-block-uagb-container uagb-block-27bae773 alignfull uagb-is-root-container\"><div class=\"uagb-container-inner-blocks-wrap\"><\/div><\/div>\n\n\n\n<h2 class=\"wp-block-heading\"><strong>Cabina de pintura <\/strong><strong>a prueba de explosi\u00f3n<\/strong><strong>&nbsp;<\/strong><strong>luces<\/strong><strong>&nbsp;especificaciones de iluminaci\u00f3n: cabina de pintura industrial, cabina de pintura automotriz con qu\u00e9 <\/strong><strong>a prueba de explosi\u00f3n<\/strong><strong>&nbsp;<\/strong><strong>luces<\/strong><strong>?<\/strong><strong><\/strong><\/h2>\n\n\n\n<div class=\"wp-block-uagb-image uagb-block-da1360b5 wp-block-uagb-image--layout-default wp-block-uagb-image--effect-static wp-block-uagb-image--align-none\"><figure class=\"wp-block-uagb-image__figure\"><a class=\"\" href=\"https:\/\/led.amasly.com\/es_mx\/products\/\" target=\"\" rel=\"noopener\"><img decoding=\"async\" srcset=\"https:\/\/led.amasly.com\/wp-content\/uploads\/2025\/01\/LED-explosion-proof-flood-lights.png ,https:\/\/led.amasly.com\/wp-content\/uploads\/2025\/01\/LED-explosion-proof-flood-lights.png 780w, https:\/\/led.amasly.com\/wp-content\/uploads\/2025\/01\/LED-explosion-proof-flood-lights.png 360w\" sizes=\"auto, (max-width: 480px) 150px\" src=\"https:\/\/led.amasly.com\/wp-content\/uploads\/2025\/01\/LED-explosion-proof-flood-lights.png\" alt=\"\" class=\"uag-image-1675\" width=\"1004\" height=\"308\" title=\"Proyectores LED antideflagrantes\" loading=\"lazy\" role=\"img\"><\/a><\/figure><\/div>\n\n\n\n<h2 class=\"wp-block-heading\"><strong>Normas sobre requisitos de iluminaci\u00f3n de cabinas de pintura<\/strong><strong><\/strong><\/h2>\n\n\n\n<p>La cabina de pintura es un lugar especializado para la pulverizaci\u00f3n de pintura automotriz y otros procesos, y la iluminaci\u00f3n es una de las condiciones importantes para garantizar que el trabajo de pulverizaci\u00f3n de pintura se pueda llevar a cabo sin problemas. A continuaci\u00f3n se presentar\u00e1n los requisitos est\u00e1ndar para la iluminaci\u00f3n de la cabina de pintura para garantizar un entorno de trabajo seguro y eficiente.<\/p>\n\n\n\n<h3 class=\"wp-block-heading\"><strong>En primer lugar, la intensidad luminosa de la cabina de pintura debe cumplir las normas nacionales pertinentes. <\/strong><strong><\/strong><\/h3>\n\n\n\n<p>En t\u00e9rminos generales, la intensidad de iluminaci\u00f3n de la cabina de pulverizaci\u00f3n debe estar entre 500~1000 lux para garantizar que el personal pueda ver claramente la zona de trabajo y evitar errores de trabajo o accidentes causados por una luz insuficiente.<\/p>\n\n\n\n<p><strong>En segundo lugar, el equipo de iluminaci\u00f3n de la sala de pintura en aerosol debe tener ciertas <\/strong><strong>a prueba de explosi\u00f3n<\/strong><strong>&nbsp;rendimiento. <\/strong><strong><\/strong><\/p>\n\n\n\n<p>Debido a la presencia de materiales de pintura inflamables y explosivos en la cabina de pintura, el equipo de iluminaci\u00f3n debe ser luces y linternas a prueba de explosiones para evitar incendios o explosiones causadas por el propio equipo de iluminaci\u00f3n.<\/p>\n\n\n\n<h3 class=\"wp-block-heading\"><strong>Al mismo tiempo, el nivel de protecci\u00f3n<\/strong><strong><\/strong><\/h3>\n\n\n\n<p>el nivel de protecci\u00f3n del equipo de iluminaci\u00f3n tambi\u00e9n debe cumplir los requisitos del entorno de trabajo en la cabina de pintura para evitar el polvo, los gases corrosivos y otros da\u00f1os a las luces.<\/p>\n\n\n\n<h3 class=\"wp-block-heading\"><strong>Una vez m\u00e1s, el equipo de iluminaci\u00f3n de la sala de pintura debe tener un cierto grado de resistencia a la corrosi\u00f3n. <\/strong><strong><\/strong><\/h3>\n\n\n\n<p>Los productos qu\u00edmicos y disolventes de la cabina de pintura causar\u00e1n cierta corrosi\u00f3n del equipo de iluminaci\u00f3n, por lo tanto, el equipo de iluminaci\u00f3n debe ser seleccionado con una buena resistencia a la corrosi\u00f3n del material de fabricaci\u00f3n, y la necesidad de inspecci\u00f3n y mantenimiento regular para garantizar su funcionamiento normal y la vida.<\/p>\n\n\n\n<h3 class=\"wp-block-heading\"><strong>Adem\u00e1s, el equipo de iluminaci\u00f3n de la cabina de pintura debe tener un cierto rendimiento a prueba de polvo. <\/strong><strong><\/strong><\/h3>\n\n\n\n<p>El proceso de pulverizaci\u00f3n de pintura producir\u00e1 un gran n\u00famero de part\u00edculas finas, si el equipo de iluminaci\u00f3n en el interior, no s\u00f3lo afectar\u00e1 el efecto de iluminaci\u00f3n, tambi\u00e9n puede causar fallos en el equipo. Por lo tanto, el equipo de iluminaci\u00f3n debe tener medidas eficaces a prueba de polvo, tales como el dise\u00f1o de sellado, filtros, etc., con el fin de reducir el impacto de las part\u00edculas externas en el equipo.<\/p>\n\n\n\n<p>En resumen, existen ciertas normas para los requisitos de iluminaci\u00f3n de las salas de pintura por pulverizaci\u00f3n. La intensidad de la iluminaci\u00f3n, el rendimiento a prueba de explosiones, la resistencia a la corrosi\u00f3n y el rendimiento a prueba de polvo son factores importantes que deben tenerse en cuenta en el dise\u00f1o de la iluminaci\u00f3n de la cabina de pintura.<\/p>\n\n\n\n<p>S\u00f3lo cumpliendo estos requisitos podemos garantizar la seguridad y eficacia de los trabajos de pulverizaci\u00f3n de pintura.<\/p>\n\n\n\n<p>Por lo tanto, en el dise\u00f1o de la iluminaci\u00f3n de la cabina de pintura y la selecci\u00f3n del equipo, es necesario operar en estricta conformidad con las normas pertinentes para garantizar las buenas condiciones del entorno de trabajo y la seguridad de los operadores.<\/p>\n\n\n\n<h2 class=\"wp-block-heading\"><strong>Qu\u00e9 <\/strong><strong>a prueba de explosi\u00f3n<\/strong><strong>&nbsp;<\/strong><strong>luces<\/strong><strong>&nbsp;se utilizan en la sala de pintura a pistola de autom\u00f3viles?<\/strong><strong><\/strong><\/h2>\n\n\n\n<p>En los \u00faltimos a\u00f1os la industria del coche el\u00e9ctrico es muy caliente, tales como: <a href=\"http:\/\/www.mi.com\" rel=\"nofollow noopener\" target=\"_blank\">Veh\u00edculo el\u00e9ctrico xiaomi.<\/a><\/p>\n\n\n\n<p>Un cliente envi\u00f3 un mensaje para preguntar: \u201c\u00bfQu\u00e9 tipo de luces antideflagrantes se utilizan en la sala de pulverizaci\u00f3n de pintura especializada en autom\u00f3viles?\u201d.\u201d<\/p>\n\n\n\n<p>&nbsp;&nbsp;&nbsp;&nbsp;Sala de pintura en aerosol de unos 10 metros de longitud, la altura de unos 4 metros de altura, la m\u00e1s alta es de s\u00f3lo 5 metros, 30 metros cuadrados una habitaci\u00f3n.<\/p>\n\n\n\n<p>Preg\u00fantame cu\u00e1ntos vatios de luces a prueba de explosiones instalado cu\u00e1ntos? Este es un viejo cliente, a menudo en nuestra f\u00e1brica antes de la compra de iluminaci\u00f3n a prueba de explosiones para<\/p>\n\n\n\n<p>Antes de que los proyectores a prueba de explosiones, iluminaci\u00f3n a prueba de explosiones estos sobre todo, son principalmente a algunas refiner\u00edas, caldera de proyecto de desulfuraci\u00f3n de gases de combusti\u00f3n, plantas de energ\u00eda de residuos, estos lugares para proporcionar iluminaci\u00f3n a prueba de explosiones, no pens\u00e9 que ahora se dedican a la sala de pintura en aerosol tambi\u00e9n los encontr\u00f3.<\/p>\n\n\n\n<p>Habl\u00e9 con \u00e9l de acuerdo a los requisitos, lo emparej\u00f3 con 60W a prueba de explosiones focos, porque esta luz est\u00e1 m\u00e1s en l\u00ednea con la cabina de pintura de gas a prueba de explosiones requisitos, sino tambi\u00e9n m\u00e1s en l\u00ednea con los requisitos de su brillo de la iluminaci\u00f3n, el cliente le gustar\u00eda instalar cada habitaci\u00f3n 2, a s\u00f3lo 3 metros para instalar una luz.<\/p>\n\n\n\n<h2 class=\"wp-block-heading\"><strong>Cabina de pintura industrial sobre el uso de <\/strong><strong>a prueba de explosi\u00f3n<\/strong><strong>&nbsp;<\/strong><strong>luces<\/strong><strong>&nbsp;y las linternas suelen tener \u00bfqu\u00e9 requisitos?<\/strong><strong><\/strong><\/h2>\n\n\n\n<p>&nbsp;&nbsp;&nbsp;&nbsp;1, las cabinas de pintura industrial y el taller ordinario de una planta qu\u00edmica no es lo mismo, los requisitos de luminosidad son muy altos, porque hay ambientes polvorientos.<\/p>\n\n\n\n<p>Ha habido una solicitud de los clientes de Henan Jiaozuo que la iluminaci\u00f3n de la cabina de pintura debe alcanzar 750LX, y para soportar la prueba.<\/p>\n\n\n\n<p>Pruebas.<\/p>\n\n\n\n<p>&nbsp;&nbsp;&nbsp;&nbsp;2, los requisitos deben ser a prueba de explosiones luces y linternas, y puede alcanzar el nivel IIC, EX certificados a prueba de explosiones y los informes de inspecci\u00f3n, o bien<\/p>\n\n\n\n<p>\u00bfQu\u00e9 se toma para demostrar que sus luces a prueba de explosiones que, a la derecha, nuestras luces y linternas tambi\u00e9n se hacen a prueba de explosiones de polvo, est\u00e1 en l\u00ednea con los requisitos de la<\/p>\n\n\n\n<p>&nbsp;&nbsp;&nbsp;&nbsp;3, algunos personal de dise\u00f1o de iluminaci\u00f3n tendr\u00e1 en cuenta la situaci\u00f3n de los empleados en el trabajo, tales como la luz no ser\u00e1 demasiado dura, esto<\/p>\n\n\n\n<p>Esta vez ser\u00e1 necesario que las luces y linternas de vidrio templado de vidrio antideslumbrante, para que la gente mira la luz no se sentir\u00e1 muy inc\u00f3modo, y se sentir\u00e1 mucho m\u00e1s relajado cuando se trabaja.<\/p>\n\n\n\n<p>El trabajo tambi\u00e9n te resultar\u00e1 mucho m\u00e1s f\u00e1cil.<\/p>\n\n\n\n<p>&nbsp;&nbsp;&nbsp;&nbsp;4, el requisito de no tener diferencia de color, y la longitud de onda de la luz solar es similar, por lo que los productos pulverizados no cambiar\u00e1 de color, una gran cantidad de gesti\u00f3n son<\/p>\n\n\n\n<p>Requieren pintores para ajustar el color en el exterior en primer lugar, y luego llevarlo a pulverizar, pintura en aerosol en general la iluminaci\u00f3n de la sala se utilizan iluminaci\u00f3n a prueba de explosiones.<\/p>\n\n\n\n<p>Los aparatos de iluminaci\u00f3n suelen ser a prueba de explosiones. Estos, debido a que su temperatura de color es generalmente en el 6000k o as\u00ed, la luz blanca positiva.<\/p>\n\n\n\n<h2 class=\"wp-block-heading\"><strong>Iluminaci\u00f3n de cabinas de pintura para muebles:<\/strong><strong><\/strong><\/h2>\n\n\n\n<p>Entre los tipos de luces antideflagrantes que suelen utilizarse en las cabinas de pintura de muebles se incluyen las luces antideflagrantes LED y las luces infrarrojas para hornear.<\/p>\n\n\n\n<h3 class=\"wp-block-heading\"><strong>LED <\/strong><strong>a prueba de explosi\u00f3n<\/strong><strong>&nbsp;<\/strong><strong>luces<\/strong><strong><\/strong><\/h3>\n\n\n\n<p>Las luces LED antideflagrantes se utilizan mucho en las cabinas de pintura de muebles por su gran eficacia, ahorro de energ\u00eda y larga vida \u00fatil. <\/p>\n\n\n\n<p>Por ejemplo, las luces LED antideflagrantes de 100 W producidas por Amasly est\u00e1n fabricadas con fundici\u00f3n a presi\u00f3n de aleaci\u00f3n de aluminio de alta calidad, con una superficie resistente a las altas temperaturas, que resulta adecuada para entornos con altas temperaturas, como las cabinas de pulverizaci\u00f3n de pintura. <\/p>\n\n\n\n<p>Con una estructura a prueba de explosiones de clase IIC y un nivel de protecci\u00f3n IP66, las luces son adecuadas para su uso en lugares con peligro de explosi\u00f3n de gas o polvo.<\/p>\n\n\n\n<h3 class=\"wp-block-heading\"><strong>Horneado por infrarrojos <\/strong><strong>luces<\/strong><strong><\/strong><\/h3>\n\n\n\n<p>Las luces infrarrojas para hornear se utilizan principalmente para el proceso de secado y horneado de pintura. Las luces infrarrojas de doble tubo calentadas el\u00e9ctricamente por fibra de carbono y las luces hal\u00f3genas son opciones comunes. Estas luces proporcionan un calor eficiente para ayudar a que la pintura se seque r\u00e1pidamente y aumentar la eficiencia.<\/p>\n\n\n\n<h2 class=\"wp-block-heading\"><strong>Explosi\u00f3n de Amasly<\/strong><strong>&nbsp;<\/strong><strong>Opciones de iluminaci\u00f3n de prueba<\/strong><strong><\/strong><\/h2>\n\n\n\n<p>Amasly proporciona l\u00e1mparas redondas a prueba de explosiones\uff08Luces de alta bah\u00eda a prueba de explosiones\uff09, l\u00e1mparas cuadradas a prueba de explosiones\uff08Luces de inundaci\u00f3n a prueba de explosiones\uff09 y largas l\u00e1mparas antideflagrantes\uff08Luces lineales antideflagrantes\uff09 para cabinas de pintura, exportando a muchos pa\u00edses de Asia y Europa con calidad garantizada.<\/p>\n\n\n\n<div class=\"wp-block-uagb-container uagb-block-c7d898dd alignfull uagb-is-root-container\"><div class=\"uagb-container-inner-blocks-wrap\"><\/div><\/div>\n\n\n\n<h2 class=\"wp-block-heading\">Productos relacionados<\/h2>\n\n\n\n<div class=\"wp-block-uagb-container uagb-block-66e4defc alignfull uagb-is-root-container\"><div class=\"uagb-container-inner-blocks-wrap\">\n<div class=\"wp-block-uagb-container uagb-block-a42945f9\">\n<div class=\"wp-block-uagb-image uagb-block-7296296b wp-block-uagb-image--layout-default wp-block-uagb-image--effect-static wp-block-uagb-image--align-none\"><figure class=\"wp-block-uagb-image__figure\"><a class=\"\" href=\"https:\/\/led.amasly.com\/es_mx\/products\/\" target=\"\" rel=\"noopener\"><img decoding=\"async\" srcset=\"https:\/\/led.amasly.com\/wp-content\/uploads\/2024\/09\/Explosion-proof-high-bay-lights.png ,https:\/\/led.amasly.com\/wp-content\/uploads\/2024\/09\/Explosion-proof-high-bay-lights.png 780w, https:\/\/led.amasly.com\/wp-content\/uploads\/2024\/09\/Explosion-proof-high-bay-lights.png 360w\" sizes=\"auto, (max-width: 480px) 150px\" src=\"https:\/\/led.amasly.com\/wp-content\/uploads\/2024\/09\/Explosion-proof-high-bay-lights.png\" alt=\"\" class=\"uag-image-1495\" width=\"300\" height=\"300\" title=\"Luces de gran altura a prueba de explosiones\" loading=\"lazy\" role=\"img\"><\/a><\/figure><\/div>\n<\/div>\n\n\n\n<div class=\"wp-block-uagb-container uagb-block-4d3efde5\">\n<div class=\"wp-block-uagb-image uagb-block-c9e90797 wp-block-uagb-image--layout-default wp-block-uagb-image--effect-static wp-block-uagb-image--align-none\"><figure class=\"wp-block-uagb-image__figure\"><a class=\"\" href=\"https:\/\/led.amasly.com\/es_mx\/products\/\" target=\"\" rel=\"noopener\"><img decoding=\"async\" srcset=\"https:\/\/led.amasly.com\/wp-content\/uploads\/2024\/07\/LED-tri-proof-lights2.png ,https:\/\/led.amasly.com\/wp-content\/uploads\/2024\/07\/LED-tri-proof-lights2.png 780w, https:\/\/led.amasly.com\/wp-content\/uploads\/2024\/07\/LED-tri-proof-lights2.png 360w\" sizes=\"auto, (max-width: 480px) 150px\" src=\"https:\/\/led.amasly.com\/wp-content\/uploads\/2024\/07\/LED-tri-proof-lights2.png\" alt=\"\" class=\"uag-image-1132\" width=\"300\" height=\"300\" title=\"Luces LED-tri-proof2\" loading=\"lazy\" role=\"img\"><\/a><\/figure><\/div>\n<\/div>\n\n\n\n<div class=\"wp-block-uagb-container uagb-block-11c2578b\">\n<div class=\"wp-block-uagb-image uagb-block-6e8883aa wp-block-uagb-image--layout-default wp-block-uagb-image--effect-static wp-block-uagb-image--align-none\"><figure class=\"wp-block-uagb-image__figure\"><a class=\"\" href=\"https:\/\/led.amasly.com\/es_mx\/products\/\" target=\"\" rel=\"noopener\"><img decoding=\"async\" srcset=\"https:\/\/led.amasly.com\/wp-content\/uploads\/2024\/09\/LED-Explosion-Proof-Gas-Station-Light.png ,https:\/\/led.amasly.com\/wp-content\/uploads\/2024\/09\/LED-Explosion-Proof-Gas-Station-Light.png 780w, https:\/\/led.amasly.com\/wp-content\/uploads\/2024\/09\/LED-Explosion-Proof-Gas-Station-Light.png 360w\" sizes=\"auto, (max-width: 480px) 150px\" src=\"https:\/\/led.amasly.com\/wp-content\/uploads\/2024\/09\/LED-Explosion-Proof-Gas-Station-Light.png\" alt=\"\" class=\"uag-image-1501\" width=\"300\" height=\"300\" title=\"L\u00e1mpara LED antideflagrante para gasolineras\" loading=\"lazy\" role=\"img\"><\/a><\/figure><\/div>\n<\/div>\n<\/div><\/div>\n\n\n\n<div class=\"wp-block-uagb-container uagb-block-548945b5 alignfull uagb-is-root-container\"><div class=\"uagb-container-inner-blocks-wrap\">\n<div class=\"wp-block-uagb-container uagb-block-967755d5\">\n<h4 class=\"wp-block-heading has-text-align-center\"><a href=\"https:\/\/led.amasly.com\/es_mx\/products\/\">Luces LED antideflagrantes<\/a><\/h4>\n<\/div>\n\n\n\n<div class=\"wp-block-uagb-container uagb-block-9bc52fc2\">\n<h4 class=\"wp-block-heading has-text-align-center\"><a href=\"https:\/\/led.amasly.com\/es_mx\/products\/\">Luces LED Tri-Proof<\/a><\/h4>\n<\/div>\n\n\n\n<div class=\"wp-block-uagb-container uagb-block-8ffa0a23\">\n<h4 class=\"wp-block-heading has-text-align-center\"><a href=\"https:\/\/led.amasly.com\/es_mx\/products\/\">Luces de gasolinera a prueba de explosiones<\/a><\/h4>\n<\/div>\n<\/div><\/div>\n\n\n\n<div class=\"wp-block-uagb-container uagb-block-29499fe0 alignfull uagb-is-root-container\"><div class=\"uagb-container-inner-blocks-wrap\">\n<div class=\"wp-block-uagb-container uagb-block-777ee1c7\">\n<div class=\"wp-block-uagb-image uagb-block-2e9a1851 wp-block-uagb-image--layout-default wp-block-uagb-image--effect-static wp-block-uagb-image--align-none\"><figure class=\"wp-block-uagb-image__figure\"><a class=\"\" href=\"https:\/\/led.amasly.com\/es_mx\/products\/\" target=\"\" rel=\"noopener\"><img decoding=\"async\" srcset=\"https:\/\/led.amasly.com\/wp-content\/uploads\/2024\/10\/50W-100W-150W-200W-300W-LED-Flood-Light.jpg ,https:\/\/led.amasly.com\/wp-content\/uploads\/2024\/10\/50W-100W-150W-200W-300W-LED-Flood-Light.jpg 780w, https:\/\/led.amasly.com\/wp-content\/uploads\/2024\/10\/50W-100W-150W-200W-300W-LED-Flood-Light.jpg 360w\" sizes=\"auto, (max-width: 480px) 150px\" src=\"https:\/\/led.amasly.com\/wp-content\/uploads\/2024\/10\/50W-100W-150W-200W-300W-LED-Flood-Light.jpg\" alt=\"\" class=\"uag-image-1526\" width=\"300\" height=\"300\" title=\"L\u00e1mpara de inundaci\u00f3n LED 50W 100W 150W 200W 300W\" loading=\"lazy\" role=\"img\"><\/a><\/figure><\/div>\n<\/div>\n\n\n\n<div class=\"wp-block-uagb-container uagb-block-af8c8683\">\n<div class=\"wp-block-uagb-image uagb-block-67947854 wp-block-uagb-image--layout-default wp-block-uagb-image--effect-static wp-block-uagb-image--align-none\"><figure class=\"wp-block-uagb-image__figure\"><a class=\"\" href=\"https:\/\/led.amasly.com\/es_mx\/products\/\" target=\"\" rel=\"noopener\"><img decoding=\"async\" srcset=\"https:\/\/led.amasly.com\/wp-content\/uploads\/2024\/07\/led-tri-proof-light.png ,https:\/\/led.amasly.com\/wp-content\/uploads\/2024\/07\/led-tri-proof-light.png 780w, https:\/\/led.amasly.com\/wp-content\/uploads\/2024\/07\/led-tri-proof-light.png 360w\" sizes=\"auto, (max-width: 480px) 150px\" src=\"https:\/\/led.amasly.com\/wp-content\/uploads\/2024\/07\/led-tri-proof-light.png\" alt=\"\" class=\"uag-image-1130\" width=\"300\" height=\"300\" title=\"luz led-tri-proof\" loading=\"lazy\" role=\"img\"><\/a><\/figure><\/div>\n<\/div>\n\n\n\n<div class=\"wp-block-uagb-container uagb-block-0fdfdd58\">\n<div class=\"wp-block-uagb-image uagb-block-1187d32d wp-block-uagb-image--layout-default wp-block-uagb-image--effect-static wp-block-uagb-image--align-none\"><figure class=\"wp-block-uagb-image__figure\"><a class=\"\" href=\"https:\/\/led.amasly.com\/es_mx\/products\/\" target=\"\" rel=\"noopener\"><img decoding=\"async\" srcset=\"https:\/\/led.amasly.com\/wp-content\/uploads\/2024\/07\/LED-street-light.jpg ,https:\/\/led.amasly.com\/wp-content\/uploads\/2024\/07\/LED-street-light.jpg 780w, https:\/\/led.amasly.com\/wp-content\/uploads\/2024\/07\/LED-street-light.jpg 360w\" sizes=\"auto, (max-width: 480px) 150px\" src=\"https:\/\/led.amasly.com\/wp-content\/uploads\/2024\/07\/LED-street-light.jpg\" alt=\"\" class=\"uag-image-1145\" width=\"300\" height=\"300\" title=\"Alumbrado p\u00fablico LED\" loading=\"lazy\" role=\"img\"><\/a><\/figure><\/div>\n<\/div>\n<\/div><\/div>\n\n\n\n<div class=\"wp-block-uagb-container uagb-block-6a60882c alignfull uagb-is-root-container\"><div class=\"uagb-container-inner-blocks-wrap\">\n<div class=\"wp-block-uagb-container uagb-block-f1e91a35\">\n<h4 class=\"wp-block-heading has-text-align-center\"><a href=\"https:\/\/led.amasly.com\/es_mx\/products\/\">Proyectores LED<\/a><\/h4>\n<\/div>\n\n\n\n<div class=\"wp-block-uagb-container uagb-block-165bfa58\">\n<h4 class=\"wp-block-heading has-text-align-center\"><a href=\"https:\/\/led.amasly.com\/es_mx\/products\/\">Tubos de luz LED trif\u00e1sicos<\/a><\/h4>\n<\/div>\n\n\n\n<div class=\"wp-block-uagb-container uagb-block-f6096e3b\">\n<h4 class=\"wp-block-heading has-text-align-center\"><a href=\"https:\/\/led.amasly.com\/es_mx\/products\/\">Alumbrado p\u00fablico LED<\/a><\/h4>\n<\/div>\n<\/div><\/div>\n\n\n\n<div class=\"wp-block-uagb-container uagb-block-99c0e0a5 alignfull uagb-is-root-container\"><div class=\"uagb-container-inner-blocks-wrap\"><\/div><\/div>\n\n\n\n<p><\/p>","protected":false},"excerpt":{"rendered":"<p>Spray paint booth explosion proof&nbsp;lights&nbsp;lighting specifications: industrial spray paint booth, automotive spray paint booth with what explosion proof&nbsp;lights? Paint spray booth lighting requirements standards Paint spray booth is a specialized place for automotive paint spraying and other processes, and lighting is one of the important conditions to ensure that the paint spraying work can be [&hellip;]<\/p>\n","protected":false},"author":1,"featured_media":0,"parent":2374,"menu_order":0,"comment_status":"closed","ping_status":"closed","template":"","meta":{"_uag_custom_page_level_css":"","site-sidebar-layout":"no-sidebar","site-content-layout":"","ast-site-content-layout":"default","site-content-style":"default","site-sidebar-style":"default","ast-global-header-display":"","ast-banner-title-visibility":"","ast-main-header-display":"","ast-hfb-above-header-display":"","ast-hfb-below-header-display":"","ast-hfb-mobile-header-display":"","site-post-title":"disabled","ast-breadcrumbs-content":"","ast-featured-img":"","footer-sml-layout":"","ast-disable-related-posts":"","theme-transparent-header-meta":"enabled","adv-header-id-meta":"","stick-header-meta":"","header-above-stick-meta":"","header-main-stick-meta":"","header-below-stick-meta":"","astra-migrate-meta-layouts":"set","ast-page-background-enabled":"default","ast-page-background-meta":{"desktop":{"background-color":"var(--ast-global-color-4)","background-image":"","background-repeat":"repeat","background-position":"center center","background-size":"auto","background-attachment":"scroll","background-type":"","background-media":"","overlay-type":"","overlay-color":"","overlay-opacity":"","overlay-gradient":""},"tablet":{"background-color":"","background-image":"","background-repeat":"repeat","background-position":"center center","background-size":"auto","background-attachment":"scroll","background-type":"","background-media":"","overlay-type":"","overlay-color":"","overlay-opacity":"","overlay-gradient":""},"mobile":{"background-color":"","background-image":"","background-repeat":"repeat","background-position":"center center","background-size":"auto","background-attachment":"scroll","background-type":"","background-media":"","overlay-type":"","overlay-color":"","overlay-opacity":"","overlay-gradient":""}},"ast-content-background-meta":{"desktop":{"background-color":"var(--ast-global-color-5)","background-image":"","background-repeat":"repeat","background-position":"center center","background-size":"auto","background-attachment":"scroll","background-type":"","background-media":"","overlay-type":"","overlay-color":"","overlay-opacity":"","overlay-gradient":""},"tablet":{"background-color":"var(--ast-global-color-5)","background-image":"","background-repeat":"repeat","background-position":"center center","background-size":"auto","background-attachment":"scroll","background-type":"","background-media":"","overlay-type":"","overlay-color":"","overlay-opacity":"","overlay-gradient":""},"mobile":{"background-color":"var(--ast-global-color-5)","background-image":"","background-repeat":"repeat","background-position":"center center","background-size":"auto","background-attachment":"scroll","background-type":"","background-media":"","overlay-type":"","overlay-color":"","overlay-opacity":"","overlay-gradient":""}},"footnotes":""},"class_list":["post-3081","page","type-page","status-publish","hentry"],"uagb_featured_image_src":{"full":false,"thumbnail":false,"medium":false,"medium_large":false,"large":false,"1536x1536":false,"2048x2048":false,"trp-custom-language-flag":false},"uagb_author_info":{"display_name":"Joe","author_link":"https:\/\/led.amasly.com\/es_mx\/author\/jacklin\/"},"uagb_comment_info":0,"uagb_excerpt":"Spray paint booth explosion proof&nbsp;lights&nbsp;lighting specifications: industrial spray paint booth, automotive spray paint booth with what explosion proof&nbsp;lights? Paint spray booth lighting requirements standards Paint spray booth is a specialized place for automotive paint spraying and other processes, and lighting is one of the important conditions to ensure that the paint spraying work can be&hellip;","_links":{"self":[{"href":"https:\/\/led.amasly.com\/es_mx\/wp-json\/wp\/v2\/pages\/3081","targetHints":{"allow":["GET"]}}],"collection":[{"href":"https:\/\/led.amasly.com\/es_mx\/wp-json\/wp\/v2\/pages"}],"about":[{"href":"https:\/\/led.amasly.com\/es_mx\/wp-json\/wp\/v2\/types\/page"}],"author":[{"embeddable":true,"href":"https:\/\/led.amasly.com\/es_mx\/wp-json\/wp\/v2\/users\/1"}],"replies":[{"embeddable":true,"href":"https:\/\/led.amasly.com\/es_mx\/wp-json\/wp\/v2\/comments?post=3081"}],"version-history":[{"count":3,"href":"https:\/\/led.amasly.com\/es_mx\/wp-json\/wp\/v2\/pages\/3081\/revisions"}],"predecessor-version":[{"id":3166,"href":"https:\/\/led.amasly.com\/es_mx\/wp-json\/wp\/v2\/pages\/3081\/revisions\/3166"}],"up":[{"embeddable":true,"href":"https:\/\/led.amasly.com\/es_mx\/wp-json\/wp\/v2\/pages\/2374"}],"wp:attachment":[{"href":"https:\/\/led.amasly.com\/es_mx\/wp-json\/wp\/v2\/media?parent=3081"}],"curies":[{"name":"wp","href":"https:\/\/api.w.org\/{rel}","templated":true}]}}