{"id":3039,"date":"2025-04-11T20:47:37","date_gmt":"2025-04-11T12:47:37","guid":{"rendered":"https:\/\/led.amasly.com\/?page_id=3039"},"modified":"2025-04-11T20:47:43","modified_gmt":"2025-04-11T12:47:43","slug":"explosion-proof-and-atex-certification-key-differences-for-hazardous-environments","status":"publish","type":"page","link":"https:\/\/led.amasly.com\/es_mx\/knowledge\/explosion-proof-products-knowledge\/explosion-proof-and-atex-certification-key-differences-for-hazardous-environments\/","title":{"rendered":"Certificaci\u00f3n antideflagrante y ATEX: Diferencias clave para entornos peligrosos"},"content":{"rendered":"<div class=\"wp-block-uagb-container uagb-block-27bae773 alignfull uagb-is-root-container\"><div class=\"uagb-container-inner-blocks-wrap\"><\/div><\/div>\n\n\n\n<h2 class=\"wp-block-heading has-text-align-left\"><strong>Certificaci\u00f3n antideflagrante y ATEX: Diferencias clave para entornos peligrosos<\/strong><\/h2>\n\n\n\n<div class=\"wp-block-uagb-image uagb-block-da1360b5 wp-block-uagb-image--layout-default wp-block-uagb-image--effect-static wp-block-uagb-image--align-none\"><figure class=\"wp-block-uagb-image__figure\"><a class=\"\" href=\"https:\/\/led.amasly.com\/es_mx\/products\/explosion-proof-lights\/\" target=\"\" rel=\"noopener\"><img decoding=\"async\" srcset=\"https:\/\/led.amasly.com\/wp-content\/uploads\/2025\/01\/LED-explosion-proof-flood-lights.png ,https:\/\/led.amasly.com\/wp-content\/uploads\/2025\/01\/LED-explosion-proof-flood-lights.png 780w, https:\/\/led.amasly.com\/wp-content\/uploads\/2025\/01\/LED-explosion-proof-flood-lights.png 360w\" sizes=\"auto, (max-width: 480px) 150px\" src=\"https:\/\/led.amasly.com\/wp-content\/uploads\/2025\/01\/LED-explosion-proof-flood-lights.png\" alt=\"\" class=\"uag-image-1675\" width=\"1004\" height=\"308\" title=\"Proyectores LED antideflagrantes\" loading=\"lazy\" role=\"img\"><\/a><\/figure><\/div>\n\n\n\n<p>En entornos industriales en los que los gases, vapores o polvos inflamables plantean riesgos de explosi\u00f3n, los equipos especializados, como los sistemas de iluminaci\u00f3n, deben cumplir rigurosas normas de seguridad. Dos t\u00e9rminos que suelen confundirse en este contexto son&nbsp;<strong>\u201ca prueba de explosiones\u201d<\/strong>&nbsp;y&nbsp;<strong>\u201cCertificaci\u00f3n ATEX\u201d<\/strong>. Aunque ambas se refieren a la seguridad en zonas peligrosas, difieren significativamente en cuanto a su alcance, normativa y aplicaci\u00f3n. Este art\u00edculo aclara sus diferencias para ayudar a las empresas a elegir la v\u00eda de cumplimiento adecuada a sus necesidades.<\/p>\n\n\n\n<h2 class=\"wp-block-heading\"><strong>\u00bfQu\u00e9 significa \u201ca prueba de explosiones\u201d?<\/strong><strong><\/strong><\/h2>\n\n\n\n<p>\u201cA prueba de explosiones\u201d es un t\u00e9rmino amplio que describe los equipos dise\u00f1ados para contener explosiones internas y evitar la ignici\u00f3n de atm\u00f3sferas peligrosas externas. Estos dispositivos est\u00e1n dise\u00f1ados con carcasas reforzadas, pasos de llama y materiales que soportan presiones y temperaturas extremas. Entre sus caracter\u00edsticas principales figuran:<\/p>\n\n\n\n<p><strong>Aplicabilidad mundial<\/strong>: Las normas var\u00edan seg\u00fan la regi\u00f3n (por ejemplo, NEC en Norteam\u00e9rica, IECEx a nivel internacional).<\/p>\n\n\n\n<p><strong>M\u00faltiples m\u00e9todos de protecci\u00f3n<\/strong>: Incluye envolventes antideflagrantes (Ex d), seguridad intr\u00ednseca (Ex i) y sistemas presurizados (Ex p).<\/p>\n\n\n\n<p><strong>Cumplimiento flexible<\/strong>: Los fabricantes pueden dirigirse a certificaciones regionales espec\u00edficas (por ejemplo, UL para EE.UU., IECEx para los mercados mundiales).<\/p>\n\n\n\n<p>Este t\u00e9rmino no est\u00e1 vinculado a una \u00fanica certificaci\u00f3n, sino que representa una filosof\u00eda general de seguridad para entornos peligrosos.<\/p>\n\n\n\n<h2 class=\"wp-block-heading\"><strong>Comprender la certificaci\u00f3n ATEX<\/strong><strong><\/strong><\/h2>\n\n\n\n<p>ATEX (derivado de Atmosph\u00e8res Explosibles) es un&nbsp;<strong>certificaci\u00f3n por mandato legal<\/strong>&nbsp;en virtud de la Directiva 2014\/34\/UE de la UE. Garantiza que los equipos utilizados en atm\u00f3sferas explosivas cumplan los estrictos requisitos de seguridad de la UE. Sus principales caracter\u00edsticas son:<\/p>\n\n\n\n<p><strong>Cumplimiento centrado en la UE<\/strong>: Obligatorio para los productos vendidos en el Espacio Econ\u00f3mico Europeo (EEE).<\/p>\n\n\n\n<p><strong>Clasificaci\u00f3n por zonas de riesgo<\/strong>: Los dispositivos se clasifican en grupos (I para miner\u00eda, II para no miner\u00eda) y categor\u00edas (1-3 para zonas de gas\/polvo).<\/p>\n\n\n\n<p><strong>Normas unificadas<\/strong>: Se ajusta a la serie IEC 60079, pero a\u00f1ade documentaci\u00f3n y evaluaciones de conformidad espec\u00edficas para la UE.<\/p>\n\n\n\n<p>Los productos con certificaci\u00f3n ATEX muestran un logotipo hexagonal con los c\u00f3digos Ex, de grupo, de categor\u00eda y de entorno (por ejemplo, II 2G para entornos de gas de Zona 1).<\/p>\n\n\n\n<h2 class=\"wp-block-heading\"><strong>Diferencias clave entre a prueba de explosiones y ATEX<\/strong><strong><\/strong><\/h2>\n\n\n\n<h3 class=\"wp-block-heading\"><strong>1.&nbsp;<\/strong><strong>\u00c1mbito de aplicaci\u00f3n y requisitos legales<\/strong><strong><\/strong><\/h3>\n\n\n\n<p><strong>A prueba de explosiones<\/strong>: Un concepto de dise\u00f1o universal sin obligatoriedad legal. La conformidad depende de las certificaciones regionales (por ejemplo, IECEx, UL).<\/p>\n\n\n\n<p><strong>ATEX<\/strong>: Exigencia legal para acceder al mercado de la UE. El incumplimiento puede dar lugar a la retirada de productos o a sanciones.<\/p>\n\n\n\n<h3 class=\"wp-block-heading\"><strong>2.&nbsp;<\/strong><strong>Aplicabilidad geogr\u00e1fica<\/strong><strong><\/strong><\/h3>\n\n\n\n<p><strong>A prueba de explosiones<\/strong>: Se adapta a las normas mundiales. Por ejemplo, IECEx se acepta en m\u00e1s de 24 pa\u00edses, mientras que UL se adapta a Norteam\u00e9rica.<\/p>\n\n\n\n<p><strong>ATEX<\/strong>: Exclusivo para la UE. Incluso los productos con certificaci\u00f3n IECEx requieren ATEX para su venta en la UE.<\/p>\n\n\n\n<h3 class=\"wp-block-heading\"><strong>3.&nbsp;<\/strong><strong>Proceso de certificaci\u00f3n<\/strong><strong><\/strong><\/h3>\n\n\n\n<p><strong>A prueba de explosiones<\/strong>: Var\u00eda seg\u00fan la norma. IECEx se centra en pruebas de terceros y auditor\u00edas de f\u00e1brica.<\/p>\n\n\n\n<p><strong>ATEX<\/strong>: Requiere autodeclaraci\u00f3n (para la categor\u00eda 3) o la participaci\u00f3n de un organismo notificado (categor\u00edas 1-2). La documentaci\u00f3n incluye evaluaciones de riesgos y expedientes t\u00e9cnicos.<\/p>\n\n\n\n<h3 class=\"wp-block-heading\"><strong>4.&nbsp;<\/strong><strong>Normas t\u00e9cnicas<\/strong><strong><\/strong><\/h3>\n\n\n\n<p><strong>A prueba de explosiones<\/strong>: Sigue diversas normas como IEC 60079 (internacional) o NEC 505 (Norteam\u00e9rica).<\/p>\n\n\n\n<p><strong>ATEX<\/strong>: Obliga a cumplir la norma EN 60079, pero a\u00f1ade directivas espec\u00edficas de la UE, como la alineaci\u00f3n de las clases de temperatura (T1-T6).<\/p>\n\n\n\n<h2 class=\"wp-block-heading\"><strong>Elegir la certificaci\u00f3n adecuada para la iluminaci\u00f3n industrial<\/strong><strong><\/strong><\/h2>\n\n\n\n<h3 class=\"wp-block-heading\"><strong>Para los mercados de la UE:<\/strong><strong><\/strong><\/h3>\n\n\n\n<p><strong>Prioridad ATEX<\/strong>: Esencial para el cumplimiento de la legislaci\u00f3n. Aseg\u00farese de que los sistemas de iluminaci\u00f3n cumplen los requisitos espec\u00edficos de cada zona (por ejemplo, Zona 1 para entornos de gas).<\/p>\n\n\n\n<h3 class=\"wp-block-heading\"><strong>Para los mercados mundiales:<\/strong><strong><\/strong><\/h3>\n\n\n\n<p><strong>Combinar ATEX e IECEx<\/strong>: <a href=\"http:\/\/www.iecex-certs.com\/\" rel=\"nofollow noopener\" target=\"_blank\">IECEx<\/a> agiliza las homologaciones en Australia, Singapur y otros pa\u00edses miembros de la CEI<\/p>\n\n\n\n<p><strong>Considere los complementos regionales<\/strong>: <a href=\"http:\/\/www.ul.com\" rel=\"nofollow noopener\" target=\"_blank\">UL<\/a> o FM para Norteam\u00e9rica.<\/p>\n\n\n\n<h3 class=\"wp-block-heading\"><strong>Consideraciones sobre costes y plazos:<\/strong><strong><\/strong><\/h3>\n\n\n\n<p>La autocertificaci\u00f3n ATEX (categor\u00eda 3) reduce los costes pero limita el alcance del mercado.<\/p>\n\n\n\n<p>La doble certificaci\u00f3n ATEX\/IECEx completa maximiza el acceso al mercado, pero requiere plazos m\u00e1s largos.<\/p>\n\n\n\n<h2 class=\"wp-block-heading\"><strong>Conclusi\u00f3n<\/strong><strong><\/strong><\/h2>\n\n\n\n<p>Mientras que \u201ca prueba de explosiones\u201d define la capacidad de seguridad de un producto,&nbsp;<strong>Certificaci\u00f3n ATEX<\/strong>&nbsp;es una puerta de entrada legal al mercado de la UE. Los fabricantes de iluminaci\u00f3n industrial deben alinear sus estrategias con las regiones objetivo:<\/p>\n\n\n\n<p>Utilice&nbsp;<strong>ATEX<\/strong>&nbsp;para los productos destinados a la UE.<\/p>\n\n\n\n<p>Aproveche&nbsp;<strong>IECEx<\/strong>&nbsp;o regionales (por ejemplo, UL) para una escalabilidad global.<\/p>\n\n\n\n<p class=\"has-text-align-left\">Al comprender estas distinciones, las empresas pueden optimizar los esfuerzos de cumplimiento, reducir los riesgos y penetrar en los mercados con eficacia.<\/p>\n\n\n\n<div class=\"wp-block-uagb-container uagb-block-c7d898dd alignfull uagb-is-root-container\"><div class=\"uagb-container-inner-blocks-wrap\"><\/div><\/div>\n\n\n\n<h2 class=\"wp-block-heading\">Productos relacionados<\/h2>\n\n\n\n<div class=\"wp-block-uagb-container uagb-block-66e4defc alignfull uagb-is-root-container\"><div class=\"uagb-container-inner-blocks-wrap\">\n<div class=\"wp-block-uagb-container uagb-block-a42945f9\">\n<div class=\"wp-block-uagb-image uagb-block-7296296b wp-block-uagb-image--layout-default wp-block-uagb-image--effect-static wp-block-uagb-image--align-none\"><figure class=\"wp-block-uagb-image__figure\"><a class=\"\" href=\"https:\/\/led.amasly.com\/es_mx\/products\/\" target=\"\" rel=\"noopener\"><img decoding=\"async\" srcset=\"https:\/\/led.amasly.com\/wp-content\/uploads\/2024\/09\/Explosion-proof-high-bay-lights.png ,https:\/\/led.amasly.com\/wp-content\/uploads\/2024\/09\/Explosion-proof-high-bay-lights.png 780w, https:\/\/led.amasly.com\/wp-content\/uploads\/2024\/09\/Explosion-proof-high-bay-lights.png 360w\" sizes=\"auto, (max-width: 480px) 150px\" src=\"https:\/\/led.amasly.com\/wp-content\/uploads\/2024\/09\/Explosion-proof-high-bay-lights.png\" alt=\"\" class=\"uag-image-1495\" width=\"300\" height=\"300\" title=\"Luces de gran altura a prueba de explosiones\" loading=\"lazy\" role=\"img\"><\/a><\/figure><\/div>\n<\/div>\n\n\n\n<div class=\"wp-block-uagb-container uagb-block-4d3efde5\">\n<div class=\"wp-block-uagb-image uagb-block-c9e90797 wp-block-uagb-image--layout-default wp-block-uagb-image--effect-static wp-block-uagb-image--align-none\"><figure class=\"wp-block-uagb-image__figure\"><a class=\"\" href=\"https:\/\/led.amasly.com\/es_mx\/products\/\" target=\"\" rel=\"noopener\"><img decoding=\"async\" srcset=\"https:\/\/led.amasly.com\/wp-content\/uploads\/2024\/07\/LED-tri-proof-lights2.png ,https:\/\/led.amasly.com\/wp-content\/uploads\/2024\/07\/LED-tri-proof-lights2.png 780w, https:\/\/led.amasly.com\/wp-content\/uploads\/2024\/07\/LED-tri-proof-lights2.png 360w\" sizes=\"auto, (max-width: 480px) 150px\" src=\"https:\/\/led.amasly.com\/wp-content\/uploads\/2024\/07\/LED-tri-proof-lights2.png\" alt=\"\" class=\"uag-image-1132\" width=\"300\" height=\"300\" title=\"Luces LED-tri-proof2\" loading=\"lazy\" role=\"img\"><\/a><\/figure><\/div>\n<\/div>\n\n\n\n<div class=\"wp-block-uagb-container uagb-block-11c2578b\">\n<div class=\"wp-block-uagb-image uagb-block-6e8883aa wp-block-uagb-image--layout-default wp-block-uagb-image--effect-static wp-block-uagb-image--align-none\"><figure class=\"wp-block-uagb-image__figure\"><a class=\"\" href=\"https:\/\/led.amasly.com\/es_mx\/products\/\" target=\"\" rel=\"noopener\"><img decoding=\"async\" srcset=\"https:\/\/led.amasly.com\/wp-content\/uploads\/2024\/09\/LED-Explosion-Proof-Gas-Station-Light.png ,https:\/\/led.amasly.com\/wp-content\/uploads\/2024\/09\/LED-Explosion-Proof-Gas-Station-Light.png 780w, https:\/\/led.amasly.com\/wp-content\/uploads\/2024\/09\/LED-Explosion-Proof-Gas-Station-Light.png 360w\" sizes=\"auto, (max-width: 480px) 150px\" src=\"https:\/\/led.amasly.com\/wp-content\/uploads\/2024\/09\/LED-Explosion-Proof-Gas-Station-Light.png\" alt=\"\" class=\"uag-image-1501\" width=\"300\" height=\"300\" title=\"L\u00e1mpara LED antideflagrante para gasolineras\" loading=\"lazy\" role=\"img\"><\/a><\/figure><\/div>\n<\/div>\n<\/div><\/div>\n\n\n\n<div class=\"wp-block-uagb-container uagb-block-548945b5 alignfull uagb-is-root-container\"><div class=\"uagb-container-inner-blocks-wrap\">\n<div class=\"wp-block-uagb-container uagb-block-967755d5\">\n<h4 class=\"wp-block-heading has-text-align-center\"><a href=\"https:\/\/led.amasly.com\/es_mx\/products\/\">Luces LED antideflagrantes<\/a><\/h4>\n<\/div>\n\n\n\n<div class=\"wp-block-uagb-container uagb-block-9bc52fc2\">\n<h4 class=\"wp-block-heading has-text-align-center\"><a href=\"https:\/\/led.amasly.com\/es_mx\/products\/\">Luces LED Tri-Proof<\/a><\/h4>\n<\/div>\n\n\n\n<div class=\"wp-block-uagb-container uagb-block-8ffa0a23\">\n<h4 class=\"wp-block-heading has-text-align-center\"><a href=\"https:\/\/led.amasly.com\/es_mx\/products\/\">Luces de gasolinera a prueba de explosiones<\/a><\/h4>\n<\/div>\n<\/div><\/div>\n\n\n\n<div class=\"wp-block-uagb-container uagb-block-29499fe0 alignfull uagb-is-root-container\"><div class=\"uagb-container-inner-blocks-wrap\">\n<div class=\"wp-block-uagb-container uagb-block-777ee1c7\">\n<div class=\"wp-block-uagb-image uagb-block-2e9a1851 wp-block-uagb-image--layout-default wp-block-uagb-image--effect-static wp-block-uagb-image--align-none\"><figure class=\"wp-block-uagb-image__figure\"><a class=\"\" href=\"https:\/\/led.amasly.com\/es_mx\/products\/\" target=\"\" rel=\"noopener\"><img decoding=\"async\" srcset=\"https:\/\/led.amasly.com\/wp-content\/uploads\/2024\/10\/50W-100W-150W-200W-300W-LED-Flood-Light.jpg ,https:\/\/led.amasly.com\/wp-content\/uploads\/2024\/10\/50W-100W-150W-200W-300W-LED-Flood-Light.jpg 780w, https:\/\/led.amasly.com\/wp-content\/uploads\/2024\/10\/50W-100W-150W-200W-300W-LED-Flood-Light.jpg 360w\" sizes=\"auto, (max-width: 480px) 150px\" src=\"https:\/\/led.amasly.com\/wp-content\/uploads\/2024\/10\/50W-100W-150W-200W-300W-LED-Flood-Light.jpg\" alt=\"\" class=\"uag-image-1526\" width=\"300\" height=\"300\" title=\"L\u00e1mpara de inundaci\u00f3n LED 50W 100W 150W 200W 300W\" loading=\"lazy\" role=\"img\"><\/a><\/figure><\/div>\n<\/div>\n\n\n\n<div class=\"wp-block-uagb-container uagb-block-af8c8683\">\n<div class=\"wp-block-uagb-image uagb-block-67947854 wp-block-uagb-image--layout-default wp-block-uagb-image--effect-static wp-block-uagb-image--align-none\"><figure class=\"wp-block-uagb-image__figure\"><a class=\"\" href=\"https:\/\/led.amasly.com\/es_mx\/products\/\" target=\"\" rel=\"noopener\"><img decoding=\"async\" srcset=\"https:\/\/led.amasly.com\/wp-content\/uploads\/2024\/07\/led-tri-proof-light.png ,https:\/\/led.amasly.com\/wp-content\/uploads\/2024\/07\/led-tri-proof-light.png 780w, https:\/\/led.amasly.com\/wp-content\/uploads\/2024\/07\/led-tri-proof-light.png 360w\" sizes=\"auto, (max-width: 480px) 150px\" src=\"https:\/\/led.amasly.com\/wp-content\/uploads\/2024\/07\/led-tri-proof-light.png\" alt=\"\" class=\"uag-image-1130\" width=\"300\" height=\"300\" title=\"luz led-tri-proof\" loading=\"lazy\" role=\"img\"><\/a><\/figure><\/div>\n<\/div>\n\n\n\n<div class=\"wp-block-uagb-container uagb-block-0fdfdd58\">\n<div class=\"wp-block-uagb-image uagb-block-1187d32d wp-block-uagb-image--layout-default wp-block-uagb-image--effect-static wp-block-uagb-image--align-none\"><figure class=\"wp-block-uagb-image__figure\"><a class=\"\" href=\"https:\/\/led.amasly.com\/es_mx\/products\/\" target=\"\" rel=\"noopener\"><img decoding=\"async\" srcset=\"https:\/\/led.amasly.com\/wp-content\/uploads\/2024\/07\/LED-street-light.jpg ,https:\/\/led.amasly.com\/wp-content\/uploads\/2024\/07\/LED-street-light.jpg 780w, https:\/\/led.amasly.com\/wp-content\/uploads\/2024\/07\/LED-street-light.jpg 360w\" sizes=\"auto, (max-width: 480px) 150px\" src=\"https:\/\/led.amasly.com\/wp-content\/uploads\/2024\/07\/LED-street-light.jpg\" alt=\"\" class=\"uag-image-1145\" width=\"300\" height=\"300\" title=\"Alumbrado p\u00fablico LED\" loading=\"lazy\" role=\"img\"><\/a><\/figure><\/div>\n<\/div>\n<\/div><\/div>\n\n\n\n<div class=\"wp-block-uagb-container uagb-block-6a60882c alignfull uagb-is-root-container\"><div class=\"uagb-container-inner-blocks-wrap\">\n<div class=\"wp-block-uagb-container uagb-block-f1e91a35\">\n<h4 class=\"wp-block-heading has-text-align-center\"><a href=\"https:\/\/led.amasly.com\/es_mx\/products\/\">Proyectores LED<\/a><\/h4>\n<\/div>\n\n\n\n<div class=\"wp-block-uagb-container uagb-block-165bfa58\">\n<h4 class=\"wp-block-heading has-text-align-center\"><a href=\"https:\/\/led.amasly.com\/es_mx\/products\/\">Tubos de luz LED trif\u00e1sicos<\/a><\/h4>\n<\/div>\n\n\n\n<div class=\"wp-block-uagb-container uagb-block-f6096e3b\">\n<h4 class=\"wp-block-heading has-text-align-center\"><a href=\"https:\/\/led.amasly.com\/es_mx\/products\/\">Alumbrado p\u00fablico LED<\/a><\/h4>\n<\/div>\n<\/div><\/div>\n\n\n\n<div class=\"wp-block-uagb-container uagb-block-99c0e0a5 alignfull uagb-is-root-container\"><div class=\"uagb-container-inner-blocks-wrap\"><\/div><\/div>\n\n\n\n<p><\/p>","protected":false},"excerpt":{"rendered":"<p>Explosion-Proof and ATEX Certification: Key Differences for Hazardous Environments In industrial settings where flammable gases, vapors, or dust pose explosion risks, specialized equipment like lighting systems must adhere to rigorous safety standards. Two terms often confused in this context are&nbsp;&#8220;explosion-proof&#8221;&nbsp;and&nbsp;&#8220;ATEX certification&#8221;. While both relate to safety in hazardous areas, they differ significantly in scope, regulation, [&hellip;]<\/p>\n","protected":false},"author":1,"featured_media":0,"parent":2374,"menu_order":0,"comment_status":"closed","ping_status":"closed","template":"","meta":{"_uag_custom_page_level_css":"","site-sidebar-layout":"no-sidebar","site-content-layout":"","ast-site-content-layout":"default","site-content-style":"default","site-sidebar-style":"default","ast-global-header-display":"","ast-banner-title-visibility":"","ast-main-header-display":"","ast-hfb-above-header-display":"","ast-hfb-below-header-display":"","ast-hfb-mobile-header-display":"","site-post-title":"disabled","ast-breadcrumbs-content":"","ast-featured-img":"","footer-sml-layout":"","ast-disable-related-posts":"","theme-transparent-header-meta":"enabled","adv-header-id-meta":"","stick-header-meta":"","header-above-stick-meta":"","header-main-stick-meta":"","header-below-stick-meta":"","astra-migrate-meta-layouts":"set","ast-page-background-enabled":"default","ast-page-background-meta":{"desktop":{"background-color":"var(--ast-global-color-4)","background-image":"","background-repeat":"repeat","background-position":"center center","background-size":"auto","background-attachment":"scroll","background-type":"","background-media":"","overlay-type":"","overlay-color":"","overlay-opacity":"","overlay-gradient":""},"tablet":{"background-color":"","background-image":"","background-repeat":"repeat","background-position":"center center","background-size":"auto","background-attachment":"scroll","background-type":"","background-media":"","overlay-type":"","overlay-color":"","overlay-opacity":"","overlay-gradient":""},"mobile":{"background-color":"","background-image":"","background-repeat":"repeat","background-position":"center center","background-size":"auto","background-attachment":"scroll","background-type":"","background-media":"","overlay-type":"","overlay-color":"","overlay-opacity":"","overlay-gradient":""}},"ast-content-background-meta":{"desktop":{"background-color":"var(--ast-global-color-5)","background-image":"","background-repeat":"repeat","background-position":"center center","background-size":"auto","background-attachment":"scroll","background-type":"","background-media":"","overlay-type":"","overlay-color":"","overlay-opacity":"","overlay-gradient":""},"tablet":{"background-color":"var(--ast-global-color-5)","background-image":"","background-repeat":"repeat","background-position":"center center","background-size":"auto","background-attachment":"scroll","background-type":"","background-media":"","overlay-type":"","overlay-color":"","overlay-opacity":"","overlay-gradient":""},"mobile":{"background-color":"var(--ast-global-color-5)","background-image":"","background-repeat":"repeat","background-position":"center center","background-size":"auto","background-attachment":"scroll","background-type":"","background-media":"","overlay-type":"","overlay-color":"","overlay-opacity":"","overlay-gradient":""}},"footnotes":""},"class_list":["post-3039","page","type-page","status-publish","hentry"],"uagb_featured_image_src":{"full":false,"thumbnail":false,"medium":false,"medium_large":false,"large":false,"1536x1536":false,"2048x2048":false,"trp-custom-language-flag":false},"uagb_author_info":{"display_name":"Joe","author_link":"https:\/\/led.amasly.com\/es_mx\/author\/jacklin\/"},"uagb_comment_info":0,"uagb_excerpt":"Explosion-Proof and ATEX Certification: Key Differences for Hazardous Environments In industrial settings where flammable gases, vapors, or dust pose explosion risks, specialized equipment like lighting systems must adhere to rigorous safety standards. Two terms often confused in this context are&nbsp;&#8220;explosion-proof&#8221;&nbsp;and&nbsp;&#8220;ATEX certification&#8221;. While both relate to safety in hazardous areas, they differ significantly in scope, regulation,&hellip;","_links":{"self":[{"href":"https:\/\/led.amasly.com\/es_mx\/wp-json\/wp\/v2\/pages\/3039","targetHints":{"allow":["GET"]}}],"collection":[{"href":"https:\/\/led.amasly.com\/es_mx\/wp-json\/wp\/v2\/pages"}],"about":[{"href":"https:\/\/led.amasly.com\/es_mx\/wp-json\/wp\/v2\/types\/page"}],"author":[{"embeddable":true,"href":"https:\/\/led.amasly.com\/es_mx\/wp-json\/wp\/v2\/users\/1"}],"replies":[{"embeddable":true,"href":"https:\/\/led.amasly.com\/es_mx\/wp-json\/wp\/v2\/comments?post=3039"}],"version-history":[{"count":1,"href":"https:\/\/led.amasly.com\/es_mx\/wp-json\/wp\/v2\/pages\/3039\/revisions"}],"predecessor-version":[{"id":3047,"href":"https:\/\/led.amasly.com\/es_mx\/wp-json\/wp\/v2\/pages\/3039\/revisions\/3047"}],"up":[{"embeddable":true,"href":"https:\/\/led.amasly.com\/es_mx\/wp-json\/wp\/v2\/pages\/2374"}],"wp:attachment":[{"href":"https:\/\/led.amasly.com\/es_mx\/wp-json\/wp\/v2\/media?parent=3039"}],"curies":[{"name":"wp","href":"https:\/\/api.w.org\/{rel}","templated":true}]}}