{"id":3029,"date":"2025-04-10T21:31:06","date_gmt":"2025-04-10T13:31:06","guid":{"rendered":"https:\/\/led.amasly.com\/?page_id=3029"},"modified":"2025-04-10T21:31:32","modified_gmt":"2025-04-10T13:31:32","slug":"how-to-open-an-explosion-proof-light-fixturekey-steps-and-operating-techniques","status":"publish","type":"page","link":"https:\/\/led.amasly.com\/es_mx\/knowledge\/explosion-proof-products-knowledge\/how-to-open-an-explosion-proof-light-fixturekey-steps-and-operating-techniques\/","title":{"rendered":"C\u00f3mo abrir una luminaria antideflagrante: pasos clave y t\u00e9cnicas de funcionamiento"},"content":{"rendered":"<div class=\"wp-block-uagb-container uagb-block-27bae773 alignfull uagb-is-root-container\"><div class=\"uagb-container-inner-blocks-wrap\"><\/div><\/div>\n\n\n\n<h2 class=\"wp-block-heading has-text-align-center\"><strong>\u00bfC\u00f3mo abrir una luminaria antideflagrante? <\/strong><\/h2>\n\n\n\n<div class=\"wp-block-uagb-image uagb-block-da1360b5 wp-block-uagb-image--layout-default wp-block-uagb-image--effect-static wp-block-uagb-image--align-none\"><figure class=\"wp-block-uagb-image__figure\"><a class=\"\" href=\"https:\/\/led.amasly.com\/es_mx\/products\/explosion-proof-lights\/\" target=\"\" rel=\"noopener\"><img decoding=\"async\" srcset=\"https:\/\/led.amasly.com\/wp-content\/uploads\/2025\/01\/LED-explosion-proof-flood-lights.png ,https:\/\/led.amasly.com\/wp-content\/uploads\/2025\/01\/LED-explosion-proof-flood-lights.png 780w, https:\/\/led.amasly.com\/wp-content\/uploads\/2025\/01\/LED-explosion-proof-flood-lights.png 360w\" sizes=\"auto, (max-width: 480px) 150px\" src=\"https:\/\/led.amasly.com\/wp-content\/uploads\/2025\/01\/LED-explosion-proof-flood-lights.png\" alt=\"\" class=\"uag-image-1675\" width=\"1004\" height=\"308\" title=\"Proyectores LED antideflagrantes\" loading=\"lazy\" role=\"img\"><\/a><\/figure><\/div>\n\n\n\n<p>Introducci\u00f3n: l\u00e1mparas a prueba de explosi\u00f3n como petroqu\u00edmica, la miner\u00eda y otros entornos peligrosos, el n\u00facleo de los equipos de iluminaci\u00f3n, la forma correcta de encender el equipo afecta directamente a la vida y la seguridad operativa. Este art\u00edculo proporciona los procedimientos de operaci\u00f3n profesionales y precauciones para ayudarle a evitar riesgos y mejorar la eficiencia.<\/p>\n\n\n\n<h2 class=\"wp-block-heading\"><strong>Primero, a prueba de explosiones\u00a0<strong>aparato de iluminaci\u00f3n<\/strong> antes de encender los preparativos de seguridad<\/strong><\/h2>\n\n\n\n<h3 class=\"wp-block-heading\"><strong>Evaluaci\u00f3n medioambiental y detecci\u00f3n de riesgos<\/strong><strong><\/strong><\/h3>\n\n\n\n<p>Antes de la operaci\u00f3n, es necesario confirmar que el ambiente circundante sin fugas de gases inflamables y explosivos (como metano, polvo), y comprobar si la c\u00e1scara de la l\u00e1mpara a prueba de explosiones est\u00e1 intacta sin grietas. Si se trabaja en lugares h\u00famedos o corrosivos, es necesario verificar adicionalmente si el nivel de protecci\u00f3n IP de las l\u00e1mparas y linternas se ajusta a la norma.<\/p>\n\n\n\n<h3 class=\"wp-block-heading\"><strong>Apagado y confirmaci\u00f3n del estado del equipo<\/strong><strong><\/strong><\/h3>\n\n\n\n<p>Desconecte la alimentaci\u00f3n y espere 5 minutos para asegurarse de que la luminaria se enfr\u00eda completamente. Utilice un comprobador de tensi\u00f3n para verificar que no hay corriente residual en el cableado y evitar as\u00ed chispas que puedan provocar riesgos para la seguridad.<\/p>\n\n\n\n<h3 class=\"wp-block-heading\"><strong>Preparaci\u00f3n de herramientas y equipos de protecci\u00f3n<\/strong><strong><\/strong><\/h3>\n\n\n\n<p>Utilice guantes y gafas antiest\u00e1ticas, y prepare destornilladores certificados a prueba de explosiones (como los de aleaci\u00f3n de cobre), para evitar las chispas provocadas por la fricci\u00f3n de las herramientas ordinarias.<\/p>\n\n\n\n<h2 class=\"wp-block-heading\"><strong>Segundo, an\u00e1lisis paso a paso del m\u00e9todo correcto de apertura de la prueba de explosi\u00f3n\u00a0<strong>aparato de iluminaci\u00f3n<\/strong><\/strong><\/h2>\n\n\n\n<h3 class=\"wp-block-heading\"><strong>Paso 1: desbloquear el <\/strong><strong>a prueba de explosi\u00f3n<\/strong><strong>&nbsp;estructura ligera de estanqueidad<\/strong><strong><\/strong><\/h3>\n\n\n\n<p>La mayor\u00eda de las l\u00e1mparas antideflagrantes utilizan un dise\u00f1o roscado o de cierre a presi\u00f3n. Para girar la tapa de la l\u00e1mpara en sentido contrario a las agujas del reloj, es necesario aplicar una fuerza uniforme para evitar que la rosca se atasque. Si encuentra resistencia, utilice lubricante antioxidante para ayudar, no fuerce el apalancamiento.<\/p>\n\n\n\n<h3 class=\"wp-block-heading\"><strong>Paso 2: Comprobar la integridad de los componentes internos<\/strong><strong><\/strong><\/h3>\n\n\n\n<p>Tras la apertura, compruebe r\u00e1pidamente que las perlas de la l\u00e1mpara, los balastos y los puertos de cableado no est\u00e9n oxidados ni sueltos. Si se comprueba que las juntas est\u00e1n envejecidas o rotas, es necesario sustituir inmediatamente las piezas originales (por ejemplo, juntas de silicona) para garantizar un funcionamiento a prueba de explosiones.<\/p>\n\n\n\n<h3 class=\"wp-block-heading\"><strong>Paso 3: Encendido seguro y prueba de funcionamiento<\/strong><strong><\/strong><\/h3>\n\n\n\n<p>Tras restablecer el suministro el\u00e9ctrico, observe si el encendido de la l\u00e1mpara se retrasa o parpadea. Utilice un term\u00f3metro de infrarrojos para detectar la temperatura de la superficie y asegurarse de que no supera el nivel T6 (\u226485\u2103) indicado en el equipo.<\/p>\n\n\n\n<h2 class=\"wp-block-heading\"><strong>En tercer lugar, la operaci\u00f3n de contraindicaciones y problemas comunes para hacer frente a<\/strong><strong><\/strong><\/h2>\n\n\n\n<h3 class=\"wp-block-heading\"><strong>Comportamiento prohibido:<\/strong><strong><\/strong><\/h3>\n\n\n\n<p>Forzar la apertura de la tapa sin apagar;<\/p>\n\n\n\n<p>Utilizar herramientas no antideflagrantes para modificar la estructura de las l\u00e1mparas y linternas;<\/p>\n\n\n\n<p>Descuidar la temperatura ambiente y las condiciones de humedad (por ejemplo, -20 \u2103 por debajo de la necesidad de precalentamiento).<\/p>\n\n\n\n<h3 class=\"wp-block-heading\"><strong>Programa de emergencia en caso de fallo:<\/strong><strong><\/strong><\/h3>\n\n\n\n<p>Las l\u00e1mparas y linternas no pueden arrancar: Prioridad comprobar si la l\u00ednea es compatible con el voltaje (como 220V\/380V), para descartar fallo del driver;<\/p>\n\n\n\n<p>Calor anormal: desconecte inmediatamente la alimentaci\u00f3n y p\u00f3ngase en contacto con el fabricante para comprobar el m\u00f3dulo de refrigeraci\u00f3n.<\/p>\n\n\n\n<h2 class=\"wp-block-heading\"><strong>En cuarto lugar, para prolongar la vida \u00fatil de las\u00a0<strong>aparato de iluminaci\u00f3n<\/strong> recomendaciones de mantenimiento<\/strong><\/h2>\n\n\n\n<h3 class=\"wp-block-heading\"><strong>Ciclo de mantenimiento regular:<\/strong><strong><\/strong><\/h3>\n\n\n\n<p>Cada 3 meses para limpiar el aceite de la superficie de las l\u00e1mparas y linternas (utilice limpiador neutro), cada 6 meses para detectar el rendimiento de sellado (probador de estanqueidad).<\/p>\n\n\n\n<h3 class=\"wp-block-heading\"><strong>Piezas de recambio est\u00e1ndar:<\/strong><strong><\/strong><\/h3>\n\n\n\n<p>Se recomienda sustituir las juntas cada 2 a\u00f1os, la vida de la fuente de luz LED antes de la expiraci\u00f3n de todo el lote debe ser actualizado para evitar la temperatura de color inconsistente.<\/p>\n\n\n\n<h2 class=\"wp-block-heading\"><strong>Conclusi\u00f3n: operaci\u00f3n profesional para mejorar la eficacia de <\/strong><strong>a prueba de explosi\u00f3n<\/strong><strong>&nbsp;luces<\/strong><strong><\/strong><\/h2>\n\n\n\n<p class=\"has-text-align-left\">Dominar el proceso de apertura normalizado y los m\u00e9todos de mantenimiento puede minimizar el riesgo de accidentes industriales. Para soluciones personalizadas de iluminaci\u00f3n antideflagrante o formaci\u00f3n t\u00e9cnica, consulte al equipo de ingenieros de AMASLY para ATEX\/...<a href=\"http:\/\/www.iecex-certs.com\/\" rel=\"nofollow noopener\" target=\"_blank\">IECEx <\/a>soporte de equipos conformes.<\/p>\n\n\n\n<div class=\"wp-block-uagb-container uagb-block-c7d898dd alignfull uagb-is-root-container\"><div class=\"uagb-container-inner-blocks-wrap\"><\/div><\/div>\n\n\n\n<h2 class=\"wp-block-heading\">Productos relacionados<\/h2>\n\n\n\n<div class=\"wp-block-uagb-container uagb-block-66e4defc alignfull uagb-is-root-container\"><div class=\"uagb-container-inner-blocks-wrap\">\n<div class=\"wp-block-uagb-container uagb-block-a42945f9\">\n<div class=\"wp-block-uagb-image uagb-block-7296296b wp-block-uagb-image--layout-default wp-block-uagb-image--effect-static wp-block-uagb-image--align-none\"><figure class=\"wp-block-uagb-image__figure\"><a class=\"\" href=\"https:\/\/led.amasly.com\/es_mx\/products\/\" target=\"\" rel=\"noopener\"><img decoding=\"async\" srcset=\"https:\/\/led.amasly.com\/wp-content\/uploads\/2024\/09\/Explosion-proof-high-bay-lights.png ,https:\/\/led.amasly.com\/wp-content\/uploads\/2024\/09\/Explosion-proof-high-bay-lights.png 780w, https:\/\/led.amasly.com\/wp-content\/uploads\/2024\/09\/Explosion-proof-high-bay-lights.png 360w\" sizes=\"auto, (max-width: 480px) 150px\" src=\"https:\/\/led.amasly.com\/wp-content\/uploads\/2024\/09\/Explosion-proof-high-bay-lights.png\" alt=\"\" class=\"uag-image-1495\" width=\"300\" height=\"300\" title=\"Luces de gran altura a prueba de explosiones\" loading=\"lazy\" role=\"img\"><\/a><\/figure><\/div>\n<\/div>\n\n\n\n<div class=\"wp-block-uagb-container uagb-block-4d3efde5\">\n<div class=\"wp-block-uagb-image uagb-block-c9e90797 wp-block-uagb-image--layout-default wp-block-uagb-image--effect-static wp-block-uagb-image--align-none\"><figure class=\"wp-block-uagb-image__figure\"><a class=\"\" href=\"https:\/\/led.amasly.com\/es_mx\/products\/\" target=\"\" rel=\"noopener\"><img decoding=\"async\" srcset=\"https:\/\/led.amasly.com\/wp-content\/uploads\/2024\/07\/LED-tri-proof-lights2.png ,https:\/\/led.amasly.com\/wp-content\/uploads\/2024\/07\/LED-tri-proof-lights2.png 780w, https:\/\/led.amasly.com\/wp-content\/uploads\/2024\/07\/LED-tri-proof-lights2.png 360w\" sizes=\"auto, (max-width: 480px) 150px\" src=\"https:\/\/led.amasly.com\/wp-content\/uploads\/2024\/07\/LED-tri-proof-lights2.png\" alt=\"\" class=\"uag-image-1132\" width=\"300\" height=\"300\" title=\"Luces LED-tri-proof2\" loading=\"lazy\" role=\"img\"><\/a><\/figure><\/div>\n<\/div>\n\n\n\n<div class=\"wp-block-uagb-container uagb-block-11c2578b\">\n<div class=\"wp-block-uagb-image uagb-block-6e8883aa wp-block-uagb-image--layout-default wp-block-uagb-image--effect-static wp-block-uagb-image--align-none\"><figure class=\"wp-block-uagb-image__figure\"><a class=\"\" href=\"https:\/\/led.amasly.com\/es_mx\/products\/\" target=\"\" rel=\"noopener\"><img decoding=\"async\" srcset=\"https:\/\/led.amasly.com\/wp-content\/uploads\/2024\/09\/LED-Explosion-Proof-Gas-Station-Light.png ,https:\/\/led.amasly.com\/wp-content\/uploads\/2024\/09\/LED-Explosion-Proof-Gas-Station-Light.png 780w, https:\/\/led.amasly.com\/wp-content\/uploads\/2024\/09\/LED-Explosion-Proof-Gas-Station-Light.png 360w\" sizes=\"auto, (max-width: 480px) 150px\" src=\"https:\/\/led.amasly.com\/wp-content\/uploads\/2024\/09\/LED-Explosion-Proof-Gas-Station-Light.png\" alt=\"\" class=\"uag-image-1501\" width=\"300\" height=\"300\" title=\"L\u00e1mpara LED antideflagrante para gasolineras\" loading=\"lazy\" role=\"img\"><\/a><\/figure><\/div>\n<\/div>\n<\/div><\/div>\n\n\n\n<div class=\"wp-block-uagb-container uagb-block-548945b5 alignfull uagb-is-root-container\"><div class=\"uagb-container-inner-blocks-wrap\">\n<div class=\"wp-block-uagb-container uagb-block-967755d5\">\n<h4 class=\"wp-block-heading has-text-align-center\"><a href=\"https:\/\/led.amasly.com\/es_mx\/products\/\">Luces LED antideflagrantes<\/a><\/h4>\n<\/div>\n\n\n\n<div class=\"wp-block-uagb-container uagb-block-9bc52fc2\">\n<h4 class=\"wp-block-heading has-text-align-center\"><a href=\"https:\/\/led.amasly.com\/es_mx\/products\/\">Luces LED Tri-Proof<\/a><\/h4>\n<\/div>\n\n\n\n<div class=\"wp-block-uagb-container uagb-block-8ffa0a23\">\n<h4 class=\"wp-block-heading has-text-align-center\"><a href=\"https:\/\/led.amasly.com\/es_mx\/products\/\">Luces de gasolinera a prueba de explosiones<\/a><\/h4>\n<\/div>\n<\/div><\/div>\n\n\n\n<div class=\"wp-block-uagb-container uagb-block-29499fe0 alignfull uagb-is-root-container\"><div class=\"uagb-container-inner-blocks-wrap\">\n<div class=\"wp-block-uagb-container uagb-block-777ee1c7\">\n<div class=\"wp-block-uagb-image uagb-block-2e9a1851 wp-block-uagb-image--layout-default wp-block-uagb-image--effect-static wp-block-uagb-image--align-none\"><figure class=\"wp-block-uagb-image__figure\"><a class=\"\" href=\"https:\/\/led.amasly.com\/es_mx\/products\/\" target=\"\" rel=\"noopener\"><img decoding=\"async\" srcset=\"https:\/\/led.amasly.com\/wp-content\/uploads\/2024\/10\/50W-100W-150W-200W-300W-LED-Flood-Light.jpg ,https:\/\/led.amasly.com\/wp-content\/uploads\/2024\/10\/50W-100W-150W-200W-300W-LED-Flood-Light.jpg 780w, https:\/\/led.amasly.com\/wp-content\/uploads\/2024\/10\/50W-100W-150W-200W-300W-LED-Flood-Light.jpg 360w\" sizes=\"auto, (max-width: 480px) 150px\" src=\"https:\/\/led.amasly.com\/wp-content\/uploads\/2024\/10\/50W-100W-150W-200W-300W-LED-Flood-Light.jpg\" alt=\"\" class=\"uag-image-1526\" width=\"300\" height=\"300\" title=\"L\u00e1mpara de inundaci\u00f3n LED 50W 100W 150W 200W 300W\" loading=\"lazy\" role=\"img\"><\/a><\/figure><\/div>\n<\/div>\n\n\n\n<div class=\"wp-block-uagb-container uagb-block-af8c8683\">\n<div class=\"wp-block-uagb-image uagb-block-67947854 wp-block-uagb-image--layout-default wp-block-uagb-image--effect-static wp-block-uagb-image--align-none\"><figure class=\"wp-block-uagb-image__figure\"><a class=\"\" href=\"https:\/\/led.amasly.com\/es_mx\/products\/\" target=\"\" rel=\"noopener\"><img decoding=\"async\" srcset=\"https:\/\/led.amasly.com\/wp-content\/uploads\/2024\/07\/led-tri-proof-light.png ,https:\/\/led.amasly.com\/wp-content\/uploads\/2024\/07\/led-tri-proof-light.png 780w, https:\/\/led.amasly.com\/wp-content\/uploads\/2024\/07\/led-tri-proof-light.png 360w\" sizes=\"auto, (max-width: 480px) 150px\" src=\"https:\/\/led.amasly.com\/wp-content\/uploads\/2024\/07\/led-tri-proof-light.png\" alt=\"\" class=\"uag-image-1130\" width=\"300\" height=\"300\" title=\"luz led-tri-proof\" loading=\"lazy\" role=\"img\"><\/a><\/figure><\/div>\n<\/div>\n\n\n\n<div class=\"wp-block-uagb-container uagb-block-0fdfdd58\">\n<div class=\"wp-block-uagb-image uagb-block-1187d32d wp-block-uagb-image--layout-default wp-block-uagb-image--effect-static wp-block-uagb-image--align-none\"><figure class=\"wp-block-uagb-image__figure\"><a class=\"\" href=\"https:\/\/led.amasly.com\/es_mx\/products\/\" target=\"\" rel=\"noopener\"><img decoding=\"async\" srcset=\"https:\/\/led.amasly.com\/wp-content\/uploads\/2024\/07\/LED-street-light.jpg ,https:\/\/led.amasly.com\/wp-content\/uploads\/2024\/07\/LED-street-light.jpg 780w, https:\/\/led.amasly.com\/wp-content\/uploads\/2024\/07\/LED-street-light.jpg 360w\" sizes=\"auto, (max-width: 480px) 150px\" src=\"https:\/\/led.amasly.com\/wp-content\/uploads\/2024\/07\/LED-street-light.jpg\" alt=\"\" class=\"uag-image-1145\" width=\"300\" height=\"300\" title=\"Alumbrado p\u00fablico LED\" loading=\"lazy\" role=\"img\"><\/a><\/figure><\/div>\n<\/div>\n<\/div><\/div>\n\n\n\n<div class=\"wp-block-uagb-container uagb-block-6a60882c alignfull uagb-is-root-container\"><div class=\"uagb-container-inner-blocks-wrap\">\n<div class=\"wp-block-uagb-container uagb-block-f1e91a35\">\n<h4 class=\"wp-block-heading has-text-align-center\"><a href=\"https:\/\/led.amasly.com\/es_mx\/products\/\">Proyectores LED<\/a><\/h4>\n<\/div>\n\n\n\n<div class=\"wp-block-uagb-container uagb-block-165bfa58\">\n<h4 class=\"wp-block-heading has-text-align-center\"><a href=\"https:\/\/led.amasly.com\/es_mx\/products\/\">Tubos de luz LED trif\u00e1sicos<\/a><\/h4>\n<\/div>\n\n\n\n<div class=\"wp-block-uagb-container uagb-block-f6096e3b\">\n<h4 class=\"wp-block-heading has-text-align-center\"><a href=\"https:\/\/led.amasly.com\/es_mx\/products\/\">Alumbrado p\u00fablico LED<\/a><\/h4>\n<\/div>\n<\/div><\/div>\n\n\n\n<div class=\"wp-block-uagb-container uagb-block-99c0e0a5 alignfull uagb-is-root-container\"><div class=\"uagb-container-inner-blocks-wrap\"><\/div><\/div>\n\n\n\n<p><\/p>","protected":false},"excerpt":{"rendered":"<p>How to open an explosion proof light fixture? Introduction: explosion proof&nbsp;lamps as a petrochemical, mining and other hazardous environments, the core of the lighting equipment, the correct way to turn on the equipment directly affects the life and operational safety. This article provides professional operating procedures and precautions to help you avoid risk and improve [&hellip;]<\/p>\n","protected":false},"author":1,"featured_media":0,"parent":2374,"menu_order":0,"comment_status":"closed","ping_status":"closed","template":"","meta":{"_uag_custom_page_level_css":"","site-sidebar-layout":"no-sidebar","site-content-layout":"","ast-site-content-layout":"default","site-content-style":"default","site-sidebar-style":"default","ast-global-header-display":"","ast-banner-title-visibility":"","ast-main-header-display":"","ast-hfb-above-header-display":"","ast-hfb-below-header-display":"","ast-hfb-mobile-header-display":"","site-post-title":"disabled","ast-breadcrumbs-content":"","ast-featured-img":"","footer-sml-layout":"","ast-disable-related-posts":"","theme-transparent-header-meta":"enabled","adv-header-id-meta":"","stick-header-meta":"","header-above-stick-meta":"","header-main-stick-meta":"","header-below-stick-meta":"","astra-migrate-meta-layouts":"set","ast-page-background-enabled":"default","ast-page-background-meta":{"desktop":{"background-color":"var(--ast-global-color-4)","background-image":"","background-repeat":"repeat","background-position":"center center","background-size":"auto","background-attachment":"scroll","background-type":"","background-media":"","overlay-type":"","overlay-color":"","overlay-opacity":"","overlay-gradient":""},"tablet":{"background-color":"","background-image":"","background-repeat":"repeat","background-position":"center center","background-size":"auto","background-attachment":"scroll","background-type":"","background-media":"","overlay-type":"","overlay-color":"","overlay-opacity":"","overlay-gradient":""},"mobile":{"background-color":"","background-image":"","background-repeat":"repeat","background-position":"center center","background-size":"auto","background-attachment":"scroll","background-type":"","background-media":"","overlay-type":"","overlay-color":"","overlay-opacity":"","overlay-gradient":""}},"ast-content-background-meta":{"desktop":{"background-color":"var(--ast-global-color-5)","background-image":"","background-repeat":"repeat","background-position":"center center","background-size":"auto","background-attachment":"scroll","background-type":"","background-media":"","overlay-type":"","overlay-color":"","overlay-opacity":"","overlay-gradient":""},"tablet":{"background-color":"var(--ast-global-color-5)","background-image":"","background-repeat":"repeat","background-position":"center center","background-size":"auto","background-attachment":"scroll","background-type":"","background-media":"","overlay-type":"","overlay-color":"","overlay-opacity":"","overlay-gradient":""},"mobile":{"background-color":"var(--ast-global-color-5)","background-image":"","background-repeat":"repeat","background-position":"center center","background-size":"auto","background-attachment":"scroll","background-type":"","background-media":"","overlay-type":"","overlay-color":"","overlay-opacity":"","overlay-gradient":""}},"footnotes":""},"class_list":["post-3029","page","type-page","status-publish","hentry"],"uagb_featured_image_src":{"full":false,"thumbnail":false,"medium":false,"medium_large":false,"large":false,"1536x1536":false,"2048x2048":false,"trp-custom-language-flag":false},"uagb_author_info":{"display_name":"Joe","author_link":"https:\/\/led.amasly.com\/es_mx\/author\/jacklin\/"},"uagb_comment_info":0,"uagb_excerpt":"How to open an explosion proof light fixture? Introduction: explosion proof&nbsp;lamps as a petrochemical, mining and other hazardous environments, the core of the lighting equipment, the correct way to turn on the equipment directly affects the life and operational safety. This article provides professional operating procedures and precautions to help you avoid risk and improve&hellip;","_links":{"self":[{"href":"https:\/\/led.amasly.com\/es_mx\/wp-json\/wp\/v2\/pages\/3029","targetHints":{"allow":["GET"]}}],"collection":[{"href":"https:\/\/led.amasly.com\/es_mx\/wp-json\/wp\/v2\/pages"}],"about":[{"href":"https:\/\/led.amasly.com\/es_mx\/wp-json\/wp\/v2\/types\/page"}],"author":[{"embeddable":true,"href":"https:\/\/led.amasly.com\/es_mx\/wp-json\/wp\/v2\/users\/1"}],"replies":[{"embeddable":true,"href":"https:\/\/led.amasly.com\/es_mx\/wp-json\/wp\/v2\/comments?post=3029"}],"version-history":[{"count":2,"href":"https:\/\/led.amasly.com\/es_mx\/wp-json\/wp\/v2\/pages\/3029\/revisions"}],"predecessor-version":[{"id":3031,"href":"https:\/\/led.amasly.com\/es_mx\/wp-json\/wp\/v2\/pages\/3029\/revisions\/3031"}],"up":[{"embeddable":true,"href":"https:\/\/led.amasly.com\/es_mx\/wp-json\/wp\/v2\/pages\/2374"}],"wp:attachment":[{"href":"https:\/\/led.amasly.com\/es_mx\/wp-json\/wp\/v2\/media?parent=3029"}],"curies":[{"name":"wp","href":"https:\/\/api.w.org\/{rel}","templated":true}]}}